{"id":2999,"date":"2024-05-29T09:12:08","date_gmt":"2024-05-29T08:12:08","guid":{"rendered":"https:\/\/www.ariens.eu\/?page_id=2999"},"modified":"2025-03-19T08:58:17","modified_gmt":"2025-03-19T08:58:17","slug":"contact-formular","status":"publish","type":"page","link":"https:\/\/www.ariens.eu\/at\/contact-formular\/","title":{"rendered":"Kontakt"},"content":{"rendered":"","protected":false},"excerpt":{"rendered":"","protected":false},"author":3,"featured_media":4662,"parent":0,"menu_order":0,"comment_status":"closed","ping_status":"closed","template":"","meta":{"_acf_changed":false,"_relevanssi_hide_post":"","_relevanssi_hide_content":"","_relevanssi_pin_for_all":"","_relevanssi_pin_keywords":"","_relevanssi_unpin_keywords":"","_relevanssi_related_keywords":"","_relevanssi_related_include_ids":"","_relevanssi_related_exclude_ids":"","_relevanssi_related_no_append":"","_relevanssi_related_not_related":"","_relevanssi_related_posts":"","_relevanssi_noindex_reason":"","footnotes":""},"class_list":["post-2999","page","type-page","status-publish","has-post-thumbnail","hentry"],"acf":[],"yoast_head":"<!-- This site is optimized with the Yoast SEO plugin v27.3 - https:\/\/yoast.com\/product\/yoast-seo-wordpress\/ -->\n<title>Kontaktieren Sie Ariens | Expertenrat und H\u00e4ndlerunterst\u00fctzung<\/title>\n<meta name=\"description\" content=\"Nehmen Sie Kontakt mit Ariens auf! Egal, ob Sie Fragen zu unseren Produkten haben, fachkundige Beratung ben\u00f6tigen oder Kontakt zu einem H\u00e4ndler vor Ort aufnehmen m\u00f6chten \u2013 unser Team leitet Ihre Anfrage an den richtigen Spezialisten f\u00fcr Ihre Region weiter.\" \/>\n<meta name=\"robots\" content=\"index, follow, max-snippet:-1, max-image-preview:large, max-video-preview:-1\" \/>\n<link rel=\"canonical\" href=\"https:\/\/www.ariens.eu\/at\/contact-formular\/\" \/>\n<meta property=\"og:locale\" content=\"de_DE\" \/>\n<meta property=\"og:type\" content=\"article\" \/>\n<meta property=\"og:title\" content=\"Kontaktieren Sie Ariens | Expertenrat und H\u00e4ndlerunterst\u00fctzung\" \/>\n<meta property=\"og:description\" content=\"Nehmen Sie Kontakt mit Ariens auf! Egal, ob Sie Fragen zu unseren Produkten haben, fachkundige Beratung ben\u00f6tigen oder Kontakt zu einem H\u00e4ndler vor Ort aufnehmen m\u00f6chten \u2013 unser Team leitet Ihre Anfrage an den richtigen Spezialisten f\u00fcr Ihre Region weiter.\" \/>\n<meta property=\"og:url\" content=\"https:\/\/www.ariens.eu\/at\/contact-formular\/\" \/>\n<meta property=\"og:site_name\" content=\"Ariens | EMEAA\" \/>\n<meta property=\"article:modified_time\" content=\"2025-03-19T08:58:17+00:00\" \/>\n<meta property=\"og:image\" content=\"https:\/\/www.ariens.eu\/at\/wp-content\/uploads\/sites\/10\/2025\/03\/ariens-contact-og-image.jpg\" \/>\n\t<meta property=\"og:image:width\" content=\"1200\" \/>\n\t<meta property=\"og:image:height\" content=\"630\" \/>\n\t<meta property=\"og:image:type\" content=\"image\/jpeg\" \/>\n<meta name=\"twitter:card\" content=\"summary_large_image\" \/>\n<meta name=\"twitter:label1\" content=\"Gesch\u00e4tzte Lesezeit\" \/>\n\t<meta name=\"twitter:data1\" content=\"1\u00a0Minute\" \/>\n<script type=\"application\/ld+json\" class=\"yoast-schema-graph\">{\"@context\":\"https:\\\/\\\/schema.org\",\"@graph\":[{\"@type\":\"WebPage\",\"@id\":\"https:\\\/\\\/www.ariens.eu\\\/at\\\/contact-formular\\\/\",\"url\":\"https:\\\/\\\/www.ariens.eu\\\/at\\\/contact-formular\\\/\",\"name\":\"Kontaktieren Sie Ariens | Expertenrat und H\u00e4ndlerunterst\u00fctzung\",\"isPartOf\":{\"@id\":\"https:\\\/\\\/www.ariens.eu\\\/at\\\/#website\"},\"primaryImageOfPage\":{\"@id\":\"https:\\\/\\\/www.ariens.eu\\\/at\\\/contact-formular\\\/#primaryimage\"},\"image\":{\"@id\":\"https:\\\/\\\/www.ariens.eu\\\/at\\\/contact-formular\\\/#primaryimage\"},\"thumbnailUrl\":\"https:\\\/\\\/www.ariens.eu\\\/at\\\/wp-content\\\/uploads\\\/sites\\\/10\\\/2025\\\/03\\\/ariens-contact-og-image.jpg\",\"datePublished\":\"2024-05-29T08:12:08+00:00\",\"dateModified\":\"2025-03-19T08:58:17+00:00\",\"description\":\"Nehmen Sie Kontakt mit Ariens auf! Egal, ob Sie Fragen zu unseren Produkten haben, fachkundige Beratung ben\u00f6tigen oder Kontakt zu einem H\u00e4ndler vor Ort aufnehmen m\u00f6chten \u2013 unser Team leitet Ihre Anfrage an den richtigen Spezialisten f\u00fcr Ihre Region weiter.\",\"breadcrumb\":{\"@id\":\"https:\\\/\\\/www.ariens.eu\\\/at\\\/contact-formular\\\/#breadcrumb\"},\"inLanguage\":\"de\",\"potentialAction\":[{\"@type\":\"ReadAction\",\"target\":[\"https:\\\/\\\/www.ariens.eu\\\/at\\\/contact-formular\\\/\"]}]},{\"@type\":\"ImageObject\",\"inLanguage\":\"de\",\"@id\":\"https:\\\/\\\/www.ariens.eu\\\/at\\\/contact-formular\\\/#primaryimage\",\"url\":\"https:\\\/\\\/www.ariens.eu\\\/at\\\/wp-content\\\/uploads\\\/sites\\\/10\\\/2025\\\/03\\\/ariens-contact-og-image.jpg\",\"contentUrl\":\"https:\\\/\\\/www.ariens.eu\\\/at\\\/wp-content\\\/uploads\\\/sites\\\/10\\\/2025\\\/03\\\/ariens-contact-og-image.jpg\",\"width\":1200,\"height\":630,\"caption\":\"Ariens Contact page, illustrative image of a Zero-Turn mower and contact icons like telephone, mail etc\"},{\"@type\":\"BreadcrumbList\",\"@id\":\"https:\\\/\\\/www.ariens.eu\\\/at\\\/contact-formular\\\/#breadcrumb\",\"itemListElement\":[{\"@type\":\"ListItem\",\"position\":1,\"name\":\"Home\",\"item\":\"https:\\\/\\\/www.ariens.eu\\\/at\\\/\"},{\"@type\":\"ListItem\",\"position\":2,\"name\":\"Kontakt\"}]},{\"@type\":\"WebSite\",\"@id\":\"https:\\\/\\\/www.ariens.eu\\\/at\\\/#website\",\"url\":\"https:\\\/\\\/www.ariens.eu\\\/at\\\/\",\"name\":\"Ariens | EMEAA\",\"description\":\"Powerful and reliable zero-turn mowers &amp; snow blowers for professional users and demanding private customers\",\"potentialAction\":[{\"@type\":\"SearchAction\",\"target\":{\"@type\":\"EntryPoint\",\"urlTemplate\":\"https:\\\/\\\/www.ariens.eu\\\/at\\\/?s={search_term_string}\"},\"query-input\":{\"@type\":\"PropertyValueSpecification\",\"valueRequired\":true,\"valueName\":\"search_term_string\"}}],\"inLanguage\":\"de\"}]}<\/script>\n<!-- \/ Yoast SEO plugin. -->","yoast_head_json":{"title":"Kontaktieren Sie Ariens | Expertenrat und H\u00e4ndlerunterst\u00fctzung","description":"Nehmen Sie Kontakt mit Ariens auf! Egal, ob Sie Fragen zu unseren Produkten haben, fachkundige Beratung ben\u00f6tigen oder Kontakt zu einem H\u00e4ndler vor Ort aufnehmen m\u00f6chten \u2013 unser Team leitet Ihre Anfrage an den richtigen Spezialisten f\u00fcr Ihre Region weiter.","robots":{"index":"index","follow":"follow","max-snippet":"max-snippet:-1","max-image-preview":"max-image-preview:large","max-video-preview":"max-video-preview:-1"},"canonical":"https:\/\/www.ariens.eu\/at\/contact-formular\/","og_locale":"de_DE","og_type":"article","og_title":"Kontaktieren Sie Ariens | Expertenrat und H\u00e4ndlerunterst\u00fctzung","og_description":"Nehmen Sie Kontakt mit Ariens auf! Egal, ob Sie Fragen zu unseren Produkten haben, fachkundige Beratung ben\u00f6tigen oder Kontakt zu einem H\u00e4ndler vor Ort aufnehmen m\u00f6chten \u2013 unser Team leitet Ihre Anfrage an den richtigen Spezialisten f\u00fcr Ihre Region weiter.","og_url":"https:\/\/www.ariens.eu\/at\/contact-formular\/","og_site_name":"Ariens | EMEAA","article_modified_time":"2025-03-19T08:58:17+00:00","og_image":[{"width":1200,"height":630,"url":"https:\/\/www.ariens.eu\/at\/wp-content\/uploads\/sites\/10\/2025\/03\/ariens-contact-og-image.jpg","type":"image\/jpeg"}],"twitter_card":"summary_large_image","twitter_misc":{"Gesch\u00e4tzte Lesezeit":"1\u00a0Minute"},"schema":{"@context":"https:\/\/schema.org","@graph":[{"@type":"WebPage","@id":"https:\/\/www.ariens.eu\/at\/contact-formular\/","url":"https:\/\/www.ariens.eu\/at\/contact-formular\/","name":"Kontaktieren Sie Ariens | Expertenrat und H\u00e4ndlerunterst\u00fctzung","isPartOf":{"@id":"https:\/\/www.ariens.eu\/at\/#website"},"primaryImageOfPage":{"@id":"https:\/\/www.ariens.eu\/at\/contact-formular\/#primaryimage"},"image":{"@id":"https:\/\/www.ariens.eu\/at\/contact-formular\/#primaryimage"},"thumbnailUrl":"https:\/\/www.ariens.eu\/at\/wp-content\/uploads\/sites\/10\/2025\/03\/ariens-contact-og-image.jpg","datePublished":"2024-05-29T08:12:08+00:00","dateModified":"2025-03-19T08:58:17+00:00","description":"Nehmen Sie Kontakt mit Ariens auf! Egal, ob Sie Fragen zu unseren Produkten haben, fachkundige Beratung ben\u00f6tigen oder Kontakt zu einem H\u00e4ndler vor Ort aufnehmen m\u00f6chten \u2013 unser Team leitet Ihre Anfrage an den richtigen Spezialisten f\u00fcr Ihre Region weiter.","breadcrumb":{"@id":"https:\/\/www.ariens.eu\/at\/contact-formular\/#breadcrumb"},"inLanguage":"de","potentialAction":[{"@type":"ReadAction","target":["https:\/\/www.ariens.eu\/at\/contact-formular\/"]}]},{"@type":"ImageObject","inLanguage":"de","@id":"https:\/\/www.ariens.eu\/at\/contact-formular\/#primaryimage","url":"https:\/\/www.ariens.eu\/at\/wp-content\/uploads\/sites\/10\/2025\/03\/ariens-contact-og-image.jpg","contentUrl":"https:\/\/www.ariens.eu\/at\/wp-content\/uploads\/sites\/10\/2025\/03\/ariens-contact-og-image.jpg","width":1200,"height":630,"caption":"Ariens Contact page, illustrative image of a Zero-Turn mower and contact icons like telephone, mail etc"},{"@type":"BreadcrumbList","@id":"https:\/\/www.ariens.eu\/at\/contact-formular\/#breadcrumb","itemListElement":[{"@type":"ListItem","position":1,"name":"Home","item":"https:\/\/www.ariens.eu\/at\/"},{"@type":"ListItem","position":2,"name":"Kontakt"}]},{"@type":"WebSite","@id":"https:\/\/www.ariens.eu\/at\/#website","url":"https:\/\/www.ariens.eu\/at\/","name":"Ariens | EMEAA","description":"Powerful and reliable zero-turn mowers &amp; snow blowers for professional users and demanding private customers","potentialAction":[{"@type":"SearchAction","target":{"@type":"EntryPoint","urlTemplate":"https:\/\/www.ariens.eu\/at\/?s={search_term_string}"},"query-input":{"@type":"PropertyValueSpecification","valueRequired":true,"valueName":"search_term_string"}}],"inLanguage":"de"}]}},"_links":{"self":[{"href":"https:\/\/www.ariens.eu\/at\/wp-json\/wp\/v2\/pages\/2999","targetHints":{"allow":["GET"]}}],"collection":[{"href":"https:\/\/www.ariens.eu\/at\/wp-json\/wp\/v2\/pages"}],"about":[{"href":"https:\/\/www.ariens.eu\/at\/wp-json\/wp\/v2\/types\/page"}],"author":[{"embeddable":true,"href":"https:\/\/www.ariens.eu\/at\/wp-json\/wp\/v2\/users\/3"}],"replies":[{"embeddable":true,"href":"https:\/\/www.ariens.eu\/at\/wp-json\/wp\/v2\/comments?post=2999"}],"version-history":[{"count":2,"href":"https:\/\/www.ariens.eu\/at\/wp-json\/wp\/v2\/pages\/2999\/revisions"}],"predecessor-version":[{"id":4664,"href":"https:\/\/www.ariens.eu\/at\/wp-json\/wp\/v2\/pages\/2999\/revisions\/4664"}],"wp:featuredmedia":[{"embeddable":true,"href":"https:\/\/www.ariens.eu\/at\/wp-json\/wp\/v2\/media\/4662"}],"wp:attachment":[{"href":"https:\/\/www.ariens.eu\/at\/wp-json\/wp\/v2\/media?parent=2999"}],"curies":[{"name":"wp","href":"https:\/\/api.w.org\/{rel}","templated":true}]}}