{"id":4665,"date":"2025-03-19T09:42:54","date_gmt":"2025-03-19T09:42:54","guid":{"rendered":"https:\/\/www.ariens.eu\/at\/?page_id=4665"},"modified":"2026-03-04T10:07:02","modified_gmt":"2026-03-04T10:07:02","slug":"vielen-dank","status":"publish","type":"page","link":"https:\/\/www.ariens.eu\/at\/vielen-dank\/","title":{"rendered":"Vielen Dank"},"content":{"rendered":"","protected":false},"excerpt":{"rendered":"","protected":false},"author":10,"featured_media":4670,"parent":0,"menu_order":0,"comment_status":"closed","ping_status":"closed","template":"","meta":{"_acf_changed":false,"_relevanssi_hide_post":"","_relevanssi_hide_content":"","_relevanssi_pin_for_all":"","_relevanssi_pin_keywords":"","_relevanssi_unpin_keywords":"","_relevanssi_related_keywords":"","_relevanssi_related_include_ids":"","_relevanssi_related_exclude_ids":"","_relevanssi_related_no_append":"","_relevanssi_related_not_related":"","_relevanssi_related_posts":"","_relevanssi_noindex_reason":"","footnotes":""},"class_list":["post-4665","page","type-page","status-publish","has-post-thumbnail","hentry"],"acf":[],"yoast_head":"<!-- This site is optimized with the Yoast SEO plugin v27.3 - https:\/\/yoast.com\/product\/yoast-seo-wordpress\/ -->\n<title>Vielen Dank f\u00fcr Ihre Kontaktaufnahme mit Ariens | Anfrage erhalten<\/title>\n<meta name=\"description\" content=\"Vielen Dank f\u00fcr Ihre Kontaktaufnahme mit Ariens! Unser Gebietsverkaufsleiter wird Ihre Anfrage pr\u00fcfen und Ihnen in K\u00fcrze weiterhelfen. Entdecken Sie unsere H\u00e4ndlersuche, unseren Katalog und unsere Expertentipps.\" \/>\n<meta name=\"robots\" content=\"index, follow, max-snippet:-1, max-image-preview:large, max-video-preview:-1\" \/>\n<link rel=\"canonical\" href=\"https:\/\/www.ariens.eu\/at\/vielen-dank\/\" \/>\n<meta property=\"og:locale\" content=\"de_DE\" \/>\n<meta property=\"og:type\" content=\"article\" \/>\n<meta property=\"og:title\" content=\"Vielen Dank f\u00fcr Ihre Kontaktaufnahme mit Ariens | Anfrage erhalten\" \/>\n<meta property=\"og:description\" content=\"Vielen Dank f\u00fcr Ihre Kontaktaufnahme mit Ariens! Unser Gebietsverkaufsleiter wird Ihre Anfrage pr\u00fcfen und Ihnen in K\u00fcrze weiterhelfen. Entdecken Sie unsere H\u00e4ndlersuche, unseren Katalog und unsere Expertentipps.\" \/>\n<meta property=\"og:url\" content=\"https:\/\/www.ariens.eu\/at\/vielen-dank\/\" \/>\n<meta property=\"og:site_name\" content=\"Ariens | EMEAA\" \/>\n<meta property=\"article:modified_time\" content=\"2026-03-04T10:07:02+00:00\" \/>\n<meta property=\"og:image\" content=\"https:\/\/www.ariens.eu\/at\/wp-content\/uploads\/sites\/10\/2025\/03\/ariens-thank-you-og-image.jpg\" \/>\n\t<meta property=\"og:image:width\" content=\"1200\" \/>\n\t<meta property=\"og:image:height\" content=\"630\" \/>\n\t<meta property=\"og:image:type\" content=\"image\/jpeg\" \/>\n<meta name=\"twitter:card\" content=\"summary_large_image\" \/>\n<meta name=\"twitter:label1\" content=\"Gesch\u00e4tzte Lesezeit\" \/>\n\t<meta name=\"twitter:data1\" content=\"1\u00a0Minute\" \/>\n<script type=\"application\/ld+json\" class=\"yoast-schema-graph\">{\"@context\":\"https:\\\/\\\/schema.org\",\"@graph\":[{\"@type\":\"WebPage\",\"@id\":\"https:\\\/\\\/www.ariens.eu\\\/at\\\/vielen-dank\\\/\",\"url\":\"https:\\\/\\\/www.ariens.eu\\\/at\\\/vielen-dank\\\/\",\"name\":\"Vielen Dank f\u00fcr Ihre Kontaktaufnahme mit Ariens | Anfrage erhalten\",\"isPartOf\":{\"@id\":\"https:\\\/\\\/www.ariens.eu\\\/at\\\/#website\"},\"primaryImageOfPage\":{\"@id\":\"https:\\\/\\\/www.ariens.eu\\\/at\\\/vielen-dank\\\/#primaryimage\"},\"image\":{\"@id\":\"https:\\\/\\\/www.ariens.eu\\\/at\\\/vielen-dank\\\/#primaryimage\"},\"thumbnailUrl\":\"https:\\\/\\\/www.ariens.eu\\\/at\\\/wp-content\\\/uploads\\\/sites\\\/10\\\/2025\\\/03\\\/ariens-thank-you-og-image.jpg\",\"datePublished\":\"2025-03-19T09:42:54+00:00\",\"dateModified\":\"2026-03-04T10:07:02+00:00\",\"description\":\"Vielen Dank f\u00fcr Ihre Kontaktaufnahme mit Ariens! Unser Gebietsverkaufsleiter wird Ihre Anfrage pr\u00fcfen und Ihnen in K\u00fcrze weiterhelfen. Entdecken Sie unsere H\u00e4ndlersuche, unseren Katalog und unsere Expertentipps.\",\"breadcrumb\":{\"@id\":\"https:\\\/\\\/www.ariens.eu\\\/at\\\/vielen-dank\\\/#breadcrumb\"},\"inLanguage\":\"de\",\"potentialAction\":[{\"@type\":\"ReadAction\",\"target\":[\"https:\\\/\\\/www.ariens.eu\\\/at\\\/vielen-dank\\\/\"]}]},{\"@type\":\"ImageObject\",\"inLanguage\":\"de\",\"@id\":\"https:\\\/\\\/www.ariens.eu\\\/at\\\/vielen-dank\\\/#primaryimage\",\"url\":\"https:\\\/\\\/www.ariens.eu\\\/at\\\/wp-content\\\/uploads\\\/sites\\\/10\\\/2025\\\/03\\\/ariens-thank-you-og-image.jpg\",\"contentUrl\":\"https:\\\/\\\/www.ariens.eu\\\/at\\\/wp-content\\\/uploads\\\/sites\\\/10\\\/2025\\\/03\\\/ariens-thank-you-og-image.jpg\",\"width\":1200,\"height\":630,\"caption\":\"3\\\/4 shot from the back of an Ariens Zero-turn mower\"},{\"@type\":\"BreadcrumbList\",\"@id\":\"https:\\\/\\\/www.ariens.eu\\\/at\\\/vielen-dank\\\/#breadcrumb\",\"itemListElement\":[{\"@type\":\"ListItem\",\"position\":1,\"name\":\"Home\",\"item\":\"https:\\\/\\\/www.ariens.eu\\\/at\\\/\"},{\"@type\":\"ListItem\",\"position\":2,\"name\":\"Vielen Dank\"}]},{\"@type\":\"WebSite\",\"@id\":\"https:\\\/\\\/www.ariens.eu\\\/at\\\/#website\",\"url\":\"https:\\\/\\\/www.ariens.eu\\\/at\\\/\",\"name\":\"Ariens | EMEAA\",\"description\":\"Powerful and reliable zero-turn mowers &amp; snow blowers for professional users and demanding private customers\",\"potentialAction\":[{\"@type\":\"SearchAction\",\"target\":{\"@type\":\"EntryPoint\",\"urlTemplate\":\"https:\\\/\\\/www.ariens.eu\\\/at\\\/?s={search_term_string}\"},\"query-input\":{\"@type\":\"PropertyValueSpecification\",\"valueRequired\":true,\"valueName\":\"search_term_string\"}}],\"inLanguage\":\"de\"}]}<\/script>\n<!-- \/ Yoast SEO plugin. -->","yoast_head_json":{"title":"Vielen Dank f\u00fcr Ihre Kontaktaufnahme mit Ariens | Anfrage erhalten","description":"Vielen Dank f\u00fcr Ihre Kontaktaufnahme mit Ariens! Unser Gebietsverkaufsleiter wird Ihre Anfrage pr\u00fcfen und Ihnen in K\u00fcrze weiterhelfen. Entdecken Sie unsere H\u00e4ndlersuche, unseren Katalog und unsere Expertentipps.","robots":{"index":"index","follow":"follow","max-snippet":"max-snippet:-1","max-image-preview":"max-image-preview:large","max-video-preview":"max-video-preview:-1"},"canonical":"https:\/\/www.ariens.eu\/at\/vielen-dank\/","og_locale":"de_DE","og_type":"article","og_title":"Vielen Dank f\u00fcr Ihre Kontaktaufnahme mit Ariens | Anfrage erhalten","og_description":"Vielen Dank f\u00fcr Ihre Kontaktaufnahme mit Ariens! Unser Gebietsverkaufsleiter wird Ihre Anfrage pr\u00fcfen und Ihnen in K\u00fcrze weiterhelfen. Entdecken Sie unsere H\u00e4ndlersuche, unseren Katalog und unsere Expertentipps.","og_url":"https:\/\/www.ariens.eu\/at\/vielen-dank\/","og_site_name":"Ariens | EMEAA","article_modified_time":"2026-03-04T10:07:02+00:00","og_image":[{"width":1200,"height":630,"url":"https:\/\/www.ariens.eu\/at\/wp-content\/uploads\/sites\/10\/2025\/03\/ariens-thank-you-og-image.jpg","type":"image\/jpeg"}],"twitter_card":"summary_large_image","twitter_misc":{"Gesch\u00e4tzte Lesezeit":"1\u00a0Minute"},"schema":{"@context":"https:\/\/schema.org","@graph":[{"@type":"WebPage","@id":"https:\/\/www.ariens.eu\/at\/vielen-dank\/","url":"https:\/\/www.ariens.eu\/at\/vielen-dank\/","name":"Vielen Dank f\u00fcr Ihre Kontaktaufnahme mit Ariens | Anfrage erhalten","isPartOf":{"@id":"https:\/\/www.ariens.eu\/at\/#website"},"primaryImageOfPage":{"@id":"https:\/\/www.ariens.eu\/at\/vielen-dank\/#primaryimage"},"image":{"@id":"https:\/\/www.ariens.eu\/at\/vielen-dank\/#primaryimage"},"thumbnailUrl":"https:\/\/www.ariens.eu\/at\/wp-content\/uploads\/sites\/10\/2025\/03\/ariens-thank-you-og-image.jpg","datePublished":"2025-03-19T09:42:54+00:00","dateModified":"2026-03-04T10:07:02+00:00","description":"Vielen Dank f\u00fcr Ihre Kontaktaufnahme mit Ariens! Unser Gebietsverkaufsleiter wird Ihre Anfrage pr\u00fcfen und Ihnen in K\u00fcrze weiterhelfen. Entdecken Sie unsere H\u00e4ndlersuche, unseren Katalog und unsere Expertentipps.","breadcrumb":{"@id":"https:\/\/www.ariens.eu\/at\/vielen-dank\/#breadcrumb"},"inLanguage":"de","potentialAction":[{"@type":"ReadAction","target":["https:\/\/www.ariens.eu\/at\/vielen-dank\/"]}]},{"@type":"ImageObject","inLanguage":"de","@id":"https:\/\/www.ariens.eu\/at\/vielen-dank\/#primaryimage","url":"https:\/\/www.ariens.eu\/at\/wp-content\/uploads\/sites\/10\/2025\/03\/ariens-thank-you-og-image.jpg","contentUrl":"https:\/\/www.ariens.eu\/at\/wp-content\/uploads\/sites\/10\/2025\/03\/ariens-thank-you-og-image.jpg","width":1200,"height":630,"caption":"3\/4 shot from the back of an Ariens Zero-turn mower"},{"@type":"BreadcrumbList","@id":"https:\/\/www.ariens.eu\/at\/vielen-dank\/#breadcrumb","itemListElement":[{"@type":"ListItem","position":1,"name":"Home","item":"https:\/\/www.ariens.eu\/at\/"},{"@type":"ListItem","position":2,"name":"Vielen Dank"}]},{"@type":"WebSite","@id":"https:\/\/www.ariens.eu\/at\/#website","url":"https:\/\/www.ariens.eu\/at\/","name":"Ariens | EMEAA","description":"Powerful and reliable zero-turn mowers &amp; snow blowers for professional users and demanding private customers","potentialAction":[{"@type":"SearchAction","target":{"@type":"EntryPoint","urlTemplate":"https:\/\/www.ariens.eu\/at\/?s={search_term_string}"},"query-input":{"@type":"PropertyValueSpecification","valueRequired":true,"valueName":"search_term_string"}}],"inLanguage":"de"}]}},"_links":{"self":[{"href":"https:\/\/www.ariens.eu\/at\/wp-json\/wp\/v2\/pages\/4665","targetHints":{"allow":["GET"]}}],"collection":[{"href":"https:\/\/www.ariens.eu\/at\/wp-json\/wp\/v2\/pages"}],"about":[{"href":"https:\/\/www.ariens.eu\/at\/wp-json\/wp\/v2\/types\/page"}],"author":[{"embeddable":true,"href":"https:\/\/www.ariens.eu\/at\/wp-json\/wp\/v2\/users\/10"}],"replies":[{"embeddable":true,"href":"https:\/\/www.ariens.eu\/at\/wp-json\/wp\/v2\/comments?post=4665"}],"version-history":[{"count":2,"href":"https:\/\/www.ariens.eu\/at\/wp-json\/wp\/v2\/pages\/4665\/revisions"}],"predecessor-version":[{"id":5343,"href":"https:\/\/www.ariens.eu\/at\/wp-json\/wp\/v2\/pages\/4665\/revisions\/5343"}],"wp:featuredmedia":[{"embeddable":true,"href":"https:\/\/www.ariens.eu\/at\/wp-json\/wp\/v2\/media\/4670"}],"wp:attachment":[{"href":"https:\/\/www.ariens.eu\/at\/wp-json\/wp\/v2\/media?parent=4665"}],"curies":[{"name":"wp","href":"https:\/\/api.w.org\/{rel}","templated":true}]}}