{"id":2303,"date":"2024-05-10T11:04:35","date_gmt":"2024-05-10T10:04:35","guid":{"rendered":"https:\/\/www.ariens.eu\/product\/mammoth-850\/"},"modified":"2026-01-06T12:10:30","modified_gmt":"2026-01-06T12:10:30","slug":"mammoth-850","status":"publish","type":"product","link":"https:\/\/www.ariens.eu\/at\/produkt\/schneefraesen\/mammoth-850-serie\/mammoth-850","title":{"rendered":"MAMMOTH 850"},"content":{"rendered":"<div class=\"acfd-block acfd-block__twocolumns mb-asm-1 container-fluid px-0 bg-default\">\n<div class=\"acfd-twocolumns\">\n<div class=\"row\">\n<div class='col-lg-9 mb-4'>\n<div class=\"acfd-block acfd-block__headline container-fluid px-0 bg-default\">\n<div class=\"acfd-headline\" >\n<h2 class='h2 text-left'>Der vielseitige Ger\u00e4tetr\u00e4ger f\u00fcr den Winterdienst.<\/h2>\n<\/p><\/div>\n<\/div><\/div>\n<div class='col-lg'>                    <\/div>\n<\/p><\/div>\n<\/div>\n<\/div>\n<div class=\"acfd-block acfd-block__twocolumns mb-asm-2 container-fluid px-0 bg-default\">\n<div class=\"acfd-twocolumns\">\n<div class=\"row\">\n<div class='col-lg-9 mb-4'>\n<div class=\"acfd-block acfd-block__text container-fluid px-0 bg-default\">\n<div class=\"acfd-text\">\n<p>Die Mammoth-Serie von Ariens ist ein erstklassiges Hochleistungs-Schneer\u00e4umfahrzeug, das f\u00fcr die anspruchsvollsten Aufgaben entwickelt wurde. Ausgestattet mit einem leistungsstarken 28,5 PS Kawasaki 850V-EFI-Motor, bietet er un\u00fcbertroffene Effizienz und St\u00e4rke bei der Schneer\u00e4umung. Sein Allradantrieb, der von robusten 22-Zoll-Terra-Trac-Reifen unterst\u00fctzt wird, sorgt f\u00fcr au\u00dfergew\u00f6hnliche Traktion und Man\u00f6vrierf\u00e4higkeit in schwierigen Schneelandschaften. Die Mammoth-Serie bietet verschiedene Anbauger\u00e4te wie R\u00e4umschilder und Schneefr\u00e4sen f\u00fcr die unterschiedlichsten Schneer\u00e4umungsanforderungen. Diese Vielseitigkeit und Leistung machen sie zur ersten Wahl f\u00fcr professionelle und kommerzielle Schneer\u00e4umungsarbeiten.<\/p>\n<p><strong>Leistungsstarker Motor:<\/strong> Ausgestattet mit einem 28,5-PS-Kawasaki 850V-EFI-Motor f\u00fcr effiziente, leistungsstarke Schneer\u00e4umung.<\/p>\n<p><strong>Erweiterte Traktion:<\/strong> Der Allradantrieb mit 22-Zoll-Terra-Trac-Reifen sorgt f\u00fcr hervorragende Man\u00f6vrierf\u00e4higkeit bei verschneiten Bedingungen.<\/p>\n<p><strong>Vielseitige Anbauger\u00e4te:<\/strong> Bietet eine Reihe von Anbauger\u00e4ten, darunter Pflugscharen und Schneefr\u00e4sen, die sich perfekt f\u00fcr verschiedene Arten von Schneer\u00e4umungsaufgaben eignen.<\/p>\n<\/div>\n<\/div><\/div>\n<div class='col-lg'>                    <\/div>\n<\/p><\/div>\n<\/div>\n<\/div>\n<div class=\"acfd-block acfd-block__twocolumns mb-asm-2 container-fluid container-fluid--force px-0 bg-default\">\n<div class=\"acfd-twocolumns\">\n<div class=\"row\">\n<div class='col-lg-12 mb-4'>\n<div class=\"acfd-product-advantages--wrapper\">\n<h2 class=\"h1 bigger text-color-black text-center mb-5\">\n        Merkmale &#038; Vorteile    <\/h2>\n<div class=\"acfd-product-advantages\">\n<div class=\"row\">\n<div class=\"col-md-6 mb-4 content\">\n                    <span class=\"d-block h5 text-color-brand mb-1\">Klassenbester Motor<\/span><\/p>\n<p>Kawasaki 850V-EFI-Motor mit 29,5 PS und elektronischer Kraftstoffeinspritzung f\u00fcr kalte Tage und zuverl\u00e4ssiges Starten.<\/p>\n<\/p><\/div>\n<div class=\"col-md-6 mb4 image\"  style=\"background-image:url(https:\/\/www.ariens.eu\/at\/wp-content\/uploads\/sites\/3\/2024\/05\/mammoth-herofeature1-efi-engine.png)\">\n                <\/div>\n<\/p><\/div>\n<div class=\"row\">\n<div class=\"col-md-6 mb-4 content\">\n                    <span class=\"d-block h5 text-color-brand mb-1\">Vierradantrieb<\/span><\/p>\n<p>Parker HP2-Pumpen und Parker-Motoren sorgen f\u00fcr Kraft und Kontrolle auf allen vier R\u00e4dern.<\/p>\n<\/p><\/div>\n<div class=\"col-md-6 mb4 image\"  style=\"background-image:url(https:\/\/www.ariens.eu\/at\/wp-content\/uploads\/sites\/3\/2024\/05\/mammoth-herofeature2-all-wheel-drive.png)\">\n                <\/div>\n<\/p><\/div>\n<div class=\"row\">\n<div class=\"col-md-6 mb-4 content\">\n                    <span class=\"d-block h5 text-color-brand mb-1\">Bequemes Layout des Armaturenbretts<\/span><\/p>\n<p>Die Steuerung erfolgt \u00fcber die Fingerspitzen. Eine Hand steuert, w\u00e4hrend die andere den Joystick des Anbauger\u00e4ts bedient. Beheizte Handgriffe geh\u00f6ren zur Standardausstattung.<\/p>\n<\/p><\/div>\n<div class=\"col-md-6 mb4 image\"  style=\"background-image:url(https:\/\/www.ariens.eu\/at\/wp-content\/uploads\/sites\/3\/2024\/05\/Thumb_Controls_and_Adjust_Speed_Controls.png)\">\n                <\/div>\n<\/p><\/div>\n<\/p><\/div>\n<\/div><\/div>\n<div class='col-lg'>                    <\/div>\n<\/p><\/div>\n<\/div>\n<\/div>\n","protected":false},"excerpt":{"rendered":"<p>Der vielseitige Ger\u00e4tetr\u00e4ger f\u00fcr den Winterdienst. Die Mammoth-Serie von Ariens ist ein erstklassiges Hochleistungs-Schneer\u00e4umfahrzeug, das f\u00fcr die anspruchsvollsten Aufgaben entwickelt wurde. Ausgestattet mit einem leistungsstarken 28,5 PS Kawasaki 850V-EFI-Motor, bietet er un\u00fcbertroffene Effizienz und St\u00e4rke bei der Schneer\u00e4umung. Sein Allradantrieb, der von robusten 22-Zoll-Terra-Trac-Reifen unterst\u00fctzt wird, sorgt f\u00fcr au\u00dfergew\u00f6hnliche Traktion und Man\u00f6vrierf\u00e4higkeit in schwierigen Schneelandschaften. [&hellip;]<\/p>\n","protected":false},"featured_media":2698,"comment_status":"open","ping_status":"closed","template":"","meta":{"_acf_changed":false,"_relevanssi_hide_post":"","_relevanssi_hide_content":"","_relevanssi_pin_for_all":"","_relevanssi_pin_keywords":"","_relevanssi_unpin_keywords":"","_relevanssi_related_keywords":"","_relevanssi_related_include_ids":"","_relevanssi_related_exclude_ids":"","_relevanssi_related_no_append":"","_relevanssi_related_not_related":"","_relevanssi_related_posts":"","_relevanssi_noindex_reason":""},"product_brand":[],"product_cat":[15],"product_tag":[],"class_list":{"0":"post-2303","1":"product","2":"type-product","3":"status-publish","4":"has-post-thumbnail","6":"product_variant-mammoth-850-serie","7":"product_usage_areas-kommunen-bauhoefe","8":"product_usage_areas-winterdienst","10":"first","11":"instock","12":"shipping-taxable","13":"product-type-simple"},"acf":[],"yoast_head":"<!-- This site is optimized with the Yoast SEO plugin v27.3 - https:\/\/yoast.com\/product\/yoast-seo-wordpress\/ -->\n<title>MAMMOTH\u2122 850 Series | Ariens<\/title>\n<meta name=\"description\" content=\"Entdecken Sie die Ariens MAMMOTH\u2122 Serie: Ein schweres Schneer\u00e4umfahrzeug mit einem leistungsstarken 28,5 PS Kawasaki-Motor, Allradantrieb und Terra-Trac-Reifen f\u00fcr un\u00fcbertroffene Schneer\u00e4umleistung und Vielseitigkeit.\" \/>\n<meta name=\"robots\" content=\"index, follow, max-snippet:-1, max-image-preview:large, max-video-preview:-1\" \/>\n<link rel=\"canonical\" href=\"https:\/\/www.ariens.eu\/at\/product\/schneefraesen\/mammoth-850-serie\/mammoth-850\/\" \/>\n<meta property=\"og:locale\" content=\"de_DE\" \/>\n<meta property=\"og:type\" content=\"article\" \/>\n<meta property=\"og:title\" content=\"MAMMOTH\u2122 850 Series | Ariens\" \/>\n<meta property=\"og:description\" content=\"Entdecken Sie die Ariens MAMMOTH\u2122 Serie: Ein schweres Schneer\u00e4umfahrzeug mit einem leistungsstarken 28,5 PS Kawasaki-Motor, Allradantrieb und Terra-Trac-Reifen f\u00fcr un\u00fcbertroffene Schneer\u00e4umleistung und Vielseitigkeit.\" \/>\n<meta property=\"og:url\" content=\"https:\/\/www.ariens.eu\/at\/product\/schneefraesen\/mammoth-850-serie\/mammoth-850\/\" \/>\n<meta property=\"og:site_name\" content=\"Ariens | EMEAA\" \/>\n<meta property=\"article:modified_time\" content=\"2026-01-06T12:10:30+00:00\" \/>\n<meta property=\"og:image\" content=\"https:\/\/www.ariens.eu\/at\/wp-content\/uploads\/sites\/10\/2024\/05\/951001-Mammoth-Standalone_FL34L-4000x3000-2d96997-2.webp\" \/>\n\t<meta property=\"og:image:width\" content=\"1280\" \/>\n\t<meta property=\"og:image:height\" content=\"960\" \/>\n\t<meta property=\"og:image:type\" content=\"image\/webp\" \/>\n<meta name=\"twitter:card\" content=\"summary_large_image\" \/>\n<meta name=\"twitter:label1\" content=\"Gesch\u00e4tzte Lesezeit\" \/>\n\t<meta name=\"twitter:data1\" content=\"2\u00a0Minuten\" \/>\n<script type=\"application\/ld+json\" class=\"yoast-schema-graph\">{\"@context\":\"https:\\\/\\\/schema.org\",\"@graph\":[{\"@type\":\"WebPage\",\"@id\":\"https:\\\/\\\/www.ariens.eu\\\/at\\\/product\\\/schneefraesen\\\/mammoth-850-serie\\\/mammoth-850\\\/\",\"url\":\"https:\\\/\\\/www.ariens.eu\\\/at\\\/product\\\/schneefraesen\\\/mammoth-850-serie\\\/mammoth-850\\\/\",\"name\":\"MAMMOTH\u2122 850 Series | Ariens\",\"isPartOf\":{\"@id\":\"https:\\\/\\\/www.ariens.eu\\\/at\\\/#website\"},\"primaryImageOfPage\":{\"@id\":\"https:\\\/\\\/www.ariens.eu\\\/at\\\/product\\\/schneefraesen\\\/mammoth-850-serie\\\/mammoth-850\\\/#primaryimage\"},\"image\":{\"@id\":\"https:\\\/\\\/www.ariens.eu\\\/at\\\/product\\\/schneefraesen\\\/mammoth-850-serie\\\/mammoth-850\\\/#primaryimage\"},\"thumbnailUrl\":\"https:\\\/\\\/www.ariens.eu\\\/at\\\/wp-content\\\/uploads\\\/sites\\\/10\\\/2024\\\/05\\\/951001-Mammoth-Standalone_FL34L-4000x3000-2d96997-2.webp\",\"datePublished\":\"2024-05-10T10:04:35+00:00\",\"dateModified\":\"2026-01-06T12:10:30+00:00\",\"description\":\"Entdecken Sie die Ariens MAMMOTH\u2122 Serie: Ein schweres Schneer\u00e4umfahrzeug mit einem leistungsstarken 28,5 PS Kawasaki-Motor, Allradantrieb und Terra-Trac-Reifen f\u00fcr un\u00fcbertroffene Schneer\u00e4umleistung und Vielseitigkeit.\",\"breadcrumb\":{\"@id\":\"https:\\\/\\\/www.ariens.eu\\\/at\\\/product\\\/schneefraesen\\\/mammoth-850-serie\\\/mammoth-850\\\/#breadcrumb\"},\"inLanguage\":\"de\",\"potentialAction\":[{\"@type\":\"ReadAction\",\"target\":[\"https:\\\/\\\/www.ariens.eu\\\/at\\\/product\\\/schneefraesen\\\/mammoth-850-serie\\\/mammoth-850\\\/\"]}]},{\"@type\":\"ImageObject\",\"inLanguage\":\"de\",\"@id\":\"https:\\\/\\\/www.ariens.eu\\\/at\\\/product\\\/schneefraesen\\\/mammoth-850-serie\\\/mammoth-850\\\/#primaryimage\",\"url\":\"https:\\\/\\\/www.ariens.eu\\\/at\\\/wp-content\\\/uploads\\\/sites\\\/10\\\/2024\\\/05\\\/951001-Mammoth-Standalone_FL34L-4000x3000-2d96997-2.webp\",\"contentUrl\":\"https:\\\/\\\/www.ariens.eu\\\/at\\\/wp-content\\\/uploads\\\/sites\\\/10\\\/2024\\\/05\\\/951001-Mammoth-Standalone_FL34L-4000x3000-2d96997-2.webp\",\"width\":1280,\"height\":960},{\"@type\":\"BreadcrumbList\",\"@id\":\"https:\\\/\\\/www.ariens.eu\\\/at\\\/product\\\/schneefraesen\\\/mammoth-850-serie\\\/mammoth-850\\\/#breadcrumb\",\"itemListElement\":[{\"@type\":\"ListItem\",\"position\":1,\"name\":\"Home\",\"item\":\"https:\\\/\\\/www.ariens.eu\\\/at\\\/\"},{\"@type\":\"ListItem\",\"position\":2,\"name\":\"Shop\",\"item\":\"https:\\\/\\\/www.ariens.eu\\\/at\\\/shop\\\/\"},{\"@type\":\"ListItem\",\"position\":3,\"name\":\"Mammoth 850\"}]},{\"@type\":\"WebSite\",\"@id\":\"https:\\\/\\\/www.ariens.eu\\\/at\\\/#website\",\"url\":\"https:\\\/\\\/www.ariens.eu\\\/at\\\/\",\"name\":\"Ariens | EMEAA\",\"description\":\"Powerful and reliable zero-turn mowers &amp; snow blowers for professional users and demanding private customers\",\"potentialAction\":[{\"@type\":\"SearchAction\",\"target\":{\"@type\":\"EntryPoint\",\"urlTemplate\":\"https:\\\/\\\/www.ariens.eu\\\/at\\\/?s={search_term_string}\"},\"query-input\":{\"@type\":\"PropertyValueSpecification\",\"valueRequired\":true,\"valueName\":\"search_term_string\"}}],\"inLanguage\":\"de\"}]}<\/script>\n<!-- \/ Yoast SEO plugin. -->","yoast_head_json":{"title":"MAMMOTH\u2122 850 Series | Ariens","description":"Entdecken Sie die Ariens MAMMOTH\u2122 Serie: Ein schweres Schneer\u00e4umfahrzeug mit einem leistungsstarken 28,5 PS Kawasaki-Motor, Allradantrieb und Terra-Trac-Reifen f\u00fcr un\u00fcbertroffene Schneer\u00e4umleistung und Vielseitigkeit.","robots":{"index":"index","follow":"follow","max-snippet":"max-snippet:-1","max-image-preview":"max-image-preview:large","max-video-preview":"max-video-preview:-1"},"canonical":"https:\/\/www.ariens.eu\/at\/product\/schneefraesen\/mammoth-850-serie\/mammoth-850\/","og_locale":"de_DE","og_type":"article","og_title":"MAMMOTH\u2122 850 Series | Ariens","og_description":"Entdecken Sie die Ariens MAMMOTH\u2122 Serie: Ein schweres Schneer\u00e4umfahrzeug mit einem leistungsstarken 28,5 PS Kawasaki-Motor, Allradantrieb und Terra-Trac-Reifen f\u00fcr un\u00fcbertroffene Schneer\u00e4umleistung und Vielseitigkeit.","og_url":"https:\/\/www.ariens.eu\/at\/product\/schneefraesen\/mammoth-850-serie\/mammoth-850\/","og_site_name":"Ariens | EMEAA","article_modified_time":"2026-01-06T12:10:30+00:00","og_image":[{"width":1280,"height":960,"url":"https:\/\/www.ariens.eu\/at\/wp-content\/uploads\/sites\/10\/2024\/05\/951001-Mammoth-Standalone_FL34L-4000x3000-2d96997-2.webp","type":"image\/webp"}],"twitter_card":"summary_large_image","twitter_misc":{"Gesch\u00e4tzte Lesezeit":"2\u00a0Minuten"},"schema":{"@context":"https:\/\/schema.org","@graph":[{"@type":"WebPage","@id":"https:\/\/www.ariens.eu\/at\/product\/schneefraesen\/mammoth-850-serie\/mammoth-850\/","url":"https:\/\/www.ariens.eu\/at\/product\/schneefraesen\/mammoth-850-serie\/mammoth-850\/","name":"MAMMOTH\u2122 850 Series | Ariens","isPartOf":{"@id":"https:\/\/www.ariens.eu\/at\/#website"},"primaryImageOfPage":{"@id":"https:\/\/www.ariens.eu\/at\/product\/schneefraesen\/mammoth-850-serie\/mammoth-850\/#primaryimage"},"image":{"@id":"https:\/\/www.ariens.eu\/at\/product\/schneefraesen\/mammoth-850-serie\/mammoth-850\/#primaryimage"},"thumbnailUrl":"https:\/\/www.ariens.eu\/at\/wp-content\/uploads\/sites\/10\/2024\/05\/951001-Mammoth-Standalone_FL34L-4000x3000-2d96997-2.webp","datePublished":"2024-05-10T10:04:35+00:00","dateModified":"2026-01-06T12:10:30+00:00","description":"Entdecken Sie die Ariens MAMMOTH\u2122 Serie: Ein schweres Schneer\u00e4umfahrzeug mit einem leistungsstarken 28,5 PS Kawasaki-Motor, Allradantrieb und Terra-Trac-Reifen f\u00fcr un\u00fcbertroffene Schneer\u00e4umleistung und Vielseitigkeit.","breadcrumb":{"@id":"https:\/\/www.ariens.eu\/at\/product\/schneefraesen\/mammoth-850-serie\/mammoth-850\/#breadcrumb"},"inLanguage":"de","potentialAction":[{"@type":"ReadAction","target":["https:\/\/www.ariens.eu\/at\/product\/schneefraesen\/mammoth-850-serie\/mammoth-850\/"]}]},{"@type":"ImageObject","inLanguage":"de","@id":"https:\/\/www.ariens.eu\/at\/product\/schneefraesen\/mammoth-850-serie\/mammoth-850\/#primaryimage","url":"https:\/\/www.ariens.eu\/at\/wp-content\/uploads\/sites\/10\/2024\/05\/951001-Mammoth-Standalone_FL34L-4000x3000-2d96997-2.webp","contentUrl":"https:\/\/www.ariens.eu\/at\/wp-content\/uploads\/sites\/10\/2024\/05\/951001-Mammoth-Standalone_FL34L-4000x3000-2d96997-2.webp","width":1280,"height":960},{"@type":"BreadcrumbList","@id":"https:\/\/www.ariens.eu\/at\/product\/schneefraesen\/mammoth-850-serie\/mammoth-850\/#breadcrumb","itemListElement":[{"@type":"ListItem","position":1,"name":"Home","item":"https:\/\/www.ariens.eu\/at\/"},{"@type":"ListItem","position":2,"name":"Shop","item":"https:\/\/www.ariens.eu\/at\/shop\/"},{"@type":"ListItem","position":3,"name":"Mammoth 850"}]},{"@type":"WebSite","@id":"https:\/\/www.ariens.eu\/at\/#website","url":"https:\/\/www.ariens.eu\/at\/","name":"Ariens | EMEAA","description":"Powerful and reliable zero-turn mowers &amp; snow blowers for professional users and demanding private customers","potentialAction":[{"@type":"SearchAction","target":{"@type":"EntryPoint","urlTemplate":"https:\/\/www.ariens.eu\/at\/?s={search_term_string}"},"query-input":{"@type":"PropertyValueSpecification","valueRequired":true,"valueName":"search_term_string"}}],"inLanguage":"de"}]}},"_links":{"self":[{"href":"https:\/\/www.ariens.eu\/at\/wp-json\/wp\/v2\/product\/2303","targetHints":{"allow":["GET"]}}],"collection":[{"href":"https:\/\/www.ariens.eu\/at\/wp-json\/wp\/v2\/product"}],"about":[{"href":"https:\/\/www.ariens.eu\/at\/wp-json\/wp\/v2\/types\/product"}],"replies":[{"embeddable":true,"href":"https:\/\/www.ariens.eu\/at\/wp-json\/wp\/v2\/comments?post=2303"}],"wp:featuredmedia":[{"embeddable":true,"href":"https:\/\/www.ariens.eu\/at\/wp-json\/wp\/v2\/media\/2698"}],"wp:attachment":[{"href":"https:\/\/www.ariens.eu\/at\/wp-json\/wp\/v2\/media?parent=2303"}],"wp:term":[{"taxonomy":"product_brand","embeddable":true,"href":"https:\/\/www.ariens.eu\/at\/wp-json\/wp\/v2\/product_brand?post=2303"},{"taxonomy":"product_cat","embeddable":true,"href":"https:\/\/www.ariens.eu\/at\/wp-json\/wp\/v2\/product_cat?post=2303"},{"taxonomy":"product_tag","embeddable":true,"href":"https:\/\/www.ariens.eu\/at\/wp-json\/wp\/v2\/product_tag?post=2303"}],"curies":[{"name":"wp","href":"https:\/\/api.w.org\/{rel}","templated":true}]}}