{"id":2307,"date":"2024-05-10T11:04:35","date_gmt":"2024-05-10T10:04:35","guid":{"rendered":"https:\/\/www.ariens.eu\/product\/hydro-pro-32-kranken-edition\/"},"modified":"2026-01-06T09:31:33","modified_gmt":"2026-01-06T09:31:33","slug":"hydro-pro-32-rapidtrak-kraken-edition","status":"publish","type":"product","link":"https:\/\/www.ariens.eu\/at\/produkt\/schneefraesen\/professional-serie\/hydro-pro-32-rapidtrak-kraken-edition","title":{"rendered":"HYDRO PRO 32 RAPIDTRAK KRAKEN EDITION"},"content":{"rendered":"<div class=\"acfd-block acfd-block__twocolumns mb-asm-1 container-fluid px-0 bg-default\">\n<div class=\"acfd-twocolumns\">\n<div class=\"row\">\n<div class='col-lg-9 mb-4'>\n<div class=\"acfd-block acfd-block__headline container-fluid px-0 bg-default\">\n<div class=\"acfd-headline\" >\n<h2 class='h2 text-left'>Der komfortabelste Weg Berge von Schnee zu r\u00e4umen<\/h2>\n<\/p><\/div>\n<\/div><\/div>\n<div class='col-lg'>                    <\/div>\n<\/p><\/div>\n<\/div>\n<\/div>\n<div class=\"acfd-block acfd-block__twocolumns mb-asm-2 container-fluid px-0 bg-default\">\n<div class=\"acfd-twocolumns\">\n<div class=\"row\">\n<div class='col-lg-9 mb-4'>\n<div class=\"acfd-block acfd-block__text container-fluid px-0 bg-default\">\n<div class=\"acfd-text\">\n<p>Milliarden von Schneeflocken gegen eine Maschine. Ist genau richtig. Haben Sie Massen von Schnee voll im Griff. Die tiefsten, schwersten Schneef\u00e4lle sind in dem Moment vorbei, in dem Sie diesen 420-cm3-Motor anwerfen. Sie m\u00fcssen kein Profi sein, um eine solche Maschine zu besitzen. Sie m\u00fcssen nur den Wunsch haben, so viel Schnee wie m\u00f6glich in so kurzer Zeit wie m\u00f6glich zu r\u00e4umen. Fr\u00e4sen und r\u00e4umen Sie wie die Profis.<\/p>\n<p>Sie haben ein echtes Problem mit Schnee. Dann ist die HYDRO PRO 32 RAPIDTRACK KRAKEN EDITION genau die richtige Schneefr\u00e4se.<\/p>\n<ul>\n<li><strong>Elektrische Raupenverstellung:<\/strong> Schnelles Umschalten zwischen Rad-, Raupen- und Baggermodus per Tastendruck.<\/li>\n<li><strong>Elektrische Verstellung des Auswurf Kamins per Joystick:<\/strong> Bewegen Sie den Auswurf blitzschnell und einfach, ohne die Hand vom Lenker zu nehmen.<\/li>\n<li><strong>360\u00b0 LED-Beleuchtung:<\/strong> Beleuchten Sie die Nacht mit einem 53 cm langen LED-Lichtbalken, LED-Auswurf Beleuchtung und nach unten gerichteter LED-Beleuchtung, um den Boden um Sie herum zu beleuchten.<\/li>\n<li><strong>Auto-Turn-Lenkung:<\/strong> M\u00fchelose Lenkung mit Null-Grad-Wenderadius. Eine echte Ariens Erfindung.<br \/>\nSchleuderrad: Ein gro\u00dfes 36-Zoll-Wurfrad zerkleinert fein und beseitigt m\u00fchelos gro\u00dfe Schneemengen.<\/li>\n<li><strong>Schleuderrad:<\/strong> Ein gro\u00dfes 36-Zoll-Wurfrad zerkleinert fein und beseitigt m\u00fchelos gro\u00dfe Schneemengen.<\/li>\n<li><strong>Hydrostatischer Antrieb:<\/strong> Erh\u00f6hen oder verringern Sie die Geschwindigkeit mit nur einem Hebelzug. Stufenlos, ohne Anzuhalten.<\/li>\n<li><strong>Lenker aus verst\u00e4rktem Stahl:<\/strong> Gro\u00dfe Maschinen brauchen gro\u00dfe, kr\u00e4ftige Lenker. Diese sind zu 100 % aus Stahl und vollst\u00e4ndig verst\u00e4rkt.<\/li>\n<li><strong>Beheizte Griffe:<\/strong> Halten Sie Ihre H\u00e4nde mit unseren beheizten Griffen warm. Frieren ausgeschlossen.<\/li>\n<li><strong>Wurfleistung:<\/strong> Werfen Sie den Schnee bis auf einen Meter heran oder bis zu 18 Meter weit.<\/li>\n<li><strong>Ariens<sup>&reg;<\/sup> AX 420cm\u00b3 EFI-Motor:<\/strong> Unser Motor mit elektronischer Kraftstoffeinspritzung l\u00e4sst sich leicht starten und bietet eine hohe Schneer\u00e4umleistung bei effizientem Kraftstoffverbrauch.<\/li>\n<\/ul>\n<\/div>\n<\/div><\/div>\n<div class='col-lg'>                    <\/div>\n<\/p><\/div>\n<\/div>\n<\/div>\n<div class=\"acfd-block acfd-block__category mb-asm-3 container-fluid px-0 bg-default\">\n<div class=\"acfd-product-categories\">\n<h2 class=\"text-left mb-3\">\n        Eins\u00e4tze    <\/h2>\n<div class=\"product-categories_wrapper\">\n         <span\n                data-description=\"Der patentierte RapidTrak\u2122 Raupenantrieb hat auf festgefahrenem und frischem Schnee die beste Traktion. Die Raupe ist verstellbar. Sie kann wie ein Radantrieb genutzt werden, f\u00fcr einfachstes Steuern, als Kettenantrieb f\u00fcr maximale Traktion und im Eingrabe-Modus f\u00fcr maximalen Druck auf der Sch\u00fcrfleiste und zum R\u00e4umen von gro\u00dfen Schneebergen. Auf eisigen Fl\u00e4chen ist Radantrieb mit Spike-Schneeketten empfehlenswert.\"                class=\"product-category-single\"> RapidTrak\u2122                <sup><i class=\"fa fa-info-circle\" aria-hidden=\"true\"><\/i><\/sup>            <\/span>  <span\n                data-description=\"Das patentierte Ariens AutoTurn<sup>&reg;<\/sup> Lenksystem verhindert das Durchdrehen eines Antriebsrades oder einer RapidTrak\u2122 Raupe. Gleichzeitig erlaubt es einfaches Lenken der Maschine, indem es beim Lenken automatisch eine Antriebsseite freigibt. Alle Ariens Schneefr\u00e4\u00dfen, au\u00dfer dem Modell CLASSIC, verf\u00fcgen \u00fcber AutoTurn.\"                class=\"product-category-single\"> AutoTurn<sup>&reg;<\/sup>                <sup><i class=\"fa fa-info-circle\" aria-hidden=\"true\"><\/i><\/sup>            <\/span>  <span\n                data-description=\"SHO bedeutet Super-High-Output. Das Hochleistungsschleuderrad der Modelle PLATINUM und PROFESSIONAL schafft mehr Schnee pro Stunde und wirft weiter.\"                class=\"product-category-single\"> SHO-Schleuderrad                <sup><i class=\"fa fa-info-circle\" aria-hidden=\"true\"><\/i><\/sup>            <\/span>  <span\n                data-description=\"Ein 230 Volt Anschluss erm\u00f6glicht Ihnen den Start der Maschine auf Knopfdruck.\"                class=\"product-category-single\"> Elektrostart                <sup><i class=\"fa fa-info-circle\" aria-hidden=\"true\"><\/i><\/sup>            <\/span>     <\/div>\n<\/div>\n<\/div>\n<div class=\"acfd-block acfd-block__twocolumns container-fluid container-fluid--force px-0 bg-default\">\n<div class=\"acfd-twocolumns\">\n<div class=\"row\">\n<div class='col-lg-12 mb-4'>\n<div class=\"acfd-product-advantages--wrapper\">\n<h2 class=\"h1 bigger text-color-black text-center mb-5\">\n        Merkmale &#038; Vorteile    <\/h2>\n<div class=\"acfd-product-advantages\">\n<div class=\"row\">\n<div class=\"col-md-6 mb-4 content\">\n                    <span class=\"d-block h5 text-color-brand mb-1\">Hydrostatischer Fahrantrieb<\/span><\/p>\n<p>Stufenlose Geschwindigkeitsanpassung w\u00e4hrend der Fahrt. Einfach am Stellhebel regeln.<\/p>\n<\/p><\/div>\n<div class=\"col-md-6 mb4 image\"  style=\"background-image:url(https:\/\/www.ariens.eu\/at\/wp-content\/uploads\/sites\/3\/2024\/05\/Hydrostatic_Drive_03-scaled.webp)\">\n                <\/div>\n<\/p><\/div>\n<div class=\"row\">\n<div class=\"col-md-6 mb-4 content\">\n                    <span class=\"d-block h5 text-color-brand mb-1\">35,5 cm Hochleistungs-Schaufelrad<\/span><\/p>\n<p>Die Ariens SHO-Technologie bedeutet Super High Output. Oder einfacher ausgedr\u00fcckt: Das Schaufelrad ist besonders Leistungsstark und r\u00e4umt den Schnee der vorgelagerten Fr\u00e4se schneller weg. Bis zu 79 Tonnen\/Stunde.<\/p>\n<\/p><\/div>\n<div class=\"col-md-6 mb4 image\"  style=\"background-image:url(https:\/\/www.ariens.eu\/at\/wp-content\/uploads\/sites\/3\/2024\/05\/SHO_Impeller.webp)\">\n                <\/div>\n<\/p><\/div>\n<div class=\"row\">\n<div class=\"col-md-6 mb-4 content\">\n                    <span class=\"d-block h5 text-color-brand mb-1\">Helles LED-Licht<\/span><\/p>\n<p>Ultra-helles LED Licht serienm\u00e4\u00dfig auf allen Modellen der Professional Serie. Pr\u00e4zises R\u00e4umen am Morgen, am Abend und in der Nacht.<\/p>\n<\/p><\/div>\n<div class=\"col-md-6 mb4 image\"  style=\"background-image:url(https:\/\/www.ariens.eu\/at\/wp-content\/uploads\/sites\/3\/2024\/05\/LED_LIGHT_Solo-1.webp)\">\n                <\/div>\n<\/p><\/div>\n<div class=\"row\">\n<div class=\"col-md-6 mb-4 content\">\n                    <span class=\"d-block h5 text-color-brand mb-1\">Auto-Turn-Lenkung<\/span><\/p>\n<p>Geradeaus fahren mit gesperrter Hinterachse f\u00fcr maximalen Grip. Sobald Sie die Maschine lenken wird die Achse entsperrt und auf der Stelle drehen ist ein echtes Kinderspiel. Eine patentierte Erfindung von Ariens.<\/p>\n<\/p><\/div>\n<div class=\"col-md-6 mb4 image\"  style=\"background-image:url(https:\/\/www.ariens.eu\/at\/wp-content\/uploads\/sites\/3\/2024\/05\/feature6ars_fb_profe-2.png)\">\n                <\/div>\n<\/p><\/div>\n<div class=\"row\">\n<div class=\"col-md-6 mb-4 content\">\n                    <span class=\"d-block h5 text-color-brand mb-1\">Ariens<sup>&reg;<\/sup> AX 420 EFI Motor<\/span><\/p>\n<p>Leistungsstarker Motor mit elektronischer Kraftstoffeinspritzung (EFI), der auch unter h\u00e4rtesten Bedingungen problemlos startet. Hohe Leistung, sparsamer Kraftstoffverbrauch und schneller Leistungsannahme.<\/p>\n<\/p><\/div>\n<div class=\"col-md-6 mb4 image\"  style=\"background-image:url(https:\/\/www.ariens.eu\/at\/wp-content\/uploads\/sites\/3\/2024\/05\/Electric_start.webp)\">\n                <\/div>\n<\/p><\/div>\n<div class=\"row\">\n<div class=\"col-md-6 mb-4 content\">\n                    <span class=\"d-block h5 text-color-brand mb-1\">Massiver Lenker aus verst\u00e4rktem Stahl<\/span><\/p>\n<p>Starke Maschinen brauchen starke und robuste Lenker. Diese sind zu 100 % aus Stahl hoch stabil.<\/p>\n<\/p><\/div>\n<div class=\"col-md-6 mb4 image\"  style=\"background-image:url(https:\/\/www.ariens.eu\/at\/wp-content\/uploads\/sites\/3\/2024\/05\/Reinforced_Handlebars_02-scaled.webp)\">\n                <\/div>\n<\/p><\/div>\n<\/p><\/div>\n<\/div><\/div>\n<div class='col-lg'>                    <\/div>\n<\/p><\/div>\n<\/div>\n<\/div>\n","protected":false},"excerpt":{"rendered":"<p>Der komfortabelste Weg Berge von Schnee zu r\u00e4umen Milliarden von Schneeflocken gegen eine Maschine. Ist genau richtig. Haben Sie Massen von Schnee voll im Griff. Die tiefsten, schwersten Schneef\u00e4lle sind in dem Moment vorbei, in dem Sie diesen 420-cm3-Motor anwerfen. Sie m\u00fcssen kein Profi sein, um eine solche Maschine zu besitzen. Sie m\u00fcssen nur den [&hellip;]<\/p>\n","protected":false},"featured_media":2694,"comment_status":"open","ping_status":"closed","template":"","meta":{"_acf_changed":false,"_relevanssi_hide_post":"","_relevanssi_hide_content":"","_relevanssi_pin_for_all":"","_relevanssi_pin_keywords":"","_relevanssi_unpin_keywords":"","_relevanssi_related_keywords":"","_relevanssi_related_include_ids":"","_relevanssi_related_exclude_ids":"","_relevanssi_related_no_append":"","_relevanssi_related_not_related":"","_relevanssi_related_posts":"","_relevanssi_noindex_reason":""},"product_brand":[],"product_cat":[15],"product_tag":[],"class_list":{"0":"post-2307","1":"product","2":"type-product","3":"status-publish","4":"has-post-thumbnail","6":"product_variant-professional-serie","7":"product_usage_areas-kommunen-bauhoefe","8":"product_usage_areas-winterdienst","10":"first","11":"instock","12":"shipping-taxable","13":"product-type-simple"},"acf":[],"yoast_head":"<!-- This site is optimized with the Yoast SEO plugin v27.3 - https:\/\/yoast.com\/product\/yoast-seo-wordpress\/ -->\n<title>HYDRO PRO 32 RAPIDTRAK KRAKEN EDITION | Ariens<\/title>\n<meta name=\"description\" content=\"Sie haben ein echtes Problem mit Schnee. Dann ist die HYDRO PRO 32 RAPIDTRAK KRAKEN EDITION genau das Richtige f\u00fcr Sie. Die komfortabelste Art, Berge von Schnee zu r\u00e4umen\" \/>\n<meta name=\"robots\" content=\"index, follow, max-snippet:-1, max-image-preview:large, max-video-preview:-1\" \/>\n<link rel=\"canonical\" href=\"https:\/\/www.ariens.eu\/at\/product\/schneefraesen\/professional-serie\/hydro-pro-32-kranken-edition\/\" \/>\n<meta property=\"og:locale\" content=\"de_DE\" \/>\n<meta property=\"og:type\" content=\"article\" \/>\n<meta property=\"og:title\" content=\"HYDRO PRO 32 RAPIDTRAK KRAKEN EDITION | Ariens\" \/>\n<meta property=\"og:description\" content=\"Sie haben ein echtes Problem mit Schnee. Dann ist die HYDRO PRO 32 RAPIDTRAK KRAKEN EDITION genau das Richtige f\u00fcr Sie. Die komfortabelste Art, Berge von Schnee zu r\u00e4umen\" \/>\n<meta property=\"og:url\" content=\"https:\/\/www.ariens.eu\/at\/product\/schneefraesen\/professional-serie\/hydro-pro-32-kranken-edition\/\" \/>\n<meta property=\"og:site_name\" content=\"Ariens | EMEAA\" \/>\n<meta property=\"article:modified_time\" content=\"2026-01-06T09:31:33+00:00\" \/>\n<meta property=\"og:image\" content=\"https:\/\/www.ariens.eu\/at\/wp-content\/uploads\/sites\/10\/2024\/05\/ariens-professional-rapidtrak-thekraken-special-edition-snow-thrower-angle-view-front34.webp\" \/>\n\t<meta property=\"og:image:width\" content=\"900\" \/>\n\t<meta property=\"og:image:height\" content=\"650\" \/>\n\t<meta property=\"og:image:type\" content=\"image\/webp\" \/>\n<meta name=\"twitter:card\" content=\"summary_large_image\" \/>\n<meta name=\"twitter:label1\" content=\"Gesch\u00e4tzte Lesezeit\" \/>\n\t<meta name=\"twitter:data1\" content=\"3\u00a0Minuten\" \/>\n<script type=\"application\/ld+json\" class=\"yoast-schema-graph\">{\"@context\":\"https:\\\/\\\/schema.org\",\"@graph\":[{\"@type\":\"WebPage\",\"@id\":\"https:\\\/\\\/www.ariens.eu\\\/at\\\/product\\\/schneefraesen\\\/professional-serie\\\/hydro-pro-32-kranken-edition\\\/\",\"url\":\"https:\\\/\\\/www.ariens.eu\\\/at\\\/product\\\/schneefraesen\\\/professional-serie\\\/hydro-pro-32-kranken-edition\\\/\",\"name\":\"HYDRO PRO 32 RAPIDTRAK KRAKEN EDITION | Ariens\",\"isPartOf\":{\"@id\":\"https:\\\/\\\/www.ariens.eu\\\/at\\\/#website\"},\"primaryImageOfPage\":{\"@id\":\"https:\\\/\\\/www.ariens.eu\\\/at\\\/product\\\/schneefraesen\\\/professional-serie\\\/hydro-pro-32-kranken-edition\\\/#primaryimage\"},\"image\":{\"@id\":\"https:\\\/\\\/www.ariens.eu\\\/at\\\/product\\\/schneefraesen\\\/professional-serie\\\/hydro-pro-32-kranken-edition\\\/#primaryimage\"},\"thumbnailUrl\":\"https:\\\/\\\/www.ariens.eu\\\/at\\\/wp-content\\\/uploads\\\/sites\\\/10\\\/2024\\\/05\\\/ariens-professional-rapidtrak-thekraken-special-edition-snow-thrower-angle-view-front34.webp\",\"datePublished\":\"2024-05-10T10:04:35+00:00\",\"dateModified\":\"2026-01-06T09:31:33+00:00\",\"description\":\"Sie haben ein echtes Problem mit Schnee. Dann ist die HYDRO PRO 32 RAPIDTRAK KRAKEN EDITION genau das Richtige f\u00fcr Sie. Die komfortabelste Art, Berge von Schnee zu r\u00e4umen\",\"breadcrumb\":{\"@id\":\"https:\\\/\\\/www.ariens.eu\\\/at\\\/product\\\/schneefraesen\\\/professional-serie\\\/hydro-pro-32-kranken-edition\\\/#breadcrumb\"},\"inLanguage\":\"de\",\"potentialAction\":[{\"@type\":\"ReadAction\",\"target\":[\"https:\\\/\\\/www.ariens.eu\\\/at\\\/product\\\/schneefraesen\\\/professional-serie\\\/hydro-pro-32-kranken-edition\\\/\"]}]},{\"@type\":\"ImageObject\",\"inLanguage\":\"de\",\"@id\":\"https:\\\/\\\/www.ariens.eu\\\/at\\\/product\\\/schneefraesen\\\/professional-serie\\\/hydro-pro-32-kranken-edition\\\/#primaryimage\",\"url\":\"https:\\\/\\\/www.ariens.eu\\\/at\\\/wp-content\\\/uploads\\\/sites\\\/10\\\/2024\\\/05\\\/ariens-professional-rapidtrak-thekraken-special-edition-snow-thrower-angle-view-front34.webp\",\"contentUrl\":\"https:\\\/\\\/www.ariens.eu\\\/at\\\/wp-content\\\/uploads\\\/sites\\\/10\\\/2024\\\/05\\\/ariens-professional-rapidtrak-thekraken-special-edition-snow-thrower-angle-view-front34.webp\",\"width\":900,\"height\":650},{\"@type\":\"BreadcrumbList\",\"@id\":\"https:\\\/\\\/www.ariens.eu\\\/at\\\/product\\\/schneefraesen\\\/professional-serie\\\/hydro-pro-32-kranken-edition\\\/#breadcrumb\",\"itemListElement\":[{\"@type\":\"ListItem\",\"position\":1,\"name\":\"Home\",\"item\":\"https:\\\/\\\/www.ariens.eu\\\/at\\\/\"},{\"@type\":\"ListItem\",\"position\":2,\"name\":\"Shop\",\"item\":\"https:\\\/\\\/www.ariens.eu\\\/at\\\/shop\\\/\"},{\"@type\":\"ListItem\",\"position\":3,\"name\":\"HYDRO PRO 32 RAPIDTRAK KRAKEN EDITION\"}]},{\"@type\":\"WebSite\",\"@id\":\"https:\\\/\\\/www.ariens.eu\\\/at\\\/#website\",\"url\":\"https:\\\/\\\/www.ariens.eu\\\/at\\\/\",\"name\":\"Ariens | EMEAA\",\"description\":\"Powerful and reliable zero-turn mowers &amp; snow blowers for professional users and demanding private customers\",\"potentialAction\":[{\"@type\":\"SearchAction\",\"target\":{\"@type\":\"EntryPoint\",\"urlTemplate\":\"https:\\\/\\\/www.ariens.eu\\\/at\\\/?s={search_term_string}\"},\"query-input\":{\"@type\":\"PropertyValueSpecification\",\"valueRequired\":true,\"valueName\":\"search_term_string\"}}],\"inLanguage\":\"de\"}]}<\/script>\n<!-- \/ Yoast SEO plugin. -->","yoast_head_json":{"title":"HYDRO PRO 32 RAPIDTRAK KRAKEN EDITION | Ariens","description":"Sie haben ein echtes Problem mit Schnee. Dann ist die HYDRO PRO 32 RAPIDTRAK KRAKEN EDITION genau das Richtige f\u00fcr Sie. Die komfortabelste Art, Berge von Schnee zu r\u00e4umen","robots":{"index":"index","follow":"follow","max-snippet":"max-snippet:-1","max-image-preview":"max-image-preview:large","max-video-preview":"max-video-preview:-1"},"canonical":"https:\/\/www.ariens.eu\/at\/product\/schneefraesen\/professional-serie\/hydro-pro-32-kranken-edition\/","og_locale":"de_DE","og_type":"article","og_title":"HYDRO PRO 32 RAPIDTRAK KRAKEN EDITION | Ariens","og_description":"Sie haben ein echtes Problem mit Schnee. Dann ist die HYDRO PRO 32 RAPIDTRAK KRAKEN EDITION genau das Richtige f\u00fcr Sie. Die komfortabelste Art, Berge von Schnee zu r\u00e4umen","og_url":"https:\/\/www.ariens.eu\/at\/product\/schneefraesen\/professional-serie\/hydro-pro-32-kranken-edition\/","og_site_name":"Ariens | EMEAA","article_modified_time":"2026-01-06T09:31:33+00:00","og_image":[{"width":900,"height":650,"url":"https:\/\/www.ariens.eu\/at\/wp-content\/uploads\/sites\/10\/2024\/05\/ariens-professional-rapidtrak-thekraken-special-edition-snow-thrower-angle-view-front34.webp","type":"image\/webp"}],"twitter_card":"summary_large_image","twitter_misc":{"Gesch\u00e4tzte Lesezeit":"3\u00a0Minuten"},"schema":{"@context":"https:\/\/schema.org","@graph":[{"@type":"WebPage","@id":"https:\/\/www.ariens.eu\/at\/product\/schneefraesen\/professional-serie\/hydro-pro-32-kranken-edition\/","url":"https:\/\/www.ariens.eu\/at\/product\/schneefraesen\/professional-serie\/hydro-pro-32-kranken-edition\/","name":"HYDRO PRO 32 RAPIDTRAK KRAKEN EDITION | Ariens","isPartOf":{"@id":"https:\/\/www.ariens.eu\/at\/#website"},"primaryImageOfPage":{"@id":"https:\/\/www.ariens.eu\/at\/product\/schneefraesen\/professional-serie\/hydro-pro-32-kranken-edition\/#primaryimage"},"image":{"@id":"https:\/\/www.ariens.eu\/at\/product\/schneefraesen\/professional-serie\/hydro-pro-32-kranken-edition\/#primaryimage"},"thumbnailUrl":"https:\/\/www.ariens.eu\/at\/wp-content\/uploads\/sites\/10\/2024\/05\/ariens-professional-rapidtrak-thekraken-special-edition-snow-thrower-angle-view-front34.webp","datePublished":"2024-05-10T10:04:35+00:00","dateModified":"2026-01-06T09:31:33+00:00","description":"Sie haben ein echtes Problem mit Schnee. Dann ist die HYDRO PRO 32 RAPIDTRAK KRAKEN EDITION genau das Richtige f\u00fcr Sie. Die komfortabelste Art, Berge von Schnee zu r\u00e4umen","breadcrumb":{"@id":"https:\/\/www.ariens.eu\/at\/product\/schneefraesen\/professional-serie\/hydro-pro-32-kranken-edition\/#breadcrumb"},"inLanguage":"de","potentialAction":[{"@type":"ReadAction","target":["https:\/\/www.ariens.eu\/at\/product\/schneefraesen\/professional-serie\/hydro-pro-32-kranken-edition\/"]}]},{"@type":"ImageObject","inLanguage":"de","@id":"https:\/\/www.ariens.eu\/at\/product\/schneefraesen\/professional-serie\/hydro-pro-32-kranken-edition\/#primaryimage","url":"https:\/\/www.ariens.eu\/at\/wp-content\/uploads\/sites\/10\/2024\/05\/ariens-professional-rapidtrak-thekraken-special-edition-snow-thrower-angle-view-front34.webp","contentUrl":"https:\/\/www.ariens.eu\/at\/wp-content\/uploads\/sites\/10\/2024\/05\/ariens-professional-rapidtrak-thekraken-special-edition-snow-thrower-angle-view-front34.webp","width":900,"height":650},{"@type":"BreadcrumbList","@id":"https:\/\/www.ariens.eu\/at\/product\/schneefraesen\/professional-serie\/hydro-pro-32-kranken-edition\/#breadcrumb","itemListElement":[{"@type":"ListItem","position":1,"name":"Home","item":"https:\/\/www.ariens.eu\/at\/"},{"@type":"ListItem","position":2,"name":"Shop","item":"https:\/\/www.ariens.eu\/at\/shop\/"},{"@type":"ListItem","position":3,"name":"HYDRO PRO 32 RAPIDTRAK KRAKEN EDITION"}]},{"@type":"WebSite","@id":"https:\/\/www.ariens.eu\/at\/#website","url":"https:\/\/www.ariens.eu\/at\/","name":"Ariens | EMEAA","description":"Powerful and reliable zero-turn mowers &amp; snow blowers for professional users and demanding private customers","potentialAction":[{"@type":"SearchAction","target":{"@type":"EntryPoint","urlTemplate":"https:\/\/www.ariens.eu\/at\/?s={search_term_string}"},"query-input":{"@type":"PropertyValueSpecification","valueRequired":true,"valueName":"search_term_string"}}],"inLanguage":"de"}]}},"_links":{"self":[{"href":"https:\/\/www.ariens.eu\/at\/wp-json\/wp\/v2\/product\/2307","targetHints":{"allow":["GET"]}}],"collection":[{"href":"https:\/\/www.ariens.eu\/at\/wp-json\/wp\/v2\/product"}],"about":[{"href":"https:\/\/www.ariens.eu\/at\/wp-json\/wp\/v2\/types\/product"}],"replies":[{"embeddable":true,"href":"https:\/\/www.ariens.eu\/at\/wp-json\/wp\/v2\/comments?post=2307"}],"wp:featuredmedia":[{"embeddable":true,"href":"https:\/\/www.ariens.eu\/at\/wp-json\/wp\/v2\/media\/2694"}],"wp:attachment":[{"href":"https:\/\/www.ariens.eu\/at\/wp-json\/wp\/v2\/media?parent=2307"}],"wp:term":[{"taxonomy":"product_brand","embeddable":true,"href":"https:\/\/www.ariens.eu\/at\/wp-json\/wp\/v2\/product_brand?post=2307"},{"taxonomy":"product_cat","embeddable":true,"href":"https:\/\/www.ariens.eu\/at\/wp-json\/wp\/v2\/product_cat?post=2307"},{"taxonomy":"product_tag","embeddable":true,"href":"https:\/\/www.ariens.eu\/at\/wp-json\/wp\/v2\/product_tag?post=2307"}],"curies":[{"name":"wp","href":"https:\/\/api.w.org\/{rel}","templated":true}]}}