{"id":2314,"date":"2024-05-10T11:04:36","date_gmt":"2024-05-10T10:04:36","guid":{"rendered":"https:\/\/www.ariens.eu\/product\/compact-24-rapidtrak\/"},"modified":"2025-11-10T10:48:31","modified_gmt":"2025-11-10T10:48:31","slug":"compact-24-rapidtrak","status":"publish","type":"product","link":"https:\/\/www.ariens.eu\/at\/produkt\/schneefraesen\/compact-serie\/compact-24-rapidtrak","title":{"rendered":"COMPACT 24 RAPIDTRAK"},"content":{"rendered":"<div class=\"acfd-block acfd-block__twocolumns mb-asm-1 container-fluid px-0 bg-default\">\n<div class=\"acfd-twocolumns\">\n<div class=\"row\">\n<div class='col-lg-9 mb-4'>\n<div class=\"acfd-block acfd-block__headline container-fluid px-0 bg-default\">\n<div class=\"acfd-headline\" >\n<h2 class='h2 text-left'>Wendig und bequeme Handhabung bei gleichzeitig starker Traktion<\/h2>\n<\/p><\/div>\n<\/div><\/div>\n<div class='col-lg'>                    <\/div>\n<\/p><\/div>\n<\/div>\n<\/div>\n<div class=\"acfd-block acfd-block__twocolumns mb-asm-2 container-fluid px-0 bg-default\">\n<div class=\"acfd-twocolumns\">\n<div class=\"row\">\n<div class='col-lg-9 mb-4'>\n<div class=\"acfd-block acfd-block__text container-fluid px-0 bg-default\">\n<div class=\"acfd-text\">\n<p>Erobert den Schnee im Sturm. Lassen Sie sich nicht von der Gr\u00f6\u00dfe t\u00e4uschen, in jeder Ariens<sup>&reg;<\/sup> COMPACT steckt eine Menge Power. Sie wurde so konstruiert, dass sie schnell und unkompliziert bei einem leichten Schneegest\u00f6ber zum Einsatz kommen kann, aber auch zuverl\u00e4ssig genug ist, um bis zu 59 Tonnen Schnee pro Stunde zu bew\u00e4ltigen. Die COMPACT-Serie zeichnet sich durch ihre m\u00fchelose Wendigkeit aus, bei gleichzeitig voller Leistungsf\u00e4higkeit.<\/p>\n<ul>\n<li>Ariens<sup>&reg;<\/sup> AX 223cm\u00b3 Motor mit Elektrostart<\/li>\n<li>Robustes Getriebegeh\u00e4use aus Gusseisen<\/li>\n<li>Maximale Leistung: 52 Tonnen Schnee pro Stunde<\/li>\n<li>Die exklusive Rapidtrak\u2122-Technologie von Ariens meistert jedes Terrain<\/li>\n<\/ul>\n<\/div>\n<\/div><\/div>\n<div class='col-lg'>                    <\/div>\n<\/p><\/div>\n<\/div>\n<\/div>\n<div class=\"acfd-block acfd-block__category mb-asm-3 container-fluid px-0 bg-default\">\n<div class=\"acfd-product-categories\">\n<h2 class=\"text-left mb-3\">\n        Eins\u00e4tze    <\/h2>\n<div class=\"product-categories_wrapper\">\n         <span\n                data-description=\"Der patentierte RapidTrak\u2122 Raupenantrieb hat auf festgefahrenem und frischem Schnee die beste Traktion. Die Raupe ist verstellbar. Sie kann wie ein Radantrieb genutzt werden, f\u00fcr einfachstes Steuern, als Kettenantrieb f\u00fcr maximale Traktion und im Eingrabe-Modus f\u00fcr maximalen Druck auf der Sch\u00fcrfleiste und zum R\u00e4umen von gro\u00dfen Schneebergen. Auf eisigen Fl\u00e4chen ist Radantrieb mit Spike-Schneeketten empfehlenswert.\"                class=\"product-category-single\"> RapidTrak\u2122                <sup><i class=\"fa fa-info-circle\" aria-hidden=\"true\"><\/i><\/sup>            <\/span>  <span\n                data-description=\"Das patentierte Ariens AutoTurn<sup>&reg;<\/sup> Lenksystem verhindert das Durchdrehen eines Antriebsrades oder einer RapidTrak\u2122 Raupe. Gleichzeitig erlaubt es einfaches Lenken der Maschine, indem es beim Lenken automatisch eine Antriebsseite freigibt. Alle Ariens Schneefr\u00e4\u00dfen, au\u00dfer dem Modell CLASSIC, verf\u00fcgen \u00fcber AutoTurn.\"                class=\"product-category-single\"> AutoTurn<sup>&reg;<\/sup>                <sup><i class=\"fa fa-info-circle\" aria-hidden=\"true\"><\/i><\/sup>            <\/span>  <span\n                data-description=\"Ein 230 Volt Anschluss erm\u00f6glicht Ihnen den Start der Maschine auf Knopfdruck.\"                class=\"product-category-single\"> Elektrostart                <sup><i class=\"fa fa-info-circle\" aria-hidden=\"true\"><\/i><\/sup>            <\/span>     <\/div>\n<\/div>\n<\/div>\n<div class=\"acfd-block acfd-block__twocolumns mb-asm-2 container-fluid container-fluid--force px-0 bg-default\">\n<div class=\"acfd-twocolumns\">\n<div class=\"row\">\n<div class='col-lg-12 mb-4'>\n<div class=\"acfd-product-advantages--wrapper\">\n<h2 class=\"h1 bigger text-color-black text-center mb-5\">\n        Merkmale &#038; Vorteile    <\/h2>\n<div class=\"acfd-product-advantages\">\n<div class=\"row\">\n<div class=\"col-md-6 mb-4 content\">\n                    <span class=\"d-block h5 text-color-brand mb-1\">Ganzstahl Konstruktion<\/span><\/p>\n<p>Stabiles, verschwei\u00dftes Stahlblech mit gepressten Sicken und verst\u00e4rkten Kanten sind das Geheimnis f\u00fcr die lange Haltbarkeit von Ariens Schneefr\u00e4sen.<\/p>\n<\/p><\/div>\n<div class=\"col-md-6 mb4 image\"  style=\"background-image:url(https:\/\/www.ariens.eu\/at\/wp-content\/uploads\/sites\/3\/2024\/05\/all-steal-construction.webp)\">\n                <\/div>\n<\/p><\/div>\n<div class=\"row\">\n<div class=\"col-md-6 mb-4 content\">\n                    <span class=\"d-block h5 text-color-brand mb-1\">Auto-Turn-Lenkung<\/span><\/p>\n<p>Geradeaus fahren mit gesperrter Hinterachse f\u00fcr maximalen Grip. Sobald Sie die Maschine lenken wird die Achse entsperrt und auf der Stelle drehen ist ein echtes Kinderspiel. Eine patentierte Erfindung von Ariens.<\/p>\n<\/p><\/div>\n<div class=\"col-md-6 mb4 image\"  style=\"background-image:url(https:\/\/www.ariens.eu\/at\/wp-content\/uploads\/sites\/3\/2024\/05\/feature6ars_fb_profe-2.png)\">\n                <\/div>\n<\/p><\/div>\n<div class=\"row\">\n<div class=\"col-md-6 mb-4 content\">\n                    <span class=\"d-block h5 text-color-brand mb-1\">Elektro-Starter<\/span><\/p>\n<p>Die Compact Modelle k\u00f6nnen Sie entweder mit dem Seilstarter starten oder ganz bequem mit einem Knopfdruck auf den Elektrostarter der an eine 230 V Steckdose angeschlossen wird. Sehr bequem bei tiefen Temperaturen.<\/p>\n<\/p><\/div>\n<div class=\"col-md-6 mb4 image\"  style=\"background-image:url(https:\/\/www.ariens.eu\/at\/wp-content\/uploads\/sites\/3\/2024\/05\/Electric_Start-1.webp)\">\n                <\/div>\n<\/p><\/div>\n<div class=\"row\">\n<div class=\"col-md-6 mb-4 content\">\n                    <span class=\"d-block h5 text-color-brand mb-1\">Gusseisernes Fr\u00e4ssgetriebe<\/span><\/p>\n<p>Das Getriebe der Fr\u00e4\u00dfe ist ein hoch belastetes Teil. Hier geben wir uns viel M\u00fche es besonders standfest zu machen. Weil es so stabil ist geben wir auch 5 Jahre Garantie darauf.<\/p>\n<\/p><\/div>\n<div class=\"col-md-6 mb4 image\"  style=\"background-image:url(https:\/\/www.ariens.eu\/at\/wp-content\/uploads\/sites\/3\/2024\/05\/compact-24.webp)\">\n                <\/div>\n<\/p><\/div>\n<div class=\"row\">\n<div class=\"col-md-6 mb-4 content\">\n                    <span class=\"d-block h5 text-color-brand mb-1\">Griffige Schneereifen<\/span><\/p>\n<p>Spezielles Schneeprofil f\u00fcr maximale Traktion. 38 cm (15\u201c) Durchmesser.<\/p>\n<\/p><\/div>\n<div class=\"col-md-6 mb4 image\"  style=\"background-image:url(https:\/\/www.ariens.eu\/at\/wp-content\/uploads\/sites\/3\/2024\/05\/15in_Tires-scaled.webp)\">\n                <\/div>\n<\/p><\/div>\n<div class=\"row\">\n<div class=\"col-md-6 mb-4 content\">\n                    <span class=\"d-block h5 text-color-brand mb-1\">Stahl Gleitschuhe<\/span><\/p>\n<p>Beidseitig verwendbare Gleitkufen aus Stahl. Stabil und von langer Lebensdauer.<\/p>\n<\/p><\/div>\n<div class=\"col-md-6 mb4 image\"  style=\"background-image:url(https:\/\/www.ariens.eu\/at\/wp-content\/uploads\/sites\/3\/2024\/05\/Reversible_Skid_Shoe_Solo.webp)\">\n                <\/div>\n<\/p><\/div>\n<\/p><\/div>\n<\/div><\/div>\n<div class='col-lg'>                    <\/div>\n<\/p><\/div>\n<\/div>\n<\/div>\n","protected":false},"excerpt":{"rendered":"<p>Wendig und bequeme Handhabung bei gleichzeitig starker Traktion Erobert den Schnee im Sturm. Lassen Sie sich nicht von der Gr\u00f6\u00dfe t\u00e4uschen, in jeder Ariens&reg; COMPACT steckt eine Menge Power. Sie wurde so konstruiert, dass sie schnell und unkompliziert bei einem leichten Schneegest\u00f6ber zum Einsatz kommen kann, aber auch zuverl\u00e4ssig genug ist, um bis zu 59 [&hellip;]<\/p>\n","protected":false},"featured_media":2689,"comment_status":"open","ping_status":"closed","template":"","meta":{"_acf_changed":false,"_relevanssi_hide_post":"","_relevanssi_hide_content":"","_relevanssi_pin_for_all":"","_relevanssi_pin_keywords":"","_relevanssi_unpin_keywords":"","_relevanssi_related_keywords":"","_relevanssi_related_include_ids":"","_relevanssi_related_exclude_ids":"","_relevanssi_related_no_append":"","_relevanssi_related_not_related":"","_relevanssi_related_posts":"","_relevanssi_noindex_reason":""},"product_brand":[],"product_cat":[15],"product_tag":[],"class_list":{"0":"post-2314","1":"product","2":"type-product","3":"status-publish","4":"has-post-thumbnail","6":"product_variant-compact-serie","7":"product_usage_areas-kommunen-bauhoefe","8":"product_usage_areas-winterdienst","10":"first","11":"instock","12":"shipping-taxable","13":"product-type-simple"},"acf":[],"yoast_head":"<!-- This site is optimized with the Yoast SEO plugin v27.3 - https:\/\/yoast.com\/product\/yoast-seo-wordpress\/ -->\n<title>COMPACT 24 RAPIDTRAK\u00ae - Schneefr\u00e4se | Ariens<\/title>\n<meta name=\"description\" content=\"Die COMPACT-Serie wurde f\u00fcr m\u00fchelose Wendigkeit entwickelt, ohne auf die legend\u00e4re Ariens-Leistung zu verzichten. Starke Traktion mit der exklusiven Rapidtrak\u2122-Technologie.\" \/>\n<meta name=\"robots\" content=\"index, follow, max-snippet:-1, max-image-preview:large, max-video-preview:-1\" \/>\n<link rel=\"canonical\" href=\"https:\/\/www.ariens.eu\/at\/product\/schneefraesen\/compact-serie\/compact-24-rapidtrak\/\" \/>\n<meta property=\"og:locale\" content=\"de_DE\" \/>\n<meta property=\"og:type\" content=\"article\" \/>\n<meta property=\"og:title\" content=\"COMPACT 24 RAPIDTRAK\u00ae - Schneefr\u00e4se | Ariens\" \/>\n<meta property=\"og:description\" content=\"Die COMPACT-Serie wurde f\u00fcr m\u00fchelose Wendigkeit entwickelt, ohne auf die legend\u00e4re Ariens-Leistung zu verzichten. Starke Traktion mit der exklusiven Rapidtrak\u2122-Technologie.\" \/>\n<meta property=\"og:url\" content=\"https:\/\/www.ariens.eu\/at\/product\/schneefraesen\/compact-serie\/compact-24-rapidtrak\/\" \/>\n<meta property=\"og:site_name\" content=\"Ariens | EMEAA\" \/>\n<meta property=\"article:modified_time\" content=\"2025-11-10T10:48:31+00:00\" \/>\n<meta property=\"og:image\" content=\"https:\/\/www.ariens.eu\/at\/wp-content\/uploads\/sites\/10\/2024\/05\/ariens-compact24-rapidtrak-snow-thrower-angle-view-front34.webp\" \/>\n\t<meta property=\"og:image:width\" content=\"900\" \/>\n\t<meta property=\"og:image:height\" content=\"650\" \/>\n\t<meta property=\"og:image:type\" content=\"image\/webp\" \/>\n<meta name=\"twitter:card\" content=\"summary_large_image\" \/>\n<meta name=\"twitter:label1\" content=\"Gesch\u00e4tzte Lesezeit\" \/>\n\t<meta name=\"twitter:data1\" content=\"2\u00a0Minuten\" \/>\n<script type=\"application\/ld+json\" class=\"yoast-schema-graph\">{\"@context\":\"https:\\\/\\\/schema.org\",\"@graph\":[{\"@type\":\"WebPage\",\"@id\":\"https:\\\/\\\/www.ariens.eu\\\/at\\\/product\\\/schneefraesen\\\/compact-serie\\\/compact-24-rapidtrak\\\/\",\"url\":\"https:\\\/\\\/www.ariens.eu\\\/at\\\/product\\\/schneefraesen\\\/compact-serie\\\/compact-24-rapidtrak\\\/\",\"name\":\"COMPACT 24 RAPIDTRAK\u00ae - Schneefr\u00e4se | Ariens\",\"isPartOf\":{\"@id\":\"https:\\\/\\\/www.ariens.eu\\\/at\\\/#website\"},\"primaryImageOfPage\":{\"@id\":\"https:\\\/\\\/www.ariens.eu\\\/at\\\/product\\\/schneefraesen\\\/compact-serie\\\/compact-24-rapidtrak\\\/#primaryimage\"},\"image\":{\"@id\":\"https:\\\/\\\/www.ariens.eu\\\/at\\\/product\\\/schneefraesen\\\/compact-serie\\\/compact-24-rapidtrak\\\/#primaryimage\"},\"thumbnailUrl\":\"https:\\\/\\\/www.ariens.eu\\\/at\\\/wp-content\\\/uploads\\\/sites\\\/10\\\/2024\\\/05\\\/ariens-compact24-rapidtrak-snow-thrower-angle-view-front34.webp\",\"datePublished\":\"2024-05-10T10:04:36+00:00\",\"dateModified\":\"2025-11-10T10:48:31+00:00\",\"description\":\"Die COMPACT-Serie wurde f\u00fcr m\u00fchelose Wendigkeit entwickelt, ohne auf die legend\u00e4re Ariens-Leistung zu verzichten. Starke Traktion mit der exklusiven Rapidtrak\u2122-Technologie.\",\"breadcrumb\":{\"@id\":\"https:\\\/\\\/www.ariens.eu\\\/at\\\/product\\\/schneefraesen\\\/compact-serie\\\/compact-24-rapidtrak\\\/#breadcrumb\"},\"inLanguage\":\"de\",\"potentialAction\":[{\"@type\":\"ReadAction\",\"target\":[\"https:\\\/\\\/www.ariens.eu\\\/at\\\/product\\\/schneefraesen\\\/compact-serie\\\/compact-24-rapidtrak\\\/\"]}]},{\"@type\":\"ImageObject\",\"inLanguage\":\"de\",\"@id\":\"https:\\\/\\\/www.ariens.eu\\\/at\\\/product\\\/schneefraesen\\\/compact-serie\\\/compact-24-rapidtrak\\\/#primaryimage\",\"url\":\"https:\\\/\\\/www.ariens.eu\\\/at\\\/wp-content\\\/uploads\\\/sites\\\/10\\\/2024\\\/05\\\/ariens-compact24-rapidtrak-snow-thrower-angle-view-front34.webp\",\"contentUrl\":\"https:\\\/\\\/www.ariens.eu\\\/at\\\/wp-content\\\/uploads\\\/sites\\\/10\\\/2024\\\/05\\\/ariens-compact24-rapidtrak-snow-thrower-angle-view-front34.webp\",\"width\":900,\"height\":650},{\"@type\":\"BreadcrumbList\",\"@id\":\"https:\\\/\\\/www.ariens.eu\\\/at\\\/product\\\/schneefraesen\\\/compact-serie\\\/compact-24-rapidtrak\\\/#breadcrumb\",\"itemListElement\":[{\"@type\":\"ListItem\",\"position\":1,\"name\":\"Home\",\"item\":\"https:\\\/\\\/www.ariens.eu\\\/at\\\/\"},{\"@type\":\"ListItem\",\"position\":2,\"name\":\"Shop\",\"item\":\"https:\\\/\\\/www.ariens.eu\\\/at\\\/shop\\\/\"},{\"@type\":\"ListItem\",\"position\":3,\"name\":\"COMPACT 24 RAPIDTRAK\"}]},{\"@type\":\"WebSite\",\"@id\":\"https:\\\/\\\/www.ariens.eu\\\/at\\\/#website\",\"url\":\"https:\\\/\\\/www.ariens.eu\\\/at\\\/\",\"name\":\"Ariens | EMEAA\",\"description\":\"Powerful and reliable zero-turn mowers &amp; snow blowers for professional users and demanding private customers\",\"potentialAction\":[{\"@type\":\"SearchAction\",\"target\":{\"@type\":\"EntryPoint\",\"urlTemplate\":\"https:\\\/\\\/www.ariens.eu\\\/at\\\/?s={search_term_string}\"},\"query-input\":{\"@type\":\"PropertyValueSpecification\",\"valueRequired\":true,\"valueName\":\"search_term_string\"}}],\"inLanguage\":\"de\"}]}<\/script>\n<!-- \/ Yoast SEO plugin. -->","yoast_head_json":{"title":"COMPACT 24 RAPIDTRAK\u00ae - Schneefr\u00e4se | Ariens","description":"Die COMPACT-Serie wurde f\u00fcr m\u00fchelose Wendigkeit entwickelt, ohne auf die legend\u00e4re Ariens-Leistung zu verzichten. Starke Traktion mit der exklusiven Rapidtrak\u2122-Technologie.","robots":{"index":"index","follow":"follow","max-snippet":"max-snippet:-1","max-image-preview":"max-image-preview:large","max-video-preview":"max-video-preview:-1"},"canonical":"https:\/\/www.ariens.eu\/at\/product\/schneefraesen\/compact-serie\/compact-24-rapidtrak\/","og_locale":"de_DE","og_type":"article","og_title":"COMPACT 24 RAPIDTRAK\u00ae - Schneefr\u00e4se | Ariens","og_description":"Die COMPACT-Serie wurde f\u00fcr m\u00fchelose Wendigkeit entwickelt, ohne auf die legend\u00e4re Ariens-Leistung zu verzichten. Starke Traktion mit der exklusiven Rapidtrak\u2122-Technologie.","og_url":"https:\/\/www.ariens.eu\/at\/product\/schneefraesen\/compact-serie\/compact-24-rapidtrak\/","og_site_name":"Ariens | EMEAA","article_modified_time":"2025-11-10T10:48:31+00:00","og_image":[{"width":900,"height":650,"url":"https:\/\/www.ariens.eu\/at\/wp-content\/uploads\/sites\/10\/2024\/05\/ariens-compact24-rapidtrak-snow-thrower-angle-view-front34.webp","type":"image\/webp"}],"twitter_card":"summary_large_image","twitter_misc":{"Gesch\u00e4tzte Lesezeit":"2\u00a0Minuten"},"schema":{"@context":"https:\/\/schema.org","@graph":[{"@type":"WebPage","@id":"https:\/\/www.ariens.eu\/at\/product\/schneefraesen\/compact-serie\/compact-24-rapidtrak\/","url":"https:\/\/www.ariens.eu\/at\/product\/schneefraesen\/compact-serie\/compact-24-rapidtrak\/","name":"COMPACT 24 RAPIDTRAK\u00ae - Schneefr\u00e4se | Ariens","isPartOf":{"@id":"https:\/\/www.ariens.eu\/at\/#website"},"primaryImageOfPage":{"@id":"https:\/\/www.ariens.eu\/at\/product\/schneefraesen\/compact-serie\/compact-24-rapidtrak\/#primaryimage"},"image":{"@id":"https:\/\/www.ariens.eu\/at\/product\/schneefraesen\/compact-serie\/compact-24-rapidtrak\/#primaryimage"},"thumbnailUrl":"https:\/\/www.ariens.eu\/at\/wp-content\/uploads\/sites\/10\/2024\/05\/ariens-compact24-rapidtrak-snow-thrower-angle-view-front34.webp","datePublished":"2024-05-10T10:04:36+00:00","dateModified":"2025-11-10T10:48:31+00:00","description":"Die COMPACT-Serie wurde f\u00fcr m\u00fchelose Wendigkeit entwickelt, ohne auf die legend\u00e4re Ariens-Leistung zu verzichten. Starke Traktion mit der exklusiven Rapidtrak\u2122-Technologie.","breadcrumb":{"@id":"https:\/\/www.ariens.eu\/at\/product\/schneefraesen\/compact-serie\/compact-24-rapidtrak\/#breadcrumb"},"inLanguage":"de","potentialAction":[{"@type":"ReadAction","target":["https:\/\/www.ariens.eu\/at\/product\/schneefraesen\/compact-serie\/compact-24-rapidtrak\/"]}]},{"@type":"ImageObject","inLanguage":"de","@id":"https:\/\/www.ariens.eu\/at\/product\/schneefraesen\/compact-serie\/compact-24-rapidtrak\/#primaryimage","url":"https:\/\/www.ariens.eu\/at\/wp-content\/uploads\/sites\/10\/2024\/05\/ariens-compact24-rapidtrak-snow-thrower-angle-view-front34.webp","contentUrl":"https:\/\/www.ariens.eu\/at\/wp-content\/uploads\/sites\/10\/2024\/05\/ariens-compact24-rapidtrak-snow-thrower-angle-view-front34.webp","width":900,"height":650},{"@type":"BreadcrumbList","@id":"https:\/\/www.ariens.eu\/at\/product\/schneefraesen\/compact-serie\/compact-24-rapidtrak\/#breadcrumb","itemListElement":[{"@type":"ListItem","position":1,"name":"Home","item":"https:\/\/www.ariens.eu\/at\/"},{"@type":"ListItem","position":2,"name":"Shop","item":"https:\/\/www.ariens.eu\/at\/shop\/"},{"@type":"ListItem","position":3,"name":"COMPACT 24 RAPIDTRAK"}]},{"@type":"WebSite","@id":"https:\/\/www.ariens.eu\/at\/#website","url":"https:\/\/www.ariens.eu\/at\/","name":"Ariens | EMEAA","description":"Powerful and reliable zero-turn mowers &amp; snow blowers for professional users and demanding private customers","potentialAction":[{"@type":"SearchAction","target":{"@type":"EntryPoint","urlTemplate":"https:\/\/www.ariens.eu\/at\/?s={search_term_string}"},"query-input":{"@type":"PropertyValueSpecification","valueRequired":true,"valueName":"search_term_string"}}],"inLanguage":"de"}]}},"_links":{"self":[{"href":"https:\/\/www.ariens.eu\/at\/wp-json\/wp\/v2\/product\/2314","targetHints":{"allow":["GET"]}}],"collection":[{"href":"https:\/\/www.ariens.eu\/at\/wp-json\/wp\/v2\/product"}],"about":[{"href":"https:\/\/www.ariens.eu\/at\/wp-json\/wp\/v2\/types\/product"}],"replies":[{"embeddable":true,"href":"https:\/\/www.ariens.eu\/at\/wp-json\/wp\/v2\/comments?post=2314"}],"wp:featuredmedia":[{"embeddable":true,"href":"https:\/\/www.ariens.eu\/at\/wp-json\/wp\/v2\/media\/2689"}],"wp:attachment":[{"href":"https:\/\/www.ariens.eu\/at\/wp-json\/wp\/v2\/media?parent=2314"}],"wp:term":[{"taxonomy":"product_brand","embeddable":true,"href":"https:\/\/www.ariens.eu\/at\/wp-json\/wp\/v2\/product_brand?post=2314"},{"taxonomy":"product_cat","embeddable":true,"href":"https:\/\/www.ariens.eu\/at\/wp-json\/wp\/v2\/product_cat?post=2314"},{"taxonomy":"product_tag","embeddable":true,"href":"https:\/\/www.ariens.eu\/at\/wp-json\/wp\/v2\/product_tag?post=2314"}],"curies":[{"name":"wp","href":"https:\/\/api.w.org\/{rel}","templated":true}]}}