{"id":2319,"date":"2024-05-10T11:04:36","date_gmt":"2024-05-10T10:04:36","guid":{"rendered":"https:\/\/www.ariens.eu\/product\/snow-thrower-36-91-cm\/"},"modified":"2026-01-06T12:17:34","modified_gmt":"2026-01-06T12:17:34","slug":"snowblower-36-91-cm","status":"publish","type":"product","link":"https:\/\/www.ariens.eu\/at\/produkt\/schneefraesen\/anbaugeraete\/snowblower-36-91-cm","title":{"rendered":"SNOWBLOWER 36&#8243; 91 cm"},"content":{"rendered":"<div class=\"acfd-block acfd-block__twocolumns container-fluid px-0 bg-default\">\n<div class=\"acfd-twocolumns\">\n<div class=\"row\">\n<div class='col-lg-9 mb-4'>\n<div class=\"acfd-block acfd-block__headline mb-asm-1 container-fluid px-0 bg-default\">\n<div class=\"acfd-headline\" >\n<h2 class='h2 text-left'>Extreme R\u00e4um- und Wurfleistung<\/h2>\n<\/p><\/div>\n<\/div>\n<div class=\"acfd-block acfd-block__text container-fluid px-0 bg-default\">\n<div class=\"acfd-text\">\n<p>Erweitern Sie Ihre Schneer\u00e4umungsf\u00e4higkeiten mit unserem 36-Zoll-Ganzstahl-Hochleistungsschneeschleuder-Anbau f\u00fcr die Ariens Mammoth 850 Standalone-Maschine. Dieses Anbauger\u00e4t, eine Schneefr\u00e4se mit gro\u00dfer Reichweite, ist f\u00fcr schwere Aufgaben konzipiert und wirft den Schnee mit Leichtigkeit bis zu 60 Fu\u00df weit.<\/p>\n<p>Er verf\u00fcgt \u00fcber eine intuitive Joystick-Steuerung f\u00fcr pr\u00e4zise Handhabung und ist mit robusten Stahlsch\u00fcrfleisten und Gleitschuhen ausgestattet. Mit diesem Anbauger\u00e4t, das sowohl f\u00fcr den privaten als auch f\u00fcr den gewerblichen Einsatz geeignet ist, wird der Mammoth 850 zu einem Schneer\u00e4umungs-Kraftpaket f\u00fcr harte Winterbedingungen.<\/p>\n<\/div>\n<\/div><\/div>\n<div class='col-lg'>                    <\/div>\n<\/p><\/div>\n<\/div>\n<\/div>\n","protected":false},"excerpt":{"rendered":"<p>Extreme R\u00e4um- und Wurfleistung Erweitern Sie Ihre Schneer\u00e4umungsf\u00e4higkeiten mit unserem 36-Zoll-Ganzstahl-Hochleistungsschneeschleuder-Anbau f\u00fcr die Ariens Mammoth 850 Standalone-Maschine. Dieses Anbauger\u00e4t, eine Schneefr\u00e4se mit gro\u00dfer Reichweite, ist f\u00fcr schwere Aufgaben konzipiert und wirft den Schnee mit Leichtigkeit bis zu 60 Fu\u00df weit. Er verf\u00fcgt \u00fcber eine intuitive Joystick-Steuerung f\u00fcr pr\u00e4zise Handhabung und ist mit robusten Stahlsch\u00fcrfleisten und [&hellip;]<\/p>\n","protected":false},"featured_media":3029,"comment_status":"open","ping_status":"closed","template":"","meta":{"_acf_changed":false,"_relevanssi_hide_post":"","_relevanssi_hide_content":"","_relevanssi_pin_for_all":"","_relevanssi_pin_keywords":"","_relevanssi_unpin_keywords":"","_relevanssi_related_keywords":"","_relevanssi_related_include_ids":"","_relevanssi_related_exclude_ids":"","_relevanssi_related_no_append":"","_relevanssi_related_not_related":"","_relevanssi_related_posts":"","_relevanssi_noindex_reason":""},"product_brand":[],"product_cat":[15],"product_tag":[],"class_list":{"0":"post-2319","1":"product","2":"type-product","3":"status-publish","4":"has-post-thumbnail","6":"product_variant-anbaugeraete","7":"product_usage_areas-winterdienst","9":"first","10":"instock","11":"shipping-taxable","12":"product-type-simple"},"acf":[],"yoast_head":"<!-- This site is optimized with the Yoast SEO plugin v27.3 - https:\/\/yoast.com\/product\/yoast-seo-wordpress\/ -->\n<title>Anbau-Schneefr\u00e4se 91 cm - MAMMOTH\u2122 850 Series | Ariens<\/title>\n<meta name=\"description\" content=\"R\u00fcsten Sie den Ariens MAMMOTH\u2122 850 mit unserem Ganzstahl-Schwerlast-Schneer\u00e4umschild auf, das einen Schneewurf von bis zu 60 Fu\u00df und eine pr\u00e4zise Joystick-Steuerung bietet.\" \/>\n<meta name=\"robots\" content=\"index, follow, max-snippet:-1, max-image-preview:large, max-video-preview:-1\" \/>\n<link rel=\"canonical\" href=\"https:\/\/www.ariens.eu\/at\/product\/schneefraesen\/anbaugeraete\/snowblower-36-91-cm\/\" \/>\n<meta property=\"og:locale\" content=\"de_DE\" \/>\n<meta property=\"og:type\" content=\"article\" \/>\n<meta property=\"og:title\" content=\"Anbau-Schneefr\u00e4se 91 cm - MAMMOTH\u2122 850 Series | Ariens\" \/>\n<meta property=\"og:description\" content=\"R\u00fcsten Sie den Ariens MAMMOTH\u2122 850 mit unserem Ganzstahl-Schwerlast-Schneer\u00e4umschild auf, das einen Schneewurf von bis zu 60 Fu\u00df und eine pr\u00e4zise Joystick-Steuerung bietet.\" \/>\n<meta property=\"og:url\" content=\"https:\/\/www.ariens.eu\/at\/product\/schneefraesen\/anbaugeraete\/snowblower-36-91-cm\/\" \/>\n<meta property=\"og:site_name\" content=\"Ariens | EMEAA\" \/>\n<meta property=\"article:modified_time\" content=\"2026-01-06T12:17:34+00:00\" \/>\n<meta property=\"og:image\" content=\"https:\/\/www.ariens.eu\/at\/wp-content\/uploads\/sites\/10\/2024\/05\/851301-Ariens-Mammoth-48-Snow-Blower_Front_3-4.png\" \/>\n\t<meta property=\"og:image:width\" content=\"2560\" \/>\n\t<meta property=\"og:image:height\" content=\"1920\" \/>\n\t<meta property=\"og:image:type\" content=\"image\/png\" \/>\n<meta name=\"twitter:card\" content=\"summary_large_image\" \/>\n<meta name=\"twitter:label1\" content=\"Gesch\u00e4tzte Lesezeit\" \/>\n\t<meta name=\"twitter:data1\" content=\"1\u00a0Minute\" \/>\n<script type=\"application\/ld+json\" class=\"yoast-schema-graph\">{\"@context\":\"https:\\\/\\\/schema.org\",\"@graph\":[{\"@type\":\"WebPage\",\"@id\":\"https:\\\/\\\/www.ariens.eu\\\/at\\\/product\\\/schneefraesen\\\/anbaugeraete\\\/snowblower-36-91-cm\\\/\",\"url\":\"https:\\\/\\\/www.ariens.eu\\\/at\\\/product\\\/schneefraesen\\\/anbaugeraete\\\/snowblower-36-91-cm\\\/\",\"name\":\"Anbau-Schneefr\u00e4se 91 cm - MAMMOTH\u2122 850 Series | Ariens\",\"isPartOf\":{\"@id\":\"https:\\\/\\\/www.ariens.eu\\\/at\\\/#website\"},\"primaryImageOfPage\":{\"@id\":\"https:\\\/\\\/www.ariens.eu\\\/at\\\/product\\\/schneefraesen\\\/anbaugeraete\\\/snowblower-36-91-cm\\\/#primaryimage\"},\"image\":{\"@id\":\"https:\\\/\\\/www.ariens.eu\\\/at\\\/product\\\/schneefraesen\\\/anbaugeraete\\\/snowblower-36-91-cm\\\/#primaryimage\"},\"thumbnailUrl\":\"https:\\\/\\\/www.ariens.eu\\\/at\\\/wp-content\\\/uploads\\\/sites\\\/10\\\/2024\\\/05\\\/851301-Ariens-Mammoth-48-Snow-Blower_Front_3-4.png\",\"datePublished\":\"2024-05-10T10:04:36+00:00\",\"dateModified\":\"2026-01-06T12:17:34+00:00\",\"description\":\"R\u00fcsten Sie den Ariens MAMMOTH\u2122 850 mit unserem Ganzstahl-Schwerlast-Schneer\u00e4umschild auf, das einen Schneewurf von bis zu 60 Fu\u00df und eine pr\u00e4zise Joystick-Steuerung bietet.\",\"breadcrumb\":{\"@id\":\"https:\\\/\\\/www.ariens.eu\\\/at\\\/product\\\/schneefraesen\\\/anbaugeraete\\\/snowblower-36-91-cm\\\/#breadcrumb\"},\"inLanguage\":\"de\",\"potentialAction\":[{\"@type\":\"ReadAction\",\"target\":[\"https:\\\/\\\/www.ariens.eu\\\/at\\\/product\\\/schneefraesen\\\/anbaugeraete\\\/snowblower-36-91-cm\\\/\"]}]},{\"@type\":\"ImageObject\",\"inLanguage\":\"de\",\"@id\":\"https:\\\/\\\/www.ariens.eu\\\/at\\\/product\\\/schneefraesen\\\/anbaugeraete\\\/snowblower-36-91-cm\\\/#primaryimage\",\"url\":\"https:\\\/\\\/www.ariens.eu\\\/at\\\/wp-content\\\/uploads\\\/sites\\\/10\\\/2024\\\/05\\\/851301-Ariens-Mammoth-48-Snow-Blower_Front_3-4.png\",\"contentUrl\":\"https:\\\/\\\/www.ariens.eu\\\/at\\\/wp-content\\\/uploads\\\/sites\\\/10\\\/2024\\\/05\\\/851301-Ariens-Mammoth-48-Snow-Blower_Front_3-4.png\",\"width\":2560,\"height\":1920},{\"@type\":\"BreadcrumbList\",\"@id\":\"https:\\\/\\\/www.ariens.eu\\\/at\\\/product\\\/schneefraesen\\\/anbaugeraete\\\/snowblower-36-91-cm\\\/#breadcrumb\",\"itemListElement\":[{\"@type\":\"ListItem\",\"position\":1,\"name\":\"Home\",\"item\":\"https:\\\/\\\/www.ariens.eu\\\/at\\\/\"},{\"@type\":\"ListItem\",\"position\":2,\"name\":\"Shop\",\"item\":\"https:\\\/\\\/www.ariens.eu\\\/at\\\/shop\\\/\"},{\"@type\":\"ListItem\",\"position\":3,\"name\":\"SNOWBLOWER 36&#8243; 91 cm\"}]},{\"@type\":\"WebSite\",\"@id\":\"https:\\\/\\\/www.ariens.eu\\\/at\\\/#website\",\"url\":\"https:\\\/\\\/www.ariens.eu\\\/at\\\/\",\"name\":\"Ariens | EMEAA\",\"description\":\"Powerful and reliable zero-turn mowers &amp; snow blowers for professional users and demanding private customers\",\"potentialAction\":[{\"@type\":\"SearchAction\",\"target\":{\"@type\":\"EntryPoint\",\"urlTemplate\":\"https:\\\/\\\/www.ariens.eu\\\/at\\\/?s={search_term_string}\"},\"query-input\":{\"@type\":\"PropertyValueSpecification\",\"valueRequired\":true,\"valueName\":\"search_term_string\"}}],\"inLanguage\":\"de\"}]}<\/script>\n<!-- \/ Yoast SEO plugin. -->","yoast_head_json":{"title":"Anbau-Schneefr\u00e4se 91 cm - MAMMOTH\u2122 850 Series | Ariens","description":"R\u00fcsten Sie den Ariens MAMMOTH\u2122 850 mit unserem Ganzstahl-Schwerlast-Schneer\u00e4umschild auf, das einen Schneewurf von bis zu 60 Fu\u00df und eine pr\u00e4zise Joystick-Steuerung bietet.","robots":{"index":"index","follow":"follow","max-snippet":"max-snippet:-1","max-image-preview":"max-image-preview:large","max-video-preview":"max-video-preview:-1"},"canonical":"https:\/\/www.ariens.eu\/at\/product\/schneefraesen\/anbaugeraete\/snowblower-36-91-cm\/","og_locale":"de_DE","og_type":"article","og_title":"Anbau-Schneefr\u00e4se 91 cm - MAMMOTH\u2122 850 Series | Ariens","og_description":"R\u00fcsten Sie den Ariens MAMMOTH\u2122 850 mit unserem Ganzstahl-Schwerlast-Schneer\u00e4umschild auf, das einen Schneewurf von bis zu 60 Fu\u00df und eine pr\u00e4zise Joystick-Steuerung bietet.","og_url":"https:\/\/www.ariens.eu\/at\/product\/schneefraesen\/anbaugeraete\/snowblower-36-91-cm\/","og_site_name":"Ariens | EMEAA","article_modified_time":"2026-01-06T12:17:34+00:00","og_image":[{"width":2560,"height":1920,"url":"https:\/\/www.ariens.eu\/at\/wp-content\/uploads\/sites\/10\/2024\/05\/851301-Ariens-Mammoth-48-Snow-Blower_Front_3-4.png","type":"image\/png"}],"twitter_card":"summary_large_image","twitter_misc":{"Gesch\u00e4tzte Lesezeit":"1\u00a0Minute"},"schema":{"@context":"https:\/\/schema.org","@graph":[{"@type":"WebPage","@id":"https:\/\/www.ariens.eu\/at\/product\/schneefraesen\/anbaugeraete\/snowblower-36-91-cm\/","url":"https:\/\/www.ariens.eu\/at\/product\/schneefraesen\/anbaugeraete\/snowblower-36-91-cm\/","name":"Anbau-Schneefr\u00e4se 91 cm - MAMMOTH\u2122 850 Series | Ariens","isPartOf":{"@id":"https:\/\/www.ariens.eu\/at\/#website"},"primaryImageOfPage":{"@id":"https:\/\/www.ariens.eu\/at\/product\/schneefraesen\/anbaugeraete\/snowblower-36-91-cm\/#primaryimage"},"image":{"@id":"https:\/\/www.ariens.eu\/at\/product\/schneefraesen\/anbaugeraete\/snowblower-36-91-cm\/#primaryimage"},"thumbnailUrl":"https:\/\/www.ariens.eu\/at\/wp-content\/uploads\/sites\/10\/2024\/05\/851301-Ariens-Mammoth-48-Snow-Blower_Front_3-4.png","datePublished":"2024-05-10T10:04:36+00:00","dateModified":"2026-01-06T12:17:34+00:00","description":"R\u00fcsten Sie den Ariens MAMMOTH\u2122 850 mit unserem Ganzstahl-Schwerlast-Schneer\u00e4umschild auf, das einen Schneewurf von bis zu 60 Fu\u00df und eine pr\u00e4zise Joystick-Steuerung bietet.","breadcrumb":{"@id":"https:\/\/www.ariens.eu\/at\/product\/schneefraesen\/anbaugeraete\/snowblower-36-91-cm\/#breadcrumb"},"inLanguage":"de","potentialAction":[{"@type":"ReadAction","target":["https:\/\/www.ariens.eu\/at\/product\/schneefraesen\/anbaugeraete\/snowblower-36-91-cm\/"]}]},{"@type":"ImageObject","inLanguage":"de","@id":"https:\/\/www.ariens.eu\/at\/product\/schneefraesen\/anbaugeraete\/snowblower-36-91-cm\/#primaryimage","url":"https:\/\/www.ariens.eu\/at\/wp-content\/uploads\/sites\/10\/2024\/05\/851301-Ariens-Mammoth-48-Snow-Blower_Front_3-4.png","contentUrl":"https:\/\/www.ariens.eu\/at\/wp-content\/uploads\/sites\/10\/2024\/05\/851301-Ariens-Mammoth-48-Snow-Blower_Front_3-4.png","width":2560,"height":1920},{"@type":"BreadcrumbList","@id":"https:\/\/www.ariens.eu\/at\/product\/schneefraesen\/anbaugeraete\/snowblower-36-91-cm\/#breadcrumb","itemListElement":[{"@type":"ListItem","position":1,"name":"Home","item":"https:\/\/www.ariens.eu\/at\/"},{"@type":"ListItem","position":2,"name":"Shop","item":"https:\/\/www.ariens.eu\/at\/shop\/"},{"@type":"ListItem","position":3,"name":"SNOWBLOWER 36&#8243; 91 cm"}]},{"@type":"WebSite","@id":"https:\/\/www.ariens.eu\/at\/#website","url":"https:\/\/www.ariens.eu\/at\/","name":"Ariens | EMEAA","description":"Powerful and reliable zero-turn mowers &amp; snow blowers for professional users and demanding private customers","potentialAction":[{"@type":"SearchAction","target":{"@type":"EntryPoint","urlTemplate":"https:\/\/www.ariens.eu\/at\/?s={search_term_string}"},"query-input":{"@type":"PropertyValueSpecification","valueRequired":true,"valueName":"search_term_string"}}],"inLanguage":"de"}]}},"_links":{"self":[{"href":"https:\/\/www.ariens.eu\/at\/wp-json\/wp\/v2\/product\/2319","targetHints":{"allow":["GET"]}}],"collection":[{"href":"https:\/\/www.ariens.eu\/at\/wp-json\/wp\/v2\/product"}],"about":[{"href":"https:\/\/www.ariens.eu\/at\/wp-json\/wp\/v2\/types\/product"}],"replies":[{"embeddable":true,"href":"https:\/\/www.ariens.eu\/at\/wp-json\/wp\/v2\/comments?post=2319"}],"wp:featuredmedia":[{"embeddable":true,"href":"https:\/\/www.ariens.eu\/at\/wp-json\/wp\/v2\/media\/3029"}],"wp:attachment":[{"href":"https:\/\/www.ariens.eu\/at\/wp-json\/wp\/v2\/media?parent=2319"}],"wp:term":[{"taxonomy":"product_brand","embeddable":true,"href":"https:\/\/www.ariens.eu\/at\/wp-json\/wp\/v2\/product_brand?post=2319"},{"taxonomy":"product_cat","embeddable":true,"href":"https:\/\/www.ariens.eu\/at\/wp-json\/wp\/v2\/product_cat?post=2319"},{"taxonomy":"product_tag","embeddable":true,"href":"https:\/\/www.ariens.eu\/at\/wp-json\/wp\/v2\/product_tag?post=2319"}],"curies":[{"name":"wp","href":"https:\/\/api.w.org\/{rel}","templated":true}]}}