{"id":2321,"date":"2024-05-10T11:04:36","date_gmt":"2024-05-10T10:04:36","guid":{"rendered":"https:\/\/www.ariens.eu\/product\/salt-spreader-113-cm\/"},"modified":"2026-01-06T12:25:21","modified_gmt":"2026-01-06T12:25:21","slug":"salt-spreader-113-cm","status":"publish","type":"product","link":"https:\/\/www.ariens.eu\/at\/produkt\/schneefraesen\/anbaugeraete\/salt-spreader-113-cm","title":{"rendered":"SALT SPREADER 113 cm"},"content":{"rendered":"<div class=\"acfd-block acfd-block__twocolumns mb-asm-1 container-fluid px-0 bg-default\">\n<div class=\"acfd-twocolumns\">\n<div class=\"row\">\n<div class='col-lg-9 mb-4'>\n<div class=\"acfd-block acfd-block__headline mb-asm-1 container-fluid px-0 bg-default\">\n<div class=\"acfd-headline\" >\n<h2 class='h2 text-left'>Maximale Verkehrssicherheit durch Salzstreuen<\/h2>\n<\/p><\/div>\n<\/div>\n<div class=\"acfd-block acfd-block__text container-fluid px-0 bg-default\">\n<div class=\"acfd-text\">\n<p>Effizienter Winterdienst mit dem Salzstreuer, einem erstklassigen, hinten montierten Fallstreuer. Dieser Streuer wurde sowohl f\u00fcr das Salzen als auch f\u00fcr das Streuen entwickelt und verf\u00fcgt \u00fcber ein in dieser Kategorie f\u00fchrendes Fassungsverm\u00f6gen von 2,0 Kubikfu\u00df, so dass Sie mehr Fl\u00e4che mit weniger Nachf\u00fcllungen abdecken k\u00f6nnen.<\/p>\n<p>Durch das praktische Bedienfeld am Armaturenbrett sind alle notwendigen Bedienelemente in Reichweite des Fahrers und sorgen f\u00fcr maximale Effizienz und Benutzerfreundlichkeit. Der Streuer misst 63,9 Zoll in der L\u00e4nge, 44,8 Zoll in der Breite und 30,2 Zoll in der H\u00f6he und ist damit perfekt f\u00fcr eine Reihe von Anwendungen ausgelegt. Er wiegt im montierten Zustand 191,2 lbs und kann mit einem Gewicht von bis zu 350 lbs beladen werden. Mit einer Abdeckungsbreite von 30 Zoll bis 36 Zoll bietet er anpassbare Anwendungen f\u00fcr verschiedene Bed\u00fcrfnisse. Der Salzstreuer eignet sich sowohl f\u00fcr den gewerblichen als auch f\u00fcr den privaten Gebrauch und ist Ihr zuverl\u00e4ssiger Partner f\u00fcr einen effektiven Winterdienst auf Stra\u00dfen und Wegen.<\/p>\n<\/div>\n<\/div><\/div>\n<div class='col-lg'>                    <\/div>\n<\/p><\/div>\n<\/div>\n<\/div>\n","protected":false},"excerpt":{"rendered":"<p>Maximale Verkehrssicherheit durch Salzstreuen Effizienter Winterdienst mit dem Salzstreuer, einem erstklassigen, hinten montierten Fallstreuer. Dieser Streuer wurde sowohl f\u00fcr das Salzen als auch f\u00fcr das Streuen entwickelt und verf\u00fcgt \u00fcber ein in dieser Kategorie f\u00fchrendes Fassungsverm\u00f6gen von 2,0 Kubikfu\u00df, so dass Sie mehr Fl\u00e4che mit weniger Nachf\u00fcllungen abdecken k\u00f6nnen. Durch das praktische Bedienfeld am Armaturenbrett [&hellip;]<\/p>\n","protected":false},"featured_media":3028,"comment_status":"open","ping_status":"closed","template":"","meta":{"_acf_changed":false,"_relevanssi_hide_post":"","_relevanssi_hide_content":"","_relevanssi_pin_for_all":"","_relevanssi_pin_keywords":"","_relevanssi_unpin_keywords":"","_relevanssi_related_keywords":"","_relevanssi_related_include_ids":"","_relevanssi_related_exclude_ids":"","_relevanssi_related_no_append":"","_relevanssi_related_not_related":"","_relevanssi_related_posts":"","_relevanssi_noindex_reason":""},"product_brand":[],"product_cat":[15],"product_tag":[],"class_list":{"0":"post-2321","1":"product","2":"type-product","3":"status-publish","4":"has-post-thumbnail","6":"product_variant-anbaugeraete","7":"product_usage_areas-winterdienst","9":"first","10":"instock","11":"shipping-taxable","12":"product-type-simple"},"acf":[],"yoast_head":"<!-- This site is optimized with the Yoast SEO plugin v27.3 - https:\/\/yoast.com\/product\/yoast-seo-wordpress\/ -->\n<title>113 cm Salzstreuer - MAMMOTH\u2122 850er Serie | Ariens<\/title>\n<meta name=\"description\" content=\"Lernen Sie den Salzstreuer kennen, Ihr unverzichtbares Werkzeug f\u00fcr einen effizienten Stra\u00dfenwinterdienst. Perfekt f\u00fcr Salz- und Sandstreuaufgaben.\" \/>\n<meta name=\"robots\" content=\"index, follow, max-snippet:-1, max-image-preview:large, max-video-preview:-1\" \/>\n<link rel=\"canonical\" href=\"https:\/\/www.ariens.eu\/at\/product\/schneefraesen\/anbaugeraete\/salt-spreader-113-cm\/\" \/>\n<meta property=\"og:locale\" content=\"de_DE\" \/>\n<meta property=\"og:type\" content=\"article\" \/>\n<meta property=\"og:title\" content=\"113 cm Salzstreuer - MAMMOTH\u2122 850er Serie | Ariens\" \/>\n<meta property=\"og:description\" content=\"Lernen Sie den Salzstreuer kennen, Ihr unverzichtbares Werkzeug f\u00fcr einen effizienten Stra\u00dfenwinterdienst. Perfekt f\u00fcr Salz- und Sandstreuaufgaben.\" \/>\n<meta property=\"og:url\" content=\"https:\/\/www.ariens.eu\/at\/product\/schneefraesen\/anbaugeraete\/salt-spreader-113-cm\/\" \/>\n<meta property=\"og:site_name\" content=\"Ariens | EMEAA\" \/>\n<meta property=\"article:modified_time\" content=\"2026-01-06T12:25:21+00:00\" \/>\n<meta property=\"og:image\" content=\"https:\/\/www.ariens.eu\/at\/wp-content\/uploads\/sites\/10\/2024\/05\/951001-Mammoth-Salt_Spreader_BL34-4-2.webp\" \/>\n\t<meta property=\"og:image:width\" content=\"1900\" \/>\n\t<meta property=\"og:image:height\" content=\"1560\" \/>\n\t<meta property=\"og:image:type\" content=\"image\/webp\" \/>\n<meta name=\"twitter:card\" content=\"summary_large_image\" \/>\n<meta name=\"twitter:label1\" content=\"Gesch\u00e4tzte Lesezeit\" \/>\n\t<meta name=\"twitter:data1\" content=\"2\u00a0Minuten\" \/>\n<script type=\"application\/ld+json\" class=\"yoast-schema-graph\">{\"@context\":\"https:\\\/\\\/schema.org\",\"@graph\":[{\"@type\":\"WebPage\",\"@id\":\"https:\\\/\\\/www.ariens.eu\\\/at\\\/product\\\/schneefraesen\\\/anbaugeraete\\\/salt-spreader-113-cm\\\/\",\"url\":\"https:\\\/\\\/www.ariens.eu\\\/at\\\/product\\\/schneefraesen\\\/anbaugeraete\\\/salt-spreader-113-cm\\\/\",\"name\":\"113 cm Salzstreuer - MAMMOTH\u2122 850er Serie | Ariens\",\"isPartOf\":{\"@id\":\"https:\\\/\\\/www.ariens.eu\\\/at\\\/#website\"},\"primaryImageOfPage\":{\"@id\":\"https:\\\/\\\/www.ariens.eu\\\/at\\\/product\\\/schneefraesen\\\/anbaugeraete\\\/salt-spreader-113-cm\\\/#primaryimage\"},\"image\":{\"@id\":\"https:\\\/\\\/www.ariens.eu\\\/at\\\/product\\\/schneefraesen\\\/anbaugeraete\\\/salt-spreader-113-cm\\\/#primaryimage\"},\"thumbnailUrl\":\"https:\\\/\\\/www.ariens.eu\\\/at\\\/wp-content\\\/uploads\\\/sites\\\/10\\\/2024\\\/05\\\/951001-Mammoth-Salt_Spreader_BL34-4-2.webp\",\"datePublished\":\"2024-05-10T10:04:36+00:00\",\"dateModified\":\"2026-01-06T12:25:21+00:00\",\"description\":\"Lernen Sie den Salzstreuer kennen, Ihr unverzichtbares Werkzeug f\u00fcr einen effizienten Stra\u00dfenwinterdienst. Perfekt f\u00fcr Salz- und Sandstreuaufgaben.\",\"breadcrumb\":{\"@id\":\"https:\\\/\\\/www.ariens.eu\\\/at\\\/product\\\/schneefraesen\\\/anbaugeraete\\\/salt-spreader-113-cm\\\/#breadcrumb\"},\"inLanguage\":\"de\",\"potentialAction\":[{\"@type\":\"ReadAction\",\"target\":[\"https:\\\/\\\/www.ariens.eu\\\/at\\\/product\\\/schneefraesen\\\/anbaugeraete\\\/salt-spreader-113-cm\\\/\"]}]},{\"@type\":\"ImageObject\",\"inLanguage\":\"de\",\"@id\":\"https:\\\/\\\/www.ariens.eu\\\/at\\\/product\\\/schneefraesen\\\/anbaugeraete\\\/salt-spreader-113-cm\\\/#primaryimage\",\"url\":\"https:\\\/\\\/www.ariens.eu\\\/at\\\/wp-content\\\/uploads\\\/sites\\\/10\\\/2024\\\/05\\\/951001-Mammoth-Salt_Spreader_BL34-4-2.webp\",\"contentUrl\":\"https:\\\/\\\/www.ariens.eu\\\/at\\\/wp-content\\\/uploads\\\/sites\\\/10\\\/2024\\\/05\\\/951001-Mammoth-Salt_Spreader_BL34-4-2.webp\",\"width\":1900,\"height\":1560},{\"@type\":\"BreadcrumbList\",\"@id\":\"https:\\\/\\\/www.ariens.eu\\\/at\\\/product\\\/schneefraesen\\\/anbaugeraete\\\/salt-spreader-113-cm\\\/#breadcrumb\",\"itemListElement\":[{\"@type\":\"ListItem\",\"position\":1,\"name\":\"Home\",\"item\":\"https:\\\/\\\/www.ariens.eu\\\/at\\\/\"},{\"@type\":\"ListItem\",\"position\":2,\"name\":\"Shop\",\"item\":\"https:\\\/\\\/www.ariens.eu\\\/at\\\/shop\\\/\"},{\"@type\":\"ListItem\",\"position\":3,\"name\":\"SALT SPREADER 113 cm\"}]},{\"@type\":\"WebSite\",\"@id\":\"https:\\\/\\\/www.ariens.eu\\\/at\\\/#website\",\"url\":\"https:\\\/\\\/www.ariens.eu\\\/at\\\/\",\"name\":\"Ariens | EMEAA\",\"description\":\"Powerful and reliable zero-turn mowers &amp; snow blowers for professional users and demanding private customers\",\"potentialAction\":[{\"@type\":\"SearchAction\",\"target\":{\"@type\":\"EntryPoint\",\"urlTemplate\":\"https:\\\/\\\/www.ariens.eu\\\/at\\\/?s={search_term_string}\"},\"query-input\":{\"@type\":\"PropertyValueSpecification\",\"valueRequired\":true,\"valueName\":\"search_term_string\"}}],\"inLanguage\":\"de\"}]}<\/script>\n<!-- \/ Yoast SEO plugin. -->","yoast_head_json":{"title":"113 cm Salzstreuer - MAMMOTH\u2122 850er Serie | Ariens","description":"Lernen Sie den Salzstreuer kennen, Ihr unverzichtbares Werkzeug f\u00fcr einen effizienten Stra\u00dfenwinterdienst. Perfekt f\u00fcr Salz- und Sandstreuaufgaben.","robots":{"index":"index","follow":"follow","max-snippet":"max-snippet:-1","max-image-preview":"max-image-preview:large","max-video-preview":"max-video-preview:-1"},"canonical":"https:\/\/www.ariens.eu\/at\/product\/schneefraesen\/anbaugeraete\/salt-spreader-113-cm\/","og_locale":"de_DE","og_type":"article","og_title":"113 cm Salzstreuer - MAMMOTH\u2122 850er Serie | Ariens","og_description":"Lernen Sie den Salzstreuer kennen, Ihr unverzichtbares Werkzeug f\u00fcr einen effizienten Stra\u00dfenwinterdienst. Perfekt f\u00fcr Salz- und Sandstreuaufgaben.","og_url":"https:\/\/www.ariens.eu\/at\/product\/schneefraesen\/anbaugeraete\/salt-spreader-113-cm\/","og_site_name":"Ariens | EMEAA","article_modified_time":"2026-01-06T12:25:21+00:00","og_image":[{"width":1900,"height":1560,"url":"https:\/\/www.ariens.eu\/at\/wp-content\/uploads\/sites\/10\/2024\/05\/951001-Mammoth-Salt_Spreader_BL34-4-2.webp","type":"image\/webp"}],"twitter_card":"summary_large_image","twitter_misc":{"Gesch\u00e4tzte Lesezeit":"2\u00a0Minuten"},"schema":{"@context":"https:\/\/schema.org","@graph":[{"@type":"WebPage","@id":"https:\/\/www.ariens.eu\/at\/product\/schneefraesen\/anbaugeraete\/salt-spreader-113-cm\/","url":"https:\/\/www.ariens.eu\/at\/product\/schneefraesen\/anbaugeraete\/salt-spreader-113-cm\/","name":"113 cm Salzstreuer - MAMMOTH\u2122 850er Serie | Ariens","isPartOf":{"@id":"https:\/\/www.ariens.eu\/at\/#website"},"primaryImageOfPage":{"@id":"https:\/\/www.ariens.eu\/at\/product\/schneefraesen\/anbaugeraete\/salt-spreader-113-cm\/#primaryimage"},"image":{"@id":"https:\/\/www.ariens.eu\/at\/product\/schneefraesen\/anbaugeraete\/salt-spreader-113-cm\/#primaryimage"},"thumbnailUrl":"https:\/\/www.ariens.eu\/at\/wp-content\/uploads\/sites\/10\/2024\/05\/951001-Mammoth-Salt_Spreader_BL34-4-2.webp","datePublished":"2024-05-10T10:04:36+00:00","dateModified":"2026-01-06T12:25:21+00:00","description":"Lernen Sie den Salzstreuer kennen, Ihr unverzichtbares Werkzeug f\u00fcr einen effizienten Stra\u00dfenwinterdienst. Perfekt f\u00fcr Salz- und Sandstreuaufgaben.","breadcrumb":{"@id":"https:\/\/www.ariens.eu\/at\/product\/schneefraesen\/anbaugeraete\/salt-spreader-113-cm\/#breadcrumb"},"inLanguage":"de","potentialAction":[{"@type":"ReadAction","target":["https:\/\/www.ariens.eu\/at\/product\/schneefraesen\/anbaugeraete\/salt-spreader-113-cm\/"]}]},{"@type":"ImageObject","inLanguage":"de","@id":"https:\/\/www.ariens.eu\/at\/product\/schneefraesen\/anbaugeraete\/salt-spreader-113-cm\/#primaryimage","url":"https:\/\/www.ariens.eu\/at\/wp-content\/uploads\/sites\/10\/2024\/05\/951001-Mammoth-Salt_Spreader_BL34-4-2.webp","contentUrl":"https:\/\/www.ariens.eu\/at\/wp-content\/uploads\/sites\/10\/2024\/05\/951001-Mammoth-Salt_Spreader_BL34-4-2.webp","width":1900,"height":1560},{"@type":"BreadcrumbList","@id":"https:\/\/www.ariens.eu\/at\/product\/schneefraesen\/anbaugeraete\/salt-spreader-113-cm\/#breadcrumb","itemListElement":[{"@type":"ListItem","position":1,"name":"Home","item":"https:\/\/www.ariens.eu\/at\/"},{"@type":"ListItem","position":2,"name":"Shop","item":"https:\/\/www.ariens.eu\/at\/shop\/"},{"@type":"ListItem","position":3,"name":"SALT SPREADER 113 cm"}]},{"@type":"WebSite","@id":"https:\/\/www.ariens.eu\/at\/#website","url":"https:\/\/www.ariens.eu\/at\/","name":"Ariens | EMEAA","description":"Powerful and reliable zero-turn mowers &amp; snow blowers for professional users and demanding private customers","potentialAction":[{"@type":"SearchAction","target":{"@type":"EntryPoint","urlTemplate":"https:\/\/www.ariens.eu\/at\/?s={search_term_string}"},"query-input":{"@type":"PropertyValueSpecification","valueRequired":true,"valueName":"search_term_string"}}],"inLanguage":"de"}]}},"_links":{"self":[{"href":"https:\/\/www.ariens.eu\/at\/wp-json\/wp\/v2\/product\/2321","targetHints":{"allow":["GET"]}}],"collection":[{"href":"https:\/\/www.ariens.eu\/at\/wp-json\/wp\/v2\/product"}],"about":[{"href":"https:\/\/www.ariens.eu\/at\/wp-json\/wp\/v2\/types\/product"}],"replies":[{"embeddable":true,"href":"https:\/\/www.ariens.eu\/at\/wp-json\/wp\/v2\/comments?post=2321"}],"wp:featuredmedia":[{"embeddable":true,"href":"https:\/\/www.ariens.eu\/at\/wp-json\/wp\/v2\/media\/3028"}],"wp:attachment":[{"href":"https:\/\/www.ariens.eu\/at\/wp-json\/wp\/v2\/media?parent=2321"}],"wp:term":[{"taxonomy":"product_brand","embeddable":true,"href":"https:\/\/www.ariens.eu\/at\/wp-json\/wp\/v2\/product_brand?post=2321"},{"taxonomy":"product_cat","embeddable":true,"href":"https:\/\/www.ariens.eu\/at\/wp-json\/wp\/v2\/product_cat?post=2321"},{"taxonomy":"product_tag","embeddable":true,"href":"https:\/\/www.ariens.eu\/at\/wp-json\/wp\/v2\/product_tag?post=2321"}],"curies":[{"name":"wp","href":"https:\/\/api.w.org\/{rel}","templated":true}]}}