{"id":2322,"date":"2024-05-10T11:04:36","date_gmt":"2024-05-10T10:04:36","guid":{"rendered":"https:\/\/www.ariens.eu\/product\/brine-sprayer-69-119-cm\/"},"modified":"2026-01-06T09:58:28","modified_gmt":"2026-01-06T09:58:28","slug":"brine-sprayer-69-119-cm","status":"publish","type":"product","link":"https:\/\/www.ariens.eu\/at\/produkt\/schneefraesen\/anbaugeraete\/brine-sprayer-69-119-cm","title":{"rendered":"BRINE SPRAYER 69 &#8211; 119 cm"},"content":{"rendered":"<div class=\"acfd-block acfd-block__twocolumns mb-asm-1 container-fluid px-0 bg-default\">\n<div class=\"acfd-twocolumns\">\n<div class=\"row\">\n<div class='col-lg-9 mb-4'>\n<div class=\"acfd-block acfd-block__headline mb-asm-1 container-fluid px-0 bg-default\">\n<div class=\"acfd-headline\" >\n<h2 class='h2 text-left'>Variable Verstellm\u00f6glichkeit in der Breite. Tauen Sie zuverl\u00e4ssig ab.<\/h2>\n<\/p><\/div>\n<\/div>\n<div class=\"acfd-block acfd-block__text container-fluid px-0 bg-default\">\n<div class=\"acfd-text\">\n<p>Der Soleverteiler f\u00fcr die MAMMOTHTN 850-Serie ist eine umfassende L\u00f6sung f\u00fcr ein effizientes Eismanagement. Dieser Soleverteiler ist mit f\u00fcnf Spr\u00fchd\u00fcsen, einem Handspr\u00fchstab und einem 20-Gallonen-Soletank ausgestattet und sorgt daf\u00fcr, dass das Eis unter allen Bedingungen effektiv bek\u00e4mpft wird.<\/p>\n<p>Der komplette Satz enth\u00e4lt alle erforderlichen Schl\u00e4uche, Pumpen und D\u00fcsen f\u00fcr einen nahtlosen Aufbau. Mit einer minimalen Streubreite von 68,58 cm (27 Zoll) und einer maximalen Breite von 119,38 cm (47 Zoll) bietet er vielseitige Anwendungsm\u00f6glichkeiten. Der Streuer verf\u00fcgt \u00fcber eine beeindruckende Spr\u00fchmenge von 1,15 gpm bei 15 psi und 2,03 gpm bei 40 psi, erg\u00e4nzt durch eine Durchflussregelung f\u00fcr pr\u00e4zises Spr\u00fchen. Der Spr\u00fchstabaufsatz verbessert die Benutzerfreundlichkeit und erm\u00f6glicht ein gezieltes Ausbringen. Der Soleverteiler eignet sich sowohl f\u00fcr den gewerblichen als auch f\u00fcr den privaten Gebrauch und ist die erste Wahl f\u00fcr eine effektive Eisbek\u00e4mpfung.<\/p>\n<\/div>\n<\/div><\/div>\n<div class='col-lg'>                    <\/div>\n<\/p><\/div>\n<\/div>\n<\/div>\n","protected":false},"excerpt":{"rendered":"<p>Variable Verstellm\u00f6glichkeit in der Breite. Tauen Sie zuverl\u00e4ssig ab. Der Soleverteiler f\u00fcr die MAMMOTHTN 850-Serie ist eine umfassende L\u00f6sung f\u00fcr ein effizientes Eismanagement. Dieser Soleverteiler ist mit f\u00fcnf Spr\u00fchd\u00fcsen, einem Handspr\u00fchstab und einem 20-Gallonen-Soletank ausgestattet und sorgt daf\u00fcr, dass das Eis unter allen Bedingungen effektiv bek\u00e4mpft wird. Der komplette Satz enth\u00e4lt alle erforderlichen Schl\u00e4uche, Pumpen [&hellip;]<\/p>\n","protected":false},"featured_media":3027,"comment_status":"open","ping_status":"closed","template":"","meta":{"_acf_changed":false,"_relevanssi_hide_post":"","_relevanssi_hide_content":"","_relevanssi_pin_for_all":"","_relevanssi_pin_keywords":"","_relevanssi_unpin_keywords":"","_relevanssi_related_keywords":"","_relevanssi_related_include_ids":"","_relevanssi_related_exclude_ids":"","_relevanssi_related_no_append":"","_relevanssi_related_not_related":"","_relevanssi_related_posts":"","_relevanssi_noindex_reason":""},"product_brand":[],"product_cat":[15],"product_tag":[],"class_list":{"0":"post-2322","1":"product","2":"type-product","3":"status-publish","4":"has-post-thumbnail","6":"product_variant-anbaugeraete","7":"product_usage_areas-winterdienst","9":"first","10":"instock","11":"shipping-taxable","12":"product-type-simple"},"acf":[],"yoast_head":"<!-- This site is optimized with the Yoast SEO plugin v27.3 - https:\/\/yoast.com\/product\/yoast-seo-wordpress\/ -->\n<title>Sole-Spr\u00fchger\u00e4t- Serie MAMMOTH\u2122 850 | Ariens<\/title>\n<meta name=\"description\" content=\"Bezwingen Sie das Eis mit dem Salzstreuer, der mit f\u00fcnf Spr\u00fchd\u00fcsen, einem 20-Gallonen-Tank und einem Handspr\u00fchstab f\u00fcr effiziente Eisbek\u00e4mpfung ausgestattet ist.\" \/>\n<meta name=\"robots\" content=\"index, follow, max-snippet:-1, max-image-preview:large, max-video-preview:-1\" \/>\n<link rel=\"canonical\" href=\"https:\/\/www.ariens.eu\/at\/product\/schneefraesen\/anbaugeraete\/brine-sprayer-69-119-cm\/\" \/>\n<meta property=\"og:locale\" content=\"de_DE\" \/>\n<meta property=\"og:type\" content=\"article\" \/>\n<meta property=\"og:title\" content=\"Sole-Spr\u00fchger\u00e4t- Serie MAMMOTH\u2122 850 | Ariens\" \/>\n<meta property=\"og:description\" content=\"Bezwingen Sie das Eis mit dem Salzstreuer, der mit f\u00fcnf Spr\u00fchd\u00fcsen, einem 20-Gallonen-Tank und einem Handspr\u00fchstab f\u00fcr effiziente Eisbek\u00e4mpfung ausgestattet ist.\" \/>\n<meta property=\"og:url\" content=\"https:\/\/www.ariens.eu\/at\/product\/schneefraesen\/anbaugeraete\/brine-sprayer-69-119-cm\/\" \/>\n<meta property=\"og:site_name\" content=\"Ariens | EMEAA\" \/>\n<meta property=\"article:modified_time\" content=\"2026-01-06T09:58:28+00:00\" \/>\n<meta property=\"og:image\" content=\"https:\/\/www.ariens.eu\/at\/wp-content\/uploads\/sites\/10\/2024\/05\/mammoth-brine.webp\" \/>\n\t<meta property=\"og:image:width\" content=\"475\" \/>\n\t<meta property=\"og:image:height\" content=\"475\" \/>\n\t<meta property=\"og:image:type\" content=\"image\/webp\" \/>\n<meta name=\"twitter:card\" content=\"summary_large_image\" \/>\n<meta name=\"twitter:label1\" content=\"Gesch\u00e4tzte Lesezeit\" \/>\n\t<meta name=\"twitter:data1\" content=\"1\u00a0Minute\" \/>\n<script type=\"application\/ld+json\" class=\"yoast-schema-graph\">{\"@context\":\"https:\\\/\\\/schema.org\",\"@graph\":[{\"@type\":\"WebPage\",\"@id\":\"https:\\\/\\\/www.ariens.eu\\\/at\\\/product\\\/schneefraesen\\\/anbaugeraete\\\/brine-sprayer-69-119-cm\\\/\",\"url\":\"https:\\\/\\\/www.ariens.eu\\\/at\\\/product\\\/schneefraesen\\\/anbaugeraete\\\/brine-sprayer-69-119-cm\\\/\",\"name\":\"Sole-Spr\u00fchger\u00e4t- Serie MAMMOTH\u2122 850 | Ariens\",\"isPartOf\":{\"@id\":\"https:\\\/\\\/www.ariens.eu\\\/at\\\/#website\"},\"primaryImageOfPage\":{\"@id\":\"https:\\\/\\\/www.ariens.eu\\\/at\\\/product\\\/schneefraesen\\\/anbaugeraete\\\/brine-sprayer-69-119-cm\\\/#primaryimage\"},\"image\":{\"@id\":\"https:\\\/\\\/www.ariens.eu\\\/at\\\/product\\\/schneefraesen\\\/anbaugeraete\\\/brine-sprayer-69-119-cm\\\/#primaryimage\"},\"thumbnailUrl\":\"https:\\\/\\\/www.ariens.eu\\\/at\\\/wp-content\\\/uploads\\\/sites\\\/10\\\/2024\\\/05\\\/mammoth-brine.webp\",\"datePublished\":\"2024-05-10T10:04:36+00:00\",\"dateModified\":\"2026-01-06T09:58:28+00:00\",\"description\":\"Bezwingen Sie das Eis mit dem Salzstreuer, der mit f\u00fcnf Spr\u00fchd\u00fcsen, einem 20-Gallonen-Tank und einem Handspr\u00fchstab f\u00fcr effiziente Eisbek\u00e4mpfung ausgestattet ist.\",\"breadcrumb\":{\"@id\":\"https:\\\/\\\/www.ariens.eu\\\/at\\\/product\\\/schneefraesen\\\/anbaugeraete\\\/brine-sprayer-69-119-cm\\\/#breadcrumb\"},\"inLanguage\":\"de\",\"potentialAction\":[{\"@type\":\"ReadAction\",\"target\":[\"https:\\\/\\\/www.ariens.eu\\\/at\\\/product\\\/schneefraesen\\\/anbaugeraete\\\/brine-sprayer-69-119-cm\\\/\"]}]},{\"@type\":\"ImageObject\",\"inLanguage\":\"de\",\"@id\":\"https:\\\/\\\/www.ariens.eu\\\/at\\\/product\\\/schneefraesen\\\/anbaugeraete\\\/brine-sprayer-69-119-cm\\\/#primaryimage\",\"url\":\"https:\\\/\\\/www.ariens.eu\\\/at\\\/wp-content\\\/uploads\\\/sites\\\/10\\\/2024\\\/05\\\/mammoth-brine.webp\",\"contentUrl\":\"https:\\\/\\\/www.ariens.eu\\\/at\\\/wp-content\\\/uploads\\\/sites\\\/10\\\/2024\\\/05\\\/mammoth-brine.webp\",\"width\":475,\"height\":475},{\"@type\":\"BreadcrumbList\",\"@id\":\"https:\\\/\\\/www.ariens.eu\\\/at\\\/product\\\/schneefraesen\\\/anbaugeraete\\\/brine-sprayer-69-119-cm\\\/#breadcrumb\",\"itemListElement\":[{\"@type\":\"ListItem\",\"position\":1,\"name\":\"Home\",\"item\":\"https:\\\/\\\/www.ariens.eu\\\/at\\\/\"},{\"@type\":\"ListItem\",\"position\":2,\"name\":\"Shop\",\"item\":\"https:\\\/\\\/www.ariens.eu\\\/at\\\/shop\\\/\"},{\"@type\":\"ListItem\",\"position\":3,\"name\":\"69 &#8211; 119 cm Sole-Spr\u00fchger\u00e4t\"}]},{\"@type\":\"WebSite\",\"@id\":\"https:\\\/\\\/www.ariens.eu\\\/at\\\/#website\",\"url\":\"https:\\\/\\\/www.ariens.eu\\\/at\\\/\",\"name\":\"Ariens | EMEAA\",\"description\":\"Powerful and reliable zero-turn mowers &amp; snow blowers for professional users and demanding private customers\",\"potentialAction\":[{\"@type\":\"SearchAction\",\"target\":{\"@type\":\"EntryPoint\",\"urlTemplate\":\"https:\\\/\\\/www.ariens.eu\\\/at\\\/?s={search_term_string}\"},\"query-input\":{\"@type\":\"PropertyValueSpecification\",\"valueRequired\":true,\"valueName\":\"search_term_string\"}}],\"inLanguage\":\"de\"}]}<\/script>\n<!-- \/ Yoast SEO plugin. -->","yoast_head_json":{"title":"Sole-Spr\u00fchger\u00e4t- Serie MAMMOTH\u2122 850 | Ariens","description":"Bezwingen Sie das Eis mit dem Salzstreuer, der mit f\u00fcnf Spr\u00fchd\u00fcsen, einem 20-Gallonen-Tank und einem Handspr\u00fchstab f\u00fcr effiziente Eisbek\u00e4mpfung ausgestattet ist.","robots":{"index":"index","follow":"follow","max-snippet":"max-snippet:-1","max-image-preview":"max-image-preview:large","max-video-preview":"max-video-preview:-1"},"canonical":"https:\/\/www.ariens.eu\/at\/product\/schneefraesen\/anbaugeraete\/brine-sprayer-69-119-cm\/","og_locale":"de_DE","og_type":"article","og_title":"Sole-Spr\u00fchger\u00e4t- Serie MAMMOTH\u2122 850 | Ariens","og_description":"Bezwingen Sie das Eis mit dem Salzstreuer, der mit f\u00fcnf Spr\u00fchd\u00fcsen, einem 20-Gallonen-Tank und einem Handspr\u00fchstab f\u00fcr effiziente Eisbek\u00e4mpfung ausgestattet ist.","og_url":"https:\/\/www.ariens.eu\/at\/product\/schneefraesen\/anbaugeraete\/brine-sprayer-69-119-cm\/","og_site_name":"Ariens | EMEAA","article_modified_time":"2026-01-06T09:58:28+00:00","og_image":[{"width":475,"height":475,"url":"https:\/\/www.ariens.eu\/at\/wp-content\/uploads\/sites\/10\/2024\/05\/mammoth-brine.webp","type":"image\/webp"}],"twitter_card":"summary_large_image","twitter_misc":{"Gesch\u00e4tzte Lesezeit":"1\u00a0Minute"},"schema":{"@context":"https:\/\/schema.org","@graph":[{"@type":"WebPage","@id":"https:\/\/www.ariens.eu\/at\/product\/schneefraesen\/anbaugeraete\/brine-sprayer-69-119-cm\/","url":"https:\/\/www.ariens.eu\/at\/product\/schneefraesen\/anbaugeraete\/brine-sprayer-69-119-cm\/","name":"Sole-Spr\u00fchger\u00e4t- Serie MAMMOTH\u2122 850 | Ariens","isPartOf":{"@id":"https:\/\/www.ariens.eu\/at\/#website"},"primaryImageOfPage":{"@id":"https:\/\/www.ariens.eu\/at\/product\/schneefraesen\/anbaugeraete\/brine-sprayer-69-119-cm\/#primaryimage"},"image":{"@id":"https:\/\/www.ariens.eu\/at\/product\/schneefraesen\/anbaugeraete\/brine-sprayer-69-119-cm\/#primaryimage"},"thumbnailUrl":"https:\/\/www.ariens.eu\/at\/wp-content\/uploads\/sites\/10\/2024\/05\/mammoth-brine.webp","datePublished":"2024-05-10T10:04:36+00:00","dateModified":"2026-01-06T09:58:28+00:00","description":"Bezwingen Sie das Eis mit dem Salzstreuer, der mit f\u00fcnf Spr\u00fchd\u00fcsen, einem 20-Gallonen-Tank und einem Handspr\u00fchstab f\u00fcr effiziente Eisbek\u00e4mpfung ausgestattet ist.","breadcrumb":{"@id":"https:\/\/www.ariens.eu\/at\/product\/schneefraesen\/anbaugeraete\/brine-sprayer-69-119-cm\/#breadcrumb"},"inLanguage":"de","potentialAction":[{"@type":"ReadAction","target":["https:\/\/www.ariens.eu\/at\/product\/schneefraesen\/anbaugeraete\/brine-sprayer-69-119-cm\/"]}]},{"@type":"ImageObject","inLanguage":"de","@id":"https:\/\/www.ariens.eu\/at\/product\/schneefraesen\/anbaugeraete\/brine-sprayer-69-119-cm\/#primaryimage","url":"https:\/\/www.ariens.eu\/at\/wp-content\/uploads\/sites\/10\/2024\/05\/mammoth-brine.webp","contentUrl":"https:\/\/www.ariens.eu\/at\/wp-content\/uploads\/sites\/10\/2024\/05\/mammoth-brine.webp","width":475,"height":475},{"@type":"BreadcrumbList","@id":"https:\/\/www.ariens.eu\/at\/product\/schneefraesen\/anbaugeraete\/brine-sprayer-69-119-cm\/#breadcrumb","itemListElement":[{"@type":"ListItem","position":1,"name":"Home","item":"https:\/\/www.ariens.eu\/at\/"},{"@type":"ListItem","position":2,"name":"Shop","item":"https:\/\/www.ariens.eu\/at\/shop\/"},{"@type":"ListItem","position":3,"name":"69 &#8211; 119 cm Sole-Spr\u00fchger\u00e4t"}]},{"@type":"WebSite","@id":"https:\/\/www.ariens.eu\/at\/#website","url":"https:\/\/www.ariens.eu\/at\/","name":"Ariens | EMEAA","description":"Powerful and reliable zero-turn mowers &amp; snow blowers for professional users and demanding private customers","potentialAction":[{"@type":"SearchAction","target":{"@type":"EntryPoint","urlTemplate":"https:\/\/www.ariens.eu\/at\/?s={search_term_string}"},"query-input":{"@type":"PropertyValueSpecification","valueRequired":true,"valueName":"search_term_string"}}],"inLanguage":"de"}]}},"_links":{"self":[{"href":"https:\/\/www.ariens.eu\/at\/wp-json\/wp\/v2\/product\/2322","targetHints":{"allow":["GET"]}}],"collection":[{"href":"https:\/\/www.ariens.eu\/at\/wp-json\/wp\/v2\/product"}],"about":[{"href":"https:\/\/www.ariens.eu\/at\/wp-json\/wp\/v2\/types\/product"}],"replies":[{"embeddable":true,"href":"https:\/\/www.ariens.eu\/at\/wp-json\/wp\/v2\/comments?post=2322"}],"wp:featuredmedia":[{"embeddable":true,"href":"https:\/\/www.ariens.eu\/at\/wp-json\/wp\/v2\/media\/3027"}],"wp:attachment":[{"href":"https:\/\/www.ariens.eu\/at\/wp-json\/wp\/v2\/media?parent=2322"}],"wp:term":[{"taxonomy":"product_brand","embeddable":true,"href":"https:\/\/www.ariens.eu\/at\/wp-json\/wp\/v2\/product_brand?post=2322"},{"taxonomy":"product_cat","embeddable":true,"href":"https:\/\/www.ariens.eu\/at\/wp-json\/wp\/v2\/product_cat?post=2322"},{"taxonomy":"product_tag","embeddable":true,"href":"https:\/\/www.ariens.eu\/at\/wp-json\/wp\/v2\/product_tag?post=2322"}],"curies":[{"name":"wp","href":"https:\/\/api.w.org\/{rel}","templated":true}]}}