{"id":2333,"date":"2024-05-10T11:04:36","date_gmt":"2024-05-10T10:04:36","guid":{"rendered":"https:\/\/www.ariens.eu\/product\/zenith-52\/"},"modified":"2026-02-25T10:43:12","modified_gmt":"2026-02-25T10:43:12","slug":"zenith-52","status":"publish","type":"product","link":"https:\/\/www.ariens.eu\/at\/produkt\/zero-turn-mowers\/zenith-serie\/zenith-52","title":{"rendered":"ZENITH 52"},"content":{"rendered":"<div class=\"acfd-block acfd-block__headline mb-asm-1 container-fluid px-0 bg-default\">\n<div class=\"acfd-headline\" >\n<h2 class='h2 text-left'>Leistung und Komfort wie Profis es sich w\u00fcnschen<\/h2>\n<\/p><\/div>\n<\/div>\n<div class=\"acfd-block acfd-block__twocolumns mb-asm-1 container-fluid px-0 bg-default\">\n<div class=\"acfd-twocolumns\">\n<div class=\"row\">\n<div class='col-lg-9 mb-4'>\n<div class=\"acfd-block acfd-block__text container-fluid px-0 bg-default\">\n<div class=\"acfd-text\">\n<p>All unsere Erfahrung in einer Maschine f\u00fcr den t\u00e4glichen, professionellen und kommunalen Einsatz. Das Maximum an Leistung, Haltbarkeit und Komfort. Darauf k\u00f6nnen Sie sich verlassen. Jeden Tag.<\/p>\n<p>Die Wahl f\u00fcr echte M\u00e4h-Profis. Kawasaki Profi-Motor FX730V mit Doppel-Luftfilter. Gefederte Radgabeln und ged\u00e4mpfter, einstellbarer Komfortsitz f\u00fcr ein Maximum an Fahrkomfort. Profi-M\u00e4hdeck mit 132 cm Schnittbreite f\u00fcr gro\u00dfe Fl\u00e4chen. Mit Seitenauswurf oder optionalem Muchkit zu verwenden. ROPS serienm\u00e4\u00dfig. Ein Profi durch und durch. Mit Profi Garantie.<\/p>\n<ul>\n<li>Der ZENITH 52 verf\u00fcgt \u00fcber ein 132 cm (52&#8243;) langes Seitenauswurfdeck aus stabilem 3,2 mm-Stahl<\/li>\n<li>Angetrieben von einem professionellen 726cm\u00b3 Kawasaki<sup>&reg;<\/sup> FX730V V-Twin-Motor<\/li>\n<li>Branchenf\u00fchrender, vollverschwei\u00dfter Stahlrohrrahmen<\/li>\n<li>Das CBT-System (Constant Belt Tension) verl\u00e4ngert die Lebensdauer des Riemens<\/li>\n<li>Vordere Lenkradgabel und voll gefederter Sitz f\u00fcr ein ruhiges Fahrgef\u00fchl<\/li>\n<li>Serienm\u00e4\u00dfiger ROPS f\u00fcr zus\u00e4tzlichen Schutz des Fahrers<\/li>\n<li>Mit dem Fu\u00df zu bedienendes, vertikales Hubsystem mit 15 Schneidpositionen<\/li>\n<li>Hochlehniger, gepolsterter Sitz mit Armlehnen und integrierten Sitzd\u00e4mpfern<\/li>\n<li>Eine Reihe von optionalem Zubeh\u00f6r ist erh\u00e4ltlich<\/li>\n<li>4 Jahre oder 750 Betriebsstunden Garantie<\/li>\n<\/ul>\n<\/div>\n<\/div><\/div>\n<div class='col-lg'>                    <\/div>\n<\/p><\/div>\n<\/div>\n<\/div>\n<div class=\"acfd-block acfd-block__category mb-asm-3 container-fluid px-0 bg-default\">\n<div class=\"acfd-product-categories\">\n<h2 class=\"text-left mb-3\">\n        Eins\u00e4tze    <\/h2>\n<div class=\"product-categories_wrapper\">\n         <span\n                data-description=\"Sie m\u00e4hen viele Stunden oder sogar tage- oder wochenlang? Sie benutzen Ihre Maschine gewerblich und verdienen Ihr Geld damit? Dann brauchen Sie eine besonders zuverl\u00e4ssige und komfortable Maschine mit langlebigen Komponenten.\"                class=\"product-category-single\"> PRO                <sup><i class=\"fa fa-info-circle\" aria-hidden=\"true\"><\/i><\/sup>            <\/span>  <span\n                data-description=\"Unsere M\u00e4her sind mit hochwertigen Kawasaki<sup>&reg;<\/sup>oder Ariens Motoren ausgestattet. Sie liefern \u00fcberdurchschnittliche Leistung und Zuverl\u00e4ssigkeit.\"                class=\"product-category-single\"> Benzin                <sup><i class=\"fa fa-info-circle\" aria-hidden=\"true\"><\/i><\/sup>            <\/span>  <span\n                data-description=\"Beim Einsatz eines passenden Mulchkits in Ihrem M\u00e4her entf\u00e4llt der Seitenauswurf. Das Schnittgut wird fein zerkleinert und gleichm\u00e4\u00dfig nach hinten auf dem Rasen verteilt. Eingebrachter D\u00fcnger verbleibt auf der Fl\u00e4che und die feinen Graspartikel verschwinden fast unsichtbar im Rasen.\"                class=\"product-category-single\"> Optionales Mulchkit                <sup><i class=\"fa fa-info-circle\" aria-hidden=\"true\"><\/i><\/sup>            <\/span>  <span\n                data-description=\"Ariens Aufsitzm\u00e4her bieten hohen Komfort. Schon ab dem Einstiegsmodell verwenden wir hochwertige Sitze. Gro\u00dfe Beinfreiheit und ergonomische Bedienelemente sind Standard.\"                class=\"product-category-single\"> Ride-On (sitzend)                <sup><i class=\"fa fa-info-circle\" aria-hidden=\"true\"><\/i><\/sup>            <\/span>  <span\n                data-description=\"Bei den Modellen APEX und ZENITH haben Sie die Wahl zwischen Seitenauswurf- und Heckauswurf M\u00e4hdecks. Ein Seitenauswurf-M\u00e4hdeck wirft das Schnittgut \u00fcber eine seitliche \u00d6ffnung und einen Deflektor aus. Der starke Luftstrom verteilt es dann auf gro\u00dfer Fl\u00e4che. In Seitenauswurf-M\u00e4hdecks kann ein optionales Mulchkit eingebaut werden. Bei Verwendung eines Mulchkits wird das Schnittgut fein zerkleinert und nach hinten ausgeworfen. Der Seitenauswurf und der Deflektor werden dann verschlossen bzw. abgebaut.\"                class=\"product-category-single\"> Seitenauswurf                <sup><i class=\"fa fa-info-circle\" aria-hidden=\"true\"><\/i><\/sup>            <\/span>  <span\n                data-description=\"Alle Ariens M\u00e4her sind f\u00fcr ebene Rasenfl\u00e4chen geeignet. W\u00e4hlen Sie Ihre Schnittbreite entsprechend Ihrer Fl\u00e4chengr\u00f6\u00dfe und limitierender Engstellen.\"                class=\"product-category-single\"> Flaches Terrain                <sup><i class=\"fa fa-info-circle\" aria-hidden=\"true\"><\/i><\/sup>            <\/span>  <span\n                data-description=\"Ariens M\u00e4her kommen mit welligem Terrain gut zurecht. W\u00e4hlen Sie bei welligem Gel\u00e4nde eher schm\u00e4lere M\u00e4hdecks f\u00fcr ein einheitlicheres Schnittbild.\"                class=\"product-category-single\"> Welliges Terrain                <sup><i class=\"fa fa-info-circle\" aria-hidden=\"true\"><\/i><\/sup>            <\/span>  <span\n                data-description=\"W\u00e4hlen Sie am besten eine Maschine mit breiten R\u00e4dern. \u00dcberschreiten Sie nicht das angegebene Sicherheitslimit von 15\u00b0 Steigung bei Aufsitzm\u00e4hern und 20\u00b0 bei Stand-On M\u00e4hern. W\u00e4hlen Sie bei welligem Gel\u00e4nde eher schm\u00e4lere M\u00e4hdecks f\u00fcr ein einheitlicheres Schnittbild. Das Modell ZENITH verf\u00fcgt serienm\u00e4\u00dfig \u00fcber einen \u00dcberrollschutz. Auf dem APEX kann er nachger\u00fcstet werden.\"                class=\"product-category-single\"> H\u00fcgeliges Terrain                <sup><i class=\"fa fa-info-circle\" aria-hidden=\"true\"><\/i><\/sup>            <\/span>  <span\n                data-description=\"Auf gro\u00dfen Fl\u00e4chen kommen 132 cm und 152 cm breite M\u00e4hdecks effektiv zum Einsatz.\"                class=\"product-category-single\"> Gro\u00dfe Fl\u00e4chen                <sup><i class=\"fa fa-info-circle\" aria-hidden=\"true\"><\/i><\/sup>            <\/span>     <\/div>\n<\/div>\n<\/div>\n<div class=\"acfd-block acfd-block__twocolumns mb-asm-2 container-fluid container-fluid--force px-0 bg-default\">\n<div class=\"acfd-twocolumns\">\n<div class=\"row\">\n<div class='col-lg-12 mb-4'>\n<div class=\"acfd-product-advantages--wrapper\">\n<h2 class=\"h1 bigger text-color-black text-center mb-5\">\n        Merkmale &#038; Vorteile    <\/h2>\n<div class=\"acfd-product-advantages\">\n<div class=\"row\">\n<div class=\"col-md-6 mb-4 content\">\n                    <span class=\"d-block h5 text-color-brand mb-1\">Modernste Rahmenkonstruktion<\/span><\/p>\n<p>Gro\u00dfdimensionierter Rohrrahmen und so wenig wie m\u00f6glich Schwei\u00dfn\u00e4hte, durch Automotive-Biegetechnik, tragen die Lasten der Maschine mit beispielloser St\u00e4rke und Stabilit\u00e4t.<\/p>\n<\/p><\/div>\n<div class=\"col-md-6 mb4 image\"  style=\"background-image:url(https:\/\/www.ariens.eu\/at\/wp-content\/uploads\/sites\/3\/2024\/05\/frame.webp)\">\n                <\/div>\n<\/p><\/div>\n<div class=\"row\">\n<div class=\"col-md-6 mb-4 content\">\n                    <span class=\"d-block h5 text-color-brand mb-1\">Professionelles M\u00e4hdeck<\/span><\/p>\n<p>Das M\u00e4hdeck ist das am h\u00f6chsten belastete Bauteil eines M\u00e4hers. Hier kommt es besonders auf Stabilit\u00e4t an. Der ZENITH verf\u00fcgt \u00fcber ein 14 cm tiefes, vollverschwei\u00dftes M\u00e4hdeck aus 3,2 mm starkem Stahlblech mit aufgedoppelten Spindeltr\u00e4gern, 12,7 mm Stahlkante, eingehausten Anti-Skalp R\u00e4dern, Ganzstahl- Riemenscheiben, durchgeschwei\u00dfte 4-Punkt Aufh\u00e4ngung, hochwertigen Messerspindeln aus geschmiedetem Aluminium f\u00fcr k\u00fchleren Lauf und h\u00f6here Festigkeit bei Vibrationen und einen optimierten Luftstrom. Alles an ihm ist auf saubersten Schnitt und lange Lebensdauer ausgelegt.<\/p>\n<\/p><\/div>\n<div class=\"col-md-6 mb4 image\"  style=\"background-image:url(https:\/\/www.ariens.eu\/at\/wp-content\/uploads\/sites\/3\/2024\/05\/grade-deck.webp)\">\n                <\/div>\n<\/p><\/div>\n<div class=\"row\">\n<div class=\"col-md-6 mb-4 content\">\n                    <span class=\"d-block h5 text-color-brand mb-1\">Automatisches riemenspanner System<\/span><\/p>\n<p>Die automatische CBT (Constant-Belt-Tension) Technologie h\u00e4lt die Riemenspannung des M\u00e4hdecks immer konstant. Dies erh\u00f6ht die Lebensdauer des Riemens, gleicht Verschlei\u00df aus und verhindert Riemenschlupf f\u00fcr ein dauerhaft hochwertiges Schnittbild.<\/p>\n<\/p><\/div>\n<div class=\"col-md-6 mb4 image\"  style=\"background-image:url(https:\/\/www.ariens.eu\/at\/wp-content\/uploads\/sites\/3\/2024\/05\/apex-feature-3.webp)\">\n                <\/div>\n<\/p><\/div>\n<div class=\"row\">\n<div class=\"col-md-6 mb-4 content\">\n                    <span class=\"d-block h5 text-color-brand mb-1\">Rops<\/span><\/p>\n<p>Der serienm\u00e4\u00dfige \u00dcberrollschutz mit Sicherheitsgurt (ROPS) bietet zus\u00e4tzlichen Schutz f\u00fcr den Fahrer. Er ist klappbar und ergonomisch nach hinten geneigt um ein schmerzhaftes Ansto\u00dfen des Ellenbogens bei der Fahrt zu vermeiden.<\/p>\n<\/p><\/div>\n<div class=\"col-md-6 mb4 image\"  style=\"background-image:url(https:\/\/www.ariens.eu\/at\/wp-content\/uploads\/sites\/3\/2024\/05\/ariens-zenith-zero-turn-feature5-rops.webp)\">\n                <\/div>\n<\/p><\/div>\n<div class=\"row\">\n<div class=\"col-md-6 mb-4 content\">\n                    <span class=\"d-block h5 text-color-brand mb-1\">M\u00e4hdeckaushebung per Fusspedal<\/span><\/p>\n<p>Das Anheben des massiven M\u00e4hdecks erfolgt komfortabel und kraftsparend \u00fcber ein Fusspedal. F\u00fcr die Wahl einer der 15 Schnitth\u00f6hen von 3,8 \u2013 12,7 cm wird ein Metallstecker in die jeweilige Aussparung des Displays gesteckt.<\/p>\n<\/p><\/div>\n<div class=\"col-md-6 mb4 image\"  style=\"background-image:url(https:\/\/www.ariens.eu\/at\/wp-content\/uploads\/sites\/3\/2024\/05\/ariens-apex-zero-turn-deck-lift.webp)\">\n                <\/div>\n<\/p><\/div>\n<div class=\"row\">\n<div class=\"col-md-6 mb-4 content\">\n                    <span class=\"d-block h5 text-color-brand mb-1\">Voll Einstellbarer Komfort Sitz<\/span><\/p>\n<p>Maximaler Fahrkomfort ist wesentlich um produktiv und sicher \u00fcber Stunden hinweg zu arbeiten. Harte St\u00f6\u00dfe und Vibrationen vom Fahrer abzuhalten ist besonders wichtig f\u00fcr sein Wohlbefinden und seine Gesundheit. Die hydro-pneumatische Federung l\u00e4sst sich exakt auf das K\u00f6rpergewicht des Fahrers einstellen. Einstellbare, gepolsterte Armlehnen, hohe R\u00fcckenlehne und Lordosenst\u00fctze erlauben es dem Fahrer seine ideale Sitzposition zu finden. In Kombination mit den serienm\u00e4\u00dfigen Radgabel-Federungen des ZENITH ergibt sich ein weiches, angenehmes Fahrgef\u00fchl.<\/p>\n<\/p><\/div>\n<div class=\"col-md-6 mb4 image\"  style=\"background-image:url(https:\/\/www.ariens.eu\/at\/wp-content\/uploads\/sites\/3\/2024\/05\/ariens-zenith-zero-turn-suspension-seat.webp)\">\n                <\/div>\n<\/p><\/div>\n<\/p><\/div>\n<\/div><\/div>\n<div class='col-lg'>                    <\/div>\n<\/p><\/div>\n<\/div>\n<\/div>\n","protected":false},"excerpt":{"rendered":"<p>Leistung und Komfort wie Profis es sich w\u00fcnschen All unsere Erfahrung in einer Maschine f\u00fcr den t\u00e4glichen, professionellen und kommunalen Einsatz. Das Maximum an Leistung, Haltbarkeit und Komfort. Darauf k\u00f6nnen Sie sich verlassen. Jeden Tag. Die Wahl f\u00fcr echte M\u00e4h-Profis. Kawasaki Profi-Motor FX730V mit Doppel-Luftfilter. Gefederte Radgabeln und ged\u00e4mpfter, einstellbarer Komfortsitz f\u00fcr ein Maximum an [&hellip;]<\/p>\n","protected":false},"featured_media":2654,"comment_status":"open","ping_status":"closed","template":"","meta":{"_acf_changed":false,"_relevanssi_hide_post":"","_relevanssi_hide_content":"","_relevanssi_pin_for_all":"","_relevanssi_pin_keywords":"","_relevanssi_unpin_keywords":"","_relevanssi_related_keywords":"","_relevanssi_related_include_ids":"","_relevanssi_related_exclude_ids":"","_relevanssi_related_no_append":"","_relevanssi_related_not_related":"","_relevanssi_related_posts":"","_relevanssi_noindex_reason":""},"product_brand":[],"product_cat":[15],"product_tag":[],"class_list":{"0":"post-2333","1":"product","2":"type-product","3":"status-publish","4":"has-post-thumbnail","6":"product_variant-zenith-serie","7":"product_usage_areas-dienstleister","8":"product_usage_areas-freizeiteinrichtungen","9":"product_usage_areas-hausmeisterdienste","10":"product_usage_areas-kommunen-bauhoefe","12":"first","13":"instock","14":"shipping-taxable","15":"product-type-simple"},"acf":[],"yoast_head":"<!-- This site is optimized with the Yoast SEO plugin v27.3 - https:\/\/yoast.com\/product\/yoast-seo-wordpress\/ -->\n<title>ZENITH 52 - Kommerzieller Zero-Turn f\u00fcr gr\u00f6\u00dfere Rasenfl\u00e4chen | Ariens<\/title>\n<meta name=\"description\" content=\"Mit seinem handels\u00fcblichen Kawasaki FX730v 726cc-Motor und dem 132 cm (52&quot;) langen M\u00e4hdeck ist der ZENITH 52 die erste Wahl f\u00fcr Profis, die den ganzen Tag m\u00e4hen wollen.\" \/>\n<meta name=\"robots\" content=\"index, follow, max-snippet:-1, max-image-preview:large, max-video-preview:-1\" \/>\n<link rel=\"canonical\" href=\"https:\/\/www.ariens.eu\/at\/produkt\/zero-turn-mowers\/zenith-serie\/zenith-52\/\" \/>\n<meta property=\"og:locale\" content=\"de_DE\" \/>\n<meta property=\"og:type\" content=\"article\" \/>\n<meta property=\"og:title\" content=\"ZENITH 52 - Kommerzieller Zero-Turn f\u00fcr gr\u00f6\u00dfere Rasenfl\u00e4chen | Ariens\" \/>\n<meta property=\"og:description\" content=\"Mit seinem handels\u00fcblichen Kawasaki FX730v 726cc-Motor und dem 132 cm (52&quot;) langen M\u00e4hdeck ist der ZENITH 52 die erste Wahl f\u00fcr Profis, die den ganzen Tag m\u00e4hen wollen.\" \/>\n<meta property=\"og:url\" content=\"https:\/\/www.ariens.eu\/at\/produkt\/zero-turn-mowers\/zenith-serie\/zenith-52\/\" \/>\n<meta property=\"og:site_name\" content=\"Ariens | EMEAA\" \/>\n<meta property=\"article:modified_time\" content=\"2026-02-25T10:43:12+00:00\" \/>\n<meta property=\"og:image\" content=\"https:\/\/www.ariens.eu\/at\/wp-content\/uploads\/sites\/10\/2024\/05\/ariens-zenith-52-zero-turn-front-left-768x555-2.webp\" \/>\n\t<meta property=\"og:image:width\" content=\"768\" \/>\n\t<meta property=\"og:image:height\" content=\"555\" \/>\n\t<meta property=\"og:image:type\" content=\"image\/webp\" \/>\n<meta name=\"twitter:card\" content=\"summary_large_image\" \/>\n<meta name=\"twitter:label1\" content=\"Gesch\u00e4tzte Lesezeit\" \/>\n\t<meta name=\"twitter:data1\" content=\"3\u00a0Minuten\" \/>\n<script type=\"application\/ld+json\" class=\"yoast-schema-graph\">{\"@context\":\"https:\\\/\\\/schema.org\",\"@graph\":[{\"@type\":\"WebPage\",\"@id\":\"https:\\\/\\\/www.ariens.eu\\\/at\\\/produkt\\\/zero-turn-mowers\\\/zenith-serie\\\/zenith-52\\\/\",\"url\":\"https:\\\/\\\/www.ariens.eu\\\/at\\\/produkt\\\/zero-turn-mowers\\\/zenith-serie\\\/zenith-52\\\/\",\"name\":\"ZENITH 52 - Kommerzieller Zero-Turn f\u00fcr gr\u00f6\u00dfere Rasenfl\u00e4chen | Ariens\",\"isPartOf\":{\"@id\":\"https:\\\/\\\/www.ariens.eu\\\/at\\\/#website\"},\"primaryImageOfPage\":{\"@id\":\"https:\\\/\\\/www.ariens.eu\\\/at\\\/produkt\\\/zero-turn-mowers\\\/zenith-serie\\\/zenith-52\\\/#primaryimage\"},\"image\":{\"@id\":\"https:\\\/\\\/www.ariens.eu\\\/at\\\/produkt\\\/zero-turn-mowers\\\/zenith-serie\\\/zenith-52\\\/#primaryimage\"},\"thumbnailUrl\":\"https:\\\/\\\/www.ariens.eu\\\/at\\\/wp-content\\\/uploads\\\/sites\\\/10\\\/2024\\\/05\\\/ariens-zenith-52-zero-turn-front-left-768x555-2.webp\",\"datePublished\":\"2024-05-10T10:04:36+00:00\",\"dateModified\":\"2026-02-25T10:43:12+00:00\",\"description\":\"Mit seinem handels\u00fcblichen Kawasaki FX730v 726cc-Motor und dem 132 cm (52\\\") langen M\u00e4hdeck ist der ZENITH 52 die erste Wahl f\u00fcr Profis, die den ganzen Tag m\u00e4hen wollen.\",\"breadcrumb\":{\"@id\":\"https:\\\/\\\/www.ariens.eu\\\/at\\\/produkt\\\/zero-turn-mowers\\\/zenith-serie\\\/zenith-52\\\/#breadcrumb\"},\"inLanguage\":\"de\",\"potentialAction\":[{\"@type\":\"ReadAction\",\"target\":[\"https:\\\/\\\/www.ariens.eu\\\/at\\\/produkt\\\/zero-turn-mowers\\\/zenith-serie\\\/zenith-52\\\/\"]}]},{\"@type\":\"ImageObject\",\"inLanguage\":\"de\",\"@id\":\"https:\\\/\\\/www.ariens.eu\\\/at\\\/produkt\\\/zero-turn-mowers\\\/zenith-serie\\\/zenith-52\\\/#primaryimage\",\"url\":\"https:\\\/\\\/www.ariens.eu\\\/at\\\/wp-content\\\/uploads\\\/sites\\\/10\\\/2024\\\/05\\\/ariens-zenith-52-zero-turn-front-left-768x555-2.webp\",\"contentUrl\":\"https:\\\/\\\/www.ariens.eu\\\/at\\\/wp-content\\\/uploads\\\/sites\\\/10\\\/2024\\\/05\\\/ariens-zenith-52-zero-turn-front-left-768x555-2.webp\",\"width\":768,\"height\":555},{\"@type\":\"BreadcrumbList\",\"@id\":\"https:\\\/\\\/www.ariens.eu\\\/at\\\/produkt\\\/zero-turn-mowers\\\/zenith-serie\\\/zenith-52\\\/#breadcrumb\",\"itemListElement\":[{\"@type\":\"ListItem\",\"position\":1,\"name\":\"Home\",\"item\":\"https:\\\/\\\/www.ariens.eu\\\/at\\\/\"},{\"@type\":\"ListItem\",\"position\":2,\"name\":\"Shop\",\"item\":\"https:\\\/\\\/www.ariens.eu\\\/at\\\/shop\\\/\"},{\"@type\":\"ListItem\",\"position\":3,\"name\":\"ZENITH 52\"}]},{\"@type\":\"WebSite\",\"@id\":\"https:\\\/\\\/www.ariens.eu\\\/at\\\/#website\",\"url\":\"https:\\\/\\\/www.ariens.eu\\\/at\\\/\",\"name\":\"Ariens | EMEAA\",\"description\":\"Powerful and reliable zero-turn mowers &amp; snow blowers for professional users and demanding private customers\",\"potentialAction\":[{\"@type\":\"SearchAction\",\"target\":{\"@type\":\"EntryPoint\",\"urlTemplate\":\"https:\\\/\\\/www.ariens.eu\\\/at\\\/?s={search_term_string}\"},\"query-input\":{\"@type\":\"PropertyValueSpecification\",\"valueRequired\":true,\"valueName\":\"search_term_string\"}}],\"inLanguage\":\"de\"}]}<\/script>\n<!-- \/ Yoast SEO plugin. -->","yoast_head_json":{"title":"ZENITH 52 - Kommerzieller Zero-Turn f\u00fcr gr\u00f6\u00dfere Rasenfl\u00e4chen | Ariens","description":"Mit seinem handels\u00fcblichen Kawasaki FX730v 726cc-Motor und dem 132 cm (52\") langen M\u00e4hdeck ist der ZENITH 52 die erste Wahl f\u00fcr Profis, die den ganzen Tag m\u00e4hen wollen.","robots":{"index":"index","follow":"follow","max-snippet":"max-snippet:-1","max-image-preview":"max-image-preview:large","max-video-preview":"max-video-preview:-1"},"canonical":"https:\/\/www.ariens.eu\/at\/produkt\/zero-turn-mowers\/zenith-serie\/zenith-52\/","og_locale":"de_DE","og_type":"article","og_title":"ZENITH 52 - Kommerzieller Zero-Turn f\u00fcr gr\u00f6\u00dfere Rasenfl\u00e4chen | Ariens","og_description":"Mit seinem handels\u00fcblichen Kawasaki FX730v 726cc-Motor und dem 132 cm (52\") langen M\u00e4hdeck ist der ZENITH 52 die erste Wahl f\u00fcr Profis, die den ganzen Tag m\u00e4hen wollen.","og_url":"https:\/\/www.ariens.eu\/at\/produkt\/zero-turn-mowers\/zenith-serie\/zenith-52\/","og_site_name":"Ariens | EMEAA","article_modified_time":"2026-02-25T10:43:12+00:00","og_image":[{"width":768,"height":555,"url":"https:\/\/www.ariens.eu\/at\/wp-content\/uploads\/sites\/10\/2024\/05\/ariens-zenith-52-zero-turn-front-left-768x555-2.webp","type":"image\/webp"}],"twitter_card":"summary_large_image","twitter_misc":{"Gesch\u00e4tzte Lesezeit":"3\u00a0Minuten"},"schema":{"@context":"https:\/\/schema.org","@graph":[{"@type":"WebPage","@id":"https:\/\/www.ariens.eu\/at\/produkt\/zero-turn-mowers\/zenith-serie\/zenith-52\/","url":"https:\/\/www.ariens.eu\/at\/produkt\/zero-turn-mowers\/zenith-serie\/zenith-52\/","name":"ZENITH 52 - Kommerzieller Zero-Turn f\u00fcr gr\u00f6\u00dfere Rasenfl\u00e4chen | Ariens","isPartOf":{"@id":"https:\/\/www.ariens.eu\/at\/#website"},"primaryImageOfPage":{"@id":"https:\/\/www.ariens.eu\/at\/produkt\/zero-turn-mowers\/zenith-serie\/zenith-52\/#primaryimage"},"image":{"@id":"https:\/\/www.ariens.eu\/at\/produkt\/zero-turn-mowers\/zenith-serie\/zenith-52\/#primaryimage"},"thumbnailUrl":"https:\/\/www.ariens.eu\/at\/wp-content\/uploads\/sites\/10\/2024\/05\/ariens-zenith-52-zero-turn-front-left-768x555-2.webp","datePublished":"2024-05-10T10:04:36+00:00","dateModified":"2026-02-25T10:43:12+00:00","description":"Mit seinem handels\u00fcblichen Kawasaki FX730v 726cc-Motor und dem 132 cm (52\") langen M\u00e4hdeck ist der ZENITH 52 die erste Wahl f\u00fcr Profis, die den ganzen Tag m\u00e4hen wollen.","breadcrumb":{"@id":"https:\/\/www.ariens.eu\/at\/produkt\/zero-turn-mowers\/zenith-serie\/zenith-52\/#breadcrumb"},"inLanguage":"de","potentialAction":[{"@type":"ReadAction","target":["https:\/\/www.ariens.eu\/at\/produkt\/zero-turn-mowers\/zenith-serie\/zenith-52\/"]}]},{"@type":"ImageObject","inLanguage":"de","@id":"https:\/\/www.ariens.eu\/at\/produkt\/zero-turn-mowers\/zenith-serie\/zenith-52\/#primaryimage","url":"https:\/\/www.ariens.eu\/at\/wp-content\/uploads\/sites\/10\/2024\/05\/ariens-zenith-52-zero-turn-front-left-768x555-2.webp","contentUrl":"https:\/\/www.ariens.eu\/at\/wp-content\/uploads\/sites\/10\/2024\/05\/ariens-zenith-52-zero-turn-front-left-768x555-2.webp","width":768,"height":555},{"@type":"BreadcrumbList","@id":"https:\/\/www.ariens.eu\/at\/produkt\/zero-turn-mowers\/zenith-serie\/zenith-52\/#breadcrumb","itemListElement":[{"@type":"ListItem","position":1,"name":"Home","item":"https:\/\/www.ariens.eu\/at\/"},{"@type":"ListItem","position":2,"name":"Shop","item":"https:\/\/www.ariens.eu\/at\/shop\/"},{"@type":"ListItem","position":3,"name":"ZENITH 52"}]},{"@type":"WebSite","@id":"https:\/\/www.ariens.eu\/at\/#website","url":"https:\/\/www.ariens.eu\/at\/","name":"Ariens | EMEAA","description":"Powerful and reliable zero-turn mowers &amp; snow blowers for professional users and demanding private customers","potentialAction":[{"@type":"SearchAction","target":{"@type":"EntryPoint","urlTemplate":"https:\/\/www.ariens.eu\/at\/?s={search_term_string}"},"query-input":{"@type":"PropertyValueSpecification","valueRequired":true,"valueName":"search_term_string"}}],"inLanguage":"de"}]}},"_links":{"self":[{"href":"https:\/\/www.ariens.eu\/at\/wp-json\/wp\/v2\/product\/2333","targetHints":{"allow":["GET"]}}],"collection":[{"href":"https:\/\/www.ariens.eu\/at\/wp-json\/wp\/v2\/product"}],"about":[{"href":"https:\/\/www.ariens.eu\/at\/wp-json\/wp\/v2\/types\/product"}],"replies":[{"embeddable":true,"href":"https:\/\/www.ariens.eu\/at\/wp-json\/wp\/v2\/comments?post=2333"}],"wp:featuredmedia":[{"embeddable":true,"href":"https:\/\/www.ariens.eu\/at\/wp-json\/wp\/v2\/media\/2654"}],"wp:attachment":[{"href":"https:\/\/www.ariens.eu\/at\/wp-json\/wp\/v2\/media?parent=2333"}],"wp:term":[{"taxonomy":"product_brand","embeddable":true,"href":"https:\/\/www.ariens.eu\/at\/wp-json\/wp\/v2\/product_brand?post=2333"},{"taxonomy":"product_cat","embeddable":true,"href":"https:\/\/www.ariens.eu\/at\/wp-json\/wp\/v2\/product_cat?post=2333"},{"taxonomy":"product_tag","embeddable":true,"href":"https:\/\/www.ariens.eu\/at\/wp-json\/wp\/v2\/product_tag?post=2333"}],"curies":[{"name":"wp","href":"https:\/\/api.w.org\/{rel}","templated":true}]}}