{"id":4692,"date":"2025-08-22T09:03:40","date_gmt":"2025-08-22T08:03:40","guid":{"rendered":"https:\/\/www.ariens.eu\/at\/product\/summit-pro-360\/"},"modified":"2026-02-25T10:47:06","modified_gmt":"2026-02-25T10:47:06","slug":"summit-pro-360","status":"publish","type":"product","link":"https:\/\/www.ariens.eu\/at\/produkt\/zero-turn-mowers\/summit-pro-serie\/summit-pro-360","title":{"rendered":"SUMMIT PRO 360"},"content":{"rendered":"<div class=\"acfd-block acfd-block__headline container-fluid px-0 bg-default\">\n<div class=\"acfd-headline\">\n<h1 class='h1 text-left li_black bigger'>Pr\u00e4zision trifft auf Kraft beim M\u00e4hen gro\u00dfer Fl\u00e4chen<\/h1>\n<\/p><\/div>\n<\/div>\n<div class=\"acfd-block acfd-block__text container-fluid px-0 bg-default\">\n<div class=\"acfd-text li_black\">\n<p>Wenn Geschwindigkeit und Umfang Ihren Arbeitstag bestimmen, ist der SUMMIT PRO 360 die ideale L\u00f6sung. Dieser 60-Zoll-Zero-Turn-M\u00e4her wurde f\u00fcr gro\u00dffl\u00e4chige M\u00e4harbeiten entwickelt und kombiniert Effizienz bei gro\u00dfen Fl\u00e4chen mit der bew\u00e4hrten Zuverl\u00e4ssigkeit von Ariens. Mit einer maximalen M\u00e4hleistung von bis zu 22.200 m\u00b2 pro Stunde erledigt das Modell 360 selbst gr\u00f6\u00dfte Aufgaben schnell und sauber.<\/p>\n<p>Er wurde f\u00fcr den Einsatz bei hohen Arbeitsleistungen entwickelt und bietet dank fortschrittlicher Federungssysteme und einer langlebigen, intuitiven Fahrerplattform unvergleichlichen Komfort. Ob in Kommunen, auf Grundst\u00fccken oder bei gewerblichen Eins\u00e4tzen mit hoher Einsatzfrequenz \u2013 der SUMMIT PRO 360 liefert unter allen Bedingungen gleichbleibend hochwertige Ergebnisse.<\/p>\n<\/div>\n<\/div>\n<div class=\"acfd-block acfd-block__headline container-fluid px-0 bg-default\">\n<div class=\"acfd-headline\">\n<h3 class='h3 text-left li_black'>Wichtigste Merkmale und Vorteile<\/h3>\n<\/p><\/div>\n<\/div>\n<div class=\"acfd-block acfd-block__text container-fluid px-0 bg-default\">\n<div class=\"acfd-text li_black\">\n<ul>\n<li>Am besten geeignet f\u00fcr: gro\u00dffl\u00e4chige gewerbliche Gr\u00fcnanlagen und \u00f6ffentliche Anlagen<\/li>\n<li>H\u00f6chstgeschwindigkeit: 14,5 km\/h<\/li>\n<li>Leistung: bis zu 22.200 m\u00b2\/h<\/li>\n<li>Garantie: 5 Jahre \/ 1.250 Betriebsstunden (keine Betriebsstundenbegrenzung in den ersten 2 Jahren)<\/li>\n<li>Robustes M\u00e4hwerk und Nullwendekreis f\u00fcr h\u00f6chste Produktivit\u00e4t<\/li>\n<\/ul>\n<\/div>\n<\/div>\n<div class=\"acfd-block acfd-block__twocolumns container-fluid px-0 bg-default\">\n<div class=\"acfd-twocolumns\">\n<div class=\"row\">\n<div class='col-sm-12 mb-4 '>\n<div class=\"acfd-product-advantages--wrapper\">\n<h2 class=\"h1 bigger text-color-black text-center mb-5\">\n        Merkmale &amp; Vorteile    <\/h2>\n<div class=\"acfd-product-advantages\">\n<div class=\"row\">\n<div class=\"col-md-6 mb-4 content\">\n                    <span class=\"d-block h5 text-color-brand mb-1\">Neue Hochleistungs-Messerspindeln<\/span><\/p>\n<p>Die neuen Messerspindeln der ARIENS SUMMIT PRO-Modelle sind aus kaltgeschmiedetem Aluminium gefertigt. Sie sind besonders vibrationsfest und leiten eventuell entstehende W\u00e4rme ab. Sie sind jeweils mit zwei Doppelkugellagern ausgestattet. Die gesamte Einheit ist versiegelt, um Korrosion durch Feuchtigkeit und Schmutz zu verhindern. Maximieren Sie die Lebensdauer und minimieren Sie Ausfallzeiten.<\/p>\n<\/p><\/div>\n<div class=\"col-md-6 mb4 image\" style=\"background-image:url(https:\/\/www.ariens.eu\/at\/wp-content\/uploads\/sites\/10\/2025\/08\/Screenshot-2026-01-13-104920.png)\">\n                <\/div>\n<\/p><\/div>\n<div class=\"row\">\n<div class=\"col-md-6 mb-4 content\">\n                    <span class=\"d-block h5 text-color-brand mb-1\">Neues Ariens ENVY-Pro-M\u00e4hdeck<\/span><\/p>\n<p>Das M\u00e4hdeck wurde f\u00fcr eine optimale Grasverteilung und Schnittqualit\u00e4t komplett \u00fcberarbeitet. Es ist aus 4,6 mm starkem Stahlblech geschwei\u00dft und bietet Robustheit f\u00fcr jahrelangen Einsatz. Mit seiner gro\u00dfen Tiefe eignet es sich ideal f\u00fcr die Montage des optionalen Mulchkits.<\/p>\n<\/p><\/div>\n<div class=\"col-md-6 mb4 image\" style=\"background-image:url(https:\/\/www.ariens.eu\/at\/wp-content\/uploads\/sites\/10\/2025\/08\/Screenshot-2026-01-13-110154.png)\">\n                <\/div>\n<\/p><\/div>\n<div class=\"row\">\n<div class=\"col-md-6 mb-4 content\">\n                    <span class=\"d-block h5 text-color-brand mb-1\">&#8222;Butterweiches&#8220; Anfahren<\/span><\/p>\n<p>Die hochwertigen PARKER<sup>&reg;<\/sup>-Hydrostaten sind f\u00fcr ihr sanftes Ansprechen beim Wechsel von Vorw\u00e4rts- auf R\u00fcckw\u00e4rtsfahrt bekannt. In Kombination mit den gro\u00dfen 24- oder 26-Zoll-R\u00e4dern bieten sie h\u00f6chsten Fahrkomfort und reduzieren das Durchdrehen der R\u00e4der bei Wendeman\u00f6vern. Extra lange \u00d6lwechselintervalle f\u00fcr die Hydrostaten vermeiden l\u00e4stige Werkstattbesuche w\u00e4hrend der Saison.<\/p>\n<\/p><\/div>\n<div class=\"col-md-6 mb4 image\" style=\"background-image:url(https:\/\/www.ariens.eu\/at\/wp-content\/uploads\/sites\/10\/2025\/08\/Screenshot-2026-01-13-105415.png)\">\n                <\/div>\n<\/p><\/div>\n<div class=\"row\">\n<div class=\"col-md-6 mb-4 content\">\n                    <span class=\"d-block h5 text-color-brand mb-1\">Leistungsstarker Premium-Motor Kawasaki FX 801V<\/span><\/p>\n<p>Hochwertige Komponenten und Materialien f\u00fcr die Rasenpflege in gro\u00dfem Ma\u00dfstab.<\/p>\n<\/p><\/div>\n<div class=\"col-md-6 mb4 image\" style=\"background-image:url(https:\/\/www.ariens.eu\/at\/wp-content\/uploads\/sites\/10\/2025\/08\/fx801v-mi.png)\">\n                <\/div>\n<\/p><\/div>\n<div class=\"row\">\n<div class=\"col-md-6 mb-4 content\">\n                    <span class=\"d-block h5 text-color-brand mb-1\">Gewerbliche Parker Hydrostaten<\/span><\/p>\n<p>Die professionellen Parker<sup>&reg;<\/sup> HTJ-Hydrostaten erreichen eine H\u00f6chstgeschwindigkeit von 17 km\/h und verf\u00fcgen \u00fcber eine leistungsstarke 12-cm\u00b3-Pumpe. Die Filter sind von hinten leicht zug\u00e4nglich und somit einfach zu warten. Es handelt sich um vollst\u00e4ndig integrierte Hydrostaten mit wenigen Bauteilen. Dies minimiert das Risiko von \u00d6lverlust und erm\u00f6glicht eine einfache Wartung.<\/p>\n<\/p><\/div>\n<div class=\"col-md-6 mb4 image\" style=\"background-image:url(https:\/\/www.ariens.eu\/at\/wp-content\/uploads\/sites\/10\/2025\/08\/992332-Ariens-SUMMIT-PRO-360-FNB-Transaxles-e1768297593945.png)\">\n                <\/div>\n<\/p><\/div>\n<div class=\"row\">\n<div class=\"col-md-6 mb-4 content\">\n                    <span class=\"d-block h5 text-color-brand mb-1\">Vollgefederter Sitz<\/span><\/p>\n<p>Die integrierte, mechanische Sitzfederung der ARIENS SUMMIT PRO 300-Serie l\u00e4sst sich pr\u00e4zise an das Gewicht des Fahrers anpassen. Die Armlehnen sind h\u00f6henverstellbar und klappbar. Die verstellbare Lendenwirbelst\u00fctze ist f\u00fcr den Schutz des R\u00fcckens unerl\u00e4sslich.<\/p>\n<\/p><\/div>\n<div class=\"col-md-6 mb4 image\" style=\"background-image:url(https:\/\/www.ariens.eu\/at\/wp-content\/uploads\/sites\/10\/2025\/08\/992332-Ariens-SUMMIT-PRO-360-FNB-Seat2.png)\">\n                <\/div>\n<\/p><\/div>\n<div class=\"row\">\n<div class=\"col-md-6 mb-4 content\">\n                    <span class=\"d-block h5 text-color-brand mb-1\">Pannensichere Vorderr\u00e4der<\/span><\/p>\n<p>Die 15-Zoll-Vorderr\u00e4der mit 360\u00b0-Schwenkfunktion sind semi-pneumatisch ausgef\u00fchrt. Dank der vollst\u00e4ndigen F\u00fcllung mit Gummischaum sind Plattf\u00fc\u00dfe und Druckverlust ausgeschlossen.<\/p>\n<\/p><\/div>\n<div class=\"col-md-6 mb4 image\" style=\"background-image:url(https:\/\/www.ariens.eu\/at\/wp-content\/uploads\/sites\/10\/2025\/08\/992335-Ariens-SUMMIT-PRO-572-SMHS8639-sRGB-scaled-e1768298267327.jpg)\">\n                <\/div>\n<\/p><\/div>\n<div class=\"row\">\n<div class=\"col-md-6 mb-4 content\">\n                    <span class=\"d-block h5 text-color-brand mb-1\">Bequeme Schnitth\u00f6henverstellung<\/span><\/p>\n<p>Ein Drehrad erm\u00f6glicht eine einfache H\u00f6henverstellung zwischen 2,5 und 13 cm. Ein federbelastetes Fu\u00dfpedal erleichtert das Anheben des M\u00e4hwerks.<\/p>\n<\/p><\/div>\n<div class=\"col-md-6 mb4 image\" style=\"background-image:url(https:\/\/www.ariens.eu\/at\/wp-content\/uploads\/sites\/10\/2025\/08\/992335-Ariens-SUMMIT-PRO-572-SMHS7714-sRGB-scaled.jpg)\">\n                <\/div>\n<\/p><\/div>\n<div class=\"row\">\n<div class=\"col-md-6 mb-4 content\">\n                    <span class=\"d-block h5 text-color-brand mb-1\">Gro\u00dfer 48-Liter-Tank<\/span><\/p>\n<p>Das st\u00e4ndige Nachf\u00fcllen des Tanks kostet Zeit und Energie. Aus diesem Grund verf\u00fcgen alle ARIENS SUMMIT PRO-Modelle \u00fcber einen extra gro\u00dfen 48-Liter-Tank, der auch lange Arbeitstage problemlos bew\u00e4ltigt.<\/p>\n<\/p><\/div>\n<div class=\"col-md-6 mb4 image\" style=\"background-image:url(https:\/\/www.ariens.eu\/at\/wp-content\/uploads\/sites\/10\/2025\/08\/992335-Ariens-SUMMIT-PRO-572-SMHS7703-sRGB-scaled-e1768298374796.jpg)\">\n                <\/div>\n<\/p><\/div>\n<div class=\"row\">\n<div class=\"col-md-6 mb-4 content\">\n                    <span class=\"d-block h5 text-color-brand mb-1\">Vollverschwei\u00dfter Rohrrahmen<\/span><\/p>\n<p>Ein Blick gen\u00fcgt, um die Stabilit\u00e4t und St\u00e4rke zu erkennen. Gro\u00dfe Vierkantrohre sind nahtlos miteinander verbunden und bilden einen soliden, langlebigen Rahmen.<\/p>\n<\/p><\/div>\n<div class=\"col-md-6 mb4 image\" style=\"background-image:url(https:\/\/www.ariens.eu\/at\/wp-content\/uploads\/sites\/10\/2025\/08\/992332-Ariens-SUMMIT-PRO-360-FNB_Frame-e1768297125673.png)\">\n                <\/div>\n<\/p><\/div>\n<\/p><\/div>\n<\/div><\/div>\n<div class='col-sm'>                    <\/div>\n<\/p><\/div>\n<\/div>\n<\/div>\n","protected":false},"excerpt":{"rendered":"<p>Pr\u00e4zision trifft auf Kraft beim M\u00e4hen gro\u00dfer Fl\u00e4chen Wenn Geschwindigkeit und Umfang Ihren Arbeitstag bestimmen, ist der SUMMIT PRO 360 die ideale L\u00f6sung. Dieser 60-Zoll-Zero-Turn-M\u00e4her wurde f\u00fcr gro\u00dffl\u00e4chige M\u00e4harbeiten entwickelt und kombiniert Effizienz bei gro\u00dfen Fl\u00e4chen mit der bew\u00e4hrten Zuverl\u00e4ssigkeit von Ariens. Mit einer maximalen M\u00e4hleistung von bis zu 22.200 m\u00b2 pro Stunde erledigt das [&hellip;]<\/p>\n","protected":false},"featured_media":4851,"comment_status":"open","ping_status":"closed","template":"","meta":{"_acf_changed":false,"_relevanssi_hide_post":"","_relevanssi_hide_content":"","_relevanssi_pin_for_all":"","_relevanssi_pin_keywords":"","_relevanssi_unpin_keywords":"","_relevanssi_related_keywords":"","_relevanssi_related_include_ids":"","_relevanssi_related_exclude_ids":"","_relevanssi_related_no_append":"","_relevanssi_related_not_related":"","_relevanssi_related_posts":"","_relevanssi_noindex_reason":""},"product_brand":[],"product_cat":[15],"product_tag":[],"class_list":{"0":"post-4692","1":"product","2":"type-product","3":"status-publish","4":"has-post-thumbnail","6":"product_variant-summit-pro-serie","7":"product_usage_areas-freizeiteinrichtungen","8":"product_usage_areas-hausmeisterdienste","9":"product_usage_areas-kommunen-bauhoefe","11":"first","12":"instock","13":"shipping-taxable","14":"product-type-simple"},"acf":[],"yoast_head":"<!-- This site is optimized with the Yoast SEO plugin v27.3 - https:\/\/yoast.com\/product\/yoast-seo-wordpress\/ -->\n<title>SUMMIT PRO 360 - Ariens | EMEAA<\/title>\n<meta name=\"robots\" content=\"index, follow, max-snippet:-1, max-image-preview:large, max-video-preview:-1\" \/>\n<link rel=\"canonical\" href=\"https:\/\/www.ariens.eu\/at\/produkt\/zero-turn-mowers\/summit-pro-serie\/summit-pro-360\/\" \/>\n<meta property=\"og:locale\" content=\"de_DE\" \/>\n<meta property=\"og:type\" content=\"article\" \/>\n<meta property=\"og:title\" content=\"SUMMIT PRO 360 - Ariens | EMEAA\" \/>\n<meta property=\"og:description\" content=\"Pr\u00e4zision trifft auf Kraft beim M\u00e4hen gro\u00dfer Fl\u00e4chen Wenn Geschwindigkeit und Umfang Ihren Arbeitstag bestimmen, ist der SUMMIT PRO 360 die ideale L\u00f6sung. Dieser 60-Zoll-Zero-Turn-M\u00e4her wurde f\u00fcr gro\u00dffl\u00e4chige M\u00e4harbeiten entwickelt und kombiniert Effizienz bei gro\u00dfen Fl\u00e4chen mit der bew\u00e4hrten Zuverl\u00e4ssigkeit von Ariens. Mit einer maximalen M\u00e4hleistung von bis zu 22.200 m\u00b2 pro Stunde erledigt das [&hellip;]\" \/>\n<meta property=\"og:url\" content=\"https:\/\/www.ariens.eu\/at\/produkt\/zero-turn-mowers\/summit-pro-serie\/summit-pro-360\/\" \/>\n<meta property=\"og:site_name\" content=\"Ariens | EMEAA\" \/>\n<meta property=\"article:modified_time\" content=\"2026-02-25T10:47:06+00:00\" \/>\n<meta property=\"og:image\" content=\"https:\/\/www.ariens.eu\/at\/wp-content\/uploads\/sites\/10\/2026\/01\/ariens-summit-pro-352.png\" \/>\n\t<meta property=\"og:image:width\" content=\"1024\" \/>\n\t<meta property=\"og:image:height\" content=\"720\" \/>\n\t<meta property=\"og:image:type\" content=\"image\/png\" \/>\n<meta name=\"twitter:card\" content=\"summary_large_image\" \/>\n<meta name=\"twitter:label1\" content=\"Gesch\u00e4tzte Lesezeit\" \/>\n\t<meta name=\"twitter:data1\" content=\"3\u00a0Minuten\" \/>\n<script type=\"application\/ld+json\" class=\"yoast-schema-graph\">{\"@context\":\"https:\\\/\\\/schema.org\",\"@graph\":[{\"@type\":\"WebPage\",\"@id\":\"https:\\\/\\\/www.ariens.eu\\\/at\\\/produkt\\\/zero-turn-mowers\\\/summit-pro-serie\\\/summit-pro-360\\\/\",\"url\":\"https:\\\/\\\/www.ariens.eu\\\/at\\\/produkt\\\/zero-turn-mowers\\\/summit-pro-serie\\\/summit-pro-360\\\/\",\"name\":\"SUMMIT PRO 360 - Ariens | EMEAA\",\"isPartOf\":{\"@id\":\"https:\\\/\\\/www.ariens.eu\\\/at\\\/#website\"},\"primaryImageOfPage\":{\"@id\":\"https:\\\/\\\/www.ariens.eu\\\/at\\\/produkt\\\/zero-turn-mowers\\\/summit-pro-serie\\\/summit-pro-360\\\/#primaryimage\"},\"image\":{\"@id\":\"https:\\\/\\\/www.ariens.eu\\\/at\\\/produkt\\\/zero-turn-mowers\\\/summit-pro-serie\\\/summit-pro-360\\\/#primaryimage\"},\"thumbnailUrl\":\"https:\\\/\\\/www.ariens.eu\\\/at\\\/wp-content\\\/uploads\\\/sites\\\/10\\\/2026\\\/01\\\/ariens-summit-pro-352.png\",\"datePublished\":\"2025-08-22T08:03:40+00:00\",\"dateModified\":\"2026-02-25T10:47:06+00:00\",\"breadcrumb\":{\"@id\":\"https:\\\/\\\/www.ariens.eu\\\/at\\\/produkt\\\/zero-turn-mowers\\\/summit-pro-serie\\\/summit-pro-360\\\/#breadcrumb\"},\"inLanguage\":\"de\",\"potentialAction\":[{\"@type\":\"ReadAction\",\"target\":[\"https:\\\/\\\/www.ariens.eu\\\/at\\\/produkt\\\/zero-turn-mowers\\\/summit-pro-serie\\\/summit-pro-360\\\/\"]}]},{\"@type\":\"ImageObject\",\"inLanguage\":\"de\",\"@id\":\"https:\\\/\\\/www.ariens.eu\\\/at\\\/produkt\\\/zero-turn-mowers\\\/summit-pro-serie\\\/summit-pro-360\\\/#primaryimage\",\"url\":\"https:\\\/\\\/www.ariens.eu\\\/at\\\/wp-content\\\/uploads\\\/sites\\\/10\\\/2026\\\/01\\\/ariens-summit-pro-352.png\",\"contentUrl\":\"https:\\\/\\\/www.ariens.eu\\\/at\\\/wp-content\\\/uploads\\\/sites\\\/10\\\/2026\\\/01\\\/ariens-summit-pro-352.png\",\"width\":1024,\"height\":720,\"caption\":\"Ariens SUMMIT PRO 352, 3d rendering of the model, isolated\"},{\"@type\":\"BreadcrumbList\",\"@id\":\"https:\\\/\\\/www.ariens.eu\\\/at\\\/produkt\\\/zero-turn-mowers\\\/summit-pro-serie\\\/summit-pro-360\\\/#breadcrumb\",\"itemListElement\":[{\"@type\":\"ListItem\",\"position\":1,\"name\":\"Home\",\"item\":\"https:\\\/\\\/www.ariens.eu\\\/at\\\/\"},{\"@type\":\"ListItem\",\"position\":2,\"name\":\"Shop\",\"item\":\"https:\\\/\\\/www.ariens.eu\\\/at\\\/shop\\\/\"},{\"@type\":\"ListItem\",\"position\":3,\"name\":\"SUMMIT PRO 360\"}]},{\"@type\":\"WebSite\",\"@id\":\"https:\\\/\\\/www.ariens.eu\\\/at\\\/#website\",\"url\":\"https:\\\/\\\/www.ariens.eu\\\/at\\\/\",\"name\":\"Ariens | EMEAA\",\"description\":\"Powerful and reliable zero-turn mowers &amp; snow blowers for professional users and demanding private customers\",\"potentialAction\":[{\"@type\":\"SearchAction\",\"target\":{\"@type\":\"EntryPoint\",\"urlTemplate\":\"https:\\\/\\\/www.ariens.eu\\\/at\\\/?s={search_term_string}\"},\"query-input\":{\"@type\":\"PropertyValueSpecification\",\"valueRequired\":true,\"valueName\":\"search_term_string\"}}],\"inLanguage\":\"de\"}]}<\/script>\n<!-- \/ Yoast SEO plugin. -->","yoast_head_json":{"title":"SUMMIT PRO 360 - Ariens | EMEAA","robots":{"index":"index","follow":"follow","max-snippet":"max-snippet:-1","max-image-preview":"max-image-preview:large","max-video-preview":"max-video-preview:-1"},"canonical":"https:\/\/www.ariens.eu\/at\/produkt\/zero-turn-mowers\/summit-pro-serie\/summit-pro-360\/","og_locale":"de_DE","og_type":"article","og_title":"SUMMIT PRO 360 - Ariens | EMEAA","og_description":"Pr\u00e4zision trifft auf Kraft beim M\u00e4hen gro\u00dfer Fl\u00e4chen Wenn Geschwindigkeit und Umfang Ihren Arbeitstag bestimmen, ist der SUMMIT PRO 360 die ideale L\u00f6sung. Dieser 60-Zoll-Zero-Turn-M\u00e4her wurde f\u00fcr gro\u00dffl\u00e4chige M\u00e4harbeiten entwickelt und kombiniert Effizienz bei gro\u00dfen Fl\u00e4chen mit der bew\u00e4hrten Zuverl\u00e4ssigkeit von Ariens. Mit einer maximalen M\u00e4hleistung von bis zu 22.200 m\u00b2 pro Stunde erledigt das [&hellip;]","og_url":"https:\/\/www.ariens.eu\/at\/produkt\/zero-turn-mowers\/summit-pro-serie\/summit-pro-360\/","og_site_name":"Ariens | EMEAA","article_modified_time":"2026-02-25T10:47:06+00:00","og_image":[{"width":1024,"height":720,"url":"https:\/\/www.ariens.eu\/at\/wp-content\/uploads\/sites\/10\/2026\/01\/ariens-summit-pro-352.png","type":"image\/png"}],"twitter_card":"summary_large_image","twitter_misc":{"Gesch\u00e4tzte Lesezeit":"3\u00a0Minuten"},"schema":{"@context":"https:\/\/schema.org","@graph":[{"@type":"WebPage","@id":"https:\/\/www.ariens.eu\/at\/produkt\/zero-turn-mowers\/summit-pro-serie\/summit-pro-360\/","url":"https:\/\/www.ariens.eu\/at\/produkt\/zero-turn-mowers\/summit-pro-serie\/summit-pro-360\/","name":"SUMMIT PRO 360 - Ariens | EMEAA","isPartOf":{"@id":"https:\/\/www.ariens.eu\/at\/#website"},"primaryImageOfPage":{"@id":"https:\/\/www.ariens.eu\/at\/produkt\/zero-turn-mowers\/summit-pro-serie\/summit-pro-360\/#primaryimage"},"image":{"@id":"https:\/\/www.ariens.eu\/at\/produkt\/zero-turn-mowers\/summit-pro-serie\/summit-pro-360\/#primaryimage"},"thumbnailUrl":"https:\/\/www.ariens.eu\/at\/wp-content\/uploads\/sites\/10\/2026\/01\/ariens-summit-pro-352.png","datePublished":"2025-08-22T08:03:40+00:00","dateModified":"2026-02-25T10:47:06+00:00","breadcrumb":{"@id":"https:\/\/www.ariens.eu\/at\/produkt\/zero-turn-mowers\/summit-pro-serie\/summit-pro-360\/#breadcrumb"},"inLanguage":"de","potentialAction":[{"@type":"ReadAction","target":["https:\/\/www.ariens.eu\/at\/produkt\/zero-turn-mowers\/summit-pro-serie\/summit-pro-360\/"]}]},{"@type":"ImageObject","inLanguage":"de","@id":"https:\/\/www.ariens.eu\/at\/produkt\/zero-turn-mowers\/summit-pro-serie\/summit-pro-360\/#primaryimage","url":"https:\/\/www.ariens.eu\/at\/wp-content\/uploads\/sites\/10\/2026\/01\/ariens-summit-pro-352.png","contentUrl":"https:\/\/www.ariens.eu\/at\/wp-content\/uploads\/sites\/10\/2026\/01\/ariens-summit-pro-352.png","width":1024,"height":720,"caption":"Ariens SUMMIT PRO 352, 3d rendering of the model, isolated"},{"@type":"BreadcrumbList","@id":"https:\/\/www.ariens.eu\/at\/produkt\/zero-turn-mowers\/summit-pro-serie\/summit-pro-360\/#breadcrumb","itemListElement":[{"@type":"ListItem","position":1,"name":"Home","item":"https:\/\/www.ariens.eu\/at\/"},{"@type":"ListItem","position":2,"name":"Shop","item":"https:\/\/www.ariens.eu\/at\/shop\/"},{"@type":"ListItem","position":3,"name":"SUMMIT PRO 360"}]},{"@type":"WebSite","@id":"https:\/\/www.ariens.eu\/at\/#website","url":"https:\/\/www.ariens.eu\/at\/","name":"Ariens | EMEAA","description":"Powerful and reliable zero-turn mowers &amp; snow blowers for professional users and demanding private customers","potentialAction":[{"@type":"SearchAction","target":{"@type":"EntryPoint","urlTemplate":"https:\/\/www.ariens.eu\/at\/?s={search_term_string}"},"query-input":{"@type":"PropertyValueSpecification","valueRequired":true,"valueName":"search_term_string"}}],"inLanguage":"de"}]}},"_links":{"self":[{"href":"https:\/\/www.ariens.eu\/at\/wp-json\/wp\/v2\/product\/4692","targetHints":{"allow":["GET"]}}],"collection":[{"href":"https:\/\/www.ariens.eu\/at\/wp-json\/wp\/v2\/product"}],"about":[{"href":"https:\/\/www.ariens.eu\/at\/wp-json\/wp\/v2\/types\/product"}],"replies":[{"embeddable":true,"href":"https:\/\/www.ariens.eu\/at\/wp-json\/wp\/v2\/comments?post=4692"}],"wp:featuredmedia":[{"embeddable":true,"href":"https:\/\/www.ariens.eu\/at\/wp-json\/wp\/v2\/media\/4851"}],"wp:attachment":[{"href":"https:\/\/www.ariens.eu\/at\/wp-json\/wp\/v2\/media?parent=4692"}],"wp:term":[{"taxonomy":"product_brand","embeddable":true,"href":"https:\/\/www.ariens.eu\/at\/wp-json\/wp\/v2\/product_brand?post=4692"},{"taxonomy":"product_cat","embeddable":true,"href":"https:\/\/www.ariens.eu\/at\/wp-json\/wp\/v2\/product_cat?post=4692"},{"taxonomy":"product_tag","embeddable":true,"href":"https:\/\/www.ariens.eu\/at\/wp-json\/wp\/v2\/product_tag?post=4692"}],"curies":[{"name":"wp","href":"https:\/\/api.w.org\/{rel}","templated":true}]}}