{"id":4815,"date":"2026-01-13T07:53:50","date_gmt":"2026-01-13T07:53:50","guid":{"rendered":"https:\/\/www.ariens.eu\/at\/?post_type=product&#038;p=4815"},"modified":"2026-01-13T07:56:29","modified_gmt":"2026-01-13T07:56:29","slug":"operator-controlled-side-discharge","status":"publish","type":"product","link":"https:\/\/www.ariens.eu\/at\/product\/operator-controlled-side-discharge\/","title":{"rendered":"Steuerbarer Seitenauswurf"},"content":{"rendered":"","protected":false},"excerpt":{"rendered":"<p>Stellen Sie die Wurfweite des Seitenauswurfs w\u00e4hrend des M\u00e4hens ein. Schlie\u00dfen Sie ihn gegebenenfalls vollst\u00e4ndig.<\/p>\n","protected":false},"featured_media":4819,"comment_status":"open","ping_status":"closed","template":"","meta":{"_acf_changed":false,"_relevanssi_hide_post":"","_relevanssi_hide_content":"","_relevanssi_pin_for_all":"","_relevanssi_pin_keywords":"","_relevanssi_unpin_keywords":"","_relevanssi_related_keywords":"","_relevanssi_related_include_ids":"","_relevanssi_related_exclude_ids":"","_relevanssi_related_no_append":"","_relevanssi_related_not_related":"","_relevanssi_related_posts":"","_relevanssi_noindex_reason":""},"product_brand":[],"product_cat":[15],"product_tag":[],"class_list":{"0":"post-4815","1":"product","2":"type-product","3":"status-publish","4":"has-post-thumbnail","7":"first","8":"instock","9":"shipping-taxable","10":"product-type-simple"},"acf":[],"yoast_head":"<!-- This site is optimized with the Yoast SEO plugin v27.3 - https:\/\/yoast.com\/product\/yoast-seo-wordpress\/ -->\n<title>Steuerbarer Seitenauswurf - Ariens | EMEAA<\/title>\n<meta name=\"description\" content=\"Stellen Sie die Wurfweite des Seitenauswurfs w\u00e4hrend des M\u00e4hens ein. Schlie\u00dfen Sie ihn gegebenenfalls vollst\u00e4ndig.\" \/>\n<meta name=\"robots\" content=\"index, follow, max-snippet:-1, max-image-preview:large, max-video-preview:-1\" \/>\n<link rel=\"canonical\" href=\"https:\/\/www.ariens.eu\/at\/product\/operator-controlled-side-discharge\/\" \/>\n<meta property=\"og:locale\" content=\"de_DE\" \/>\n<meta property=\"og:type\" content=\"article\" \/>\n<meta property=\"og:title\" content=\"Steuerbarer Seitenauswurf - Ariens | EMEAA\" \/>\n<meta property=\"og:description\" content=\"Stellen Sie die Wurfweite des Seitenauswurfs w\u00e4hrend des M\u00e4hens ein. Schlie\u00dfen Sie ihn gegebenenfalls vollst\u00e4ndig.\" \/>\n<meta property=\"og:url\" content=\"https:\/\/www.ariens.eu\/at\/product\/operator-controlled-side-discharge\/\" \/>\n<meta property=\"og:site_name\" content=\"Ariens | EMEAA\" \/>\n<meta property=\"article:modified_time\" content=\"2026-01-13T07:56:29+00:00\" \/>\n<meta property=\"og:image\" content=\"https:\/\/www.ariens.eu\/at\/wp-content\/uploads\/sites\/10\/2026\/01\/ariens-accessoir-operator-controlled-side-discharge.jpg\" \/>\n\t<meta property=\"og:image:width\" content=\"600\" \/>\n\t<meta property=\"og:image:height\" content=\"434\" \/>\n\t<meta property=\"og:image:type\" content=\"image\/jpeg\" \/>\n<meta name=\"twitter:card\" content=\"summary_large_image\" \/>\n<meta name=\"twitter:label1\" content=\"Gesch\u00e4tzte Lesezeit\" \/>\n\t<meta name=\"twitter:data1\" content=\"1\u00a0Minute\" \/>\n<script type=\"application\/ld+json\" class=\"yoast-schema-graph\">{\"@context\":\"https:\\\/\\\/schema.org\",\"@graph\":[{\"@type\":\"WebPage\",\"@id\":\"https:\\\/\\\/www.ariens.eu\\\/at\\\/product\\\/operator-controlled-side-discharge\\\/\",\"url\":\"https:\\\/\\\/www.ariens.eu\\\/at\\\/product\\\/operator-controlled-side-discharge\\\/\",\"name\":\"Steuerbarer Seitenauswurf - Ariens | EMEAA\",\"isPartOf\":{\"@id\":\"https:\\\/\\\/www.ariens.eu\\\/at\\\/#website\"},\"primaryImageOfPage\":{\"@id\":\"https:\\\/\\\/www.ariens.eu\\\/at\\\/product\\\/operator-controlled-side-discharge\\\/#primaryimage\"},\"image\":{\"@id\":\"https:\\\/\\\/www.ariens.eu\\\/at\\\/product\\\/operator-controlled-side-discharge\\\/#primaryimage\"},\"thumbnailUrl\":\"https:\\\/\\\/www.ariens.eu\\\/at\\\/wp-content\\\/uploads\\\/sites\\\/10\\\/2026\\\/01\\\/ariens-accessoir-operator-controlled-side-discharge.jpg\",\"datePublished\":\"2026-01-13T07:53:50+00:00\",\"dateModified\":\"2026-01-13T07:56:29+00:00\",\"description\":\"Stellen Sie die Wurfweite des Seitenauswurfs w\u00e4hrend des M\u00e4hens ein. Schlie\u00dfen Sie ihn gegebenenfalls vollst\u00e4ndig.\",\"breadcrumb\":{\"@id\":\"https:\\\/\\\/www.ariens.eu\\\/at\\\/product\\\/operator-controlled-side-discharge\\\/#breadcrumb\"},\"inLanguage\":\"de\",\"potentialAction\":[{\"@type\":\"ReadAction\",\"target\":[\"https:\\\/\\\/www.ariens.eu\\\/at\\\/product\\\/operator-controlled-side-discharge\\\/\"]}]},{\"@type\":\"ImageObject\",\"inLanguage\":\"de\",\"@id\":\"https:\\\/\\\/www.ariens.eu\\\/at\\\/product\\\/operator-controlled-side-discharge\\\/#primaryimage\",\"url\":\"https:\\\/\\\/www.ariens.eu\\\/at\\\/wp-content\\\/uploads\\\/sites\\\/10\\\/2026\\\/01\\\/ariens-accessoir-operator-controlled-side-discharge.jpg\",\"contentUrl\":\"https:\\\/\\\/www.ariens.eu\\\/at\\\/wp-content\\\/uploads\\\/sites\\\/10\\\/2026\\\/01\\\/ariens-accessoir-operator-controlled-side-discharge.jpg\",\"width\":600,\"height\":434,\"caption\":\"Ariens SUMMIT PRO Series Accesoir: operator controlled side-discharge\"},{\"@type\":\"BreadcrumbList\",\"@id\":\"https:\\\/\\\/www.ariens.eu\\\/at\\\/product\\\/operator-controlled-side-discharge\\\/#breadcrumb\",\"itemListElement\":[{\"@type\":\"ListItem\",\"position\":1,\"name\":\"Home\",\"item\":\"https:\\\/\\\/www.ariens.eu\\\/at\\\/\"},{\"@type\":\"ListItem\",\"position\":2,\"name\":\"Shop\",\"item\":\"https:\\\/\\\/www.ariens.eu\\\/at\\\/shop\\\/\"},{\"@type\":\"ListItem\",\"position\":3,\"name\":\"Steuerbarer Seitenauswurf\"}]},{\"@type\":\"WebSite\",\"@id\":\"https:\\\/\\\/www.ariens.eu\\\/at\\\/#website\",\"url\":\"https:\\\/\\\/www.ariens.eu\\\/at\\\/\",\"name\":\"Ariens | EMEAA\",\"description\":\"Powerful and reliable zero-turn mowers &amp; snow blowers for professional users and demanding private customers\",\"potentialAction\":[{\"@type\":\"SearchAction\",\"target\":{\"@type\":\"EntryPoint\",\"urlTemplate\":\"https:\\\/\\\/www.ariens.eu\\\/at\\\/?s={search_term_string}\"},\"query-input\":{\"@type\":\"PropertyValueSpecification\",\"valueRequired\":true,\"valueName\":\"search_term_string\"}}],\"inLanguage\":\"de\"}]}<\/script>\n<!-- \/ Yoast SEO plugin. -->","yoast_head_json":{"title":"Steuerbarer Seitenauswurf - Ariens | EMEAA","description":"Stellen Sie die Wurfweite des Seitenauswurfs w\u00e4hrend des M\u00e4hens ein. Schlie\u00dfen Sie ihn gegebenenfalls vollst\u00e4ndig.","robots":{"index":"index","follow":"follow","max-snippet":"max-snippet:-1","max-image-preview":"max-image-preview:large","max-video-preview":"max-video-preview:-1"},"canonical":"https:\/\/www.ariens.eu\/at\/product\/operator-controlled-side-discharge\/","og_locale":"de_DE","og_type":"article","og_title":"Steuerbarer Seitenauswurf - Ariens | EMEAA","og_description":"Stellen Sie die Wurfweite des Seitenauswurfs w\u00e4hrend des M\u00e4hens ein. Schlie\u00dfen Sie ihn gegebenenfalls vollst\u00e4ndig.","og_url":"https:\/\/www.ariens.eu\/at\/product\/operator-controlled-side-discharge\/","og_site_name":"Ariens | EMEAA","article_modified_time":"2026-01-13T07:56:29+00:00","og_image":[{"width":600,"height":434,"url":"https:\/\/www.ariens.eu\/at\/wp-content\/uploads\/sites\/10\/2026\/01\/ariens-accessoir-operator-controlled-side-discharge.jpg","type":"image\/jpeg"}],"twitter_card":"summary_large_image","twitter_misc":{"Gesch\u00e4tzte Lesezeit":"1\u00a0Minute"},"schema":{"@context":"https:\/\/schema.org","@graph":[{"@type":"WebPage","@id":"https:\/\/www.ariens.eu\/at\/product\/operator-controlled-side-discharge\/","url":"https:\/\/www.ariens.eu\/at\/product\/operator-controlled-side-discharge\/","name":"Steuerbarer Seitenauswurf - Ariens | EMEAA","isPartOf":{"@id":"https:\/\/www.ariens.eu\/at\/#website"},"primaryImageOfPage":{"@id":"https:\/\/www.ariens.eu\/at\/product\/operator-controlled-side-discharge\/#primaryimage"},"image":{"@id":"https:\/\/www.ariens.eu\/at\/product\/operator-controlled-side-discharge\/#primaryimage"},"thumbnailUrl":"https:\/\/www.ariens.eu\/at\/wp-content\/uploads\/sites\/10\/2026\/01\/ariens-accessoir-operator-controlled-side-discharge.jpg","datePublished":"2026-01-13T07:53:50+00:00","dateModified":"2026-01-13T07:56:29+00:00","description":"Stellen Sie die Wurfweite des Seitenauswurfs w\u00e4hrend des M\u00e4hens ein. Schlie\u00dfen Sie ihn gegebenenfalls vollst\u00e4ndig.","breadcrumb":{"@id":"https:\/\/www.ariens.eu\/at\/product\/operator-controlled-side-discharge\/#breadcrumb"},"inLanguage":"de","potentialAction":[{"@type":"ReadAction","target":["https:\/\/www.ariens.eu\/at\/product\/operator-controlled-side-discharge\/"]}]},{"@type":"ImageObject","inLanguage":"de","@id":"https:\/\/www.ariens.eu\/at\/product\/operator-controlled-side-discharge\/#primaryimage","url":"https:\/\/www.ariens.eu\/at\/wp-content\/uploads\/sites\/10\/2026\/01\/ariens-accessoir-operator-controlled-side-discharge.jpg","contentUrl":"https:\/\/www.ariens.eu\/at\/wp-content\/uploads\/sites\/10\/2026\/01\/ariens-accessoir-operator-controlled-side-discharge.jpg","width":600,"height":434,"caption":"Ariens SUMMIT PRO Series Accesoir: operator controlled side-discharge"},{"@type":"BreadcrumbList","@id":"https:\/\/www.ariens.eu\/at\/product\/operator-controlled-side-discharge\/#breadcrumb","itemListElement":[{"@type":"ListItem","position":1,"name":"Home","item":"https:\/\/www.ariens.eu\/at\/"},{"@type":"ListItem","position":2,"name":"Shop","item":"https:\/\/www.ariens.eu\/at\/shop\/"},{"@type":"ListItem","position":3,"name":"Steuerbarer Seitenauswurf"}]},{"@type":"WebSite","@id":"https:\/\/www.ariens.eu\/at\/#website","url":"https:\/\/www.ariens.eu\/at\/","name":"Ariens | EMEAA","description":"Powerful and reliable zero-turn mowers &amp; snow blowers for professional users and demanding private customers","potentialAction":[{"@type":"SearchAction","target":{"@type":"EntryPoint","urlTemplate":"https:\/\/www.ariens.eu\/at\/?s={search_term_string}"},"query-input":{"@type":"PropertyValueSpecification","valueRequired":true,"valueName":"search_term_string"}}],"inLanguage":"de"}]}},"_links":{"self":[{"href":"https:\/\/www.ariens.eu\/at\/wp-json\/wp\/v2\/product\/4815","targetHints":{"allow":["GET"]}}],"collection":[{"href":"https:\/\/www.ariens.eu\/at\/wp-json\/wp\/v2\/product"}],"about":[{"href":"https:\/\/www.ariens.eu\/at\/wp-json\/wp\/v2\/types\/product"}],"replies":[{"embeddable":true,"href":"https:\/\/www.ariens.eu\/at\/wp-json\/wp\/v2\/comments?post=4815"}],"wp:featuredmedia":[{"embeddable":true,"href":"https:\/\/www.ariens.eu\/at\/wp-json\/wp\/v2\/media\/4819"}],"wp:attachment":[{"href":"https:\/\/www.ariens.eu\/at\/wp-json\/wp\/v2\/media?parent=4815"}],"wp:term":[{"taxonomy":"product_brand","embeddable":true,"href":"https:\/\/www.ariens.eu\/at\/wp-json\/wp\/v2\/product_brand?post=4815"},{"taxonomy":"product_cat","embeddable":true,"href":"https:\/\/www.ariens.eu\/at\/wp-json\/wp\/v2\/product_cat?post=4815"},{"taxonomy":"product_tag","embeddable":true,"href":"https:\/\/www.ariens.eu\/at\/wp-json\/wp\/v2\/product_tag?post=4815"}],"curies":[{"name":"wp","href":"https:\/\/api.w.org\/{rel}","templated":true}]}}