{"id":2306,"date":"2024-05-10T11:04:35","date_gmt":"2024-05-10T10:04:35","guid":{"rendered":"https:\/\/www.ariens.eu\/product\/hydro-pro-28-mountaineering-edition\/"},"modified":"2026-05-06T13:12:02","modified_gmt":"2026-05-06T12:12:02","slug":"hydro-pro-28-rapidtrak-izdanje-za-planinarenje","status":"publish","type":"product","link":"https:\/\/www.ariens.eu\/ba\/product\/snow-blowers\/professional-series\/hydro-pro-28-rapidtrak-izdanje-za-planinarenje","title":{"rendered":"HYDRO PRO 28 RAPIDTRAK IZDANJE ZA PLANINARENJE"},"content":{"rendered":"<div class=\"acfd-block acfd-block__twocolumns mb-asm-1 container-fluid px-0 bg-default\">\n<div class=\"acfd-twocolumns\">\n<div class=\"row\">\n<div class='col-lg-9 mb-4 '>\n<div class=\"acfd-block acfd-block__headline container-fluid px-0 bg-default\">\n<div class=\"acfd-headline\" >\n<h2 class='h2 text-left li_black'>Uklanjanje snijega kao profesionalac<\/h2>\n<\/p><\/div>\n<\/div><\/div>\n<div class='col-lg'>                    <\/div>\n<\/p><\/div>\n<\/div>\n<\/div>\n<div class=\"acfd-block acfd-block__twocolumns mb-asm-2 container-fluid px-0 bg-default\">\n<div class=\"acfd-twocolumns\">\n<div class=\"row\">\n<div class='col-lg-9 mb-4 '>\n<div class=\"acfd-block acfd-block__text container-fluid px-0 bg-default\">\n<div class=\"acfd-text li_black\">\n<p>Milijarde pahuljica snijega protiv jedne ma\u0161ine. \u010cini se pravedno. One lako savladavaju najdivlije snje\u017ene oluje. Najdublji i najte\u017ei snje\u017eni padovi dobijaju svoje posljednje obrede u trenutku kada pokrenete ovaj motor od 420 cm\u00b3. Ne morate biti profesionalac da biste posjedovali jednu, samo trebate \u017eelju da pomjerite \u0161to vi\u0161e snijega u \u0161to kra\u0107em vremenu. Idite naprijed, nadogradite svoj amaterski status i bacajte snijeg kao profesionalci.<\/p>\n<p>HYDRO PRO 28 RAPIDTRAK<sup>TM <\/sup>IZDANJE ZA PLANINARENJE je ma\u0161ina izgra\u0111ena da se nosi sa svime \u0161to planine bacaju na vas.<\/p>\n<ul>\n<li>Izgra\u0111ena za velike visine, ova ma\u0161ina sa EFI motorom \u0107e pru\u017eiti performanse koje vam trebaju i prema\u0161iti va\u0161a o\u010dekivanja<\/li>\n<li>Premijum karakteristike kao \u0161to su LED svjetlosna traka i prednje svjetlo, grija\u010di za ruke, elektri\u010dna kontrola \u017eljeba, elektri\u010dno pokretanje i komercijalno razredne klizne cipele<\/li>\n<li>Ariens<sup><sup>&reg;<\/sup><\/sup> ekskluzivna Rapidtrak\u2122 tehnologija je sposobna da savlada bilo koji teren<\/li>\n<\/ul>\n<\/div>\n<\/div><\/div>\n<div class='col-lg'>                    <\/div>\n<\/p><\/div>\n<\/div>\n<\/div>\n<div class=\"acfd-block acfd-block__category mb-asm-3 container-fluid px-0 bg-default\">\n<div class=\"acfd-product-categories\">\n<h2 class=\"text-left mb-3\">\n        Applications    <\/h2>\n<div class=\"product-categories_wrapper\">\n         <span\n                data-description=\"The patented RapidTrak\u2122 track drive has the best traction on packed and fresh snow. The track is adjustable. It can be used like a wheel drive for easy steering, as a track drive for maximum traction and in dig-in mode for maximum pressure on the scraper bar and for clearing large mountains of snow. Wheel drive with spike snow chains is recommended on icy surfaces.\"                class=\"product-category-single\"> RapidTrak\u2122                <sup><i class=\"fa fa-info-circle\" aria-hidden=\"true\"><\/i><\/sup>            <\/span>  <span\n                data-description=\"Det patenterte Ariens AutoTurn<sup>&reg;<\/sup> styresystemet forhindrer at et drivhjul eller et RapidTrak\u2122-belte spinner. Samtidig gir det enkel styring av maskinen ved automatisk \u00e5 frikoble den ene drivsiden n\u00e5r du svinger. Alle Ariens sn\u00f8fresere, bortsett fra CLASSIC-modellen, er utstyrt med AutoTurn.\"                class=\"product-category-single\"> AutoTurn<sup>&reg;<\/sup>                <sup><i class=\"fa fa-info-circle\" aria-hidden=\"true\"><\/i><\/sup>            <\/span>  <span\n                data-description=\"SHO stands for Super-High-Output. The high-performance blower wheel on the PLATINUM and PROFESSIONAL models creates more snow per hour and throws it further.\"                class=\"product-category-single\"> SHO blower wheel                <sup><i class=\"fa fa-info-circle\" aria-hidden=\"true\"><\/i><\/sup>            <\/span>  <span\n                data-description=\"A 230 volt connection allows you to start the machine at the touch of a button. Standard on all models.\"                class=\"product-category-single\"> Electric start                <sup><i class=\"fa fa-info-circle\" aria-hidden=\"true\"><\/i><\/sup>            <\/span>     <\/div>\n<\/div>\n<\/div>\n<div class=\"acfd-block acfd-block__twocolumns mb-asm-2 container-fluid container-fluid--force px-0 bg-default\">\n<div class=\"acfd-twocolumns\">\n<div class=\"row\">\n<div class='col-lg-12 mb-4 '>\n<div class=\"acfd-product-advantages--wrapper\">\n<h2 class=\"h1 bigger text-color-black text-center mb-5\">\n        Features &#038; Benefits    <\/h2>\n<div class=\"acfd-product-advantages\">\n<div class=\"row\">\n<div class=\"col-md-6 mb-4 content\">\n                    <span class=\"d-block h5 text-color-brand mb-1\">Hidrostati\u010dki pogon<\/span><\/p>\n<p>Beskorakno pode\u0161avanje brzine tokom vo\u017enje. Jednostavno pode\u0161avanje pomo\u0107u kontrolnog polu\u017eja.<\/p>\n<\/p><\/div>\n<div class=\"col-md-6 mb4 image\"  style=\"background-image:url(https:\/\/www.ariens.eu\/ba\/wp-content\/uploads\/sites\/21\/2024\/05\/Hydrostatic_Drive_03-scaled.webp)\">\n                <\/div>\n<\/p><\/div>\n<div class=\"row\">\n<div class=\"col-md-6 mb-4 content\">\n                    <span class=\"d-block h5 text-color-brand mb-1\">35,5 cm visokou\u010dinak impeler<\/span><\/p>\n<p>Ariens SHO-tehnologija (Super High Output) pru\u017ea maksimalnu u\u010dinkovitost. Mo\u0107no ventilatorsko krilo br\u017ee izbacuje snijeg iz frese i osigurava visok kapacitet. U\u010dinkovitost je impresivna &#8211; do 90 tona snijega na sat.<\/p>\n<\/p><\/div>\n<div class=\"col-md-6 mb4 image\"  style=\"background-image:url(https:\/\/www.ariens.eu\/ba\/wp-content\/uploads\/sites\/21\/2024\/05\/SHO_Impeller.webp)\">\n                <\/div>\n<\/p><\/div>\n<div class=\"row\">\n<div class=\"col-md-6 mb-4 content\">\n                    <span class=\"d-block h5 text-color-brand mb-1\">Svjetlo sa LED tehnologijom<\/span><\/p>\n<p>Ultra-svjetlo LED svjetlo kao standard na svim modelima iz profesionalne serije. Precizno \u010di\u0161\u0107enje ujutro, uve\u010de i no\u0107u.<\/p>\n<\/p><\/div>\n<div class=\"col-md-6 mb4 image\"  style=\"background-image:url(https:\/\/www.ariens.eu\/ba\/wp-content\/uploads\/sites\/21\/2024\/05\/LED_LIGHT_Solo-1.webp)\">\n                <\/div>\n<\/p><\/div>\n<div class=\"row\">\n<div class=\"col-md-6 mb-4 content\">\n                    <span class=\"d-block h5 text-color-brand mb-1\">Automatsko upravljanje skretanjem<\/span><\/p>\n<p>Vozite prav naprijed sa zaklju\u010danom stra\u017enjom osovinom za maksimalnu vu\u010du. \u010cim po\u010dnete upravljati ma\u0161inom, osovina se otklju\u010dava i skretanje na mjestu postaje dje\u010dija igrica. Patentirana inovacija od Ariensa.<\/p>\n<\/p><\/div>\n<div class=\"col-md-6 mb4 image\"  style=\"background-image:url(https:\/\/www.ariens.eu\/ba\/wp-content\/uploads\/sites\/21\/2024\/05\/feature6ars_fb_profe-2.png)\">\n                <\/div>\n<\/p><\/div>\n<div class=\"row\">\n<div class=\"col-md-6 mb-4 content\">\n                    <span class=\"d-block h5 text-color-brand mb-1\">Ariens<sup>&reg;<\/sup> AX420 EFI motor<\/span><\/p>\n<p>Mo\u0107an motor sa elektroni\u010dkim ubrizgavanjem goriva (EFI) koji se lako pokre\u0107e \u010dak i u najte\u017eim uslovima. Visoke performanse, ekonomi\u010dna potro\u0161nja goriva i br\u017ee dostavljanje snage.<\/p>\n<\/p><\/div>\n<div class=\"col-md-6 mb4 image\"  style=\"background-image:url(https:\/\/www.ariens.eu\/ba\/wp-content\/uploads\/sites\/21\/2024\/05\/Electric_start.webp)\">\n                <\/div>\n<\/p><\/div>\n<div class=\"row\">\n<div class=\"col-md-6 mb-4 content\">\n                    <span class=\"d-block h5 text-color-brand mb-1\">Oja\u010dane \u010deli\u010dne upravlja\u010dke ru\u010dke<\/span><\/p>\n<p>Robusne ma\u0161ine trebaju jake i \u010dvrste upravlja\u010dke ru\u010dke. Ove su 100% \u010deli\u010dne i potpuno oja\u010dane.<\/p>\n<\/p><\/div>\n<div class=\"col-md-6 mb4 image\"  style=\"background-image:url(https:\/\/www.ariens.eu\/ba\/wp-content\/uploads\/sites\/21\/2024\/05\/Reinforced_Handlebars_02-scaled.webp)\">\n                <\/div>\n<\/p><\/div>\n<\/p><\/div>\n<\/div><\/div>\n<div class='col-lg'>                    <\/div>\n<\/p><\/div>\n<\/div>\n<\/div>\n","protected":false},"excerpt":{"rendered":"<p>Uklanjanje snijega kao profesionalac Milijarde pahuljica snijega protiv jedne ma\u0161ine. \u010cini se pravedno. One lako savladavaju najdivlije snje\u017ene oluje. Najdublji i najte\u017ei snje\u017eni padovi dobijaju svoje posljednje obrede u trenutku kada pokrenete ovaj motor od 420 cm\u00b3. Ne morate biti profesionalac da biste posjedovali jednu, samo trebate \u017eelju da pomjerite \u0161to vi\u0161e snijega u \u0161to [&hellip;]<\/p>\n","protected":false},"featured_media":2693,"comment_status":"open","ping_status":"closed","template":"","meta":{"_acf_changed":false,"_relevanssi_hide_post":"","_relevanssi_hide_content":"","_relevanssi_pin_for_all":"","_relevanssi_pin_keywords":"","_relevanssi_unpin_keywords":"","_relevanssi_related_keywords":"","_relevanssi_related_include_ids":"","_relevanssi_related_exclude_ids":"","_relevanssi_related_no_append":"","_relevanssi_related_not_related":"","_relevanssi_related_posts":"","_relevanssi_noindex_reason":""},"product_brand":[],"product_cat":[15],"product_tag":[],"class_list":{"0":"post-2306","1":"product","2":"type-product","3":"status-publish","4":"has-post-thumbnail","6":"product_variant-professional-series","7":"product_usage_areas-municipalities-building-yards","8":"product_usage_areas-winter-service","10":"first","11":"instock","12":"shipping-taxable","13":"product-type-simple"},"acf":[],"yoast_head":"<!-- This site is optimized with the Yoast SEO plugin v27.3 - https:\/\/yoast.com\/product\/yoast-seo-wordpress\/ -->\n<title>HYDRO PRO 28 RAPIDTRAK MOUNTAINEERING EDITION | Ariens<\/title>\n<meta name=\"description\" content=\"HYDRO PRO 28 RAPIDTRAK MOUNTAINEERING EDITION is a machine built to take on whatever the mountains dish out. Built for high altitudes. Clear snow like a pro.\" \/>\n<meta name=\"robots\" content=\"noindex, follow, max-snippet:-1, max-image-preview:large, max-video-preview:-1\" \/>\n<meta property=\"og:locale\" content=\"bs_BA\" \/>\n<meta property=\"og:type\" content=\"article\" \/>\n<meta property=\"og:title\" content=\"HYDRO PRO 28 RAPIDTRAK MOUNTAINEERING EDITION | Ariens\" \/>\n<meta property=\"og:description\" content=\"HYDRO PRO 28 RAPIDTRAK MOUNTAINEERING EDITION is a machine built to take on whatever the mountains dish out. Built for high altitudes. Clear snow like a pro.\" \/>\n<meta property=\"og:url\" content=\"https:\/\/www.ariens.eu\/ba\/product\/snow-blowers\/professional-series\/hydro-pro-28-rapidtrak-izdanje-za-planinarenje\/\" \/>\n<meta property=\"og:site_name\" content=\"Ariens | EMEAA\" \/>\n<meta property=\"article:modified_time\" content=\"2026-05-06T12:12:02+00:00\" \/>\n<meta property=\"og:image\" content=\"https:\/\/www.ariens.eu\/ba\/wp-content\/uploads\/sites\/21\/2024\/05\/ariens-professional-rapidtrak-mountaineering-special-edition-snow-thrower-angle-view-front34.webp\" \/>\n\t<meta property=\"og:image:width\" content=\"900\" \/>\n\t<meta property=\"og:image:height\" content=\"650\" \/>\n\t<meta property=\"og:image:type\" content=\"image\/webp\" \/>\n<meta name=\"twitter:card\" content=\"summary_large_image\" \/>\n<meta name=\"twitter:label1\" content=\"Est. reading time\" \/>\n\t<meta name=\"twitter:data1\" content=\"2 minute\" \/>\n<script type=\"application\/ld+json\" class=\"yoast-schema-graph\">{\"@context\":\"https:\\\/\\\/schema.org\",\"@graph\":[{\"@type\":\"WebPage\",\"@id\":\"https:\\\/\\\/www.ariens.eu\\\/ba\\\/product\\\/snow-blowers\\\/professional-series\\\/hydro-pro-28-rapidtrak-izdanje-za-planinarenje\\\/\",\"url\":\"https:\\\/\\\/www.ariens.eu\\\/ba\\\/product\\\/snow-blowers\\\/professional-series\\\/hydro-pro-28-rapidtrak-izdanje-za-planinarenje\\\/\",\"name\":\"HYDRO PRO 28 RAPIDTRAK MOUNTAINEERING EDITION | Ariens\",\"isPartOf\":{\"@id\":\"https:\\\/\\\/www.ariens.eu\\\/ba\\\/#website\"},\"primaryImageOfPage\":{\"@id\":\"https:\\\/\\\/www.ariens.eu\\\/ba\\\/product\\\/snow-blowers\\\/professional-series\\\/hydro-pro-28-rapidtrak-izdanje-za-planinarenje\\\/#primaryimage\"},\"image\":{\"@id\":\"https:\\\/\\\/www.ariens.eu\\\/ba\\\/product\\\/snow-blowers\\\/professional-series\\\/hydro-pro-28-rapidtrak-izdanje-za-planinarenje\\\/#primaryimage\"},\"thumbnailUrl\":\"https:\\\/\\\/www.ariens.eu\\\/ba\\\/wp-content\\\/uploads\\\/sites\\\/21\\\/2024\\\/05\\\/ariens-professional-rapidtrak-mountaineering-special-edition-snow-thrower-angle-view-front34.webp\",\"datePublished\":\"2024-05-10T10:04:35+00:00\",\"dateModified\":\"2026-05-06T12:12:02+00:00\",\"description\":\"HYDRO PRO 28 RAPIDTRAK MOUNTAINEERING EDITION is a machine built to take on whatever the mountains dish out. Built for high altitudes. Clear snow like a pro.\",\"breadcrumb\":{\"@id\":\"https:\\\/\\\/www.ariens.eu\\\/ba\\\/product\\\/snow-blowers\\\/professional-series\\\/hydro-pro-28-rapidtrak-izdanje-za-planinarenje\\\/#breadcrumb\"},\"inLanguage\":\"bs-BA\",\"potentialAction\":[{\"@type\":\"ReadAction\",\"target\":[\"https:\\\/\\\/www.ariens.eu\\\/ba\\\/product\\\/snow-blowers\\\/professional-series\\\/hydro-pro-28-rapidtrak-izdanje-za-planinarenje\\\/\"]}]},{\"@type\":\"ImageObject\",\"inLanguage\":\"bs-BA\",\"@id\":\"https:\\\/\\\/www.ariens.eu\\\/ba\\\/product\\\/snow-blowers\\\/professional-series\\\/hydro-pro-28-rapidtrak-izdanje-za-planinarenje\\\/#primaryimage\",\"url\":\"https:\\\/\\\/www.ariens.eu\\\/ba\\\/wp-content\\\/uploads\\\/sites\\\/21\\\/2024\\\/05\\\/ariens-professional-rapidtrak-mountaineering-special-edition-snow-thrower-angle-view-front34.webp\",\"contentUrl\":\"https:\\\/\\\/www.ariens.eu\\\/ba\\\/wp-content\\\/uploads\\\/sites\\\/21\\\/2024\\\/05\\\/ariens-professional-rapidtrak-mountaineering-special-edition-snow-thrower-angle-view-front34.webp\",\"width\":900,\"height\":650},{\"@type\":\"BreadcrumbList\",\"@id\":\"https:\\\/\\\/www.ariens.eu\\\/ba\\\/product\\\/snow-blowers\\\/professional-series\\\/hydro-pro-28-rapidtrak-izdanje-za-planinarenje\\\/#breadcrumb\",\"itemListElement\":[{\"@type\":\"ListItem\",\"position\":1,\"name\":\"Home\",\"item\":\"https:\\\/\\\/www.ariens.eu\\\/ba\\\/\"},{\"@type\":\"ListItem\",\"position\":2,\"name\":\"Shop\",\"item\":\"https:\\\/\\\/www.ariens.eu\\\/ba\\\/shop\\\/\"},{\"@type\":\"ListItem\",\"position\":3,\"name\":\"HYDRO PRO 28 RAPIDTRAK IZDANJE ZA PLANINARENJE\"}]},{\"@type\":\"WebSite\",\"@id\":\"https:\\\/\\\/www.ariens.eu\\\/ba\\\/#website\",\"url\":\"https:\\\/\\\/www.ariens.eu\\\/ba\\\/\",\"name\":\"Ariens | EMEAA\",\"description\":\"Powerful and reliable zero-turn mowers &amp; snow blowers for professional users and demanding private customers\",\"publisher\":{\"@id\":\"https:\\\/\\\/www.ariens.eu\\\/ba\\\/#organization\"},\"potentialAction\":[{\"@type\":\"SearchAction\",\"target\":{\"@type\":\"EntryPoint\",\"urlTemplate\":\"https:\\\/\\\/www.ariens.eu\\\/ba\\\/?s={search_term_string}\"},\"query-input\":{\"@type\":\"PropertyValueSpecification\",\"valueRequired\":true,\"valueName\":\"search_term_string\"}}],\"inLanguage\":\"bs-BA\"},{\"@type\":\"Organization\",\"@id\":\"https:\\\/\\\/www.ariens.eu\\\/ba\\\/#organization\",\"name\":\"AriensCo GmbH\",\"url\":\"https:\\\/\\\/www.ariens.eu\\\/ba\\\/\",\"logo\":{\"@type\":\"ImageObject\",\"inLanguage\":\"bs-BA\",\"@id\":\"https:\\\/\\\/www.ariens.eu\\\/ba\\\/#\\\/schema\\\/logo\\\/image\\\/\",\"url\":\"https:\\\/\\\/www.ariens.eu\\\/wp-content\\\/uploads\\\/2024\\\/11\\\/ariens-co-logo.jpg\",\"contentUrl\":\"https:\\\/\\\/www.ariens.eu\\\/wp-content\\\/uploads\\\/2024\\\/11\\\/ariens-co-logo.jpg\",\"width\":1000,\"height\":1000,\"caption\":\"AriensCo GmbH\"},\"image\":{\"@id\":\"https:\\\/\\\/www.ariens.eu\\\/ba\\\/#\\\/schema\\\/logo\\\/image\\\/\"}}]}<\/script>\n<!-- \/ Yoast SEO plugin. -->","yoast_head_json":{"title":"HYDRO PRO 28 RAPIDTRAK MOUNTAINEERING EDITION | Ariens","description":"HYDRO PRO 28 RAPIDTRAK MOUNTAINEERING EDITION is a machine built to take on whatever the mountains dish out. Built for high altitudes. Clear snow like a pro.","robots":{"index":"noindex","follow":"follow","max-snippet":"max-snippet:-1","max-image-preview":"max-image-preview:large","max-video-preview":"max-video-preview:-1"},"og_locale":"bs_BA","og_type":"article","og_title":"HYDRO PRO 28 RAPIDTRAK MOUNTAINEERING EDITION | Ariens","og_description":"HYDRO PRO 28 RAPIDTRAK MOUNTAINEERING EDITION is a machine built to take on whatever the mountains dish out. Built for high altitudes. Clear snow like a pro.","og_url":"https:\/\/www.ariens.eu\/ba\/product\/snow-blowers\/professional-series\/hydro-pro-28-rapidtrak-izdanje-za-planinarenje\/","og_site_name":"Ariens | EMEAA","article_modified_time":"2026-05-06T12:12:02+00:00","og_image":[{"width":900,"height":650,"url":"https:\/\/www.ariens.eu\/ba\/wp-content\/uploads\/sites\/21\/2024\/05\/ariens-professional-rapidtrak-mountaineering-special-edition-snow-thrower-angle-view-front34.webp","type":"image\/webp"}],"twitter_card":"summary_large_image","twitter_misc":{"Est. reading time":"2 minute"},"schema":{"@context":"https:\/\/schema.org","@graph":[{"@type":"WebPage","@id":"https:\/\/www.ariens.eu\/ba\/product\/snow-blowers\/professional-series\/hydro-pro-28-rapidtrak-izdanje-za-planinarenje\/","url":"https:\/\/www.ariens.eu\/ba\/product\/snow-blowers\/professional-series\/hydro-pro-28-rapidtrak-izdanje-za-planinarenje\/","name":"HYDRO PRO 28 RAPIDTRAK MOUNTAINEERING EDITION | Ariens","isPartOf":{"@id":"https:\/\/www.ariens.eu\/ba\/#website"},"primaryImageOfPage":{"@id":"https:\/\/www.ariens.eu\/ba\/product\/snow-blowers\/professional-series\/hydro-pro-28-rapidtrak-izdanje-za-planinarenje\/#primaryimage"},"image":{"@id":"https:\/\/www.ariens.eu\/ba\/product\/snow-blowers\/professional-series\/hydro-pro-28-rapidtrak-izdanje-za-planinarenje\/#primaryimage"},"thumbnailUrl":"https:\/\/www.ariens.eu\/ba\/wp-content\/uploads\/sites\/21\/2024\/05\/ariens-professional-rapidtrak-mountaineering-special-edition-snow-thrower-angle-view-front34.webp","datePublished":"2024-05-10T10:04:35+00:00","dateModified":"2026-05-06T12:12:02+00:00","description":"HYDRO PRO 28 RAPIDTRAK MOUNTAINEERING EDITION is a machine built to take on whatever the mountains dish out. Built for high altitudes. Clear snow like a pro.","breadcrumb":{"@id":"https:\/\/www.ariens.eu\/ba\/product\/snow-blowers\/professional-series\/hydro-pro-28-rapidtrak-izdanje-za-planinarenje\/#breadcrumb"},"inLanguage":"bs-BA","potentialAction":[{"@type":"ReadAction","target":["https:\/\/www.ariens.eu\/ba\/product\/snow-blowers\/professional-series\/hydro-pro-28-rapidtrak-izdanje-za-planinarenje\/"]}]},{"@type":"ImageObject","inLanguage":"bs-BA","@id":"https:\/\/www.ariens.eu\/ba\/product\/snow-blowers\/professional-series\/hydro-pro-28-rapidtrak-izdanje-za-planinarenje\/#primaryimage","url":"https:\/\/www.ariens.eu\/ba\/wp-content\/uploads\/sites\/21\/2024\/05\/ariens-professional-rapidtrak-mountaineering-special-edition-snow-thrower-angle-view-front34.webp","contentUrl":"https:\/\/www.ariens.eu\/ba\/wp-content\/uploads\/sites\/21\/2024\/05\/ariens-professional-rapidtrak-mountaineering-special-edition-snow-thrower-angle-view-front34.webp","width":900,"height":650},{"@type":"BreadcrumbList","@id":"https:\/\/www.ariens.eu\/ba\/product\/snow-blowers\/professional-series\/hydro-pro-28-rapidtrak-izdanje-za-planinarenje\/#breadcrumb","itemListElement":[{"@type":"ListItem","position":1,"name":"Home","item":"https:\/\/www.ariens.eu\/ba\/"},{"@type":"ListItem","position":2,"name":"Shop","item":"https:\/\/www.ariens.eu\/ba\/shop\/"},{"@type":"ListItem","position":3,"name":"HYDRO PRO 28 RAPIDTRAK IZDANJE ZA PLANINARENJE"}]},{"@type":"WebSite","@id":"https:\/\/www.ariens.eu\/ba\/#website","url":"https:\/\/www.ariens.eu\/ba\/","name":"Ariens | EMEAA","description":"Powerful and reliable zero-turn mowers &amp; snow blowers for professional users and demanding private customers","publisher":{"@id":"https:\/\/www.ariens.eu\/ba\/#organization"},"potentialAction":[{"@type":"SearchAction","target":{"@type":"EntryPoint","urlTemplate":"https:\/\/www.ariens.eu\/ba\/?s={search_term_string}"},"query-input":{"@type":"PropertyValueSpecification","valueRequired":true,"valueName":"search_term_string"}}],"inLanguage":"bs-BA"},{"@type":"Organization","@id":"https:\/\/www.ariens.eu\/ba\/#organization","name":"AriensCo GmbH","url":"https:\/\/www.ariens.eu\/ba\/","logo":{"@type":"ImageObject","inLanguage":"bs-BA","@id":"https:\/\/www.ariens.eu\/ba\/#\/schema\/logo\/image\/","url":"https:\/\/www.ariens.eu\/wp-content\/uploads\/2024\/11\/ariens-co-logo.jpg","contentUrl":"https:\/\/www.ariens.eu\/wp-content\/uploads\/2024\/11\/ariens-co-logo.jpg","width":1000,"height":1000,"caption":"AriensCo GmbH"},"image":{"@id":"https:\/\/www.ariens.eu\/ba\/#\/schema\/logo\/image\/"}}]}},"_links":{"self":[{"href":"https:\/\/www.ariens.eu\/ba\/wp-json\/wp\/v2\/product\/2306","targetHints":{"allow":["GET"]}}],"collection":[{"href":"https:\/\/www.ariens.eu\/ba\/wp-json\/wp\/v2\/product"}],"about":[{"href":"https:\/\/www.ariens.eu\/ba\/wp-json\/wp\/v2\/types\/product"}],"replies":[{"embeddable":true,"href":"https:\/\/www.ariens.eu\/ba\/wp-json\/wp\/v2\/comments?post=2306"}],"wp:featuredmedia":[{"embeddable":true,"href":"https:\/\/www.ariens.eu\/ba\/wp-json\/wp\/v2\/media\/2693"}],"wp:attachment":[{"href":"https:\/\/www.ariens.eu\/ba\/wp-json\/wp\/v2\/media?parent=2306"}],"wp:term":[{"taxonomy":"product_brand","embeddable":true,"href":"https:\/\/www.ariens.eu\/ba\/wp-json\/wp\/v2\/product_brand?post=2306"},{"taxonomy":"product_cat","embeddable":true,"href":"https:\/\/www.ariens.eu\/ba\/wp-json\/wp\/v2\/product_cat?post=2306"},{"taxonomy":"product_tag","embeddable":true,"href":"https:\/\/www.ariens.eu\/ba\/wp-json\/wp\/v2\/product_tag?post=2306"}],"curies":[{"name":"wp","href":"https:\/\/api.w.org\/{rel}","templated":true}]}}