{"id":2318,"date":"2024-05-10T11:04:36","date_gmt":"2024-05-10T10:04:36","guid":{"rendered":"https:\/\/www.ariens.eu\/product\/power-brush-44-112-cm\/"},"modified":"2026-05-06T13:11:58","modified_gmt":"2026-05-06T12:11:58","slug":"power-brush-44-112-cm","status":"publish","type":"product","link":"https:\/\/www.ariens.eu\/ba\/product\/snow-blowers\/attachments\/power-brush-44-112-cm","title":{"rendered":"POWER BRUSH 44&#8221; 112 cm"},"content":{"rendered":"<div class=\"acfd-block acfd-block__twocolumns mb-asm-1 container-fluid px-0 bg-default\">\n<div class=\"acfd-twocolumns\">\n<div class=\"row\">\n<div class='col-lg-9 mb-4 '>\n<div class=\"acfd-block acfd-block__headline mb-asm-1 container-fluid px-0 bg-default\">\n<div class=\"acfd-headline\" >\n<h2 class='h2 text-left li_black'>Maksimalni u\u010dinak \u010di\u0161\u0107enja snijega sa svje\u017eim snijegom<\/h2>\n<\/p><\/div>\n<\/div>\n<div class=\"acfd-block acfd-block__text container-fluid px-0 bg-default\">\n<div class=\"acfd-text li_black\">\n<p>44\u201d Power \u010detka je vrhunsko rje\u0161enje za temeljito \u010di\u0161\u0107enje povr\u0161ina. Idealna za povr\u0161ine sa nultom tolerancijom, ova \u010detka stru\u010dno \u010disti do same povr\u0161ine.<\/p>\n<p>Ima inovativne pojedina\u010dne polimernediskove \u010detkica, osiguravaju\u0107i dug vijek trajanja i jednostavnost odr\u017eavanja sa jednostavnim opcijama zamjene kada se istro\u0161e. Mjerenja 42 in\u010da u du\u017einu, 48 in\u010da u \u0161irinu i 26,5 in\u010da u visinu, dizajnirana je za u\u010dinkovito pokrivanje. Te\u017ei 435 funti, robustna je ali upravljiva. \u010cetka ima maksimalni ugao rotacije od 40 stepeni, omogu\u0107avaju\u0107i u\u010dinkovitu kontrolu smjera. Njena impresivna brzina rotacije od 220 okretaja u minuti osigurava brzo i u\u010dinkovito \u010di\u0161\u0107enje. To je nezaobilazan alat za sve koji trebaju precizno i sveobuhvatno \u010di\u0161\u0107enje povr\u0161ina.<\/p>\n<\/div>\n<\/div><\/div>\n<div class='col-lg'>                    <\/div>\n<\/p><\/div>\n<\/div>\n<\/div>\n<div class=\"acfd-block acfd-block__twocolumns container-fluid px-0 bg-default\">\n<div class=\"acfd-twocolumns\">\n<div class=\"row\">\n<div class='col-lg-9 mb-4 '>                    <\/div>\n<div class='col-lg'>                    <\/div>\n<\/p><\/div>\n<\/div>\n<\/div>\n","protected":false},"excerpt":{"rendered":"<p>Maksimalni u\u010dinak \u010di\u0161\u0107enja snijega sa svje\u017eim snijegom 44\u201d Power \u010detka je vrhunsko rje\u0161enje za temeljito \u010di\u0161\u0107enje povr\u0161ina. Idealna za povr\u0161ine sa nultom tolerancijom, ova \u010detka stru\u010dno \u010disti do same povr\u0161ine. Ima inovativne pojedina\u010dne polimernediskove \u010detkica, osiguravaju\u0107i dug vijek trajanja i jednostavnost odr\u017eavanja sa jednostavnim opcijama zamjene kada se istro\u0161e. Mjerenja 42 in\u010da u du\u017einu, 48 [&hellip;]<\/p>\n","protected":false},"featured_media":3019,"comment_status":"open","ping_status":"closed","template":"","meta":{"_acf_changed":false,"_relevanssi_hide_post":"","_relevanssi_hide_content":"","_relevanssi_pin_for_all":"","_relevanssi_pin_keywords":"","_relevanssi_unpin_keywords":"","_relevanssi_related_keywords":"","_relevanssi_related_include_ids":"","_relevanssi_related_exclude_ids":"","_relevanssi_related_no_append":"","_relevanssi_related_not_related":"","_relevanssi_related_posts":"","_relevanssi_noindex_reason":""},"product_brand":[],"product_cat":[15],"product_tag":[],"class_list":{"0":"post-2318","1":"product","2":"type-product","3":"status-publish","4":"has-post-thumbnail","6":"product_variant-attachments","7":"product_usage_areas-winter-service","9":"first","10":"instock","11":"shipping-taxable","12":"product-type-simple"},"acf":[],"yoast_head":"<!-- This site is optimized with the Yoast SEO plugin v27.3 - https:\/\/yoast.com\/product\/yoast-seo-wordpress\/ -->\n<title>Power Brush - MAMMOTH\u2122 850 Series | Ariens<\/title>\n<meta name=\"description\" content=\"Master surface cleaning with the 44&quot; Power Broom. Perfect for zero-tolerance areas, it features replaceable polymer bristles and a robust 220 rpm rotation speed.\" \/>\n<meta name=\"robots\" content=\"noindex, follow, max-snippet:-1, max-image-preview:large, max-video-preview:-1\" \/>\n<meta property=\"og:locale\" content=\"bs_BA\" \/>\n<meta property=\"og:type\" content=\"article\" \/>\n<meta property=\"og:title\" content=\"Power Brush - MAMMOTH\u2122 850 Series | Ariens\" \/>\n<meta property=\"og:description\" content=\"Master surface cleaning with the 44&quot; Power Broom. Perfect for zero-tolerance areas, it features replaceable polymer bristles and a robust 220 rpm rotation speed.\" \/>\n<meta property=\"og:url\" content=\"https:\/\/www.ariens.eu\/ba\/product\/snow-blowers\/attachments\/power-brush-44-112-cm\/\" \/>\n<meta property=\"og:site_name\" content=\"Ariens | EMEAA\" \/>\n<meta property=\"article:modified_time\" content=\"2026-05-06T12:11:58+00:00\" \/>\n<meta property=\"og:image\" content=\"https:\/\/www.ariens.eu\/ba\/wp-content\/uploads\/sites\/21\/2024\/05\/951001-Mammoth-44in_Brush_FL34-scaled.webp\" \/>\n\t<meta property=\"og:image:width\" content=\"2560\" \/>\n\t<meta property=\"og:image:height\" content=\"1920\" \/>\n\t<meta property=\"og:image:type\" content=\"image\/webp\" \/>\n<meta name=\"twitter:card\" content=\"summary_large_image\" \/>\n<meta name=\"twitter:label1\" content=\"Est. reading time\" \/>\n\t<meta name=\"twitter:data1\" content=\"1 minuta\" \/>\n<script type=\"application\/ld+json\" class=\"yoast-schema-graph\">{\"@context\":\"https:\\\/\\\/schema.org\",\"@graph\":[{\"@type\":\"WebPage\",\"@id\":\"https:\\\/\\\/www.ariens.eu\\\/ba\\\/product\\\/snow-blowers\\\/attachments\\\/power-brush-44-112-cm\\\/\",\"url\":\"https:\\\/\\\/www.ariens.eu\\\/ba\\\/product\\\/snow-blowers\\\/attachments\\\/power-brush-44-112-cm\\\/\",\"name\":\"Power Brush - MAMMOTH\u2122 850 Series | Ariens\",\"isPartOf\":{\"@id\":\"https:\\\/\\\/www.ariens.eu\\\/ba\\\/#website\"},\"primaryImageOfPage\":{\"@id\":\"https:\\\/\\\/www.ariens.eu\\\/ba\\\/product\\\/snow-blowers\\\/attachments\\\/power-brush-44-112-cm\\\/#primaryimage\"},\"image\":{\"@id\":\"https:\\\/\\\/www.ariens.eu\\\/ba\\\/product\\\/snow-blowers\\\/attachments\\\/power-brush-44-112-cm\\\/#primaryimage\"},\"thumbnailUrl\":\"https:\\\/\\\/www.ariens.eu\\\/ba\\\/wp-content\\\/uploads\\\/sites\\\/21\\\/2024\\\/05\\\/951001-Mammoth-44in_Brush_FL34-scaled.webp\",\"datePublished\":\"2024-05-10T10:04:36+00:00\",\"dateModified\":\"2026-05-06T12:11:58+00:00\",\"description\":\"Master surface cleaning with the 44\\\" Power Broom. Perfect for zero-tolerance areas, it features replaceable polymer bristles and a robust 220 rpm rotation speed.\",\"breadcrumb\":{\"@id\":\"https:\\\/\\\/www.ariens.eu\\\/ba\\\/product\\\/snow-blowers\\\/attachments\\\/power-brush-44-112-cm\\\/#breadcrumb\"},\"inLanguage\":\"bs-BA\",\"potentialAction\":[{\"@type\":\"ReadAction\",\"target\":[\"https:\\\/\\\/www.ariens.eu\\\/ba\\\/product\\\/snow-blowers\\\/attachments\\\/power-brush-44-112-cm\\\/\"]}]},{\"@type\":\"ImageObject\",\"inLanguage\":\"bs-BA\",\"@id\":\"https:\\\/\\\/www.ariens.eu\\\/ba\\\/product\\\/snow-blowers\\\/attachments\\\/power-brush-44-112-cm\\\/#primaryimage\",\"url\":\"https:\\\/\\\/www.ariens.eu\\\/ba\\\/wp-content\\\/uploads\\\/sites\\\/21\\\/2024\\\/05\\\/951001-Mammoth-44in_Brush_FL34-scaled.webp\",\"contentUrl\":\"https:\\\/\\\/www.ariens.eu\\\/ba\\\/wp-content\\\/uploads\\\/sites\\\/21\\\/2024\\\/05\\\/951001-Mammoth-44in_Brush_FL34-scaled.webp\",\"width\":2560,\"height\":1920},{\"@type\":\"BreadcrumbList\",\"@id\":\"https:\\\/\\\/www.ariens.eu\\\/ba\\\/product\\\/snow-blowers\\\/attachments\\\/power-brush-44-112-cm\\\/#breadcrumb\",\"itemListElement\":[{\"@type\":\"ListItem\",\"position\":1,\"name\":\"Home\",\"item\":\"https:\\\/\\\/www.ariens.eu\\\/ba\\\/\"},{\"@type\":\"ListItem\",\"position\":2,\"name\":\"Shop\",\"item\":\"https:\\\/\\\/www.ariens.eu\\\/ba\\\/shop\\\/\"},{\"@type\":\"ListItem\",\"position\":3,\"name\":\"POWER BRUSH 44&#8243; 112 cm\"}]},{\"@type\":\"WebSite\",\"@id\":\"https:\\\/\\\/www.ariens.eu\\\/ba\\\/#website\",\"url\":\"https:\\\/\\\/www.ariens.eu\\\/ba\\\/\",\"name\":\"Ariens | EMEAA\",\"description\":\"Powerful and reliable zero-turn mowers &amp; snow blowers for professional users and demanding private customers\",\"publisher\":{\"@id\":\"https:\\\/\\\/www.ariens.eu\\\/ba\\\/#organization\"},\"potentialAction\":[{\"@type\":\"SearchAction\",\"target\":{\"@type\":\"EntryPoint\",\"urlTemplate\":\"https:\\\/\\\/www.ariens.eu\\\/ba\\\/?s={search_term_string}\"},\"query-input\":{\"@type\":\"PropertyValueSpecification\",\"valueRequired\":true,\"valueName\":\"search_term_string\"}}],\"inLanguage\":\"bs-BA\"},{\"@type\":\"Organization\",\"@id\":\"https:\\\/\\\/www.ariens.eu\\\/ba\\\/#organization\",\"name\":\"AriensCo GmbH\",\"url\":\"https:\\\/\\\/www.ariens.eu\\\/ba\\\/\",\"logo\":{\"@type\":\"ImageObject\",\"inLanguage\":\"bs-BA\",\"@id\":\"https:\\\/\\\/www.ariens.eu\\\/ba\\\/#\\\/schema\\\/logo\\\/image\\\/\",\"url\":\"https:\\\/\\\/www.ariens.eu\\\/wp-content\\\/uploads\\\/2024\\\/11\\\/ariens-co-logo.jpg\",\"contentUrl\":\"https:\\\/\\\/www.ariens.eu\\\/wp-content\\\/uploads\\\/2024\\\/11\\\/ariens-co-logo.jpg\",\"width\":1000,\"height\":1000,\"caption\":\"AriensCo GmbH\"},\"image\":{\"@id\":\"https:\\\/\\\/www.ariens.eu\\\/ba\\\/#\\\/schema\\\/logo\\\/image\\\/\"}}]}<\/script>\n<!-- \/ Yoast SEO plugin. -->","yoast_head_json":{"title":"Power Brush - MAMMOTH\u2122 850 Series | Ariens","description":"Master surface cleaning with the 44\" Power Broom. Perfect for zero-tolerance areas, it features replaceable polymer bristles and a robust 220 rpm rotation speed.","robots":{"index":"noindex","follow":"follow","max-snippet":"max-snippet:-1","max-image-preview":"max-image-preview:large","max-video-preview":"max-video-preview:-1"},"og_locale":"bs_BA","og_type":"article","og_title":"Power Brush - MAMMOTH\u2122 850 Series | Ariens","og_description":"Master surface cleaning with the 44\" Power Broom. Perfect for zero-tolerance areas, it features replaceable polymer bristles and a robust 220 rpm rotation speed.","og_url":"https:\/\/www.ariens.eu\/ba\/product\/snow-blowers\/attachments\/power-brush-44-112-cm\/","og_site_name":"Ariens | EMEAA","article_modified_time":"2026-05-06T12:11:58+00:00","og_image":[{"width":2560,"height":1920,"url":"https:\/\/www.ariens.eu\/ba\/wp-content\/uploads\/sites\/21\/2024\/05\/951001-Mammoth-44in_Brush_FL34-scaled.webp","type":"image\/webp"}],"twitter_card":"summary_large_image","twitter_misc":{"Est. reading time":"1 minuta"},"schema":{"@context":"https:\/\/schema.org","@graph":[{"@type":"WebPage","@id":"https:\/\/www.ariens.eu\/ba\/product\/snow-blowers\/attachments\/power-brush-44-112-cm\/","url":"https:\/\/www.ariens.eu\/ba\/product\/snow-blowers\/attachments\/power-brush-44-112-cm\/","name":"Power Brush - MAMMOTH\u2122 850 Series | Ariens","isPartOf":{"@id":"https:\/\/www.ariens.eu\/ba\/#website"},"primaryImageOfPage":{"@id":"https:\/\/www.ariens.eu\/ba\/product\/snow-blowers\/attachments\/power-brush-44-112-cm\/#primaryimage"},"image":{"@id":"https:\/\/www.ariens.eu\/ba\/product\/snow-blowers\/attachments\/power-brush-44-112-cm\/#primaryimage"},"thumbnailUrl":"https:\/\/www.ariens.eu\/ba\/wp-content\/uploads\/sites\/21\/2024\/05\/951001-Mammoth-44in_Brush_FL34-scaled.webp","datePublished":"2024-05-10T10:04:36+00:00","dateModified":"2026-05-06T12:11:58+00:00","description":"Master surface cleaning with the 44\" Power Broom. Perfect for zero-tolerance areas, it features replaceable polymer bristles and a robust 220 rpm rotation speed.","breadcrumb":{"@id":"https:\/\/www.ariens.eu\/ba\/product\/snow-blowers\/attachments\/power-brush-44-112-cm\/#breadcrumb"},"inLanguage":"bs-BA","potentialAction":[{"@type":"ReadAction","target":["https:\/\/www.ariens.eu\/ba\/product\/snow-blowers\/attachments\/power-brush-44-112-cm\/"]}]},{"@type":"ImageObject","inLanguage":"bs-BA","@id":"https:\/\/www.ariens.eu\/ba\/product\/snow-blowers\/attachments\/power-brush-44-112-cm\/#primaryimage","url":"https:\/\/www.ariens.eu\/ba\/wp-content\/uploads\/sites\/21\/2024\/05\/951001-Mammoth-44in_Brush_FL34-scaled.webp","contentUrl":"https:\/\/www.ariens.eu\/ba\/wp-content\/uploads\/sites\/21\/2024\/05\/951001-Mammoth-44in_Brush_FL34-scaled.webp","width":2560,"height":1920},{"@type":"BreadcrumbList","@id":"https:\/\/www.ariens.eu\/ba\/product\/snow-blowers\/attachments\/power-brush-44-112-cm\/#breadcrumb","itemListElement":[{"@type":"ListItem","position":1,"name":"Home","item":"https:\/\/www.ariens.eu\/ba\/"},{"@type":"ListItem","position":2,"name":"Shop","item":"https:\/\/www.ariens.eu\/ba\/shop\/"},{"@type":"ListItem","position":3,"name":"POWER BRUSH 44&#8243; 112 cm"}]},{"@type":"WebSite","@id":"https:\/\/www.ariens.eu\/ba\/#website","url":"https:\/\/www.ariens.eu\/ba\/","name":"Ariens | EMEAA","description":"Powerful and reliable zero-turn mowers &amp; snow blowers for professional users and demanding private customers","publisher":{"@id":"https:\/\/www.ariens.eu\/ba\/#organization"},"potentialAction":[{"@type":"SearchAction","target":{"@type":"EntryPoint","urlTemplate":"https:\/\/www.ariens.eu\/ba\/?s={search_term_string}"},"query-input":{"@type":"PropertyValueSpecification","valueRequired":true,"valueName":"search_term_string"}}],"inLanguage":"bs-BA"},{"@type":"Organization","@id":"https:\/\/www.ariens.eu\/ba\/#organization","name":"AriensCo GmbH","url":"https:\/\/www.ariens.eu\/ba\/","logo":{"@type":"ImageObject","inLanguage":"bs-BA","@id":"https:\/\/www.ariens.eu\/ba\/#\/schema\/logo\/image\/","url":"https:\/\/www.ariens.eu\/wp-content\/uploads\/2024\/11\/ariens-co-logo.jpg","contentUrl":"https:\/\/www.ariens.eu\/wp-content\/uploads\/2024\/11\/ariens-co-logo.jpg","width":1000,"height":1000,"caption":"AriensCo GmbH"},"image":{"@id":"https:\/\/www.ariens.eu\/ba\/#\/schema\/logo\/image\/"}}]}},"_links":{"self":[{"href":"https:\/\/www.ariens.eu\/ba\/wp-json\/wp\/v2\/product\/2318","targetHints":{"allow":["GET"]}}],"collection":[{"href":"https:\/\/www.ariens.eu\/ba\/wp-json\/wp\/v2\/product"}],"about":[{"href":"https:\/\/www.ariens.eu\/ba\/wp-json\/wp\/v2\/types\/product"}],"replies":[{"embeddable":true,"href":"https:\/\/www.ariens.eu\/ba\/wp-json\/wp\/v2\/comments?post=2318"}],"wp:featuredmedia":[{"embeddable":true,"href":"https:\/\/www.ariens.eu\/ba\/wp-json\/wp\/v2\/media\/3019"}],"wp:attachment":[{"href":"https:\/\/www.ariens.eu\/ba\/wp-json\/wp\/v2\/media?parent=2318"}],"wp:term":[{"taxonomy":"product_brand","embeddable":true,"href":"https:\/\/www.ariens.eu\/ba\/wp-json\/wp\/v2\/product_brand?post=2318"},{"taxonomy":"product_cat","embeddable":true,"href":"https:\/\/www.ariens.eu\/ba\/wp-json\/wp\/v2\/product_cat?post=2318"},{"taxonomy":"product_tag","embeddable":true,"href":"https:\/\/www.ariens.eu\/ba\/wp-json\/wp\/v2\/product_tag?post=2318"}],"curies":[{"name":"wp","href":"https:\/\/api.w.org\/{rel}","templated":true}]}}