{"id":2319,"date":"2024-05-10T11:04:36","date_gmt":"2024-05-10T10:04:36","guid":{"rendered":"https:\/\/www.ariens.eu\/product\/snow-thrower-36-91-cm\/"},"modified":"2026-05-06T13:11:58","modified_gmt":"2026-05-06T12:11:58","slug":"snjegovalj-36-91-cm","status":"publish","type":"product","link":"https:\/\/www.ariens.eu\/ba\/product\/snow-blowers\/attachments\/snjegovalj-36-91-cm","title":{"rendered":"SNJEGOVALJ 36&#8221; 91 cm"},"content":{"rendered":"<div class=\"acfd-block acfd-block__twocolumns container-fluid px-0 bg-default\">\n<div class=\"acfd-twocolumns\">\n<div class=\"row\">\n<div class='col-lg-9 mb-4 '>\n<div class=\"acfd-block acfd-block__headline mb-asm-1 container-fluid px-0 bg-default\">\n<div class=\"acfd-headline\" >\n<h2 class='h2 text-left li_black'>Ekstremne performanse \u010di\u0161\u0107enja i bacanja<\/h2>\n<\/p><\/div>\n<\/div>\n<div class=\"acfd-block acfd-block__text container-fluid px-0 bg-default\">\n<div class=\"acfd-text li_black\">\n<p>Unaprijedite svoje mogu\u0107nosti \u010di\u0161\u0107enja snijega sa na\u0161im 36&#8243; snjegovaljem od \u010delika za visoke performanse za Ariens MAMMOTH<sup>TM<\/sup> 850 samostalnu ma\u0161inu. Ova prilo\u0161ka oprema, snjegovalj za duge udaljenosti, dizajnirana je za zahtjevne zadatke, lako bacaju\u0107i snijeg do 60 stopa.<\/p>\n<p>Ima intuitivnu kontrolu d\u017eojstikom za precizno rukovanje i opremljena je robustnim \u010deli\u010dnim struga\u010dima i kliza\u010dima. Idealna za i ku\u0107nu i komercijalnu upotrebu, ova oprema pretvara MAMMOTH<sup>TM<\/sup> 850 u mo\u0107nu ma\u0161inu za uklanjanje snijega u te\u0161kim zimskim uslovima.<\/p>\n<\/div>\n<\/div><\/div>\n<div class='col-lg'>                    <\/div>\n<\/p><\/div>\n<\/div>\n<\/div>\n","protected":false},"excerpt":{"rendered":"<p>Ekstremne performanse \u010di\u0161\u0107enja i bacanja Unaprijedite svoje mogu\u0107nosti \u010di\u0161\u0107enja snijega sa na\u0161im 36&#8243; snjegovaljem od \u010delika za visoke performanse za Ariens MAMMOTHTM 850 samostalnu ma\u0161inu. Ova prilo\u0161ka oprema, snjegovalj za duge udaljenosti, dizajnirana je za zahtjevne zadatke, lako bacaju\u0107i snijeg do 60 stopa. Ima intuitivnu kontrolu d\u017eojstikom za precizno rukovanje i opremljena je robustnim \u010deli\u010dnim [&hellip;]<\/p>\n","protected":false},"featured_media":3029,"comment_status":"open","ping_status":"closed","template":"","meta":{"_acf_changed":false,"_relevanssi_hide_post":"","_relevanssi_hide_content":"","_relevanssi_pin_for_all":"","_relevanssi_pin_keywords":"","_relevanssi_unpin_keywords":"","_relevanssi_related_keywords":"","_relevanssi_related_include_ids":"","_relevanssi_related_exclude_ids":"","_relevanssi_related_no_append":"","_relevanssi_related_not_related":"","_relevanssi_related_posts":"","_relevanssi_noindex_reason":""},"product_brand":[],"product_cat":[15],"product_tag":[],"class_list":{"0":"post-2319","1":"product","2":"type-product","3":"status-publish","4":"has-post-thumbnail","6":"product_variant-attachments","7":"product_usage_areas-winter-service","9":"first","10":"instock","11":"shipping-taxable","12":"product-type-simple"},"acf":[],"yoast_head":"<!-- This site is optimized with the Yoast SEO plugin v27.3 - https:\/\/yoast.com\/product\/yoast-seo-wordpress\/ -->\n<title>Snow Blower heads 91 cm - MAMMOTH\u2122 850 Series | Ariens<\/title>\n<meta name=\"description\" content=\"Upgrade the Ariens MAMMOTH\u2122 850 with our all-steel heavy-duty snow removal attachment, offering up to 60 feet of snow propulsion and precision joystick control.\" \/>\n<meta name=\"robots\" content=\"noindex, follow, max-snippet:-1, max-image-preview:large, max-video-preview:-1\" \/>\n<meta property=\"og:locale\" content=\"bs_BA\" \/>\n<meta property=\"og:type\" content=\"article\" \/>\n<meta property=\"og:title\" content=\"Snow Blower heads 91 cm - MAMMOTH\u2122 850 Series | Ariens\" \/>\n<meta property=\"og:description\" content=\"Upgrade the Ariens MAMMOTH\u2122 850 with our all-steel heavy-duty snow removal attachment, offering up to 60 feet of snow propulsion and precision joystick control.\" \/>\n<meta property=\"og:url\" content=\"https:\/\/www.ariens.eu\/ba\/product\/snow-blowers\/attachments\/snjegovalj-36-91-cm\/\" \/>\n<meta property=\"og:site_name\" content=\"Ariens | EMEAA\" \/>\n<meta property=\"article:modified_time\" content=\"2026-05-06T12:11:58+00:00\" \/>\n<meta property=\"og:image\" content=\"https:\/\/www.ariens.eu\/ba\/wp-content\/uploads\/sites\/21\/2024\/05\/851301-Ariens-Mammoth-48-Snow-Blower_Front_3-4.png\" \/>\n\t<meta property=\"og:image:width\" content=\"2560\" \/>\n\t<meta property=\"og:image:height\" content=\"1920\" \/>\n\t<meta property=\"og:image:type\" content=\"image\/png\" \/>\n<meta name=\"twitter:card\" content=\"summary_large_image\" \/>\n<meta name=\"twitter:label1\" content=\"Est. reading time\" \/>\n\t<meta name=\"twitter:data1\" content=\"1 minuta\" \/>\n<script type=\"application\/ld+json\" class=\"yoast-schema-graph\">{\"@context\":\"https:\\\/\\\/schema.org\",\"@graph\":[{\"@type\":\"WebPage\",\"@id\":\"https:\\\/\\\/www.ariens.eu\\\/ba\\\/product\\\/snow-blowers\\\/attachments\\\/snjegovalj-36-91-cm\\\/\",\"url\":\"https:\\\/\\\/www.ariens.eu\\\/ba\\\/product\\\/snow-blowers\\\/attachments\\\/snjegovalj-36-91-cm\\\/\",\"name\":\"Snow Blower heads 91 cm - MAMMOTH\u2122 850 Series | Ariens\",\"isPartOf\":{\"@id\":\"https:\\\/\\\/www.ariens.eu\\\/ba\\\/#website\"},\"primaryImageOfPage\":{\"@id\":\"https:\\\/\\\/www.ariens.eu\\\/ba\\\/product\\\/snow-blowers\\\/attachments\\\/snjegovalj-36-91-cm\\\/#primaryimage\"},\"image\":{\"@id\":\"https:\\\/\\\/www.ariens.eu\\\/ba\\\/product\\\/snow-blowers\\\/attachments\\\/snjegovalj-36-91-cm\\\/#primaryimage\"},\"thumbnailUrl\":\"https:\\\/\\\/www.ariens.eu\\\/ba\\\/wp-content\\\/uploads\\\/sites\\\/21\\\/2024\\\/05\\\/851301-Ariens-Mammoth-48-Snow-Blower_Front_3-4.png\",\"datePublished\":\"2024-05-10T10:04:36+00:00\",\"dateModified\":\"2026-05-06T12:11:58+00:00\",\"description\":\"Upgrade the Ariens MAMMOTH\u2122 850 with our all-steel heavy-duty snow removal attachment, offering up to 60 feet of snow propulsion and precision joystick control.\",\"breadcrumb\":{\"@id\":\"https:\\\/\\\/www.ariens.eu\\\/ba\\\/product\\\/snow-blowers\\\/attachments\\\/snjegovalj-36-91-cm\\\/#breadcrumb\"},\"inLanguage\":\"bs-BA\",\"potentialAction\":[{\"@type\":\"ReadAction\",\"target\":[\"https:\\\/\\\/www.ariens.eu\\\/ba\\\/product\\\/snow-blowers\\\/attachments\\\/snjegovalj-36-91-cm\\\/\"]}]},{\"@type\":\"ImageObject\",\"inLanguage\":\"bs-BA\",\"@id\":\"https:\\\/\\\/www.ariens.eu\\\/ba\\\/product\\\/snow-blowers\\\/attachments\\\/snjegovalj-36-91-cm\\\/#primaryimage\",\"url\":\"https:\\\/\\\/www.ariens.eu\\\/ba\\\/wp-content\\\/uploads\\\/sites\\\/21\\\/2024\\\/05\\\/851301-Ariens-Mammoth-48-Snow-Blower_Front_3-4.png\",\"contentUrl\":\"https:\\\/\\\/www.ariens.eu\\\/ba\\\/wp-content\\\/uploads\\\/sites\\\/21\\\/2024\\\/05\\\/851301-Ariens-Mammoth-48-Snow-Blower_Front_3-4.png\",\"width\":2560,\"height\":1920},{\"@type\":\"BreadcrumbList\",\"@id\":\"https:\\\/\\\/www.ariens.eu\\\/ba\\\/product\\\/snow-blowers\\\/attachments\\\/snjegovalj-36-91-cm\\\/#breadcrumb\",\"itemListElement\":[{\"@type\":\"ListItem\",\"position\":1,\"name\":\"Home\",\"item\":\"https:\\\/\\\/www.ariens.eu\\\/ba\\\/\"},{\"@type\":\"ListItem\",\"position\":2,\"name\":\"Shop\",\"item\":\"https:\\\/\\\/www.ariens.eu\\\/ba\\\/shop\\\/\"},{\"@type\":\"ListItem\",\"position\":3,\"name\":\"SNJEGOVALJ 36&#8243; 91 cm\"}]},{\"@type\":\"WebSite\",\"@id\":\"https:\\\/\\\/www.ariens.eu\\\/ba\\\/#website\",\"url\":\"https:\\\/\\\/www.ariens.eu\\\/ba\\\/\",\"name\":\"Ariens | EMEAA\",\"description\":\"Powerful and reliable zero-turn mowers &amp; snow blowers for professional users and demanding private customers\",\"publisher\":{\"@id\":\"https:\\\/\\\/www.ariens.eu\\\/ba\\\/#organization\"},\"potentialAction\":[{\"@type\":\"SearchAction\",\"target\":{\"@type\":\"EntryPoint\",\"urlTemplate\":\"https:\\\/\\\/www.ariens.eu\\\/ba\\\/?s={search_term_string}\"},\"query-input\":{\"@type\":\"PropertyValueSpecification\",\"valueRequired\":true,\"valueName\":\"search_term_string\"}}],\"inLanguage\":\"bs-BA\"},{\"@type\":\"Organization\",\"@id\":\"https:\\\/\\\/www.ariens.eu\\\/ba\\\/#organization\",\"name\":\"AriensCo GmbH\",\"url\":\"https:\\\/\\\/www.ariens.eu\\\/ba\\\/\",\"logo\":{\"@type\":\"ImageObject\",\"inLanguage\":\"bs-BA\",\"@id\":\"https:\\\/\\\/www.ariens.eu\\\/ba\\\/#\\\/schema\\\/logo\\\/image\\\/\",\"url\":\"https:\\\/\\\/www.ariens.eu\\\/wp-content\\\/uploads\\\/2024\\\/11\\\/ariens-co-logo.jpg\",\"contentUrl\":\"https:\\\/\\\/www.ariens.eu\\\/wp-content\\\/uploads\\\/2024\\\/11\\\/ariens-co-logo.jpg\",\"width\":1000,\"height\":1000,\"caption\":\"AriensCo GmbH\"},\"image\":{\"@id\":\"https:\\\/\\\/www.ariens.eu\\\/ba\\\/#\\\/schema\\\/logo\\\/image\\\/\"}}]}<\/script>\n<!-- \/ Yoast SEO plugin. -->","yoast_head_json":{"title":"Snow Blower heads 91 cm - MAMMOTH\u2122 850 Series | Ariens","description":"Upgrade the Ariens MAMMOTH\u2122 850 with our all-steel heavy-duty snow removal attachment, offering up to 60 feet of snow propulsion and precision joystick control.","robots":{"index":"noindex","follow":"follow","max-snippet":"max-snippet:-1","max-image-preview":"max-image-preview:large","max-video-preview":"max-video-preview:-1"},"og_locale":"bs_BA","og_type":"article","og_title":"Snow Blower heads 91 cm - MAMMOTH\u2122 850 Series | Ariens","og_description":"Upgrade the Ariens MAMMOTH\u2122 850 with our all-steel heavy-duty snow removal attachment, offering up to 60 feet of snow propulsion and precision joystick control.","og_url":"https:\/\/www.ariens.eu\/ba\/product\/snow-blowers\/attachments\/snjegovalj-36-91-cm\/","og_site_name":"Ariens | EMEAA","article_modified_time":"2026-05-06T12:11:58+00:00","og_image":[{"width":2560,"height":1920,"url":"https:\/\/www.ariens.eu\/ba\/wp-content\/uploads\/sites\/21\/2024\/05\/851301-Ariens-Mammoth-48-Snow-Blower_Front_3-4.png","type":"image\/png"}],"twitter_card":"summary_large_image","twitter_misc":{"Est. reading time":"1 minuta"},"schema":{"@context":"https:\/\/schema.org","@graph":[{"@type":"WebPage","@id":"https:\/\/www.ariens.eu\/ba\/product\/snow-blowers\/attachments\/snjegovalj-36-91-cm\/","url":"https:\/\/www.ariens.eu\/ba\/product\/snow-blowers\/attachments\/snjegovalj-36-91-cm\/","name":"Snow Blower heads 91 cm - MAMMOTH\u2122 850 Series | Ariens","isPartOf":{"@id":"https:\/\/www.ariens.eu\/ba\/#website"},"primaryImageOfPage":{"@id":"https:\/\/www.ariens.eu\/ba\/product\/snow-blowers\/attachments\/snjegovalj-36-91-cm\/#primaryimage"},"image":{"@id":"https:\/\/www.ariens.eu\/ba\/product\/snow-blowers\/attachments\/snjegovalj-36-91-cm\/#primaryimage"},"thumbnailUrl":"https:\/\/www.ariens.eu\/ba\/wp-content\/uploads\/sites\/21\/2024\/05\/851301-Ariens-Mammoth-48-Snow-Blower_Front_3-4.png","datePublished":"2024-05-10T10:04:36+00:00","dateModified":"2026-05-06T12:11:58+00:00","description":"Upgrade the Ariens MAMMOTH\u2122 850 with our all-steel heavy-duty snow removal attachment, offering up to 60 feet of snow propulsion and precision joystick control.","breadcrumb":{"@id":"https:\/\/www.ariens.eu\/ba\/product\/snow-blowers\/attachments\/snjegovalj-36-91-cm\/#breadcrumb"},"inLanguage":"bs-BA","potentialAction":[{"@type":"ReadAction","target":["https:\/\/www.ariens.eu\/ba\/product\/snow-blowers\/attachments\/snjegovalj-36-91-cm\/"]}]},{"@type":"ImageObject","inLanguage":"bs-BA","@id":"https:\/\/www.ariens.eu\/ba\/product\/snow-blowers\/attachments\/snjegovalj-36-91-cm\/#primaryimage","url":"https:\/\/www.ariens.eu\/ba\/wp-content\/uploads\/sites\/21\/2024\/05\/851301-Ariens-Mammoth-48-Snow-Blower_Front_3-4.png","contentUrl":"https:\/\/www.ariens.eu\/ba\/wp-content\/uploads\/sites\/21\/2024\/05\/851301-Ariens-Mammoth-48-Snow-Blower_Front_3-4.png","width":2560,"height":1920},{"@type":"BreadcrumbList","@id":"https:\/\/www.ariens.eu\/ba\/product\/snow-blowers\/attachments\/snjegovalj-36-91-cm\/#breadcrumb","itemListElement":[{"@type":"ListItem","position":1,"name":"Home","item":"https:\/\/www.ariens.eu\/ba\/"},{"@type":"ListItem","position":2,"name":"Shop","item":"https:\/\/www.ariens.eu\/ba\/shop\/"},{"@type":"ListItem","position":3,"name":"SNJEGOVALJ 36&#8243; 91 cm"}]},{"@type":"WebSite","@id":"https:\/\/www.ariens.eu\/ba\/#website","url":"https:\/\/www.ariens.eu\/ba\/","name":"Ariens | EMEAA","description":"Powerful and reliable zero-turn mowers &amp; snow blowers for professional users and demanding private customers","publisher":{"@id":"https:\/\/www.ariens.eu\/ba\/#organization"},"potentialAction":[{"@type":"SearchAction","target":{"@type":"EntryPoint","urlTemplate":"https:\/\/www.ariens.eu\/ba\/?s={search_term_string}"},"query-input":{"@type":"PropertyValueSpecification","valueRequired":true,"valueName":"search_term_string"}}],"inLanguage":"bs-BA"},{"@type":"Organization","@id":"https:\/\/www.ariens.eu\/ba\/#organization","name":"AriensCo GmbH","url":"https:\/\/www.ariens.eu\/ba\/","logo":{"@type":"ImageObject","inLanguage":"bs-BA","@id":"https:\/\/www.ariens.eu\/ba\/#\/schema\/logo\/image\/","url":"https:\/\/www.ariens.eu\/wp-content\/uploads\/2024\/11\/ariens-co-logo.jpg","contentUrl":"https:\/\/www.ariens.eu\/wp-content\/uploads\/2024\/11\/ariens-co-logo.jpg","width":1000,"height":1000,"caption":"AriensCo GmbH"},"image":{"@id":"https:\/\/www.ariens.eu\/ba\/#\/schema\/logo\/image\/"}}]}},"_links":{"self":[{"href":"https:\/\/www.ariens.eu\/ba\/wp-json\/wp\/v2\/product\/2319","targetHints":{"allow":["GET"]}}],"collection":[{"href":"https:\/\/www.ariens.eu\/ba\/wp-json\/wp\/v2\/product"}],"about":[{"href":"https:\/\/www.ariens.eu\/ba\/wp-json\/wp\/v2\/types\/product"}],"replies":[{"embeddable":true,"href":"https:\/\/www.ariens.eu\/ba\/wp-json\/wp\/v2\/comments?post=2319"}],"wp:featuredmedia":[{"embeddable":true,"href":"https:\/\/www.ariens.eu\/ba\/wp-json\/wp\/v2\/media\/3029"}],"wp:attachment":[{"href":"https:\/\/www.ariens.eu\/ba\/wp-json\/wp\/v2\/media?parent=2319"}],"wp:term":[{"taxonomy":"product_brand","embeddable":true,"href":"https:\/\/www.ariens.eu\/ba\/wp-json\/wp\/v2\/product_brand?post=2319"},{"taxonomy":"product_cat","embeddable":true,"href":"https:\/\/www.ariens.eu\/ba\/wp-json\/wp\/v2\/product_cat?post=2319"},{"taxonomy":"product_tag","embeddable":true,"href":"https:\/\/www.ariens.eu\/ba\/wp-json\/wp\/v2\/product_tag?post=2319"}],"curies":[{"name":"wp","href":"https:\/\/api.w.org\/{rel}","templated":true}]}}