{"id":2321,"date":"2024-05-10T11:04:36","date_gmt":"2024-05-10T10:04:36","guid":{"rendered":"https:\/\/www.ariens.eu\/product\/salt-spreader-113-cm\/"},"modified":"2026-05-06T13:11:58","modified_gmt":"2026-05-06T12:11:58","slug":"rasipac-soli-113-cm","status":"publish","type":"product","link":"https:\/\/www.ariens.eu\/ba\/product\/snow-blowers\/attachments\/rasipac-soli-113-cm","title":{"rendered":"Rasipa\u010d soli 113 cm"},"content":{"rendered":"<div class=\"acfd-block acfd-block__twocolumns mb-asm-1 container-fluid px-0 bg-default\">\n<div class=\"acfd-twocolumns\">\n<div class=\"row\">\n<div class='col-lg-9 mb-4 '>\n<div class=\"acfd-block acfd-block__headline mb-asm-1 container-fluid px-0 bg-default\">\n<div class=\"acfd-headline\" >\n<h2 class='h2 text-left li_black'>Maksimalna sigurnost na cesti zahvaljuju\u0107i rasipanju soli<\/h2>\n<\/p><\/div>\n<\/div>\n<div class=\"acfd-block acfd-block__text container-fluid px-0 bg-default\">\n<div class=\"acfd-text li_black\">\n<p>Efikasno zimsko odr\u017eavanje sa Rasipa\u010dem soli, vrhunskim rasipa\u010dem soli koji se montira stra\u017enje. Dizajniran za rasipanje soli i pijeska, ovaj rasipa\u010d ima kapacitet od 2.0 kubnih stopa, \u0161to je najbolje u svojoj kategoriji, osiguravaju\u0107i da pokrijete vi\u0161e povr\u0161ine s manje punjenja.<\/p>\n<p>Njegova prakti\u010dna kontrolna tabla montirana na instrument tabli stavlja sve potrebne kontrole unutar lakog dosega operatera, maksimiziraju\u0107i efikasnost i jednostavnost upotrebe. Rasipa\u010d ima du\u017einu od 63.9 in\u010da, \u0161irinu od 44.8 in\u010da i visinu od 30.2 in\u010da, savr\u0161eno dimenzioniran za razli\u010dite primjene. Ima te\u017einu od 191.2 funti kada je sastavljen i mo\u017ee podnijeti punu te\u017einu do 350 funti. Sa \u0161irinom pokrivenosti od 30 do 36 in\u010da, pru\u017ea prilagodljive mogu\u0107nosti za razli\u010dite potrebe. Idealno za komercijalnu i stambenu upotrebu, Rasipa\u010d soli je va\u0161 pouzdan partner za efikasno zimsko odr\u017eavanje cesta i staza.<\/p>\n<\/div>\n<\/div><\/div>\n<div class='col-lg'>                    <\/div>\n<\/p><\/div>\n<\/div>\n<\/div>\n","protected":false},"excerpt":{"rendered":"<p>Maksimalna sigurnost na cesti zahvaljuju\u0107i rasipanju soli Efikasno zimsko odr\u017eavanje sa Rasipa\u010dem soli, vrhunskim rasipa\u010dem soli koji se montira stra\u017enje. Dizajniran za rasipanje soli i pijeska, ovaj rasipa\u010d ima kapacitet od 2.0 kubnih stopa, \u0161to je najbolje u svojoj kategoriji, osiguravaju\u0107i da pokrijete vi\u0161e povr\u0161ine s manje punjenja. Njegova prakti\u010dna kontrolna tabla montirana na instrument [&hellip;]<\/p>\n","protected":false},"featured_media":3028,"comment_status":"open","ping_status":"closed","template":"","meta":{"_acf_changed":false,"_relevanssi_hide_post":"","_relevanssi_hide_content":"","_relevanssi_pin_for_all":"","_relevanssi_pin_keywords":"","_relevanssi_unpin_keywords":"","_relevanssi_related_keywords":"","_relevanssi_related_include_ids":"","_relevanssi_related_exclude_ids":"","_relevanssi_related_no_append":"","_relevanssi_related_not_related":"","_relevanssi_related_posts":"","_relevanssi_noindex_reason":""},"product_brand":[],"product_cat":[15],"product_tag":[],"class_list":{"0":"post-2321","1":"product","2":"type-product","3":"status-publish","4":"has-post-thumbnail","6":"product_variant-attachments","7":"product_usage_areas-winter-service","9":"first","10":"instock","11":"shipping-taxable","12":"product-type-simple"},"acf":[],"yoast_head":"<!-- This site is optimized with the Yoast SEO plugin v27.3 - https:\/\/yoast.com\/product\/yoast-seo-wordpress\/ -->\n<title>Salt Spreader - MAMMOTH\u2122 850 Series | Ariens<\/title>\n<meta name=\"description\" content=\"Meet the Salt Spreader, your essential tool for efficient winter road maintenance. Perfect for both salting and sanding tasks.\" \/>\n<meta name=\"robots\" content=\"noindex, follow, max-snippet:-1, max-image-preview:large, max-video-preview:-1\" \/>\n<meta property=\"og:locale\" content=\"bs_BA\" \/>\n<meta property=\"og:type\" content=\"article\" \/>\n<meta property=\"og:title\" content=\"Salt Spreader - MAMMOTH\u2122 850 Series | Ariens\" \/>\n<meta property=\"og:description\" content=\"Meet the Salt Spreader, your essential tool for efficient winter road maintenance. Perfect for both salting and sanding tasks.\" \/>\n<meta property=\"og:url\" content=\"https:\/\/www.ariens.eu\/ba\/product\/snow-blowers\/attachments\/rasipac-soli-113-cm\/\" \/>\n<meta property=\"og:site_name\" content=\"Ariens | EMEAA\" \/>\n<meta property=\"article:modified_time\" content=\"2026-05-06T12:11:58+00:00\" \/>\n<meta property=\"og:image\" content=\"https:\/\/www.ariens.eu\/ba\/wp-content\/uploads\/sites\/21\/2024\/05\/951001-Mammoth-Salt_Spreader_BL34-4-2.webp\" \/>\n\t<meta property=\"og:image:width\" content=\"1900\" \/>\n\t<meta property=\"og:image:height\" content=\"1560\" \/>\n\t<meta property=\"og:image:type\" content=\"image\/webp\" \/>\n<meta name=\"twitter:card\" content=\"summary_large_image\" \/>\n<meta name=\"twitter:label1\" content=\"Est. reading time\" \/>\n\t<meta name=\"twitter:data1\" content=\"1 minuta\" \/>\n<script type=\"application\/ld+json\" class=\"yoast-schema-graph\">{\"@context\":\"https:\\\/\\\/schema.org\",\"@graph\":[{\"@type\":\"WebPage\",\"@id\":\"https:\\\/\\\/www.ariens.eu\\\/ba\\\/product\\\/snow-blowers\\\/attachments\\\/rasipac-soli-113-cm\\\/\",\"url\":\"https:\\\/\\\/www.ariens.eu\\\/ba\\\/product\\\/snow-blowers\\\/attachments\\\/rasipac-soli-113-cm\\\/\",\"name\":\"Salt Spreader - MAMMOTH\u2122 850 Series | Ariens\",\"isPartOf\":{\"@id\":\"https:\\\/\\\/www.ariens.eu\\\/ba\\\/#website\"},\"primaryImageOfPage\":{\"@id\":\"https:\\\/\\\/www.ariens.eu\\\/ba\\\/product\\\/snow-blowers\\\/attachments\\\/rasipac-soli-113-cm\\\/#primaryimage\"},\"image\":{\"@id\":\"https:\\\/\\\/www.ariens.eu\\\/ba\\\/product\\\/snow-blowers\\\/attachments\\\/rasipac-soli-113-cm\\\/#primaryimage\"},\"thumbnailUrl\":\"https:\\\/\\\/www.ariens.eu\\\/ba\\\/wp-content\\\/uploads\\\/sites\\\/21\\\/2024\\\/05\\\/951001-Mammoth-Salt_Spreader_BL34-4-2.webp\",\"datePublished\":\"2024-05-10T10:04:36+00:00\",\"dateModified\":\"2026-05-06T12:11:58+00:00\",\"description\":\"Meet the Salt Spreader, your essential tool for efficient winter road maintenance. Perfect for both salting and sanding tasks.\",\"breadcrumb\":{\"@id\":\"https:\\\/\\\/www.ariens.eu\\\/ba\\\/product\\\/snow-blowers\\\/attachments\\\/rasipac-soli-113-cm\\\/#breadcrumb\"},\"inLanguage\":\"bs-BA\",\"potentialAction\":[{\"@type\":\"ReadAction\",\"target\":[\"https:\\\/\\\/www.ariens.eu\\\/ba\\\/product\\\/snow-blowers\\\/attachments\\\/rasipac-soli-113-cm\\\/\"]}]},{\"@type\":\"ImageObject\",\"inLanguage\":\"bs-BA\",\"@id\":\"https:\\\/\\\/www.ariens.eu\\\/ba\\\/product\\\/snow-blowers\\\/attachments\\\/rasipac-soli-113-cm\\\/#primaryimage\",\"url\":\"https:\\\/\\\/www.ariens.eu\\\/ba\\\/wp-content\\\/uploads\\\/sites\\\/21\\\/2024\\\/05\\\/951001-Mammoth-Salt_Spreader_BL34-4-2.webp\",\"contentUrl\":\"https:\\\/\\\/www.ariens.eu\\\/ba\\\/wp-content\\\/uploads\\\/sites\\\/21\\\/2024\\\/05\\\/951001-Mammoth-Salt_Spreader_BL34-4-2.webp\",\"width\":1900,\"height\":1560},{\"@type\":\"BreadcrumbList\",\"@id\":\"https:\\\/\\\/www.ariens.eu\\\/ba\\\/product\\\/snow-blowers\\\/attachments\\\/rasipac-soli-113-cm\\\/#breadcrumb\",\"itemListElement\":[{\"@type\":\"ListItem\",\"position\":1,\"name\":\"Home\",\"item\":\"https:\\\/\\\/www.ariens.eu\\\/ba\\\/\"},{\"@type\":\"ListItem\",\"position\":2,\"name\":\"Shop\",\"item\":\"https:\\\/\\\/www.ariens.eu\\\/ba\\\/shop\\\/\"},{\"@type\":\"ListItem\",\"position\":3,\"name\":\"Rasipa\u010d soli 113 cm\"}]},{\"@type\":\"WebSite\",\"@id\":\"https:\\\/\\\/www.ariens.eu\\\/ba\\\/#website\",\"url\":\"https:\\\/\\\/www.ariens.eu\\\/ba\\\/\",\"name\":\"Ariens | EMEAA\",\"description\":\"Powerful and reliable zero-turn mowers &amp; snow blowers for professional users and demanding private customers\",\"publisher\":{\"@id\":\"https:\\\/\\\/www.ariens.eu\\\/ba\\\/#organization\"},\"potentialAction\":[{\"@type\":\"SearchAction\",\"target\":{\"@type\":\"EntryPoint\",\"urlTemplate\":\"https:\\\/\\\/www.ariens.eu\\\/ba\\\/?s={search_term_string}\"},\"query-input\":{\"@type\":\"PropertyValueSpecification\",\"valueRequired\":true,\"valueName\":\"search_term_string\"}}],\"inLanguage\":\"bs-BA\"},{\"@type\":\"Organization\",\"@id\":\"https:\\\/\\\/www.ariens.eu\\\/ba\\\/#organization\",\"name\":\"AriensCo GmbH\",\"url\":\"https:\\\/\\\/www.ariens.eu\\\/ba\\\/\",\"logo\":{\"@type\":\"ImageObject\",\"inLanguage\":\"bs-BA\",\"@id\":\"https:\\\/\\\/www.ariens.eu\\\/ba\\\/#\\\/schema\\\/logo\\\/image\\\/\",\"url\":\"https:\\\/\\\/www.ariens.eu\\\/wp-content\\\/uploads\\\/2024\\\/11\\\/ariens-co-logo.jpg\",\"contentUrl\":\"https:\\\/\\\/www.ariens.eu\\\/wp-content\\\/uploads\\\/2024\\\/11\\\/ariens-co-logo.jpg\",\"width\":1000,\"height\":1000,\"caption\":\"AriensCo GmbH\"},\"image\":{\"@id\":\"https:\\\/\\\/www.ariens.eu\\\/ba\\\/#\\\/schema\\\/logo\\\/image\\\/\"}}]}<\/script>\n<!-- \/ Yoast SEO plugin. -->","yoast_head_json":{"title":"Salt Spreader - MAMMOTH\u2122 850 Series | Ariens","description":"Meet the Salt Spreader, your essential tool for efficient winter road maintenance. Perfect for both salting and sanding tasks.","robots":{"index":"noindex","follow":"follow","max-snippet":"max-snippet:-1","max-image-preview":"max-image-preview:large","max-video-preview":"max-video-preview:-1"},"og_locale":"bs_BA","og_type":"article","og_title":"Salt Spreader - MAMMOTH\u2122 850 Series | Ariens","og_description":"Meet the Salt Spreader, your essential tool for efficient winter road maintenance. Perfect for both salting and sanding tasks.","og_url":"https:\/\/www.ariens.eu\/ba\/product\/snow-blowers\/attachments\/rasipac-soli-113-cm\/","og_site_name":"Ariens | EMEAA","article_modified_time":"2026-05-06T12:11:58+00:00","og_image":[{"width":1900,"height":1560,"url":"https:\/\/www.ariens.eu\/ba\/wp-content\/uploads\/sites\/21\/2024\/05\/951001-Mammoth-Salt_Spreader_BL34-4-2.webp","type":"image\/webp"}],"twitter_card":"summary_large_image","twitter_misc":{"Est. reading time":"1 minuta"},"schema":{"@context":"https:\/\/schema.org","@graph":[{"@type":"WebPage","@id":"https:\/\/www.ariens.eu\/ba\/product\/snow-blowers\/attachments\/rasipac-soli-113-cm\/","url":"https:\/\/www.ariens.eu\/ba\/product\/snow-blowers\/attachments\/rasipac-soli-113-cm\/","name":"Salt Spreader - MAMMOTH\u2122 850 Series | Ariens","isPartOf":{"@id":"https:\/\/www.ariens.eu\/ba\/#website"},"primaryImageOfPage":{"@id":"https:\/\/www.ariens.eu\/ba\/product\/snow-blowers\/attachments\/rasipac-soli-113-cm\/#primaryimage"},"image":{"@id":"https:\/\/www.ariens.eu\/ba\/product\/snow-blowers\/attachments\/rasipac-soli-113-cm\/#primaryimage"},"thumbnailUrl":"https:\/\/www.ariens.eu\/ba\/wp-content\/uploads\/sites\/21\/2024\/05\/951001-Mammoth-Salt_Spreader_BL34-4-2.webp","datePublished":"2024-05-10T10:04:36+00:00","dateModified":"2026-05-06T12:11:58+00:00","description":"Meet the Salt Spreader, your essential tool for efficient winter road maintenance. Perfect for both salting and sanding tasks.","breadcrumb":{"@id":"https:\/\/www.ariens.eu\/ba\/product\/snow-blowers\/attachments\/rasipac-soli-113-cm\/#breadcrumb"},"inLanguage":"bs-BA","potentialAction":[{"@type":"ReadAction","target":["https:\/\/www.ariens.eu\/ba\/product\/snow-blowers\/attachments\/rasipac-soli-113-cm\/"]}]},{"@type":"ImageObject","inLanguage":"bs-BA","@id":"https:\/\/www.ariens.eu\/ba\/product\/snow-blowers\/attachments\/rasipac-soli-113-cm\/#primaryimage","url":"https:\/\/www.ariens.eu\/ba\/wp-content\/uploads\/sites\/21\/2024\/05\/951001-Mammoth-Salt_Spreader_BL34-4-2.webp","contentUrl":"https:\/\/www.ariens.eu\/ba\/wp-content\/uploads\/sites\/21\/2024\/05\/951001-Mammoth-Salt_Spreader_BL34-4-2.webp","width":1900,"height":1560},{"@type":"BreadcrumbList","@id":"https:\/\/www.ariens.eu\/ba\/product\/snow-blowers\/attachments\/rasipac-soli-113-cm\/#breadcrumb","itemListElement":[{"@type":"ListItem","position":1,"name":"Home","item":"https:\/\/www.ariens.eu\/ba\/"},{"@type":"ListItem","position":2,"name":"Shop","item":"https:\/\/www.ariens.eu\/ba\/shop\/"},{"@type":"ListItem","position":3,"name":"Rasipa\u010d soli 113 cm"}]},{"@type":"WebSite","@id":"https:\/\/www.ariens.eu\/ba\/#website","url":"https:\/\/www.ariens.eu\/ba\/","name":"Ariens | EMEAA","description":"Powerful and reliable zero-turn mowers &amp; snow blowers for professional users and demanding private customers","publisher":{"@id":"https:\/\/www.ariens.eu\/ba\/#organization"},"potentialAction":[{"@type":"SearchAction","target":{"@type":"EntryPoint","urlTemplate":"https:\/\/www.ariens.eu\/ba\/?s={search_term_string}"},"query-input":{"@type":"PropertyValueSpecification","valueRequired":true,"valueName":"search_term_string"}}],"inLanguage":"bs-BA"},{"@type":"Organization","@id":"https:\/\/www.ariens.eu\/ba\/#organization","name":"AriensCo GmbH","url":"https:\/\/www.ariens.eu\/ba\/","logo":{"@type":"ImageObject","inLanguage":"bs-BA","@id":"https:\/\/www.ariens.eu\/ba\/#\/schema\/logo\/image\/","url":"https:\/\/www.ariens.eu\/wp-content\/uploads\/2024\/11\/ariens-co-logo.jpg","contentUrl":"https:\/\/www.ariens.eu\/wp-content\/uploads\/2024\/11\/ariens-co-logo.jpg","width":1000,"height":1000,"caption":"AriensCo GmbH"},"image":{"@id":"https:\/\/www.ariens.eu\/ba\/#\/schema\/logo\/image\/"}}]}},"_links":{"self":[{"href":"https:\/\/www.ariens.eu\/ba\/wp-json\/wp\/v2\/product\/2321","targetHints":{"allow":["GET"]}}],"collection":[{"href":"https:\/\/www.ariens.eu\/ba\/wp-json\/wp\/v2\/product"}],"about":[{"href":"https:\/\/www.ariens.eu\/ba\/wp-json\/wp\/v2\/types\/product"}],"replies":[{"embeddable":true,"href":"https:\/\/www.ariens.eu\/ba\/wp-json\/wp\/v2\/comments?post=2321"}],"wp:featuredmedia":[{"embeddable":true,"href":"https:\/\/www.ariens.eu\/ba\/wp-json\/wp\/v2\/media\/3028"}],"wp:attachment":[{"href":"https:\/\/www.ariens.eu\/ba\/wp-json\/wp\/v2\/media?parent=2321"}],"wp:term":[{"taxonomy":"product_brand","embeddable":true,"href":"https:\/\/www.ariens.eu\/ba\/wp-json\/wp\/v2\/product_brand?post=2321"},{"taxonomy":"product_cat","embeddable":true,"href":"https:\/\/www.ariens.eu\/ba\/wp-json\/wp\/v2\/product_cat?post=2321"},{"taxonomy":"product_tag","embeddable":true,"href":"https:\/\/www.ariens.eu\/ba\/wp-json\/wp\/v2\/product_tag?post=2321"}],"curies":[{"name":"wp","href":"https:\/\/api.w.org\/{rel}","templated":true}]}}