{"id":2329,"date":"2024-05-10T11:04:36","date_gmt":"2024-05-10T10:04:36","guid":{"rendered":"https:\/\/www.ariens.eu\/product\/apex-48\/"},"modified":"2026-05-06T13:11:59","modified_gmt":"2026-05-06T12:11:59","slug":"apex-48","status":"publish","type":"product","link":"https:\/\/www.ariens.eu\/ba\/product\/zero-turn-mowers\/apex-series\/apex-48","title":{"rendered":"APEX 48"},"content":{"rendered":"<div class=\"acfd-block acfd-block__headline mb-asm-1 container-fluid px-0 bg-default\">\n<div class=\"acfd-headline\" >\n<h2 class='h2 text-left li_black'>\u010cvrst i izdr\u017eljiv za redovno kosjenje po neuporedivom odnosu cijene i performansi<\/h2>\n<\/p><\/div>\n<\/div>\n<div class=\"acfd-block acfd-block__twocolumns mb-asm-1 container-fluid px-0 bg-default\">\n<div class=\"acfd-twocolumns\">\n<div class=\"row\">\n<div class='col-lg-9 mb-4 '>\n<div class=\"acfd-block acfd-block__text container-fluid px-0 bg-default\">\n<div class=\"acfd-text li_black\">\n<p>Namijenjen za pru\u017eatelje usluga koji \u010desto ko\u0161e. Vrhunske komponente u motoru, pogonu i ko\u0161ionicom decku kombinirane s izvrsnim odnosom cijene i performansi.<\/p>\n<p>Sa \u0161irinom ko\u0161enja od 122 cm i Kawasaki FR691 motorom od 726 cm\u00b3 V-Twin, APEX 48 je dizajniran za komercijalnu upotrebu na srednjim i ve\u0107im povr\u0161inama. Izba\u010duje travu preko bo\u010dnog izba\u010daja ili mo\u017ee opcionalno raditi s mulch kitom (sa zatvorenim bo\u010dnim izba\u010dajem). Sa \u0161irinom ko\u0161enja od 122 cm, posebno je manevarski izme\u0111u uskih prepreka i na konturiranim, valovitim povr\u0161inama.<\/p>\n<ul>\n<li>APEX 48 ima 122 cm (48&#8243;) zavaren deck koji je 14 cm (5\u00bd&#8221;) dubok i napravljen od 10-gauge \u010delika<\/li>\n<li>Mo\u0107an Kawasaki<sup><sup>&reg;<\/sup><\/sup> FR691 V-Twin 726cc motor<\/li>\n<li>Vode\u0107a u industriji, potpuno zavarena cijevna \u010deli\u010dna konstrukcija<\/li>\n<li>Tehnologija samopode\u0161avaju\u0107eg remena<\/li>\n<li>Visoka le\u0111a premium sjedalo s naslonom za ruke<\/li>\n<li>Nogom operirano, opru\u017eno pomognuto podizanje decka sa 15 pozicija ko\u0161enja<\/li>\n<li>Dizajn sposoban za ROPS<\/li>\n<li>Raspon opcionalnih dodataka je dostupan<\/li>\n<li>4-godi\u0161nja ili 500 sati garancija<\/li>\n<\/ul>\n<\/div>\n<\/div><\/div>\n<div class='col-lg'>                    <\/div>\n<\/p><\/div>\n<\/div>\n<\/div>\n<div class=\"acfd-block acfd-block__category mb-asm-3 container-fluid px-0 bg-default\">\n<div class=\"acfd-product-categories\">\n<h2 class=\"text-left mb-3\">\n        Applications    <\/h2>\n<div class=\"product-categories_wrapper\">\n         <span\n                data-description=\"Are you a service provider, janitorial service or do you have to regularly maintain larger areas? Then a semi-professional machine offers you the performance and durability to reliably complete your mowing work.\"                class=\"product-category-single\"> Semi-Pro                <sup><i class=\"fa fa-info-circle\" aria-hidden=\"true\"><\/i><\/sup>            <\/span>  <span\n                data-description=\"Our mowers are equipped with high-quality Kawasaki<sup>&reg;<\/sup> or Ariens engines. They deliver above-average performance and reliability.\"                class=\"product-category-single\"> Petrol                <sup><i class=\"fa fa-info-circle\" aria-hidden=\"true\"><\/i><\/sup>            <\/span>  <span\n                data-description=\"When using a suitable mulching kit in your mower, the side discharge is no longer necessary. The clippings are finely shredded and evenly distributed to the rear of the lawn. Any fertilizer applied remains on the surface and the fine grass particles disappear almost invisibly into the lawn.\"                class=\"product-category-single\"> Optional mulching kit                <sup><i class=\"fa fa-info-circle\" aria-hidden=\"true\"><\/i><\/sup>            <\/span>  <span\n                data-description=\"Ariens ride-on mowers offer a high level of comfort. We use high-quality seats from the entry-level model upwards. Ample legroom and ergonomic controls are standard.\"                class=\"product-category-single\"> Ride-On (sitting)                <sup><i class=\"fa fa-info-circle\" aria-hidden=\"true\"><\/i><\/sup>            <\/span>  <span\n                data-description=\"With the APEX and ZENITH models, you have the choice between side discharge and rear discharge mower decks. A side discharge mower deck ejects the clippings via a side opening and a deflector. The powerful airflow then distributes it over a large area. An optional mulching kit can be installed in side discharge mower decks. When a mulching kit is used, the clippings are finely shredded and ejected to the rear. The side discharge and deflector are then closed or removed.\"                class=\"product-category-single\"> Side discharge                <sup><i class=\"fa fa-info-circle\" aria-hidden=\"true\"><\/i><\/sup>            <\/span>  <span\n                data-description=\"Alle Ariens-pl\u00e6neklippere er velegnede til flade gr\u00e6spl\u00e6ner. V\u00e6lg din klippebredde i henhold til st\u00f8rrelsen p\u00e5 dit omr\u00e5de og eventuelle begr\u00e6nsende smalle omr\u00e5der.\"                class=\"product-category-single\"> Fladt terr\u00e6n                <sup><i class=\"fa fa-info-circle\" aria-hidden=\"true\"><\/i><\/sup>            <\/span>  <span\n                data-description=\"Ariens-pl\u00e6neklippere klarer sig godt p\u00e5 uj\u00e6vnt terr\u00e6n. Til uj\u00e6vnt terr\u00e6n skal du v\u00e6lge smallere klippeaggregater for at opn\u00e5 et mere ensartet klippem\u00f8nster.\"                class=\"product-category-single\"> Uj\u00e6vnt terr\u00e6n                <sup><i class=\"fa fa-info-circle\" aria-hidden=\"true\"><\/i><\/sup>            <\/span>  <span\n                data-description=\"Det anbefales \u00e5 velge en maskin med brede hjul. Ikke overskrid den angitte sikkerhetsgrensen p\u00e5 15\u00b0 helling for sitteklippere og 20\u00b0 for st\u00e5ende klippere. P\u00e5 ujevnt terreng b\u00f8r du velge et smalere klippeaggregat for et mer jevnt klipperesultat. ZENITH-modellen leveres med veltesikring (ROPS) som standard, og dette kan ettermonteres p\u00e5 APEX.\"                class=\"product-category-single\"> Kupert terreng                <sup><i class=\"fa fa-info-circle\" aria-hidden=\"true\"><\/i><\/sup>            <\/span>  <span\n                data-description=\"Use mowing widths of 107 cm and 122 cm on medium to large lawns.\"                class=\"product-category-single\"> Medium-sized areas                <sup><i class=\"fa fa-info-circle\" aria-hidden=\"true\"><\/i><\/sup>            <\/span>  <span\n                data-description=\"Mowing decks 132 cm and 152 cm wide are used effectively on large areas.\"                class=\"product-category-single\"> Large areas                <sup><i class=\"fa fa-info-circle\" aria-hidden=\"true\"><\/i><\/sup>            <\/span>     <\/div>\n<\/div>\n<\/div>\n<div class=\"acfd-block acfd-block__twocolumns mb-asm-2 container-fluid container-fluid--force px-0 bg-default\">\n<div class=\"acfd-twocolumns\">\n<div class=\"row\">\n<div class='col-lg-12 mb-4 '>\n<div class=\"acfd-product-advantages--wrapper\">\n<h2 class=\"h1 bigger text-color-black text-center mb-5\">\n        Features &#038; Benefits    <\/h2>\n<div class=\"acfd-product-advantages\">\n<div class=\"row\">\n<div class=\"col-md-6 mb-4 content\">\n                    <span class=\"d-block h5 text-color-brand mb-1\">Zakrivljeni okvir od \u010deli\u010dne cijevi<\/span><\/p>\n<p>Okvir, u potpunosti izra\u0111en od \u010deli\u010dnih cijevi, \u010dini kostur kosilice. Nositi \u0107e cjelokupno optere\u0107enje stroja mnoge godine i mora biti u stanju da izdr\u017ei udare i vibracije du\u017ee vrijeme. Najsuvremenija tehnologija savijanja izbjegava slabe ta\u010dke zbog zavarenih spojeva.<\/p>\n<\/p><\/div>\n<div class=\"col-md-6 mb4 image\"  style=\"background-image:url(https:\/\/www.ariens.eu\/ba\/wp-content\/uploads\/sites\/21\/2024\/05\/apex-feature-frame.png)\">\n                <\/div>\n<\/p><\/div>\n<div class=\"row\">\n<div class=\"col-md-6 mb-4 content\">\n                    <span class=\"d-block h5 text-color-brand mb-1\">Nova ENVY ko\u0161ilica<\/span><\/p>\n<p>Ko\u0161ioni\u010dka je najoptere\u0107enija komponenta ko\u0161ilice. Stabilnost je ovdje posebno va\u017ena: Nova ENVY ko\u0161ioni\u010dka ima pobolj\u0161an protok zraka i pove\u0107an izduv. Le\u017ee\u0107a trava se podi\u017ee vi\u0161e i savr\u0161eno se re\u017ee. Sa 4-to\u010dka\u010dkim ovjesom za trajno pri\u010dvr\u0161\u0107ivanje i paralelizam. Osim toga, o\u0161trice od kovanog aluminija. Hla\u0111enje i otpornije na udare i vibracije od lijevanih vretena. Standardno u toku sezone 2025 na APEX i ZENITH &amp; the new IKON.<\/p>\n<\/p><\/div>\n<div class=\"col-md-6 mb4 image\"  style=\"background-image:url(https:\/\/www.ariens.eu\/ba\/wp-content\/uploads\/sites\/21\/2024\/08\/envy-deck-52.png)\">\n                <\/div>\n<\/p><\/div>\n<div class=\"row\">\n<div class=\"col-md-6 mb-4 content\">\n                    <span class=\"d-block h5 text-color-brand mb-1\">Automatski sistem zatezanja remena<\/span><\/p>\n<p>Automatska CBT (Constant Belt Tension) tehnologija odr\u017eava konstantno zatezanje remena kosilice u svim uvjetima. Ovo pove\u0107ava vijek trajanja remena, kompenzira habanje i spre\u010dava klizanje remena za konstantno visokokvalitetan uzorak rezanja.<\/p>\n<\/p><\/div>\n<div class=\"col-md-6 mb4 image\"  style=\"background-image:url(https:\/\/www.ariens.eu\/ba\/wp-content\/uploads\/sites\/21\/2024\/05\/apex-feature-3.webp)\">\n                <\/div>\n<\/p><\/div>\n<div class=\"row\">\n<div class=\"col-md-6 mb-4 content\">\n                    <span class=\"d-block h5 text-color-brand mb-1\">Podizanje ko\u0161ionice no\u017enim pedalama<\/span><\/p>\n<p>\u010cvrsta ko\u0161ionica se udobno i bez napora podi\u017ee no\u017enom pedalom. Da biste odabrali jednu od 15 visina ko\u0161enja od 3,8 &#8211; 12,7 cm, metalni \u010dep se umetne u odgovaraju\u0107i \u017eleb na prikazu.<\/p>\n<\/p><\/div>\n<div class=\"col-md-6 mb4 image\"  style=\"background-image:url(https:\/\/www.ariens.eu\/ba\/wp-content\/uploads\/sites\/21\/2024\/08\/cutting-height-adjustment-1.png)\">\n                <\/div>\n<\/p><\/div>\n<div class=\"row\">\n<div class=\"col-md-6 mb-4 content\">\n                    <span class=\"d-block h5 text-color-brand mb-1\">Nove ergonomi\u010dne karakteristike<\/span><\/p>\n<p>Meka, pode\u0161avajuca sedi\u0161ta sa visokim naslonom opremljena su oblo\u017eenim naslonom za ruke za ve\u0107u udobnost \u010dak i tokom dugotrajnog ko\u0161enja. Amortizacija oprugom upija udare na neravnim povr\u0161inama. Uz nove ru\u010dice za upravljanje koje bolje le\u017ee u ruci i ergonomski su oblikovane.<\/p>\n<\/p><\/div>\n<div class=\"col-md-6 mb4 image\"  style=\"background-image:url(https:\/\/www.ariens.eu\/ba\/wp-content\/uploads\/sites\/21\/2024\/08\/drive-level-handles.png)\">\n                <\/div>\n<\/p><\/div>\n<div class=\"row\">\n<div class=\"col-md-6 mb-4 content\">\n                    <span class=\"d-block h5 text-color-brand mb-1\">Lak pristup ko\u0161ionicama<\/span><\/p>\n<p>Ko\u0161ionice su lako dostupne odozgo za \u010di\u0161\u0107enje i odr\u017eavanje. Zahvaljuju\u0107i CBT tehnologiji, zamjena trake traje samo nekoliko minuta. Jednostavno popustite zatezne koloture, uvu\u010dite traku, ponovno zategnite zatezne koloture &#8211; gotovo.<\/p>\n<\/p><\/div>\n<div class=\"col-md-6 mb4 image\"  style=\"background-image:url(https:\/\/www.ariens.eu\/ba\/wp-content\/uploads\/sites\/21\/2024\/05\/ariens-apex-zero-turn-deck-access-panel.webp)\">\n                <\/div>\n<\/p><\/div>\n<\/p><\/div>\n<\/div><\/div>\n<div class='col-lg'>                    <\/div>\n<\/p><\/div>\n<\/div>\n<\/div>\n","protected":false},"excerpt":{"rendered":"<p>\u010cvrst i izdr\u017eljiv za redovno kosjenje po neuporedivom odnosu cijene i performansi Namijenjen za pru\u017eatelje usluga koji \u010desto ko\u0161e. Vrhunske komponente u motoru, pogonu i ko\u0161ionicom decku kombinirane s izvrsnim odnosom cijene i performansi. Sa \u0161irinom ko\u0161enja od 122 cm i Kawasaki FR691 motorom od 726 cm\u00b3 V-Twin, APEX 48 je dizajniran za komercijalnu upotrebu [&hellip;]<\/p>\n","protected":false},"featured_media":4616,"comment_status":"open","ping_status":"closed","template":"","meta":{"_acf_changed":false,"_relevanssi_hide_post":"","_relevanssi_hide_content":"","_relevanssi_pin_for_all":"","_relevanssi_pin_keywords":"","_relevanssi_unpin_keywords":"","_relevanssi_related_keywords":"","_relevanssi_related_include_ids":"","_relevanssi_related_exclude_ids":"","_relevanssi_related_no_append":"","_relevanssi_related_not_related":"","_relevanssi_related_posts":"","_relevanssi_noindex_reason":""},"product_brand":[],"product_cat":[15],"product_tag":[],"class_list":{"0":"post-2329","1":"product","2":"type-product","3":"status-publish","4":"has-post-thumbnail","6":"product_variant-apex-series","7":"product_usage_areas-janitorial-services","8":"product_usage_areas-leisure-facilities","9":"product_usage_areas-municipalities-building-yards","10":"product_usage_areas-service-providers","12":"first","13":"instock","14":"shipping-taxable","15":"product-type-simple"},"acf":[],"yoast_head":"<!-- This site is optimized with the Yoast SEO plugin v27.3 - https:\/\/yoast.com\/product\/yoast-seo-wordpress\/ -->\n<title>APEX 48 - Zero-turn mower for commercial mowing | Ariens<\/title>\n<meta name=\"description\" content=\"Designed for commercial mowing, the APEX 48 features a Kawasaki FR691 V-Twin 726cc engine and 122cm (48&quot;) cutting width.\" \/>\n<meta name=\"robots\" content=\"noindex, follow, max-snippet:-1, max-image-preview:large, max-video-preview:-1\" \/>\n<meta property=\"og:locale\" content=\"bs_BA\" \/>\n<meta property=\"og:type\" content=\"article\" \/>\n<meta property=\"og:title\" content=\"APEX 48 - Zero-turn mower for commercial mowing | Ariens\" \/>\n<meta property=\"og:description\" content=\"Designed for commercial mowing, the APEX 48 features a Kawasaki FR691 V-Twin 726cc engine and 122cm (48&quot;) cutting width.\" \/>\n<meta property=\"og:url\" content=\"https:\/\/www.ariens.eu\/ba\/product\/zero-turn-mowers\/apex-series\/apex-48\/\" \/>\n<meta property=\"og:site_name\" content=\"Ariens | EMEAA\" \/>\n<meta property=\"article:modified_time\" content=\"2026-05-06T12:11:59+00:00\" \/>\n<meta property=\"og:image\" content=\"https:\/\/www.ariens.eu\/ba\/wp-content\/uploads\/sites\/21\/2024\/05\/ariens-apex-48-sd-my25.png\" \/>\n\t<meta property=\"og:image:width\" content=\"1008\" \/>\n\t<meta property=\"og:image:height\" content=\"750\" \/>\n\t<meta property=\"og:image:type\" content=\"image\/png\" \/>\n<meta name=\"twitter:card\" content=\"summary_large_image\" \/>\n<meta name=\"twitter:label1\" content=\"Est. reading time\" \/>\n\t<meta name=\"twitter:data1\" content=\"3 minute\" \/>\n<script type=\"application\/ld+json\" class=\"yoast-schema-graph\">{\"@context\":\"https:\\\/\\\/schema.org\",\"@graph\":[{\"@type\":\"WebPage\",\"@id\":\"https:\\\/\\\/www.ariens.eu\\\/ba\\\/product\\\/zero-turn-mowers\\\/apex-series\\\/apex-48\\\/\",\"url\":\"https:\\\/\\\/www.ariens.eu\\\/ba\\\/product\\\/zero-turn-mowers\\\/apex-series\\\/apex-48\\\/\",\"name\":\"APEX 48 - Zero-turn mower for commercial mowing | Ariens\",\"isPartOf\":{\"@id\":\"https:\\\/\\\/www.ariens.eu\\\/ba\\\/#website\"},\"primaryImageOfPage\":{\"@id\":\"https:\\\/\\\/www.ariens.eu\\\/ba\\\/product\\\/zero-turn-mowers\\\/apex-series\\\/apex-48\\\/#primaryimage\"},\"image\":{\"@id\":\"https:\\\/\\\/www.ariens.eu\\\/ba\\\/product\\\/zero-turn-mowers\\\/apex-series\\\/apex-48\\\/#primaryimage\"},\"thumbnailUrl\":\"https:\\\/\\\/www.ariens.eu\\\/ba\\\/wp-content\\\/uploads\\\/sites\\\/21\\\/2024\\\/05\\\/ariens-apex-48-sd-my25.png\",\"datePublished\":\"2024-05-10T10:04:36+00:00\",\"dateModified\":\"2026-05-06T12:11:59+00:00\",\"description\":\"Designed for commercial mowing, the APEX 48 features a Kawasaki FR691 V-Twin 726cc engine and 122cm (48\\\") cutting width.\",\"breadcrumb\":{\"@id\":\"https:\\\/\\\/www.ariens.eu\\\/ba\\\/product\\\/zero-turn-mowers\\\/apex-series\\\/apex-48\\\/#breadcrumb\"},\"inLanguage\":\"bs-BA\",\"potentialAction\":[{\"@type\":\"ReadAction\",\"target\":[\"https:\\\/\\\/www.ariens.eu\\\/ba\\\/product\\\/zero-turn-mowers\\\/apex-series\\\/apex-48\\\/\"]}]},{\"@type\":\"ImageObject\",\"inLanguage\":\"bs-BA\",\"@id\":\"https:\\\/\\\/www.ariens.eu\\\/ba\\\/product\\\/zero-turn-mowers\\\/apex-series\\\/apex-48\\\/#primaryimage\",\"url\":\"https:\\\/\\\/www.ariens.eu\\\/ba\\\/wp-content\\\/uploads\\\/sites\\\/21\\\/2024\\\/05\\\/ariens-apex-48-sd-my25.png\",\"contentUrl\":\"https:\\\/\\\/www.ariens.eu\\\/ba\\\/wp-content\\\/uploads\\\/sites\\\/21\\\/2024\\\/05\\\/ariens-apex-48-sd-my25.png\",\"width\":1008,\"height\":750},{\"@type\":\"BreadcrumbList\",\"@id\":\"https:\\\/\\\/www.ariens.eu\\\/ba\\\/product\\\/zero-turn-mowers\\\/apex-series\\\/apex-48\\\/#breadcrumb\",\"itemListElement\":[{\"@type\":\"ListItem\",\"position\":1,\"name\":\"Home\",\"item\":\"https:\\\/\\\/www.ariens.eu\\\/ba\\\/\"},{\"@type\":\"ListItem\",\"position\":2,\"name\":\"Shop\",\"item\":\"https:\\\/\\\/www.ariens.eu\\\/ba\\\/shop\\\/\"},{\"@type\":\"ListItem\",\"position\":3,\"name\":\"APEX 48\"}]},{\"@type\":\"WebSite\",\"@id\":\"https:\\\/\\\/www.ariens.eu\\\/ba\\\/#website\",\"url\":\"https:\\\/\\\/www.ariens.eu\\\/ba\\\/\",\"name\":\"Ariens | EMEAA\",\"description\":\"Powerful and reliable zero-turn mowers &amp; snow blowers for professional users and demanding private customers\",\"publisher\":{\"@id\":\"https:\\\/\\\/www.ariens.eu\\\/ba\\\/#organization\"},\"potentialAction\":[{\"@type\":\"SearchAction\",\"target\":{\"@type\":\"EntryPoint\",\"urlTemplate\":\"https:\\\/\\\/www.ariens.eu\\\/ba\\\/?s={search_term_string}\"},\"query-input\":{\"@type\":\"PropertyValueSpecification\",\"valueRequired\":true,\"valueName\":\"search_term_string\"}}],\"inLanguage\":\"bs-BA\"},{\"@type\":\"Organization\",\"@id\":\"https:\\\/\\\/www.ariens.eu\\\/ba\\\/#organization\",\"name\":\"AriensCo GmbH\",\"url\":\"https:\\\/\\\/www.ariens.eu\\\/ba\\\/\",\"logo\":{\"@type\":\"ImageObject\",\"inLanguage\":\"bs-BA\",\"@id\":\"https:\\\/\\\/www.ariens.eu\\\/ba\\\/#\\\/schema\\\/logo\\\/image\\\/\",\"url\":\"https:\\\/\\\/www.ariens.eu\\\/wp-content\\\/uploads\\\/2024\\\/11\\\/ariens-co-logo.jpg\",\"contentUrl\":\"https:\\\/\\\/www.ariens.eu\\\/wp-content\\\/uploads\\\/2024\\\/11\\\/ariens-co-logo.jpg\",\"width\":1000,\"height\":1000,\"caption\":\"AriensCo GmbH\"},\"image\":{\"@id\":\"https:\\\/\\\/www.ariens.eu\\\/ba\\\/#\\\/schema\\\/logo\\\/image\\\/\"}}]}<\/script>\n<!-- \/ Yoast SEO plugin. -->","yoast_head_json":{"title":"APEX 48 - Zero-turn mower for commercial mowing | Ariens","description":"Designed for commercial mowing, the APEX 48 features a Kawasaki FR691 V-Twin 726cc engine and 122cm (48\") cutting width.","robots":{"index":"noindex","follow":"follow","max-snippet":"max-snippet:-1","max-image-preview":"max-image-preview:large","max-video-preview":"max-video-preview:-1"},"og_locale":"bs_BA","og_type":"article","og_title":"APEX 48 - Zero-turn mower for commercial mowing | Ariens","og_description":"Designed for commercial mowing, the APEX 48 features a Kawasaki FR691 V-Twin 726cc engine and 122cm (48\") cutting width.","og_url":"https:\/\/www.ariens.eu\/ba\/product\/zero-turn-mowers\/apex-series\/apex-48\/","og_site_name":"Ariens | EMEAA","article_modified_time":"2026-05-06T12:11:59+00:00","og_image":[{"width":1008,"height":750,"url":"https:\/\/www.ariens.eu\/ba\/wp-content\/uploads\/sites\/21\/2024\/05\/ariens-apex-48-sd-my25.png","type":"image\/png"}],"twitter_card":"summary_large_image","twitter_misc":{"Est. reading time":"3 minute"},"schema":{"@context":"https:\/\/schema.org","@graph":[{"@type":"WebPage","@id":"https:\/\/www.ariens.eu\/ba\/product\/zero-turn-mowers\/apex-series\/apex-48\/","url":"https:\/\/www.ariens.eu\/ba\/product\/zero-turn-mowers\/apex-series\/apex-48\/","name":"APEX 48 - Zero-turn mower for commercial mowing | Ariens","isPartOf":{"@id":"https:\/\/www.ariens.eu\/ba\/#website"},"primaryImageOfPage":{"@id":"https:\/\/www.ariens.eu\/ba\/product\/zero-turn-mowers\/apex-series\/apex-48\/#primaryimage"},"image":{"@id":"https:\/\/www.ariens.eu\/ba\/product\/zero-turn-mowers\/apex-series\/apex-48\/#primaryimage"},"thumbnailUrl":"https:\/\/www.ariens.eu\/ba\/wp-content\/uploads\/sites\/21\/2024\/05\/ariens-apex-48-sd-my25.png","datePublished":"2024-05-10T10:04:36+00:00","dateModified":"2026-05-06T12:11:59+00:00","description":"Designed for commercial mowing, the APEX 48 features a Kawasaki FR691 V-Twin 726cc engine and 122cm (48\") cutting width.","breadcrumb":{"@id":"https:\/\/www.ariens.eu\/ba\/product\/zero-turn-mowers\/apex-series\/apex-48\/#breadcrumb"},"inLanguage":"bs-BA","potentialAction":[{"@type":"ReadAction","target":["https:\/\/www.ariens.eu\/ba\/product\/zero-turn-mowers\/apex-series\/apex-48\/"]}]},{"@type":"ImageObject","inLanguage":"bs-BA","@id":"https:\/\/www.ariens.eu\/ba\/product\/zero-turn-mowers\/apex-series\/apex-48\/#primaryimage","url":"https:\/\/www.ariens.eu\/ba\/wp-content\/uploads\/sites\/21\/2024\/05\/ariens-apex-48-sd-my25.png","contentUrl":"https:\/\/www.ariens.eu\/ba\/wp-content\/uploads\/sites\/21\/2024\/05\/ariens-apex-48-sd-my25.png","width":1008,"height":750},{"@type":"BreadcrumbList","@id":"https:\/\/www.ariens.eu\/ba\/product\/zero-turn-mowers\/apex-series\/apex-48\/#breadcrumb","itemListElement":[{"@type":"ListItem","position":1,"name":"Home","item":"https:\/\/www.ariens.eu\/ba\/"},{"@type":"ListItem","position":2,"name":"Shop","item":"https:\/\/www.ariens.eu\/ba\/shop\/"},{"@type":"ListItem","position":3,"name":"APEX 48"}]},{"@type":"WebSite","@id":"https:\/\/www.ariens.eu\/ba\/#website","url":"https:\/\/www.ariens.eu\/ba\/","name":"Ariens | EMEAA","description":"Powerful and reliable zero-turn mowers &amp; snow blowers for professional users and demanding private customers","publisher":{"@id":"https:\/\/www.ariens.eu\/ba\/#organization"},"potentialAction":[{"@type":"SearchAction","target":{"@type":"EntryPoint","urlTemplate":"https:\/\/www.ariens.eu\/ba\/?s={search_term_string}"},"query-input":{"@type":"PropertyValueSpecification","valueRequired":true,"valueName":"search_term_string"}}],"inLanguage":"bs-BA"},{"@type":"Organization","@id":"https:\/\/www.ariens.eu\/ba\/#organization","name":"AriensCo GmbH","url":"https:\/\/www.ariens.eu\/ba\/","logo":{"@type":"ImageObject","inLanguage":"bs-BA","@id":"https:\/\/www.ariens.eu\/ba\/#\/schema\/logo\/image\/","url":"https:\/\/www.ariens.eu\/wp-content\/uploads\/2024\/11\/ariens-co-logo.jpg","contentUrl":"https:\/\/www.ariens.eu\/wp-content\/uploads\/2024\/11\/ariens-co-logo.jpg","width":1000,"height":1000,"caption":"AriensCo GmbH"},"image":{"@id":"https:\/\/www.ariens.eu\/ba\/#\/schema\/logo\/image\/"}}]}},"_links":{"self":[{"href":"https:\/\/www.ariens.eu\/ba\/wp-json\/wp\/v2\/product\/2329","targetHints":{"allow":["GET"]}}],"collection":[{"href":"https:\/\/www.ariens.eu\/ba\/wp-json\/wp\/v2\/product"}],"about":[{"href":"https:\/\/www.ariens.eu\/ba\/wp-json\/wp\/v2\/types\/product"}],"replies":[{"embeddable":true,"href":"https:\/\/www.ariens.eu\/ba\/wp-json\/wp\/v2\/comments?post=2329"}],"wp:featuredmedia":[{"embeddable":true,"href":"https:\/\/www.ariens.eu\/ba\/wp-json\/wp\/v2\/media\/4616"}],"wp:attachment":[{"href":"https:\/\/www.ariens.eu\/ba\/wp-json\/wp\/v2\/media?parent=2329"}],"wp:term":[{"taxonomy":"product_brand","embeddable":true,"href":"https:\/\/www.ariens.eu\/ba\/wp-json\/wp\/v2\/product_brand?post=2329"},{"taxonomy":"product_cat","embeddable":true,"href":"https:\/\/www.ariens.eu\/ba\/wp-json\/wp\/v2\/product_cat?post=2329"},{"taxonomy":"product_tag","embeddable":true,"href":"https:\/\/www.ariens.eu\/ba\/wp-json\/wp\/v2\/product_tag?post=2329"}],"curies":[{"name":"wp","href":"https:\/\/api.w.org\/{rel}","templated":true}]}}