{"id":2330,"date":"2024-05-10T11:04:36","date_gmt":"2024-05-10T10:04:36","guid":{"rendered":"https:\/\/www.ariens.eu\/product\/apex-48r\/"},"modified":"2026-05-06T13:11:59","modified_gmt":"2026-05-06T12:11:59","slug":"apex-48r","status":"publish","type":"product","link":"https:\/\/www.ariens.eu\/ba\/product\/zero-turn-mowers\/apex-series\/apex-48r","title":{"rendered":"APEX 48R"},"content":{"rendered":"<div class=\"acfd-block acfd-block__headline mb-asm-1 container-fluid px-0 bg-default\">\n<div class=\"acfd-headline\" >\n<h2 class='h2 text-left li_black'>\u010cvrst i izdr\u017eljiv za redovno ko\u0161enje &#8211; Idealno za pru\u017eaoce usluga<\/h2>\n<\/p><\/div>\n<\/div>\n<div class=\"acfd-block acfd-block__twocolumns mb-asm-2 container-fluid px-0 bg-default\">\n<div class=\"acfd-twocolumns\">\n<div class=\"row\">\n<div class='col-lg-9 mb-4 '>\n<div class=\"acfd-block acfd-block__text container-fluid px-0 bg-default\">\n<div class=\"acfd-text li_black\">\n<p>Namijenjen pru\u017eaocima usluga koji \u010desto ko\u0161e. Vrhunske komponente u motoru, pogonu i ko\u0161ionicama kombinovane s izvrsnim odnosom cijene i performansi.<\/p>\n<p>&#8216;R&#8217; na APEX 48R zna\u010di &#8216;stra\u017enji izba\u010daj&#8217;. Poko\u0161ena trava se izbacuje prema stra\u017enjoj strani, izme\u0111u to\u010dkova. S svojim prvoklasnim Kawasaki FR691 V-Twin motorom, visokostabilnim okvirom i profesionalnom ko\u0161ionicom od 122 cm, idealan je za komercijalnu upotrebu.<\/p>\n<ul>\n<li>Opremljen 122cm (48 in\u010da) ko\u0161ionicom za stra\u017enji izba\u010daj izra\u0111enom od \u010deli\u010dnog lima debljine 10 gauge<\/li>\n<li>Mo\u0107an Kawasaki<sup><sup>&reg;<\/sup><\/sup> FR691 V-Twin motor 726cc<\/li>\n<li>Vode\u0107i u industriji, potpuno zavareni okvir od cijevnog \u010delika<\/li>\n<li>Tehnologija samopode\u0161avaju\u0107eg remena<\/li>\n<li>Sjedi\u0161te s visokim le\u0111ima i mekim naslonima za ruke<\/li>\n<li>Podizanje ko\u0161ionice nogom, pomognuto oprugom, s 15 pozicija za rezanje<\/li>\n<li>Dizajn sposoban za ROPS<\/li>\n<li>Raspon opcionalne opreme je dostupan<\/li>\n<li>4-godi\u0161nja ili 500 sati garancija<\/li>\n<\/ul>\n<\/div>\n<\/div><\/div>\n<div class='col-lg'>                    <\/div>\n<\/p><\/div>\n<\/div>\n<\/div>\n<div class=\"acfd-block acfd-block__category mb-asm-3 container-fluid px-0 bg-default\">\n<div class=\"acfd-product-categories\">\n<h2 class=\"text-left mb-3\">\n        Applications    <\/h2>\n<div class=\"product-categories_wrapper\">\n         <span\n                data-description=\"Are you a service provider, janitorial service or do you have to regularly maintain larger areas? Then a semi-professional machine offers you the performance and durability to reliably complete your mowing work.\"                class=\"product-category-single\"> Semi-Pro                <sup><i class=\"fa fa-info-circle\" aria-hidden=\"true\"><\/i><\/sup>            <\/span>  <span\n                data-description=\"Our mowers are equipped with high-quality Kawasaki<sup>&reg;<\/sup> or Ariens engines. They deliver above-average performance and reliability.\"                class=\"product-category-single\"> Petrol                <sup><i class=\"fa fa-info-circle\" aria-hidden=\"true\"><\/i><\/sup>            <\/span>  <span\n                data-description=\"Ariens ride-on mowers offer a high level of comfort. We use high-quality seats from the entry-level model upwards. Ample legroom and ergonomic controls are standard.\"                class=\"product-category-single\"> Ride-On (sitting)                <sup><i class=\"fa fa-info-circle\" aria-hidden=\"true\"><\/i><\/sup>            <\/span>  <span\n                data-description=\"Med APEX- og ZENITH-modellerne kan du v\u00e6lge mellem pl\u00e6neklippere med sideudkast og bagudkast. En pl\u00e6neklipper med bagudkast er lukket i siden og kaster det afklippede gr\u00e6s bagud. Fordelen er, at der ikke kastes gr\u00e6s p\u00e5 stier eller bede, og at der i mods\u00e6tning til et bioklipss\u00e6t ogs\u00e5 kan klippes h\u00f8jt gr\u00e6s. Pl\u00e6neklippere med bagudkast bruges ofte i den kommunale sektor.\"                class=\"product-category-single\"> Rear discharge                <sup><i class=\"fa fa-info-circle\" aria-hidden=\"true\"><\/i><\/sup>            <\/span>  <span\n                data-description=\"Alle Ariens-pl\u00e6neklippere er velegnede til flade gr\u00e6spl\u00e6ner. V\u00e6lg din klippebredde i henhold til st\u00f8rrelsen p\u00e5 dit omr\u00e5de og eventuelle begr\u00e6nsende smalle omr\u00e5der.\"                class=\"product-category-single\"> Fladt terr\u00e6n                <sup><i class=\"fa fa-info-circle\" aria-hidden=\"true\"><\/i><\/sup>            <\/span>  <span\n                data-description=\"Ariens-pl\u00e6neklippere klarer sig godt p\u00e5 uj\u00e6vnt terr\u00e6n. Til uj\u00e6vnt terr\u00e6n skal du v\u00e6lge smallere klippeaggregater for at opn\u00e5 et mere ensartet klippem\u00f8nster.\"                class=\"product-category-single\"> Uj\u00e6vnt terr\u00e6n                <sup><i class=\"fa fa-info-circle\" aria-hidden=\"true\"><\/i><\/sup>            <\/span>  <span\n                data-description=\"Det anbefales \u00e5 velge en maskin med brede hjul. Ikke overskrid den angitte sikkerhetsgrensen p\u00e5 15\u00b0 helling for sitteklippere og 20\u00b0 for st\u00e5ende klippere. P\u00e5 ujevnt terreng b\u00f8r du velge et smalere klippeaggregat for et mer jevnt klipperesultat. ZENITH-modellen leveres med veltesikring (ROPS) som standard, og dette kan ettermonteres p\u00e5 APEX.\"                class=\"product-category-single\"> Kupert terreng                <sup><i class=\"fa fa-info-circle\" aria-hidden=\"true\"><\/i><\/sup>            <\/span>  <span\n                data-description=\"Use mowing widths of 107 cm and 122 cm on medium to large lawns.\"                class=\"product-category-single\"> Medium-sized areas                <sup><i class=\"fa fa-info-circle\" aria-hidden=\"true\"><\/i><\/sup>            <\/span>     <\/div>\n<\/div>\n<\/div>\n<div class=\"acfd-block acfd-block__twocolumns mb-asm-2 container-fluid container-fluid--force px-0 bg-default\">\n<div class=\"acfd-twocolumns\">\n<div class=\"row\">\n<div class='col-lg-12 mb-4 '>\n<div class=\"acfd-product-advantages--wrapper\">\n<h2 class=\"h1 bigger text-color-black text-center mb-5\">\n        Features &#038; Benefits    <\/h2>\n<div class=\"acfd-product-advantages\">\n<div class=\"row\">\n<div class=\"col-md-6 mb-4 content\">\n                    <span class=\"d-block h5 text-color-brand mb-1\">Zakrivljeni okvir od \u010deli\u010dne cijevi<\/span><\/p>\n<p>Okvir, u potpunosti izra\u0111en od \u010deli\u010dnih cijevi, \u010dini kostur kosilice. Nositi \u0107e cjelokupno optere\u0107enje stroja mnoge godine i mora biti u stanju da izdr\u017ei udare i vibracije du\u017ee vrijeme. Najsuvremenija tehnologija savijanja izbjegava slabe ta\u010dke zbog zavarenih spojeva.<\/p>\n<\/p><\/div>\n<div class=\"col-md-6 mb4 image\"  style=\"background-image:url(https:\/\/www.ariens.eu\/ba\/wp-content\/uploads\/sites\/21\/2024\/05\/apex-feature-frame.png)\">\n                <\/div>\n<\/p><\/div>\n<div class=\"row\">\n<div class=\"col-md-6 mb-4 content\">\n                    <span class=\"d-block h5 text-color-brand mb-1\">Nova ENVY ko\u0161ilica<\/span><\/p>\n<p>Ko\u0161ioni\u010dka je najoptere\u0107enija komponenta ko\u0161ilice. Stabilnost je ovdje posebno va\u017ena: Nova ENVY ko\u0161ioni\u010dka ima pobolj\u0161an protok zraka i pove\u0107an izduv. Le\u017ee\u0107a trava se podi\u017ee vi\u0161e i savr\u0161eno se re\u017ee. Sa 4-to\u010dka\u010dkim ovjesom za trajno pri\u010dvr\u0161\u0107ivanje i paralelizam. Osim toga, o\u0161trice od kovanog aluminija. Hla\u0111enje i otpornije na udare i vibracije od lijevanih vretena. Standardno u toku sezone 2025 na APEX i ZENITH &amp; the new IKON.<\/p>\n<\/p><\/div>\n<div class=\"col-md-6 mb4 image\"  style=\"background-image:url(https:\/\/www.ariens.eu\/ba\/wp-content\/uploads\/sites\/21\/2024\/08\/envy-deck-52.png)\">\n                <\/div>\n<\/p><\/div>\n<div class=\"row\">\n<div class=\"col-md-6 mb-4 content\">\n                    <span class=\"d-block h5 text-color-brand mb-1\">Automatski sistem zatezanja remena<\/span><\/p>\n<p>Automatska CBT (Constant Belt Tension) tehnologija odr\u017eava konstantno zatezanje remena kosilice u svim uvjetima. Ovo pove\u0107ava vijek trajanja remena, kompenzira habanje i spre\u010dava klizanje remena za konstantno visokokvalitetan uzorak rezanja.<\/p>\n<\/p><\/div>\n<div class=\"col-md-6 mb4 image\"  style=\"background-image:url(https:\/\/www.ariens.eu\/ba\/wp-content\/uploads\/sites\/21\/2024\/05\/apex-feature-3.webp)\">\n                <\/div>\n<\/p><\/div>\n<div class=\"row\">\n<div class=\"col-md-6 mb-4 content\">\n                    <span class=\"d-block h5 text-color-brand mb-1\">Podizanje ko\u0161ionice no\u017enim pedalama<\/span><\/p>\n<p>\u010cvrsta ko\u0161ionica se udobno i bez napora podi\u017ee no\u017enom pedalom. Da biste odabrali jednu od 15 visina ko\u0161enja od 3,8 &#8211; 12,7 cm, metalni \u010dep se umetne u odgovaraju\u0107i \u017eleb na prikazu.<\/p>\n<\/p><\/div>\n<div class=\"col-md-6 mb4 image\"  style=\"background-image:url(https:\/\/www.ariens.eu\/ba\/wp-content\/uploads\/sites\/21\/2024\/08\/cutting-height-adjustment-1.png)\">\n                <\/div>\n<\/p><\/div>\n<div class=\"row\">\n<div class=\"col-md-6 mb-4 content\">\n                    <span class=\"d-block h5 text-color-brand mb-1\">Lak pristup ko\u0161ionicama<\/span><\/p>\n<p>Ko\u0161ionice su lako dostupne odozgo za \u010di\u0161\u0107enje i odr\u017eavanje. Zahvaljuju\u0107i CBT tehnologiji, zamjena trake traje samo nekoliko minuta. Jednostavno popustite zatezne koloture, uvu\u010dite traku, ponovno zategnite zatezne koloture &#8211; gotovo.<\/p>\n<\/p><\/div>\n<div class=\"col-md-6 mb4 image\"  style=\"background-image:url(https:\/\/www.ariens.eu\/ba\/wp-content\/uploads\/sites\/21\/2024\/05\/ariens-apex-zero-turn-deck-access-panel.webp)\">\n                <\/div>\n<\/p><\/div>\n<div class=\"row\">\n<div class=\"col-md-6 mb-4 content\">\n                    <span class=\"d-block h5 text-color-brand mb-1\">Novi ergonomski upravlja\u010dki polu\u017eaji<\/span><\/p>\n<p>Serija APEX nudi pobolj\u0161ani komfor operatera sa novim ergonomskim upravlja\u010dkim polu\u017eajima koji savr\u0161eno le\u017ee u ruci za laku kontrolu. Debelo podlo\u017eeno sjedalo sa visokim naslonom i pode\u0161avljivim polo\u017eajem operatera osigurava maksimalni komfor. Debelo podlo\u017eeni nasloni za ruke dodatno pobolj\u0161avaju korisni\u010dko iskustvo, \u010dine\u0107i du\u017ee sesije ko\u0161enja ugodnijim.<\/p>\n<\/p><\/div>\n<div class=\"col-md-6 mb4 image\"  style=\"background-image:url(https:\/\/www.ariens.eu\/ba\/wp-content\/uploads\/sites\/21\/2024\/12\/drive-level-handles.png)\">\n                <\/div>\n<\/p><\/div>\n<\/p><\/div>\n<\/div><\/div>\n<div class='col-lg'>                    <\/div>\n<\/p><\/div>\n<\/div>\n<\/div>\n","protected":false},"excerpt":{"rendered":"<p>\u010cvrst i izdr\u017eljiv za redovno ko\u0161enje &#8211; Idealno za pru\u017eaoce usluga Namijenjen pru\u017eaocima usluga koji \u010desto ko\u0161e. Vrhunske komponente u motoru, pogonu i ko\u0161ionicama kombinovane s izvrsnim odnosom cijene i performansi. &#8216;R&#8217; na APEX 48R zna\u010di &#8216;stra\u017enji izba\u010daj&#8217;. Poko\u0161ena trava se izbacuje prema stra\u017enjoj strani, izme\u0111u to\u010dkova. S svojim prvoklasnim Kawasaki FR691 V-Twin motorom, visokostabilnim [&hellip;]<\/p>\n","protected":false},"featured_media":5099,"comment_status":"open","ping_status":"closed","template":"","meta":{"_acf_changed":false,"_relevanssi_hide_post":"","_relevanssi_hide_content":"","_relevanssi_pin_for_all":"","_relevanssi_pin_keywords":"","_relevanssi_unpin_keywords":"","_relevanssi_related_keywords":"","_relevanssi_related_include_ids":"","_relevanssi_related_exclude_ids":"","_relevanssi_related_no_append":"","_relevanssi_related_not_related":"","_relevanssi_related_posts":"","_relevanssi_noindex_reason":""},"product_brand":[],"product_cat":[15],"product_tag":[],"class_list":{"0":"post-2330","1":"product","2":"type-product","3":"status-publish","4":"has-post-thumbnail","6":"product_variant-apex-series","7":"product_usage_areas-janitorial-services","8":"product_usage_areas-leisure-facilities","9":"product_usage_areas-municipalities-building-yards","10":"product_usage_areas-service-providers","12":"first","13":"instock","14":"shipping-taxable","15":"product-type-simple"},"acf":[],"yoast_head":"<!-- This site is optimized with the Yoast SEO plugin v27.3 - https:\/\/yoast.com\/product\/yoast-seo-wordpress\/ -->\n<title>APEX 48R - Rear discharge zero-turn mower | Ariens<\/title>\n<meta name=\"description\" content=\"With a rear discharge 122cm (48&quot;) deck and premium Kawasaki FR691 V-Twin 726cc engine, the APEX 48R is ideal for commercial mowing.\" \/>\n<meta name=\"robots\" content=\"noindex, follow, max-snippet:-1, max-image-preview:large, max-video-preview:-1\" \/>\n<meta property=\"og:locale\" content=\"bs_BA\" \/>\n<meta property=\"og:type\" content=\"article\" \/>\n<meta property=\"og:title\" content=\"APEX 48R - Rear discharge zero-turn mower | Ariens\" \/>\n<meta property=\"og:description\" content=\"With a rear discharge 122cm (48&quot;) deck and premium Kawasaki FR691 V-Twin 726cc engine, the APEX 48R is ideal for commercial mowing.\" \/>\n<meta property=\"og:url\" content=\"https:\/\/www.ariens.eu\/ba\/product\/zero-turn-mowers\/apex-series\/apex-48r\/\" \/>\n<meta property=\"og:site_name\" content=\"Ariens | EMEAA\" \/>\n<meta property=\"article:modified_time\" content=\"2026-05-06T12:11:59+00:00\" \/>\n<meta property=\"og:image\" content=\"https:\/\/www.ariens.eu\/ba\/wp-content\/uploads\/sites\/21\/2024\/05\/ariens-zero-turn-apex-52-rd-my25.png\" \/>\n\t<meta property=\"og:image:width\" content=\"1024\" \/>\n\t<meta property=\"og:image:height\" content=\"720\" \/>\n\t<meta property=\"og:image:type\" content=\"image\/png\" \/>\n<meta name=\"twitter:card\" content=\"summary_large_image\" \/>\n<meta name=\"twitter:label1\" content=\"Est. reading time\" \/>\n\t<meta name=\"twitter:data1\" content=\"2 minute\" \/>\n<script type=\"application\/ld+json\" class=\"yoast-schema-graph\">{\"@context\":\"https:\\\/\\\/schema.org\",\"@graph\":[{\"@type\":\"WebPage\",\"@id\":\"https:\\\/\\\/www.ariens.eu\\\/ba\\\/product\\\/zero-turn-mowers\\\/apex-series\\\/apex-48r\\\/\",\"url\":\"https:\\\/\\\/www.ariens.eu\\\/ba\\\/product\\\/zero-turn-mowers\\\/apex-series\\\/apex-48r\\\/\",\"name\":\"APEX 48R - Rear discharge zero-turn mower | Ariens\",\"isPartOf\":{\"@id\":\"https:\\\/\\\/www.ariens.eu\\\/ba\\\/#website\"},\"primaryImageOfPage\":{\"@id\":\"https:\\\/\\\/www.ariens.eu\\\/ba\\\/product\\\/zero-turn-mowers\\\/apex-series\\\/apex-48r\\\/#primaryimage\"},\"image\":{\"@id\":\"https:\\\/\\\/www.ariens.eu\\\/ba\\\/product\\\/zero-turn-mowers\\\/apex-series\\\/apex-48r\\\/#primaryimage\"},\"thumbnailUrl\":\"https:\\\/\\\/www.ariens.eu\\\/ba\\\/wp-content\\\/uploads\\\/sites\\\/21\\\/2024\\\/05\\\/ariens-zero-turn-apex-52-rd-my25.png\",\"datePublished\":\"2024-05-10T10:04:36+00:00\",\"dateModified\":\"2026-05-06T12:11:59+00:00\",\"description\":\"With a rear discharge 122cm (48\\\") deck and premium Kawasaki FR691 V-Twin 726cc engine, the APEX 48R is ideal for commercial mowing.\",\"breadcrumb\":{\"@id\":\"https:\\\/\\\/www.ariens.eu\\\/ba\\\/product\\\/zero-turn-mowers\\\/apex-series\\\/apex-48r\\\/#breadcrumb\"},\"inLanguage\":\"bs-BA\",\"potentialAction\":[{\"@type\":\"ReadAction\",\"target\":[\"https:\\\/\\\/www.ariens.eu\\\/ba\\\/product\\\/zero-turn-mowers\\\/apex-series\\\/apex-48r\\\/\"]}]},{\"@type\":\"ImageObject\",\"inLanguage\":\"bs-BA\",\"@id\":\"https:\\\/\\\/www.ariens.eu\\\/ba\\\/product\\\/zero-turn-mowers\\\/apex-series\\\/apex-48r\\\/#primaryimage\",\"url\":\"https:\\\/\\\/www.ariens.eu\\\/ba\\\/wp-content\\\/uploads\\\/sites\\\/21\\\/2024\\\/05\\\/ariens-zero-turn-apex-52-rd-my25.png\",\"contentUrl\":\"https:\\\/\\\/www.ariens.eu\\\/ba\\\/wp-content\\\/uploads\\\/sites\\\/21\\\/2024\\\/05\\\/ariens-zero-turn-apex-52-rd-my25.png\",\"width\":1024,\"height\":720},{\"@type\":\"BreadcrumbList\",\"@id\":\"https:\\\/\\\/www.ariens.eu\\\/ba\\\/product\\\/zero-turn-mowers\\\/apex-series\\\/apex-48r\\\/#breadcrumb\",\"itemListElement\":[{\"@type\":\"ListItem\",\"position\":1,\"name\":\"Home\",\"item\":\"https:\\\/\\\/www.ariens.eu\\\/ba\\\/\"},{\"@type\":\"ListItem\",\"position\":2,\"name\":\"Shop\",\"item\":\"https:\\\/\\\/www.ariens.eu\\\/ba\\\/shop\\\/\"},{\"@type\":\"ListItem\",\"position\":3,\"name\":\"APEX 48R\"}]},{\"@type\":\"WebSite\",\"@id\":\"https:\\\/\\\/www.ariens.eu\\\/ba\\\/#website\",\"url\":\"https:\\\/\\\/www.ariens.eu\\\/ba\\\/\",\"name\":\"Ariens | EMEAA\",\"description\":\"Powerful and reliable zero-turn mowers &amp; snow blowers for professional users and demanding private customers\",\"publisher\":{\"@id\":\"https:\\\/\\\/www.ariens.eu\\\/ba\\\/#organization\"},\"potentialAction\":[{\"@type\":\"SearchAction\",\"target\":{\"@type\":\"EntryPoint\",\"urlTemplate\":\"https:\\\/\\\/www.ariens.eu\\\/ba\\\/?s={search_term_string}\"},\"query-input\":{\"@type\":\"PropertyValueSpecification\",\"valueRequired\":true,\"valueName\":\"search_term_string\"}}],\"inLanguage\":\"bs-BA\"},{\"@type\":\"Organization\",\"@id\":\"https:\\\/\\\/www.ariens.eu\\\/ba\\\/#organization\",\"name\":\"AriensCo GmbH\",\"url\":\"https:\\\/\\\/www.ariens.eu\\\/ba\\\/\",\"logo\":{\"@type\":\"ImageObject\",\"inLanguage\":\"bs-BA\",\"@id\":\"https:\\\/\\\/www.ariens.eu\\\/ba\\\/#\\\/schema\\\/logo\\\/image\\\/\",\"url\":\"https:\\\/\\\/www.ariens.eu\\\/wp-content\\\/uploads\\\/2024\\\/11\\\/ariens-co-logo.jpg\",\"contentUrl\":\"https:\\\/\\\/www.ariens.eu\\\/wp-content\\\/uploads\\\/2024\\\/11\\\/ariens-co-logo.jpg\",\"width\":1000,\"height\":1000,\"caption\":\"AriensCo GmbH\"},\"image\":{\"@id\":\"https:\\\/\\\/www.ariens.eu\\\/ba\\\/#\\\/schema\\\/logo\\\/image\\\/\"}}]}<\/script>\n<!-- \/ Yoast SEO plugin. -->","yoast_head_json":{"title":"APEX 48R - Rear discharge zero-turn mower | Ariens","description":"With a rear discharge 122cm (48\") deck and premium Kawasaki FR691 V-Twin 726cc engine, the APEX 48R is ideal for commercial mowing.","robots":{"index":"noindex","follow":"follow","max-snippet":"max-snippet:-1","max-image-preview":"max-image-preview:large","max-video-preview":"max-video-preview:-1"},"og_locale":"bs_BA","og_type":"article","og_title":"APEX 48R - Rear discharge zero-turn mower | Ariens","og_description":"With a rear discharge 122cm (48\") deck and premium Kawasaki FR691 V-Twin 726cc engine, the APEX 48R is ideal for commercial mowing.","og_url":"https:\/\/www.ariens.eu\/ba\/product\/zero-turn-mowers\/apex-series\/apex-48r\/","og_site_name":"Ariens | EMEAA","article_modified_time":"2026-05-06T12:11:59+00:00","og_image":[{"width":1024,"height":720,"url":"https:\/\/www.ariens.eu\/ba\/wp-content\/uploads\/sites\/21\/2024\/05\/ariens-zero-turn-apex-52-rd-my25.png","type":"image\/png"}],"twitter_card":"summary_large_image","twitter_misc":{"Est. reading time":"2 minute"},"schema":{"@context":"https:\/\/schema.org","@graph":[{"@type":"WebPage","@id":"https:\/\/www.ariens.eu\/ba\/product\/zero-turn-mowers\/apex-series\/apex-48r\/","url":"https:\/\/www.ariens.eu\/ba\/product\/zero-turn-mowers\/apex-series\/apex-48r\/","name":"APEX 48R - Rear discharge zero-turn mower | Ariens","isPartOf":{"@id":"https:\/\/www.ariens.eu\/ba\/#website"},"primaryImageOfPage":{"@id":"https:\/\/www.ariens.eu\/ba\/product\/zero-turn-mowers\/apex-series\/apex-48r\/#primaryimage"},"image":{"@id":"https:\/\/www.ariens.eu\/ba\/product\/zero-turn-mowers\/apex-series\/apex-48r\/#primaryimage"},"thumbnailUrl":"https:\/\/www.ariens.eu\/ba\/wp-content\/uploads\/sites\/21\/2024\/05\/ariens-zero-turn-apex-52-rd-my25.png","datePublished":"2024-05-10T10:04:36+00:00","dateModified":"2026-05-06T12:11:59+00:00","description":"With a rear discharge 122cm (48\") deck and premium Kawasaki FR691 V-Twin 726cc engine, the APEX 48R is ideal for commercial mowing.","breadcrumb":{"@id":"https:\/\/www.ariens.eu\/ba\/product\/zero-turn-mowers\/apex-series\/apex-48r\/#breadcrumb"},"inLanguage":"bs-BA","potentialAction":[{"@type":"ReadAction","target":["https:\/\/www.ariens.eu\/ba\/product\/zero-turn-mowers\/apex-series\/apex-48r\/"]}]},{"@type":"ImageObject","inLanguage":"bs-BA","@id":"https:\/\/www.ariens.eu\/ba\/product\/zero-turn-mowers\/apex-series\/apex-48r\/#primaryimage","url":"https:\/\/www.ariens.eu\/ba\/wp-content\/uploads\/sites\/21\/2024\/05\/ariens-zero-turn-apex-52-rd-my25.png","contentUrl":"https:\/\/www.ariens.eu\/ba\/wp-content\/uploads\/sites\/21\/2024\/05\/ariens-zero-turn-apex-52-rd-my25.png","width":1024,"height":720},{"@type":"BreadcrumbList","@id":"https:\/\/www.ariens.eu\/ba\/product\/zero-turn-mowers\/apex-series\/apex-48r\/#breadcrumb","itemListElement":[{"@type":"ListItem","position":1,"name":"Home","item":"https:\/\/www.ariens.eu\/ba\/"},{"@type":"ListItem","position":2,"name":"Shop","item":"https:\/\/www.ariens.eu\/ba\/shop\/"},{"@type":"ListItem","position":3,"name":"APEX 48R"}]},{"@type":"WebSite","@id":"https:\/\/www.ariens.eu\/ba\/#website","url":"https:\/\/www.ariens.eu\/ba\/","name":"Ariens | EMEAA","description":"Powerful and reliable zero-turn mowers &amp; snow blowers for professional users and demanding private customers","publisher":{"@id":"https:\/\/www.ariens.eu\/ba\/#organization"},"potentialAction":[{"@type":"SearchAction","target":{"@type":"EntryPoint","urlTemplate":"https:\/\/www.ariens.eu\/ba\/?s={search_term_string}"},"query-input":{"@type":"PropertyValueSpecification","valueRequired":true,"valueName":"search_term_string"}}],"inLanguage":"bs-BA"},{"@type":"Organization","@id":"https:\/\/www.ariens.eu\/ba\/#organization","name":"AriensCo GmbH","url":"https:\/\/www.ariens.eu\/ba\/","logo":{"@type":"ImageObject","inLanguage":"bs-BA","@id":"https:\/\/www.ariens.eu\/ba\/#\/schema\/logo\/image\/","url":"https:\/\/www.ariens.eu\/wp-content\/uploads\/2024\/11\/ariens-co-logo.jpg","contentUrl":"https:\/\/www.ariens.eu\/wp-content\/uploads\/2024\/11\/ariens-co-logo.jpg","width":1000,"height":1000,"caption":"AriensCo GmbH"},"image":{"@id":"https:\/\/www.ariens.eu\/ba\/#\/schema\/logo\/image\/"}}]}},"_links":{"self":[{"href":"https:\/\/www.ariens.eu\/ba\/wp-json\/wp\/v2\/product\/2330","targetHints":{"allow":["GET"]}}],"collection":[{"href":"https:\/\/www.ariens.eu\/ba\/wp-json\/wp\/v2\/product"}],"about":[{"href":"https:\/\/www.ariens.eu\/ba\/wp-json\/wp\/v2\/types\/product"}],"replies":[{"embeddable":true,"href":"https:\/\/www.ariens.eu\/ba\/wp-json\/wp\/v2\/comments?post=2330"}],"wp:featuredmedia":[{"embeddable":true,"href":"https:\/\/www.ariens.eu\/ba\/wp-json\/wp\/v2\/media\/5099"}],"wp:attachment":[{"href":"https:\/\/www.ariens.eu\/ba\/wp-json\/wp\/v2\/media?parent=2330"}],"wp:term":[{"taxonomy":"product_brand","embeddable":true,"href":"https:\/\/www.ariens.eu\/ba\/wp-json\/wp\/v2\/product_brand?post=2330"},{"taxonomy":"product_cat","embeddable":true,"href":"https:\/\/www.ariens.eu\/ba\/wp-json\/wp\/v2\/product_cat?post=2330"},{"taxonomy":"product_tag","embeddable":true,"href":"https:\/\/www.ariens.eu\/ba\/wp-json\/wp\/v2\/product_tag?post=2330"}],"curies":[{"name":"wp","href":"https:\/\/api.w.org\/{rel}","templated":true}]}}