{"id":2340,"date":"2024-05-10T11:04:36","date_gmt":"2024-05-10T10:04:36","guid":{"rendered":"https:\/\/www.ariens.eu\/product\/zenith-e-52r\/"},"modified":"2026-05-06T13:12:01","modified_gmt":"2026-05-06T12:12:01","slug":"zenith-e-52r","status":"publish","type":"product","link":"https:\/\/www.ariens.eu\/ba\/product\/zero-turn-mowers\/zenith-e-series\/zenith-e-52r","title":{"rendered":"ZENITH E 52R"},"content":{"rendered":"<div class=\"acfd-block acfd-block__twocolumns container-fluid px-0 bg-default\">\n<div class=\"acfd-twocolumns\">\n<div class=\"row\">\n<div class='col-lg-9 mb-4 '>\n<div class=\"acfd-block acfd-block__headline container-fluid px-0 bg-default\">\n<div class=\"acfd-headline\" >\n<h2 class='h2 text-left li_black'>Kosa\u010dica sa zamjenjivom baterijom i stra\u017enjim izbacivanjem. Napravljena za ko\u0161enje cijelog dana.<\/h2>\n<\/p><\/div>\n<\/div><\/div>\n<div class='col-lg'>                    <\/div>\n<\/p><\/div>\n<\/div>\n<\/div>\n<div class=\"acfd-block acfd-block__twocolumns mb-asm-2 container-fluid px-0 bg-default\">\n<div class=\"acfd-twocolumns\">\n<div class=\"row\">\n<div class='col-lg-9 mb-4 '>\n<div class=\"acfd-block acfd-block__text container-fluid px-0 bg-default\">\n<div class=\"acfd-text li_black\">\n<p>Ugradnja baterija u kosa\u010dicu je jedna stvar. Postizanje performansi, izdr\u017eljivosti i pouzdanosti dokazanog profesionalnog benzinskog modela je druga stvar. Na\u0161i modeli sa FusionCore zamjenjivim baterijskim sistemom zadovoljavaju ove zahteve.<\/p>\n<p>ZENITH E 52R je prva profesionalna elektri\u010dna kosa\u010dica sa zamjenjivim baterijama. Napravljena za ko\u0161enje velikih travnjaka cijelog dana. Slovo &#8220;R&#8221; na ZENITH E 52R ozna\u010dava &#8220;stra\u017enje izbacivanje&#8221;. Prednost: Isko\u0161ena trava se ne baca na staze ili u cvjetnjake. Isko\u0161ena trava se izbacuje stra\u017enje, izme\u0111u to\u010dkova. Pode\u0161avano udobno sjedi\u0161te za maksimalnu udobnost vo\u017enje. Profesionalna kosi\u010dka plo\u010da sa \u0161irinom ko\u0161enja od 132 cm. ROPS kao standard i profesionalna garancija.<\/p>\n<ul>\n<li>Pokre\u0107e je \u010detiri zamjenjive FusionCore litijum-ionske baterije 56V DC, 4kWh<\/li>\n<li>Ima patentirano \u010dekr\u010dko tehnologiju, dizajniranu da apsorbira masivne udare<\/li>\n<li>Posti\u017ee pet sati neprekidnog ko\u0161enja na jednom punjenju (zavisno od uslova ko\u0161enja)<\/li>\n<li>Vrijeme punjenja od 5.3 \u2013 12 sati (zavisno od punja\u010da)<\/li>\n<li>Ima 132cm (52&#8243;) izra\u0111enu, stra\u017enje izbacuju\u0107u plo\u010du izra\u0111enu od \u010dvrstog 7-gauge \u010delika<\/li>\n<li>Vode\u0107i dizajn okvira pru\u017ea potporu za optere\u0107enja ma\u0161ine<\/li>\n<li>ROPS ugra\u0111en kao standard za dodatnu za\u0161titu operatera<\/li>\n<li>Nogom upravljano, vertikalno osigura\u010d podizanja plo\u010de sa 15 pozicija ko\u0161enja<\/li>\n<li>Visoko le\u0111no potpuno ovje\u0161eno sjedi\u0161te<\/li>\n<li>Dostupan je niz opcionalnih dodataka<\/li>\n<li>5-godi\u0161nja ili 1500 sati garancija \/ 3-godi\u0161nja garancija na bateriju \u2013 bez ograni\u010denja sati za prve 2 godine<\/li>\n<\/ul>\n<\/div>\n<\/div><\/div>\n<div class='col-lg'>                    <\/div>\n<\/p><\/div>\n<\/div>\n<\/div>\n<div class=\"acfd-block acfd-block__category mb-asm-3 container-fluid px-0 bg-default\">\n<div class=\"acfd-product-categories\">\n<h2 class=\"text-left mb-3\">\n        Applications    <\/h2>\n<div class=\"product-categories_wrapper\">\n         <span\n                data-description=\"Do you mow for many hours or even days or weeks at a time? Do you use your machine commercially and earn your money with it? Then you need a particularly reliable and comfortable machine with durable components.\"                class=\"product-category-single\"> PRO                <sup><i class=\"fa fa-info-circle\" aria-hidden=\"true\"><\/i><\/sup>            <\/span>  <span\n                data-description=\"State-of-the-art battery technology now enables the same performance and range as petrol models.\"                class=\"product-category-single\"> Electric                <sup><i class=\"fa fa-info-circle\" aria-hidden=\"true\"><\/i><\/sup>            <\/span>  <span\n                data-description=\"Ariens ride-on mowers offer a high level of comfort. We use high-quality seats from the entry-level model upwards. Ample legroom and ergonomic controls are standard.\"                class=\"product-category-single\"> Ride-On (sitting)                <sup><i class=\"fa fa-info-circle\" aria-hidden=\"true\"><\/i><\/sup>            <\/span>  <span\n                data-description=\"Med APEX- og ZENITH-modellerne kan du v\u00e6lge mellem pl\u00e6neklippere med sideudkast og bagudkast. En pl\u00e6neklipper med bagudkast er lukket i siden og kaster det afklippede gr\u00e6s bagud. Fordelen er, at der ikke kastes gr\u00e6s p\u00e5 stier eller bede, og at der i mods\u00e6tning til et bioklipss\u00e6t ogs\u00e5 kan klippes h\u00f8jt gr\u00e6s. Pl\u00e6neklippere med bagudkast bruges ofte i den kommunale sektor.\"                class=\"product-category-single\"> Rear discharge                <sup><i class=\"fa fa-info-circle\" aria-hidden=\"true\"><\/i><\/sup>            <\/span>  <span\n                data-description=\"Alle Ariens-pl\u00e6neklippere er velegnede til flade gr\u00e6spl\u00e6ner. V\u00e6lg din klippebredde i henhold til st\u00f8rrelsen p\u00e5 dit omr\u00e5de og eventuelle begr\u00e6nsende smalle omr\u00e5der.\"                class=\"product-category-single\"> Fladt terr\u00e6n                <sup><i class=\"fa fa-info-circle\" aria-hidden=\"true\"><\/i><\/sup>            <\/span>  <span\n                data-description=\"Ariens-pl\u00e6neklippere klarer sig godt p\u00e5 uj\u00e6vnt terr\u00e6n. Til uj\u00e6vnt terr\u00e6n skal du v\u00e6lge smallere klippeaggregater for at opn\u00e5 et mere ensartet klippem\u00f8nster.\"                class=\"product-category-single\"> Uj\u00e6vnt terr\u00e6n                <sup><i class=\"fa fa-info-circle\" aria-hidden=\"true\"><\/i><\/sup>            <\/span>  <span\n                data-description=\"Det anbefales \u00e5 velge en maskin med brede hjul. Ikke overskrid den angitte sikkerhetsgrensen p\u00e5 15\u00b0 helling for sitteklippere og 20\u00b0 for st\u00e5ende klippere. P\u00e5 ujevnt terreng b\u00f8r du velge et smalere klippeaggregat for et mer jevnt klipperesultat. ZENITH-modellen leveres med veltesikring (ROPS) som standard, og dette kan ettermonteres p\u00e5 APEX.\"                class=\"product-category-single\"> Kupert terreng                <sup><i class=\"fa fa-info-circle\" aria-hidden=\"true\"><\/i><\/sup>            <\/span>  <span\n                data-description=\"Mowing decks 132 cm and 152 cm wide are used effectively on large areas.\"                class=\"product-category-single\"> Large areas                <sup><i class=\"fa fa-info-circle\" aria-hidden=\"true\"><\/i><\/sup>            <\/span>     <\/div>\n<\/div>\n<\/div>\n<div class=\"acfd-block acfd-block__twocolumns mb-asm-2 container-fluid container-fluid--force px-0 bg-default\">\n<div class=\"acfd-twocolumns\">\n<div class=\"row\">\n<div class='col-lg-12 mb-4 '>\n<div class=\"acfd-product-advantages--wrapper\">\n<h2 class=\"h1 bigger text-color-black text-center mb-5\">\n        Features &#038; Benefits    <\/h2>\n<div class=\"acfd-product-advantages\">\n<div class=\"row\">\n<div class=\"col-md-6 mb-4 content\">\n                    <span class=\"d-block h5 text-color-brand mb-1\">FusionCore Li-Ion baterijski sistem<\/span><\/p>\n<p>Baterijski sistem ZENITH E se sastoji od \u010detiri zamjenjive baterijske pakete, od kojih svaki te\u017ei 22,5 kg. Kapacitet svakog pojedina\u010dnog Fusion Li-ion baterijskog paketa je 4 kWh. Ukupni kapacitet: 4 x 4 kWh = 16 kWh. ZENITH E mo\u017ee kositi s samo dva baterijska paketa i voziti s samo jednim.<\/p>\n<p>Sa \u010detiri baterijska paketa, mo\u017eete kositi maksimalno 5 sati. Nakon toga, mogu se zamijeniti punim baterijama u pitanju sekundi. Vrijeme punjenja za \u010detiri baterijska paketa, sa opcionalnim brzim punja\u010dem, je samo 5:20 sati!<\/p>\n<\/p><\/div>\n<div class=\"col-md-6 mb4 image\"  style=\"background-image:url(https:\/\/www.ariens.eu\/ba\/wp-content\/uploads\/sites\/21\/2024\/05\/ariens-arrow-e-battery-stand-on-fusioncore-batteries.webp)\">\n                <\/div>\n<\/p><\/div>\n<div class=\"row\">\n<div class=\"col-md-6 mb-4 content\">\n                    <span class=\"d-block h5 text-color-brand mb-1\">Pametno balansiranje optere\u0107enja<\/span><\/p>\n<p>Ovaj patentirani sistem omogu\u0107ava ZENITH E da kompenzira razlike u snazi baterija. On crpi energiju iz punih baterija sve dok ne dostignu isti nivo napunjenosti kao manje napunjene baterije. Energija se prvo crpi iz potpuno napunjenih baterija, a zatim jednako iz svih \u010detiri baterije, \u0161to omogu\u0107ava konstantnu snagu koja \u0161titi \u0107elije.<\/p>\n<\/p><\/div>\n<div class=\"col-md-6 mb4 image\"  style=\"background-image:url(https:\/\/www.ariens.eu\/ba\/wp-content\/uploads\/sites\/21\/2024\/05\/ariens-zenith-e-zero-turn-feature2-battery-load-balancing.webp)\">\n                <\/div>\n<\/p><\/div>\n<div class=\"row\">\n<div class=\"col-md-6 mb-4 content\">\n                    <span class=\"d-block h5 text-color-brand mb-1\">Ne tro\u0161ite energiju: Eco re\u017eim<\/span><\/p>\n<p>ZENITH E ima prekida\u010d za ECO re\u017eim. Najve\u0107a brzina no\u017ea nije potrebna kada je koli\u010dina rezanja mala ili kada se kre\u0107ete sporije. U tom slu\u010daju koristite ECO re\u017eim da biste smanjili brzinu no\u017ea.<\/p>\n<\/p><\/div>\n<div class=\"col-md-6 mb4 image\"  style=\"background-image:url(https:\/\/www.ariens.eu\/ba\/wp-content\/uploads\/sites\/21\/2024\/11\/zenith-e-advantages-eco-mode-scaled.jpg)\">\n                <\/div>\n<\/p><\/div>\n<div class=\"row\">\n<div class=\"col-md-6 mb-4 content\">\n                    <span class=\"d-block h5 text-color-brand mb-1\">Vlasni\u010dki elektri\u010dni transaksli<\/span><\/p>\n<p>Dva neovisna, bez\u010detki\u010dna elektri\u010dna motora sa ekstra jakim magnetima, pove\u0107anim brojem namotaja i funkcijom regeneracije pri ko\u010denju. Cilj: Niska generacija toplote i dugi vijek trajanja.<\/p>\n<p>Spojenje elektri\u010dnih motora sa planetarnim mjenja\u010dem sa dvostrukom redukcijom. Cilj: Ista glatka, bez trzanja vo\u017enja kao kod profesionalne kosilice sa nulom okretanja sa benzinskim motorom i hidrostatom. Rezultat: Jednom vozite ZENITH E i sami uporedite!<\/p>\n<\/p><\/div>\n<div class=\"col-md-6 mb4 image\"  style=\"background-image:url(https:\/\/www.ariens.eu\/ba\/wp-content\/uploads\/sites\/21\/2024\/05\/ariens-zenith-e-zero-turn-feature3-brushless-electric-drive-motor-transaxles.webp)\">\n                <\/div>\n<\/p><\/div>\n<div class=\"row\">\n<div class=\"col-md-6 mb-4 content\">\n                    <span class=\"d-block h5 text-color-brand mb-1\">Profesionalna ko\u0161ilica<\/span><\/p>\n<p>Ko\u0161ilica je najoptere\u0107enija komponenta ko\u0161ilicama. Stabilnost je ovdje posebno va\u017ena. ZENITH E ima ko\u0161ilicu duboku 14 cm, potpuno zavarenu, izra\u0111enu od \u010deli\u010dnog lima debljine 4,5 mm, sa 20 mm \u010deli\u010dnim rubom, zatvorenim to\u010dkovima protiv skalpiranja i zavarenom 4-to\u010dka\u010dnom suspenzijom. FUSIONCORE elektri\u010dni motori no\u017eeva dostavljaju maksimalno 3 x 3.500 vati kada je potrebno. Kako bi se za\u0161titio motor u slu\u010daju sudara, no\u017eevi su postavljeni na klizni spoj. Ovo zna\u010dajno smanjuje te\u0161ke udare na motor. Protok zraka nove X-Factor III ko\u0161ilice sa bo\u010dnim izduvavanjem je optimiziran za naj\u010distiji rez i najni\u017ei nivo buke.<\/p>\n<\/p><\/div>\n<div class=\"col-md-6 mb4 image\"  style=\"background-image:url(https:\/\/www.ariens.eu\/ba\/wp-content\/uploads\/sites\/21\/2024\/05\/ariens-zenith-e-zero-turn-feature4-commercial-10-gauge-steel-deck.webp)\">\n                <\/div>\n<\/p><\/div>\n<div class=\"row\">\n<div class=\"col-md-6 mb-4 content\">\n                    <span class=\"d-block h5 text-color-brand mb-1\">Potpuno pode\u0161avajte udobno sjedalo<\/span><\/p>\n<p>Maksimalna udobnost vo\u017enje je esencijalna za produktivan i siguran rad satima. Posebno je va\u017eno da se te\u0161ki udari i vibracije ne prenose na voza\u010da, kako bi se osiguralo njegovo blagostanje i zdravlje. Hidro-pneumatsko ovje\u0161enje voza\u010devog sjedala mo\u017ee se precizno pode\u0161avati prema te\u017eini tijela voza\u010da. Pode\u0161avajte naslone za ruke i visok naslon za le\u0111a omogu\u0107avaju voza\u010du da prona\u0111e idealan polo\u017eaj sjedenja.<\/p>\n<\/p><\/div>\n<div class=\"col-md-6 mb4 image\"  style=\"background-image:url(https:\/\/www.ariens.eu\/ba\/wp-content\/uploads\/sites\/21\/2024\/05\/ariens-zenith-zero-turn-suspension-seat.webp)\">\n                <\/div>\n<\/p><\/div>\n<div class=\"row\">\n<div class=\"col-md-6 mb-4 content\">\n                    <span class=\"d-block h5 text-color-brand mb-1\">ROPS<\/span><\/p>\n<p>Standardni sistem za\u0161tite od prevrtanja sa sigurnosnim pojasevom (ROPS) nudi dodatnu za\u0161titu za voza\u010da. Mo\u017ee se saviti i ergonomski je nagnut unazad kako bi se sprije\u010dilo bolno udaranje lakatom tijekom vo\u017enje.<\/p>\n<\/p><\/div>\n<div class=\"col-md-6 mb4 image\"  style=\"background-image:url(https:\/\/www.ariens.eu\/ba\/wp-content\/uploads\/sites\/21\/2024\/05\/ariens-zenith-zero-turn-feature5-rops.webp)\">\n                <\/div>\n<\/p><\/div>\n<div class=\"row\">\n<div class=\"col-md-6 mb-4 content\">\n                    <span class=\"d-block h5 text-color-brand mb-1\">Komplet za osvjetljenje za homologaciju za cestovu upotrebu<\/span><\/p>\n<p>Novi komplet za osvjetljenje dostupan je za upotrebu na javnim cestama. Instalacija od strane ovla\u0161tenih dilera.<\/p>\n<\/p><\/div>\n<div class=\"col-md-6 mb4 image\"  style=\"background-image:url(https:\/\/www.ariens.eu\/ba\/wp-content\/uploads\/sites\/21\/2024\/08\/stvzo-lichtkit-1.png)\">\n                <\/div>\n<\/p><\/div>\n<\/p><\/div>\n<\/div><\/div>\n<div class='col-lg'>                    <\/div>\n<\/p><\/div>\n<\/div>\n<\/div>\n","protected":false},"excerpt":{"rendered":"<p>Kosa\u010dica sa zamjenjivom baterijom i stra\u017enjim izbacivanjem. Napravljena za ko\u0161enje cijelog dana. Ugradnja baterija u kosa\u010dicu je jedna stvar. Postizanje performansi, izdr\u017eljivosti i pouzdanosti dokazanog profesionalnog benzinskog modela je druga stvar. Na\u0161i modeli sa FusionCore zamjenjivim baterijskim sistemom zadovoljavaju ove zahteve. ZENITH E 52R je prva profesionalna elektri\u010dna kosa\u010dica sa zamjenjivim baterijama. Napravljena za ko\u0161enje [&hellip;]<\/p>\n","protected":false},"featured_media":2664,"comment_status":"open","ping_status":"closed","template":"","meta":{"_acf_changed":false,"_relevanssi_hide_post":"","_relevanssi_hide_content":"","_relevanssi_pin_for_all":"","_relevanssi_pin_keywords":"","_relevanssi_unpin_keywords":"","_relevanssi_related_keywords":"","_relevanssi_related_include_ids":"","_relevanssi_related_exclude_ids":"","_relevanssi_related_no_append":"","_relevanssi_related_not_related":"","_relevanssi_related_posts":"","_relevanssi_noindex_reason":""},"product_brand":[],"product_cat":[15],"product_tag":[],"class_list":{"0":"post-2340","1":"product","2":"type-product","3":"status-publish","4":"has-post-thumbnail","6":"product_variant-zenith-e-series","7":"product_usage_areas-municipalities-building-yards","8":"product_usage_areas-service-providers","10":"first","11":"instock","12":"shipping-taxable","13":"product-type-simple"},"acf":[],"yoast_head":"<!-- This site is optimized with the Yoast SEO plugin v27.3 - https:\/\/yoast.com\/product\/yoast-seo-wordpress\/ -->\n<title>ZENITH E 52R - Battery powered zero-turn mower | Ariens<\/title>\n<meta name=\"description\" content=\"The ZENITH E 52R is a fully commercial battery-powered zero-turn, with 132cm (52&quot;) rear discharge cutting deck, designed for use by commercial operators in noise\/ emissions sensitive areas.\" \/>\n<meta name=\"robots\" content=\"noindex, follow, max-snippet:-1, max-image-preview:large, max-video-preview:-1\" \/>\n<meta property=\"og:locale\" content=\"bs_BA\" \/>\n<meta property=\"og:type\" content=\"article\" \/>\n<meta property=\"og:title\" content=\"ZENITH E 52R - Battery powered zero-turn mower | Ariens\" \/>\n<meta property=\"og:description\" content=\"The ZENITH E 52R is a fully commercial battery-powered zero-turn, with 132cm (52&quot;) rear discharge cutting deck, designed for use by commercial operators in noise\/ emissions sensitive areas.\" \/>\n<meta property=\"og:url\" content=\"https:\/\/www.ariens.eu\/ba\/product\/zero-turn-mowers\/zenith-e-series\/zenith-e-52r\/\" \/>\n<meta property=\"og:site_name\" content=\"Ariens | EMEAA\" \/>\n<meta property=\"article:modified_time\" content=\"2026-05-06T12:12:01+00:00\" \/>\n<meta property=\"og:image\" content=\"https:\/\/www.ariens.eu\/ba\/wp-content\/uploads\/sites\/21\/2024\/05\/ariens-zenithe-52r-rear-discharge-battery-zero-turn-front-left-768x555-1.webp\" \/>\n\t<meta property=\"og:image:width\" content=\"768\" \/>\n\t<meta property=\"og:image:height\" content=\"555\" \/>\n\t<meta property=\"og:image:type\" content=\"image\/webp\" \/>\n<meta name=\"twitter:card\" content=\"summary_large_image\" \/>\n<meta name=\"twitter:label1\" content=\"Est. reading time\" \/>\n\t<meta name=\"twitter:data1\" content=\"4 minute\" \/>\n<script type=\"application\/ld+json\" class=\"yoast-schema-graph\">{\"@context\":\"https:\\\/\\\/schema.org\",\"@graph\":[{\"@type\":\"WebPage\",\"@id\":\"https:\\\/\\\/www.ariens.eu\\\/ba\\\/product\\\/zero-turn-mowers\\\/zenith-e-series\\\/zenith-e-52r\\\/\",\"url\":\"https:\\\/\\\/www.ariens.eu\\\/ba\\\/product\\\/zero-turn-mowers\\\/zenith-e-series\\\/zenith-e-52r\\\/\",\"name\":\"ZENITH E 52R - Battery powered zero-turn mower | Ariens\",\"isPartOf\":{\"@id\":\"https:\\\/\\\/www.ariens.eu\\\/ba\\\/#website\"},\"primaryImageOfPage\":{\"@id\":\"https:\\\/\\\/www.ariens.eu\\\/ba\\\/product\\\/zero-turn-mowers\\\/zenith-e-series\\\/zenith-e-52r\\\/#primaryimage\"},\"image\":{\"@id\":\"https:\\\/\\\/www.ariens.eu\\\/ba\\\/product\\\/zero-turn-mowers\\\/zenith-e-series\\\/zenith-e-52r\\\/#primaryimage\"},\"thumbnailUrl\":\"https:\\\/\\\/www.ariens.eu\\\/ba\\\/wp-content\\\/uploads\\\/sites\\\/21\\\/2024\\\/05\\\/ariens-zenithe-52r-rear-discharge-battery-zero-turn-front-left-768x555-1.webp\",\"datePublished\":\"2024-05-10T10:04:36+00:00\",\"dateModified\":\"2026-05-06T12:12:01+00:00\",\"description\":\"The ZENITH E 52R is a fully commercial battery-powered zero-turn, with 132cm (52\\\") rear discharge cutting deck, designed for use by commercial operators in noise\\\/ emissions sensitive areas.\",\"breadcrumb\":{\"@id\":\"https:\\\/\\\/www.ariens.eu\\\/ba\\\/product\\\/zero-turn-mowers\\\/zenith-e-series\\\/zenith-e-52r\\\/#breadcrumb\"},\"inLanguage\":\"bs-BA\",\"potentialAction\":[{\"@type\":\"ReadAction\",\"target\":[\"https:\\\/\\\/www.ariens.eu\\\/ba\\\/product\\\/zero-turn-mowers\\\/zenith-e-series\\\/zenith-e-52r\\\/\"]}]},{\"@type\":\"ImageObject\",\"inLanguage\":\"bs-BA\",\"@id\":\"https:\\\/\\\/www.ariens.eu\\\/ba\\\/product\\\/zero-turn-mowers\\\/zenith-e-series\\\/zenith-e-52r\\\/#primaryimage\",\"url\":\"https:\\\/\\\/www.ariens.eu\\\/ba\\\/wp-content\\\/uploads\\\/sites\\\/21\\\/2024\\\/05\\\/ariens-zenithe-52r-rear-discharge-battery-zero-turn-front-left-768x555-1.webp\",\"contentUrl\":\"https:\\\/\\\/www.ariens.eu\\\/ba\\\/wp-content\\\/uploads\\\/sites\\\/21\\\/2024\\\/05\\\/ariens-zenithe-52r-rear-discharge-battery-zero-turn-front-left-768x555-1.webp\",\"width\":768,\"height\":555},{\"@type\":\"BreadcrumbList\",\"@id\":\"https:\\\/\\\/www.ariens.eu\\\/ba\\\/product\\\/zero-turn-mowers\\\/zenith-e-series\\\/zenith-e-52r\\\/#breadcrumb\",\"itemListElement\":[{\"@type\":\"ListItem\",\"position\":1,\"name\":\"Home\",\"item\":\"https:\\\/\\\/www.ariens.eu\\\/ba\\\/\"},{\"@type\":\"ListItem\",\"position\":2,\"name\":\"Shop\",\"item\":\"https:\\\/\\\/www.ariens.eu\\\/ba\\\/shop\\\/\"},{\"@type\":\"ListItem\",\"position\":3,\"name\":\"ZENITH E 52R\"}]},{\"@type\":\"WebSite\",\"@id\":\"https:\\\/\\\/www.ariens.eu\\\/ba\\\/#website\",\"url\":\"https:\\\/\\\/www.ariens.eu\\\/ba\\\/\",\"name\":\"Ariens | EMEAA\",\"description\":\"Powerful and reliable zero-turn mowers &amp; snow blowers for professional users and demanding private customers\",\"publisher\":{\"@id\":\"https:\\\/\\\/www.ariens.eu\\\/ba\\\/#organization\"},\"potentialAction\":[{\"@type\":\"SearchAction\",\"target\":{\"@type\":\"EntryPoint\",\"urlTemplate\":\"https:\\\/\\\/www.ariens.eu\\\/ba\\\/?s={search_term_string}\"},\"query-input\":{\"@type\":\"PropertyValueSpecification\",\"valueRequired\":true,\"valueName\":\"search_term_string\"}}],\"inLanguage\":\"bs-BA\"},{\"@type\":\"Organization\",\"@id\":\"https:\\\/\\\/www.ariens.eu\\\/ba\\\/#organization\",\"name\":\"AriensCo GmbH\",\"url\":\"https:\\\/\\\/www.ariens.eu\\\/ba\\\/\",\"logo\":{\"@type\":\"ImageObject\",\"inLanguage\":\"bs-BA\",\"@id\":\"https:\\\/\\\/www.ariens.eu\\\/ba\\\/#\\\/schema\\\/logo\\\/image\\\/\",\"url\":\"https:\\\/\\\/www.ariens.eu\\\/wp-content\\\/uploads\\\/2024\\\/11\\\/ariens-co-logo.jpg\",\"contentUrl\":\"https:\\\/\\\/www.ariens.eu\\\/wp-content\\\/uploads\\\/2024\\\/11\\\/ariens-co-logo.jpg\",\"width\":1000,\"height\":1000,\"caption\":\"AriensCo GmbH\"},\"image\":{\"@id\":\"https:\\\/\\\/www.ariens.eu\\\/ba\\\/#\\\/schema\\\/logo\\\/image\\\/\"}}]}<\/script>\n<!-- \/ Yoast SEO plugin. -->","yoast_head_json":{"title":"ZENITH E 52R - Battery powered zero-turn mower | Ariens","description":"The ZENITH E 52R is a fully commercial battery-powered zero-turn, with 132cm (52\") rear discharge cutting deck, designed for use by commercial operators in noise\/ emissions sensitive areas.","robots":{"index":"noindex","follow":"follow","max-snippet":"max-snippet:-1","max-image-preview":"max-image-preview:large","max-video-preview":"max-video-preview:-1"},"og_locale":"bs_BA","og_type":"article","og_title":"ZENITH E 52R - Battery powered zero-turn mower | Ariens","og_description":"The ZENITH E 52R is a fully commercial battery-powered zero-turn, with 132cm (52\") rear discharge cutting deck, designed for use by commercial operators in noise\/ emissions sensitive areas.","og_url":"https:\/\/www.ariens.eu\/ba\/product\/zero-turn-mowers\/zenith-e-series\/zenith-e-52r\/","og_site_name":"Ariens | EMEAA","article_modified_time":"2026-05-06T12:12:01+00:00","og_image":[{"width":768,"height":555,"url":"https:\/\/www.ariens.eu\/ba\/wp-content\/uploads\/sites\/21\/2024\/05\/ariens-zenithe-52r-rear-discharge-battery-zero-turn-front-left-768x555-1.webp","type":"image\/webp"}],"twitter_card":"summary_large_image","twitter_misc":{"Est. reading time":"4 minute"},"schema":{"@context":"https:\/\/schema.org","@graph":[{"@type":"WebPage","@id":"https:\/\/www.ariens.eu\/ba\/product\/zero-turn-mowers\/zenith-e-series\/zenith-e-52r\/","url":"https:\/\/www.ariens.eu\/ba\/product\/zero-turn-mowers\/zenith-e-series\/zenith-e-52r\/","name":"ZENITH E 52R - Battery powered zero-turn mower | Ariens","isPartOf":{"@id":"https:\/\/www.ariens.eu\/ba\/#website"},"primaryImageOfPage":{"@id":"https:\/\/www.ariens.eu\/ba\/product\/zero-turn-mowers\/zenith-e-series\/zenith-e-52r\/#primaryimage"},"image":{"@id":"https:\/\/www.ariens.eu\/ba\/product\/zero-turn-mowers\/zenith-e-series\/zenith-e-52r\/#primaryimage"},"thumbnailUrl":"https:\/\/www.ariens.eu\/ba\/wp-content\/uploads\/sites\/21\/2024\/05\/ariens-zenithe-52r-rear-discharge-battery-zero-turn-front-left-768x555-1.webp","datePublished":"2024-05-10T10:04:36+00:00","dateModified":"2026-05-06T12:12:01+00:00","description":"The ZENITH E 52R is a fully commercial battery-powered zero-turn, with 132cm (52\") rear discharge cutting deck, designed for use by commercial operators in noise\/ emissions sensitive areas.","breadcrumb":{"@id":"https:\/\/www.ariens.eu\/ba\/product\/zero-turn-mowers\/zenith-e-series\/zenith-e-52r\/#breadcrumb"},"inLanguage":"bs-BA","potentialAction":[{"@type":"ReadAction","target":["https:\/\/www.ariens.eu\/ba\/product\/zero-turn-mowers\/zenith-e-series\/zenith-e-52r\/"]}]},{"@type":"ImageObject","inLanguage":"bs-BA","@id":"https:\/\/www.ariens.eu\/ba\/product\/zero-turn-mowers\/zenith-e-series\/zenith-e-52r\/#primaryimage","url":"https:\/\/www.ariens.eu\/ba\/wp-content\/uploads\/sites\/21\/2024\/05\/ariens-zenithe-52r-rear-discharge-battery-zero-turn-front-left-768x555-1.webp","contentUrl":"https:\/\/www.ariens.eu\/ba\/wp-content\/uploads\/sites\/21\/2024\/05\/ariens-zenithe-52r-rear-discharge-battery-zero-turn-front-left-768x555-1.webp","width":768,"height":555},{"@type":"BreadcrumbList","@id":"https:\/\/www.ariens.eu\/ba\/product\/zero-turn-mowers\/zenith-e-series\/zenith-e-52r\/#breadcrumb","itemListElement":[{"@type":"ListItem","position":1,"name":"Home","item":"https:\/\/www.ariens.eu\/ba\/"},{"@type":"ListItem","position":2,"name":"Shop","item":"https:\/\/www.ariens.eu\/ba\/shop\/"},{"@type":"ListItem","position":3,"name":"ZENITH E 52R"}]},{"@type":"WebSite","@id":"https:\/\/www.ariens.eu\/ba\/#website","url":"https:\/\/www.ariens.eu\/ba\/","name":"Ariens | EMEAA","description":"Powerful and reliable zero-turn mowers &amp; snow blowers for professional users and demanding private customers","publisher":{"@id":"https:\/\/www.ariens.eu\/ba\/#organization"},"potentialAction":[{"@type":"SearchAction","target":{"@type":"EntryPoint","urlTemplate":"https:\/\/www.ariens.eu\/ba\/?s={search_term_string}"},"query-input":{"@type":"PropertyValueSpecification","valueRequired":true,"valueName":"search_term_string"}}],"inLanguage":"bs-BA"},{"@type":"Organization","@id":"https:\/\/www.ariens.eu\/ba\/#organization","name":"AriensCo GmbH","url":"https:\/\/www.ariens.eu\/ba\/","logo":{"@type":"ImageObject","inLanguage":"bs-BA","@id":"https:\/\/www.ariens.eu\/ba\/#\/schema\/logo\/image\/","url":"https:\/\/www.ariens.eu\/wp-content\/uploads\/2024\/11\/ariens-co-logo.jpg","contentUrl":"https:\/\/www.ariens.eu\/wp-content\/uploads\/2024\/11\/ariens-co-logo.jpg","width":1000,"height":1000,"caption":"AriensCo GmbH"},"image":{"@id":"https:\/\/www.ariens.eu\/ba\/#\/schema\/logo\/image\/"}}]}},"_links":{"self":[{"href":"https:\/\/www.ariens.eu\/ba\/wp-json\/wp\/v2\/product\/2340","targetHints":{"allow":["GET"]}}],"collection":[{"href":"https:\/\/www.ariens.eu\/ba\/wp-json\/wp\/v2\/product"}],"about":[{"href":"https:\/\/www.ariens.eu\/ba\/wp-json\/wp\/v2\/types\/product"}],"replies":[{"embeddable":true,"href":"https:\/\/www.ariens.eu\/ba\/wp-json\/wp\/v2\/comments?post=2340"}],"wp:featuredmedia":[{"embeddable":true,"href":"https:\/\/www.ariens.eu\/ba\/wp-json\/wp\/v2\/media\/2664"}],"wp:attachment":[{"href":"https:\/\/www.ariens.eu\/ba\/wp-json\/wp\/v2\/media?parent=2340"}],"wp:term":[{"taxonomy":"product_brand","embeddable":true,"href":"https:\/\/www.ariens.eu\/ba\/wp-json\/wp\/v2\/product_brand?post=2340"},{"taxonomy":"product_cat","embeddable":true,"href":"https:\/\/www.ariens.eu\/ba\/wp-json\/wp\/v2\/product_cat?post=2340"},{"taxonomy":"product_tag","embeddable":true,"href":"https:\/\/www.ariens.eu\/ba\/wp-json\/wp\/v2\/product_tag?post=2340"}],"curies":[{"name":"wp","href":"https:\/\/api.w.org\/{rel}","templated":true}]}}