{"id":4590,"date":"2024-08-23T12:50:04","date_gmt":"2024-08-23T11:50:04","guid":{"rendered":"https:\/\/www.ariens.eu\/?post_type=product&#038;p=4590"},"modified":"2026-05-06T13:11:54","modified_gmt":"2026-05-06T12:11:54","slug":"komplet-za-osvetljenje-za-homologaciju-na-cestama","status":"publish","type":"product","link":"https:\/\/www.ariens.eu\/ba\/product\/accessories\/zero-turn-accessories\/komplet-za-osvetljenje-za-homologaciju-na-cestama","title":{"rendered":"Komplet za osvetljenje za homologaciju na cestama"},"content":{"rendered":"<div class=\"acfd-block acfd-block__headline container-fluid px-0 bg-default\">\n<div class=\"acfd-headline\" >\n<h2 class='h2 text-left li_black'>Vidite i budite vidljivi sigurno sa novim Ariens kompletom za osvetljenje za homologaciju na cestama.<\/h2>\n<\/p><\/div>\n<\/div>\n<div class=\"acfd-block acfd-block__text container-fluid px-0 bg-default\">\n<div class=\"acfd-text li_black\">\n<p>Kori\u0161\u0107enje op\u0161tinskih traktora za kosjenje trave i ma\u0161ina za kosjenje sa nulom preokreta zahtijeva upotrebu opreme homologovane za saobra\u0107aj na cestama prilikom prelaska izme\u0111u podru\u010dja za kosjenje i prilikom kori\u0161\u0107enja javnih staza i puteva.<\/p>\n<\/div>\n<\/div>\n<div class=\"acfd-block acfd-block__headline mt-asm-3 container-fluid px-0 bg-default\">\n<div class=\"acfd-headline\" >\n<h2 class='h2 text-left li_black'>Glavni elementi Ariens kompleta za osvetljenje za homologaciju na cestama su:<\/h2>\n<\/p><\/div>\n<\/div>\n<div class=\"acfd-block acfd-block__text container-fluid px-0 bg-default\">\n<div class=\"acfd-text li_black\">\n<ul>\n<li>Jedinica za upravljanje i kontrolu u vidnom polju voza\u010da, na kontrolnoj polugi<\/li>\n<li>Puni sistem osvetljenja na prednjoj i zadnjoj strani sa ECE oznakom<\/li>\n<li>Prednji i zadnji pokaziva\u010di pravca<\/li>\n<li>Dr\u017ea\u010d registracione tablice<\/li>\n<li>Osvetljenje registracione tablice<\/li>\n<li>Znak za brzinu<\/li>\n<li>Upozoravaju\u0107e svetlo<\/li>\n<li>Reflektori<\/li>\n<li>Zvu\u010dni signal<\/li>\n<\/ul>\n<\/div>\n<\/div>\n<div class=\"acfd-block acfd-block__twocolumns container-fluid px-0 bg-default\">\n<div class=\"acfd-twocolumns\">\n<div class=\"row\">\n<div class='col-lg-12 mb-4 '>\n<div class=\"acfd-product-advantages--wrapper\">\n<h2 class=\"h1 bigger text-color-black text-center mb-5\">\n        Features &#038; Benefits    <\/h2>\n<div class=\"acfd-product-advantages\">\n<div class=\"row\">\n<div class=\"col-md-6 mb-4 content\">\n                    <span class=\"d-block h5 text-color-brand mb-1\">Dostupnost modela<\/span><\/p>\n<p>Komplet za homologaciju za cestu dostupan je samo za serije modela Ariens ZENITH i ZENITH E.<\/p>\n<\/p><\/div>\n<div class=\"col-md-6 mb4 image\"  style=\"background-image:url(https:\/\/www.ariens.eu\/ba\/wp-content\/uploads\/sites\/21\/2024\/08\/stvzo-lichtkit-models.png)\">\n                <\/div>\n<\/p><\/div>\n<div class=\"row\">\n<div class=\"col-md-6 mb-4 content\">\n                    <span class=\"d-block h5 text-color-brand mb-1\">Instalacija \/ Retrofiting<\/span><\/p>\n<p>Sistem osvjetljenja za homologaciju cesta retrofituje specijalizirani dilera. Vrijeme instalacije je oko 5 sati. Putni komplet nije ponu\u0111en kao standard.<\/p>\n<\/p><\/div>\n<div class=\"col-md-6 mb4 image\"  style=\"background-image:url(https:\/\/www.ariens.eu\/ba\/wp-content\/uploads\/sites\/21\/2024\/08\/stvzo-lichtkit-assembly.png)\">\n                <\/div>\n<\/p><\/div>\n<div class=\"row\">\n<div class=\"col-md-6 mb-4 content\">\n                    <span class=\"d-block h5 text-color-brand mb-1\">Odobrenje u Njema\u010dkoj:<\/span><\/p>\n<p>Slu\u017ebeno T\u00dcV odobrenje i uzorak certifikata olak\u0161avaju trgovcu provodenje inspekcije u lokalnom centru za tehni\u010dke preglede.<\/p>\n<\/p><\/div>\n<div class=\"col-md-6 mb4 image\"  style=\"background-image:url(https:\/\/www.ariens.eu\/ba\/wp-content\/uploads\/sites\/21\/2024\/08\/stvzo-lichtkit-tuev-logo.png)\">\n                <\/div>\n<\/p><\/div>\n<div class=\"row\">\n<div class=\"col-md-6 mb-4 content\">\n                    <span class=\"d-block h5 text-color-brand mb-1\">Odobrenje u Evropi:<\/span><\/p>\n<p>U Evropi, svaka zemlja izdaje svoje nacionalne propise i zakone o saobra\u0107aju na putevima. ECE oznaka Ariens seta za osvjetljenje putem je prihva\u0107ena u svakoj evropskoj zemlji. Sigurnost na putevima mo\u017ee se tada garantovati i u drugim zemljama putem individualnog odobrenja.<\/p>\n<\/p><\/div>\n<div class=\"col-md-6 mb4 image\"  style=\"background-image:url(https:\/\/www.ariens.eu\/ba\/wp-content\/uploads\/sites\/21\/2024\/08\/stvzo-lichtkit-ece-logo.png)\">\n                <\/div>\n<\/p><\/div>\n<\/p><\/div>\n<\/div><\/div>\n<div class='col-lg'>                    <\/div>\n<\/p><\/div>\n<\/div>\n<\/div>\n","protected":false},"excerpt":{"rendered":"<p>Vidite i budite vidljivi sigurno sa novim Ariens kompletom za osvetljenje za homologaciju na cestama. Kori\u0161\u0107enje op\u0161tinskih traktora za kosjenje trave i ma\u0161ina za kosjenje sa nulom preokreta zahtijeva upotrebu opreme homologovane za saobra\u0107aj na cestama prilikom prelaska izme\u0111u podru\u010dja za kosjenje i prilikom kori\u0161\u0107enja javnih staza i puteva. Glavni elementi Ariens kompleta za osvetljenje [&hellip;]<\/p>\n","protected":false},"featured_media":4599,"comment_status":"open","ping_status":"closed","template":"","meta":{"_acf_changed":false,"_relevanssi_hide_post":"","_relevanssi_hide_content":"","_relevanssi_pin_for_all":"","_relevanssi_pin_keywords":"","_relevanssi_unpin_keywords":"","_relevanssi_related_keywords":"","_relevanssi_related_include_ids":"","_relevanssi_related_exclude_ids":"","_relevanssi_related_no_append":"","_relevanssi_related_not_related":"","_relevanssi_related_posts":"","_relevanssi_noindex_reason":""},"product_brand":[],"product_cat":[15],"product_tag":[],"class_list":{"0":"post-4590","1":"product","2":"type-product","3":"status-publish","4":"has-post-thumbnail","6":"product_variant-accessories","7":"product_variant-zero-turn-accessories","8":"product_variant-zero-turn-e-accessories","9":"product_usage_areas-municipalities-building-yards","10":"product_usage_areas-service-providers","12":"first","13":"instock","14":"shipping-taxable","15":"product-type-simple"},"acf":[],"yoast_head":"<!-- This site is optimized with the Yoast SEO plugin v27.3 - https:\/\/yoast.com\/product\/yoast-seo-wordpress\/ -->\n<title>Komplet za osvetljenje za homologaciju na cestama - Ariens | EMEAA<\/title>\n<meta name=\"description\" content=\"See and be seen safely with the new Ariens road homologation lighting kit. The municipal use of lawn tractors and zeroturns requires the use of road homologated equipment when switching between mowing areas and when using public paths and roads.\" \/>\n<meta name=\"robots\" content=\"noindex, follow, max-snippet:-1, max-image-preview:large, max-video-preview:-1\" \/>\n<meta property=\"og:locale\" content=\"bs_BA\" \/>\n<meta property=\"og:type\" content=\"article\" \/>\n<meta property=\"og:title\" content=\"Komplet za osvetljenje za homologaciju na cestama - Ariens | EMEAA\" \/>\n<meta property=\"og:description\" content=\"See and be seen safely with the new Ariens road homologation lighting kit. The municipal use of lawn tractors and zeroturns requires the use of road homologated equipment when switching between mowing areas and when using public paths and roads.\" \/>\n<meta property=\"og:url\" content=\"https:\/\/www.ariens.eu\/ba\/product\/accessories\/zero-turn-accessories\/komplet-za-osvetljenje-za-homologaciju-na-cestama\/\" \/>\n<meta property=\"og:site_name\" content=\"Ariens | EMEAA\" \/>\n<meta property=\"article:modified_time\" content=\"2026-05-06T12:11:54+00:00\" \/>\n<meta property=\"og:image\" content=\"https:\/\/www.ariens.eu\/ba\/wp-content\/uploads\/sites\/21\/2024\/08\/stvzo-lichtkit-attachement-1.png\" \/>\n\t<meta property=\"og:image:width\" content=\"4418\" \/>\n\t<meta property=\"og:image:height\" content=\"3196\" \/>\n\t<meta property=\"og:image:type\" content=\"image\/png\" \/>\n<meta name=\"twitter:card\" content=\"summary_large_image\" \/>\n<meta name=\"twitter:label1\" content=\"Est. reading time\" \/>\n\t<meta name=\"twitter:data1\" content=\"2 minute\" \/>\n<script type=\"application\/ld+json\" class=\"yoast-schema-graph\">{\"@context\":\"https:\\\/\\\/schema.org\",\"@graph\":[{\"@type\":\"WebPage\",\"@id\":\"https:\\\/\\\/www.ariens.eu\\\/ba\\\/product\\\/accessories\\\/zero-turn-accessories\\\/komplet-za-osvetljenje-za-homologaciju-na-cestama\\\/\",\"url\":\"https:\\\/\\\/www.ariens.eu\\\/ba\\\/product\\\/accessories\\\/zero-turn-accessories\\\/komplet-za-osvetljenje-za-homologaciju-na-cestama\\\/\",\"name\":\"Komplet za osvetljenje za homologaciju na cestama - Ariens | EMEAA\",\"isPartOf\":{\"@id\":\"https:\\\/\\\/www.ariens.eu\\\/ba\\\/#website\"},\"primaryImageOfPage\":{\"@id\":\"https:\\\/\\\/www.ariens.eu\\\/ba\\\/product\\\/accessories\\\/zero-turn-accessories\\\/komplet-za-osvetljenje-za-homologaciju-na-cestama\\\/#primaryimage\"},\"image\":{\"@id\":\"https:\\\/\\\/www.ariens.eu\\\/ba\\\/product\\\/accessories\\\/zero-turn-accessories\\\/komplet-za-osvetljenje-za-homologaciju-na-cestama\\\/#primaryimage\"},\"thumbnailUrl\":\"https:\\\/\\\/www.ariens.eu\\\/ba\\\/wp-content\\\/uploads\\\/sites\\\/21\\\/2024\\\/08\\\/stvzo-lichtkit-attachement-1.png\",\"datePublished\":\"2024-08-23T11:50:04+00:00\",\"dateModified\":\"2026-05-06T12:11:54+00:00\",\"description\":\"See and be seen safely with the new Ariens road homologation lighting kit. The municipal use of lawn tractors and zeroturns requires the use of road homologated equipment when switching between mowing areas and when using public paths and roads.\",\"breadcrumb\":{\"@id\":\"https:\\\/\\\/www.ariens.eu\\\/ba\\\/product\\\/accessories\\\/zero-turn-accessories\\\/komplet-za-osvetljenje-za-homologaciju-na-cestama\\\/#breadcrumb\"},\"inLanguage\":\"bs-BA\",\"potentialAction\":[{\"@type\":\"ReadAction\",\"target\":[\"https:\\\/\\\/www.ariens.eu\\\/ba\\\/product\\\/accessories\\\/zero-turn-accessories\\\/komplet-za-osvetljenje-za-homologaciju-na-cestama\\\/\"]}]},{\"@type\":\"ImageObject\",\"inLanguage\":\"bs-BA\",\"@id\":\"https:\\\/\\\/www.ariens.eu\\\/ba\\\/product\\\/accessories\\\/zero-turn-accessories\\\/komplet-za-osvetljenje-za-homologaciju-na-cestama\\\/#primaryimage\",\"url\":\"https:\\\/\\\/www.ariens.eu\\\/ba\\\/wp-content\\\/uploads\\\/sites\\\/21\\\/2024\\\/08\\\/stvzo-lichtkit-attachement-1.png\",\"contentUrl\":\"https:\\\/\\\/www.ariens.eu\\\/ba\\\/wp-content\\\/uploads\\\/sites\\\/21\\\/2024\\\/08\\\/stvzo-lichtkit-attachement-1.png\",\"width\":4418,\"height\":3196},{\"@type\":\"BreadcrumbList\",\"@id\":\"https:\\\/\\\/www.ariens.eu\\\/ba\\\/product\\\/accessories\\\/zero-turn-accessories\\\/komplet-za-osvetljenje-za-homologaciju-na-cestama\\\/#breadcrumb\",\"itemListElement\":[{\"@type\":\"ListItem\",\"position\":1,\"name\":\"Home\",\"item\":\"https:\\\/\\\/www.ariens.eu\\\/ba\\\/\"},{\"@type\":\"ListItem\",\"position\":2,\"name\":\"Shop\",\"item\":\"https:\\\/\\\/www.ariens.eu\\\/ba\\\/shop\\\/\"},{\"@type\":\"ListItem\",\"position\":3,\"name\":\"Komplet za osvetljenje za homologaciju na cestama\"}]},{\"@type\":\"WebSite\",\"@id\":\"https:\\\/\\\/www.ariens.eu\\\/ba\\\/#website\",\"url\":\"https:\\\/\\\/www.ariens.eu\\\/ba\\\/\",\"name\":\"Ariens | EMEAA\",\"description\":\"Powerful and reliable zero-turn mowers &amp; snow blowers for professional users and demanding private customers\",\"publisher\":{\"@id\":\"https:\\\/\\\/www.ariens.eu\\\/ba\\\/#organization\"},\"potentialAction\":[{\"@type\":\"SearchAction\",\"target\":{\"@type\":\"EntryPoint\",\"urlTemplate\":\"https:\\\/\\\/www.ariens.eu\\\/ba\\\/?s={search_term_string}\"},\"query-input\":{\"@type\":\"PropertyValueSpecification\",\"valueRequired\":true,\"valueName\":\"search_term_string\"}}],\"inLanguage\":\"bs-BA\"},{\"@type\":\"Organization\",\"@id\":\"https:\\\/\\\/www.ariens.eu\\\/ba\\\/#organization\",\"name\":\"AriensCo GmbH\",\"url\":\"https:\\\/\\\/www.ariens.eu\\\/ba\\\/\",\"logo\":{\"@type\":\"ImageObject\",\"inLanguage\":\"bs-BA\",\"@id\":\"https:\\\/\\\/www.ariens.eu\\\/ba\\\/#\\\/schema\\\/logo\\\/image\\\/\",\"url\":\"https:\\\/\\\/www.ariens.eu\\\/wp-content\\\/uploads\\\/2024\\\/11\\\/ariens-co-logo.jpg\",\"contentUrl\":\"https:\\\/\\\/www.ariens.eu\\\/wp-content\\\/uploads\\\/2024\\\/11\\\/ariens-co-logo.jpg\",\"width\":1000,\"height\":1000,\"caption\":\"AriensCo GmbH\"},\"image\":{\"@id\":\"https:\\\/\\\/www.ariens.eu\\\/ba\\\/#\\\/schema\\\/logo\\\/image\\\/\"}}]}<\/script>\n<!-- \/ Yoast SEO plugin. -->","yoast_head_json":{"title":"Komplet za osvetljenje za homologaciju na cestama - Ariens | EMEAA","description":"See and be seen safely with the new Ariens road homologation lighting kit. The municipal use of lawn tractors and zeroturns requires the use of road homologated equipment when switching between mowing areas and when using public paths and roads.","robots":{"index":"noindex","follow":"follow","max-snippet":"max-snippet:-1","max-image-preview":"max-image-preview:large","max-video-preview":"max-video-preview:-1"},"og_locale":"bs_BA","og_type":"article","og_title":"Komplet za osvetljenje za homologaciju na cestama - Ariens | EMEAA","og_description":"See and be seen safely with the new Ariens road homologation lighting kit. The municipal use of lawn tractors and zeroturns requires the use of road homologated equipment when switching between mowing areas and when using public paths and roads.","og_url":"https:\/\/www.ariens.eu\/ba\/product\/accessories\/zero-turn-accessories\/komplet-za-osvetljenje-za-homologaciju-na-cestama\/","og_site_name":"Ariens | EMEAA","article_modified_time":"2026-05-06T12:11:54+00:00","og_image":[{"width":4418,"height":3196,"url":"https:\/\/www.ariens.eu\/ba\/wp-content\/uploads\/sites\/21\/2024\/08\/stvzo-lichtkit-attachement-1.png","type":"image\/png"}],"twitter_card":"summary_large_image","twitter_misc":{"Est. reading time":"2 minute"},"schema":{"@context":"https:\/\/schema.org","@graph":[{"@type":"WebPage","@id":"https:\/\/www.ariens.eu\/ba\/product\/accessories\/zero-turn-accessories\/komplet-za-osvetljenje-za-homologaciju-na-cestama\/","url":"https:\/\/www.ariens.eu\/ba\/product\/accessories\/zero-turn-accessories\/komplet-za-osvetljenje-za-homologaciju-na-cestama\/","name":"Komplet za osvetljenje za homologaciju na cestama - Ariens | EMEAA","isPartOf":{"@id":"https:\/\/www.ariens.eu\/ba\/#website"},"primaryImageOfPage":{"@id":"https:\/\/www.ariens.eu\/ba\/product\/accessories\/zero-turn-accessories\/komplet-za-osvetljenje-za-homologaciju-na-cestama\/#primaryimage"},"image":{"@id":"https:\/\/www.ariens.eu\/ba\/product\/accessories\/zero-turn-accessories\/komplet-za-osvetljenje-za-homologaciju-na-cestama\/#primaryimage"},"thumbnailUrl":"https:\/\/www.ariens.eu\/ba\/wp-content\/uploads\/sites\/21\/2024\/08\/stvzo-lichtkit-attachement-1.png","datePublished":"2024-08-23T11:50:04+00:00","dateModified":"2026-05-06T12:11:54+00:00","description":"See and be seen safely with the new Ariens road homologation lighting kit. The municipal use of lawn tractors and zeroturns requires the use of road homologated equipment when switching between mowing areas and when using public paths and roads.","breadcrumb":{"@id":"https:\/\/www.ariens.eu\/ba\/product\/accessories\/zero-turn-accessories\/komplet-za-osvetljenje-za-homologaciju-na-cestama\/#breadcrumb"},"inLanguage":"bs-BA","potentialAction":[{"@type":"ReadAction","target":["https:\/\/www.ariens.eu\/ba\/product\/accessories\/zero-turn-accessories\/komplet-za-osvetljenje-za-homologaciju-na-cestama\/"]}]},{"@type":"ImageObject","inLanguage":"bs-BA","@id":"https:\/\/www.ariens.eu\/ba\/product\/accessories\/zero-turn-accessories\/komplet-za-osvetljenje-za-homologaciju-na-cestama\/#primaryimage","url":"https:\/\/www.ariens.eu\/ba\/wp-content\/uploads\/sites\/21\/2024\/08\/stvzo-lichtkit-attachement-1.png","contentUrl":"https:\/\/www.ariens.eu\/ba\/wp-content\/uploads\/sites\/21\/2024\/08\/stvzo-lichtkit-attachement-1.png","width":4418,"height":3196},{"@type":"BreadcrumbList","@id":"https:\/\/www.ariens.eu\/ba\/product\/accessories\/zero-turn-accessories\/komplet-za-osvetljenje-za-homologaciju-na-cestama\/#breadcrumb","itemListElement":[{"@type":"ListItem","position":1,"name":"Home","item":"https:\/\/www.ariens.eu\/ba\/"},{"@type":"ListItem","position":2,"name":"Shop","item":"https:\/\/www.ariens.eu\/ba\/shop\/"},{"@type":"ListItem","position":3,"name":"Komplet za osvetljenje za homologaciju na cestama"}]},{"@type":"WebSite","@id":"https:\/\/www.ariens.eu\/ba\/#website","url":"https:\/\/www.ariens.eu\/ba\/","name":"Ariens | EMEAA","description":"Powerful and reliable zero-turn mowers &amp; snow blowers for professional users and demanding private customers","publisher":{"@id":"https:\/\/www.ariens.eu\/ba\/#organization"},"potentialAction":[{"@type":"SearchAction","target":{"@type":"EntryPoint","urlTemplate":"https:\/\/www.ariens.eu\/ba\/?s={search_term_string}"},"query-input":{"@type":"PropertyValueSpecification","valueRequired":true,"valueName":"search_term_string"}}],"inLanguage":"bs-BA"},{"@type":"Organization","@id":"https:\/\/www.ariens.eu\/ba\/#organization","name":"AriensCo GmbH","url":"https:\/\/www.ariens.eu\/ba\/","logo":{"@type":"ImageObject","inLanguage":"bs-BA","@id":"https:\/\/www.ariens.eu\/ba\/#\/schema\/logo\/image\/","url":"https:\/\/www.ariens.eu\/wp-content\/uploads\/2024\/11\/ariens-co-logo.jpg","contentUrl":"https:\/\/www.ariens.eu\/wp-content\/uploads\/2024\/11\/ariens-co-logo.jpg","width":1000,"height":1000,"caption":"AriensCo GmbH"},"image":{"@id":"https:\/\/www.ariens.eu\/ba\/#\/schema\/logo\/image\/"}}]}},"_links":{"self":[{"href":"https:\/\/www.ariens.eu\/ba\/wp-json\/wp\/v2\/product\/4590","targetHints":{"allow":["GET"]}}],"collection":[{"href":"https:\/\/www.ariens.eu\/ba\/wp-json\/wp\/v2\/product"}],"about":[{"href":"https:\/\/www.ariens.eu\/ba\/wp-json\/wp\/v2\/types\/product"}],"replies":[{"embeddable":true,"href":"https:\/\/www.ariens.eu\/ba\/wp-json\/wp\/v2\/comments?post=4590"}],"wp:featuredmedia":[{"embeddable":true,"href":"https:\/\/www.ariens.eu\/ba\/wp-json\/wp\/v2\/media\/4599"}],"wp:attachment":[{"href":"https:\/\/www.ariens.eu\/ba\/wp-json\/wp\/v2\/media?parent=4590"}],"wp:term":[{"taxonomy":"product_brand","embeddable":true,"href":"https:\/\/www.ariens.eu\/ba\/wp-json\/wp\/v2\/product_brand?post=4590"},{"taxonomy":"product_cat","embeddable":true,"href":"https:\/\/www.ariens.eu\/ba\/wp-json\/wp\/v2\/product_cat?post=4590"},{"taxonomy":"product_tag","embeddable":true,"href":"https:\/\/www.ariens.eu\/ba\/wp-json\/wp\/v2\/product_tag?post=4590"}],"curies":[{"name":"wp","href":"https:\/\/api.w.org\/{rel}","templated":true}]}}