{"id":4682,"date":"2024-09-11T06:00:40","date_gmt":"2024-09-11T05:00:40","guid":{"rendered":"https:\/\/www.ariens.eu\/?post_type=product&#038;p=4682"},"modified":"2026-05-06T13:11:54","modified_gmt":"2026-05-06T12:11:54","slug":"ikon-42","status":"publish","type":"product","link":"https:\/\/www.ariens.eu\/ba\/product\/zero-turn-mowers\/ikon-series\/ikon-42","title":{"rendered":"IKON 42"},"content":{"rendered":"<div class=\"acfd-block acfd-block__headline mb-asm-1 container-fluid px-0 bg-default\">\n<div class=\"acfd-headline\" >\n<h2 class='h2 text-left li_black'>Kroz sumu detalja.<\/h2>\n<\/p><\/div>\n<\/div>\n<div class=\"acfd-block acfd-block__text container-fluid px-0 bg-default\">\n<div class=\"acfd-text li_black\">\n<p>Najnoviji i najbr\u017ei na\u010din za ko\u0161enje trave. Bez obzira koliko je va\u0161 vrt velik. Novi Ariens IKON postavlja nove standarde u pogledu obrasca rezanja, udobnosti i karakteristika.<\/p>\n<\/div>\n<\/div>\n<div class=\"acfd-block acfd-block__text mb-asm-2 container-fluid px-0 bg-default\">\n<div class=\"acfd-text li_black\">\n<p>Novi Ariens IKON je vi\u0161e od samo nov. Nije samo druga\u010diji od svog prethodnika. Novi IKON otvara novu klasu kosa\u010dica za privatne i poluprofesionalne korisnike.<\/p>\n<p>90. godi\u0161njica AriensCo-a pokrenula je reviziju porodice Ariens Ikon zero turn kosa\u010dica \u2013 sve nakupljeno iskustvo iz prethodnih godina ugra\u0111eno je u ovaj potpuno novi dizajn Ariens Ikona.<\/p>\n<p>Na\u0161i in\u017eenjeri dizajna su pregledali svaku komponentu. Ispitane i testirane komponente su zadr\u017eane, a sve ostalo je revidirano, pobolj\u0161ano ili obnovljeno. Novi Ariens IKON je te\u0161ko kategorizirati. On zamenjuje granicu izme\u0111u kosa\u010dice za privatne korisnike i profesionalne kosa\u010dice. Vode\u0107i dizajn i performanse u industriji \u0107e ga izdvojiti od ostalih. <strong>Otkrijte ga&#8230; za sebe!<\/strong><\/p>\n<\/div>\n<\/div>\n<div class=\"acfd-block acfd-block__category mb-asm-3 container-fluid px-0 bg-default\">\n<div class=\"acfd-product-categories\">\n<h2 class=\"text-left mb-3\">\n        Applications    <\/h2>\n<div class=\"product-categories_wrapper\">\n         <span\n                data-description=\"Are you a service provider, janitorial service or do you have to regularly maintain larger areas? Then a semi-professional machine offers you the performance and durability to reliably complete your mowing work.\"                class=\"product-category-single\"> Semi-Pro                <sup><i class=\"fa fa-info-circle\" aria-hidden=\"true\"><\/i><\/sup>            <\/span>  <span\n                data-description=\"Do you have a beautiful lawn in your garden or around your property? Do you want to maintain your lawn regularly from mid-March? Depending on the cutting width, our mowers can handle all garden sizes.\"                class=\"product-category-single\"> Private                <sup><i class=\"fa fa-info-circle\" aria-hidden=\"true\"><\/i><\/sup>            <\/span>  <span\n                data-description=\"Our mowers are equipped with high-quality Kawasaki<sup>&reg;<\/sup> or Ariens engines. They deliver above-average performance and reliability.\"                class=\"product-category-single\"> Petrol                <sup><i class=\"fa fa-info-circle\" aria-hidden=\"true\"><\/i><\/sup>            <\/span>  <span\n                data-description=\"When using a suitable mulching kit in your mower, the side discharge is no longer necessary. The clippings are finely shredded and evenly distributed to the rear of the lawn. Any fertilizer applied remains on the surface and the fine grass particles disappear almost invisibly into the lawn.\"                class=\"product-category-single\"> Optional mulching kit                <sup><i class=\"fa fa-info-circle\" aria-hidden=\"true\"><\/i><\/sup>            <\/span>  <span\n                data-description=\"Ariens ride-on mowers offer a high level of comfort. We use high-quality seats from the entry-level model upwards. Ample legroom and ergonomic controls are standard.\"                class=\"product-category-single\"> Ride-On (sitting)                <sup><i class=\"fa fa-info-circle\" aria-hidden=\"true\"><\/i><\/sup>            <\/span>  <span\n                data-description=\"With the APEX and ZENITH models, you have the choice between side discharge and rear discharge mower decks. A side discharge mower deck ejects the clippings via a side opening and a deflector. The powerful airflow then distributes it over a large area. An optional mulching kit can be installed in side discharge mower decks. When a mulching kit is used, the clippings are finely shredded and ejected to the rear. The side discharge and deflector are then closed or removed.\"                class=\"product-category-single\"> Side discharge                <sup><i class=\"fa fa-info-circle\" aria-hidden=\"true\"><\/i><\/sup>            <\/span>  <span\n                data-description=\"Alle Ariens-pl\u00e6neklippere er velegnede til flade gr\u00e6spl\u00e6ner. V\u00e6lg din klippebredde i henhold til st\u00f8rrelsen p\u00e5 dit omr\u00e5de og eventuelle begr\u00e6nsende smalle omr\u00e5der.\"                class=\"product-category-single\"> Fladt terr\u00e6n                <sup><i class=\"fa fa-info-circle\" aria-hidden=\"true\"><\/i><\/sup>            <\/span>  <span\n                data-description=\"Ariens-pl\u00e6neklippere klarer sig godt p\u00e5 uj\u00e6vnt terr\u00e6n. Til uj\u00e6vnt terr\u00e6n skal du v\u00e6lge smallere klippeaggregater for at opn\u00e5 et mere ensartet klippem\u00f8nster.\"                class=\"product-category-single\"> Uj\u00e6vnt terr\u00e6n                <sup><i class=\"fa fa-info-circle\" aria-hidden=\"true\"><\/i><\/sup>            <\/span>  <span\n                data-description=\"Det anbefales \u00e5 velge en maskin med brede hjul. Ikke overskrid den angitte sikkerhetsgrensen p\u00e5 15\u00b0 helling for sitteklippere og 20\u00b0 for st\u00e5ende klippere. P\u00e5 ujevnt terreng b\u00f8r du velge et smalere klippeaggregat for et mer jevnt klipperesultat. ZENITH-modellen leveres med veltesikring (ROPS) som standard, og dette kan ettermonteres p\u00e5 APEX.\"                class=\"product-category-single\"> Kupert terreng                <sup><i class=\"fa fa-info-circle\" aria-hidden=\"true\"><\/i><\/sup>            <\/span>  <span\n                data-description=\"Mowing decks 132 cm and 152 cm wide are used effectively on large areas.\"                class=\"product-category-single\"> Large areas                <sup><i class=\"fa fa-info-circle\" aria-hidden=\"true\"><\/i><\/sup>            <\/span>     <\/div>\n<\/div>\n<\/div>\n<div class=\"acfd-block acfd-block__media mb-asm-1 container-fluid px-0 bg-default\">\n<div class=\"acfd-media\">\n<div class=\"initial-hidden\" data-type=\"youtube\" data-video-id=\"https:\/\/www.youtube.com\/watch?v=hUcrbaaPg1c\"\n                        data-autoplay=\"false\"><\/div>\n<div class=\"bg-16-9 media-placeholder-content-wrapper\">\n<div class=\"media-thumbnail-description media-embed-wrapper\">\n<div class=\"description-wrapper\">\n                                    To view this video, please accept cookies from external media                                    <\/p>\n<div class=\"consent-configuration-wrapper\">\n                                        <button id=\"liOpenCookieSettings\" class=\"li-open-cookie-settings\">Change Cookie Preferences<\/button>                                    <\/div>\n<\/p><\/div>\n<\/p><\/div>\n<div class=\"media-embed-wrapper\">\n                                <img decoding=\"async\" src=\"https:\/\/img.youtube.com\/vi\/hUcrbaaPg1c\/0.jpg\" alt=\"Youtube Video Thumbnail\"\/>\n                            <\/div>\n<\/p><\/div>\n<\/p><\/div>\n<\/div>\n<div class=\"acfd-block acfd-block__twocolumns container-fluid px-0 bg-default\">\n<div class=\"acfd-twocolumns\">\n<div class=\"row\">\n<div class='col-lg-12 mb-4 '>\n<div class=\"acfd-product-advantages--wrapper\">\n<h2 class=\"h1 bigger text-color-black text-center mb-5\">\n        Features &#038; Benefits    <\/h2>\n<div class=\"acfd-product-advantages\">\n<div class=\"row\">\n<div class=\"col-md-6 mb-4 content\">\n                    <span class=\"d-block h5 text-color-brand mb-1\">Stabilnost i trajnost:<\/span><\/p>\n<p>Kao i profesionalna serija, IKON ima potpuno zavareni cijevni okvir.<\/p>\n<\/p><\/div>\n<div class=\"col-md-6 mb4 image\"  style=\"background-image:url(https:\/\/www.ariens.eu\/ba\/wp-content\/uploads\/sites\/21\/2024\/08\/tubular-frame-ikon.png)\">\n                <\/div>\n<\/p><\/div>\n<div class=\"row\">\n<div class=\"col-md-6 mb-4 content\">\n                    <span class=\"d-block h5 text-color-brand mb-1\">Rezerve snage i pouzdanost<\/span><\/p>\n<p>Kawasaki<sup>&reg;<\/sup> FR serija motora na IKON-u je najvi\u0161i benchmark u svojoj klasi. Pru\u017ea snagu i performanse potrebne u najte\u017eim uslovima.<\/p>\n<\/p><\/div>\n<div class=\"col-md-6 mb4 image\"  style=\"background-image:url(https:\/\/www.ariens.eu\/ba\/wp-content\/uploads\/sites\/21\/2024\/08\/kawasaki-engine.png)\">\n                <\/div>\n<\/p><\/div>\n<div class=\"row\">\n<div class=\"col-md-6 mb-4 content\">\n                    <span class=\"d-block h5 text-color-brand mb-1\">Pogon to\u010dkova bez brige<\/span><\/p>\n<p>Dva odvojena hidrostati\u010dka motora to\u010dkova EZT<sup>&reg;<\/sup> od HYDRO-GEAR<sup>&reg;<\/sup>-a ne zahtijevaju odr\u017eavanje i jam\u010de glatko vo\u017enju.<\/p>\n<\/p><\/div>\n<div class=\"col-md-6 mb4 image\"  style=\"background-image:url(https:\/\/www.ariens.eu\/ba\/wp-content\/uploads\/sites\/21\/2024\/08\/hydro-gear.png)\">\n                <\/div>\n<\/p><\/div>\n<div class=\"row\">\n<div class=\"col-md-6 mb-4 content\">\n                    <span class=\"d-block h5 text-color-brand mb-1\">Nova ENVY ko\u0161ilica<\/span><\/p>\n<p>Ko\u0161ioni\u010dka je najoptere\u0107enija komponenta ko\u0161ilice. Stabilnost je ovdje posebno va\u017ena: Nova ENVY ko\u0161ioni\u010dka ima pobolj\u0161an protok zraka i pove\u0107an izduv. Le\u017ee\u0107a trava se podi\u017ee vi\u0161e i savr\u0161eno se re\u017ee. Sa 4-to\u010dka\u010dkim ovjesom za trajno pri\u010dvr\u0161\u0107ivanje i paralelizam. Osim toga, o\u0161trice od kovanog aluminija. Hla\u0111enje i otpornije na udare i vibracije od lijevanih vretena. Standardno u toku sezone 2025 na APEX i ZENITH &amp; the new IKON.<\/p>\n<\/p><\/div>\n<div class=\"col-md-6 mb4 image\"  style=\"background-image:url(https:\/\/www.ariens.eu\/ba\/wp-content\/uploads\/sites\/21\/2024\/08\/envy-deck-52.png)\">\n                <\/div>\n<\/p><\/div>\n<\/p><\/div>\n<\/div><\/div>\n<div class='col-lg'>                    <\/div>\n<\/p><\/div>\n<\/div>\n<\/div>\n","protected":false},"excerpt":{"rendered":"<p>Najnoviji i najbr\u017ei na\u010din za ko\u0161enje trave. Bez obzira koliko je va\u0161 vrt velik. Novi Ariens IKON postavlja nove standarde u pogledu obrasca rezanja, udobnosti i karakteristika.<\/p>\n","protected":false},"featured_media":4683,"comment_status":"open","ping_status":"closed","template":"","meta":{"_acf_changed":false,"_relevanssi_hide_post":"","_relevanssi_hide_content":"","_relevanssi_pin_for_all":"","_relevanssi_pin_keywords":"","_relevanssi_unpin_keywords":"","_relevanssi_related_keywords":"","_relevanssi_related_include_ids":"","_relevanssi_related_exclude_ids":"","_relevanssi_related_no_append":"","_relevanssi_related_not_related":"","_relevanssi_related_posts":"","_relevanssi_noindex_reason":""},"product_brand":[],"product_cat":[15],"product_tag":[],"class_list":{"0":"post-4682","1":"product","2":"type-product","3":"status-publish","4":"has-post-thumbnail","6":"product_variant-ikon-series","7":"product_usage_areas-janitorial-services","8":"product_usage_areas-leisure-facilities","9":"product_usage_areas-municipalities-building-yards","10":"product_usage_areas-service-providers","12":"first","13":"instock","14":"shipping-taxable","15":"product-type-simple"},"acf":[],"yoast_head":"<!-- This site is optimized with the Yoast SEO plugin v27.3 - https:\/\/yoast.com\/product\/yoast-seo-wordpress\/ -->\n<title>IKON 42 - Ariens | EMEAA<\/title>\n<meta name=\"description\" content=\"The newest and fastest way to mow your lawn. No matter how big your garden is. The new Ariens IKON sets new standards in terms of cutting pattern, comfort and features.\" \/>\n<meta name=\"robots\" content=\"noindex, follow, max-snippet:-1, max-image-preview:large, max-video-preview:-1\" \/>\n<meta property=\"og:locale\" content=\"bs_BA\" \/>\n<meta property=\"og:type\" content=\"article\" \/>\n<meta property=\"og:title\" content=\"IKON 42 - Ariens | EMEAA\" \/>\n<meta property=\"og:description\" content=\"The newest and fastest way to mow your lawn. No matter how big your garden is. The new Ariens IKON sets new standards in terms of cutting pattern, comfort and features.\" \/>\n<meta property=\"og:url\" content=\"https:\/\/www.ariens.eu\/ba\/product\/zero-turn-mowers\/ikon-series\/ikon-42\/\" \/>\n<meta property=\"og:site_name\" content=\"Ariens | EMEAA\" \/>\n<meta property=\"article:modified_time\" content=\"2026-05-06T12:11:54+00:00\" \/>\n<meta property=\"og:image\" content=\"https:\/\/www.ariens.eu\/ba\/wp-content\/uploads\/sites\/21\/2024\/09\/ariens-ikon-42-sd.png\" \/>\n\t<meta property=\"og:image:width\" content=\"1008\" \/>\n\t<meta property=\"og:image:height\" content=\"750\" \/>\n\t<meta property=\"og:image:type\" content=\"image\/png\" \/>\n<meta name=\"twitter:card\" content=\"summary_large_image\" \/>\n<meta name=\"twitter:label1\" content=\"Est. reading time\" \/>\n\t<meta name=\"twitter:data1\" content=\"3 minute\" \/>\n<script type=\"application\/ld+json\" class=\"yoast-schema-graph\">{\"@context\":\"https:\\\/\\\/schema.org\",\"@graph\":[{\"@type\":\"WebPage\",\"@id\":\"https:\\\/\\\/www.ariens.eu\\\/ba\\\/product\\\/zero-turn-mowers\\\/ikon-series\\\/ikon-42\\\/\",\"url\":\"https:\\\/\\\/www.ariens.eu\\\/ba\\\/product\\\/zero-turn-mowers\\\/ikon-series\\\/ikon-42\\\/\",\"name\":\"IKON 42 - Ariens | EMEAA\",\"isPartOf\":{\"@id\":\"https:\\\/\\\/www.ariens.eu\\\/ba\\\/#website\"},\"primaryImageOfPage\":{\"@id\":\"https:\\\/\\\/www.ariens.eu\\\/ba\\\/product\\\/zero-turn-mowers\\\/ikon-series\\\/ikon-42\\\/#primaryimage\"},\"image\":{\"@id\":\"https:\\\/\\\/www.ariens.eu\\\/ba\\\/product\\\/zero-turn-mowers\\\/ikon-series\\\/ikon-42\\\/#primaryimage\"},\"thumbnailUrl\":\"https:\\\/\\\/www.ariens.eu\\\/ba\\\/wp-content\\\/uploads\\\/sites\\\/21\\\/2024\\\/09\\\/ariens-ikon-42-sd.png\",\"datePublished\":\"2024-09-11T05:00:40+00:00\",\"dateModified\":\"2026-05-06T12:11:54+00:00\",\"description\":\"The newest and fastest way to mow your lawn. No matter how big your garden is. The new Ariens IKON sets new standards in terms of cutting pattern, comfort and features.\",\"breadcrumb\":{\"@id\":\"https:\\\/\\\/www.ariens.eu\\\/ba\\\/product\\\/zero-turn-mowers\\\/ikon-series\\\/ikon-42\\\/#breadcrumb\"},\"inLanguage\":\"bs-BA\",\"potentialAction\":[{\"@type\":\"ReadAction\",\"target\":[\"https:\\\/\\\/www.ariens.eu\\\/ba\\\/product\\\/zero-turn-mowers\\\/ikon-series\\\/ikon-42\\\/\"]}]},{\"@type\":\"ImageObject\",\"inLanguage\":\"bs-BA\",\"@id\":\"https:\\\/\\\/www.ariens.eu\\\/ba\\\/product\\\/zero-turn-mowers\\\/ikon-series\\\/ikon-42\\\/#primaryimage\",\"url\":\"https:\\\/\\\/www.ariens.eu\\\/ba\\\/wp-content\\\/uploads\\\/sites\\\/21\\\/2024\\\/09\\\/ariens-ikon-42-sd.png\",\"contentUrl\":\"https:\\\/\\\/www.ariens.eu\\\/ba\\\/wp-content\\\/uploads\\\/sites\\\/21\\\/2024\\\/09\\\/ariens-ikon-42-sd.png\",\"width\":1008,\"height\":750},{\"@type\":\"BreadcrumbList\",\"@id\":\"https:\\\/\\\/www.ariens.eu\\\/ba\\\/product\\\/zero-turn-mowers\\\/ikon-series\\\/ikon-42\\\/#breadcrumb\",\"itemListElement\":[{\"@type\":\"ListItem\",\"position\":1,\"name\":\"Home\",\"item\":\"https:\\\/\\\/www.ariens.eu\\\/ba\\\/\"},{\"@type\":\"ListItem\",\"position\":2,\"name\":\"Shop\",\"item\":\"https:\\\/\\\/www.ariens.eu\\\/ba\\\/shop\\\/\"},{\"@type\":\"ListItem\",\"position\":3,\"name\":\"IKON 42\"}]},{\"@type\":\"WebSite\",\"@id\":\"https:\\\/\\\/www.ariens.eu\\\/ba\\\/#website\",\"url\":\"https:\\\/\\\/www.ariens.eu\\\/ba\\\/\",\"name\":\"Ariens | EMEAA\",\"description\":\"Powerful and reliable zero-turn mowers &amp; snow blowers for professional users and demanding private customers\",\"publisher\":{\"@id\":\"https:\\\/\\\/www.ariens.eu\\\/ba\\\/#organization\"},\"potentialAction\":[{\"@type\":\"SearchAction\",\"target\":{\"@type\":\"EntryPoint\",\"urlTemplate\":\"https:\\\/\\\/www.ariens.eu\\\/ba\\\/?s={search_term_string}\"},\"query-input\":{\"@type\":\"PropertyValueSpecification\",\"valueRequired\":true,\"valueName\":\"search_term_string\"}}],\"inLanguage\":\"bs-BA\"},{\"@type\":\"Organization\",\"@id\":\"https:\\\/\\\/www.ariens.eu\\\/ba\\\/#organization\",\"name\":\"AriensCo GmbH\",\"url\":\"https:\\\/\\\/www.ariens.eu\\\/ba\\\/\",\"logo\":{\"@type\":\"ImageObject\",\"inLanguage\":\"bs-BA\",\"@id\":\"https:\\\/\\\/www.ariens.eu\\\/ba\\\/#\\\/schema\\\/logo\\\/image\\\/\",\"url\":\"https:\\\/\\\/www.ariens.eu\\\/wp-content\\\/uploads\\\/2024\\\/11\\\/ariens-co-logo.jpg\",\"contentUrl\":\"https:\\\/\\\/www.ariens.eu\\\/wp-content\\\/uploads\\\/2024\\\/11\\\/ariens-co-logo.jpg\",\"width\":1000,\"height\":1000,\"caption\":\"AriensCo GmbH\"},\"image\":{\"@id\":\"https:\\\/\\\/www.ariens.eu\\\/ba\\\/#\\\/schema\\\/logo\\\/image\\\/\"}}]}<\/script>\n<!-- \/ Yoast SEO plugin. -->","yoast_head_json":{"title":"IKON 42 - Ariens | EMEAA","description":"The newest and fastest way to mow your lawn. No matter how big your garden is. The new Ariens IKON sets new standards in terms of cutting pattern, comfort and features.","robots":{"index":"noindex","follow":"follow","max-snippet":"max-snippet:-1","max-image-preview":"max-image-preview:large","max-video-preview":"max-video-preview:-1"},"og_locale":"bs_BA","og_type":"article","og_title":"IKON 42 - Ariens | EMEAA","og_description":"The newest and fastest way to mow your lawn. No matter how big your garden is. The new Ariens IKON sets new standards in terms of cutting pattern, comfort and features.","og_url":"https:\/\/www.ariens.eu\/ba\/product\/zero-turn-mowers\/ikon-series\/ikon-42\/","og_site_name":"Ariens | EMEAA","article_modified_time":"2026-05-06T12:11:54+00:00","og_image":[{"width":1008,"height":750,"url":"https:\/\/www.ariens.eu\/ba\/wp-content\/uploads\/sites\/21\/2024\/09\/ariens-ikon-42-sd.png","type":"image\/png"}],"twitter_card":"summary_large_image","twitter_misc":{"Est. reading time":"3 minute"},"schema":{"@context":"https:\/\/schema.org","@graph":[{"@type":"WebPage","@id":"https:\/\/www.ariens.eu\/ba\/product\/zero-turn-mowers\/ikon-series\/ikon-42\/","url":"https:\/\/www.ariens.eu\/ba\/product\/zero-turn-mowers\/ikon-series\/ikon-42\/","name":"IKON 42 - Ariens | EMEAA","isPartOf":{"@id":"https:\/\/www.ariens.eu\/ba\/#website"},"primaryImageOfPage":{"@id":"https:\/\/www.ariens.eu\/ba\/product\/zero-turn-mowers\/ikon-series\/ikon-42\/#primaryimage"},"image":{"@id":"https:\/\/www.ariens.eu\/ba\/product\/zero-turn-mowers\/ikon-series\/ikon-42\/#primaryimage"},"thumbnailUrl":"https:\/\/www.ariens.eu\/ba\/wp-content\/uploads\/sites\/21\/2024\/09\/ariens-ikon-42-sd.png","datePublished":"2024-09-11T05:00:40+00:00","dateModified":"2026-05-06T12:11:54+00:00","description":"The newest and fastest way to mow your lawn. No matter how big your garden is. The new Ariens IKON sets new standards in terms of cutting pattern, comfort and features.","breadcrumb":{"@id":"https:\/\/www.ariens.eu\/ba\/product\/zero-turn-mowers\/ikon-series\/ikon-42\/#breadcrumb"},"inLanguage":"bs-BA","potentialAction":[{"@type":"ReadAction","target":["https:\/\/www.ariens.eu\/ba\/product\/zero-turn-mowers\/ikon-series\/ikon-42\/"]}]},{"@type":"ImageObject","inLanguage":"bs-BA","@id":"https:\/\/www.ariens.eu\/ba\/product\/zero-turn-mowers\/ikon-series\/ikon-42\/#primaryimage","url":"https:\/\/www.ariens.eu\/ba\/wp-content\/uploads\/sites\/21\/2024\/09\/ariens-ikon-42-sd.png","contentUrl":"https:\/\/www.ariens.eu\/ba\/wp-content\/uploads\/sites\/21\/2024\/09\/ariens-ikon-42-sd.png","width":1008,"height":750},{"@type":"BreadcrumbList","@id":"https:\/\/www.ariens.eu\/ba\/product\/zero-turn-mowers\/ikon-series\/ikon-42\/#breadcrumb","itemListElement":[{"@type":"ListItem","position":1,"name":"Home","item":"https:\/\/www.ariens.eu\/ba\/"},{"@type":"ListItem","position":2,"name":"Shop","item":"https:\/\/www.ariens.eu\/ba\/shop\/"},{"@type":"ListItem","position":3,"name":"IKON 42"}]},{"@type":"WebSite","@id":"https:\/\/www.ariens.eu\/ba\/#website","url":"https:\/\/www.ariens.eu\/ba\/","name":"Ariens | EMEAA","description":"Powerful and reliable zero-turn mowers &amp; snow blowers for professional users and demanding private customers","publisher":{"@id":"https:\/\/www.ariens.eu\/ba\/#organization"},"potentialAction":[{"@type":"SearchAction","target":{"@type":"EntryPoint","urlTemplate":"https:\/\/www.ariens.eu\/ba\/?s={search_term_string}"},"query-input":{"@type":"PropertyValueSpecification","valueRequired":true,"valueName":"search_term_string"}}],"inLanguage":"bs-BA"},{"@type":"Organization","@id":"https:\/\/www.ariens.eu\/ba\/#organization","name":"AriensCo GmbH","url":"https:\/\/www.ariens.eu\/ba\/","logo":{"@type":"ImageObject","inLanguage":"bs-BA","@id":"https:\/\/www.ariens.eu\/ba\/#\/schema\/logo\/image\/","url":"https:\/\/www.ariens.eu\/wp-content\/uploads\/2024\/11\/ariens-co-logo.jpg","contentUrl":"https:\/\/www.ariens.eu\/wp-content\/uploads\/2024\/11\/ariens-co-logo.jpg","width":1000,"height":1000,"caption":"AriensCo GmbH"},"image":{"@id":"https:\/\/www.ariens.eu\/ba\/#\/schema\/logo\/image\/"}}]}},"_links":{"self":[{"href":"https:\/\/www.ariens.eu\/ba\/wp-json\/wp\/v2\/product\/4682","targetHints":{"allow":["GET"]}}],"collection":[{"href":"https:\/\/www.ariens.eu\/ba\/wp-json\/wp\/v2\/product"}],"about":[{"href":"https:\/\/www.ariens.eu\/ba\/wp-json\/wp\/v2\/types\/product"}],"replies":[{"embeddable":true,"href":"https:\/\/www.ariens.eu\/ba\/wp-json\/wp\/v2\/comments?post=4682"}],"wp:featuredmedia":[{"embeddable":true,"href":"https:\/\/www.ariens.eu\/ba\/wp-json\/wp\/v2\/media\/4683"}],"wp:attachment":[{"href":"https:\/\/www.ariens.eu\/ba\/wp-json\/wp\/v2\/media?parent=4682"}],"wp:term":[{"taxonomy":"product_brand","embeddable":true,"href":"https:\/\/www.ariens.eu\/ba\/wp-json\/wp\/v2\/product_brand?post=4682"},{"taxonomy":"product_cat","embeddable":true,"href":"https:\/\/www.ariens.eu\/ba\/wp-json\/wp\/v2\/product_cat?post=4682"},{"taxonomy":"product_tag","embeddable":true,"href":"https:\/\/www.ariens.eu\/ba\/wp-json\/wp\/v2\/product_tag?post=4682"}],"curies":[{"name":"wp","href":"https:\/\/api.w.org\/{rel}","templated":true}]}}