{"id":6000,"date":"2025-06-26T07:37:00","date_gmt":"2025-06-26T06:37:00","guid":{"rendered":"https:\/\/www.ariens.eu\/?post_type=product&#038;p=6000"},"modified":"2026-05-06T13:11:52","modified_gmt":"2026-05-06T12:11:52","slug":"summit-pro-352","status":"publish","type":"product","link":"https:\/\/www.ariens.eu\/ba\/product\/zero-turn-mowers\/summit-pro-series\/summit-pro-352","title":{"rendered":"SUMMIT PRO 352"},"content":{"rendered":"<div class=\"acfd-block acfd-block__headline container-fluid px-0 bg-default\">\n<div class=\"acfd-headline\" >\n<h2 class='h1 text-left li_black bigger'>Uravnote\u017eena efikasnost za sveobuhvatne zadatke<\/h2>\n<\/p><\/div>\n<\/div>\n<div class=\"acfd-block acfd-block__text container-fluid px-0 bg-default\">\n<div class=\"acfd-text li_black\">\n<p>Za profesionalne pejza\u017eiste koji tra\u017ee savr\u0161enu ravnote\u017eu izme\u0111u snage, veli\u010dine deka i efikasnosti, SUMMIT PRO 352 je sveobuhvatna ma\u0161ina iz Ariensove porodice ma\u0161ina sa nulim okretom. Njegova \u0161irina se\u010denja od 52 in\u010da osigurava brze rezultate na srednjim do velikim travnjacima, sportskim tereniima i stambenim objektima. Optimizirana za performanse i udobnost operatera, ova ma\u0161ina prati zahtjeve cjelodnevnih operacija.<\/p>\n<\/div>\n<\/div>\n<div class=\"acfd-block acfd-block__text container-fluid px-0 bg-default\">\n<div class=\"acfd-text li_black\">\n<p>Izdr\u017eljivost je u DNA-u modela 352. Od oja\u010danog okvira do visokoperformansnog pogonskog sistema, ova ma\u0161ina sa nulim okretom napravljena je za neprekidnu upotrebu. Produ\u017eeni intervali odr\u017eavanja i pojednostavljeno servisiranje poma\u017eu u smanjenju tro\u0161kova, dok ergonomsko sjedalo i intuitivne kontrole smanjuju umor tokom vremena.<\/p>\n<\/div>\n<\/div>\n<div class=\"acfd-block acfd-block__headline container-fluid px-0 bg-default\">\n<div class=\"acfd-headline\" >\n<h3 class='h2 text-left li_black'>Klju\u010dne karakteristike i benefiti<\/h3>\n<\/p><\/div>\n<\/div>\n<div class=\"acfd-block acfd-block__text container-fluid px-0 bg-default\">\n<div class=\"acfd-text li_black\">\n<ul>\n<li>Najbolje za: srednje do velike pejza\u017ee, univerzalna primjena<\/li>\n<li>Maksimalna brzina: 14,5 km\/h<\/li>\n<li>Performanse povr\u0161ine: do 19.000 m\u00b2\/h<\/li>\n<li>Garancija: 5 godina \/ 1.250 sati (bez ograni\u010denja sati za prve 2 godine)<\/li>\n<li>Idealno za ugovara\u010de koji tra\u017ee pouzdanost, udobnost i agilnost<\/li>\n<\/ul>\n<\/div>\n<\/div>\n<div class=\"acfd-block acfd-block__twocolumns container-fluid px-0 bg-default\">\n<div class=\"acfd-twocolumns\">\n<div class=\"row\">\n<div class='col-lg-12 mb-4 '>\n<div class=\"acfd-product-advantages--wrapper\">\n<h2 class=\"h1 bigger text-color-black text-center mb-5\">\n        Features &#038; Benefits    <\/h2>\n<div class=\"acfd-product-advantages\">\n<div class=\"row\">\n<div class=\"col-md-6 mb-4 content\">\n                    <span class=\"d-block h5 text-color-brand mb-1\">Novi visokou\u010dinkoviti vretena za no\u017eeve.<\/span><\/p>\n<p>Nova vretena za no\u017eeve modela ARIENS SUMMIT PRO izra\u0111ena su od hladno kovanog aluminija. Posebno su otporna na vibracije i raspr\u0161uju svu generiranu toplinu. Svako je opremljeno s dva dvostruka kugli\u010dna le\u017eaja. Cijela jedinica je zape\u010da\u0107ena kako bi se sprije\u010dilo korodiranje uzrokovano vlagom i prljav\u0161tinom. Maksimizirajte vijek trajanja i minimizirajte vrijeme neaktivnosti.<\/p>\n<\/p><\/div>\n<div class=\"col-md-6 mb4 image\"  style=\"background-image:url(https:\/\/www.ariens.eu\/ba\/wp-content\/uploads\/sites\/21\/2025\/06\/ariens-advantage-blade-spindle.jpg)\">\n                <\/div>\n<\/p><\/div>\n<div class=\"row\">\n<div class=\"col-md-6 mb-4 content\">\n                    <span class=\"d-block h5 text-color-brand mb-1\">Novi Ariens ENVY-Pro ko\u0161ioni\u010dki pokosnik<\/span><\/p>\n<p>Pokosnik je potpuno redizajniran za najbolju mogu\u0107u distribuciju trave i kvalitetu rezanja. Izra\u0111en je od \u010deli\u010dnog lima debljine 4,6 mm i nudi robustnost za godine upotrebe. Zahvaljuju\u0107i svojoj velikoj dubini, savr\u0161eno je pogodan za instalaciju opcionog seta za mul\u010diranje.<\/p>\n<\/p><\/div>\n<div class=\"col-md-6 mb4 image\"  style=\"background-image:url(https:\/\/www.ariens.eu\/ba\/wp-content\/uploads\/sites\/21\/2025\/06\/ariens-advantage-envy-pro-deck.jpg)\">\n                <\/div>\n<\/p><\/div>\n<div class=\"row\">\n<div class=\"col-md-6 mb-4 content\">\n                    <span class=\"d-block h5 text-color-brand mb-1\">Ultra-glatko ko\u0161enje, svaki put.<\/span><\/p>\n<p>Visokokvalitetni PARKER<sup>&reg;<\/sup> hidrostatici poznati su po svojoj glatko\u0107i pri prelasku s naprijed na nazad. U kombinaciji s velikim to\u010dkovima od 24\u201d ili 26\u201d, nude maksimalnu udobnost vo\u017enje i smanjuju proklizavanje to\u010dkova prilikom okretanja. Ekstra-dugi intervali zamjene ulja za hidrostatike izbjegavaju neugodne posjete radionici tokom sezone.<\/p>\n<\/p><\/div>\n<div class=\"col-md-6 mb4 image\"  style=\"background-image:url(https:\/\/www.ariens.eu\/ba\/wp-content\/uploads\/sites\/21\/2025\/06\/ariens-advantage-parker-hydrostats.jpg)\">\n                <\/div>\n<\/p><\/div>\n<div class=\"row\">\n<div class=\"col-md-6 mb-4 content\">\n                    <span class=\"d-block h5 text-color-brand mb-1\">Mo\u0107an premium Kawasaki FX 801V motor<\/span><\/p>\n<p>Visokokvalitetne komponente i materijali za njegu travnjaka na velikoj razini.<\/p>\n<\/p><\/div>\n<div class=\"col-md-6 mb4 image\"  style=\"background-image:url(https:\/\/www.ariens.eu\/ba\/wp-content\/uploads\/sites\/21\/2025\/06\/ariens-advantage-500-engine.jpg)\">\n                <\/div>\n<\/p><\/div>\n<div class=\"row\">\n<div class=\"col-md-6 mb-4 content\">\n                    <span class=\"d-block h5 text-color-brand mb-1\">Komercijalni Parker hidrostat<\/span><\/p>\n<p>Profesionalni Parker<sup>&reg;<\/sup> HTJ hidrostat dosti\u017ee maksimalnu brzinu od 17 km\/h i ima visoko performansnu pumpu od 12 cm3. Filteri su lako pristupa\u010dni sa zadnje strane za jednostavno odr\u017eavanje. To su potpuno integrisani hidrostati sa malim brojem komponenata. Ovo minimizira rizik od gubitka ulja i omogu\u0107ava jednostavno odr\u017eavanje.<\/p>\n<\/p><\/div>\n<div class=\"col-md-6 mb4 image\"  style=\"background-image:url(https:\/\/www.ariens.eu\/ba\/wp-content\/uploads\/sites\/21\/2025\/06\/ariens-advantage-300-transaxle.jpg)\">\n                <\/div>\n<\/p><\/div>\n<div class=\"row\">\n<div class=\"col-md-6 mb-4 content\">\n                    <span class=\"d-block h5 text-color-brand mb-1\">Sjedalo sa punom suspenzijom<\/span><\/p>\n<p>Integrisana, mehani\u010dka suspenzija sjedala ARIENS SUMMIT PRO 300 serije mo\u017ee se precizno pode\u0161avati prema te\u017eini voza\u010da. Nasloni za ruke se mogu pode\u0161avati po visini i mogu se savijati. Pode\u0161avljiva potpora za donji dio le\u0111a je esencijalna za za\u0161titu le\u0111a.<\/p>\n<\/p><\/div>\n<div class=\"col-md-6 mb4 image\"  style=\"background-image:url(https:\/\/www.ariens.eu\/ba\/wp-content\/uploads\/sites\/21\/2025\/06\/ariens-advantage-full-suspended-seat.jpg)\">\n                <\/div>\n<\/p><\/div>\n<div class=\"row\">\n<div class=\"col-md-6 mb-4 content\">\n                    <span class=\"d-block h5 text-color-brand mb-1\">Prednje gume otporne na probijanje<\/span><\/p>\n<p>Velike prednje to\u010dkove od 15\u201d i 360\u00b0 okretne su polupneumatike. To zna\u010di da su potpuno napunjene gumom. Zbog toga je isklju\u010dena mogu\u0107nost pucanja guma i gubitka pritiska.<\/p>\n<\/p><\/div>\n<div class=\"col-md-6 mb4 image\"  style=\"background-image:url(https:\/\/www.ariens.eu\/ba\/wp-content\/uploads\/sites\/21\/2025\/06\/ariens-advantage-puncture-proof-frnot-wheel.jpg)\">\n                <\/div>\n<\/p><\/div>\n<div class=\"row\">\n<div class=\"col-md-6 mb-4 content\">\n                    <span class=\"d-block h5 text-color-brand mb-1\">Prakti\u010dno pode\u0161avanje visine se\u010denja<\/span><\/p>\n<p>Rotacioni to\u010dak omogu\u0107ava lako pode\u0161avanje visine izme\u0111u 2,5 i 13 cm. Opruga stopala za lak\u0161e podizanje ko\u0161ili\u0161te.<\/p>\n<\/p><\/div>\n<div class=\"col-md-6 mb4 image\"  style=\"background-image:url(https:\/\/www.ariens.eu\/ba\/wp-content\/uploads\/sites\/21\/2025\/06\/ariens-advantage-cutting-height-adjustment.jpg)\">\n                <\/div>\n<\/p><\/div>\n<div class=\"row\">\n<div class=\"col-md-6 mb-4 content\">\n                    <span class=\"d-block h5 text-color-brand mb-1\">Veliki rezervoar od 48 litara<\/span><\/p>\n<p>Stalno punjenje rezervoara ko\u0161ta vrijeme i energiju. Zato svi modeli ARIENS SUMMIT PRO imaju ekstra veliki rezervoar od 48 litara za duge radne dane.<\/p>\n<\/p><\/div>\n<div class=\"col-md-6 mb4 image\"  style=\"background-image:url(https:\/\/www.ariens.eu\/ba\/wp-content\/uploads\/sites\/21\/2025\/06\/ariens-advantage-large-tank.jpg)\">\n                <\/div>\n<\/p><\/div>\n<div class=\"row\">\n<div class=\"col-md-6 mb-4 content\">\n                    <span class=\"d-block h5 text-color-brand mb-1\">Potpuno zavareni cjevasti okvir<\/span><\/p>\n<p>Dovoljno je jednog pogleda da se prepozna njegova stabilnost i \u010dvrsto\u0107a. Velike kvadratne cijevi su bes\u0161avno spojene kako bi se stvorio \u010dvrst i izdr\u017eljiv okvir.<\/p>\n<\/p><\/div>\n<div class=\"col-md-6 mb4 image\"  style=\"background-image:url(https:\/\/www.ariens.eu\/ba\/wp-content\/uploads\/sites\/21\/2025\/06\/ariens-advantage-tubular-frame.jpg)\">\n                <\/div>\n<\/p><\/div>\n<\/p><\/div>\n<\/div><\/div>\n<div class='col-lg'>                    <\/div>\n<\/p><\/div>\n<\/div>\n<\/div>\n","protected":false},"excerpt":{"rendered":"<p>Uravnote\u017eena efikasnost za sveobuhvatne zadatke Za profesionalne pejza\u017eiste koji tra\u017ee savr\u0161enu ravnote\u017eu izme\u0111u snage, veli\u010dine deka i efikasnosti, SUMMIT PRO 352 je sveobuhvatna ma\u0161ina iz Ariensove porodice ma\u0161ina sa nulim okretom. Njegova \u0161irina se\u010denja od 52 in\u010da osigurava brze rezultate na srednjim do velikim travnjacima, sportskim tereniima i stambenim objektima. Optimizirana za performanse i udobnost [&hellip;]<\/p>\n","protected":false},"featured_media":6019,"comment_status":"open","ping_status":"closed","template":"","meta":{"_acf_changed":false,"_relevanssi_hide_post":"","_relevanssi_hide_content":"","_relevanssi_pin_for_all":"","_relevanssi_pin_keywords":"","_relevanssi_unpin_keywords":"","_relevanssi_related_keywords":"","_relevanssi_related_include_ids":"","_relevanssi_related_exclude_ids":"","_relevanssi_related_no_append":"","_relevanssi_related_not_related":"","_relevanssi_related_posts":"","_relevanssi_noindex_reason":""},"product_brand":[],"product_cat":[15],"product_tag":[],"class_list":{"0":"post-6000","1":"product","2":"type-product","3":"status-publish","4":"has-post-thumbnail","6":"product_variant-summit-pro-series","7":"product_usage_areas-janitorial-services","8":"product_usage_areas-municipalities-building-yards","9":"product_usage_areas-service-providers","11":"first","12":"instock","13":"shipping-taxable","14":"product-type-simple"},"acf":[],"yoast_head":"<!-- This site is optimized with the Yoast SEO plugin v27.3 - https:\/\/yoast.com\/product\/yoast-seo-wordpress\/ -->\n<title>SUMMIT PRO 352 - Ariens | EMEAA Ariens SUMMIT PRO 352 \u2013 The All-Rounder Zero-Turn Mower for Professionals<\/title>\n<meta name=\"description\" content=\"The Ariens SUMMIT PRO 352 is the perfect blend of speed, reliability, and universal application. Ideal for landscaping pros needing power &amp; versatility.\" \/>\n<meta name=\"robots\" content=\"noindex, follow, max-snippet:-1, max-image-preview:large, max-video-preview:-1\" \/>\n<meta property=\"og:locale\" content=\"bs_BA\" \/>\n<meta property=\"og:type\" content=\"article\" \/>\n<meta property=\"og:title\" content=\"SUMMIT PRO 352 - Ariens | EMEAA Ariens SUMMIT PRO 352 \u2013 The All-Rounder Zero-Turn Mower for Professionals\" \/>\n<meta property=\"og:description\" content=\"The Ariens SUMMIT PRO 352 is the perfect blend of speed, reliability, and universal application. Ideal for landscaping pros needing power &amp; versatility.\" \/>\n<meta property=\"og:url\" content=\"https:\/\/www.ariens.eu\/ba\/product\/zero-turn-mowers\/summit-pro-series\/summit-pro-352\/\" \/>\n<meta property=\"og:site_name\" content=\"Ariens | EMEAA\" \/>\n<meta property=\"article:modified_time\" content=\"2026-05-06T12:11:52+00:00\" \/>\n<meta property=\"og:image\" content=\"https:\/\/www.ariens.eu\/ba\/wp-content\/uploads\/sites\/21\/2025\/06\/ariens-summit-pro-352.png\" \/>\n\t<meta property=\"og:image:width\" content=\"1024\" \/>\n\t<meta property=\"og:image:height\" content=\"720\" \/>\n\t<meta property=\"og:image:type\" content=\"image\/png\" \/>\n<meta name=\"twitter:card\" content=\"summary_large_image\" \/>\n<meta name=\"twitter:label1\" content=\"Est. reading time\" \/>\n\t<meta name=\"twitter:data1\" content=\"3 minute\" \/>\n<script type=\"application\/ld+json\" class=\"yoast-schema-graph\">{\"@context\":\"https:\\\/\\\/schema.org\",\"@graph\":[{\"@type\":\"WebPage\",\"@id\":\"https:\\\/\\\/www.ariens.eu\\\/ba\\\/product\\\/zero-turn-mowers\\\/summit-pro-series\\\/summit-pro-352\\\/\",\"url\":\"https:\\\/\\\/www.ariens.eu\\\/ba\\\/product\\\/zero-turn-mowers\\\/summit-pro-series\\\/summit-pro-352\\\/\",\"name\":\"SUMMIT PRO 352 - Ariens | EMEAA Ariens SUMMIT PRO 352 \u2013 The All-Rounder Zero-Turn Mower for Professionals\",\"isPartOf\":{\"@id\":\"https:\\\/\\\/www.ariens.eu\\\/ba\\\/#website\"},\"primaryImageOfPage\":{\"@id\":\"https:\\\/\\\/www.ariens.eu\\\/ba\\\/product\\\/zero-turn-mowers\\\/summit-pro-series\\\/summit-pro-352\\\/#primaryimage\"},\"image\":{\"@id\":\"https:\\\/\\\/www.ariens.eu\\\/ba\\\/product\\\/zero-turn-mowers\\\/summit-pro-series\\\/summit-pro-352\\\/#primaryimage\"},\"thumbnailUrl\":\"https:\\\/\\\/www.ariens.eu\\\/ba\\\/wp-content\\\/uploads\\\/sites\\\/21\\\/2025\\\/06\\\/ariens-summit-pro-352.png\",\"datePublished\":\"2025-06-26T06:37:00+00:00\",\"dateModified\":\"2026-05-06T12:11:52+00:00\",\"description\":\"The Ariens SUMMIT PRO 352 is the perfect blend of speed, reliability, and universal application. Ideal for landscaping pros needing power & versatility.\",\"breadcrumb\":{\"@id\":\"https:\\\/\\\/www.ariens.eu\\\/ba\\\/product\\\/zero-turn-mowers\\\/summit-pro-series\\\/summit-pro-352\\\/#breadcrumb\"},\"inLanguage\":\"bs-BA\",\"potentialAction\":[{\"@type\":\"ReadAction\",\"target\":[\"https:\\\/\\\/www.ariens.eu\\\/ba\\\/product\\\/zero-turn-mowers\\\/summit-pro-series\\\/summit-pro-352\\\/\"]}]},{\"@type\":\"ImageObject\",\"inLanguage\":\"bs-BA\",\"@id\":\"https:\\\/\\\/www.ariens.eu\\\/ba\\\/product\\\/zero-turn-mowers\\\/summit-pro-series\\\/summit-pro-352\\\/#primaryimage\",\"url\":\"https:\\\/\\\/www.ariens.eu\\\/ba\\\/wp-content\\\/uploads\\\/sites\\\/21\\\/2025\\\/06\\\/ariens-summit-pro-352.png\",\"contentUrl\":\"https:\\\/\\\/www.ariens.eu\\\/ba\\\/wp-content\\\/uploads\\\/sites\\\/21\\\/2025\\\/06\\\/ariens-summit-pro-352.png\",\"width\":1024,\"height\":720,\"caption\":\"Ariens SUMMIT PRO 352, 3d rendering of the model, isolated\"},{\"@type\":\"BreadcrumbList\",\"@id\":\"https:\\\/\\\/www.ariens.eu\\\/ba\\\/product\\\/zero-turn-mowers\\\/summit-pro-series\\\/summit-pro-352\\\/#breadcrumb\",\"itemListElement\":[{\"@type\":\"ListItem\",\"position\":1,\"name\":\"Home\",\"item\":\"https:\\\/\\\/www.ariens.eu\\\/ba\\\/\"},{\"@type\":\"ListItem\",\"position\":2,\"name\":\"Shop\",\"item\":\"https:\\\/\\\/www.ariens.eu\\\/ba\\\/shop\\\/\"},{\"@type\":\"ListItem\",\"position\":3,\"name\":\"SUMMIT PRO 352\"}]},{\"@type\":\"WebSite\",\"@id\":\"https:\\\/\\\/www.ariens.eu\\\/ba\\\/#website\",\"url\":\"https:\\\/\\\/www.ariens.eu\\\/ba\\\/\",\"name\":\"Ariens | EMEAA\",\"description\":\"Powerful and reliable zero-turn mowers &amp; snow blowers for professional users and demanding private customers\",\"publisher\":{\"@id\":\"https:\\\/\\\/www.ariens.eu\\\/ba\\\/#organization\"},\"potentialAction\":[{\"@type\":\"SearchAction\",\"target\":{\"@type\":\"EntryPoint\",\"urlTemplate\":\"https:\\\/\\\/www.ariens.eu\\\/ba\\\/?s={search_term_string}\"},\"query-input\":{\"@type\":\"PropertyValueSpecification\",\"valueRequired\":true,\"valueName\":\"search_term_string\"}}],\"inLanguage\":\"bs-BA\"},{\"@type\":\"Organization\",\"@id\":\"https:\\\/\\\/www.ariens.eu\\\/ba\\\/#organization\",\"name\":\"AriensCo GmbH\",\"url\":\"https:\\\/\\\/www.ariens.eu\\\/ba\\\/\",\"logo\":{\"@type\":\"ImageObject\",\"inLanguage\":\"bs-BA\",\"@id\":\"https:\\\/\\\/www.ariens.eu\\\/ba\\\/#\\\/schema\\\/logo\\\/image\\\/\",\"url\":\"https:\\\/\\\/www.ariens.eu\\\/wp-content\\\/uploads\\\/2024\\\/11\\\/ariens-co-logo.jpg\",\"contentUrl\":\"https:\\\/\\\/www.ariens.eu\\\/wp-content\\\/uploads\\\/2024\\\/11\\\/ariens-co-logo.jpg\",\"width\":1000,\"height\":1000,\"caption\":\"AriensCo GmbH\"},\"image\":{\"@id\":\"https:\\\/\\\/www.ariens.eu\\\/ba\\\/#\\\/schema\\\/logo\\\/image\\\/\"}}]}<\/script>\n<!-- \/ Yoast SEO plugin. -->","yoast_head_json":{"title":"SUMMIT PRO 352 - Ariens | EMEAA Ariens SUMMIT PRO 352 \u2013 The All-Rounder Zero-Turn Mower for Professionals","description":"The Ariens SUMMIT PRO 352 is the perfect blend of speed, reliability, and universal application. Ideal for landscaping pros needing power & versatility.","robots":{"index":"noindex","follow":"follow","max-snippet":"max-snippet:-1","max-image-preview":"max-image-preview:large","max-video-preview":"max-video-preview:-1"},"og_locale":"bs_BA","og_type":"article","og_title":"SUMMIT PRO 352 - Ariens | EMEAA Ariens SUMMIT PRO 352 \u2013 The All-Rounder Zero-Turn Mower for Professionals","og_description":"The Ariens SUMMIT PRO 352 is the perfect blend of speed, reliability, and universal application. Ideal for landscaping pros needing power & versatility.","og_url":"https:\/\/www.ariens.eu\/ba\/product\/zero-turn-mowers\/summit-pro-series\/summit-pro-352\/","og_site_name":"Ariens | EMEAA","article_modified_time":"2026-05-06T12:11:52+00:00","og_image":[{"width":1024,"height":720,"url":"https:\/\/www.ariens.eu\/ba\/wp-content\/uploads\/sites\/21\/2025\/06\/ariens-summit-pro-352.png","type":"image\/png"}],"twitter_card":"summary_large_image","twitter_misc":{"Est. reading time":"3 minute"},"schema":{"@context":"https:\/\/schema.org","@graph":[{"@type":"WebPage","@id":"https:\/\/www.ariens.eu\/ba\/product\/zero-turn-mowers\/summit-pro-series\/summit-pro-352\/","url":"https:\/\/www.ariens.eu\/ba\/product\/zero-turn-mowers\/summit-pro-series\/summit-pro-352\/","name":"SUMMIT PRO 352 - Ariens | EMEAA Ariens SUMMIT PRO 352 \u2013 The All-Rounder Zero-Turn Mower for Professionals","isPartOf":{"@id":"https:\/\/www.ariens.eu\/ba\/#website"},"primaryImageOfPage":{"@id":"https:\/\/www.ariens.eu\/ba\/product\/zero-turn-mowers\/summit-pro-series\/summit-pro-352\/#primaryimage"},"image":{"@id":"https:\/\/www.ariens.eu\/ba\/product\/zero-turn-mowers\/summit-pro-series\/summit-pro-352\/#primaryimage"},"thumbnailUrl":"https:\/\/www.ariens.eu\/ba\/wp-content\/uploads\/sites\/21\/2025\/06\/ariens-summit-pro-352.png","datePublished":"2025-06-26T06:37:00+00:00","dateModified":"2026-05-06T12:11:52+00:00","description":"The Ariens SUMMIT PRO 352 is the perfect blend of speed, reliability, and universal application. Ideal for landscaping pros needing power & versatility.","breadcrumb":{"@id":"https:\/\/www.ariens.eu\/ba\/product\/zero-turn-mowers\/summit-pro-series\/summit-pro-352\/#breadcrumb"},"inLanguage":"bs-BA","potentialAction":[{"@type":"ReadAction","target":["https:\/\/www.ariens.eu\/ba\/product\/zero-turn-mowers\/summit-pro-series\/summit-pro-352\/"]}]},{"@type":"ImageObject","inLanguage":"bs-BA","@id":"https:\/\/www.ariens.eu\/ba\/product\/zero-turn-mowers\/summit-pro-series\/summit-pro-352\/#primaryimage","url":"https:\/\/www.ariens.eu\/ba\/wp-content\/uploads\/sites\/21\/2025\/06\/ariens-summit-pro-352.png","contentUrl":"https:\/\/www.ariens.eu\/ba\/wp-content\/uploads\/sites\/21\/2025\/06\/ariens-summit-pro-352.png","width":1024,"height":720,"caption":"Ariens SUMMIT PRO 352, 3d rendering of the model, isolated"},{"@type":"BreadcrumbList","@id":"https:\/\/www.ariens.eu\/ba\/product\/zero-turn-mowers\/summit-pro-series\/summit-pro-352\/#breadcrumb","itemListElement":[{"@type":"ListItem","position":1,"name":"Home","item":"https:\/\/www.ariens.eu\/ba\/"},{"@type":"ListItem","position":2,"name":"Shop","item":"https:\/\/www.ariens.eu\/ba\/shop\/"},{"@type":"ListItem","position":3,"name":"SUMMIT PRO 352"}]},{"@type":"WebSite","@id":"https:\/\/www.ariens.eu\/ba\/#website","url":"https:\/\/www.ariens.eu\/ba\/","name":"Ariens | EMEAA","description":"Powerful and reliable zero-turn mowers &amp; snow blowers for professional users and demanding private customers","publisher":{"@id":"https:\/\/www.ariens.eu\/ba\/#organization"},"potentialAction":[{"@type":"SearchAction","target":{"@type":"EntryPoint","urlTemplate":"https:\/\/www.ariens.eu\/ba\/?s={search_term_string}"},"query-input":{"@type":"PropertyValueSpecification","valueRequired":true,"valueName":"search_term_string"}}],"inLanguage":"bs-BA"},{"@type":"Organization","@id":"https:\/\/www.ariens.eu\/ba\/#organization","name":"AriensCo GmbH","url":"https:\/\/www.ariens.eu\/ba\/","logo":{"@type":"ImageObject","inLanguage":"bs-BA","@id":"https:\/\/www.ariens.eu\/ba\/#\/schema\/logo\/image\/","url":"https:\/\/www.ariens.eu\/wp-content\/uploads\/2024\/11\/ariens-co-logo.jpg","contentUrl":"https:\/\/www.ariens.eu\/wp-content\/uploads\/2024\/11\/ariens-co-logo.jpg","width":1000,"height":1000,"caption":"AriensCo GmbH"},"image":{"@id":"https:\/\/www.ariens.eu\/ba\/#\/schema\/logo\/image\/"}}]}},"_links":{"self":[{"href":"https:\/\/www.ariens.eu\/ba\/wp-json\/wp\/v2\/product\/6000","targetHints":{"allow":["GET"]}}],"collection":[{"href":"https:\/\/www.ariens.eu\/ba\/wp-json\/wp\/v2\/product"}],"about":[{"href":"https:\/\/www.ariens.eu\/ba\/wp-json\/wp\/v2\/types\/product"}],"replies":[{"embeddable":true,"href":"https:\/\/www.ariens.eu\/ba\/wp-json\/wp\/v2\/comments?post=6000"}],"wp:featuredmedia":[{"embeddable":true,"href":"https:\/\/www.ariens.eu\/ba\/wp-json\/wp\/v2\/media\/6019"}],"wp:attachment":[{"href":"https:\/\/www.ariens.eu\/ba\/wp-json\/wp\/v2\/media?parent=6000"}],"wp:term":[{"taxonomy":"product_brand","embeddable":true,"href":"https:\/\/www.ariens.eu\/ba\/wp-json\/wp\/v2\/product_brand?post=6000"},{"taxonomy":"product_cat","embeddable":true,"href":"https:\/\/www.ariens.eu\/ba\/wp-json\/wp\/v2\/product_cat?post=6000"},{"taxonomy":"product_tag","embeddable":true,"href":"https:\/\/www.ariens.eu\/ba\/wp-json\/wp\/v2\/product_tag?post=6000"}],"curies":[{"name":"wp","href":"https:\/\/api.w.org\/{rel}","templated":true}]}}