{"id":6002,"date":"2025-06-26T07:36:41","date_gmt":"2025-06-26T06:36:41","guid":{"rendered":"https:\/\/www.ariens.eu\/?post_type=product&#038;p=6002"},"modified":"2026-05-06T13:11:53","modified_gmt":"2026-05-06T12:11:53","slug":"summit-pro-560","status":"publish","type":"product","link":"https:\/\/www.ariens.eu\/ba\/product\/zero-turn-mowers\/summit-pro-series\/summit-pro-560","title":{"rendered":"SUMMIT PRO 560"},"content":{"rendered":"<div class=\"acfd-block acfd-block__headline container-fluid px-0 bg-default\">\n<div class=\"acfd-headline\" >\n<h2 class='h1 text-left li_black bigger'>Dizajniran za brzinu, udobnost i neprekidnu upotrebu<\/h2>\n<\/p><\/div>\n<\/div>\n<div class=\"acfd-block acfd-block__text container-fluid px-0 bg-default\">\n<div class=\"acfd-text li_black\">\n<p>Dizajniran da savlada prostrane travnjake sa neumoljivom snagom, SUMMIT PRO 560 predstavlja korak naprijed u performansama za najzahtjevnije profesionalce. Sa maksimalnom brzinom od 21,3 km\/h i \u0161irom rezanja od 60 in\u010da, kombinira izuzetnu brzinu sa precizno\u0161\u0107u rezanja, dostavljaju\u0107i performanse povr\u0161ine do 32,460 m\u00b2 na sat. Bilo da odr\u017eavate sportske terene ili komercijalna imanja, 560 \u010dini velike poslove bez napora.<\/p>\n<\/div>\n<\/div>\n<div class=\"acfd-block acfd-block__text container-fluid px-0 bg-default\">\n<div class=\"acfd-text li_black\">\n<p>Udobnost operatera je centralna za dizajn 560, sa suspenzijskim sjedalom i odgovaraju\u0107im rasporedom kontrole koji minimizira umor \u010dak i tokom dugotrajne upotrebe. Sa robustnom konstrukcijom i pobolj\u0161anim komponentama, ova kosilica je pravi asset flote \u2013 dizajnirana da smanji vrijeme neaktivnosti i optimizuje proizvodnju tokom dugih radnih sati.<\/p>\n<\/div>\n<\/div>\n<div class=\"acfd-block acfd-block__headline container-fluid px-0 bg-default\">\n<div class=\"acfd-headline\" >\n<h3 class='h2 text-left li_black'>Klju\u010dne karakteristike i benefiti<\/h3>\n<\/p><\/div>\n<\/div>\n<div class=\"acfd-block acfd-block__text container-fluid px-0 bg-default\">\n<div class=\"acfd-text li_black\">\n<ul>\n<li>Najbolje za: profesionalne flote, visoko-efikasnu njegu povr\u0161ina<\/li>\n<li>Maksimalna brzina: 21,3 km\/h<\/li>\n<li>Performanse povr\u0161ine: do 32,460 m\u00b2\/h<\/li>\n<li>Garancija: 5 godina \/ 1,500 sati (bez ograni\u010denja sati za prve 2 godine)<\/li>\n<li>Ma\u0161ina za flote sa naprednom udobno\u0161\u0107u i maksimalnom pouzdano\u0161\u0107u<\/li>\n<\/ul>\n<\/div>\n<\/div>\n<div class=\"acfd-block acfd-block__twocolumns container-fluid px-0 bg-default\">\n<div class=\"acfd-twocolumns\">\n<div class=\"row\">\n<div class='col-lg-12 mb-4 '>\n<div class=\"acfd-product-advantages--wrapper\">\n<h2 class=\"h1 bigger text-color-black text-center mb-5\">\n        Features &#038; Benefits    <\/h2>\n<div class=\"acfd-product-advantages\">\n<div class=\"row\">\n<div class=\"col-md-6 mb-4 content\">\n                    <span class=\"d-block h5 text-color-brand mb-1\">Novi visokou\u010dinkoviti vretena za no\u017eeve.<\/span><\/p>\n<p>Nova vretena za no\u017eeve modela ARIENS SUMMIT PRO izra\u0111ena su od hladno kovanog aluminija. Posebno su otporna na vibracije i raspr\u0161uju svu generiranu toplinu. Svako je opremljeno s dva dvostruka kugli\u010dna le\u017eaja. Cijela jedinica je zape\u010da\u0107ena kako bi se sprije\u010dilo korodiranje uzrokovano vlagom i prljav\u0161tinom. Maksimizirajte vijek trajanja i minimizirajte vrijeme neaktivnosti.<\/p>\n<\/p><\/div>\n<div class=\"col-md-6 mb4 image\"  style=\"background-image:url(https:\/\/www.ariens.eu\/ba\/wp-content\/uploads\/sites\/21\/2025\/06\/ariens-advantage-blade-spindle.jpg)\">\n                <\/div>\n<\/p><\/div>\n<div class=\"row\">\n<div class=\"col-md-6 mb-4 content\">\n                    <span class=\"d-block h5 text-color-brand mb-1\">Novi Ariens ENVY-Pro ko\u0161ioni\u010dki pokosnik<\/span><\/p>\n<p>Pokosnik je potpuno redizajniran za najbolju mogu\u0107u distribuciju trave i kvalitetu rezanja. Izra\u0111en je od \u010deli\u010dnog lima debljine 4,6 mm i nudi robustnost za godine upotrebe. Zahvaljuju\u0107i svojoj velikoj dubini, savr\u0161eno je pogodan za instalaciju opcionog seta za mul\u010diranje.<\/p>\n<\/p><\/div>\n<div class=\"col-md-6 mb4 image\"  style=\"background-image:url(https:\/\/www.ariens.eu\/ba\/wp-content\/uploads\/sites\/21\/2025\/06\/ariens-advantage-envy-pro-deck.jpg)\">\n                <\/div>\n<\/p><\/div>\n<div class=\"row\">\n<div class=\"col-md-6 mb-4 content\">\n                    <span class=\"d-block h5 text-color-brand mb-1\">Ultra-glatko ko\u0161enje, svaki put.<\/span><\/p>\n<p>Visokokvalitetni PARKER<sup>&reg;<\/sup> hidrostatici poznati su po svojoj glatko\u0107i pri prelasku s naprijed na nazad. U kombinaciji s velikim to\u010dkovima od 24\u201d ili 26\u201d, nude maksimalnu udobnost vo\u017enje i smanjuju proklizavanje to\u010dkova prilikom okretanja. Ekstra-dugi intervali zamjene ulja za hidrostatike izbjegavaju neugodne posjete radionici tokom sezone.<\/p>\n<\/p><\/div>\n<div class=\"col-md-6 mb4 image\"  style=\"background-image:url(https:\/\/www.ariens.eu\/ba\/wp-content\/uploads\/sites\/21\/2025\/06\/ariens-advantage-parker-hydrostats.jpg)\">\n                <\/div>\n<\/p><\/div>\n<div class=\"row\">\n<div class=\"col-md-6 mb-4 content\">\n                    <span class=\"d-block h5 text-color-brand mb-1\">Mo\u0107an premium Kawasaki FX 850V motor.<\/span><\/p>\n<p>Ujedna\u010dena krivulja okretnog momenta i dvostruki filter za performanse i izdr\u017eljivost na najvi\u0161em nivou.<\/p>\n<\/p><\/div>\n<div class=\"col-md-6 mb4 image\"  style=\"background-image:url(https:\/\/www.ariens.eu\/ba\/wp-content\/uploads\/sites\/21\/2025\/06\/ariens-advantage-500-engine-1.jpg)\">\n                <\/div>\n<\/p><\/div>\n<div class=\"row\">\n<div class=\"col-md-6 mb-4 content\">\n                    <span class=\"d-block h5 text-color-brand mb-1\">Premijum Parker hidrostat<\/span><\/p>\n<p>Parker<sup>&reg;<\/sup> HTG hidrostat dose\u017ee maksimalnu brzinu od 24 km\/h i ima 16 cm3 visokou\u010dinkovitu pumpu. Filteri su lako pristupa\u010dni sa stra\u017enje strane za jednostavno odr\u017eavanje. Parker<sup>&reg;<\/sup> TG\u2122 gerotor motor radi posebno u\u010dinkovito. Ovo \u0161tedi energiju i pru\u017ea do 10 % vi\u0161e snage motora no\u017eevima.<\/p>\n<\/p><\/div>\n<div class=\"col-md-6 mb4 image\"  style=\"background-image:url(https:\/\/www.ariens.eu\/ba\/wp-content\/uploads\/sites\/21\/2025\/06\/ariens-advantage-500-transaxle.jpg)\">\n                <\/div>\n<\/p><\/div>\n<div class=\"row\">\n<div class=\"col-md-6 mb-4 content\">\n                    <span class=\"d-block h5 text-color-brand mb-1\">Sjedalo s zra\u010dnom amortizacijom<\/span><\/p>\n<p>Pritiskom na prekida\u010d mo\u017eete pode\u0161avati zra\u010dnu amortizaciju Ariens AIR-RIDE sjedala to\u010dno prema svojim potrebama. Posebni amortizeri vibracija \u0161tite cjelokupno sjedalo od vertikalnih udara. Ekstra visoka naslonja\u010d za le\u0111a, pode\u0161avani nasloni za ruke, ekstra debeo jastu\u010di\u0107 i integrirana podr\u0161ka za slabine nude maksimalnu udobnost sjedenja.<\/p>\n<\/p><\/div>\n<div class=\"col-md-6 mb4 image\"  style=\"background-image:url(https:\/\/www.ariens.eu\/ba\/wp-content\/uploads\/sites\/21\/2025\/06\/ariens-advantage-air-ride-comfort-seat.jpg)\">\n                <\/div>\n<\/p><\/div>\n<div class=\"row\">\n<div class=\"col-md-6 mb-4 content\">\n                    <span class=\"d-block h5 text-color-brand mb-1\">Prednje gume otporne na probijanje<\/span><\/p>\n<p>Velike prednje to\u010dkove od 15\u201d i 360\u00b0 okretne su polupneumatike. To zna\u010di da su potpuno napunjene gumom. Zbog toga je isklju\u010dena mogu\u0107nost pucanja guma i gubitka pritiska.<\/p>\n<\/p><\/div>\n<div class=\"col-md-6 mb4 image\"  style=\"background-image:url(https:\/\/www.ariens.eu\/ba\/wp-content\/uploads\/sites\/21\/2025\/06\/ariens-advantage-puncture-proof-frnot-wheel.jpg)\">\n                <\/div>\n<\/p><\/div>\n<div class=\"row\">\n<div class=\"col-md-6 mb-4 content\">\n                    <span class=\"d-block h5 text-color-brand mb-1\">Prakti\u010dno pode\u0161avanje visine se\u010denja<\/span><\/p>\n<p>Rotacioni to\u010dak omogu\u0107ava lako pode\u0161avanje visine izme\u0111u 2,5 i 13 cm. Opruga stopala za lak\u0161e podizanje ko\u0161ili\u0161te.<\/p>\n<\/p><\/div>\n<div class=\"col-md-6 mb4 image\"  style=\"background-image:url(https:\/\/www.ariens.eu\/ba\/wp-content\/uploads\/sites\/21\/2025\/06\/ariens-advantage-cutting-height-adjustment.jpg)\">\n                <\/div>\n<\/p><\/div>\n<div class=\"row\">\n<div class=\"col-md-6 mb-4 content\">\n                    <span class=\"d-block h5 text-color-brand mb-1\">Veliki rezervoar od 48 litara<\/span><\/p>\n<p>Stalno punjenje rezervoara ko\u0161ta vrijeme i energiju. Zato svi modeli ARIENS SUMMIT PRO imaju ekstra veliki rezervoar od 48 litara za duge radne dane.<\/p>\n<\/p><\/div>\n<div class=\"col-md-6 mb4 image\"  style=\"background-image:url(https:\/\/www.ariens.eu\/ba\/wp-content\/uploads\/sites\/21\/2025\/06\/ariens-advantage-large-tank.jpg)\">\n                <\/div>\n<\/p><\/div>\n<div class=\"row\">\n<div class=\"col-md-6 mb-4 content\">\n                    <span class=\"d-block h5 text-color-brand mb-1\">Potpuno zavareni cjevasti okvir<\/span><\/p>\n<p>Dovoljno je jednog pogleda da se prepozna njegova stabilnost i \u010dvrsto\u0107a. Velike kvadratne cijevi su bes\u0161avno spojene kako bi se stvorio \u010dvrst i izdr\u017eljiv okvir.<\/p>\n<\/p><\/div>\n<div class=\"col-md-6 mb4 image\"  style=\"background-image:url(https:\/\/www.ariens.eu\/ba\/wp-content\/uploads\/sites\/21\/2025\/06\/ariens-advantage-tubular-frame.jpg)\">\n                <\/div>\n<\/p><\/div>\n<\/p><\/div>\n<\/div><\/div>\n<div class='col-lg'>                    <\/div>\n<\/p><\/div>\n<\/div>\n<\/div>\n","protected":false},"excerpt":{"rendered":"<p>Dizajniran za brzinu, udobnost i neprekidnu upotrebu Dizajniran da savlada prostrane travnjake sa neumoljivom snagom, SUMMIT PRO 560 predstavlja korak naprijed u performansama za najzahtjevnije profesionalce. Sa maksimalnom brzinom od 21,3 km\/h i \u0161irom rezanja od 60 in\u010da, kombinira izuzetnu brzinu sa precizno\u0161\u0107u rezanja, dostavljaju\u0107i performanse povr\u0161ine do 32,460 m\u00b2 na sat. Bilo da odr\u017eavate [&hellip;]<\/p>\n","protected":false},"featured_media":6005,"comment_status":"open","ping_status":"closed","template":"","meta":{"_acf_changed":false,"_relevanssi_hide_post":"","_relevanssi_hide_content":"","_relevanssi_pin_for_all":"","_relevanssi_pin_keywords":"","_relevanssi_unpin_keywords":"","_relevanssi_related_keywords":"","_relevanssi_related_include_ids":"","_relevanssi_related_exclude_ids":"","_relevanssi_related_no_append":"","_relevanssi_related_not_related":"","_relevanssi_related_posts":"","_relevanssi_noindex_reason":""},"product_brand":[],"product_cat":[15],"product_tag":[],"class_list":{"0":"post-6002","1":"product","2":"type-product","3":"status-publish","4":"has-post-thumbnail","6":"product_variant-summit-pro-series","7":"product_usage_areas-janitorial-services","8":"product_usage_areas-municipalities-building-yards","9":"product_usage_areas-service-providers","11":"first","12":"instock","13":"shipping-taxable","14":"product-type-simple"},"acf":[],"yoast_head":"<!-- This site is optimized with the Yoast SEO plugin v27.3 - https:\/\/yoast.com\/product\/yoast-seo-wordpress\/ -->\n<title>Ariens SUMMIT PRO 560 \u2013 Fast, Rugged, Built for Heavy-Duty Mowing<\/title>\n<meta name=\"description\" content=\"Speed meets strength with the Ariens SUMMIT PRO 560. Built for demanding professionals who need maximum efficiency and rugged performance.\" \/>\n<meta name=\"robots\" content=\"noindex, follow, max-snippet:-1, max-image-preview:large, max-video-preview:-1\" \/>\n<meta property=\"og:locale\" content=\"bs_BA\" \/>\n<meta property=\"og:type\" content=\"article\" \/>\n<meta property=\"og:title\" content=\"Ariens SUMMIT PRO 560 \u2013 Fast, Rugged, Built for Heavy-Duty Mowing\" \/>\n<meta property=\"og:description\" content=\"Speed meets strength with the Ariens SUMMIT PRO 560. Built for demanding professionals who need maximum efficiency and rugged performance.\" \/>\n<meta property=\"og:url\" content=\"https:\/\/www.ariens.eu\/ba\/product\/zero-turn-mowers\/summit-pro-series\/summit-pro-560\/\" \/>\n<meta property=\"og:site_name\" content=\"Ariens | EMEAA\" \/>\n<meta property=\"article:modified_time\" content=\"2026-05-06T12:11:53+00:00\" \/>\n<meta property=\"og:image\" content=\"https:\/\/www.ariens.eu\/ba\/wp-content\/uploads\/sites\/21\/2025\/06\/ariens-summit-pro-560.png\" \/>\n\t<meta property=\"og:image:width\" content=\"1024\" \/>\n\t<meta property=\"og:image:height\" content=\"720\" \/>\n\t<meta property=\"og:image:type\" content=\"image\/png\" \/>\n<meta name=\"twitter:card\" content=\"summary_large_image\" \/>\n<meta name=\"twitter:label1\" content=\"Est. reading time\" \/>\n\t<meta name=\"twitter:data1\" content=\"3 minute\" \/>\n<script type=\"application\/ld+json\" class=\"yoast-schema-graph\">{\"@context\":\"https:\\\/\\\/schema.org\",\"@graph\":[{\"@type\":\"WebPage\",\"@id\":\"https:\\\/\\\/www.ariens.eu\\\/ba\\\/product\\\/zero-turn-mowers\\\/summit-pro-series\\\/summit-pro-560\\\/\",\"url\":\"https:\\\/\\\/www.ariens.eu\\\/ba\\\/product\\\/zero-turn-mowers\\\/summit-pro-series\\\/summit-pro-560\\\/\",\"name\":\"Ariens SUMMIT PRO 560 \u2013 Fast, Rugged, Built for Heavy-Duty Mowing\",\"isPartOf\":{\"@id\":\"https:\\\/\\\/www.ariens.eu\\\/ba\\\/#website\"},\"primaryImageOfPage\":{\"@id\":\"https:\\\/\\\/www.ariens.eu\\\/ba\\\/product\\\/zero-turn-mowers\\\/summit-pro-series\\\/summit-pro-560\\\/#primaryimage\"},\"image\":{\"@id\":\"https:\\\/\\\/www.ariens.eu\\\/ba\\\/product\\\/zero-turn-mowers\\\/summit-pro-series\\\/summit-pro-560\\\/#primaryimage\"},\"thumbnailUrl\":\"https:\\\/\\\/www.ariens.eu\\\/ba\\\/wp-content\\\/uploads\\\/sites\\\/21\\\/2025\\\/06\\\/ariens-summit-pro-560.png\",\"datePublished\":\"2025-06-26T06:36:41+00:00\",\"dateModified\":\"2026-05-06T12:11:53+00:00\",\"description\":\"Speed meets strength with the Ariens SUMMIT PRO 560. Built for demanding professionals who need maximum efficiency and rugged performance.\",\"breadcrumb\":{\"@id\":\"https:\\\/\\\/www.ariens.eu\\\/ba\\\/product\\\/zero-turn-mowers\\\/summit-pro-series\\\/summit-pro-560\\\/#breadcrumb\"},\"inLanguage\":\"bs-BA\",\"potentialAction\":[{\"@type\":\"ReadAction\",\"target\":[\"https:\\\/\\\/www.ariens.eu\\\/ba\\\/product\\\/zero-turn-mowers\\\/summit-pro-series\\\/summit-pro-560\\\/\"]}]},{\"@type\":\"ImageObject\",\"inLanguage\":\"bs-BA\",\"@id\":\"https:\\\/\\\/www.ariens.eu\\\/ba\\\/product\\\/zero-turn-mowers\\\/summit-pro-series\\\/summit-pro-560\\\/#primaryimage\",\"url\":\"https:\\\/\\\/www.ariens.eu\\\/ba\\\/wp-content\\\/uploads\\\/sites\\\/21\\\/2025\\\/06\\\/ariens-summit-pro-560.png\",\"contentUrl\":\"https:\\\/\\\/www.ariens.eu\\\/ba\\\/wp-content\\\/uploads\\\/sites\\\/21\\\/2025\\\/06\\\/ariens-summit-pro-560.png\",\"width\":1024,\"height\":720,\"caption\":\"Ariens SUMMIT PRO 560, 3d rendering of the model, isolated\"},{\"@type\":\"BreadcrumbList\",\"@id\":\"https:\\\/\\\/www.ariens.eu\\\/ba\\\/product\\\/zero-turn-mowers\\\/summit-pro-series\\\/summit-pro-560\\\/#breadcrumb\",\"itemListElement\":[{\"@type\":\"ListItem\",\"position\":1,\"name\":\"Home\",\"item\":\"https:\\\/\\\/www.ariens.eu\\\/ba\\\/\"},{\"@type\":\"ListItem\",\"position\":2,\"name\":\"Shop\",\"item\":\"https:\\\/\\\/www.ariens.eu\\\/ba\\\/shop\\\/\"},{\"@type\":\"ListItem\",\"position\":3,\"name\":\"SUMMIT PRO 560\"}]},{\"@type\":\"WebSite\",\"@id\":\"https:\\\/\\\/www.ariens.eu\\\/ba\\\/#website\",\"url\":\"https:\\\/\\\/www.ariens.eu\\\/ba\\\/\",\"name\":\"Ariens | EMEAA\",\"description\":\"Powerful and reliable zero-turn mowers &amp; snow blowers for professional users and demanding private customers\",\"publisher\":{\"@id\":\"https:\\\/\\\/www.ariens.eu\\\/ba\\\/#organization\"},\"potentialAction\":[{\"@type\":\"SearchAction\",\"target\":{\"@type\":\"EntryPoint\",\"urlTemplate\":\"https:\\\/\\\/www.ariens.eu\\\/ba\\\/?s={search_term_string}\"},\"query-input\":{\"@type\":\"PropertyValueSpecification\",\"valueRequired\":true,\"valueName\":\"search_term_string\"}}],\"inLanguage\":\"bs-BA\"},{\"@type\":\"Organization\",\"@id\":\"https:\\\/\\\/www.ariens.eu\\\/ba\\\/#organization\",\"name\":\"AriensCo GmbH\",\"url\":\"https:\\\/\\\/www.ariens.eu\\\/ba\\\/\",\"logo\":{\"@type\":\"ImageObject\",\"inLanguage\":\"bs-BA\",\"@id\":\"https:\\\/\\\/www.ariens.eu\\\/ba\\\/#\\\/schema\\\/logo\\\/image\\\/\",\"url\":\"https:\\\/\\\/www.ariens.eu\\\/wp-content\\\/uploads\\\/2024\\\/11\\\/ariens-co-logo.jpg\",\"contentUrl\":\"https:\\\/\\\/www.ariens.eu\\\/wp-content\\\/uploads\\\/2024\\\/11\\\/ariens-co-logo.jpg\",\"width\":1000,\"height\":1000,\"caption\":\"AriensCo GmbH\"},\"image\":{\"@id\":\"https:\\\/\\\/www.ariens.eu\\\/ba\\\/#\\\/schema\\\/logo\\\/image\\\/\"}}]}<\/script>\n<!-- \/ Yoast SEO plugin. -->","yoast_head_json":{"title":"Ariens SUMMIT PRO 560 \u2013 Fast, Rugged, Built for Heavy-Duty Mowing","description":"Speed meets strength with the Ariens SUMMIT PRO 560. Built for demanding professionals who need maximum efficiency and rugged performance.","robots":{"index":"noindex","follow":"follow","max-snippet":"max-snippet:-1","max-image-preview":"max-image-preview:large","max-video-preview":"max-video-preview:-1"},"og_locale":"bs_BA","og_type":"article","og_title":"Ariens SUMMIT PRO 560 \u2013 Fast, Rugged, Built for Heavy-Duty Mowing","og_description":"Speed meets strength with the Ariens SUMMIT PRO 560. Built for demanding professionals who need maximum efficiency and rugged performance.","og_url":"https:\/\/www.ariens.eu\/ba\/product\/zero-turn-mowers\/summit-pro-series\/summit-pro-560\/","og_site_name":"Ariens | EMEAA","article_modified_time":"2026-05-06T12:11:53+00:00","og_image":[{"width":1024,"height":720,"url":"https:\/\/www.ariens.eu\/ba\/wp-content\/uploads\/sites\/21\/2025\/06\/ariens-summit-pro-560.png","type":"image\/png"}],"twitter_card":"summary_large_image","twitter_misc":{"Est. reading time":"3 minute"},"schema":{"@context":"https:\/\/schema.org","@graph":[{"@type":"WebPage","@id":"https:\/\/www.ariens.eu\/ba\/product\/zero-turn-mowers\/summit-pro-series\/summit-pro-560\/","url":"https:\/\/www.ariens.eu\/ba\/product\/zero-turn-mowers\/summit-pro-series\/summit-pro-560\/","name":"Ariens SUMMIT PRO 560 \u2013 Fast, Rugged, Built for Heavy-Duty Mowing","isPartOf":{"@id":"https:\/\/www.ariens.eu\/ba\/#website"},"primaryImageOfPage":{"@id":"https:\/\/www.ariens.eu\/ba\/product\/zero-turn-mowers\/summit-pro-series\/summit-pro-560\/#primaryimage"},"image":{"@id":"https:\/\/www.ariens.eu\/ba\/product\/zero-turn-mowers\/summit-pro-series\/summit-pro-560\/#primaryimage"},"thumbnailUrl":"https:\/\/www.ariens.eu\/ba\/wp-content\/uploads\/sites\/21\/2025\/06\/ariens-summit-pro-560.png","datePublished":"2025-06-26T06:36:41+00:00","dateModified":"2026-05-06T12:11:53+00:00","description":"Speed meets strength with the Ariens SUMMIT PRO 560. Built for demanding professionals who need maximum efficiency and rugged performance.","breadcrumb":{"@id":"https:\/\/www.ariens.eu\/ba\/product\/zero-turn-mowers\/summit-pro-series\/summit-pro-560\/#breadcrumb"},"inLanguage":"bs-BA","potentialAction":[{"@type":"ReadAction","target":["https:\/\/www.ariens.eu\/ba\/product\/zero-turn-mowers\/summit-pro-series\/summit-pro-560\/"]}]},{"@type":"ImageObject","inLanguage":"bs-BA","@id":"https:\/\/www.ariens.eu\/ba\/product\/zero-turn-mowers\/summit-pro-series\/summit-pro-560\/#primaryimage","url":"https:\/\/www.ariens.eu\/ba\/wp-content\/uploads\/sites\/21\/2025\/06\/ariens-summit-pro-560.png","contentUrl":"https:\/\/www.ariens.eu\/ba\/wp-content\/uploads\/sites\/21\/2025\/06\/ariens-summit-pro-560.png","width":1024,"height":720,"caption":"Ariens SUMMIT PRO 560, 3d rendering of the model, isolated"},{"@type":"BreadcrumbList","@id":"https:\/\/www.ariens.eu\/ba\/product\/zero-turn-mowers\/summit-pro-series\/summit-pro-560\/#breadcrumb","itemListElement":[{"@type":"ListItem","position":1,"name":"Home","item":"https:\/\/www.ariens.eu\/ba\/"},{"@type":"ListItem","position":2,"name":"Shop","item":"https:\/\/www.ariens.eu\/ba\/shop\/"},{"@type":"ListItem","position":3,"name":"SUMMIT PRO 560"}]},{"@type":"WebSite","@id":"https:\/\/www.ariens.eu\/ba\/#website","url":"https:\/\/www.ariens.eu\/ba\/","name":"Ariens | EMEAA","description":"Powerful and reliable zero-turn mowers &amp; snow blowers for professional users and demanding private customers","publisher":{"@id":"https:\/\/www.ariens.eu\/ba\/#organization"},"potentialAction":[{"@type":"SearchAction","target":{"@type":"EntryPoint","urlTemplate":"https:\/\/www.ariens.eu\/ba\/?s={search_term_string}"},"query-input":{"@type":"PropertyValueSpecification","valueRequired":true,"valueName":"search_term_string"}}],"inLanguage":"bs-BA"},{"@type":"Organization","@id":"https:\/\/www.ariens.eu\/ba\/#organization","name":"AriensCo GmbH","url":"https:\/\/www.ariens.eu\/ba\/","logo":{"@type":"ImageObject","inLanguage":"bs-BA","@id":"https:\/\/www.ariens.eu\/ba\/#\/schema\/logo\/image\/","url":"https:\/\/www.ariens.eu\/wp-content\/uploads\/2024\/11\/ariens-co-logo.jpg","contentUrl":"https:\/\/www.ariens.eu\/wp-content\/uploads\/2024\/11\/ariens-co-logo.jpg","width":1000,"height":1000,"caption":"AriensCo GmbH"},"image":{"@id":"https:\/\/www.ariens.eu\/ba\/#\/schema\/logo\/image\/"}}]}},"_links":{"self":[{"href":"https:\/\/www.ariens.eu\/ba\/wp-json\/wp\/v2\/product\/6002","targetHints":{"allow":["GET"]}}],"collection":[{"href":"https:\/\/www.ariens.eu\/ba\/wp-json\/wp\/v2\/product"}],"about":[{"href":"https:\/\/www.ariens.eu\/ba\/wp-json\/wp\/v2\/types\/product"}],"replies":[{"embeddable":true,"href":"https:\/\/www.ariens.eu\/ba\/wp-json\/wp\/v2\/comments?post=6002"}],"wp:featuredmedia":[{"embeddable":true,"href":"https:\/\/www.ariens.eu\/ba\/wp-json\/wp\/v2\/media\/6005"}],"wp:attachment":[{"href":"https:\/\/www.ariens.eu\/ba\/wp-json\/wp\/v2\/media?parent=6002"}],"wp:term":[{"taxonomy":"product_brand","embeddable":true,"href":"https:\/\/www.ariens.eu\/ba\/wp-json\/wp\/v2\/product_brand?post=6002"},{"taxonomy":"product_cat","embeddable":true,"href":"https:\/\/www.ariens.eu\/ba\/wp-json\/wp\/v2\/product_cat?post=6002"},{"taxonomy":"product_tag","embeddable":true,"href":"https:\/\/www.ariens.eu\/ba\/wp-json\/wp\/v2\/product_tag?post=6002"}],"curies":[{"name":"wp","href":"https:\/\/api.w.org\/{rel}","templated":true}]}}