{"id":1863,"date":"2024-04-30T14:30:11","date_gmt":"2024-04-30T13:30:11","guid":{"rendered":"https:\/\/www.ariens.eu\/?page_id=1863"},"modified":"2024-06-17T16:18:48","modified_gmt":"2024-06-17T15:18:48","slug":"kundenstimmen","status":"publish","type":"page","link":"https:\/\/www.ariens.eu\/ch\/aktuelles\/kundenstimmen\/","title":{"rendered":"Kundenstimmen"},"content":{"rendered":"","protected":false},"excerpt":{"rendered":"","protected":false},"author":7,"featured_media":0,"parent":1752,"menu_order":0,"comment_status":"closed","ping_status":"closed","template":"template-posts_archive.php","meta":{"_acf_changed":false,"_relevanssi_hide_post":"","_relevanssi_hide_content":"","_relevanssi_pin_for_all":"","_relevanssi_pin_keywords":"","_relevanssi_unpin_keywords":"","_relevanssi_related_keywords":"","_relevanssi_related_include_ids":"","_relevanssi_related_exclude_ids":"","_relevanssi_related_no_append":"","_relevanssi_related_not_related":"","_relevanssi_related_posts":"","_relevanssi_noindex_reason":"","footnotes":""},"class_list":["post-1863","page","type-page","status-publish","hentry"],"acf":[],"yoast_head":"<!-- This site is optimized with the Yoast SEO plugin v27.3 - https:\/\/yoast.com\/product\/yoast-seo-wordpress\/ -->\n<title>Kundenstimmen - Ariens<\/title>\n<meta name=\"description\" content=\"Was f\u00fcr uns z\u00e4hlt, ist der Erfolg, den Sie mit ARIENS-Maschinen bei Ihrer Arbeit erzielen. Hier erfahren Sie, was unsere Kunden \u00fcber ARIENS-Maschinen sagen.\" \/>\n<meta name=\"robots\" content=\"index, follow, max-snippet:-1, max-image-preview:large, max-video-preview:-1\" \/>\n<link rel=\"canonical\" href=\"https:\/\/www.ariens.eu\/ch\/aktuelles\/kundenstimmen\/\" \/>\n<meta property=\"og:locale\" content=\"de_DE\" \/>\n<meta property=\"og:type\" content=\"article\" \/>\n<meta property=\"og:title\" content=\"Kundenstimmen - Ariens\" \/>\n<meta property=\"og:description\" content=\"Was f\u00fcr uns z\u00e4hlt, ist der Erfolg, den Sie mit ARIENS-Maschinen bei Ihrer Arbeit erzielen. Hier erfahren Sie, was unsere Kunden \u00fcber ARIENS-Maschinen sagen.\" \/>\n<meta property=\"og:url\" content=\"https:\/\/www.ariens.eu\/ch\/aktuelles\/kundenstimmen\/\" \/>\n<meta property=\"og:site_name\" content=\"Ariens | EMEAA\" \/>\n<meta property=\"article:modified_time\" content=\"2024-06-17T15:18:48+00:00\" \/>\n<meta name=\"twitter:card\" content=\"summary_large_image\" \/>\n<script type=\"application\/ld+json\" class=\"yoast-schema-graph\">{\"@context\":\"https:\\\/\\\/schema.org\",\"@graph\":[{\"@type\":\"WebPage\",\"@id\":\"https:\\\/\\\/www.ariens.eu\\\/ch\\\/aktuelles\\\/kundenstimmen\\\/\",\"url\":\"https:\\\/\\\/www.ariens.eu\\\/ch\\\/aktuelles\\\/kundenstimmen\\\/\",\"name\":\"Kundenstimmen - Ariens\",\"isPartOf\":{\"@id\":\"https:\\\/\\\/www.ariens.eu\\\/ch\\\/#website\"},\"datePublished\":\"2024-04-30T13:30:11+00:00\",\"dateModified\":\"2024-06-17T15:18:48+00:00\",\"description\":\"Was f\u00fcr uns z\u00e4hlt, ist der Erfolg, den Sie mit ARIENS-Maschinen bei Ihrer Arbeit erzielen. Hier erfahren Sie, was unsere Kunden \u00fcber ARIENS-Maschinen sagen.\",\"breadcrumb\":{\"@id\":\"https:\\\/\\\/www.ariens.eu\\\/ch\\\/aktuelles\\\/kundenstimmen\\\/#breadcrumb\"},\"inLanguage\":\"de\",\"potentialAction\":[{\"@type\":\"ReadAction\",\"target\":[\"https:\\\/\\\/www.ariens.eu\\\/ch\\\/aktuelles\\\/kundenstimmen\\\/\"]}]},{\"@type\":\"BreadcrumbList\",\"@id\":\"https:\\\/\\\/www.ariens.eu\\\/ch\\\/aktuelles\\\/kundenstimmen\\\/#breadcrumb\",\"itemListElement\":[{\"@type\":\"ListItem\",\"position\":1,\"name\":\"Home\",\"item\":\"https:\\\/\\\/www.ariens.eu\\\/ch\\\/\"},{\"@type\":\"ListItem\",\"position\":2,\"name\":\"Aktuelles\",\"item\":\"https:\\\/\\\/www.ariens.eu\\\/ch\\\/aktuelles\\\/\"},{\"@type\":\"ListItem\",\"position\":3,\"name\":\"Kundenstimmen\"}]},{\"@type\":\"WebSite\",\"@id\":\"https:\\\/\\\/www.ariens.eu\\\/ch\\\/#website\",\"url\":\"https:\\\/\\\/www.ariens.eu\\\/ch\\\/\",\"name\":\"Ariens | EMEAA\",\"description\":\"Powerful and reliable zero-turn mowers &amp; snow blowers for professional users and demanding private customers\",\"potentialAction\":[{\"@type\":\"SearchAction\",\"target\":{\"@type\":\"EntryPoint\",\"urlTemplate\":\"https:\\\/\\\/www.ariens.eu\\\/ch\\\/?s={search_term_string}\"},\"query-input\":{\"@type\":\"PropertyValueSpecification\",\"valueRequired\":true,\"valueName\":\"search_term_string\"}}],\"inLanguage\":\"de\"}]}<\/script>\n<!-- \/ Yoast SEO plugin. -->","yoast_head_json":{"title":"Kundenstimmen - Ariens","description":"Was f\u00fcr uns z\u00e4hlt, ist der Erfolg, den Sie mit ARIENS-Maschinen bei Ihrer Arbeit erzielen. Hier erfahren Sie, was unsere Kunden \u00fcber ARIENS-Maschinen sagen.","robots":{"index":"index","follow":"follow","max-snippet":"max-snippet:-1","max-image-preview":"max-image-preview:large","max-video-preview":"max-video-preview:-1"},"canonical":"https:\/\/www.ariens.eu\/ch\/aktuelles\/kundenstimmen\/","og_locale":"de_DE","og_type":"article","og_title":"Kundenstimmen - Ariens","og_description":"Was f\u00fcr uns z\u00e4hlt, ist der Erfolg, den Sie mit ARIENS-Maschinen bei Ihrer Arbeit erzielen. Hier erfahren Sie, was unsere Kunden \u00fcber ARIENS-Maschinen sagen.","og_url":"https:\/\/www.ariens.eu\/ch\/aktuelles\/kundenstimmen\/","og_site_name":"Ariens | EMEAA","article_modified_time":"2024-06-17T15:18:48+00:00","twitter_card":"summary_large_image","schema":{"@context":"https:\/\/schema.org","@graph":[{"@type":"WebPage","@id":"https:\/\/www.ariens.eu\/ch\/aktuelles\/kundenstimmen\/","url":"https:\/\/www.ariens.eu\/ch\/aktuelles\/kundenstimmen\/","name":"Kundenstimmen - Ariens","isPartOf":{"@id":"https:\/\/www.ariens.eu\/ch\/#website"},"datePublished":"2024-04-30T13:30:11+00:00","dateModified":"2024-06-17T15:18:48+00:00","description":"Was f\u00fcr uns z\u00e4hlt, ist der Erfolg, den Sie mit ARIENS-Maschinen bei Ihrer Arbeit erzielen. Hier erfahren Sie, was unsere Kunden \u00fcber ARIENS-Maschinen sagen.","breadcrumb":{"@id":"https:\/\/www.ariens.eu\/ch\/aktuelles\/kundenstimmen\/#breadcrumb"},"inLanguage":"de","potentialAction":[{"@type":"ReadAction","target":["https:\/\/www.ariens.eu\/ch\/aktuelles\/kundenstimmen\/"]}]},{"@type":"BreadcrumbList","@id":"https:\/\/www.ariens.eu\/ch\/aktuelles\/kundenstimmen\/#breadcrumb","itemListElement":[{"@type":"ListItem","position":1,"name":"Home","item":"https:\/\/www.ariens.eu\/ch\/"},{"@type":"ListItem","position":2,"name":"Aktuelles","item":"https:\/\/www.ariens.eu\/ch\/aktuelles\/"},{"@type":"ListItem","position":3,"name":"Kundenstimmen"}]},{"@type":"WebSite","@id":"https:\/\/www.ariens.eu\/ch\/#website","url":"https:\/\/www.ariens.eu\/ch\/","name":"Ariens | EMEAA","description":"Powerful and reliable zero-turn mowers &amp; snow blowers for professional users and demanding private customers","potentialAction":[{"@type":"SearchAction","target":{"@type":"EntryPoint","urlTemplate":"https:\/\/www.ariens.eu\/ch\/?s={search_term_string}"},"query-input":{"@type":"PropertyValueSpecification","valueRequired":true,"valueName":"search_term_string"}}],"inLanguage":"de"}]}},"_links":{"self":[{"href":"https:\/\/www.ariens.eu\/ch\/wp-json\/wp\/v2\/pages\/1863","targetHints":{"allow":["GET"]}}],"collection":[{"href":"https:\/\/www.ariens.eu\/ch\/wp-json\/wp\/v2\/pages"}],"about":[{"href":"https:\/\/www.ariens.eu\/ch\/wp-json\/wp\/v2\/types\/page"}],"author":[{"embeddable":true,"href":"https:\/\/www.ariens.eu\/ch\/wp-json\/wp\/v2\/users\/7"}],"replies":[{"embeddable":true,"href":"https:\/\/www.ariens.eu\/ch\/wp-json\/wp\/v2\/comments?post=1863"}],"version-history":[{"count":7,"href":"https:\/\/www.ariens.eu\/ch\/wp-json\/wp\/v2\/pages\/1863\/revisions"}],"predecessor-version":[{"id":4478,"href":"https:\/\/www.ariens.eu\/ch\/wp-json\/wp\/v2\/pages\/1863\/revisions\/4478"}],"up":[{"embeddable":true,"href":"https:\/\/www.ariens.eu\/ch\/wp-json\/wp\/v2\/pages\/1752"}],"wp:attachment":[{"href":"https:\/\/www.ariens.eu\/ch\/wp-json\/wp\/v2\/media?parent=1863"}],"curies":[{"name":"wp","href":"https:\/\/api.w.org\/{rel}","templated":true}]}}