{"id":2304,"date":"2024-05-10T11:04:35","date_gmt":"2024-05-10T10:04:35","guid":{"rendered":"https:\/\/www.ariens.eu\/product\/professional-28\/"},"modified":"2025-11-10T10:48:32","modified_gmt":"2025-11-10T10:48:32","slug":"professional-28","status":"publish","type":"product","link":"https:\/\/www.ariens.eu\/ch\/produkt\/schneefraesen\/professional-serie\/professional-28","title":{"rendered":"PROFESSIONAL 28"},"content":{"rendered":"<div class=\"acfd-block acfd-block__twocolumns mb-asm-1 container-fluid px-0 bg-default\">\n<div class=\"acfd-twocolumns\">\n<div class=\"row\">\n<div class='col-lg-9 mb-4'>\n<div class=\"acfd-block acfd-block__headline container-fluid px-0 bg-default\">\n<div class=\"acfd-headline\" >\n<h2 class='h2 text-left'>Robuste Maschine f\u00fcr den harten Einsatz und f\u00fcr gewerbliche Zwecke<\/h2>\n<\/p><\/div>\n<\/div><\/div>\n<div class='col-lg'>                    <\/div>\n<\/p><\/div>\n<\/div>\n<\/div>\n<div class=\"acfd-block acfd-block__twocolumns mb-asm-2 container-fluid px-0 bg-default\">\n<div class=\"acfd-twocolumns\">\n<div class=\"row\">\n<div class='col-lg-9 mb-4'>\n<div class=\"acfd-block acfd-block__text container-fluid px-0 bg-default\">\n<div class=\"acfd-text\">\n<p>Milliarden von Schneeflocken gegen eine Maschine. Ist genau richtig.They tame the wildest of snowstorms with ease. Haben Sie Massen von Schnee voll im Griff. Die tiefsten, schwersten Schneef\u00e4lle sind in dem Moment vorbei, in dem Sie diesen 420-cm3-Motor anwerfen. Sie m\u00fcssen kein Profi sein, um eine solche Maschine zu besitzen. Sie m\u00fcssen nur den Wunsch haben, so viel Schnee wie m\u00f6glich in so kurzer Zeit wie m\u00f6glich zu r\u00e4umen. Fr\u00e4sen und r\u00e4umen Sie wie die Profis.<\/p>\n<p>Die Professional 28 ist ein Ger\u00e4t f\u00fcr den harten Einsatz und f\u00fcr gewerbliche Zwecke.<\/p>\n<ul>\n<li>R\u00e4umbreite von 71 cm<\/li>\n<li>Maximale Leistung: 79 Tonnen Schnee\/Stunde<\/li>\n<li>Leistungsstarker 420cm\u00b3 Ariens AX EFI-Motor mit Elektrostart per Knopfdruckrt<\/li>\n<li>Extra gro\u00dfe Geh\u00e4useh\u00f6he f\u00fcr tiefen Schnee<\/li>\n<li>Einh\u00e4ndige Bedienung m\u00f6glich<\/li>\n<li>Serienm\u00e4\u00dfige Premium-Ausstattung mit LED-Beleuchtung, Handw\u00e4rmer, ferngesteuertem Ablenkblech und Gleitschuhen<\/li>\n<li>F\u00fcr den gewerblichen Einsatz<\/li>\n<\/ul>\n<\/div>\n<\/div><\/div>\n<div class='col-lg'>                    <\/div>\n<\/p><\/div>\n<\/div>\n<\/div>\n<div class=\"acfd-block acfd-block__category mb-asm-3 container-fluid px-0 bg-default\">\n<div class=\"acfd-product-categories\">\n<h2 class=\"text-left mb-3\">\n        Eins\u00e4tze    <\/h2>\n<div class=\"product-categories_wrapper\">\n         <span\n                data-description=\"Das patentierte Ariens AutoTurn<sup>&reg;<\/sup> Lenksystem verhindert das Durchdrehen eines Antriebsrades oder einer RapidTrak\u2122 Raupe. Gleichzeitig erlaubt es einfaches Lenken der Maschine, indem es beim Lenken automatisch eine Antriebsseite freigibt. Alle Ariens Schneefr\u00e4\u00dfen, au\u00dfer dem Modell CLASSIC, verf\u00fcgen \u00fcber AutoTurn.\"                class=\"product-category-single\"> AutoTurn<sup>&reg;<\/sup>                <sup><i class=\"fa fa-info-circle\" aria-hidden=\"true\"><\/i><\/sup>            <\/span>  <span\n                data-description=\"SHO bedeutet Super-High-Output. Das Hochleistungsschleuderrad der Modelle PLATINUM und PROFESSIONAL schafft mehr Schnee pro Stunde und wirft weiter.\"                class=\"product-category-single\"> SHO-Schleuderrad                <sup><i class=\"fa fa-info-circle\" aria-hidden=\"true\"><\/i><\/sup>            <\/span>  <span\n                data-description=\"Ein 230 Volt Anschluss erm\u00f6glicht Ihnen den Start der Maschine auf Knopfdruck.\"                class=\"product-category-single\"> Elektrostart                <sup><i class=\"fa fa-info-circle\" aria-hidden=\"true\"><\/i><\/sup>            <\/span>     <\/div>\n<\/div>\n<\/div>\n<div class=\"acfd-block acfd-block__twocolumns mb-asm-2 container-fluid container-fluid--force px-0 bg-default\">\n<div class=\"acfd-twocolumns\">\n<div class=\"row\">\n<div class='col-lg-12 mb-4'>\n<div class=\"acfd-product-advantages--wrapper\">\n<h2 class=\"h1 bigger text-color-black text-center mb-5\">\n        Merkmale &#038; Vorteile    <\/h2>\n<div class=\"acfd-product-advantages\">\n<div class=\"row\">\n<div class=\"col-md-6 mb-4 content\">\n                    <span class=\"d-block h5 text-color-brand mb-1\">Hydrostatischer Fahrantrieb<\/span><\/p>\n<p>Stufenlose Geschwindigkeitsanpassung w\u00e4hrend der Fahrt. Einfach am Stellhebel regeln.<\/p>\n<\/p><\/div>\n<div class=\"col-md-6 mb4 image\"  style=\"background-image:url(https:\/\/www.ariens.eu\/ch\/wp-content\/uploads\/sites\/3\/2024\/05\/Hydrostatic_Drive_03-scaled.webp)\">\n                <\/div>\n<\/p><\/div>\n<div class=\"row\">\n<div class=\"col-md-6 mb-4 content\">\n                    <span class=\"d-block h5 text-color-brand mb-1\">35,5 cm Hochleistungs-Schaufelrad<\/span><\/p>\n<p>Die Ariens SHO-Technologie bedeutet Super High Output. Oder einfacher ausgedr\u00fcckt: Das Schaufelrad ist besonders Leistungsstark und r\u00e4umt den Schnee der vorgelagerten Fr\u00e4se schneller weg. Bis zu 79 Tonnen\/Stunde.<\/p>\n<\/p><\/div>\n<div class=\"col-md-6 mb4 image\"  style=\"background-image:url(https:\/\/www.ariens.eu\/ch\/wp-content\/uploads\/sites\/3\/2024\/05\/SHO_Impeller.webp)\">\n                <\/div>\n<\/p><\/div>\n<div class=\"row\">\n<div class=\"col-md-6 mb-4 content\">\n                    <span class=\"d-block h5 text-color-brand mb-1\">Helles LED-Licht<\/span><\/p>\n<p>Ultra-helles LED Licht serienm\u00e4\u00dfig auf allen Modellen der Professional Serie. Pr\u00e4zises R\u00e4umen am Morgen, am Abend und in der Nacht.<\/p>\n<\/p><\/div>\n<div class=\"col-md-6 mb4 image\"  style=\"background-image:url(https:\/\/www.ariens.eu\/ch\/wp-content\/uploads\/sites\/3\/2024\/05\/LED_LIGHT_Solo-1.webp)\">\n                <\/div>\n<\/p><\/div>\n<div class=\"row\">\n<div class=\"col-md-6 mb-4 content\">\n                    <span class=\"d-block h5 text-color-brand mb-1\">Auto-Turn-Lenkung<\/span><\/p>\n<p>Geradeaus fahren mit gesperrter Hinterachse f\u00fcr maximalen Grip. Sobald Sie die Maschine lenken wird die Achse entsperrt und auf der Stelle drehen ist ein echtes Kinderspiel. Eine patentierte Erfindung von Ariens.<\/p>\n<\/p><\/div>\n<div class=\"col-md-6 mb4 image\"  style=\"background-image:url(https:\/\/www.ariens.eu\/ch\/wp-content\/uploads\/sites\/3\/2024\/05\/feature6ars_fb_profe-2.png)\">\n                <\/div>\n<\/p><\/div>\n<div class=\"row\">\n<div class=\"col-md-6 mb-4 content\">\n                    <span class=\"d-block h5 text-color-brand mb-1\">Ariens<sup>&reg;<\/sup> AX 420 EFI Motor<\/span><\/p>\n<p>Leistungsstarker Motor mit elektronischer Kraftstoffeinspritzung (EFI), der auch unter h\u00e4rtesten Bedingungen problemlos startet. Hohe Leistung, sparsamer Kraftstoffverbrauch und schneller Leistungsannahme.<\/p>\n<\/p><\/div>\n<div class=\"col-md-6 mb4 image\"  style=\"background-image:url(https:\/\/www.ariens.eu\/ch\/wp-content\/uploads\/sites\/3\/2024\/05\/Electric_start.webp)\">\n                <\/div>\n<\/p><\/div>\n<div class=\"row\">\n<div class=\"col-md-6 mb-4 content\">\n                    <span class=\"d-block h5 text-color-brand mb-1\">Massiver Lenker aus verst\u00e4rktem Stahl<\/span><\/p>\n<p>Starke Maschinen brauchen starke und robuste Lenker. Diese sind zu 100 % aus Stahl hoch stabil.<\/p>\n<\/p><\/div>\n<div class=\"col-md-6 mb4 image\"  style=\"background-image:url(https:\/\/www.ariens.eu\/ch\/wp-content\/uploads\/sites\/3\/2024\/05\/Reinforced_Handlebars_02-scaled.webp)\">\n                <\/div>\n<\/p><\/div>\n<\/p><\/div>\n<\/div><\/div>\n<div class='col-lg'>                    <\/div>\n<\/p><\/div>\n<\/div>\n<\/div>\n","protected":false},"excerpt":{"rendered":"<p>Robuste Maschine f\u00fcr den harten Einsatz und f\u00fcr gewerbliche Zwecke Milliarden von Schneeflocken gegen eine Maschine. Ist genau richtig.They tame the wildest of snowstorms with ease. Haben Sie Massen von Schnee voll im Griff. Die tiefsten, schwersten Schneef\u00e4lle sind in dem Moment vorbei, in dem Sie diesen 420-cm3-Motor anwerfen. Sie m\u00fcssen kein Profi sein, um [&hellip;]<\/p>\n","protected":false},"featured_media":2691,"comment_status":"open","ping_status":"closed","template":"","meta":{"_acf_changed":false,"_relevanssi_hide_post":"","_relevanssi_hide_content":"","_relevanssi_pin_for_all":"","_relevanssi_pin_keywords":"","_relevanssi_unpin_keywords":"","_relevanssi_related_keywords":"","_relevanssi_related_include_ids":"","_relevanssi_related_exclude_ids":"","_relevanssi_related_no_append":"","_relevanssi_related_not_related":"","_relevanssi_related_posts":"","_relevanssi_noindex_reason":""},"product_brand":[],"product_cat":[15],"product_tag":[],"class_list":{"0":"post-2304","1":"product","2":"type-product","3":"status-publish","4":"has-post-thumbnail","6":"product_variant-professional-serie","7":"product_usage_areas-kommunen-bauhoefe","8":"product_usage_areas-winterdienst","10":"first","11":"instock","12":"shipping-taxable","13":"product-type-simple"},"acf":[],"yoast_head":"<!-- This site is optimized with the Yoast SEO plugin v27.3 - https:\/\/yoast.com\/product\/yoast-seo-wordpress\/ -->\n<title>PROFESSIONAL 28 - Schneefr\u00e4se | Ariens<\/title>\n<meta name=\"description\" content=\"Ausgestattet mit einer gro\u00dfen R\u00e4umbreite von 71 cm (28\u2033), die 79 Tonnen Schnee pro Stunde bewegt. Robuste Maschine f\u00fcr den schweren und gewerblichen Einsatz.\" \/>\n<meta name=\"robots\" content=\"index, follow, max-snippet:-1, max-image-preview:large, max-video-preview:-1\" \/>\n<link rel=\"canonical\" href=\"https:\/\/www.ariens.eu\/ch\/product\/schneefraesen\/professional-serie\/professional-28\/\" \/>\n<meta property=\"og:locale\" content=\"de_DE\" \/>\n<meta property=\"og:type\" content=\"article\" \/>\n<meta property=\"og:title\" content=\"PROFESSIONAL 28 - Schneefr\u00e4se | Ariens\" \/>\n<meta property=\"og:description\" content=\"Ausgestattet mit einer gro\u00dfen R\u00e4umbreite von 71 cm (28\u2033), die 79 Tonnen Schnee pro Stunde bewegt. Robuste Maschine f\u00fcr den schweren und gewerblichen Einsatz.\" \/>\n<meta property=\"og:url\" content=\"https:\/\/www.ariens.eu\/ch\/product\/schneefraesen\/professional-serie\/professional-28\/\" \/>\n<meta property=\"og:site_name\" content=\"Ariens | EMEAA\" \/>\n<meta property=\"article:modified_time\" content=\"2025-11-10T10:48:32+00:00\" \/>\n<meta property=\"og:image\" content=\"https:\/\/www.ariens.eu\/ch\/wp-content\/uploads\/sites\/11\/2024\/05\/ariens-professional-28-two-stage-snow-thrower-front34-768x555-3.webp\" \/>\n\t<meta property=\"og:image:width\" content=\"768\" \/>\n\t<meta property=\"og:image:height\" content=\"555\" \/>\n\t<meta property=\"og:image:type\" content=\"image\/webp\" \/>\n<meta name=\"twitter:card\" content=\"summary_large_image\" \/>\n<meta name=\"twitter:label1\" content=\"Gesch\u00e4tzte Lesezeit\" \/>\n\t<meta name=\"twitter:data1\" content=\"2\u00a0Minuten\" \/>\n<script type=\"application\/ld+json\" class=\"yoast-schema-graph\">{\"@context\":\"https:\\\/\\\/schema.org\",\"@graph\":[{\"@type\":\"WebPage\",\"@id\":\"https:\\\/\\\/www.ariens.eu\\\/ch\\\/product\\\/schneefraesen\\\/professional-serie\\\/professional-28\\\/\",\"url\":\"https:\\\/\\\/www.ariens.eu\\\/ch\\\/product\\\/schneefraesen\\\/professional-serie\\\/professional-28\\\/\",\"name\":\"PROFESSIONAL 28 - Schneefr\u00e4se | Ariens\",\"isPartOf\":{\"@id\":\"https:\\\/\\\/www.ariens.eu\\\/ch\\\/#website\"},\"primaryImageOfPage\":{\"@id\":\"https:\\\/\\\/www.ariens.eu\\\/ch\\\/product\\\/schneefraesen\\\/professional-serie\\\/professional-28\\\/#primaryimage\"},\"image\":{\"@id\":\"https:\\\/\\\/www.ariens.eu\\\/ch\\\/product\\\/schneefraesen\\\/professional-serie\\\/professional-28\\\/#primaryimage\"},\"thumbnailUrl\":\"https:\\\/\\\/www.ariens.eu\\\/ch\\\/wp-content\\\/uploads\\\/sites\\\/11\\\/2024\\\/05\\\/ariens-professional-28-two-stage-snow-thrower-front34-768x555-3.webp\",\"datePublished\":\"2024-05-10T10:04:35+00:00\",\"dateModified\":\"2025-11-10T10:48:32+00:00\",\"description\":\"Ausgestattet mit einer gro\u00dfen R\u00e4umbreite von 71 cm (28\u2033), die 79 Tonnen Schnee pro Stunde bewegt. Robuste Maschine f\u00fcr den schweren und gewerblichen Einsatz.\",\"breadcrumb\":{\"@id\":\"https:\\\/\\\/www.ariens.eu\\\/ch\\\/product\\\/schneefraesen\\\/professional-serie\\\/professional-28\\\/#breadcrumb\"},\"inLanguage\":\"de\",\"potentialAction\":[{\"@type\":\"ReadAction\",\"target\":[\"https:\\\/\\\/www.ariens.eu\\\/ch\\\/product\\\/schneefraesen\\\/professional-serie\\\/professional-28\\\/\"]}]},{\"@type\":\"ImageObject\",\"inLanguage\":\"de\",\"@id\":\"https:\\\/\\\/www.ariens.eu\\\/ch\\\/product\\\/schneefraesen\\\/professional-serie\\\/professional-28\\\/#primaryimage\",\"url\":\"https:\\\/\\\/www.ariens.eu\\\/ch\\\/wp-content\\\/uploads\\\/sites\\\/11\\\/2024\\\/05\\\/ariens-professional-28-two-stage-snow-thrower-front34-768x555-3.webp\",\"contentUrl\":\"https:\\\/\\\/www.ariens.eu\\\/ch\\\/wp-content\\\/uploads\\\/sites\\\/11\\\/2024\\\/05\\\/ariens-professional-28-two-stage-snow-thrower-front34-768x555-3.webp\",\"width\":768,\"height\":555},{\"@type\":\"BreadcrumbList\",\"@id\":\"https:\\\/\\\/www.ariens.eu\\\/ch\\\/product\\\/schneefraesen\\\/professional-serie\\\/professional-28\\\/#breadcrumb\",\"itemListElement\":[{\"@type\":\"ListItem\",\"position\":1,\"name\":\"Home\",\"item\":\"https:\\\/\\\/www.ariens.eu\\\/ch\\\/\"},{\"@type\":\"ListItem\",\"position\":2,\"name\":\"Shop\",\"item\":\"https:\\\/\\\/www.ariens.eu\\\/ch\\\/shop\\\/\"},{\"@type\":\"ListItem\",\"position\":3,\"name\":\"PROFESSIONAL 28\"}]},{\"@type\":\"WebSite\",\"@id\":\"https:\\\/\\\/www.ariens.eu\\\/ch\\\/#website\",\"url\":\"https:\\\/\\\/www.ariens.eu\\\/ch\\\/\",\"name\":\"Ariens | EMEAA\",\"description\":\"Powerful and reliable zero-turn mowers &amp; snow blowers for professional users and demanding private customers\",\"potentialAction\":[{\"@type\":\"SearchAction\",\"target\":{\"@type\":\"EntryPoint\",\"urlTemplate\":\"https:\\\/\\\/www.ariens.eu\\\/ch\\\/?s={search_term_string}\"},\"query-input\":{\"@type\":\"PropertyValueSpecification\",\"valueRequired\":true,\"valueName\":\"search_term_string\"}}],\"inLanguage\":\"de\"}]}<\/script>\n<!-- \/ Yoast SEO plugin. -->","yoast_head_json":{"title":"PROFESSIONAL 28 - Schneefr\u00e4se | Ariens","description":"Ausgestattet mit einer gro\u00dfen R\u00e4umbreite von 71 cm (28\u2033), die 79 Tonnen Schnee pro Stunde bewegt. Robuste Maschine f\u00fcr den schweren und gewerblichen Einsatz.","robots":{"index":"index","follow":"follow","max-snippet":"max-snippet:-1","max-image-preview":"max-image-preview:large","max-video-preview":"max-video-preview:-1"},"canonical":"https:\/\/www.ariens.eu\/ch\/product\/schneefraesen\/professional-serie\/professional-28\/","og_locale":"de_DE","og_type":"article","og_title":"PROFESSIONAL 28 - Schneefr\u00e4se | Ariens","og_description":"Ausgestattet mit einer gro\u00dfen R\u00e4umbreite von 71 cm (28\u2033), die 79 Tonnen Schnee pro Stunde bewegt. Robuste Maschine f\u00fcr den schweren und gewerblichen Einsatz.","og_url":"https:\/\/www.ariens.eu\/ch\/product\/schneefraesen\/professional-serie\/professional-28\/","og_site_name":"Ariens | EMEAA","article_modified_time":"2025-11-10T10:48:32+00:00","og_image":[{"width":768,"height":555,"url":"https:\/\/www.ariens.eu\/ch\/wp-content\/uploads\/sites\/11\/2024\/05\/ariens-professional-28-two-stage-snow-thrower-front34-768x555-3.webp","type":"image\/webp"}],"twitter_card":"summary_large_image","twitter_misc":{"Gesch\u00e4tzte Lesezeit":"2\u00a0Minuten"},"schema":{"@context":"https:\/\/schema.org","@graph":[{"@type":"WebPage","@id":"https:\/\/www.ariens.eu\/ch\/product\/schneefraesen\/professional-serie\/professional-28\/","url":"https:\/\/www.ariens.eu\/ch\/product\/schneefraesen\/professional-serie\/professional-28\/","name":"PROFESSIONAL 28 - Schneefr\u00e4se | Ariens","isPartOf":{"@id":"https:\/\/www.ariens.eu\/ch\/#website"},"primaryImageOfPage":{"@id":"https:\/\/www.ariens.eu\/ch\/product\/schneefraesen\/professional-serie\/professional-28\/#primaryimage"},"image":{"@id":"https:\/\/www.ariens.eu\/ch\/product\/schneefraesen\/professional-serie\/professional-28\/#primaryimage"},"thumbnailUrl":"https:\/\/www.ariens.eu\/ch\/wp-content\/uploads\/sites\/11\/2024\/05\/ariens-professional-28-two-stage-snow-thrower-front34-768x555-3.webp","datePublished":"2024-05-10T10:04:35+00:00","dateModified":"2025-11-10T10:48:32+00:00","description":"Ausgestattet mit einer gro\u00dfen R\u00e4umbreite von 71 cm (28\u2033), die 79 Tonnen Schnee pro Stunde bewegt. Robuste Maschine f\u00fcr den schweren und gewerblichen Einsatz.","breadcrumb":{"@id":"https:\/\/www.ariens.eu\/ch\/product\/schneefraesen\/professional-serie\/professional-28\/#breadcrumb"},"inLanguage":"de","potentialAction":[{"@type":"ReadAction","target":["https:\/\/www.ariens.eu\/ch\/product\/schneefraesen\/professional-serie\/professional-28\/"]}]},{"@type":"ImageObject","inLanguage":"de","@id":"https:\/\/www.ariens.eu\/ch\/product\/schneefraesen\/professional-serie\/professional-28\/#primaryimage","url":"https:\/\/www.ariens.eu\/ch\/wp-content\/uploads\/sites\/11\/2024\/05\/ariens-professional-28-two-stage-snow-thrower-front34-768x555-3.webp","contentUrl":"https:\/\/www.ariens.eu\/ch\/wp-content\/uploads\/sites\/11\/2024\/05\/ariens-professional-28-two-stage-snow-thrower-front34-768x555-3.webp","width":768,"height":555},{"@type":"BreadcrumbList","@id":"https:\/\/www.ariens.eu\/ch\/product\/schneefraesen\/professional-serie\/professional-28\/#breadcrumb","itemListElement":[{"@type":"ListItem","position":1,"name":"Home","item":"https:\/\/www.ariens.eu\/ch\/"},{"@type":"ListItem","position":2,"name":"Shop","item":"https:\/\/www.ariens.eu\/ch\/shop\/"},{"@type":"ListItem","position":3,"name":"PROFESSIONAL 28"}]},{"@type":"WebSite","@id":"https:\/\/www.ariens.eu\/ch\/#website","url":"https:\/\/www.ariens.eu\/ch\/","name":"Ariens | EMEAA","description":"Powerful and reliable zero-turn mowers &amp; snow blowers for professional users and demanding private customers","potentialAction":[{"@type":"SearchAction","target":{"@type":"EntryPoint","urlTemplate":"https:\/\/www.ariens.eu\/ch\/?s={search_term_string}"},"query-input":{"@type":"PropertyValueSpecification","valueRequired":true,"valueName":"search_term_string"}}],"inLanguage":"de"}]}},"_links":{"self":[{"href":"https:\/\/www.ariens.eu\/ch\/wp-json\/wp\/v2\/product\/2304","targetHints":{"allow":["GET"]}}],"collection":[{"href":"https:\/\/www.ariens.eu\/ch\/wp-json\/wp\/v2\/product"}],"about":[{"href":"https:\/\/www.ariens.eu\/ch\/wp-json\/wp\/v2\/types\/product"}],"replies":[{"embeddable":true,"href":"https:\/\/www.ariens.eu\/ch\/wp-json\/wp\/v2\/comments?post=2304"}],"wp:featuredmedia":[{"embeddable":true,"href":"https:\/\/www.ariens.eu\/ch\/wp-json\/wp\/v2\/media\/2691"}],"wp:attachment":[{"href":"https:\/\/www.ariens.eu\/ch\/wp-json\/wp\/v2\/media?parent=2304"}],"wp:term":[{"taxonomy":"product_brand","embeddable":true,"href":"https:\/\/www.ariens.eu\/ch\/wp-json\/wp\/v2\/product_brand?post=2304"},{"taxonomy":"product_cat","embeddable":true,"href":"https:\/\/www.ariens.eu\/ch\/wp-json\/wp\/v2\/product_cat?post=2304"},{"taxonomy":"product_tag","embeddable":true,"href":"https:\/\/www.ariens.eu\/ch\/wp-json\/wp\/v2\/product_tag?post=2304"}],"curies":[{"name":"wp","href":"https:\/\/api.w.org\/{rel}","templated":true}]}}