{"id":2312,"date":"2024-05-10T11:04:36","date_gmt":"2024-05-10T10:04:36","guid":{"rendered":"https:\/\/www.ariens.eu\/product\/deluxe-28-rapidtrak\/"},"modified":"2025-11-10T10:48:33","modified_gmt":"2025-11-10T10:48:33","slug":"deluxe-28-rapidtrak","status":"publish","type":"product","link":"https:\/\/www.ariens.eu\/ch\/produkt\/schneefraesen\/deluxe-serie\/deluxe-28-rapidtrak","title":{"rendered":"DELUXE 28 RAPIDTRAK"},"content":{"rendered":"<div class=\"acfd-block acfd-block__twocolumns mb-asm-1 container-fluid px-0 bg-default\">\n<div class=\"acfd-twocolumns\">\n<div class=\"row\">\n<div class='col-lg-9 mb-4'>\n<div class=\"acfd-block acfd-block__headline container-fluid px-0 bg-default\">\n<div class=\"acfd-headline\" >\n<h2 class='h2 text-left'>Starker Antrieb und hoher Sch\u00fcrfleisten Druck auf festgefahrenem Schnee<\/h2>\n<\/p><\/div>\n<\/div><\/div>\n<div class='col-lg'>                    <\/div>\n<\/p><\/div>\n<\/div>\n<\/div>\n<div class=\"acfd-block acfd-block__twocolumns mb-asm-2 container-fluid px-0 bg-default\">\n<div class=\"acfd-twocolumns\">\n<div class=\"row\">\n<div class='col-lg-9 mb-4'>\n<div class=\"acfd-block acfd-block__text container-fluid px-0 bg-default\">\n<div class=\"acfd-text\">\n<p>Es ist kein Wunder, dass die DELUXE-Serie unser Bestseller ist. Mit ihr dr\u00e4ngen Sie den Winter immer wieder ein St\u00fcckchen zur\u00fcck. Mit ihr dr\u00e4ngen Sie den Winter immer wieder ein St\u00fcckchen zur\u00fcck. zu man\u00f6vrieren und zu steuern. Mit mehreren R\u00e4umbreiten und einer Auswahl an leistungsstarken Ariens AX-Motoren ist es einfach, die richtige DELUXE Schneefr\u00e4se f\u00fcr Ihr Grundst\u00fcck zu finden.<\/p>\n<p>Mit der Deluxe 28 RapidTrak r\u00e4umen Sie Schnee ohne Kompromisse auf anspruchsvollem Terrain. Der verstellbare Kettenantrieb kann fahren und wenden wie ein Rad, Schieben wie eine Kette und wenn gewollt sich richtig in einen Schneeberg graben.<\/p>\n<ul>\n<li>Mit einer breiten R\u00e4umbreite von 71 cm, die bis zu 65 Tonnen Schnee pro Stunde r\u00e4umt<\/li>\n<li>Leistungsstarker 291cm\u00b3 Ariens AX-Motor<\/li>\n<li>Elektrostart 230 V<\/li>\n<li>Wirft Schnee bis zu 15 Meter weit<\/li>\n<li>36 cm (14&#8243;) Fr\u00e4\u00df- und Laufraddurchmesser<\/li>\n<li>Hohe Geh\u00e4useh\u00f6he von 53 cm f\u00fcr tieferen Schnee<\/li>\n<li>Auto-Turn-Lenkung f\u00fcr m\u00fcheloses Lenken<\/li>\n<li>Verriegelte Griffe f\u00fcr einh\u00e4ndige Bedienung<\/li>\n<li>Ariens exklusive Rapidtrak\u2122-Technologie meistert jedes Terrain und ist umschaltbar zwischen Rad-, Ketten- und \u201eGraben\u201c-Funktion<\/li>\n<\/ul>\n<\/div>\n<\/div><\/div>\n<div class='col-lg'>                    <\/div>\n<\/p><\/div>\n<\/div>\n<\/div>\n<div class=\"acfd-block acfd-block__category mb-asm-3 container-fluid px-0 bg-default\">\n<div class=\"acfd-product-categories\">\n<h2 class=\"text-left mb-3\">\n        Eins\u00e4tze    <\/h2>\n<div class=\"product-categories_wrapper\">\n         <span\n                data-description=\"Der patentierte RapidTrak\u2122 Raupenantrieb hat auf festgefahrenem und frischem Schnee die beste Traktion. Die Raupe ist verstellbar. Sie kann wie ein Radantrieb genutzt werden, f\u00fcr einfachstes Steuern, als Kettenantrieb f\u00fcr maximale Traktion und im Eingrabe-Modus f\u00fcr maximalen Druck auf der Sch\u00fcrfleiste und zum R\u00e4umen von gro\u00dfen Schneebergen. Auf eisigen Fl\u00e4chen ist Radantrieb mit Spike-Schneeketten empfehlenswert.\"                class=\"product-category-single\"> RapidTrak\u2122                <sup><i class=\"fa fa-info-circle\" aria-hidden=\"true\"><\/i><\/sup>            <\/span>  <span\n                data-description=\"Das patentierte Ariens AutoTurn<sup>&reg;<\/sup> Lenksystem verhindert das Durchdrehen eines Antriebsrades oder einer RapidTrak\u2122 Raupe. Gleichzeitig erlaubt es einfaches Lenken der Maschine, indem es beim Lenken automatisch eine Antriebsseite freigibt. Alle Ariens Schneefr\u00e4\u00dfen, au\u00dfer dem Modell CLASSIC, verf\u00fcgen \u00fcber AutoTurn.\"                class=\"product-category-single\"> AutoTurn<sup>&reg;<\/sup>                <sup><i class=\"fa fa-info-circle\" aria-hidden=\"true\"><\/i><\/sup>            <\/span>  <span\n                data-description=\"Ein 230 Volt Anschluss erm\u00f6glicht Ihnen den Start der Maschine auf Knopfdruck.\"                class=\"product-category-single\"> Elektrostart                <sup><i class=\"fa fa-info-circle\" aria-hidden=\"true\"><\/i><\/sup>            <\/span>     <\/div>\n<\/div>\n<\/div>\n<div class=\"acfd-block acfd-block__twocolumns mb-asm-2 container-fluid container-fluid--force px-0 bg-default\">\n<div class=\"acfd-twocolumns\">\n<div class=\"row\">\n<div class='col-lg-12 mb-4'>\n<div class=\"acfd-product-advantages--wrapper\">\n<h2 class=\"h1 bigger text-color-black text-center mb-5\">\n        Merkmale &#038; Vorteile    <\/h2>\n<div class=\"acfd-product-advantages\">\n<div class=\"row\">\n<div class=\"col-md-6 mb-4 content\">\n                    <span class=\"d-block h5 text-color-brand mb-1\">35,6 cm Turbinenschaufel<\/span><\/p>\n<p>Der 35,6 cm gro\u00dfe Impeller aus Stahl bietet au\u00dfergew\u00f6hnliche Leistung bei allen Schneeverh\u00e4ltnissen. Er wirft den Schnee von 0,9 \u2013 15,2 Meter weit.<\/p>\n<\/p><\/div>\n<div class=\"col-md-6 mb4 image\"  style=\"background-image:url(https:\/\/www.ariens.eu\/ch\/wp-content\/uploads\/sites\/3\/2024\/05\/deluxe-30-herofeature1.webp)\">\n                <\/div>\n<\/p><\/div>\n<div class=\"row\">\n<div class=\"col-md-6 mb-4 content\">\n                    <span class=\"d-block h5 text-color-brand mb-1\">Gusseisernes Fr\u00e4ssgetriebe<\/span><\/p>\n<p>Das Getriebe der Fr\u00e4\u00dfe ist ein hoch belastetes Teil. Hier geben wir uns viel M\u00fche es besonders standfest zu machen. Weil es so stabil ist geben wir auch 5 Jahre Garantie darauf.<\/p>\n<\/p><\/div>\n<div class=\"col-md-6 mb4 image\"  style=\"background-image:url(https:\/\/www.ariens.eu\/ch\/wp-content\/uploads\/sites\/3\/2024\/05\/compact-24.webp)\">\n                <\/div>\n<\/p><\/div>\n<div class=\"row\">\n<div class=\"col-md-6 mb-4 content\">\n                    <span class=\"d-block h5 text-color-brand mb-1\">Doppelriemen-Antrieb<\/span><\/p>\n<p>Dieses Ariens System verwendet zwei Riemen anstelle von einem, um das Motordrehmoment effizient zu nutzen und mehr Schnee r\u00e4umen zu k\u00f6nnen. Ein Doppelriemensystem bedeutet, dass der Riemenverschlei\u00df insgesamt geringer ist und Schnee weiter geworfen werden kann.<\/p>\n<\/p><\/div>\n<div class=\"col-md-6 mb4 image\"  style=\"background-image:url(https:\/\/www.ariens.eu\/ch\/wp-content\/uploads\/sites\/3\/2024\/05\/herofeature3.webp)\">\n                <\/div>\n<\/p><\/div>\n<div class=\"row\">\n<div class=\"col-md-6 mb-4 content\">\n                    <span class=\"d-block h5 text-color-brand mb-1\">Auto-Turn-Lenkung<\/span><\/p>\n<p>M\u00fcheloser Null-Grad-Wenderadius \u2013 f\u00fcr sanfte, pr\u00e4zise und gleichm\u00e4\u00dfige Wendeman\u00f6ver, die Ihnen Zeit sparen. Geringster Kraftaufwand zum Lenken notwendig.<\/p>\n<\/p><\/div>\n<div class=\"col-md-6 mb4 image\"  style=\"background-image:url(https:\/\/www.ariens.eu\/ch\/wp-content\/uploads\/sites\/3\/2024\/05\/deluxe-30-thumbnailfeature1.webp)\">\n                <\/div>\n<\/p><\/div>\n<div class=\"row\">\n<div class=\"col-md-6 mb-4 content\">\n                    <span class=\"d-block h5 text-color-brand mb-1\">Grosse Schnee-Reifen<\/span><\/p>\n<p>41cm (16\u2033) Reifen bieten Agilit\u00e4t und idealen Grip f\u00fcr bessere Leistung, wenn es rutschig wird.<\/p>\n<\/p><\/div>\n<div class=\"col-md-6 mb4 image\"  style=\"background-image:url(https:\/\/www.ariens.eu\/ch\/wp-content\/uploads\/sites\/3\/2024\/05\/deluxe-30-thumbnailfeature2.webp)\">\n                <\/div>\n<\/p><\/div>\n<div class=\"row\">\n<div class=\"col-md-6 mb-4 content\">\n                    <span class=\"d-block h5 text-color-brand mb-1\">Hochbelastbare Konstruktion<\/span><\/p>\n<p>Lenker, Armaturenbrett, Geh\u00e4use, Auswurf Kamin und sogar die Gleitschuhe bestehen zu 100 % aus Stahl.<\/p>\n<\/p><\/div>\n<div class=\"col-md-6 mb4 image\"  style=\"background-image:url(https:\/\/www.ariens.eu\/ch\/wp-content\/uploads\/sites\/3\/2024\/05\/deluxe-30-thumbnailfeature3.webp)\">\n                <\/div>\n<\/p><\/div>\n<\/p><\/div>\n<\/div><\/div>\n<div class='col-lg'>                    <\/div>\n<\/p><\/div>\n<\/div>\n<\/div>\n","protected":false},"excerpt":{"rendered":"<p>Starker Antrieb und hoher Sch\u00fcrfleisten Druck auf festgefahrenem Schnee Es ist kein Wunder, dass die DELUXE-Serie unser Bestseller ist. Mit ihr dr\u00e4ngen Sie den Winter immer wieder ein St\u00fcckchen zur\u00fcck. Mit ihr dr\u00e4ngen Sie den Winter immer wieder ein St\u00fcckchen zur\u00fcck. zu man\u00f6vrieren und zu steuern. Mit mehreren R\u00e4umbreiten und einer Auswahl an leistungsstarken Ariens [&hellip;]<\/p>\n","protected":false},"featured_media":3213,"comment_status":"open","ping_status":"closed","template":"","meta":{"_acf_changed":false,"_relevanssi_hide_post":"","_relevanssi_hide_content":"","_relevanssi_pin_for_all":"","_relevanssi_pin_keywords":"","_relevanssi_unpin_keywords":"","_relevanssi_related_keywords":"","_relevanssi_related_include_ids":"","_relevanssi_related_exclude_ids":"","_relevanssi_related_no_append":"","_relevanssi_related_not_related":"","_relevanssi_related_posts":"","_relevanssi_noindex_reason":""},"product_brand":[],"product_cat":[15],"product_tag":[],"class_list":{"0":"post-2312","1":"product","2":"type-product","3":"status-publish","4":"has-post-thumbnail","6":"product_variant-deluxe-serie","7":"product_usage_areas-kommunen-bauhoefe","8":"product_usage_areas-winterdienst","10":"first","11":"instock","12":"shipping-taxable","13":"product-type-simple"},"acf":[],"yoast_head":"<!-- This site is optimized with the Yoast SEO plugin v27.3 - https:\/\/yoast.com\/product\/yoast-seo-wordpress\/ -->\n<title>DELUXE 28 RAPIDTRAK \u00ae - Schneefr\u00e4se | Ariens<\/title>\n<meta name=\"description\" content=\"Der DELUXE 28 RAPIDTRAK \u00ae bietet geradlinige Kraft und Leistung, wenn Sie sie am meisten brauchen. Die RAPIDTRAK \u00ae-Technologie hilft, schwieriges Gel\u00e4nde zu bew\u00e4ltigen.\" \/>\n<meta name=\"robots\" content=\"index, follow, max-snippet:-1, max-image-preview:large, max-video-preview:-1\" \/>\n<link rel=\"canonical\" href=\"https:\/\/www.ariens.eu\/ch\/product\/schneefraesen\/deluxe-serie\/deluxe-28-rapidtrak\/\" \/>\n<meta property=\"og:locale\" content=\"de_DE\" \/>\n<meta property=\"og:type\" content=\"article\" \/>\n<meta property=\"og:title\" content=\"DELUXE 28 RAPIDTRAK \u00ae - Schneefr\u00e4se | Ariens\" \/>\n<meta property=\"og:description\" content=\"Der DELUXE 28 RAPIDTRAK \u00ae bietet geradlinige Kraft und Leistung, wenn Sie sie am meisten brauchen. Die RAPIDTRAK \u00ae-Technologie hilft, schwieriges Gel\u00e4nde zu bew\u00e4ltigen.\" \/>\n<meta property=\"og:url\" content=\"https:\/\/www.ariens.eu\/ch\/product\/schneefraesen\/deluxe-serie\/deluxe-28-rapidtrak\/\" \/>\n<meta property=\"og:site_name\" content=\"Ariens | EMEAA\" \/>\n<meta property=\"article:modified_time\" content=\"2025-11-10T10:48:33+00:00\" \/>\n<meta property=\"og:image\" content=\"https:\/\/www.ariens.eu\/ch\/wp-content\/uploads\/sites\/11\/2024\/05\/921330_Deluxe_28_RapidTrak_FL34-scaled.webp\" \/>\n\t<meta property=\"og:image:width\" content=\"2560\" \/>\n\t<meta property=\"og:image:height\" content=\"1920\" \/>\n\t<meta property=\"og:image:type\" content=\"image\/webp\" \/>\n<meta name=\"twitter:card\" content=\"summary_large_image\" \/>\n<meta name=\"twitter:label1\" content=\"Gesch\u00e4tzte Lesezeit\" \/>\n\t<meta name=\"twitter:data1\" content=\"3\u00a0Minuten\" \/>\n<script type=\"application\/ld+json\" class=\"yoast-schema-graph\">{\"@context\":\"https:\\\/\\\/schema.org\",\"@graph\":[{\"@type\":\"WebPage\",\"@id\":\"https:\\\/\\\/www.ariens.eu\\\/ch\\\/product\\\/schneefraesen\\\/deluxe-serie\\\/deluxe-28-rapidtrak\\\/\",\"url\":\"https:\\\/\\\/www.ariens.eu\\\/ch\\\/product\\\/schneefraesen\\\/deluxe-serie\\\/deluxe-28-rapidtrak\\\/\",\"name\":\"DELUXE 28 RAPIDTRAK \u00ae - Schneefr\u00e4se | Ariens\",\"isPartOf\":{\"@id\":\"https:\\\/\\\/www.ariens.eu\\\/ch\\\/#website\"},\"primaryImageOfPage\":{\"@id\":\"https:\\\/\\\/www.ariens.eu\\\/ch\\\/product\\\/schneefraesen\\\/deluxe-serie\\\/deluxe-28-rapidtrak\\\/#primaryimage\"},\"image\":{\"@id\":\"https:\\\/\\\/www.ariens.eu\\\/ch\\\/product\\\/schneefraesen\\\/deluxe-serie\\\/deluxe-28-rapidtrak\\\/#primaryimage\"},\"thumbnailUrl\":\"https:\\\/\\\/www.ariens.eu\\\/ch\\\/wp-content\\\/uploads\\\/sites\\\/11\\\/2024\\\/05\\\/921330_Deluxe_28_RapidTrak_FL34-scaled.webp\",\"datePublished\":\"2024-05-10T10:04:36+00:00\",\"dateModified\":\"2025-11-10T10:48:33+00:00\",\"description\":\"Der DELUXE 28 RAPIDTRAK \u00ae bietet geradlinige Kraft und Leistung, wenn Sie sie am meisten brauchen. Die RAPIDTRAK \u00ae-Technologie hilft, schwieriges Gel\u00e4nde zu bew\u00e4ltigen.\",\"breadcrumb\":{\"@id\":\"https:\\\/\\\/www.ariens.eu\\\/ch\\\/product\\\/schneefraesen\\\/deluxe-serie\\\/deluxe-28-rapidtrak\\\/#breadcrumb\"},\"inLanguage\":\"de\",\"potentialAction\":[{\"@type\":\"ReadAction\",\"target\":[\"https:\\\/\\\/www.ariens.eu\\\/ch\\\/product\\\/schneefraesen\\\/deluxe-serie\\\/deluxe-28-rapidtrak\\\/\"]}]},{\"@type\":\"ImageObject\",\"inLanguage\":\"de\",\"@id\":\"https:\\\/\\\/www.ariens.eu\\\/ch\\\/product\\\/schneefraesen\\\/deluxe-serie\\\/deluxe-28-rapidtrak\\\/#primaryimage\",\"url\":\"https:\\\/\\\/www.ariens.eu\\\/ch\\\/wp-content\\\/uploads\\\/sites\\\/11\\\/2024\\\/05\\\/921330_Deluxe_28_RapidTrak_FL34-scaled.webp\",\"contentUrl\":\"https:\\\/\\\/www.ariens.eu\\\/ch\\\/wp-content\\\/uploads\\\/sites\\\/11\\\/2024\\\/05\\\/921330_Deluxe_28_RapidTrak_FL34-scaled.webp\",\"width\":2560,\"height\":1920},{\"@type\":\"BreadcrumbList\",\"@id\":\"https:\\\/\\\/www.ariens.eu\\\/ch\\\/product\\\/schneefraesen\\\/deluxe-serie\\\/deluxe-28-rapidtrak\\\/#breadcrumb\",\"itemListElement\":[{\"@type\":\"ListItem\",\"position\":1,\"name\":\"Home\",\"item\":\"https:\\\/\\\/www.ariens.eu\\\/ch\\\/\"},{\"@type\":\"ListItem\",\"position\":2,\"name\":\"Shop\",\"item\":\"https:\\\/\\\/www.ariens.eu\\\/ch\\\/shop\\\/\"},{\"@type\":\"ListItem\",\"position\":3,\"name\":\"DELUXE 28 RAPIDTRAK\"}]},{\"@type\":\"WebSite\",\"@id\":\"https:\\\/\\\/www.ariens.eu\\\/ch\\\/#website\",\"url\":\"https:\\\/\\\/www.ariens.eu\\\/ch\\\/\",\"name\":\"Ariens | EMEAA\",\"description\":\"Powerful and reliable zero-turn mowers &amp; snow blowers for professional users and demanding private customers\",\"potentialAction\":[{\"@type\":\"SearchAction\",\"target\":{\"@type\":\"EntryPoint\",\"urlTemplate\":\"https:\\\/\\\/www.ariens.eu\\\/ch\\\/?s={search_term_string}\"},\"query-input\":{\"@type\":\"PropertyValueSpecification\",\"valueRequired\":true,\"valueName\":\"search_term_string\"}}],\"inLanguage\":\"de\"}]}<\/script>\n<!-- \/ Yoast SEO plugin. -->","yoast_head_json":{"title":"DELUXE 28 RAPIDTRAK \u00ae - Schneefr\u00e4se | Ariens","description":"Der DELUXE 28 RAPIDTRAK \u00ae bietet geradlinige Kraft und Leistung, wenn Sie sie am meisten brauchen. Die RAPIDTRAK \u00ae-Technologie hilft, schwieriges Gel\u00e4nde zu bew\u00e4ltigen.","robots":{"index":"index","follow":"follow","max-snippet":"max-snippet:-1","max-image-preview":"max-image-preview:large","max-video-preview":"max-video-preview:-1"},"canonical":"https:\/\/www.ariens.eu\/ch\/product\/schneefraesen\/deluxe-serie\/deluxe-28-rapidtrak\/","og_locale":"de_DE","og_type":"article","og_title":"DELUXE 28 RAPIDTRAK \u00ae - Schneefr\u00e4se | Ariens","og_description":"Der DELUXE 28 RAPIDTRAK \u00ae bietet geradlinige Kraft und Leistung, wenn Sie sie am meisten brauchen. Die RAPIDTRAK \u00ae-Technologie hilft, schwieriges Gel\u00e4nde zu bew\u00e4ltigen.","og_url":"https:\/\/www.ariens.eu\/ch\/product\/schneefraesen\/deluxe-serie\/deluxe-28-rapidtrak\/","og_site_name":"Ariens | EMEAA","article_modified_time":"2025-11-10T10:48:33+00:00","og_image":[{"width":2560,"height":1920,"url":"https:\/\/www.ariens.eu\/ch\/wp-content\/uploads\/sites\/11\/2024\/05\/921330_Deluxe_28_RapidTrak_FL34-scaled.webp","type":"image\/webp"}],"twitter_card":"summary_large_image","twitter_misc":{"Gesch\u00e4tzte Lesezeit":"3\u00a0Minuten"},"schema":{"@context":"https:\/\/schema.org","@graph":[{"@type":"WebPage","@id":"https:\/\/www.ariens.eu\/ch\/product\/schneefraesen\/deluxe-serie\/deluxe-28-rapidtrak\/","url":"https:\/\/www.ariens.eu\/ch\/product\/schneefraesen\/deluxe-serie\/deluxe-28-rapidtrak\/","name":"DELUXE 28 RAPIDTRAK \u00ae - Schneefr\u00e4se | Ariens","isPartOf":{"@id":"https:\/\/www.ariens.eu\/ch\/#website"},"primaryImageOfPage":{"@id":"https:\/\/www.ariens.eu\/ch\/product\/schneefraesen\/deluxe-serie\/deluxe-28-rapidtrak\/#primaryimage"},"image":{"@id":"https:\/\/www.ariens.eu\/ch\/product\/schneefraesen\/deluxe-serie\/deluxe-28-rapidtrak\/#primaryimage"},"thumbnailUrl":"https:\/\/www.ariens.eu\/ch\/wp-content\/uploads\/sites\/11\/2024\/05\/921330_Deluxe_28_RapidTrak_FL34-scaled.webp","datePublished":"2024-05-10T10:04:36+00:00","dateModified":"2025-11-10T10:48:33+00:00","description":"Der DELUXE 28 RAPIDTRAK \u00ae bietet geradlinige Kraft und Leistung, wenn Sie sie am meisten brauchen. Die RAPIDTRAK \u00ae-Technologie hilft, schwieriges Gel\u00e4nde zu bew\u00e4ltigen.","breadcrumb":{"@id":"https:\/\/www.ariens.eu\/ch\/product\/schneefraesen\/deluxe-serie\/deluxe-28-rapidtrak\/#breadcrumb"},"inLanguage":"de","potentialAction":[{"@type":"ReadAction","target":["https:\/\/www.ariens.eu\/ch\/product\/schneefraesen\/deluxe-serie\/deluxe-28-rapidtrak\/"]}]},{"@type":"ImageObject","inLanguage":"de","@id":"https:\/\/www.ariens.eu\/ch\/product\/schneefraesen\/deluxe-serie\/deluxe-28-rapidtrak\/#primaryimage","url":"https:\/\/www.ariens.eu\/ch\/wp-content\/uploads\/sites\/11\/2024\/05\/921330_Deluxe_28_RapidTrak_FL34-scaled.webp","contentUrl":"https:\/\/www.ariens.eu\/ch\/wp-content\/uploads\/sites\/11\/2024\/05\/921330_Deluxe_28_RapidTrak_FL34-scaled.webp","width":2560,"height":1920},{"@type":"BreadcrumbList","@id":"https:\/\/www.ariens.eu\/ch\/product\/schneefraesen\/deluxe-serie\/deluxe-28-rapidtrak\/#breadcrumb","itemListElement":[{"@type":"ListItem","position":1,"name":"Home","item":"https:\/\/www.ariens.eu\/ch\/"},{"@type":"ListItem","position":2,"name":"Shop","item":"https:\/\/www.ariens.eu\/ch\/shop\/"},{"@type":"ListItem","position":3,"name":"DELUXE 28 RAPIDTRAK"}]},{"@type":"WebSite","@id":"https:\/\/www.ariens.eu\/ch\/#website","url":"https:\/\/www.ariens.eu\/ch\/","name":"Ariens | EMEAA","description":"Powerful and reliable zero-turn mowers &amp; snow blowers for professional users and demanding private customers","potentialAction":[{"@type":"SearchAction","target":{"@type":"EntryPoint","urlTemplate":"https:\/\/www.ariens.eu\/ch\/?s={search_term_string}"},"query-input":{"@type":"PropertyValueSpecification","valueRequired":true,"valueName":"search_term_string"}}],"inLanguage":"de"}]}},"_links":{"self":[{"href":"https:\/\/www.ariens.eu\/ch\/wp-json\/wp\/v2\/product\/2312","targetHints":{"allow":["GET"]}}],"collection":[{"href":"https:\/\/www.ariens.eu\/ch\/wp-json\/wp\/v2\/product"}],"about":[{"href":"https:\/\/www.ariens.eu\/ch\/wp-json\/wp\/v2\/types\/product"}],"replies":[{"embeddable":true,"href":"https:\/\/www.ariens.eu\/ch\/wp-json\/wp\/v2\/comments?post=2312"}],"wp:featuredmedia":[{"embeddable":true,"href":"https:\/\/www.ariens.eu\/ch\/wp-json\/wp\/v2\/media\/3213"}],"wp:attachment":[{"href":"https:\/\/www.ariens.eu\/ch\/wp-json\/wp\/v2\/media?parent=2312"}],"wp:term":[{"taxonomy":"product_brand","embeddable":true,"href":"https:\/\/www.ariens.eu\/ch\/wp-json\/wp\/v2\/product_brand?post=2312"},{"taxonomy":"product_cat","embeddable":true,"href":"https:\/\/www.ariens.eu\/ch\/wp-json\/wp\/v2\/product_cat?post=2312"},{"taxonomy":"product_tag","embeddable":true,"href":"https:\/\/www.ariens.eu\/ch\/wp-json\/wp\/v2\/product_tag?post=2312"}],"curies":[{"name":"wp","href":"https:\/\/api.w.org\/{rel}","templated":true}]}}