{"id":2313,"date":"2024-05-10T11:04:36","date_gmt":"2024-05-10T10:04:36","guid":{"rendered":"https:\/\/www.ariens.eu\/product\/compact-24\/"},"modified":"2025-11-10T10:48:33","modified_gmt":"2025-11-10T10:48:33","slug":"compact-24","status":"publish","type":"product","link":"https:\/\/www.ariens.eu\/ch\/produkt\/schneefraesen\/compact-serie\/compact-24","title":{"rendered":"COMPACT 24"},"content":{"rendered":"<div class=\"acfd-block acfd-block__twocolumns mb-asm-1 container-fluid px-0 bg-default\">\n<div class=\"acfd-twocolumns\">\n<div class=\"row\">\n<div class='col-lg-9 mb-4'>\n<div class=\"acfd-block acfd-block__headline container-fluid px-0 bg-default\">\n<div class=\"acfd-headline\" >\n<h2 class='h2 text-left'>Einsatzbereit in wenigen Minuten. Komfortabel mit Elektrostart.<\/h2>\n<\/p><\/div>\n<\/div><\/div>\n<div class='col-lg'>                    <\/div>\n<\/p><\/div>\n<\/div>\n<\/div>\n<div class=\"acfd-block acfd-block__twocolumns mb-asm-2 container-fluid px-0 bg-default\">\n<div class=\"acfd-twocolumns\">\n<div class=\"row\">\n<div class='col-lg-9 mb-4'>\n<div class=\"acfd-block acfd-block__text container-fluid px-0 bg-default\">\n<div class=\"acfd-text\">\n<p>Erobert den Schnee im Sturm. Lassen Sie sich nicht von der Gr\u00f6\u00dfe t\u00e4uschen, in jeder Ariens<sup>&reg;<\/sup> COMPACT steckt eine Menge Power. Sie wurde so konstruiert, dass sie schnell und unkompliziert bei einem leichten Schneegest\u00f6ber zum Einsatz kommen kann, aber auch zuverl\u00e4ssig genug ist, um bis zu 59 Tonnen Schnee pro Stunde zu bew\u00e4ltigen. Die COMPACT-Serie zeichnet sich durch ihre m\u00fchelose Wendigkeit aus, bei gleichzeitig voller Leistungsf\u00e4higkeit.<\/p>\n<p>COMPACT 24 hat kompakte Abma\u00dfe, ist aber stark im R\u00e4umen. Mit AUTO-TURN l\u00e4sst sich das Ger\u00e4t spielend leicht lenken. Es ist ganz aus Metall gebaut und mit einem fein abgestuften Getriebe ausgestattet. Der Schnee wird von 0,9 Metern bis zu 12,2 Metern weit geworfen.<\/p>\n<ul>\n<li>Ausgestattet mit einer R\u00e4umbreite von 61 cm (24&#8243;), die 52 Tonnen Schnee pro Stunde bewegt<\/li>\n<li>Zuverl\u00e4ssiger Ariens AX 208cm\u00b3-Motor und Elektrostart<\/li>\n<li>Die stahlverzahnte 27,9 cm (11&#8243;) Schnecke bietet au\u00dfergew\u00f6hnliche Leistung bei allen Schneeverh\u00e4ltnissen<\/li>\n<li>90 Tage kommerzielle 3-Jahres-Garantie f\u00fcr Haushalte<\/li>\n<\/ul>\n<\/div>\n<\/div><\/div>\n<div class='col-lg'>                    <\/div>\n<\/p><\/div>\n<\/div>\n<\/div>\n<div class=\"acfd-block acfd-block__category mb-asm-3 container-fluid px-0 bg-default\">\n<div class=\"acfd-product-categories\">\n<h2 class=\"text-left mb-3\">\n        Eins\u00e4tze    <\/h2>\n<div class=\"product-categories_wrapper\">\n         <span\n                data-description=\"Das patentierte Ariens AutoTurn<sup>&reg;<\/sup> Lenksystem verhindert das Durchdrehen eines Antriebsrades oder einer RapidTrak\u2122 Raupe. Gleichzeitig erlaubt es einfaches Lenken der Maschine, indem es beim Lenken automatisch eine Antriebsseite freigibt. Alle Ariens Schneefr\u00e4\u00dfen, au\u00dfer dem Modell CLASSIC, verf\u00fcgen \u00fcber AutoTurn.\"                class=\"product-category-single\"> AutoTurn<sup>&reg;<\/sup>                <sup><i class=\"fa fa-info-circle\" aria-hidden=\"true\"><\/i><\/sup>            <\/span>  <span\n                data-description=\"Ein 230 Volt Anschluss erm\u00f6glicht Ihnen den Start der Maschine auf Knopfdruck.\"                class=\"product-category-single\"> Elektrostart                <sup><i class=\"fa fa-info-circle\" aria-hidden=\"true\"><\/i><\/sup>            <\/span>     <\/div>\n<\/div>\n<\/div>\n<div class=\"acfd-block acfd-block__twocolumns container-fluid container-fluid--force px-0 bg-default\">\n<div class=\"acfd-twocolumns\">\n<div class=\"row\">\n<div class='col-lg-12 mb-4'>\n<div class=\"acfd-product-advantages--wrapper\">\n<h2 class=\"h1 bigger text-color-black text-center mb-5\">\n        Merkmale &#038; Vorteile    <\/h2>\n<div class=\"acfd-product-advantages\">\n<div class=\"row\">\n<div class=\"col-md-6 mb-4 content\">\n                    <span class=\"d-block h5 text-color-brand mb-1\">Ganzstahl Konstruktion<\/span><\/p>\n<p>Stabiles, verschwei\u00dftes Stahlblech mit gepressten Sicken und verst\u00e4rkten Kanten sind das Geheimnis f\u00fcr die lange Haltbarkeit von Ariens Schneefr\u00e4sen.<\/p>\n<\/p><\/div>\n<div class=\"col-md-6 mb4 image\"  style=\"background-image:url(https:\/\/www.ariens.eu\/ch\/wp-content\/uploads\/sites\/3\/2024\/05\/all-steal-construction.webp)\">\n                <\/div>\n<\/p><\/div>\n<div class=\"row\">\n<div class=\"col-md-6 mb-4 content\">\n                    <span class=\"d-block h5 text-color-brand mb-1\">Auto-Turn-Lenkung<\/span><\/p>\n<p>Geradeaus fahren mit gesperrter Hinterachse f\u00fcr maximalen Grip. Sobald Sie die Maschine lenken wird die Achse entsperrt und auf der Stelle drehen ist ein echtes Kinderspiel. Eine patentierte Erfindung von Ariens.<\/p>\n<\/p><\/div>\n<div class=\"col-md-6 mb4 image\"  style=\"background-image:url(https:\/\/www.ariens.eu\/ch\/wp-content\/uploads\/sites\/3\/2024\/05\/feature6ars_fb_profe-2.png)\">\n                <\/div>\n<\/p><\/div>\n<div class=\"row\">\n<div class=\"col-md-6 mb-4 content\">\n                    <span class=\"d-block h5 text-color-brand mb-1\">Elektro-Starter<\/span><\/p>\n<p>Die Compact Modelle k\u00f6nnen Sie entweder mit dem Seilstarter starten oder ganz bequem mit einem Knopfdruck auf den Elektrostarter der an eine 230 V Steckdose angeschlossen wird. Sehr bequem bei tiefen Temperaturen.<\/p>\n<\/p><\/div>\n<div class=\"col-md-6 mb4 image\"  style=\"background-image:url(https:\/\/www.ariens.eu\/ch\/wp-content\/uploads\/sites\/3\/2024\/05\/Electric_Start-1.webp)\">\n                <\/div>\n<\/p><\/div>\n<div class=\"row\">\n<div class=\"col-md-6 mb-4 content\">\n                    <span class=\"d-block h5 text-color-brand mb-1\">Gusseisernes Fr\u00e4ssgetriebe<\/span><\/p>\n<p>Das Getriebe der Fr\u00e4\u00dfe ist ein hoch belastetes Teil. Hier geben wir uns viel M\u00fche es besonders standfest zu machen. Weil es so stabil ist geben wir auch 5 Jahre Garantie darauf.<\/p>\n<\/p><\/div>\n<div class=\"col-md-6 mb4 image\"  style=\"background-image:url(https:\/\/www.ariens.eu\/ch\/wp-content\/uploads\/sites\/3\/2024\/05\/compact-24.webp)\">\n                <\/div>\n<\/p><\/div>\n<div class=\"row\">\n<div class=\"col-md-6 mb-4 content\">\n                    <span class=\"d-block h5 text-color-brand mb-1\">Griffige Schneereifen<\/span><\/p>\n<p>Spezielles Schneeprofil f\u00fcr maximale Traktion. 38 cm (15\u201c) Durchmesser.<\/p>\n<\/p><\/div>\n<div class=\"col-md-6 mb4 image\"  style=\"background-image:url(https:\/\/www.ariens.eu\/ch\/wp-content\/uploads\/sites\/3\/2024\/05\/15in_Tires-scaled.webp)\">\n                <\/div>\n<\/p><\/div>\n<\/p><\/div>\n<\/div><\/div>\n<div class='col-lg'>                    <\/div>\n<\/p><\/div>\n<\/div>\n<\/div>\n","protected":false},"excerpt":{"rendered":"<p>Einsatzbereit in wenigen Minuten. Komfortabel mit Elektrostart. Erobert den Schnee im Sturm. Lassen Sie sich nicht von der Gr\u00f6\u00dfe t\u00e4uschen, in jeder Ariens&reg; COMPACT steckt eine Menge Power. Sie wurde so konstruiert, dass sie schnell und unkompliziert bei einem leichten Schneegest\u00f6ber zum Einsatz kommen kann, aber auch zuverl\u00e4ssig genug ist, um bis zu 59 Tonnen [&hellip;]<\/p>\n","protected":false},"featured_media":2690,"comment_status":"open","ping_status":"closed","template":"","meta":{"_acf_changed":false,"_relevanssi_hide_post":"","_relevanssi_hide_content":"","_relevanssi_pin_for_all":"","_relevanssi_pin_keywords":"","_relevanssi_unpin_keywords":"","_relevanssi_related_keywords":"","_relevanssi_related_include_ids":"","_relevanssi_related_exclude_ids":"","_relevanssi_related_no_append":"","_relevanssi_related_not_related":"","_relevanssi_related_posts":"","_relevanssi_noindex_reason":""},"product_brand":[],"product_cat":[15],"product_tag":[],"class_list":{"0":"post-2313","1":"product","2":"type-product","3":"status-publish","4":"has-post-thumbnail","6":"product_variant-compact-serie","7":"product_usage_areas-kommunen-bauhoefe","8":"product_usage_areas-winterdienst","10":"first","11":"instock","12":"shipping-taxable","13":"product-type-simple"},"acf":[],"yoast_head":"<!-- This site is optimized with the Yoast SEO plugin v27.3 - https:\/\/yoast.com\/product\/yoast-seo-wordpress\/ -->\n<title>COMPACT 24 - Schneefr\u00e4se | Ariens<\/title>\n<meta name=\"description\" content=\"Die Ariens COMPACT 24 Sno-Thro\u00ae kombiniert m\u00fchelose Wendigkeit mit der legend\u00e4ren Ariens\u00ae Leistungsf\u00e4higkeit. Einfach zu handhaben und zu steuern mit verbesserten ergonomischen Bedienelementen.\" \/>\n<meta name=\"robots\" content=\"index, follow, max-snippet:-1, max-image-preview:large, max-video-preview:-1\" \/>\n<link rel=\"canonical\" href=\"https:\/\/www.ariens.eu\/ch\/product\/schneefraesen\/compact-serie\/compact-24\/\" \/>\n<meta property=\"og:locale\" content=\"de_DE\" \/>\n<meta property=\"og:type\" content=\"article\" \/>\n<meta property=\"og:title\" content=\"COMPACT 24 - Schneefr\u00e4se | Ariens\" \/>\n<meta property=\"og:description\" content=\"Die Ariens COMPACT 24 Sno-Thro\u00ae kombiniert m\u00fchelose Wendigkeit mit der legend\u00e4ren Ariens\u00ae Leistungsf\u00e4higkeit. Einfach zu handhaben und zu steuern mit verbesserten ergonomischen Bedienelementen.\" \/>\n<meta property=\"og:url\" content=\"https:\/\/www.ariens.eu\/ch\/product\/schneefraesen\/compact-serie\/compact-24\/\" \/>\n<meta property=\"og:site_name\" content=\"Ariens | EMEAA\" \/>\n<meta property=\"article:modified_time\" content=\"2025-11-10T10:48:33+00:00\" \/>\n<meta property=\"og:image\" content=\"https:\/\/www.ariens.eu\/ch\/wp-content\/uploads\/sites\/11\/2024\/05\/ariens-compact-snow-thrower-angle-view-front34-3.webp\" \/>\n\t<meta property=\"og:image:width\" content=\"900\" \/>\n\t<meta property=\"og:image:height\" content=\"650\" \/>\n\t<meta property=\"og:image:type\" content=\"image\/webp\" \/>\n<meta name=\"twitter:card\" content=\"summary_large_image\" \/>\n<meta name=\"twitter:label1\" content=\"Gesch\u00e4tzte Lesezeit\" \/>\n\t<meta name=\"twitter:data1\" content=\"2\u00a0Minuten\" \/>\n<script type=\"application\/ld+json\" class=\"yoast-schema-graph\">{\"@context\":\"https:\\\/\\\/schema.org\",\"@graph\":[{\"@type\":\"WebPage\",\"@id\":\"https:\\\/\\\/www.ariens.eu\\\/ch\\\/product\\\/schneefraesen\\\/compact-serie\\\/compact-24\\\/\",\"url\":\"https:\\\/\\\/www.ariens.eu\\\/ch\\\/product\\\/schneefraesen\\\/compact-serie\\\/compact-24\\\/\",\"name\":\"COMPACT 24 - Schneefr\u00e4se | Ariens\",\"isPartOf\":{\"@id\":\"https:\\\/\\\/www.ariens.eu\\\/ch\\\/#website\"},\"primaryImageOfPage\":{\"@id\":\"https:\\\/\\\/www.ariens.eu\\\/ch\\\/product\\\/schneefraesen\\\/compact-serie\\\/compact-24\\\/#primaryimage\"},\"image\":{\"@id\":\"https:\\\/\\\/www.ariens.eu\\\/ch\\\/product\\\/schneefraesen\\\/compact-serie\\\/compact-24\\\/#primaryimage\"},\"thumbnailUrl\":\"https:\\\/\\\/www.ariens.eu\\\/ch\\\/wp-content\\\/uploads\\\/sites\\\/11\\\/2024\\\/05\\\/ariens-compact-snow-thrower-angle-view-front34-3.webp\",\"datePublished\":\"2024-05-10T10:04:36+00:00\",\"dateModified\":\"2025-11-10T10:48:33+00:00\",\"description\":\"Die Ariens COMPACT 24 Sno-Thro\u00ae kombiniert m\u00fchelose Wendigkeit mit der legend\u00e4ren Ariens\u00ae Leistungsf\u00e4higkeit. Einfach zu handhaben und zu steuern mit verbesserten ergonomischen Bedienelementen.\",\"breadcrumb\":{\"@id\":\"https:\\\/\\\/www.ariens.eu\\\/ch\\\/product\\\/schneefraesen\\\/compact-serie\\\/compact-24\\\/#breadcrumb\"},\"inLanguage\":\"de\",\"potentialAction\":[{\"@type\":\"ReadAction\",\"target\":[\"https:\\\/\\\/www.ariens.eu\\\/ch\\\/product\\\/schneefraesen\\\/compact-serie\\\/compact-24\\\/\"]}]},{\"@type\":\"ImageObject\",\"inLanguage\":\"de\",\"@id\":\"https:\\\/\\\/www.ariens.eu\\\/ch\\\/product\\\/schneefraesen\\\/compact-serie\\\/compact-24\\\/#primaryimage\",\"url\":\"https:\\\/\\\/www.ariens.eu\\\/ch\\\/wp-content\\\/uploads\\\/sites\\\/11\\\/2024\\\/05\\\/ariens-compact-snow-thrower-angle-view-front34-3.webp\",\"contentUrl\":\"https:\\\/\\\/www.ariens.eu\\\/ch\\\/wp-content\\\/uploads\\\/sites\\\/11\\\/2024\\\/05\\\/ariens-compact-snow-thrower-angle-view-front34-3.webp\",\"width\":900,\"height\":650},{\"@type\":\"BreadcrumbList\",\"@id\":\"https:\\\/\\\/www.ariens.eu\\\/ch\\\/product\\\/schneefraesen\\\/compact-serie\\\/compact-24\\\/#breadcrumb\",\"itemListElement\":[{\"@type\":\"ListItem\",\"position\":1,\"name\":\"Home\",\"item\":\"https:\\\/\\\/www.ariens.eu\\\/ch\\\/\"},{\"@type\":\"ListItem\",\"position\":2,\"name\":\"Shop\",\"item\":\"https:\\\/\\\/www.ariens.eu\\\/ch\\\/shop\\\/\"},{\"@type\":\"ListItem\",\"position\":3,\"name\":\"COMPACT 24\"}]},{\"@type\":\"WebSite\",\"@id\":\"https:\\\/\\\/www.ariens.eu\\\/ch\\\/#website\",\"url\":\"https:\\\/\\\/www.ariens.eu\\\/ch\\\/\",\"name\":\"Ariens | EMEAA\",\"description\":\"Powerful and reliable zero-turn mowers &amp; snow blowers for professional users and demanding private customers\",\"potentialAction\":[{\"@type\":\"SearchAction\",\"target\":{\"@type\":\"EntryPoint\",\"urlTemplate\":\"https:\\\/\\\/www.ariens.eu\\\/ch\\\/?s={search_term_string}\"},\"query-input\":{\"@type\":\"PropertyValueSpecification\",\"valueRequired\":true,\"valueName\":\"search_term_string\"}}],\"inLanguage\":\"de\"}]}<\/script>\n<!-- \/ Yoast SEO plugin. -->","yoast_head_json":{"title":"COMPACT 24 - Schneefr\u00e4se | Ariens","description":"Die Ariens COMPACT 24 Sno-Thro\u00ae kombiniert m\u00fchelose Wendigkeit mit der legend\u00e4ren Ariens\u00ae Leistungsf\u00e4higkeit. Einfach zu handhaben und zu steuern mit verbesserten ergonomischen Bedienelementen.","robots":{"index":"index","follow":"follow","max-snippet":"max-snippet:-1","max-image-preview":"max-image-preview:large","max-video-preview":"max-video-preview:-1"},"canonical":"https:\/\/www.ariens.eu\/ch\/product\/schneefraesen\/compact-serie\/compact-24\/","og_locale":"de_DE","og_type":"article","og_title":"COMPACT 24 - Schneefr\u00e4se | Ariens","og_description":"Die Ariens COMPACT 24 Sno-Thro\u00ae kombiniert m\u00fchelose Wendigkeit mit der legend\u00e4ren Ariens\u00ae Leistungsf\u00e4higkeit. Einfach zu handhaben und zu steuern mit verbesserten ergonomischen Bedienelementen.","og_url":"https:\/\/www.ariens.eu\/ch\/product\/schneefraesen\/compact-serie\/compact-24\/","og_site_name":"Ariens | EMEAA","article_modified_time":"2025-11-10T10:48:33+00:00","og_image":[{"width":900,"height":650,"url":"https:\/\/www.ariens.eu\/ch\/wp-content\/uploads\/sites\/11\/2024\/05\/ariens-compact-snow-thrower-angle-view-front34-3.webp","type":"image\/webp"}],"twitter_card":"summary_large_image","twitter_misc":{"Gesch\u00e4tzte Lesezeit":"2\u00a0Minuten"},"schema":{"@context":"https:\/\/schema.org","@graph":[{"@type":"WebPage","@id":"https:\/\/www.ariens.eu\/ch\/product\/schneefraesen\/compact-serie\/compact-24\/","url":"https:\/\/www.ariens.eu\/ch\/product\/schneefraesen\/compact-serie\/compact-24\/","name":"COMPACT 24 - Schneefr\u00e4se | Ariens","isPartOf":{"@id":"https:\/\/www.ariens.eu\/ch\/#website"},"primaryImageOfPage":{"@id":"https:\/\/www.ariens.eu\/ch\/product\/schneefraesen\/compact-serie\/compact-24\/#primaryimage"},"image":{"@id":"https:\/\/www.ariens.eu\/ch\/product\/schneefraesen\/compact-serie\/compact-24\/#primaryimage"},"thumbnailUrl":"https:\/\/www.ariens.eu\/ch\/wp-content\/uploads\/sites\/11\/2024\/05\/ariens-compact-snow-thrower-angle-view-front34-3.webp","datePublished":"2024-05-10T10:04:36+00:00","dateModified":"2025-11-10T10:48:33+00:00","description":"Die Ariens COMPACT 24 Sno-Thro\u00ae kombiniert m\u00fchelose Wendigkeit mit der legend\u00e4ren Ariens\u00ae Leistungsf\u00e4higkeit. Einfach zu handhaben und zu steuern mit verbesserten ergonomischen Bedienelementen.","breadcrumb":{"@id":"https:\/\/www.ariens.eu\/ch\/product\/schneefraesen\/compact-serie\/compact-24\/#breadcrumb"},"inLanguage":"de","potentialAction":[{"@type":"ReadAction","target":["https:\/\/www.ariens.eu\/ch\/product\/schneefraesen\/compact-serie\/compact-24\/"]}]},{"@type":"ImageObject","inLanguage":"de","@id":"https:\/\/www.ariens.eu\/ch\/product\/schneefraesen\/compact-serie\/compact-24\/#primaryimage","url":"https:\/\/www.ariens.eu\/ch\/wp-content\/uploads\/sites\/11\/2024\/05\/ariens-compact-snow-thrower-angle-view-front34-3.webp","contentUrl":"https:\/\/www.ariens.eu\/ch\/wp-content\/uploads\/sites\/11\/2024\/05\/ariens-compact-snow-thrower-angle-view-front34-3.webp","width":900,"height":650},{"@type":"BreadcrumbList","@id":"https:\/\/www.ariens.eu\/ch\/product\/schneefraesen\/compact-serie\/compact-24\/#breadcrumb","itemListElement":[{"@type":"ListItem","position":1,"name":"Home","item":"https:\/\/www.ariens.eu\/ch\/"},{"@type":"ListItem","position":2,"name":"Shop","item":"https:\/\/www.ariens.eu\/ch\/shop\/"},{"@type":"ListItem","position":3,"name":"COMPACT 24"}]},{"@type":"WebSite","@id":"https:\/\/www.ariens.eu\/ch\/#website","url":"https:\/\/www.ariens.eu\/ch\/","name":"Ariens | EMEAA","description":"Powerful and reliable zero-turn mowers &amp; snow blowers for professional users and demanding private customers","potentialAction":[{"@type":"SearchAction","target":{"@type":"EntryPoint","urlTemplate":"https:\/\/www.ariens.eu\/ch\/?s={search_term_string}"},"query-input":{"@type":"PropertyValueSpecification","valueRequired":true,"valueName":"search_term_string"}}],"inLanguage":"de"}]}},"_links":{"self":[{"href":"https:\/\/www.ariens.eu\/ch\/wp-json\/wp\/v2\/product\/2313","targetHints":{"allow":["GET"]}}],"collection":[{"href":"https:\/\/www.ariens.eu\/ch\/wp-json\/wp\/v2\/product"}],"about":[{"href":"https:\/\/www.ariens.eu\/ch\/wp-json\/wp\/v2\/types\/product"}],"replies":[{"embeddable":true,"href":"https:\/\/www.ariens.eu\/ch\/wp-json\/wp\/v2\/comments?post=2313"}],"wp:featuredmedia":[{"embeddable":true,"href":"https:\/\/www.ariens.eu\/ch\/wp-json\/wp\/v2\/media\/2690"}],"wp:attachment":[{"href":"https:\/\/www.ariens.eu\/ch\/wp-json\/wp\/v2\/media?parent=2313"}],"wp:term":[{"taxonomy":"product_brand","embeddable":true,"href":"https:\/\/www.ariens.eu\/ch\/wp-json\/wp\/v2\/product_brand?post=2313"},{"taxonomy":"product_cat","embeddable":true,"href":"https:\/\/www.ariens.eu\/ch\/wp-json\/wp\/v2\/product_cat?post=2313"},{"taxonomy":"product_tag","embeddable":true,"href":"https:\/\/www.ariens.eu\/ch\/wp-json\/wp\/v2\/product_tag?post=2313"}],"curies":[{"name":"wp","href":"https:\/\/api.w.org\/{rel}","templated":true}]}}