{"id":2317,"date":"2024-05-10T11:04:36","date_gmt":"2024-05-10T10:04:36","guid":{"rendered":"https:\/\/www.ariens.eu\/product\/snow-blade-48-122-cm\/"},"modified":"2026-01-06T12:15:07","modified_gmt":"2026-01-06T12:15:07","slug":"snow-blade-48-122-cm","status":"publish","type":"product","link":"https:\/\/www.ariens.eu\/ch\/produkt\/schneefraesen\/anbaugeraete\/snow-blade-48-122-cm","title":{"rendered":"SNOW BLADE 48&#8243; 122 cm"},"content":{"rendered":"<div class=\"acfd-block acfd-block__twocolumns mb-asm-1 container-fluid px-0 bg-default\">\n<div class=\"acfd-twocolumns\">\n<div class=\"row\">\n<div class='col-lg-9 mb-4'>\n<div class=\"acfd-block acfd-block__headline mb-asm-1 container-fluid px-0 bg-default\">\n<div class=\"acfd-headline\" >\n<h2 class='h2 text-left'>Schnelle und einfache Schneer\u00e4umung<\/h2>\n<\/p><\/div>\n<\/div>\n<div class=\"acfd-block acfd-block__text container-fluid px-0 bg-default\">\n<div class=\"acfd-text\">\n<p>Erleben Sie m\u00fchelose Schneer\u00e4umung mit der Mammoth\u2122 Snow-Plow Scraper Blade, die sich durch eine robuste 48-Zoll-Stahlkonstruktion auszeichnet. Diese Schaufel r\u00e4umt Schnee und Schneematsch schnell weg und sorgt f\u00fcr eine saubere und sichere Oberfl\u00e4che.<\/p>\n<p>Dank der Kompatibilit\u00e4t mit dem innovativen Snowzilla\u2122-Anbausystem kann es von einer Person in nur 30 Sekunden an- und abgebaut werden, was den Schneer\u00e4umungsprozess vereinfacht. Das Mammoth\u2122-Schild l\u00e4sst sich m\u00fchelos \u00fcber einen elektrischen Joystick am Armaturenbrett steuern und bietet pr\u00e4zise Man\u00f6vrierf\u00e4higkeit. F\u00fcr eine optimale Schneer\u00e4umung k\u00f6nnen Sie den Schwimmer einstellen, Druck nach unten aus\u00fcben oder das Schild um bis zu 30 Grad nach links oder rechts schwenken. Jedes Ger\u00e4t ist mit einer robusten Stahlsch\u00fcrfleiste ausgestattet, die f\u00fcr eine lange Lebensdauer ausgelegt ist. Dieses Schneepflug-Sch\u00fcrfschild ist ein Muss f\u00fcr ein effizientes und effektives Schneemanagement mit dem Mammoth\u2122 850.<\/p>\n<\/div>\n<\/div><\/div>\n<div class='col-lg'>                    <\/div>\n<\/p><\/div>\n<\/div>\n<\/div>\n","protected":false},"excerpt":{"rendered":"<p>Schnelle und einfache Schneer\u00e4umung Erleben Sie m\u00fchelose Schneer\u00e4umung mit der Mammoth\u2122 Snow-Plow Scraper Blade, die sich durch eine robuste 48-Zoll-Stahlkonstruktion auszeichnet. Diese Schaufel r\u00e4umt Schnee und Schneematsch schnell weg und sorgt f\u00fcr eine saubere und sichere Oberfl\u00e4che. Dank der Kompatibilit\u00e4t mit dem innovativen Snowzilla\u2122-Anbausystem kann es von einer Person in nur 30 Sekunden an- und [&hellip;]<\/p>\n","protected":false},"featured_media":3026,"comment_status":"open","ping_status":"closed","template":"","meta":{"_acf_changed":false,"_relevanssi_hide_post":"","_relevanssi_hide_content":"","_relevanssi_pin_for_all":"","_relevanssi_pin_keywords":"","_relevanssi_unpin_keywords":"","_relevanssi_related_keywords":"","_relevanssi_related_include_ids":"","_relevanssi_related_exclude_ids":"","_relevanssi_related_no_append":"","_relevanssi_related_not_related":"","_relevanssi_related_posts":"","_relevanssi_noindex_reason":""},"product_brand":[],"product_cat":[15],"product_tag":[],"class_list":{"0":"post-2317","1":"product","2":"type-product","3":"status-publish","4":"has-post-thumbnail","6":"product_variant-anbaugeraete","7":"product_usage_areas-winterdienst","9":"first","10":"instock","11":"shipping-taxable","12":"product-type-simple"},"acf":[],"yoast_head":"<!-- This site is optimized with the Yoast SEO plugin v27.3 - https:\/\/yoast.com\/product\/yoast-seo-wordpress\/ -->\n<title>122 cm Schneer\u00e4umschild-Anbau - MAMMOTH\u2122 850 Series | Ariens<\/title>\n<meta name=\"description\" content=\"Entdecken Sie die Leistung der MAMMOTH\u2122 Schneeschieberklinge f\u00fcr m\u00fchelose Schneer\u00e4umung. Mit einer robusten 48-Zoll-Stahlkonstruktion und dem schnellen Snowzilla\u2122-Anbausystem.\" \/>\n<meta name=\"robots\" content=\"index, follow, max-snippet:-1, max-image-preview:large, max-video-preview:-1\" \/>\n<link rel=\"canonical\" href=\"https:\/\/www.ariens.eu\/ch\/product\/schneefraesen\/anbaugeraete\/snow-blade-48-122-cm\/\" \/>\n<meta property=\"og:locale\" content=\"de_DE\" \/>\n<meta property=\"og:type\" content=\"article\" \/>\n<meta property=\"og:title\" content=\"122 cm Schneer\u00e4umschild-Anbau - MAMMOTH\u2122 850 Series | Ariens\" \/>\n<meta property=\"og:description\" content=\"Entdecken Sie die Leistung der MAMMOTH\u2122 Schneeschieberklinge f\u00fcr m\u00fchelose Schneer\u00e4umung. Mit einer robusten 48-Zoll-Stahlkonstruktion und dem schnellen Snowzilla\u2122-Anbausystem.\" \/>\n<meta property=\"og:url\" content=\"https:\/\/www.ariens.eu\/ch\/product\/schneefraesen\/anbaugeraete\/snow-blade-48-122-cm\/\" \/>\n<meta property=\"og:site_name\" content=\"Ariens | EMEAA\" \/>\n<meta property=\"article:modified_time\" content=\"2026-01-06T12:15:07+00:00\" \/>\n<meta property=\"og:image\" content=\"https:\/\/www.ariens.eu\/ch\/wp-content\/uploads\/sites\/11\/2024\/05\/951001-Mammoth-48in_Blade_FL34-4000x3000-2d96997-1-scaled.webp\" \/>\n\t<meta property=\"og:image:width\" content=\"2560\" \/>\n\t<meta property=\"og:image:height\" content=\"1920\" \/>\n\t<meta property=\"og:image:type\" content=\"image\/webp\" \/>\n<meta name=\"twitter:card\" content=\"summary_large_image\" \/>\n<meta name=\"twitter:label1\" content=\"Gesch\u00e4tzte Lesezeit\" \/>\n\t<meta name=\"twitter:data1\" content=\"1\u00a0Minute\" \/>\n<script type=\"application\/ld+json\" class=\"yoast-schema-graph\">{\"@context\":\"https:\\\/\\\/schema.org\",\"@graph\":[{\"@type\":\"WebPage\",\"@id\":\"https:\\\/\\\/www.ariens.eu\\\/ch\\\/product\\\/schneefraesen\\\/anbaugeraete\\\/snow-blade-48-122-cm\\\/\",\"url\":\"https:\\\/\\\/www.ariens.eu\\\/ch\\\/product\\\/schneefraesen\\\/anbaugeraete\\\/snow-blade-48-122-cm\\\/\",\"name\":\"122 cm Schneer\u00e4umschild-Anbau - MAMMOTH\u2122 850 Series | Ariens\",\"isPartOf\":{\"@id\":\"https:\\\/\\\/www.ariens.eu\\\/ch\\\/#website\"},\"primaryImageOfPage\":{\"@id\":\"https:\\\/\\\/www.ariens.eu\\\/ch\\\/product\\\/schneefraesen\\\/anbaugeraete\\\/snow-blade-48-122-cm\\\/#primaryimage\"},\"image\":{\"@id\":\"https:\\\/\\\/www.ariens.eu\\\/ch\\\/product\\\/schneefraesen\\\/anbaugeraete\\\/snow-blade-48-122-cm\\\/#primaryimage\"},\"thumbnailUrl\":\"https:\\\/\\\/www.ariens.eu\\\/ch\\\/wp-content\\\/uploads\\\/sites\\\/11\\\/2024\\\/05\\\/951001-Mammoth-48in_Blade_FL34-4000x3000-2d96997-1-scaled.webp\",\"datePublished\":\"2024-05-10T10:04:36+00:00\",\"dateModified\":\"2026-01-06T12:15:07+00:00\",\"description\":\"Entdecken Sie die Leistung der MAMMOTH\u2122 Schneeschieberklinge f\u00fcr m\u00fchelose Schneer\u00e4umung. Mit einer robusten 48-Zoll-Stahlkonstruktion und dem schnellen Snowzilla\u2122-Anbausystem.\",\"breadcrumb\":{\"@id\":\"https:\\\/\\\/www.ariens.eu\\\/ch\\\/product\\\/schneefraesen\\\/anbaugeraete\\\/snow-blade-48-122-cm\\\/#breadcrumb\"},\"inLanguage\":\"de\",\"potentialAction\":[{\"@type\":\"ReadAction\",\"target\":[\"https:\\\/\\\/www.ariens.eu\\\/ch\\\/product\\\/schneefraesen\\\/anbaugeraete\\\/snow-blade-48-122-cm\\\/\"]}]},{\"@type\":\"ImageObject\",\"inLanguage\":\"de\",\"@id\":\"https:\\\/\\\/www.ariens.eu\\\/ch\\\/product\\\/schneefraesen\\\/anbaugeraete\\\/snow-blade-48-122-cm\\\/#primaryimage\",\"url\":\"https:\\\/\\\/www.ariens.eu\\\/ch\\\/wp-content\\\/uploads\\\/sites\\\/11\\\/2024\\\/05\\\/951001-Mammoth-48in_Blade_FL34-4000x3000-2d96997-1-scaled.webp\",\"contentUrl\":\"https:\\\/\\\/www.ariens.eu\\\/ch\\\/wp-content\\\/uploads\\\/sites\\\/11\\\/2024\\\/05\\\/951001-Mammoth-48in_Blade_FL34-4000x3000-2d96997-1-scaled.webp\",\"width\":2560,\"height\":1920},{\"@type\":\"BreadcrumbList\",\"@id\":\"https:\\\/\\\/www.ariens.eu\\\/ch\\\/product\\\/schneefraesen\\\/anbaugeraete\\\/snow-blade-48-122-cm\\\/#breadcrumb\",\"itemListElement\":[{\"@type\":\"ListItem\",\"position\":1,\"name\":\"Home\",\"item\":\"https:\\\/\\\/www.ariens.eu\\\/ch\\\/\"},{\"@type\":\"ListItem\",\"position\":2,\"name\":\"Shop\",\"item\":\"https:\\\/\\\/www.ariens.eu\\\/ch\\\/shop\\\/\"},{\"@type\":\"ListItem\",\"position\":3,\"name\":\"SNOW BLADE 48&#8243; 122 cm\"}]},{\"@type\":\"WebSite\",\"@id\":\"https:\\\/\\\/www.ariens.eu\\\/ch\\\/#website\",\"url\":\"https:\\\/\\\/www.ariens.eu\\\/ch\\\/\",\"name\":\"Ariens | EMEAA\",\"description\":\"Powerful and reliable zero-turn mowers &amp; snow blowers for professional users and demanding private customers\",\"potentialAction\":[{\"@type\":\"SearchAction\",\"target\":{\"@type\":\"EntryPoint\",\"urlTemplate\":\"https:\\\/\\\/www.ariens.eu\\\/ch\\\/?s={search_term_string}\"},\"query-input\":{\"@type\":\"PropertyValueSpecification\",\"valueRequired\":true,\"valueName\":\"search_term_string\"}}],\"inLanguage\":\"de\"}]}<\/script>\n<!-- \/ Yoast SEO plugin. -->","yoast_head_json":{"title":"122 cm Schneer\u00e4umschild-Anbau - MAMMOTH\u2122 850 Series | Ariens","description":"Entdecken Sie die Leistung der MAMMOTH\u2122 Schneeschieberklinge f\u00fcr m\u00fchelose Schneer\u00e4umung. Mit einer robusten 48-Zoll-Stahlkonstruktion und dem schnellen Snowzilla\u2122-Anbausystem.","robots":{"index":"index","follow":"follow","max-snippet":"max-snippet:-1","max-image-preview":"max-image-preview:large","max-video-preview":"max-video-preview:-1"},"canonical":"https:\/\/www.ariens.eu\/ch\/product\/schneefraesen\/anbaugeraete\/snow-blade-48-122-cm\/","og_locale":"de_DE","og_type":"article","og_title":"122 cm Schneer\u00e4umschild-Anbau - MAMMOTH\u2122 850 Series | Ariens","og_description":"Entdecken Sie die Leistung der MAMMOTH\u2122 Schneeschieberklinge f\u00fcr m\u00fchelose Schneer\u00e4umung. Mit einer robusten 48-Zoll-Stahlkonstruktion und dem schnellen Snowzilla\u2122-Anbausystem.","og_url":"https:\/\/www.ariens.eu\/ch\/product\/schneefraesen\/anbaugeraete\/snow-blade-48-122-cm\/","og_site_name":"Ariens | EMEAA","article_modified_time":"2026-01-06T12:15:07+00:00","og_image":[{"width":2560,"height":1920,"url":"https:\/\/www.ariens.eu\/ch\/wp-content\/uploads\/sites\/11\/2024\/05\/951001-Mammoth-48in_Blade_FL34-4000x3000-2d96997-1-scaled.webp","type":"image\/webp"}],"twitter_card":"summary_large_image","twitter_misc":{"Gesch\u00e4tzte Lesezeit":"1\u00a0Minute"},"schema":{"@context":"https:\/\/schema.org","@graph":[{"@type":"WebPage","@id":"https:\/\/www.ariens.eu\/ch\/product\/schneefraesen\/anbaugeraete\/snow-blade-48-122-cm\/","url":"https:\/\/www.ariens.eu\/ch\/product\/schneefraesen\/anbaugeraete\/snow-blade-48-122-cm\/","name":"122 cm Schneer\u00e4umschild-Anbau - MAMMOTH\u2122 850 Series | Ariens","isPartOf":{"@id":"https:\/\/www.ariens.eu\/ch\/#website"},"primaryImageOfPage":{"@id":"https:\/\/www.ariens.eu\/ch\/product\/schneefraesen\/anbaugeraete\/snow-blade-48-122-cm\/#primaryimage"},"image":{"@id":"https:\/\/www.ariens.eu\/ch\/product\/schneefraesen\/anbaugeraete\/snow-blade-48-122-cm\/#primaryimage"},"thumbnailUrl":"https:\/\/www.ariens.eu\/ch\/wp-content\/uploads\/sites\/11\/2024\/05\/951001-Mammoth-48in_Blade_FL34-4000x3000-2d96997-1-scaled.webp","datePublished":"2024-05-10T10:04:36+00:00","dateModified":"2026-01-06T12:15:07+00:00","description":"Entdecken Sie die Leistung der MAMMOTH\u2122 Schneeschieberklinge f\u00fcr m\u00fchelose Schneer\u00e4umung. Mit einer robusten 48-Zoll-Stahlkonstruktion und dem schnellen Snowzilla\u2122-Anbausystem.","breadcrumb":{"@id":"https:\/\/www.ariens.eu\/ch\/product\/schneefraesen\/anbaugeraete\/snow-blade-48-122-cm\/#breadcrumb"},"inLanguage":"de","potentialAction":[{"@type":"ReadAction","target":["https:\/\/www.ariens.eu\/ch\/product\/schneefraesen\/anbaugeraete\/snow-blade-48-122-cm\/"]}]},{"@type":"ImageObject","inLanguage":"de","@id":"https:\/\/www.ariens.eu\/ch\/product\/schneefraesen\/anbaugeraete\/snow-blade-48-122-cm\/#primaryimage","url":"https:\/\/www.ariens.eu\/ch\/wp-content\/uploads\/sites\/11\/2024\/05\/951001-Mammoth-48in_Blade_FL34-4000x3000-2d96997-1-scaled.webp","contentUrl":"https:\/\/www.ariens.eu\/ch\/wp-content\/uploads\/sites\/11\/2024\/05\/951001-Mammoth-48in_Blade_FL34-4000x3000-2d96997-1-scaled.webp","width":2560,"height":1920},{"@type":"BreadcrumbList","@id":"https:\/\/www.ariens.eu\/ch\/product\/schneefraesen\/anbaugeraete\/snow-blade-48-122-cm\/#breadcrumb","itemListElement":[{"@type":"ListItem","position":1,"name":"Home","item":"https:\/\/www.ariens.eu\/ch\/"},{"@type":"ListItem","position":2,"name":"Shop","item":"https:\/\/www.ariens.eu\/ch\/shop\/"},{"@type":"ListItem","position":3,"name":"SNOW BLADE 48&#8243; 122 cm"}]},{"@type":"WebSite","@id":"https:\/\/www.ariens.eu\/ch\/#website","url":"https:\/\/www.ariens.eu\/ch\/","name":"Ariens | EMEAA","description":"Powerful and reliable zero-turn mowers &amp; snow blowers for professional users and demanding private customers","potentialAction":[{"@type":"SearchAction","target":{"@type":"EntryPoint","urlTemplate":"https:\/\/www.ariens.eu\/ch\/?s={search_term_string}"},"query-input":{"@type":"PropertyValueSpecification","valueRequired":true,"valueName":"search_term_string"}}],"inLanguage":"de"}]}},"_links":{"self":[{"href":"https:\/\/www.ariens.eu\/ch\/wp-json\/wp\/v2\/product\/2317","targetHints":{"allow":["GET"]}}],"collection":[{"href":"https:\/\/www.ariens.eu\/ch\/wp-json\/wp\/v2\/product"}],"about":[{"href":"https:\/\/www.ariens.eu\/ch\/wp-json\/wp\/v2\/types\/product"}],"replies":[{"embeddable":true,"href":"https:\/\/www.ariens.eu\/ch\/wp-json\/wp\/v2\/comments?post=2317"}],"wp:featuredmedia":[{"embeddable":true,"href":"https:\/\/www.ariens.eu\/ch\/wp-json\/wp\/v2\/media\/3026"}],"wp:attachment":[{"href":"https:\/\/www.ariens.eu\/ch\/wp-json\/wp\/v2\/media?parent=2317"}],"wp:term":[{"taxonomy":"product_brand","embeddable":true,"href":"https:\/\/www.ariens.eu\/ch\/wp-json\/wp\/v2\/product_brand?post=2317"},{"taxonomy":"product_cat","embeddable":true,"href":"https:\/\/www.ariens.eu\/ch\/wp-json\/wp\/v2\/product_cat?post=2317"},{"taxonomy":"product_tag","embeddable":true,"href":"https:\/\/www.ariens.eu\/ch\/wp-json\/wp\/v2\/product_tag?post=2317"}],"curies":[{"name":"wp","href":"https:\/\/api.w.org\/{rel}","templated":true}]}}