{"id":2318,"date":"2024-05-10T11:04:36","date_gmt":"2024-05-10T10:04:36","guid":{"rendered":"https:\/\/www.ariens.eu\/product\/power-brush-44-112-cm\/"},"modified":"2026-01-06T12:22:20","modified_gmt":"2026-01-06T12:22:20","slug":"power-brush-44-112-cm","status":"publish","type":"product","link":"https:\/\/www.ariens.eu\/ch\/produkt\/schneefraesen\/anbaugeraete\/power-brush-44-112-cm","title":{"rendered":"POWER BRUSH 44&#8243; 112 cm"},"content":{"rendered":"<div class=\"acfd-block acfd-block__twocolumns mb-asm-1 container-fluid px-0 bg-default\">\n<div class=\"acfd-twocolumns\">\n<div class=\"row\">\n<div class='col-lg-9 mb-4'>\n<div class=\"acfd-block acfd-block__headline mb-asm-1 container-fluid px-0 bg-default\">\n<div class=\"acfd-headline\" >\n<h2 class='h2 text-left'>Maximaler Scheer\u00e4um-Effekt bei Neuschnee<\/h2>\n<\/p><\/div>\n<\/div>\n<div class=\"acfd-block acfd-block__text container-fluid px-0 bg-default\">\n<div class=\"acfd-text\">\n<p>Der 44\u201c Power Broom ist eine erstklassige L\u00f6sung f\u00fcr die gr\u00fcndliche Reinigung von Oberfl\u00e4chen. Dieser Power-Besen ist ideal f\u00fcr Grundst\u00fccke mit Nulltoleranz und reinigt fachm\u00e4nnisch bis auf die Oberfl\u00e4che.<\/p>\n<p>Er verf\u00fcgt \u00fcber innovative einzelne Polymerborstenscheiben, die Langlebigkeit und einfache Wartung mit einfachen Austauschoptionen bei Abnutzung gew\u00e4hrleisten. Mit einer L\u00e4nge von 42 Zoll, einer Breite von 48 Zoll und einer H\u00f6he von 26,5 Zoll ist er f\u00fcr eine effektive Abdeckung ausgelegt. Mit einem Gewicht von 435 lbs ist er robust und dennoch handlich. Der Motorbesen verf\u00fcgt \u00fcber einen maximalen Schwenkwinkel von 40 Grad, der eine effiziente Richtungskontrolle erm\u00f6glicht. Seine beeindruckende Rotationsgeschwindigkeit von 220 Umdrehungen pro Minute sorgt f\u00fcr eine schnelle und effektive Reinigung. Er ist ein unverzichtbares Werkzeug f\u00fcr alle, die eine pr\u00e4zise und umfassende Oberfl\u00e4chenreinigung ben\u00f6tigen.<\/p>\n<\/div>\n<\/div><\/div>\n<div class='col-lg'>                    <\/div>\n<\/p><\/div>\n<\/div>\n<\/div>\n<div class=\"acfd-block acfd-block__twocolumns container-fluid px-0 bg-default\">\n<div class=\"acfd-twocolumns\">\n<div class=\"row\">\n<div class='col-lg-9 mb-4'>                    <\/div>\n<div class='col-lg'>                    <\/div>\n<\/p><\/div>\n<\/div>\n<\/div>\n","protected":false},"excerpt":{"rendered":"<p>Maximaler Scheer\u00e4um-Effekt bei Neuschnee Der 44\u201c Power Broom ist eine erstklassige L\u00f6sung f\u00fcr die gr\u00fcndliche Reinigung von Oberfl\u00e4chen. Dieser Power-Besen ist ideal f\u00fcr Grundst\u00fccke mit Nulltoleranz und reinigt fachm\u00e4nnisch bis auf die Oberfl\u00e4che. Er verf\u00fcgt \u00fcber innovative einzelne Polymerborstenscheiben, die Langlebigkeit und einfache Wartung mit einfachen Austauschoptionen bei Abnutzung gew\u00e4hrleisten. Mit einer L\u00e4nge von 42 [&hellip;]<\/p>\n","protected":false},"featured_media":3019,"comment_status":"open","ping_status":"closed","template":"","meta":{"_acf_changed":false,"_relevanssi_hide_post":"","_relevanssi_hide_content":"","_relevanssi_pin_for_all":"","_relevanssi_pin_keywords":"","_relevanssi_unpin_keywords":"","_relevanssi_related_keywords":"","_relevanssi_related_include_ids":"","_relevanssi_related_exclude_ids":"","_relevanssi_related_no_append":"","_relevanssi_related_not_related":"","_relevanssi_related_posts":"","_relevanssi_noindex_reason":""},"product_brand":[],"product_cat":[15],"product_tag":[],"class_list":{"0":"post-2318","1":"product","2":"type-product","3":"status-publish","4":"has-post-thumbnail","6":"product_variant-anbaugeraete","7":"product_usage_areas-winterdienst","9":"first","10":"instock","11":"shipping-taxable","12":"product-type-simple"},"acf":[],"yoast_head":"<!-- This site is optimized with the Yoast SEO plugin v27.3 - https:\/\/yoast.com\/product\/yoast-seo-wordpress\/ -->\n<title>112 cm Kehrb\u00fcrste - MAMMOTH\u2122 850 Serie | Ariens<\/title>\n<meta name=\"description\" content=\"Meistern Sie die Oberfl\u00e4chenreinigung mit der 44&quot; Power-B\u00fcrste. Sie eignet sich perfekt f\u00fcr Bereiche mit Nulltoleranz und verf\u00fcgt \u00fcber austauschbare Polymerborsten und eine robuste Rotationsgeschwindigkeit von 220 U\/min.\" \/>\n<meta name=\"robots\" content=\"index, follow, max-snippet:-1, max-image-preview:large, max-video-preview:-1\" \/>\n<link rel=\"canonical\" href=\"https:\/\/www.ariens.eu\/ch\/product\/schneefraesen\/anbaugeraete\/power-brush-44-112-cm\/\" \/>\n<meta property=\"og:locale\" content=\"de_DE\" \/>\n<meta property=\"og:type\" content=\"article\" \/>\n<meta property=\"og:title\" content=\"112 cm Kehrb\u00fcrste - MAMMOTH\u2122 850 Serie | Ariens\" \/>\n<meta property=\"og:description\" content=\"Meistern Sie die Oberfl\u00e4chenreinigung mit der 44&quot; Power-B\u00fcrste. Sie eignet sich perfekt f\u00fcr Bereiche mit Nulltoleranz und verf\u00fcgt \u00fcber austauschbare Polymerborsten und eine robuste Rotationsgeschwindigkeit von 220 U\/min.\" \/>\n<meta property=\"og:url\" content=\"https:\/\/www.ariens.eu\/ch\/product\/schneefraesen\/anbaugeraete\/power-brush-44-112-cm\/\" \/>\n<meta property=\"og:site_name\" content=\"Ariens | EMEAA\" \/>\n<meta property=\"article:modified_time\" content=\"2026-01-06T12:22:20+00:00\" \/>\n<meta property=\"og:image\" content=\"https:\/\/www.ariens.eu\/ch\/wp-content\/uploads\/sites\/11\/2024\/05\/951001-Mammoth-44in_Brush_FL34-scaled.webp\" \/>\n\t<meta property=\"og:image:width\" content=\"2560\" \/>\n\t<meta property=\"og:image:height\" content=\"1920\" \/>\n\t<meta property=\"og:image:type\" content=\"image\/webp\" \/>\n<meta name=\"twitter:card\" content=\"summary_large_image\" \/>\n<meta name=\"twitter:label1\" content=\"Gesch\u00e4tzte Lesezeit\" \/>\n\t<meta name=\"twitter:data1\" content=\"1\u00a0Minute\" \/>\n<script type=\"application\/ld+json\" class=\"yoast-schema-graph\">{\"@context\":\"https:\\\/\\\/schema.org\",\"@graph\":[{\"@type\":\"WebPage\",\"@id\":\"https:\\\/\\\/www.ariens.eu\\\/ch\\\/product\\\/schneefraesen\\\/anbaugeraete\\\/power-brush-44-112-cm\\\/\",\"url\":\"https:\\\/\\\/www.ariens.eu\\\/ch\\\/product\\\/schneefraesen\\\/anbaugeraete\\\/power-brush-44-112-cm\\\/\",\"name\":\"112 cm Kehrb\u00fcrste - MAMMOTH\u2122 850 Serie | Ariens\",\"isPartOf\":{\"@id\":\"https:\\\/\\\/www.ariens.eu\\\/ch\\\/#website\"},\"primaryImageOfPage\":{\"@id\":\"https:\\\/\\\/www.ariens.eu\\\/ch\\\/product\\\/schneefraesen\\\/anbaugeraete\\\/power-brush-44-112-cm\\\/#primaryimage\"},\"image\":{\"@id\":\"https:\\\/\\\/www.ariens.eu\\\/ch\\\/product\\\/schneefraesen\\\/anbaugeraete\\\/power-brush-44-112-cm\\\/#primaryimage\"},\"thumbnailUrl\":\"https:\\\/\\\/www.ariens.eu\\\/ch\\\/wp-content\\\/uploads\\\/sites\\\/11\\\/2024\\\/05\\\/951001-Mammoth-44in_Brush_FL34-scaled.webp\",\"datePublished\":\"2024-05-10T10:04:36+00:00\",\"dateModified\":\"2026-01-06T12:22:20+00:00\",\"description\":\"Meistern Sie die Oberfl\u00e4chenreinigung mit der 44\\\" Power-B\u00fcrste. Sie eignet sich perfekt f\u00fcr Bereiche mit Nulltoleranz und verf\u00fcgt \u00fcber austauschbare Polymerborsten und eine robuste Rotationsgeschwindigkeit von 220 U\\\/min.\",\"breadcrumb\":{\"@id\":\"https:\\\/\\\/www.ariens.eu\\\/ch\\\/product\\\/schneefraesen\\\/anbaugeraete\\\/power-brush-44-112-cm\\\/#breadcrumb\"},\"inLanguage\":\"de\",\"potentialAction\":[{\"@type\":\"ReadAction\",\"target\":[\"https:\\\/\\\/www.ariens.eu\\\/ch\\\/product\\\/schneefraesen\\\/anbaugeraete\\\/power-brush-44-112-cm\\\/\"]}]},{\"@type\":\"ImageObject\",\"inLanguage\":\"de\",\"@id\":\"https:\\\/\\\/www.ariens.eu\\\/ch\\\/product\\\/schneefraesen\\\/anbaugeraete\\\/power-brush-44-112-cm\\\/#primaryimage\",\"url\":\"https:\\\/\\\/www.ariens.eu\\\/ch\\\/wp-content\\\/uploads\\\/sites\\\/11\\\/2024\\\/05\\\/951001-Mammoth-44in_Brush_FL34-scaled.webp\",\"contentUrl\":\"https:\\\/\\\/www.ariens.eu\\\/ch\\\/wp-content\\\/uploads\\\/sites\\\/11\\\/2024\\\/05\\\/951001-Mammoth-44in_Brush_FL34-scaled.webp\",\"width\":2560,\"height\":1920},{\"@type\":\"BreadcrumbList\",\"@id\":\"https:\\\/\\\/www.ariens.eu\\\/ch\\\/product\\\/schneefraesen\\\/anbaugeraete\\\/power-brush-44-112-cm\\\/#breadcrumb\",\"itemListElement\":[{\"@type\":\"ListItem\",\"position\":1,\"name\":\"Home\",\"item\":\"https:\\\/\\\/www.ariens.eu\\\/ch\\\/\"},{\"@type\":\"ListItem\",\"position\":2,\"name\":\"Shop\",\"item\":\"https:\\\/\\\/www.ariens.eu\\\/ch\\\/shop\\\/\"},{\"@type\":\"ListItem\",\"position\":3,\"name\":\"POWER BRUSH 44&#8243; 112 cm\"}]},{\"@type\":\"WebSite\",\"@id\":\"https:\\\/\\\/www.ariens.eu\\\/ch\\\/#website\",\"url\":\"https:\\\/\\\/www.ariens.eu\\\/ch\\\/\",\"name\":\"Ariens | EMEAA\",\"description\":\"Powerful and reliable zero-turn mowers &amp; snow blowers for professional users and demanding private customers\",\"potentialAction\":[{\"@type\":\"SearchAction\",\"target\":{\"@type\":\"EntryPoint\",\"urlTemplate\":\"https:\\\/\\\/www.ariens.eu\\\/ch\\\/?s={search_term_string}\"},\"query-input\":{\"@type\":\"PropertyValueSpecification\",\"valueRequired\":true,\"valueName\":\"search_term_string\"}}],\"inLanguage\":\"de\"}]}<\/script>\n<!-- \/ Yoast SEO plugin. -->","yoast_head_json":{"title":"112 cm Kehrb\u00fcrste - MAMMOTH\u2122 850 Serie | Ariens","description":"Meistern Sie die Oberfl\u00e4chenreinigung mit der 44\" Power-B\u00fcrste. Sie eignet sich perfekt f\u00fcr Bereiche mit Nulltoleranz und verf\u00fcgt \u00fcber austauschbare Polymerborsten und eine robuste Rotationsgeschwindigkeit von 220 U\/min.","robots":{"index":"index","follow":"follow","max-snippet":"max-snippet:-1","max-image-preview":"max-image-preview:large","max-video-preview":"max-video-preview:-1"},"canonical":"https:\/\/www.ariens.eu\/ch\/product\/schneefraesen\/anbaugeraete\/power-brush-44-112-cm\/","og_locale":"de_DE","og_type":"article","og_title":"112 cm Kehrb\u00fcrste - MAMMOTH\u2122 850 Serie | Ariens","og_description":"Meistern Sie die Oberfl\u00e4chenreinigung mit der 44\" Power-B\u00fcrste. Sie eignet sich perfekt f\u00fcr Bereiche mit Nulltoleranz und verf\u00fcgt \u00fcber austauschbare Polymerborsten und eine robuste Rotationsgeschwindigkeit von 220 U\/min.","og_url":"https:\/\/www.ariens.eu\/ch\/product\/schneefraesen\/anbaugeraete\/power-brush-44-112-cm\/","og_site_name":"Ariens | EMEAA","article_modified_time":"2026-01-06T12:22:20+00:00","og_image":[{"width":2560,"height":1920,"url":"https:\/\/www.ariens.eu\/ch\/wp-content\/uploads\/sites\/11\/2024\/05\/951001-Mammoth-44in_Brush_FL34-scaled.webp","type":"image\/webp"}],"twitter_card":"summary_large_image","twitter_misc":{"Gesch\u00e4tzte Lesezeit":"1\u00a0Minute"},"schema":{"@context":"https:\/\/schema.org","@graph":[{"@type":"WebPage","@id":"https:\/\/www.ariens.eu\/ch\/product\/schneefraesen\/anbaugeraete\/power-brush-44-112-cm\/","url":"https:\/\/www.ariens.eu\/ch\/product\/schneefraesen\/anbaugeraete\/power-brush-44-112-cm\/","name":"112 cm Kehrb\u00fcrste - MAMMOTH\u2122 850 Serie | Ariens","isPartOf":{"@id":"https:\/\/www.ariens.eu\/ch\/#website"},"primaryImageOfPage":{"@id":"https:\/\/www.ariens.eu\/ch\/product\/schneefraesen\/anbaugeraete\/power-brush-44-112-cm\/#primaryimage"},"image":{"@id":"https:\/\/www.ariens.eu\/ch\/product\/schneefraesen\/anbaugeraete\/power-brush-44-112-cm\/#primaryimage"},"thumbnailUrl":"https:\/\/www.ariens.eu\/ch\/wp-content\/uploads\/sites\/11\/2024\/05\/951001-Mammoth-44in_Brush_FL34-scaled.webp","datePublished":"2024-05-10T10:04:36+00:00","dateModified":"2026-01-06T12:22:20+00:00","description":"Meistern Sie die Oberfl\u00e4chenreinigung mit der 44\" Power-B\u00fcrste. Sie eignet sich perfekt f\u00fcr Bereiche mit Nulltoleranz und verf\u00fcgt \u00fcber austauschbare Polymerborsten und eine robuste Rotationsgeschwindigkeit von 220 U\/min.","breadcrumb":{"@id":"https:\/\/www.ariens.eu\/ch\/product\/schneefraesen\/anbaugeraete\/power-brush-44-112-cm\/#breadcrumb"},"inLanguage":"de","potentialAction":[{"@type":"ReadAction","target":["https:\/\/www.ariens.eu\/ch\/product\/schneefraesen\/anbaugeraete\/power-brush-44-112-cm\/"]}]},{"@type":"ImageObject","inLanguage":"de","@id":"https:\/\/www.ariens.eu\/ch\/product\/schneefraesen\/anbaugeraete\/power-brush-44-112-cm\/#primaryimage","url":"https:\/\/www.ariens.eu\/ch\/wp-content\/uploads\/sites\/11\/2024\/05\/951001-Mammoth-44in_Brush_FL34-scaled.webp","contentUrl":"https:\/\/www.ariens.eu\/ch\/wp-content\/uploads\/sites\/11\/2024\/05\/951001-Mammoth-44in_Brush_FL34-scaled.webp","width":2560,"height":1920},{"@type":"BreadcrumbList","@id":"https:\/\/www.ariens.eu\/ch\/product\/schneefraesen\/anbaugeraete\/power-brush-44-112-cm\/#breadcrumb","itemListElement":[{"@type":"ListItem","position":1,"name":"Home","item":"https:\/\/www.ariens.eu\/ch\/"},{"@type":"ListItem","position":2,"name":"Shop","item":"https:\/\/www.ariens.eu\/ch\/shop\/"},{"@type":"ListItem","position":3,"name":"POWER BRUSH 44&#8243; 112 cm"}]},{"@type":"WebSite","@id":"https:\/\/www.ariens.eu\/ch\/#website","url":"https:\/\/www.ariens.eu\/ch\/","name":"Ariens | EMEAA","description":"Powerful and reliable zero-turn mowers &amp; snow blowers for professional users and demanding private customers","potentialAction":[{"@type":"SearchAction","target":{"@type":"EntryPoint","urlTemplate":"https:\/\/www.ariens.eu\/ch\/?s={search_term_string}"},"query-input":{"@type":"PropertyValueSpecification","valueRequired":true,"valueName":"search_term_string"}}],"inLanguage":"de"}]}},"_links":{"self":[{"href":"https:\/\/www.ariens.eu\/ch\/wp-json\/wp\/v2\/product\/2318","targetHints":{"allow":["GET"]}}],"collection":[{"href":"https:\/\/www.ariens.eu\/ch\/wp-json\/wp\/v2\/product"}],"about":[{"href":"https:\/\/www.ariens.eu\/ch\/wp-json\/wp\/v2\/types\/product"}],"replies":[{"embeddable":true,"href":"https:\/\/www.ariens.eu\/ch\/wp-json\/wp\/v2\/comments?post=2318"}],"wp:featuredmedia":[{"embeddable":true,"href":"https:\/\/www.ariens.eu\/ch\/wp-json\/wp\/v2\/media\/3019"}],"wp:attachment":[{"href":"https:\/\/www.ariens.eu\/ch\/wp-json\/wp\/v2\/media?parent=2318"}],"wp:term":[{"taxonomy":"product_brand","embeddable":true,"href":"https:\/\/www.ariens.eu\/ch\/wp-json\/wp\/v2\/product_brand?post=2318"},{"taxonomy":"product_cat","embeddable":true,"href":"https:\/\/www.ariens.eu\/ch\/wp-json\/wp\/v2\/product_cat?post=2318"},{"taxonomy":"product_tag","embeddable":true,"href":"https:\/\/www.ariens.eu\/ch\/wp-json\/wp\/v2\/product_tag?post=2318"}],"curies":[{"name":"wp","href":"https:\/\/api.w.org\/{rel}","templated":true}]}}