{"id":2330,"date":"2024-05-10T11:04:36","date_gmt":"2024-05-10T10:04:36","guid":{"rendered":"https:\/\/www.ariens.eu\/product\/apex-48r\/"},"modified":"2026-02-25T10:40:37","modified_gmt":"2026-02-25T10:40:37","slug":"apex-48r","status":"publish","type":"product","link":"https:\/\/www.ariens.eu\/ch\/produkt\/zero-turn-mowers\/apex-serie\/apex-48r","title":{"rendered":"APEX 48R"},"content":{"rendered":"<div class=\"acfd-block acfd-block__headline mb-asm-1 container-fluid px-0 bg-default\">\n<div class=\"acfd-headline\" >\n<h2 class='h2 text-left'>Stabil und haltbar f\u00fcr regelm\u00e4\u00dfiges M\u00e4hen &#8211; Ideal f\u00fcr Dienstleister<\/h2>\n<\/p><\/div>\n<\/div>\n<div class=\"acfd-block acfd-block__twocolumns mb-asm-2 container-fluid px-0 bg-default\">\n<div class=\"acfd-twocolumns\">\n<div class=\"row\">\n<div class='col-lg-9 mb-4'>\n<div class=\"acfd-block acfd-block__text container-fluid px-0 bg-default\">\n<div class=\"acfd-text\">\n<p>Gemacht f\u00fcr Dienstleister die h\u00e4ufig m\u00e4hen. Top Komponenten bei Motor, Antrieb und M\u00e4hdeck in Verbindung mit einem hervorragenden Preis-Leistungsverh\u00e4ltnis machen ihn zu unserem Best-Seller, seit Jahren.<\/p>\n<p>Das \u201eR\u201c beim APEX 48R steht f\u00fcr \u201erear-discharge\u201c also Heckauswurf. Das gem\u00e4hte Gras wird nach hinten, zwischen den R\u00e4dern hindurch ausgeworfen. Mit seinem erstklassigen Kawasaki FR691 V-Twin Motor, seinem hochstabilen Rahmen und seinem Profi-M\u00e4hdeck mit 122 cm Schnittbreite ist er ideal f\u00fcr den gewerblichen Einsatz.<\/p>\n<ul>\n<li>Ausgestattet mit einem 122 cm (48&#8243;) breiten Heckauswurf aus 3,2 mm Stahl<\/li>\n<li>Leistungsstarker Kawasaki<sup>&reg;<\/sup> FR691 V-Twin 726cm\u00b3-Motor<\/li>\n<li>Branchenf\u00fchrender, vollverschwei\u00dfter Stahlrohrrahmen<\/li>\n<li>Konstante Riemenspannung (CBT-System)<\/li>\n<li>Hochlehniger Stoffsitz mit gepolsterten Armlehnen<\/li>\n<li>Fu\u00dfbet\u00e4tigte M\u00e4hdeckaushebung mit 15 Schnitth\u00f6hen<\/li>\n<li>ROPS-f\u00e4hige Konstruktion<\/li>\n<li>Eine Reihe von optionalem Zubeh\u00f6r ist erh\u00e4ltlich<\/li>\n<li>4 Jahre oder 500 Stunden Garantie<\/li>\n<\/ul>\n<\/div>\n<\/div><\/div>\n<div class='col-lg'>                    <\/div>\n<\/p><\/div>\n<\/div>\n<\/div>\n<div class=\"acfd-block acfd-block__category mb-asm-3 container-fluid px-0 bg-default\">\n<div class=\"acfd-product-categories\">\n<h2 class=\"text-left mb-3\">\n        Eins\u00e4tze    <\/h2>\n<div class=\"product-categories_wrapper\">\n         <span\n                data-description=\"Sie sind Dienstleister, Hausmeisterservice oder m\u00fcssen gr\u00f6\u00dfere Fl\u00e4chen regelm\u00e4\u00dfig pflegen? Dann bietet Ihnen eine Semi-Professionelle Maschine die Leistung und Haltbarkeit, um Ihre M\u00e4harbeiten zuverl\u00e4ssig zu erledigen.\"                class=\"product-category-single\"> Semi-Pro                <sup><i class=\"fa fa-info-circle\" aria-hidden=\"true\"><\/i><\/sup>            <\/span>  <span\n                data-description=\"Unsere M\u00e4her sind mit hochwertigen Kawasaki<sup>&reg;<\/sup>oder Ariens Motoren ausgestattet. Sie liefern \u00fcberdurchschnittliche Leistung und Zuverl\u00e4ssigkeit.\"                class=\"product-category-single\"> Benzin                <sup><i class=\"fa fa-info-circle\" aria-hidden=\"true\"><\/i><\/sup>            <\/span>  <span\n                data-description=\"Ariens Aufsitzm\u00e4her bieten hohen Komfort. Schon ab dem Einstiegsmodell verwenden wir hochwertige Sitze. Gro\u00dfe Beinfreiheit und ergonomische Bedienelemente sind Standard.\"                class=\"product-category-single\"> Ride-On (sitzend)                <sup><i class=\"fa fa-info-circle\" aria-hidden=\"true\"><\/i><\/sup>            <\/span>  <span\n                data-description=\"Bei den Modellen APEX und ZENITH haben Sie die Wahl zwischen Seitenauswurf- und Heckauswurf M\u00e4hdecks. Ein Heckauswurf-M\u00e4hdeck ist seitlich geschlossen und wirft das Schnittgut nach hinten aus. Vorteil ist, dass kein Schnittgut auf Wege und Beete geworfen wird und im Vergleich zu einem Mulchkit auch h\u00f6heres Gras gut gem\u00e4ht werden kann. Heckauswurf M\u00e4hdecks kommen h\u00e4ufig im kommunalen Bereich zum Einsatz.\"                class=\"product-category-single\"> Heckauswurf                <sup><i class=\"fa fa-info-circle\" aria-hidden=\"true\"><\/i><\/sup>            <\/span>  <span\n                data-description=\"Alle Ariens M\u00e4her sind f\u00fcr ebene Rasenfl\u00e4chen geeignet. W\u00e4hlen Sie Ihre Schnittbreite entsprechend Ihrer Fl\u00e4chengr\u00f6\u00dfe und limitierender Engstellen.\"                class=\"product-category-single\"> Flaches Terrain                <sup><i class=\"fa fa-info-circle\" aria-hidden=\"true\"><\/i><\/sup>            <\/span>  <span\n                data-description=\"Ariens M\u00e4her kommen mit welligem Terrain gut zurecht. W\u00e4hlen Sie bei welligem Gel\u00e4nde eher schm\u00e4lere M\u00e4hdecks f\u00fcr ein einheitlicheres Schnittbild.\"                class=\"product-category-single\"> Welliges Terrain                <sup><i class=\"fa fa-info-circle\" aria-hidden=\"true\"><\/i><\/sup>            <\/span>  <span\n                data-description=\"W\u00e4hlen Sie am besten eine Maschine mit breiten R\u00e4dern. \u00dcberschreiten Sie nicht das angegebene Sicherheitslimit von 15\u00b0 Steigung bei Aufsitzm\u00e4hern und 20\u00b0 bei Stand-On M\u00e4hern. W\u00e4hlen Sie bei welligem Gel\u00e4nde eher schm\u00e4lere M\u00e4hdecks f\u00fcr ein einheitlicheres Schnittbild. Das Modell ZENITH verf\u00fcgt serienm\u00e4\u00dfig \u00fcber einen \u00dcberrollschutz. Auf dem APEX kann er nachger\u00fcstet werden.\"                class=\"product-category-single\"> H\u00fcgeliges Terrain                <sup><i class=\"fa fa-info-circle\" aria-hidden=\"true\"><\/i><\/sup>            <\/span>  <span\n                data-description=\"Nutzen Sie M\u00e4hbreiten von 107 cm und 122 cm auf mittleren bis gr\u00f6\u00dferen Rasenfl\u00e4chen.\"                class=\"product-category-single\"> Mittelgro\u00dfe Fl\u00e4chen                <sup><i class=\"fa fa-info-circle\" aria-hidden=\"true\"><\/i><\/sup>            <\/span>     <\/div>\n<\/div>\n<\/div>\n<div class=\"acfd-block acfd-block__twocolumns mb-asm-2 container-fluid container-fluid--force px-0 bg-default\">\n<div class=\"acfd-twocolumns\">\n<div class=\"row\">\n<div class='col-lg-12 mb-4'>\n<div class=\"acfd-product-advantages--wrapper\">\n<h2 class=\"h1 bigger text-color-black text-center mb-5\">\n        Merkmale &#038; Vorteile    <\/h2>\n<div class=\"acfd-product-advantages\">\n<div class=\"row\">\n<div class=\"col-md-6 mb-4 content\">\n                    <span class=\"d-block h5 text-color-brand mb-1\">Gebogener Stahlrohrrahmen<\/span><\/p>\n<p>Der vollst\u00e4ndig aus Stahlrohr gefertigte Rahmen bildet das Skelett des M\u00e4hers. Er tr\u00e4gt die gesamte Last der Maschine \u00fcber viele Jahre und muss mit St\u00f6\u00dfen und Vibrationen dauerhaft zurechtkommen. Durch modernste Biegetechnik werden Schwachstellen durch Schwei\u00dfverbindungen vermieden.<\/p>\n<\/p><\/div>\n<div class=\"col-md-6 mb4 image\"  style=\"background-image:url(https:\/\/www.ariens.eu\/ch\/wp-content\/uploads\/sites\/3\/2024\/05\/apex-feature-frame.png)\">\n                <\/div>\n<\/p><\/div>\n<div class=\"row\">\n<div class=\"col-md-6 mb-4 content\">\n                    <span class=\"d-block h5 text-color-brand mb-1\">Professionelles M\u00e4hdeck<\/span><\/p>\n<p>Das M\u00e4hdeck ist das am h\u00f6chsten belastete Bauteil eines M\u00e4hers. Hier kommt es besonders auf Stabilit\u00e4t an. Der APEX verf\u00fcgt \u00fcber ein 14 cm tiefes, vollverschwei\u00dftes M\u00e4hdeck aus 3,2 mm starkem Stahlblech mit aufgedoppelten Spindeltr\u00e4gern, 12,7 mm Stahlkante, eingehausten Anti-Skalp R\u00e4dern, Ganzstahl- Riemenscheiben, durchgeschwei\u00dfte 4-Punkt Aufh\u00e4ngung und den hochwertigen Messerspindeln aus geschmiedetem Aluminium. Alles an ihm ist auf lange Lebensdauer ausgelegt.<\/p>\n<\/p><\/div>\n<div class=\"col-md-6 mb4 image\"  style=\"background-image:url(https:\/\/www.ariens.eu\/ch\/wp-content\/uploads\/sites\/3\/2024\/05\/apex-feature-2.webp)\">\n                <\/div>\n<\/p><\/div>\n<div class=\"row\">\n<div class=\"col-md-6 mb-4 content\">\n                    <span class=\"d-block h5 text-color-brand mb-1\">Automatisches riemenspanner System<\/span><\/p>\n<p>Die automatische CBT (Constant-Belt-Tension) Technologie h\u00e4lt die Riemenspannung des M\u00e4hdecks immer konstant. Dies erh\u00f6ht die Lebensdauer des Riemens, gleicht Verschlei\u00df aus und verhindert Riemenschlupf f\u00fcr ein dauerhaft hochwertiges Schnittbild.<\/p>\n<\/p><\/div>\n<div class=\"col-md-6 mb4 image\"  style=\"background-image:url(https:\/\/www.ariens.eu\/ch\/wp-content\/uploads\/sites\/3\/2024\/05\/apex-feature-3.webp)\">\n                <\/div>\n<\/p><\/div>\n<div class=\"row\">\n<div class=\"col-md-6 mb-4 content\">\n                    <span class=\"d-block h5 text-color-brand mb-1\">M\u00e4hdeckaushebung per Fusspedal<\/span><\/p>\n<p>Das Anheben des massiven M\u00e4hdecks erfolgt komfortabel und kraftsparend \u00fcber ein Fusspedal. F\u00fcr die Wahl einer der 15 Schnitth\u00f6hen von 3,8 \u2013 12,7 cm wird ein Metallstecker in die jeweilige Aussparung des Displays gesteckt.<\/p>\n<\/p><\/div>\n<div class=\"col-md-6 mb4 image\"  style=\"background-image:url(https:\/\/www.ariens.eu\/ch\/wp-content\/uploads\/sites\/3\/2024\/05\/ariens-apex-zero-turn-deck-lift.webp)\">\n                <\/div>\n<\/p><\/div>\n<div class=\"row\">\n<div class=\"col-md-6 mb-4 content\">\n                    <span class=\"d-block h5 text-color-brand mb-1\">Einfacher Zugang zum M\u00e4hdeck<\/span><\/p>\n<p>Das M\u00e4hdeck ist f\u00fcr Reinigung und Wartung einfach von oben zu erreichen. Ein Riemenwechsel ist dank der CBT-Technologie eine Sache von wenigen Minuten. Einfach die Spannrollen entspannen, Riemen einf\u00e4deln, Spannrollen wieder spannen \u2013 fertig.<\/p>\n<\/p><\/div>\n<div class=\"col-md-6 mb4 image\"  style=\"background-image:url(https:\/\/www.ariens.eu\/ch\/wp-content\/uploads\/sites\/3\/2024\/05\/ariens-apex-zero-turn-deck-access-panel.webp)\">\n                <\/div>\n<\/p><\/div>\n<div class=\"row\">\n<div class=\"col-md-6 mb-4 content\">\n                    <span class=\"d-block h5 text-color-brand mb-1\">Dick gepolsterter Sitz und Armlehnen<\/span><\/p>\n<p>Der weiche, verstellbare Sitz mit hoher R\u00fcckenlehne ist mit gepolsterten Armlehnen ausgestattet, die auch bei l\u00e4ngeren M\u00e4harbeiten f\u00fcr mehr Komfort sorgen. Spiralfeder- D\u00e4mpfung absorbiert Schl\u00e4ge auf unebenen Fl\u00e4chen.<\/p>\n<\/p><\/div>\n<div class=\"col-md-6 mb4 image\"  style=\"background-image:url(https:\/\/www.ariens.eu\/ch\/wp-content\/uploads\/sites\/3\/2024\/05\/ariens-apex-zero-turn-padded-seat.jpg)\">\n                <\/div>\n<\/p><\/div>\n<\/p><\/div>\n<\/div><\/div>\n<div class='col-lg'>                    <\/div>\n<\/p><\/div>\n<\/div>\n<\/div>\n","protected":false},"excerpt":{"rendered":"<p>Stabil und haltbar f\u00fcr regelm\u00e4\u00dfiges M\u00e4hen &#8211; Ideal f\u00fcr Dienstleister Gemacht f\u00fcr Dienstleister die h\u00e4ufig m\u00e4hen. Top Komponenten bei Motor, Antrieb und M\u00e4hdeck in Verbindung mit einem hervorragenden Preis-Leistungsverh\u00e4ltnis machen ihn zu unserem Best-Seller, seit Jahren. Das \u201eR\u201c beim APEX 48R steht f\u00fcr \u201erear-discharge\u201c also Heckauswurf. Das gem\u00e4hte Gras wird nach hinten, zwischen den R\u00e4dern [&hellip;]<\/p>\n","protected":false},"featured_media":2711,"comment_status":"open","ping_status":"closed","template":"","meta":{"_acf_changed":false,"_relevanssi_hide_post":"","_relevanssi_hide_content":"","_relevanssi_pin_for_all":"","_relevanssi_pin_keywords":"","_relevanssi_unpin_keywords":"","_relevanssi_related_keywords":"","_relevanssi_related_include_ids":"","_relevanssi_related_exclude_ids":"","_relevanssi_related_no_append":"","_relevanssi_related_not_related":"","_relevanssi_related_posts":"","_relevanssi_noindex_reason":""},"product_brand":[],"product_cat":[15],"product_tag":[],"class_list":{"0":"post-2330","1":"product","2":"type-product","3":"status-publish","4":"has-post-thumbnail","6":"product_variant-apex-serie","7":"product_usage_areas-dienstleister","8":"product_usage_areas-leisure-facilities","9":"product_usage_areas-hausmeisterdienste","10":"product_usage_areas-kommunen-bauhoefe","12":"first","13":"instock","14":"shipping-taxable","15":"product-type-simple"},"acf":[],"yoast_head":"<!-- This site is optimized with the Yoast SEO plugin v27.3 - https:\/\/yoast.com\/product\/yoast-seo-wordpress\/ -->\n<title>APEX 48R - Nullwendekreism\u00e4her mit Heckauswurf | Ariens<\/title>\n<meta name=\"description\" content=\"Mit einem 122 cm (48&quot;) langen M\u00e4hdeck mit Heckauswurf und einem erstklassigen Kawasaki FR691 V-Twin 726cc-Motor ist der APEX 48R ideal f\u00fcr gewerbliche M\u00e4harbeiten.\" \/>\n<meta name=\"robots\" content=\"index, follow, max-snippet:-1, max-image-preview:large, max-video-preview:-1\" \/>\n<link rel=\"canonical\" href=\"https:\/\/www.ariens.eu\/ch\/product\/zero-turn-maeher\/apex-serie\/apex-48r\/\" \/>\n<meta property=\"og:locale\" content=\"de_DE\" \/>\n<meta property=\"og:type\" content=\"article\" \/>\n<meta property=\"og:title\" content=\"APEX 48R - Nullwendekreism\u00e4her mit Heckauswurf | Ariens\" \/>\n<meta property=\"og:description\" content=\"Mit einem 122 cm (48&quot;) langen M\u00e4hdeck mit Heckauswurf und einem erstklassigen Kawasaki FR691 V-Twin 726cc-Motor ist der APEX 48R ideal f\u00fcr gewerbliche M\u00e4harbeiten.\" \/>\n<meta property=\"og:url\" content=\"https:\/\/www.ariens.eu\/ch\/product\/zero-turn-maeher\/apex-serie\/apex-48r\/\" \/>\n<meta property=\"og:site_name\" content=\"Ariens | EMEAA\" \/>\n<meta property=\"article:modified_time\" content=\"2026-02-25T10:40:37+00:00\" \/>\n<meta property=\"og:image\" content=\"https:\/\/www.ariens.eu\/ch\/wp-content\/uploads\/sites\/11\/2024\/05\/ariens-apex48rd-zero-turn-angle-view-front34-768x555-2.webp\" \/>\n\t<meta property=\"og:image:width\" content=\"768\" \/>\n\t<meta property=\"og:image:height\" content=\"555\" \/>\n\t<meta property=\"og:image:type\" content=\"image\/webp\" \/>\n<meta name=\"twitter:card\" content=\"summary_large_image\" \/>\n<meta name=\"twitter:label1\" content=\"Gesch\u00e4tzte Lesezeit\" \/>\n\t<meta name=\"twitter:data1\" content=\"3\u00a0Minuten\" \/>\n<script type=\"application\/ld+json\" class=\"yoast-schema-graph\">{\"@context\":\"https:\\\/\\\/schema.org\",\"@graph\":[{\"@type\":\"WebPage\",\"@id\":\"https:\\\/\\\/www.ariens.eu\\\/ch\\\/product\\\/zero-turn-maeher\\\/apex-serie\\\/apex-48r\\\/\",\"url\":\"https:\\\/\\\/www.ariens.eu\\\/ch\\\/product\\\/zero-turn-maeher\\\/apex-serie\\\/apex-48r\\\/\",\"name\":\"APEX 48R - Nullwendekreism\u00e4her mit Heckauswurf | Ariens\",\"isPartOf\":{\"@id\":\"https:\\\/\\\/www.ariens.eu\\\/ch\\\/#website\"},\"primaryImageOfPage\":{\"@id\":\"https:\\\/\\\/www.ariens.eu\\\/ch\\\/product\\\/zero-turn-maeher\\\/apex-serie\\\/apex-48r\\\/#primaryimage\"},\"image\":{\"@id\":\"https:\\\/\\\/www.ariens.eu\\\/ch\\\/product\\\/zero-turn-maeher\\\/apex-serie\\\/apex-48r\\\/#primaryimage\"},\"thumbnailUrl\":\"https:\\\/\\\/www.ariens.eu\\\/ch\\\/wp-content\\\/uploads\\\/sites\\\/11\\\/2024\\\/05\\\/ariens-apex48rd-zero-turn-angle-view-front34-768x555-2.webp\",\"datePublished\":\"2024-05-10T10:04:36+00:00\",\"dateModified\":\"2026-02-25T10:40:37+00:00\",\"description\":\"Mit einem 122 cm (48\\\") langen M\u00e4hdeck mit Heckauswurf und einem erstklassigen Kawasaki FR691 V-Twin 726cc-Motor ist der APEX 48R ideal f\u00fcr gewerbliche M\u00e4harbeiten.\",\"breadcrumb\":{\"@id\":\"https:\\\/\\\/www.ariens.eu\\\/ch\\\/product\\\/zero-turn-maeher\\\/apex-serie\\\/apex-48r\\\/#breadcrumb\"},\"inLanguage\":\"de\",\"potentialAction\":[{\"@type\":\"ReadAction\",\"target\":[\"https:\\\/\\\/www.ariens.eu\\\/ch\\\/product\\\/zero-turn-maeher\\\/apex-serie\\\/apex-48r\\\/\"]}]},{\"@type\":\"ImageObject\",\"inLanguage\":\"de\",\"@id\":\"https:\\\/\\\/www.ariens.eu\\\/ch\\\/product\\\/zero-turn-maeher\\\/apex-serie\\\/apex-48r\\\/#primaryimage\",\"url\":\"https:\\\/\\\/www.ariens.eu\\\/ch\\\/wp-content\\\/uploads\\\/sites\\\/11\\\/2024\\\/05\\\/ariens-apex48rd-zero-turn-angle-view-front34-768x555-2.webp\",\"contentUrl\":\"https:\\\/\\\/www.ariens.eu\\\/ch\\\/wp-content\\\/uploads\\\/sites\\\/11\\\/2024\\\/05\\\/ariens-apex48rd-zero-turn-angle-view-front34-768x555-2.webp\",\"width\":768,\"height\":555},{\"@type\":\"BreadcrumbList\",\"@id\":\"https:\\\/\\\/www.ariens.eu\\\/ch\\\/product\\\/zero-turn-maeher\\\/apex-serie\\\/apex-48r\\\/#breadcrumb\",\"itemListElement\":[{\"@type\":\"ListItem\",\"position\":1,\"name\":\"Home\",\"item\":\"https:\\\/\\\/www.ariens.eu\\\/ch\\\/\"},{\"@type\":\"ListItem\",\"position\":2,\"name\":\"Shop\",\"item\":\"https:\\\/\\\/www.ariens.eu\\\/ch\\\/shop\\\/\"},{\"@type\":\"ListItem\",\"position\":3,\"name\":\"APEX 48R\"}]},{\"@type\":\"WebSite\",\"@id\":\"https:\\\/\\\/www.ariens.eu\\\/ch\\\/#website\",\"url\":\"https:\\\/\\\/www.ariens.eu\\\/ch\\\/\",\"name\":\"Ariens | EMEAA\",\"description\":\"Powerful and reliable zero-turn mowers &amp; snow blowers for professional users and demanding private customers\",\"potentialAction\":[{\"@type\":\"SearchAction\",\"target\":{\"@type\":\"EntryPoint\",\"urlTemplate\":\"https:\\\/\\\/www.ariens.eu\\\/ch\\\/?s={search_term_string}\"},\"query-input\":{\"@type\":\"PropertyValueSpecification\",\"valueRequired\":true,\"valueName\":\"search_term_string\"}}],\"inLanguage\":\"de\"}]}<\/script>\n<!-- \/ Yoast SEO plugin. -->","yoast_head_json":{"title":"APEX 48R - Nullwendekreism\u00e4her mit Heckauswurf | Ariens","description":"Mit einem 122 cm (48\") langen M\u00e4hdeck mit Heckauswurf und einem erstklassigen Kawasaki FR691 V-Twin 726cc-Motor ist der APEX 48R ideal f\u00fcr gewerbliche M\u00e4harbeiten.","robots":{"index":"index","follow":"follow","max-snippet":"max-snippet:-1","max-image-preview":"max-image-preview:large","max-video-preview":"max-video-preview:-1"},"canonical":"https:\/\/www.ariens.eu\/ch\/product\/zero-turn-maeher\/apex-serie\/apex-48r\/","og_locale":"de_DE","og_type":"article","og_title":"APEX 48R - Nullwendekreism\u00e4her mit Heckauswurf | Ariens","og_description":"Mit einem 122 cm (48\") langen M\u00e4hdeck mit Heckauswurf und einem erstklassigen Kawasaki FR691 V-Twin 726cc-Motor ist der APEX 48R ideal f\u00fcr gewerbliche M\u00e4harbeiten.","og_url":"https:\/\/www.ariens.eu\/ch\/product\/zero-turn-maeher\/apex-serie\/apex-48r\/","og_site_name":"Ariens | EMEAA","article_modified_time":"2026-02-25T10:40:37+00:00","og_image":[{"width":768,"height":555,"url":"https:\/\/www.ariens.eu\/ch\/wp-content\/uploads\/sites\/11\/2024\/05\/ariens-apex48rd-zero-turn-angle-view-front34-768x555-2.webp","type":"image\/webp"}],"twitter_card":"summary_large_image","twitter_misc":{"Gesch\u00e4tzte Lesezeit":"3\u00a0Minuten"},"schema":{"@context":"https:\/\/schema.org","@graph":[{"@type":"WebPage","@id":"https:\/\/www.ariens.eu\/ch\/product\/zero-turn-maeher\/apex-serie\/apex-48r\/","url":"https:\/\/www.ariens.eu\/ch\/product\/zero-turn-maeher\/apex-serie\/apex-48r\/","name":"APEX 48R - Nullwendekreism\u00e4her mit Heckauswurf | Ariens","isPartOf":{"@id":"https:\/\/www.ariens.eu\/ch\/#website"},"primaryImageOfPage":{"@id":"https:\/\/www.ariens.eu\/ch\/product\/zero-turn-maeher\/apex-serie\/apex-48r\/#primaryimage"},"image":{"@id":"https:\/\/www.ariens.eu\/ch\/product\/zero-turn-maeher\/apex-serie\/apex-48r\/#primaryimage"},"thumbnailUrl":"https:\/\/www.ariens.eu\/ch\/wp-content\/uploads\/sites\/11\/2024\/05\/ariens-apex48rd-zero-turn-angle-view-front34-768x555-2.webp","datePublished":"2024-05-10T10:04:36+00:00","dateModified":"2026-02-25T10:40:37+00:00","description":"Mit einem 122 cm (48\") langen M\u00e4hdeck mit Heckauswurf und einem erstklassigen Kawasaki FR691 V-Twin 726cc-Motor ist der APEX 48R ideal f\u00fcr gewerbliche M\u00e4harbeiten.","breadcrumb":{"@id":"https:\/\/www.ariens.eu\/ch\/product\/zero-turn-maeher\/apex-serie\/apex-48r\/#breadcrumb"},"inLanguage":"de","potentialAction":[{"@type":"ReadAction","target":["https:\/\/www.ariens.eu\/ch\/product\/zero-turn-maeher\/apex-serie\/apex-48r\/"]}]},{"@type":"ImageObject","inLanguage":"de","@id":"https:\/\/www.ariens.eu\/ch\/product\/zero-turn-maeher\/apex-serie\/apex-48r\/#primaryimage","url":"https:\/\/www.ariens.eu\/ch\/wp-content\/uploads\/sites\/11\/2024\/05\/ariens-apex48rd-zero-turn-angle-view-front34-768x555-2.webp","contentUrl":"https:\/\/www.ariens.eu\/ch\/wp-content\/uploads\/sites\/11\/2024\/05\/ariens-apex48rd-zero-turn-angle-view-front34-768x555-2.webp","width":768,"height":555},{"@type":"BreadcrumbList","@id":"https:\/\/www.ariens.eu\/ch\/product\/zero-turn-maeher\/apex-serie\/apex-48r\/#breadcrumb","itemListElement":[{"@type":"ListItem","position":1,"name":"Home","item":"https:\/\/www.ariens.eu\/ch\/"},{"@type":"ListItem","position":2,"name":"Shop","item":"https:\/\/www.ariens.eu\/ch\/shop\/"},{"@type":"ListItem","position":3,"name":"APEX 48R"}]},{"@type":"WebSite","@id":"https:\/\/www.ariens.eu\/ch\/#website","url":"https:\/\/www.ariens.eu\/ch\/","name":"Ariens | EMEAA","description":"Powerful and reliable zero-turn mowers &amp; snow blowers for professional users and demanding private customers","potentialAction":[{"@type":"SearchAction","target":{"@type":"EntryPoint","urlTemplate":"https:\/\/www.ariens.eu\/ch\/?s={search_term_string}"},"query-input":{"@type":"PropertyValueSpecification","valueRequired":true,"valueName":"search_term_string"}}],"inLanguage":"de"}]}},"_links":{"self":[{"href":"https:\/\/www.ariens.eu\/ch\/wp-json\/wp\/v2\/product\/2330","targetHints":{"allow":["GET"]}}],"collection":[{"href":"https:\/\/www.ariens.eu\/ch\/wp-json\/wp\/v2\/product"}],"about":[{"href":"https:\/\/www.ariens.eu\/ch\/wp-json\/wp\/v2\/types\/product"}],"replies":[{"embeddable":true,"href":"https:\/\/www.ariens.eu\/ch\/wp-json\/wp\/v2\/comments?post=2330"}],"wp:featuredmedia":[{"embeddable":true,"href":"https:\/\/www.ariens.eu\/ch\/wp-json\/wp\/v2\/media\/2711"}],"wp:attachment":[{"href":"https:\/\/www.ariens.eu\/ch\/wp-json\/wp\/v2\/media?parent=2330"}],"wp:term":[{"taxonomy":"product_brand","embeddable":true,"href":"https:\/\/www.ariens.eu\/ch\/wp-json\/wp\/v2\/product_brand?post=2330"},{"taxonomy":"product_cat","embeddable":true,"href":"https:\/\/www.ariens.eu\/ch\/wp-json\/wp\/v2\/product_cat?post=2330"},{"taxonomy":"product_tag","embeddable":true,"href":"https:\/\/www.ariens.eu\/ch\/wp-json\/wp\/v2\/product_tag?post=2330"}],"curies":[{"name":"wp","href":"https:\/\/api.w.org\/{rel}","templated":true}]}}