{"id":2341,"date":"2024-05-10T11:04:36","date_gmt":"2024-05-10T10:04:36","guid":{"rendered":"https:\/\/www.ariens.eu\/product\/zenith-e-60\/"},"modified":"2025-11-10T10:49:10","modified_gmt":"2025-11-10T10:49:10","slug":"zenith-e-60","status":"publish","type":"product","link":"https:\/\/www.ariens.eu\/ch\/produkt\/zero-turn-mowers\/zenith-e-serie\/zenith-e-60","title":{"rendered":"ZENITH E 60"},"content":{"rendered":"<div class=\"acfd-block acfd-block__twocolumns container-fluid px-0 bg-default\">\n<div class=\"acfd-twocolumns\">\n<div class=\"row\">\n<div class='col-lg-9 mb-4'>\n<div class=\"acfd-block acfd-block__headline container-fluid px-0 bg-default\">\n<div class=\"acfd-headline\" >\n<h2 class='h2 text-left'>Zero-Turn M\u00e4her mit Wechsel-Akku. Gemacht um einen ganzen Tag zu M\u00e4hen.<\/h2>\n<\/p><\/div>\n<\/div><\/div>\n<div class='col-lg'>                    <\/div>\n<\/p><\/div>\n<\/div>\n<\/div>\n<div class=\"acfd-block acfd-block__twocolumns mb-asm-2 container-fluid px-0 bg-default\">\n<div class=\"acfd-twocolumns\">\n<div class=\"row\">\n<div class='col-lg-9 mb-4'>\n<div class=\"acfd-block acfd-block__text container-fluid px-0 bg-default\">\n<div class=\"acfd-text\">\n<p>Batterien in einen M\u00e4her einzubauen ist eine Sache. Dabei die Leistung, Haltbarkeit und Zuverl\u00e4ssigkeit eines bew\u00e4hrten Profi Benzin-Modells zu erreichen ist eine andere. Unsere Modelle mit dem FusionCore Wechsel Akku System erf\u00fcllen diesen Anspruch.<\/p>\n<p>Der ZENITH E 60 ist der erste professionelle elektrische Zero-Turn M\u00e4her mit Wechsel-Akkus. Gemacht um einen ganzen Tag gr\u00f6\u00dfte Rasenfl\u00e4chen m\u00e4hen zu k\u00f6nnen. Profi-M\u00e4hdeck mit 152 cm Schnittbreite. Mit Seitenauswurf oder optionalem Muchkit zu verwenden. ROPS serienm\u00e4\u00dfig. Ein E-Profi durch und durch &#8211; Mit Profi Garantie.<\/p>\n<ul>\n<li>Angetrieben von vier austauschbaren FusionCore Lithium-Ionen-Akkus (56 V DC, 4 kWh)<\/li>\n<li>Verf\u00fcgt \u00fcber eine zum Patent angemeldete Spindeltechnologie, die entwickelt wurde, um massive St\u00f6\u00dfe zu absorbieren<\/li>\n<li>F\u00fcnf Stunden ununterbrochenes M\u00e4hen mit einer Akkuladung (abh\u00e4ngig von den Schneidebedingungen)<\/li>\n<li>Ladezeit von 5,3 &#8211; 12 Stunden (je nach Ladeger\u00e4t)<\/li>\n<li>Verf\u00fcgt \u00fcber ein 152 cm (60&#8243;) langes, seitliches Auswurfdeck aus starkem 3,2 mm Stahl<\/li>\n<li>Das branchenf\u00fchrende Rahmendesign bildet das R\u00fcckgrat, um die Lasten der Maschine zu tragen<\/li>\n<li>Serienm\u00e4\u00dfiger ROPS f\u00fcr zus\u00e4tzlichen Schutz des Fahrers<\/li>\n<li>Mit dem Fu\u00df zu bedienendes, vertikales Hubsystem mit 15 Schnnitth\u00f6hen<\/li>\n<li>Hochlehniger, voll gefederter Sitz<\/li>\n<li>Eine Reihe von optionalem Zubeh\u00f6r ist erh\u00e4ltlich<\/li>\n<li>5 Jahre oder 1500 Betriebsstunden Garantie\/ 3 Jahre Batteriegarantie<\/li>\n<\/ul>\n<\/div>\n<\/div><\/div>\n<div class='col-lg'>                    <\/div>\n<\/p><\/div>\n<\/div>\n<\/div>\n<div class=\"acfd-block acfd-block__category mb-asm-3 container-fluid px-0 bg-default\">\n<div class=\"acfd-product-categories\">\n<h2 class=\"text-left mb-3\">\n        Eins\u00e4tze    <\/h2>\n<div class=\"product-categories_wrapper\">\n         <span\n                data-description=\"Sie m\u00e4hen viele Stunden oder sogar tage- oder wochenlang? Sie benutzen Ihre Maschine gewerblich und verdienen Ihr Geld damit? Dann brauchen Sie eine besonders zuverl\u00e4ssige und komfortable Maschine mit langlebigen Komponenten.\"                class=\"product-category-single\"> PRO                <sup><i class=\"fa fa-info-circle\" aria-hidden=\"true\"><\/i><\/sup>            <\/span>  <span\n                data-description=\"Modernste Akku-Technik erm\u00f6glicht jetzt Leistung und Reichweite wie bei Benzinern.\"                class=\"product-category-single\"> Elektrik                <sup><i class=\"fa fa-info-circle\" aria-hidden=\"true\"><\/i><\/sup>            <\/span>  <span\n                data-description=\"Beim Einsatz eines passenden Mulchkits in Ihrem M\u00e4her entf\u00e4llt der Seitenauswurf. Das Schnittgut wird fein zerkleinert und gleichm\u00e4\u00dfig nach hinten auf dem Rasen verteilt. Eingebrachter D\u00fcnger verbleibt auf der Fl\u00e4che und die feinen Graspartikel verschwinden fast unsichtbar im Rasen.\"                class=\"product-category-single\"> Optionales Mulchkit                <sup><i class=\"fa fa-info-circle\" aria-hidden=\"true\"><\/i><\/sup>            <\/span>  <span\n                data-description=\"Ariens Aufsitzm\u00e4her bieten hohen Komfort. Schon ab dem Einstiegsmodell verwenden wir hochwertige Sitze. Gro\u00dfe Beinfreiheit und ergonomische Bedienelemente sind Standard.\"                class=\"product-category-single\"> Ride-On (sitzend)                <sup><i class=\"fa fa-info-circle\" aria-hidden=\"true\"><\/i><\/sup>            <\/span>  <span\n                data-description=\"Bei den Modellen APEX und ZENITH haben Sie die Wahl zwischen Seitenauswurf- und Heckauswurf M\u00e4hdecks. Ein Seitenauswurf-M\u00e4hdeck wirft das Schnittgut \u00fcber eine seitliche \u00d6ffnung und einen Deflektor aus. Der starke Luftstrom verteilt es dann auf gro\u00dfer Fl\u00e4che. In Seitenauswurf-M\u00e4hdecks kann ein optionales Mulchkit eingebaut werden. Bei Verwendung eines Mulchkits wird das Schnittgut fein zerkleinert und nach hinten ausgeworfen. Der Seitenauswurf und der Deflektor werden dann verschlossen bzw. abgebaut.\"                class=\"product-category-single\"> Seitenauswurf                <sup><i class=\"fa fa-info-circle\" aria-hidden=\"true\"><\/i><\/sup>            <\/span>  <span\n                data-description=\"Alle Ariens M\u00e4her sind f\u00fcr ebene Rasenfl\u00e4chen geeignet. W\u00e4hlen Sie Ihre Schnittbreite entsprechend Ihrer Fl\u00e4chengr\u00f6\u00dfe und limitierender Engstellen.\"                class=\"product-category-single\"> Flaches Terrain                <sup><i class=\"fa fa-info-circle\" aria-hidden=\"true\"><\/i><\/sup>            <\/span>  <span\n                data-description=\"Ariens M\u00e4her kommen mit welligem Terrain gut zurecht. W\u00e4hlen Sie bei welligem Gel\u00e4nde eher schm\u00e4lere M\u00e4hdecks f\u00fcr ein einheitlicheres Schnittbild.\"                class=\"product-category-single\"> Welliges Terrain                <sup><i class=\"fa fa-info-circle\" aria-hidden=\"true\"><\/i><\/sup>            <\/span>  <span\n                data-description=\"W\u00e4hlen Sie am besten eine Maschine mit breiten R\u00e4dern. \u00dcberschreiten Sie nicht das angegebene Sicherheitslimit von 15\u00b0 Steigung bei Aufsitzm\u00e4hern und 20\u00b0 bei Stand-On M\u00e4hern. W\u00e4hlen Sie bei welligem Gel\u00e4nde eher schm\u00e4lere M\u00e4hdecks f\u00fcr ein einheitlicheres Schnittbild. Das Modell ZENITH verf\u00fcgt serienm\u00e4\u00dfig \u00fcber einen \u00dcberrollschutz. Auf dem APEX kann er nachger\u00fcstet werden.\"                class=\"product-category-single\"> H\u00fcgeliges Terrain                <sup><i class=\"fa fa-info-circle\" aria-hidden=\"true\"><\/i><\/sup>            <\/span>  <span\n                data-description=\"Auf gro\u00dfen Fl\u00e4chen kommen 132 cm und 152 cm breite M\u00e4hdecks effektiv zum Einsatz.\"                class=\"product-category-single\"> Gro\u00dfe Fl\u00e4chen                <sup><i class=\"fa fa-info-circle\" aria-hidden=\"true\"><\/i><\/sup>            <\/span>     <\/div>\n<\/div>\n<\/div>\n<div class=\"acfd-block acfd-block__twocolumns mb-asm-2 container-fluid container-fluid--force px-0 bg-default\">\n<div class=\"acfd-twocolumns\">\n<div class=\"row\">\n<div class='col-lg-12 mb-4'>\n<div class=\"acfd-product-advantages--wrapper\">\n<h2 class=\"h1 bigger text-color-black text-center mb-5\">\n        Merkmale &#038; Vorteile    <\/h2>\n<div class=\"acfd-product-advantages\">\n<div class=\"row\">\n<div class=\"col-md-6 mb-4 content\">\n                    <span class=\"d-block h5 text-color-brand mb-1\">Fusioncore Li-ion Batterie System<\/span><\/p>\n<p>Das Batterie-System des ZENITH E besteht aus vier austauschbaren Batteriepacks zu je 22,5 kg. Die Kapazit\u00e4t jedes einzelnen Fusion Li-Ionen Akkus betr\u00e4gt 4 kWh.\u00a0 Gesamtkapazit\u00e4t: 4 x 4 kWh= 16 kWh. Der ZENITH E kann mit nur zwei Batteriepacks m\u00e4hen und mit nur einem fahren.<\/p>\n<p>Mit vier Batteriepacks kann bis maximal 5 Stunden gem\u00e4ht werden. Danach k\u00f6nnen sie in sekundenschnelle durch volle Akkus ersetzt werden.\u00a0 Die Ladezeit f\u00fcr vier Batteriepacks in der optionalen FUSIONCORE Ladestation betr\u00e4gt nur 5 Std. 20 Min!<\/p>\n<\/p><\/div>\n<div class=\"col-md-6 mb4 image\"  style=\"background-image:url(https:\/\/www.ariens.eu\/ch\/wp-content\/uploads\/sites\/3\/2024\/05\/ariens-arrow-e-battery-stand-on-fusioncore-batteries.webp)\">\n                <\/div>\n<\/p><\/div>\n<div class=\"row\">\n<div class=\"col-md-6 mb-4 content\">\n                    <span class=\"d-block h5 text-color-brand mb-1\">Intelligentes Batterie-Management<\/span><\/p>\n<p>Dieses zum Patent angemeldete System sorgt daf\u00fcr, dass der ZENITH E unterschiedliche Batterieleistungen ausgleicht. Er entnimmt den vollen Akkus nur so lange Energie, bis sie den gleichen Ladezustand erreichen wie die Akkus mit weniger Ladung. Der Strom wird zuerst aus den voll geladenen Batterien entnommen, bevor er dann aus allen vier Batterien gleichm\u00e4\u00dfig entnommen wird, wodurch eine gleichm\u00e4\u00dfige Leistung und ein gleichm\u00e4\u00dfiger Schnitt gew\u00e4hrleistet werden.<\/p>\n<\/p><\/div>\n<div class=\"col-md-6 mb4 image\"  style=\"background-image:url(https:\/\/www.ariens.eu\/ch\/wp-content\/uploads\/sites\/3\/2024\/05\/ariens-zenith-e-zero-turn-feature2-battery-load-balancing.webp)\">\n                <\/div>\n<\/p><\/div>\n<div class=\"row\">\n<div class=\"col-md-6 mb-4 content\">\n                    <span class=\"d-block h5 text-color-brand mb-1\">Fusioncore Elektrische Radmotoren<\/span><\/p>\n<p>Zwei unabh\u00e4ngig voneinander arbeitende, b\u00fcrstenlose Elektromotoren mit extra starken Magneten, erh\u00f6hter Wicklungszahl und Rekuperationsfunktion beim Bremsen. Zielsetzung: Geringe W\u00e4rmeentwicklung und lange Lebensdauer.<\/p>\n<p>Koppelung der Elektromotoren mit einem Planetengetriebe mit doppelter Untersetzung.<br \/>\nZielsetzung:\u00a0 Das Gleiche, ruckelfreie, weiche Fahrgef\u00fchl wie ein Profi Zero-Turn M\u00e4her mit Benzinmotor und Hydrostat. Ergebnis: Fahren sie den ZENITH E einmal und vergleichen Sie selbst!<\/p>\n<\/p><\/div>\n<div class=\"col-md-6 mb4 image\"  style=\"background-image:url(https:\/\/www.ariens.eu\/ch\/wp-content\/uploads\/sites\/3\/2024\/05\/ariens-zenith-e-zero-turn-feature3-brushless-electric-drive-motor-transaxles.webp)\">\n                <\/div>\n<\/p><\/div>\n<div class=\"row\">\n<div class=\"col-md-6 mb-4 content\">\n                    <span class=\"d-block h5 text-color-brand mb-1\">Professionelles M\u00e4hdeck<\/span><\/p>\n<p>Das M\u00e4hdeck ist das am h\u00f6chsten belastete Bauteil eines M\u00e4hers. Hier kommt es besonders auf Stabilit\u00e4t an. Der ZENITH E verf\u00fcgt \u00fcber ein 14 cm tiefes, vollverschwei\u00dftes M\u00e4hdeck aus 3,2 mm starkem Stahlblech, 20 mm Stahlkante, eingehausten Anti-Skalp R\u00e4dern und einer durchgeschwei\u00dften 4-Punkt Aufh\u00e4ngung. Die FUSIONCORE E-Messermotoren leisten wenn ben\u00f6tigt satte 3 x 3.500 Watt maximal. Zum Schutz der Motoren bei Kollisionen sind die Messer auf einer Rutschkupplung befestigt. Harte Schl\u00e4ge auf den Motor werden so wesentlich reduziert. Der Luftstrom des neuen X-Faktor III M\u00e4hdecks mit Seitenauswurf ist auf saubersten Schnitt und geringere Lautst\u00e4rke optimiert.<\/p>\n<\/p><\/div>\n<div class=\"col-md-6 mb4 image\"  style=\"background-image:url(https:\/\/www.ariens.eu\/ch\/wp-content\/uploads\/sites\/3\/2024\/05\/ariens-zenith-e-zero-turn-feature4-commercial-10-gauge-steel-deck.webp)\">\n                <\/div>\n<\/p><\/div>\n<div class=\"row\">\n<div class=\"col-md-6 mb-4 content\">\n                    <span class=\"d-block h5 text-color-brand mb-1\">Voll Einstellbarer Komfort Sitz<\/span><\/p>\n<p>Maximaler Fahrkomfort ist wesentlich um produktiv und sicher \u00fcber Stunden hinweg zu arbeiten. Harte St\u00f6\u00dfe und Vibrationen vom Fahrer abzuhalten ist besonders wichtig f\u00fcr sein Wohlbefinden und seine Gesundheit. Die hydro-pneumatische Federung l\u00e4sst sich exakt auf das K\u00f6rpergewicht des Fahrers einstellen. Einstellbare, gepolsterte Armlehnen, hohe R\u00fcckenlehne und Lordosenst\u00fctze erlauben es dem Fahrer seine ideale Sitzposition zu finden. In Kombination mit den serienm\u00e4\u00dfigen Radgabel-Federungen des ZENITH ergibt sich ein weiches, angenehmes Fahrgef\u00fchl.<\/p>\n<\/p><\/div>\n<div class=\"col-md-6 mb4 image\"  style=\"background-image:url(https:\/\/www.ariens.eu\/ch\/wp-content\/uploads\/sites\/3\/2024\/05\/ariens-zenith-zero-turn-suspension-seat.webp)\">\n                <\/div>\n<\/p><\/div>\n<div class=\"row\">\n<div class=\"col-md-6 mb-4 content\">\n                    <span class=\"d-block h5 text-color-brand mb-1\">Rops<\/span><\/p>\n<p>Der serienm\u00e4\u00dfige \u00dcberrollschutz mit Sicherheitsgurt (ROPS) bietet zus\u00e4tzlichen Schutz f\u00fcr den Fahrer. Er ist klappbar und ergonomisch nach hinten geneigt um ein schmerzhaftes Ansto\u00dfen des Ellenbogens bei der Fahrt zu vermeiden.<\/p>\n<\/p><\/div>\n<div class=\"col-md-6 mb4 image\"  style=\"background-image:url(https:\/\/www.ariens.eu\/ch\/wp-content\/uploads\/sites\/3\/2024\/05\/ariens-zenith-zero-turn-feature5-rops.webp)\">\n                <\/div>\n<\/p><\/div>\n<\/p><\/div>\n<\/div><\/div>\n<div class='col-lg'>                    <\/div>\n<\/p><\/div>\n<\/div>\n<\/div>\n","protected":false},"excerpt":{"rendered":"<p>Zero-Turn M\u00e4her mit Wechsel-Akku. Gemacht um einen ganzen Tag zu M\u00e4hen. Batterien in einen M\u00e4her einzubauen ist eine Sache. Dabei die Leistung, Haltbarkeit und Zuverl\u00e4ssigkeit eines bew\u00e4hrten Profi Benzin-Modells zu erreichen ist eine andere. Unsere Modelle mit dem FusionCore Wechsel Akku System erf\u00fcllen diesen Anspruch. Der ZENITH E 60 ist der erste professionelle elektrische Zero-Turn [&hellip;]<\/p>\n","protected":false},"featured_media":2665,"comment_status":"open","ping_status":"closed","template":"","meta":{"_acf_changed":false,"_relevanssi_hide_post":"","_relevanssi_hide_content":"","_relevanssi_pin_for_all":"","_relevanssi_pin_keywords":"","_relevanssi_unpin_keywords":"","_relevanssi_related_keywords":"","_relevanssi_related_include_ids":"","_relevanssi_related_exclude_ids":"","_relevanssi_related_no_append":"","_relevanssi_related_not_related":"","_relevanssi_related_posts":"","_relevanssi_noindex_reason":""},"product_brand":[],"product_cat":[15],"product_tag":[],"class_list":{"0":"post-2341","1":"product","2":"type-product","3":"status-publish","4":"has-post-thumbnail","6":"product_variant-zenith-e-serie","7":"product_usage_areas-dienstleister","8":"product_usage_areas-kommunen-bauhoefe","10":"first","11":"instock","12":"shipping-taxable","13":"product-type-simple"},"acf":[],"yoast_head":"<!-- This site is optimized with the Yoast SEO plugin v27.3 - https:\/\/yoast.com\/product\/yoast-seo-wordpress\/ -->\n<title>ZENITH E 60 - Batteriebetriebener Zero-Turn-M\u00e4her | Ariens<\/title>\n<meta name=\"description\" content=\"ZENITH E 60, ein gro\u00dfer kommerzieller akkubetriebener Zero-Turn mit 152 cm (60&quot;) Seitenauswurf-M\u00e4hdeck, entwickelt f\u00fcr l\u00e4rmempfindliche Bereiche.\" \/>\n<meta name=\"robots\" content=\"index, follow, max-snippet:-1, max-image-preview:large, max-video-preview:-1\" \/>\n<link rel=\"canonical\" href=\"https:\/\/www.ariens.eu\/ch\/product\/zero-turn-maeher\/zenith-e-serie\/zenith-e-60\/\" \/>\n<meta property=\"og:locale\" content=\"de_DE\" \/>\n<meta property=\"og:type\" content=\"article\" \/>\n<meta property=\"og:title\" content=\"ZENITH E 60 - Batteriebetriebener Zero-Turn-M\u00e4her | Ariens\" \/>\n<meta property=\"og:description\" content=\"ZENITH E 60, ein gro\u00dfer kommerzieller akkubetriebener Zero-Turn mit 152 cm (60&quot;) Seitenauswurf-M\u00e4hdeck, entwickelt f\u00fcr l\u00e4rmempfindliche Bereiche.\" \/>\n<meta property=\"og:url\" content=\"https:\/\/www.ariens.eu\/ch\/product\/zero-turn-maeher\/zenith-e-serie\/zenith-e-60\/\" \/>\n<meta property=\"og:site_name\" content=\"Ariens | EMEAA\" \/>\n<meta property=\"article:modified_time\" content=\"2025-11-10T10:49:10+00:00\" \/>\n<meta property=\"og:image\" content=\"https:\/\/www.ariens.eu\/ch\/wp-content\/uploads\/sites\/11\/2024\/05\/ariens-zenith-e-60-side-discharge-battery-zero-turn-front-left.webp\" \/>\n\t<meta property=\"og:image:width\" content=\"900\" \/>\n\t<meta property=\"og:image:height\" content=\"650\" \/>\n\t<meta property=\"og:image:type\" content=\"image\/webp\" \/>\n<meta name=\"twitter:card\" content=\"summary_large_image\" \/>\n<meta name=\"twitter:label1\" content=\"Gesch\u00e4tzte Lesezeit\" \/>\n\t<meta name=\"twitter:data1\" content=\"4\u00a0Minuten\" \/>\n<script type=\"application\/ld+json\" class=\"yoast-schema-graph\">{\"@context\":\"https:\\\/\\\/schema.org\",\"@graph\":[{\"@type\":\"WebPage\",\"@id\":\"https:\\\/\\\/www.ariens.eu\\\/ch\\\/product\\\/zero-turn-maeher\\\/zenith-e-serie\\\/zenith-e-60\\\/\",\"url\":\"https:\\\/\\\/www.ariens.eu\\\/ch\\\/product\\\/zero-turn-maeher\\\/zenith-e-serie\\\/zenith-e-60\\\/\",\"name\":\"ZENITH E 60 - Batteriebetriebener Zero-Turn-M\u00e4her | Ariens\",\"isPartOf\":{\"@id\":\"https:\\\/\\\/www.ariens.eu\\\/ch\\\/#website\"},\"primaryImageOfPage\":{\"@id\":\"https:\\\/\\\/www.ariens.eu\\\/ch\\\/product\\\/zero-turn-maeher\\\/zenith-e-serie\\\/zenith-e-60\\\/#primaryimage\"},\"image\":{\"@id\":\"https:\\\/\\\/www.ariens.eu\\\/ch\\\/product\\\/zero-turn-maeher\\\/zenith-e-serie\\\/zenith-e-60\\\/#primaryimage\"},\"thumbnailUrl\":\"https:\\\/\\\/www.ariens.eu\\\/ch\\\/wp-content\\\/uploads\\\/sites\\\/11\\\/2024\\\/05\\\/ariens-zenith-e-60-side-discharge-battery-zero-turn-front-left.webp\",\"datePublished\":\"2024-05-10T10:04:36+00:00\",\"dateModified\":\"2025-11-10T10:49:10+00:00\",\"description\":\"ZENITH E 60, ein gro\u00dfer kommerzieller akkubetriebener Zero-Turn mit 152 cm (60\\\") Seitenauswurf-M\u00e4hdeck, entwickelt f\u00fcr l\u00e4rmempfindliche Bereiche.\",\"breadcrumb\":{\"@id\":\"https:\\\/\\\/www.ariens.eu\\\/ch\\\/product\\\/zero-turn-maeher\\\/zenith-e-serie\\\/zenith-e-60\\\/#breadcrumb\"},\"inLanguage\":\"de\",\"potentialAction\":[{\"@type\":\"ReadAction\",\"target\":[\"https:\\\/\\\/www.ariens.eu\\\/ch\\\/product\\\/zero-turn-maeher\\\/zenith-e-serie\\\/zenith-e-60\\\/\"]}]},{\"@type\":\"ImageObject\",\"inLanguage\":\"de\",\"@id\":\"https:\\\/\\\/www.ariens.eu\\\/ch\\\/product\\\/zero-turn-maeher\\\/zenith-e-serie\\\/zenith-e-60\\\/#primaryimage\",\"url\":\"https:\\\/\\\/www.ariens.eu\\\/ch\\\/wp-content\\\/uploads\\\/sites\\\/11\\\/2024\\\/05\\\/ariens-zenith-e-60-side-discharge-battery-zero-turn-front-left.webp\",\"contentUrl\":\"https:\\\/\\\/www.ariens.eu\\\/ch\\\/wp-content\\\/uploads\\\/sites\\\/11\\\/2024\\\/05\\\/ariens-zenith-e-60-side-discharge-battery-zero-turn-front-left.webp\",\"width\":900,\"height\":650},{\"@type\":\"BreadcrumbList\",\"@id\":\"https:\\\/\\\/www.ariens.eu\\\/ch\\\/product\\\/zero-turn-maeher\\\/zenith-e-serie\\\/zenith-e-60\\\/#breadcrumb\",\"itemListElement\":[{\"@type\":\"ListItem\",\"position\":1,\"name\":\"Home\",\"item\":\"https:\\\/\\\/www.ariens.eu\\\/ch\\\/\"},{\"@type\":\"ListItem\",\"position\":2,\"name\":\"Shop\",\"item\":\"https:\\\/\\\/www.ariens.eu\\\/ch\\\/shop\\\/\"},{\"@type\":\"ListItem\",\"position\":3,\"name\":\"ZENITH E 60\"}]},{\"@type\":\"WebSite\",\"@id\":\"https:\\\/\\\/www.ariens.eu\\\/ch\\\/#website\",\"url\":\"https:\\\/\\\/www.ariens.eu\\\/ch\\\/\",\"name\":\"Ariens | EMEAA\",\"description\":\"Powerful and reliable zero-turn mowers &amp; snow blowers for professional users and demanding private customers\",\"potentialAction\":[{\"@type\":\"SearchAction\",\"target\":{\"@type\":\"EntryPoint\",\"urlTemplate\":\"https:\\\/\\\/www.ariens.eu\\\/ch\\\/?s={search_term_string}\"},\"query-input\":{\"@type\":\"PropertyValueSpecification\",\"valueRequired\":true,\"valueName\":\"search_term_string\"}}],\"inLanguage\":\"de\"}]}<\/script>\n<!-- \/ Yoast SEO plugin. -->","yoast_head_json":{"title":"ZENITH E 60 - Batteriebetriebener Zero-Turn-M\u00e4her | Ariens","description":"ZENITH E 60, ein gro\u00dfer kommerzieller akkubetriebener Zero-Turn mit 152 cm (60\") Seitenauswurf-M\u00e4hdeck, entwickelt f\u00fcr l\u00e4rmempfindliche Bereiche.","robots":{"index":"index","follow":"follow","max-snippet":"max-snippet:-1","max-image-preview":"max-image-preview:large","max-video-preview":"max-video-preview:-1"},"canonical":"https:\/\/www.ariens.eu\/ch\/product\/zero-turn-maeher\/zenith-e-serie\/zenith-e-60\/","og_locale":"de_DE","og_type":"article","og_title":"ZENITH E 60 - Batteriebetriebener Zero-Turn-M\u00e4her | Ariens","og_description":"ZENITH E 60, ein gro\u00dfer kommerzieller akkubetriebener Zero-Turn mit 152 cm (60\") Seitenauswurf-M\u00e4hdeck, entwickelt f\u00fcr l\u00e4rmempfindliche Bereiche.","og_url":"https:\/\/www.ariens.eu\/ch\/product\/zero-turn-maeher\/zenith-e-serie\/zenith-e-60\/","og_site_name":"Ariens | EMEAA","article_modified_time":"2025-11-10T10:49:10+00:00","og_image":[{"width":900,"height":650,"url":"https:\/\/www.ariens.eu\/ch\/wp-content\/uploads\/sites\/11\/2024\/05\/ariens-zenith-e-60-side-discharge-battery-zero-turn-front-left.webp","type":"image\/webp"}],"twitter_card":"summary_large_image","twitter_misc":{"Gesch\u00e4tzte Lesezeit":"4\u00a0Minuten"},"schema":{"@context":"https:\/\/schema.org","@graph":[{"@type":"WebPage","@id":"https:\/\/www.ariens.eu\/ch\/product\/zero-turn-maeher\/zenith-e-serie\/zenith-e-60\/","url":"https:\/\/www.ariens.eu\/ch\/product\/zero-turn-maeher\/zenith-e-serie\/zenith-e-60\/","name":"ZENITH E 60 - Batteriebetriebener Zero-Turn-M\u00e4her | Ariens","isPartOf":{"@id":"https:\/\/www.ariens.eu\/ch\/#website"},"primaryImageOfPage":{"@id":"https:\/\/www.ariens.eu\/ch\/product\/zero-turn-maeher\/zenith-e-serie\/zenith-e-60\/#primaryimage"},"image":{"@id":"https:\/\/www.ariens.eu\/ch\/product\/zero-turn-maeher\/zenith-e-serie\/zenith-e-60\/#primaryimage"},"thumbnailUrl":"https:\/\/www.ariens.eu\/ch\/wp-content\/uploads\/sites\/11\/2024\/05\/ariens-zenith-e-60-side-discharge-battery-zero-turn-front-left.webp","datePublished":"2024-05-10T10:04:36+00:00","dateModified":"2025-11-10T10:49:10+00:00","description":"ZENITH E 60, ein gro\u00dfer kommerzieller akkubetriebener Zero-Turn mit 152 cm (60\") Seitenauswurf-M\u00e4hdeck, entwickelt f\u00fcr l\u00e4rmempfindliche Bereiche.","breadcrumb":{"@id":"https:\/\/www.ariens.eu\/ch\/product\/zero-turn-maeher\/zenith-e-serie\/zenith-e-60\/#breadcrumb"},"inLanguage":"de","potentialAction":[{"@type":"ReadAction","target":["https:\/\/www.ariens.eu\/ch\/product\/zero-turn-maeher\/zenith-e-serie\/zenith-e-60\/"]}]},{"@type":"ImageObject","inLanguage":"de","@id":"https:\/\/www.ariens.eu\/ch\/product\/zero-turn-maeher\/zenith-e-serie\/zenith-e-60\/#primaryimage","url":"https:\/\/www.ariens.eu\/ch\/wp-content\/uploads\/sites\/11\/2024\/05\/ariens-zenith-e-60-side-discharge-battery-zero-turn-front-left.webp","contentUrl":"https:\/\/www.ariens.eu\/ch\/wp-content\/uploads\/sites\/11\/2024\/05\/ariens-zenith-e-60-side-discharge-battery-zero-turn-front-left.webp","width":900,"height":650},{"@type":"BreadcrumbList","@id":"https:\/\/www.ariens.eu\/ch\/product\/zero-turn-maeher\/zenith-e-serie\/zenith-e-60\/#breadcrumb","itemListElement":[{"@type":"ListItem","position":1,"name":"Home","item":"https:\/\/www.ariens.eu\/ch\/"},{"@type":"ListItem","position":2,"name":"Shop","item":"https:\/\/www.ariens.eu\/ch\/shop\/"},{"@type":"ListItem","position":3,"name":"ZENITH E 60"}]},{"@type":"WebSite","@id":"https:\/\/www.ariens.eu\/ch\/#website","url":"https:\/\/www.ariens.eu\/ch\/","name":"Ariens | EMEAA","description":"Powerful and reliable zero-turn mowers &amp; snow blowers for professional users and demanding private customers","potentialAction":[{"@type":"SearchAction","target":{"@type":"EntryPoint","urlTemplate":"https:\/\/www.ariens.eu\/ch\/?s={search_term_string}"},"query-input":{"@type":"PropertyValueSpecification","valueRequired":true,"valueName":"search_term_string"}}],"inLanguage":"de"}]}},"_links":{"self":[{"href":"https:\/\/www.ariens.eu\/ch\/wp-json\/wp\/v2\/product\/2341","targetHints":{"allow":["GET"]}}],"collection":[{"href":"https:\/\/www.ariens.eu\/ch\/wp-json\/wp\/v2\/product"}],"about":[{"href":"https:\/\/www.ariens.eu\/ch\/wp-json\/wp\/v2\/types\/product"}],"replies":[{"embeddable":true,"href":"https:\/\/www.ariens.eu\/ch\/wp-json\/wp\/v2\/comments?post=2341"}],"wp:featuredmedia":[{"embeddable":true,"href":"https:\/\/www.ariens.eu\/ch\/wp-json\/wp\/v2\/media\/2665"}],"wp:attachment":[{"href":"https:\/\/www.ariens.eu\/ch\/wp-json\/wp\/v2\/media?parent=2341"}],"wp:term":[{"taxonomy":"product_brand","embeddable":true,"href":"https:\/\/www.ariens.eu\/ch\/wp-json\/wp\/v2\/product_brand?post=2341"},{"taxonomy":"product_cat","embeddable":true,"href":"https:\/\/www.ariens.eu\/ch\/wp-json\/wp\/v2\/product_cat?post=2341"},{"taxonomy":"product_tag","embeddable":true,"href":"https:\/\/www.ariens.eu\/ch\/wp-json\/wp\/v2\/product_tag?post=2341"}],"curies":[{"name":"wp","href":"https:\/\/api.w.org\/{rel}","templated":true}]}}