{"id":2344,"date":"2024-05-10T11:04:36","date_gmt":"2024-05-10T10:04:36","guid":{"rendered":"https:\/\/www.ariens.eu\/product\/arrow-36\/"},"modified":"2026-02-25T10:36:02","modified_gmt":"2026-02-25T10:36:02","slug":"arrow-36","status":"publish","type":"product","link":"https:\/\/www.ariens.eu\/ch\/produkt\/zero-turn-mowers\/arrow-serie\/arrow-36","title":{"rendered":"ARROW 36"},"content":{"rendered":"<div class=\"acfd-block acfd-block__twocolumns mb-asm-1 container-fluid px-0 bg-default\">\n<div class=\"acfd-twocolumns\">\n<div class=\"row\">\n<div class='col-lg-9 mb-4'>\n<div class=\"acfd-block acfd-block__headline container-fluid px-0 bg-default\">\n<div class=\"acfd-headline\" >\n<h2 class='h2 text-left'>H\u00f6chste Wendigkeit auf verwinkelten Fl\u00e4chen. <\/h2>\n<\/p><\/div>\n<\/div><\/div>\n<div class='col-lg'>                    <\/div>\n<\/p><\/div>\n<\/div>\n<\/div>\n<div class=\"acfd-block acfd-block__twocolumns container-fluid px-0 bg-default\">\n<div class=\"acfd-twocolumns\">\n<div class=\"row\">\n<div class='col-lg-9 mb-4'>\n<div class=\"acfd-block acfd-block__text container-fluid px-0 bg-default\">\n<div class=\"acfd-text\">\n<p>&#8222;Draufsteh&#8220;-M\u00e4her liegen voll im Trend. Sie sind komfortabel und schnell, dabei aber besonders kompakt, agil und platzsparend. Ihr R\u00fccken und Ihre Muskulatur werden Ihnen die aufrechte Arbeitsposition danken.<\/p>\n<p>Mit seinem handels\u00fcblichen Kawasaki FS600-Motor und dem 91 cm (36&#8243;) langen M\u00e4hwerk ist der ARROW 36 Standm\u00e4her die kommerzielle Wahl f\u00fcr das M\u00e4hen in allen Bereichen.<\/p>\n<ul>\n<li>Ausgestattet mit einem 91 cm (36&#8243;) breiten M\u00e4hdeck aus 4,5 mm Stahlblech<\/li>\n<li>Angetrieben von einem Kawasaki<sup>&reg;<\/sup> FS 600 V-Twin 600cc-Motor<\/li>\n<li>H\u00f6henverstellung \u00fcber Fu\u00dfpedal und Stiftsystem in 15 Stufen<\/li>\n<li>Eine Reihe von Zubeh\u00f6rteilen ist erh\u00e4ltlich<\/li>\n<li>5 Jahre oder 1000 Stunden Garantie &#8211; keine Stundenbegrenzung in den ersten 2 Jahren**<\/li>\n<\/ul>\n<p>&nbsp;<\/p>\n<\/div>\n<\/div><\/div>\n<div class='col-lg'>                    <\/div>\n<\/p><\/div>\n<\/div>\n<\/div>\n<div class=\"acfd-block acfd-block__category mb-asm-3 container-fluid px-0 bg-default\">\n<div class=\"acfd-product-categories\">\n<h2 class=\"text-left mb-3\">\n        Eins\u00e4tze    <\/h2>\n<div class=\"product-categories_wrapper\">\n         <span\n                data-description=\"Sie m\u00e4hen viele Stunden oder sogar tage- oder wochenlang? Sie benutzen Ihre Maschine gewerblich und verdienen Ihr Geld damit? Dann brauchen Sie eine besonders zuverl\u00e4ssige und komfortable Maschine mit langlebigen Komponenten.\"                class=\"product-category-single\"> PRO                <sup><i class=\"fa fa-info-circle\" aria-hidden=\"true\"><\/i><\/sup>            <\/span>  <span\n                data-description=\"Unsere M\u00e4her sind mit hochwertigen Kawasaki<sup>&reg;<\/sup>oder Ariens Motoren ausgestattet. Sie liefern \u00fcberdurchschnittliche Leistung und Zuverl\u00e4ssigkeit.\"                class=\"product-category-single\"> Benzin                <sup><i class=\"fa fa-info-circle\" aria-hidden=\"true\"><\/i><\/sup>            <\/span>  <span\n                data-description=\"Beim Einsatz eines passenden Mulchkits in Ihrem M\u00e4her entf\u00e4llt der Seitenauswurf. Das Schnittgut wird fein zerkleinert und gleichm\u00e4\u00dfig nach hinten auf dem Rasen verteilt. Eingebrachter D\u00fcnger verbleibt auf der Fl\u00e4che und die feinen Graspartikel verschwinden fast unsichtbar im Rasen.\"                class=\"product-category-single\"> Optionales Mulchkit                <sup><i class=\"fa fa-info-circle\" aria-hidden=\"true\"><\/i><\/sup>            <\/span>  <span\n                data-description=\"Im Stehen zu m\u00e4hen ist gerade \"in\". Vorteile sind die \u00dcbersicht des Fahrers \u00fcber das gesamte M\u00e4hdeck und die enorme Wendigkeit dieser kompakten Maschinen. Anwender mit R\u00fcckenproblemen profitieren von der ergonomischen Arbeitshaltung. T\u00e4glicher Transport und Lagerung sind erheblich einfacher. Auf- und Absteigen ist eine Sache von wenigen Sekunden. Ideal auch bei engen Passagen und Gartentoren.\"                class=\"product-category-single\"> Stand-On (stehend)                <sup><i class=\"fa fa-info-circle\" aria-hidden=\"true\"><\/i><\/sup>            <\/span>  <span\n                data-description=\"Bei den Modellen APEX und ZENITH haben Sie die Wahl zwischen Seitenauswurf- und Heckauswurf M\u00e4hdecks. Ein Seitenauswurf-M\u00e4hdeck wirft das Schnittgut \u00fcber eine seitliche \u00d6ffnung und einen Deflektor aus. Der starke Luftstrom verteilt es dann auf gro\u00dfer Fl\u00e4che. In Seitenauswurf-M\u00e4hdecks kann ein optionales Mulchkit eingebaut werden. Bei Verwendung eines Mulchkits wird das Schnittgut fein zerkleinert und nach hinten ausgeworfen. Der Seitenauswurf und der Deflektor werden dann verschlossen bzw. abgebaut.\"                class=\"product-category-single\"> Seitenauswurf                <sup><i class=\"fa fa-info-circle\" aria-hidden=\"true\"><\/i><\/sup>            <\/span>  <span\n                data-description=\"Alle Ariens M\u00e4her sind f\u00fcr ebene Rasenfl\u00e4chen geeignet. W\u00e4hlen Sie Ihre Schnittbreite entsprechend Ihrer Fl\u00e4chengr\u00f6\u00dfe und limitierender Engstellen.\"                class=\"product-category-single\"> Flaches Terrain                <sup><i class=\"fa fa-info-circle\" aria-hidden=\"true\"><\/i><\/sup>            <\/span>  <span\n                data-description=\"Ariens M\u00e4her kommen mit welligem Terrain gut zurecht. W\u00e4hlen Sie bei welligem Gel\u00e4nde eher schm\u00e4lere M\u00e4hdecks f\u00fcr ein einheitlicheres Schnittbild.\"                class=\"product-category-single\"> Welliges Terrain                <sup><i class=\"fa fa-info-circle\" aria-hidden=\"true\"><\/i><\/sup>            <\/span>  <span\n                data-description=\"W\u00e4hlen Sie am besten eine Maschine mit breiten R\u00e4dern. \u00dcberschreiten Sie nicht das angegebene Sicherheitslimit von 15\u00b0 Steigung bei Aufsitzm\u00e4hern und 20\u00b0 bei Stand-On M\u00e4hern. W\u00e4hlen Sie bei welligem Gel\u00e4nde eher schm\u00e4lere M\u00e4hdecks f\u00fcr ein einheitlicheres Schnittbild. Das Modell ZENITH verf\u00fcgt serienm\u00e4\u00dfig \u00fcber einen \u00dcberrollschutz. Auf dem APEX kann er nachger\u00fcstet werden.\"                class=\"product-category-single\"> H\u00fcgeliges Terrain                <sup><i class=\"fa fa-info-circle\" aria-hidden=\"true\"><\/i><\/sup>            <\/span>  <span\n                data-description=\"Nutzen Sie M\u00e4hbreiten von 107 cm und 122 cm auf mittleren bis gr\u00f6\u00dferen Rasenfl\u00e4chen.\"                class=\"product-category-single\"> Mittelgro\u00dfe Fl\u00e4chen                <sup><i class=\"fa fa-info-circle\" aria-hidden=\"true\"><\/i><\/sup>            <\/span>  <span\n                data-description=\"Auf gro\u00dfen Fl\u00e4chen kommen 132 cm und 152 cm breite M\u00e4hdecks effektiv zum Einsatz.\"                class=\"product-category-single\"> Gro\u00dfe Fl\u00e4chen                <sup><i class=\"fa fa-info-circle\" aria-hidden=\"true\"><\/i><\/sup>            <\/span>     <\/div>\n<\/div>\n<\/div>\n<div class=\"acfd-block acfd-block__twocolumns mb-asm-2 container-fluid container-fluid--force px-0 bg-default\">\n<div class=\"acfd-twocolumns\">\n<div class=\"row\">\n<div class='col-lg-12 mb-4'>\n<div class=\"acfd-product-advantages--wrapper\">\n<h2 class=\"h1 bigger text-color-black text-center mb-5\">\n        Merkmale &#038; Vorteile    <\/h2>\n<div class=\"acfd-product-advantages\">\n<div class=\"row\">\n<div class=\"col-md-6 mb-4 content\">\n                    <span class=\"d-block h5 text-color-brand mb-1\">Leichter Aufstieg und hohe Man\u00f6vrierf\u00e4higkeit<\/span><\/p>\n<p>Sowohl das 81 cm (32\u2033) als auch das 91 cm (36\u2033) M\u00e4hdeck erm\u00f6glichen den Zugang zu schwer zug\u00e4nglichen M\u00e4hbereichen und erleichtern die Arbeit auf engen Fl\u00e4chen.<\/p>\n<\/p><\/div>\n<div class=\"col-md-6 mb4 image\"  style=\"background-image:url(https:\/\/www.ariens.eu\/ch\/wp-content\/uploads\/sites\/3\/2024\/05\/ariens-arrow-standon-zero-turn-narrow-footprint-easy-access.webp)\">\n                <\/div>\n<\/p><\/div>\n<div class=\"row\">\n<div class=\"col-md-6 mb-4 content\">\n                    <span class=\"d-block h5 text-color-brand mb-1\">Klappbares Trittbrett<\/span><\/p>\n<p>Die Fahrer-Plattform bietet dem Nutzer eine bessere Sicht auf das M\u00e4hdeck als bei einer handgef\u00fchrten Maschine. Vibrationen und St\u00f6\u00dfe auf den Fahrer werden verringert \u2013 ein Arbeitstag ist weniger erm\u00fcdend. Der Klapp-Mechanismus erm\u00f6glicht eine schnelle Verwandlung von einem \u201eDrauf-Steh-\u201c in einen \u201eHinterherlauf-M\u00e4her\u201c, was dem Benutzer maximale Vielseitigkeit in engen und niedrigen Durchfahrten bietet.<\/p>\n<\/p><\/div>\n<div class=\"col-md-6 mb4 image\"  style=\"background-image:url(https:\/\/www.ariens.eu\/ch\/wp-content\/uploads\/sites\/3\/2024\/05\/ariens-arrow-standon-zero-turn-flip-up-suspension-platform.webp)\">\n                <\/div>\n<\/p><\/div>\n<div class=\"row\">\n<div class=\"col-md-6 mb-4 content\">\n                    <span class=\"d-block h5 text-color-brand mb-1\">Einstellbarer Geschwindigkeitsregler<\/span><\/p>\n<p>Erm\u00f6glicht es dem Fahrer, die H\u00f6chstgeschwindigkeit des Ger\u00e4ts in engen Arbeitsumgebungen zu limitieren.<\/p>\n<\/p><\/div>\n<div class=\"col-md-6 mb4 image\"  style=\"background-image:url(https:\/\/www.ariens.eu\/ch\/wp-content\/uploads\/sites\/3\/2024\/05\/ariens-arrow-standon-zero-turn-cruise-bar.webp)\">\n                <\/div>\n<\/p><\/div>\n<div class=\"row\">\n<div class=\"col-md-6 mb-4 content\">\n                    <span class=\"d-block h5 text-color-brand mb-1\">Bedienelemente<\/span><\/p>\n<p>Aus der Position des Fahrers sind alle Funktionen in Griffweite und ergonomisch steuerbar.<\/p>\n<\/p><\/div>\n<div class=\"col-md-6 mb4 image\"  style=\"background-image:url(https:\/\/www.ariens.eu\/ch\/wp-content\/uploads\/sites\/3\/2024\/05\/ariens-arrow-standon-zero-turn-ergonomic-control-panel.webp)\">\n                <\/div>\n<\/p><\/div>\n<div class=\"row\">\n<div class=\"col-md-6 mb-4 content\">\n                    <span class=\"d-block h5 text-color-brand mb-1\">Schnitth\u00f6henverstellung<\/span><\/p>\n<p>Weniger Kraft zum Anheben des M\u00e4hwerks, ein Fu\u00dfhebel und ein vertikales Stiftsystem erleichtern die Einstellung der Schnitth\u00f6he.<\/p>\n<\/p><\/div>\n<div class=\"col-md-6 mb4 image\"  style=\"background-image:url(https:\/\/www.ariens.eu\/ch\/wp-content\/uploads\/sites\/3\/2024\/05\/ariens-arrow-standon-zero-turn-easy-deck-height-adjustment.webp)\">\n                <\/div>\n<\/p><\/div>\n<div class=\"row\">\n<div class=\"col-md-6 mb-4 content\">\n                    <span class=\"d-block h5 text-color-brand mb-1\">Premium-Motor<\/span><\/p>\n<p>Ein Kawasaki FS600 V-Twin Premium-Motor sorgt f\u00fcr Kraft, Leistung und Kraftstoffeffizienz.<\/p>\n<\/p><\/div>\n<div class=\"col-md-6 mb4 image\"  style=\"background-image:url(https:\/\/www.ariens.eu\/ch\/wp-content\/uploads\/sites\/3\/2024\/05\/ariens-arrow-standon-zero-turn-kawasaki-engine.webp)\">\n                <\/div>\n<\/p><\/div>\n<div class=\"row\">\n<div class=\"col-md-6 mb-4 content\">\n                    <span class=\"d-block h5 text-color-brand mb-1\">Niedrigerer Schwerpunkt<\/span><\/p>\n<p>Die Geometrie und die Gewichtsverteilung sorgen f\u00fcr h\u00f6here Stabilit\u00e4t an Steigungen und ein angenehmeres Sicherheitsgef\u00fchl f\u00fcr den Fahrer.<\/p>\n<\/p><\/div>\n<div class=\"col-md-6 mb4 image\"  style=\"background-image:url(https:\/\/www.ariens.eu\/ch\/wp-content\/uploads\/sites\/3\/2024\/05\/ariens-arrow-standon-zero-turn-lowered-centre-of-gravity.webp)\">\n                <\/div>\n<\/p><\/div>\n<\/p><\/div>\n<\/div><\/div>\n<div class='col-lg'>                    <\/div>\n<\/p><\/div>\n<\/div>\n<\/div>\n","protected":false},"excerpt":{"rendered":"<p>H\u00f6chste Wendigkeit auf verwinkelten Fl\u00e4chen. &#8222;Draufsteh&#8220;-M\u00e4her liegen voll im Trend. Sie sind komfortabel und schnell, dabei aber besonders kompakt, agil und platzsparend. Ihr R\u00fccken und Ihre Muskulatur werden Ihnen die aufrechte Arbeitsposition danken. Mit seinem handels\u00fcblichen Kawasaki FS600-Motor und dem 91 cm (36&#8243;) langen M\u00e4hwerk ist der ARROW 36 Standm\u00e4her die kommerzielle Wahl f\u00fcr das [&hellip;]<\/p>\n","protected":false},"featured_media":2709,"comment_status":"open","ping_status":"closed","template":"","meta":{"_acf_changed":false,"_relevanssi_hide_post":"","_relevanssi_hide_content":"","_relevanssi_pin_for_all":"","_relevanssi_pin_keywords":"","_relevanssi_unpin_keywords":"","_relevanssi_related_keywords":"","_relevanssi_related_include_ids":"","_relevanssi_related_exclude_ids":"","_relevanssi_related_no_append":"","_relevanssi_related_not_related":"","_relevanssi_related_posts":"","_relevanssi_noindex_reason":""},"product_brand":[],"product_cat":[15],"product_tag":[],"class_list":{"0":"post-2344","1":"product","2":"type-product","3":"status-publish","4":"has-post-thumbnail","6":"product_variant-arrow-serie","7":"product_usage_areas-dienstleister","8":"product_usage_areas-kommunen-bauhoefe","10":"first","11":"instock","12":"shipping-taxable","13":"product-type-simple"},"acf":[],"yoast_head":"<!-- This site is optimized with the Yoast SEO plugin v27.3 - https:\/\/yoast.com\/product\/yoast-seo-wordpress\/ -->\n<title>ARROW 36 - Stand-on Nullwendekreism\u00e4her | Ariens<\/title>\n<meta name=\"description\" content=\"Der ARROW 36 Standm\u00e4her ist mit seinem Kawasaki FS600 Motor und einem 91 cm (36&quot;) langen M\u00e4hwerk die erste Wahl f\u00fcr das M\u00e4hen von Fl\u00e4chen in allen Bereichen.\" \/>\n<meta name=\"robots\" content=\"index, follow, max-snippet:-1, max-image-preview:large, max-video-preview:-1\" \/>\n<link rel=\"canonical\" href=\"https:\/\/www.ariens.eu\/ch\/product\/zero-turn-maeher\/arrow-serie\/arrow-36\/\" \/>\n<meta property=\"og:locale\" content=\"de_DE\" \/>\n<meta property=\"og:type\" content=\"article\" \/>\n<meta property=\"og:title\" content=\"ARROW 36 - Stand-on Nullwendekreism\u00e4her | Ariens\" \/>\n<meta property=\"og:description\" content=\"Der ARROW 36 Standm\u00e4her ist mit seinem Kawasaki FS600 Motor und einem 91 cm (36&quot;) langen M\u00e4hwerk die erste Wahl f\u00fcr das M\u00e4hen von Fl\u00e4chen in allen Bereichen.\" \/>\n<meta property=\"og:url\" content=\"https:\/\/www.ariens.eu\/ch\/product\/zero-turn-maeher\/arrow-serie\/arrow-36\/\" \/>\n<meta property=\"og:site_name\" content=\"Ariens | EMEAA\" \/>\n<meta property=\"article:modified_time\" content=\"2026-02-25T10:36:02+00:00\" \/>\n<meta property=\"og:image\" content=\"https:\/\/www.ariens.eu\/ch\/wp-content\/uploads\/sites\/11\/2024\/05\/ariens-arrow-36-stand-on-zero-turn-front-view-34.webp\" \/>\n\t<meta property=\"og:image:width\" content=\"900\" \/>\n\t<meta property=\"og:image:height\" content=\"650\" \/>\n\t<meta property=\"og:image:type\" content=\"image\/webp\" \/>\n<meta name=\"twitter:card\" content=\"summary_large_image\" \/>\n<meta name=\"twitter:label1\" content=\"Gesch\u00e4tzte Lesezeit\" \/>\n\t<meta name=\"twitter:data1\" content=\"2\u00a0Minuten\" \/>\n<script type=\"application\/ld+json\" class=\"yoast-schema-graph\">{\"@context\":\"https:\\\/\\\/schema.org\",\"@graph\":[{\"@type\":\"WebPage\",\"@id\":\"https:\\\/\\\/www.ariens.eu\\\/ch\\\/product\\\/zero-turn-maeher\\\/arrow-serie\\\/arrow-36\\\/\",\"url\":\"https:\\\/\\\/www.ariens.eu\\\/ch\\\/product\\\/zero-turn-maeher\\\/arrow-serie\\\/arrow-36\\\/\",\"name\":\"ARROW 36 - Stand-on Nullwendekreism\u00e4her | Ariens\",\"isPartOf\":{\"@id\":\"https:\\\/\\\/www.ariens.eu\\\/ch\\\/#website\"},\"primaryImageOfPage\":{\"@id\":\"https:\\\/\\\/www.ariens.eu\\\/ch\\\/product\\\/zero-turn-maeher\\\/arrow-serie\\\/arrow-36\\\/#primaryimage\"},\"image\":{\"@id\":\"https:\\\/\\\/www.ariens.eu\\\/ch\\\/product\\\/zero-turn-maeher\\\/arrow-serie\\\/arrow-36\\\/#primaryimage\"},\"thumbnailUrl\":\"https:\\\/\\\/www.ariens.eu\\\/ch\\\/wp-content\\\/uploads\\\/sites\\\/11\\\/2024\\\/05\\\/ariens-arrow-36-stand-on-zero-turn-front-view-34.webp\",\"datePublished\":\"2024-05-10T10:04:36+00:00\",\"dateModified\":\"2026-02-25T10:36:02+00:00\",\"description\":\"Der ARROW 36 Standm\u00e4her ist mit seinem Kawasaki FS600 Motor und einem 91 cm (36\\\") langen M\u00e4hwerk die erste Wahl f\u00fcr das M\u00e4hen von Fl\u00e4chen in allen Bereichen.\",\"breadcrumb\":{\"@id\":\"https:\\\/\\\/www.ariens.eu\\\/ch\\\/product\\\/zero-turn-maeher\\\/arrow-serie\\\/arrow-36\\\/#breadcrumb\"},\"inLanguage\":\"de\",\"potentialAction\":[{\"@type\":\"ReadAction\",\"target\":[\"https:\\\/\\\/www.ariens.eu\\\/ch\\\/product\\\/zero-turn-maeher\\\/arrow-serie\\\/arrow-36\\\/\"]}]},{\"@type\":\"ImageObject\",\"inLanguage\":\"de\",\"@id\":\"https:\\\/\\\/www.ariens.eu\\\/ch\\\/product\\\/zero-turn-maeher\\\/arrow-serie\\\/arrow-36\\\/#primaryimage\",\"url\":\"https:\\\/\\\/www.ariens.eu\\\/ch\\\/wp-content\\\/uploads\\\/sites\\\/11\\\/2024\\\/05\\\/ariens-arrow-36-stand-on-zero-turn-front-view-34.webp\",\"contentUrl\":\"https:\\\/\\\/www.ariens.eu\\\/ch\\\/wp-content\\\/uploads\\\/sites\\\/11\\\/2024\\\/05\\\/ariens-arrow-36-stand-on-zero-turn-front-view-34.webp\",\"width\":900,\"height\":650},{\"@type\":\"BreadcrumbList\",\"@id\":\"https:\\\/\\\/www.ariens.eu\\\/ch\\\/product\\\/zero-turn-maeher\\\/arrow-serie\\\/arrow-36\\\/#breadcrumb\",\"itemListElement\":[{\"@type\":\"ListItem\",\"position\":1,\"name\":\"Home\",\"item\":\"https:\\\/\\\/www.ariens.eu\\\/ch\\\/\"},{\"@type\":\"ListItem\",\"position\":2,\"name\":\"Shop\",\"item\":\"https:\\\/\\\/www.ariens.eu\\\/ch\\\/shop\\\/\"},{\"@type\":\"ListItem\",\"position\":3,\"name\":\"ARROW 36\"}]},{\"@type\":\"WebSite\",\"@id\":\"https:\\\/\\\/www.ariens.eu\\\/ch\\\/#website\",\"url\":\"https:\\\/\\\/www.ariens.eu\\\/ch\\\/\",\"name\":\"Ariens | EMEAA\",\"description\":\"Powerful and reliable zero-turn mowers &amp; snow blowers for professional users and demanding private customers\",\"potentialAction\":[{\"@type\":\"SearchAction\",\"target\":{\"@type\":\"EntryPoint\",\"urlTemplate\":\"https:\\\/\\\/www.ariens.eu\\\/ch\\\/?s={search_term_string}\"},\"query-input\":{\"@type\":\"PropertyValueSpecification\",\"valueRequired\":true,\"valueName\":\"search_term_string\"}}],\"inLanguage\":\"de\"}]}<\/script>\n<!-- \/ Yoast SEO plugin. -->","yoast_head_json":{"title":"ARROW 36 - Stand-on Nullwendekreism\u00e4her | Ariens","description":"Der ARROW 36 Standm\u00e4her ist mit seinem Kawasaki FS600 Motor und einem 91 cm (36\") langen M\u00e4hwerk die erste Wahl f\u00fcr das M\u00e4hen von Fl\u00e4chen in allen Bereichen.","robots":{"index":"index","follow":"follow","max-snippet":"max-snippet:-1","max-image-preview":"max-image-preview:large","max-video-preview":"max-video-preview:-1"},"canonical":"https:\/\/www.ariens.eu\/ch\/product\/zero-turn-maeher\/arrow-serie\/arrow-36\/","og_locale":"de_DE","og_type":"article","og_title":"ARROW 36 - Stand-on Nullwendekreism\u00e4her | Ariens","og_description":"Der ARROW 36 Standm\u00e4her ist mit seinem Kawasaki FS600 Motor und einem 91 cm (36\") langen M\u00e4hwerk die erste Wahl f\u00fcr das M\u00e4hen von Fl\u00e4chen in allen Bereichen.","og_url":"https:\/\/www.ariens.eu\/ch\/product\/zero-turn-maeher\/arrow-serie\/arrow-36\/","og_site_name":"Ariens | EMEAA","article_modified_time":"2026-02-25T10:36:02+00:00","og_image":[{"width":900,"height":650,"url":"https:\/\/www.ariens.eu\/ch\/wp-content\/uploads\/sites\/11\/2024\/05\/ariens-arrow-36-stand-on-zero-turn-front-view-34.webp","type":"image\/webp"}],"twitter_card":"summary_large_image","twitter_misc":{"Gesch\u00e4tzte Lesezeit":"2\u00a0Minuten"},"schema":{"@context":"https:\/\/schema.org","@graph":[{"@type":"WebPage","@id":"https:\/\/www.ariens.eu\/ch\/product\/zero-turn-maeher\/arrow-serie\/arrow-36\/","url":"https:\/\/www.ariens.eu\/ch\/product\/zero-turn-maeher\/arrow-serie\/arrow-36\/","name":"ARROW 36 - Stand-on Nullwendekreism\u00e4her | Ariens","isPartOf":{"@id":"https:\/\/www.ariens.eu\/ch\/#website"},"primaryImageOfPage":{"@id":"https:\/\/www.ariens.eu\/ch\/product\/zero-turn-maeher\/arrow-serie\/arrow-36\/#primaryimage"},"image":{"@id":"https:\/\/www.ariens.eu\/ch\/product\/zero-turn-maeher\/arrow-serie\/arrow-36\/#primaryimage"},"thumbnailUrl":"https:\/\/www.ariens.eu\/ch\/wp-content\/uploads\/sites\/11\/2024\/05\/ariens-arrow-36-stand-on-zero-turn-front-view-34.webp","datePublished":"2024-05-10T10:04:36+00:00","dateModified":"2026-02-25T10:36:02+00:00","description":"Der ARROW 36 Standm\u00e4her ist mit seinem Kawasaki FS600 Motor und einem 91 cm (36\") langen M\u00e4hwerk die erste Wahl f\u00fcr das M\u00e4hen von Fl\u00e4chen in allen Bereichen.","breadcrumb":{"@id":"https:\/\/www.ariens.eu\/ch\/product\/zero-turn-maeher\/arrow-serie\/arrow-36\/#breadcrumb"},"inLanguage":"de","potentialAction":[{"@type":"ReadAction","target":["https:\/\/www.ariens.eu\/ch\/product\/zero-turn-maeher\/arrow-serie\/arrow-36\/"]}]},{"@type":"ImageObject","inLanguage":"de","@id":"https:\/\/www.ariens.eu\/ch\/product\/zero-turn-maeher\/arrow-serie\/arrow-36\/#primaryimage","url":"https:\/\/www.ariens.eu\/ch\/wp-content\/uploads\/sites\/11\/2024\/05\/ariens-arrow-36-stand-on-zero-turn-front-view-34.webp","contentUrl":"https:\/\/www.ariens.eu\/ch\/wp-content\/uploads\/sites\/11\/2024\/05\/ariens-arrow-36-stand-on-zero-turn-front-view-34.webp","width":900,"height":650},{"@type":"BreadcrumbList","@id":"https:\/\/www.ariens.eu\/ch\/product\/zero-turn-maeher\/arrow-serie\/arrow-36\/#breadcrumb","itemListElement":[{"@type":"ListItem","position":1,"name":"Home","item":"https:\/\/www.ariens.eu\/ch\/"},{"@type":"ListItem","position":2,"name":"Shop","item":"https:\/\/www.ariens.eu\/ch\/shop\/"},{"@type":"ListItem","position":3,"name":"ARROW 36"}]},{"@type":"WebSite","@id":"https:\/\/www.ariens.eu\/ch\/#website","url":"https:\/\/www.ariens.eu\/ch\/","name":"Ariens | EMEAA","description":"Powerful and reliable zero-turn mowers &amp; snow blowers for professional users and demanding private customers","potentialAction":[{"@type":"SearchAction","target":{"@type":"EntryPoint","urlTemplate":"https:\/\/www.ariens.eu\/ch\/?s={search_term_string}"},"query-input":{"@type":"PropertyValueSpecification","valueRequired":true,"valueName":"search_term_string"}}],"inLanguage":"de"}]}},"_links":{"self":[{"href":"https:\/\/www.ariens.eu\/ch\/wp-json\/wp\/v2\/product\/2344","targetHints":{"allow":["GET"]}}],"collection":[{"href":"https:\/\/www.ariens.eu\/ch\/wp-json\/wp\/v2\/product"}],"about":[{"href":"https:\/\/www.ariens.eu\/ch\/wp-json\/wp\/v2\/types\/product"}],"replies":[{"embeddable":true,"href":"https:\/\/www.ariens.eu\/ch\/wp-json\/wp\/v2\/comments?post=2344"}],"wp:featuredmedia":[{"embeddable":true,"href":"https:\/\/www.ariens.eu\/ch\/wp-json\/wp\/v2\/media\/2709"}],"wp:attachment":[{"href":"https:\/\/www.ariens.eu\/ch\/wp-json\/wp\/v2\/media?parent=2344"}],"wp:term":[{"taxonomy":"product_brand","embeddable":true,"href":"https:\/\/www.ariens.eu\/ch\/wp-json\/wp\/v2\/product_brand?post=2344"},{"taxonomy":"product_cat","embeddable":true,"href":"https:\/\/www.ariens.eu\/ch\/wp-json\/wp\/v2\/product_cat?post=2344"},{"taxonomy":"product_tag","embeddable":true,"href":"https:\/\/www.ariens.eu\/ch\/wp-json\/wp\/v2\/product_tag?post=2344"}],"curies":[{"name":"wp","href":"https:\/\/api.w.org\/{rel}","templated":true}]}}