{"id":2539,"date":"2024-05-14T12:45:56","date_gmt":"2024-05-14T11:45:56","guid":{"rendered":"https:\/\/www.ariens.eu\/product\/arrow-e-48r\/"},"modified":"2025-11-10T10:49:11","modified_gmt":"2025-11-10T10:49:11","slug":"arrow-e-48r","status":"publish","type":"product","link":"https:\/\/www.ariens.eu\/ch\/produkt\/zero-turn-mowers\/arrow-e-serie\/arrow-e-48r","title":{"rendered":"ARROW E 48R"},"content":{"rendered":"<div class=\"acfd-block acfd-block__twocolumns container-fluid px-0 bg-default\">\n<div class=\"acfd-twocolumns\">\n<div class=\"row\">\n<div class='col-lg-9 mb-4'>\n<div class=\"acfd-block acfd-block__headline container-fluid px-0 bg-default\">\n<div class=\"acfd-headline\" >\n<h2 class='h2 text-left'>Voll elektrisch. H\u00f6chste Wendigkeit bei schonender Arbeitshaltung im Stehen<\/h2>\n<\/p><\/div>\n<\/div><\/div>\n<div class='col-lg'>                    <\/div>\n<\/p><\/div>\n<\/div>\n<\/div>\n<div class=\"acfd-block acfd-block__twocolumns mb-asm-2 container-fluid px-0 bg-default\">\n<div class=\"acfd-twocolumns\">\n<div class=\"row\">\n<div class='col-lg-9 mb-4'>\n<div class=\"acfd-block acfd-block__text container-fluid px-0 bg-default\">\n<div class=\"acfd-text\">\n<p>Stand-on-M\u00e4her liegen voll im Trend. Sie sind komfortabel und schnell, dabei aber besonders kompakt, agil und platzsparend. Ihr R\u00fccken und Ihre Muskulatur werden Ihnen die aufrechte Arbeitsposition danken.<\/p>\n<p>Der ARROW E 48R wurde f\u00fcr den Einsatz in Bereichen entwickelt, in denen L\u00e4rm- und Kohlendioxidemissionen eingeschr\u00e4nkt sind. Er ist ein vollwertiger akkubetriebener Stand-On-M\u00e4her mit einem 122 cm (48&#8243;) langen Heckauswurfm\u00e4hwerk.<\/p>\n<ul>\n<li>Stromversorgung durch vier austauschbare FusionCore-Lithium-Ionen-Akkus (56 V DC, 4 kWh)<\/li>\n<li>Mit zum Patent angemeldeter Spindeltechnologie, die St\u00f6\u00dfe absorbiert und die Spindeln nur minimal besch\u00e4digt<\/li>\n<li>QuickSwap-Akkusystem erm\u00f6glicht ganzt\u00e4giges Schneiden (abh\u00e4ngig von den Schneidebedingungen)<\/li>\n<li>Ladezeit von 5,3 &#8211; 12 Stunden (je nach Ladeger\u00e4t)<\/li>\n<li>122 cm (48&#8243;) langes Heckauswurfdeck aus stabilem 7-Gauge-Stahl<\/li>\n<li>Intuitive Bedienelemente<\/li>\n<li>Klappbare Bedienerplattform f\u00fcr maximale Vielseitigkeit<\/li>\n<li>ECO-Modus &#8211; verl\u00e4ngert die Lebensdauer der Batterie<\/li>\n<li>LED-Schnittstelle zeigt wichtige Informationen an<\/li>\n<li>Einstellung des M\u00e4hdecks mit Fu\u00dfunterst\u00fctzung<\/li>\n<li>5 Jahre oder 1500 Stunden Garantie\/ 3 Jahre Batteriegarantie<\/li>\n<\/ul>\n<p>*Fotos und Abbildungen sind eine Darstellung des Produkts, das tats\u00e4chliche Produkt kann abweichen.<\/p>\n<\/div>\n<\/div><\/div>\n<div class='col-lg'>                    <\/div>\n<\/p><\/div>\n<\/div>\n<\/div>\n<div class=\"acfd-block acfd-block__category mb-asm-3 container-fluid px-0 bg-default\">\n<div class=\"acfd-product-categories\">\n<h2 class=\"text-left mb-3\">\n        Eins\u00e4tze    <\/h2>\n<div class=\"product-categories_wrapper\">\n         <span\n                data-description=\"Sie m\u00e4hen viele Stunden oder sogar tage- oder wochenlang? Sie benutzen Ihre Maschine gewerblich und verdienen Ihr Geld damit? Dann brauchen Sie eine besonders zuverl\u00e4ssige und komfortable Maschine mit langlebigen Komponenten.\"                class=\"product-category-single\"> PRO                <sup><i class=\"fa fa-info-circle\" aria-hidden=\"true\"><\/i><\/sup>            <\/span>  <span\n                data-description=\"Modernste Akku-Technik erm\u00f6glicht jetzt Leistung und Reichweite wie bei Benzinern.\"                class=\"product-category-single\"> Elektrik                <sup><i class=\"fa fa-info-circle\" aria-hidden=\"true\"><\/i><\/sup>            <\/span>  <span\n                data-description=\"Im Stehen zu m\u00e4hen ist gerade \"in\". Vorteile sind die \u00dcbersicht des Fahrers \u00fcber das gesamte M\u00e4hdeck und die enorme Wendigkeit dieser kompakten Maschinen. Anwender mit R\u00fcckenproblemen profitieren von der ergonomischen Arbeitshaltung. T\u00e4glicher Transport und Lagerung sind erheblich einfacher. Auf- und Absteigen ist eine Sache von wenigen Sekunden. Ideal auch bei engen Passagen und Gartentoren.\"                class=\"product-category-single\"> Stand-On (stehend)                <sup><i class=\"fa fa-info-circle\" aria-hidden=\"true\"><\/i><\/sup>            <\/span>  <span\n                data-description=\"Bei den Modellen APEX und ZENITH haben Sie die Wahl zwischen Seitenauswurf- und Heckauswurf M\u00e4hdecks. Ein Heckauswurf-M\u00e4hdeck ist seitlich geschlossen und wirft das Schnittgut nach hinten aus. Vorteil ist, dass kein Schnittgut auf Wege und Beete geworfen wird und im Vergleich zu einem Mulchkit auch h\u00f6heres Gras gut gem\u00e4ht werden kann. Heckauswurf M\u00e4hdecks kommen h\u00e4ufig im kommunalen Bereich zum Einsatz.\"                class=\"product-category-single\"> Heckauswurf                <sup><i class=\"fa fa-info-circle\" aria-hidden=\"true\"><\/i><\/sup>            <\/span>  <span\n                data-description=\"Alle Ariens M\u00e4her sind f\u00fcr ebene Rasenfl\u00e4chen geeignet. W\u00e4hlen Sie Ihre Schnittbreite entsprechend Ihrer Fl\u00e4chengr\u00f6\u00dfe und limitierender Engstellen.\"                class=\"product-category-single\"> Flaches Terrain                <sup><i class=\"fa fa-info-circle\" aria-hidden=\"true\"><\/i><\/sup>            <\/span>  <span\n                data-description=\"Ariens M\u00e4her kommen mit welligem Terrain gut zurecht. W\u00e4hlen Sie bei welligem Gel\u00e4nde eher schm\u00e4lere M\u00e4hdecks f\u00fcr ein einheitlicheres Schnittbild.\"                class=\"product-category-single\"> Welliges Terrain                <sup><i class=\"fa fa-info-circle\" aria-hidden=\"true\"><\/i><\/sup>            <\/span>  <span\n                data-description=\"W\u00e4hlen Sie am besten eine Maschine mit breiten R\u00e4dern. \u00dcberschreiten Sie nicht das angegebene Sicherheitslimit von 15\u00b0 Steigung bei Aufsitzm\u00e4hern und 20\u00b0 bei Stand-On M\u00e4hern. W\u00e4hlen Sie bei welligem Gel\u00e4nde eher schm\u00e4lere M\u00e4hdecks f\u00fcr ein einheitlicheres Schnittbild. Das Modell ZENITH verf\u00fcgt serienm\u00e4\u00dfig \u00fcber einen \u00dcberrollschutz. Auf dem APEX kann er nachger\u00fcstet werden.\"                class=\"product-category-single\"> H\u00fcgeliges Terrain                <sup><i class=\"fa fa-info-circle\" aria-hidden=\"true\"><\/i><\/sup>            <\/span>  <span\n                data-description=\"Nutzen Sie M\u00e4hbreiten von 107 cm und 122 cm auf mittleren bis gr\u00f6\u00dferen Rasenfl\u00e4chen.\"                class=\"product-category-single\"> Mittelgro\u00dfe Fl\u00e4chen                <sup><i class=\"fa fa-info-circle\" aria-hidden=\"true\"><\/i><\/sup>            <\/span>     <\/div>\n<\/div>\n<\/div>\n<div class=\"acfd-block acfd-block__twocolumns mb-asm-2 container-fluid container-fluid--force px-0 bg-default\">\n<div class=\"acfd-twocolumns\">\n<div class=\"row\">\n<div class='col-lg-12 mb-4'>\n<div class=\"acfd-product-advantages--wrapper\">\n<h2 class=\"h1 bigger text-color-black text-center mb-5\">\n        Merkmale &#038; Vorteile    <\/h2>\n<div class=\"acfd-product-advantages\">\n<div class=\"row\">\n<div class=\"col-md-6 mb-4 content\">\n                    <span class=\"d-block h5 text-color-brand mb-1\">Akku-Kapazit\u00e4t:<\/span><\/p>\n<p>4 einzelne 56V Akku-Packs \u00e0 4 kWh = 16 kWh Gesamtkapazit\u00e4t. Premium Panasonic Li-NMC Zellen.<\/p>\n<\/p><\/div>\n<div class=\"col-md-6 mb4 image\"  style=\"background-image:url(https:\/\/www.ariens.eu\/ch\/wp-content\/uploads\/sites\/3\/2024\/05\/ariens-arrow-e-battery-stand-on-fusioncore-batteries-1.webp)\">\n                <\/div>\n<\/p><\/div>\n<div class=\"row\">\n<div class=\"col-md-6 mb-4 content\">\n                    <span class=\"d-block h5 text-color-brand mb-1\">Quickswap battery system<\/span><\/p>\n<p>The swappable battery system gives you the capability to mow all day*. When batteries run out, just swap them in seconds and continue working. The Ariens FusionCore battery system is currently the only commercial system on the market with swappable batteries. It allows unrivalled flexibility and compatibility between the ZENITH E and ARROW E.<\/p>\n<p>* Depending upon operational hours, operator usage and cutting conditions<\/p>\n<\/p><\/div>\n<div class=\"col-md-6 mb4 image\"  style=\"background-image:url(https:\/\/www.ariens.eu\/ch\/wp-content\/uploads\/sites\/3\/2024\/05\/ariens-arrow-e-battery-stand-on-quickswap-battery-system.webp)\">\n                <\/div>\n<\/p><\/div>\n<div class=\"row\">\n<div class=\"col-md-6 mb-4 content\">\n                    <span class=\"d-block h5 text-color-brand mb-1\">B\u00fcrstenlose Spindelmotoren mit Rutschkupplung<\/span><\/p>\n<p>Die Hochleistungs-Spindelmotoren der Messer sind mit einer Rutschkupplung ausgestattet. Im Falle einer Kollision mit einem Fremdk\u00f6rper erlaubt sie es dem Messer \u201edurchzurutschen\u201c und den Motor somit vor Besch\u00e4digungen zu sch\u00fctzen. Im Fall der F\u00e4lle sind die Messerwellen und unteren Lager austauschbar.<\/p>\n<\/p><\/div>\n<div class=\"col-md-6 mb4 image\"  style=\"background-image:url(https:\/\/www.ariens.eu\/ch\/wp-content\/uploads\/sites\/3\/2024\/05\/ariens-arrow-e-battery-stand-on-spindle-motor-1.webp)\">\n                <\/div>\n<\/p><\/div>\n<div class=\"row\">\n<div class=\"col-md-6 mb-4 content\">\n                    <span class=\"d-block h5 text-color-brand mb-1\">Fussunterst\u00fctzte M\u00e4hdeckverstellung<\/span><\/p>\n<p>Qualit\u00e4t hat sein Gewicht. Das massive M\u00e4hdeck des ARROW E ist aus 4,5 mm starkem Stahlblech geschwei\u00dft. Die H\u00f6henverstellung des Decks erfolgt leichtg\u00e4ngig \u00fcber ein kombiniertes System aus Fu\u00dfpedal und Handhebel.<\/p>\n<\/p><\/div>\n<div class=\"col-md-6 mb4 image\"  style=\"background-image:url(https:\/\/www.ariens.eu\/ch\/wp-content\/uploads\/sites\/3\/2024\/05\/ariens-arrow-e-battery-stand-on-dual-deck-lift-system.webp)\">\n                <\/div>\n<\/p><\/div>\n<div class=\"row\">\n<div class=\"col-md-6 mb-4 content\">\n                    <span class=\"d-block h5 text-color-brand mb-1\">LED Frontlicht<\/span><\/p>\n<p>Alle Sno-Thro<sup>&reg;<\/sup>-Modelle der Platinum-Serie sind standardm\u00e4\u00dfig mit ultraheller LED Beleuchtung ausgestattet.<\/p>\n<\/p><\/div>\n<div class=\"col-md-6 mb4 image\"  style=\"background-image:url(https:\/\/www.ariens.eu\/ch\/wp-content\/uploads\/sites\/3\/2024\/05\/LED_LIGHT_Solo.webp)\">\n                <\/div>\n<\/p><\/div>\n<div class=\"row\">\n<div class=\"col-md-6 mb-4 content\">\n                    <span class=\"d-block h5 text-color-brand mb-1\">ECO-MODE \u2013 VERSCHWENDEN SIE KEINE ENERGIE<\/span><\/p>\n<p>Der ARROW E verf\u00fcgt \u00fcber einen ECO-Mode Schalter. Bei wenig Schnittgutanfall oder bei langsamerer Fahrgeschwindigkeit wird nicht die h\u00f6chste  Messergeschwindigkeit ben\u00f6tigt. Nutzen Sie in diesem Fall den ECO-Modus um die Messerdrehzahl zu reduzieren.<\/p>\n<\/p><\/div>\n<div class=\"col-md-6 mb4 image\"  style=\"background-image:url(https:\/\/www.ariens.eu\/ch\/wp-content\/uploads\/sites\/3\/2024\/05\/ariens-arrow-e-battery-stand-on-eco-mode-button-1.webp)\">\n                <\/div>\n<\/p><\/div>\n<div class=\"row\">\n<div class=\"col-md-6 mb-4 content\">\n                    <span class=\"d-block h5 text-color-brand mb-1\">KLAPPBARE FAHRERPLATTFORM<\/span><\/p>\n<p>Die gefederte Fahrerplattform kann zum Transport nach oben geklappt werden. Ebenso aber auch beim Arbeiten unter tiefh\u00e4ngenden \u00c4sten hindurch oder beim Fahren an H\u00e4ngen bis zu 20\u00b0. Im Handumdrehen wird der ARROW E somit zum handgef\u00fchrten \u201ewalk-behind\u201c M\u00e4her. \u00dcbrigens: Kein Federungssystem der Welt ist so gut wie menschliche Beine. Das ist ein gro\u00dfer Vorteil von Stand-On M\u00e4hern f\u00fcr die Gesundheit des Fahrers.<\/p>\n<\/p><\/div>\n<div class=\"col-md-6 mb4 image\"  style=\"background-image:url(https:\/\/www.ariens.eu\/ch\/wp-content\/uploads\/sites\/3\/2024\/05\/ariens-arrow-e-battery-stand-on-flip-up-suspension-platform.webp)\">\n                <\/div>\n<\/p><\/div>\n<div class=\"row\">\n<div class=\"col-md-6 mb-4 content\">\n                    <span class=\"d-block h5 text-color-brand mb-1\">INTUITIVE STEUERELEMENTE<\/span><\/p>\n<p>Alle Funktionen der Maschine befinden sich im Blickfeld und in Griffn\u00e4he des Fahrers. Die maximale Fahrgeschwindigkeit kann \u00fcber einen Schnellmechanismus mit Magnetstecker begrenzt werden. Elektrische Feststellbremse und zwei Fahrgeschwindigkeitsstufen.<\/p>\n<\/p><\/div>\n<div class=\"col-md-6 mb4 image\"  style=\"background-image:url(https:\/\/www.ariens.eu\/ch\/wp-content\/uploads\/sites\/3\/2024\/05\/ariens-arrow-e-battery-stand-on-intuitive-controls.webp)\">\n                <\/div>\n<\/p><\/div>\n<\/p><\/div>\n<\/div><\/div>\n<div class='col-lg'>                    <\/div>\n<\/p><\/div>\n<\/div>\n<\/div>\n","protected":false},"excerpt":{"rendered":"<p>Voll elektrisch. H\u00f6chste Wendigkeit bei schonender Arbeitshaltung im Stehen Stand-on-M\u00e4her liegen voll im Trend. Sie sind komfortabel und schnell, dabei aber besonders kompakt, agil und platzsparend. Ihr R\u00fccken und Ihre Muskulatur werden Ihnen die aufrechte Arbeitsposition danken. Der ARROW E 48R wurde f\u00fcr den Einsatz in Bereichen entwickelt, in denen L\u00e4rm- und Kohlendioxidemissionen eingeschr\u00e4nkt sind. [&hellip;]<\/p>\n","protected":false},"featured_media":2211,"comment_status":"open","ping_status":"closed","template":"","meta":{"_acf_changed":false,"_relevanssi_hide_post":"","_relevanssi_hide_content":"","_relevanssi_pin_for_all":"","_relevanssi_pin_keywords":"","_relevanssi_unpin_keywords":"","_relevanssi_related_keywords":"","_relevanssi_related_include_ids":"","_relevanssi_related_exclude_ids":"","_relevanssi_related_no_append":"","_relevanssi_related_not_related":"","_relevanssi_related_posts":"","_relevanssi_noindex_reason":""},"product_brand":[],"product_cat":[15],"product_tag":[],"class_list":{"0":"post-2539","1":"product","2":"type-product","3":"status-publish","4":"has-post-thumbnail","6":"product_variant-arrow-e-serie","7":"product_usage_areas-dienstleister","8":"product_usage_areas-leisure-facilities","9":"product_usage_areas-hausmeisterdienste","10":"product_usage_areas-kommunen-bauhoefe","12":"first","13":"instock","14":"shipping-taxable","15":"product-type-simple"},"acf":[],"yoast_head":"<!-- This site is optimized with the Yoast SEO plugin v27.3 - https:\/\/yoast.com\/product\/yoast-seo-wordpress\/ -->\n<title>ARROW E 48R - Batteriebetriebener Stand-on-Nullwendekreism\u00e4her | Ariens<\/title>\n<meta name=\"description\" content=\"Ganzt\u00e4gige Akkuleistung bei einem vollwertigen Ariens-Aufsitzm\u00e4her. Der ARROW E 48R setzt den Standard bei elektrischen, gewerblichen Aufsitzm\u00e4hern.\" \/>\n<meta name=\"robots\" content=\"index, follow, max-snippet:-1, max-image-preview:large, max-video-preview:-1\" \/>\n<link rel=\"canonical\" href=\"https:\/\/www.ariens.eu\/ch\/product\/zero-turn-maeher\/arrow-e-serie\/arrow-e-48r\/\" \/>\n<meta property=\"og:locale\" content=\"de_DE\" \/>\n<meta property=\"og:type\" content=\"article\" \/>\n<meta property=\"og:title\" content=\"ARROW E 48R - Batteriebetriebener Stand-on-Nullwendekreism\u00e4her | Ariens\" \/>\n<meta property=\"og:description\" content=\"Ganzt\u00e4gige Akkuleistung bei einem vollwertigen Ariens-Aufsitzm\u00e4her. Der ARROW E 48R setzt den Standard bei elektrischen, gewerblichen Aufsitzm\u00e4hern.\" \/>\n<meta property=\"og:url\" content=\"https:\/\/www.ariens.eu\/ch\/product\/zero-turn-maeher\/arrow-e-serie\/arrow-e-48r\/\" \/>\n<meta property=\"og:site_name\" content=\"Ariens | EMEAA\" \/>\n<meta property=\"article:modified_time\" content=\"2025-11-10T10:49:11+00:00\" \/>\n<meta property=\"og:image\" content=\"https:\/\/www.ariens.eu\/ch\/wp-content\/uploads\/sites\/11\/2024\/05\/998304-Ariens-Arrow-E-48R-FL34-2560x1853-8f91da2.png\" \/>\n\t<meta property=\"og:image:width\" content=\"2559\" \/>\n\t<meta property=\"og:image:height\" content=\"1853\" \/>\n\t<meta property=\"og:image:type\" content=\"image\/png\" \/>\n<meta name=\"twitter:card\" content=\"summary_large_image\" \/>\n<meta name=\"twitter:label1\" content=\"Gesch\u00e4tzte Lesezeit\" \/>\n\t<meta name=\"twitter:data1\" content=\"3\u00a0Minuten\" \/>\n<script type=\"application\/ld+json\" class=\"yoast-schema-graph\">{\"@context\":\"https:\\\/\\\/schema.org\",\"@graph\":[{\"@type\":\"WebPage\",\"@id\":\"https:\\\/\\\/www.ariens.eu\\\/ch\\\/product\\\/zero-turn-maeher\\\/arrow-e-serie\\\/arrow-e-48r\\\/\",\"url\":\"https:\\\/\\\/www.ariens.eu\\\/ch\\\/product\\\/zero-turn-maeher\\\/arrow-e-serie\\\/arrow-e-48r\\\/\",\"name\":\"ARROW E 48R - Batteriebetriebener Stand-on-Nullwendekreism\u00e4her | Ariens\",\"isPartOf\":{\"@id\":\"https:\\\/\\\/www.ariens.eu\\\/ch\\\/#website\"},\"primaryImageOfPage\":{\"@id\":\"https:\\\/\\\/www.ariens.eu\\\/ch\\\/product\\\/zero-turn-maeher\\\/arrow-e-serie\\\/arrow-e-48r\\\/#primaryimage\"},\"image\":{\"@id\":\"https:\\\/\\\/www.ariens.eu\\\/ch\\\/product\\\/zero-turn-maeher\\\/arrow-e-serie\\\/arrow-e-48r\\\/#primaryimage\"},\"thumbnailUrl\":\"https:\\\/\\\/www.ariens.eu\\\/ch\\\/wp-content\\\/uploads\\\/sites\\\/11\\\/2024\\\/05\\\/998304-Ariens-Arrow-E-48R-FL34-2560x1853-8f91da2.png\",\"datePublished\":\"2024-05-14T11:45:56+00:00\",\"dateModified\":\"2025-11-10T10:49:11+00:00\",\"description\":\"Ganzt\u00e4gige Akkuleistung bei einem vollwertigen Ariens-Aufsitzm\u00e4her. Der ARROW E 48R setzt den Standard bei elektrischen, gewerblichen Aufsitzm\u00e4hern.\",\"breadcrumb\":{\"@id\":\"https:\\\/\\\/www.ariens.eu\\\/ch\\\/product\\\/zero-turn-maeher\\\/arrow-e-serie\\\/arrow-e-48r\\\/#breadcrumb\"},\"inLanguage\":\"de\",\"potentialAction\":[{\"@type\":\"ReadAction\",\"target\":[\"https:\\\/\\\/www.ariens.eu\\\/ch\\\/product\\\/zero-turn-maeher\\\/arrow-e-serie\\\/arrow-e-48r\\\/\"]}]},{\"@type\":\"ImageObject\",\"inLanguage\":\"de\",\"@id\":\"https:\\\/\\\/www.ariens.eu\\\/ch\\\/product\\\/zero-turn-maeher\\\/arrow-e-serie\\\/arrow-e-48r\\\/#primaryimage\",\"url\":\"https:\\\/\\\/www.ariens.eu\\\/ch\\\/wp-content\\\/uploads\\\/sites\\\/11\\\/2024\\\/05\\\/998304-Ariens-Arrow-E-48R-FL34-2560x1853-8f91da2.png\",\"contentUrl\":\"https:\\\/\\\/www.ariens.eu\\\/ch\\\/wp-content\\\/uploads\\\/sites\\\/11\\\/2024\\\/05\\\/998304-Ariens-Arrow-E-48R-FL34-2560x1853-8f91da2.png\",\"width\":2559,\"height\":1853},{\"@type\":\"BreadcrumbList\",\"@id\":\"https:\\\/\\\/www.ariens.eu\\\/ch\\\/product\\\/zero-turn-maeher\\\/arrow-e-serie\\\/arrow-e-48r\\\/#breadcrumb\",\"itemListElement\":[{\"@type\":\"ListItem\",\"position\":1,\"name\":\"Home\",\"item\":\"https:\\\/\\\/www.ariens.eu\\\/ch\\\/\"},{\"@type\":\"ListItem\",\"position\":2,\"name\":\"Shop\",\"item\":\"https:\\\/\\\/www.ariens.eu\\\/ch\\\/shop\\\/\"},{\"@type\":\"ListItem\",\"position\":3,\"name\":\"ARROW E 48R\"}]},{\"@type\":\"WebSite\",\"@id\":\"https:\\\/\\\/www.ariens.eu\\\/ch\\\/#website\",\"url\":\"https:\\\/\\\/www.ariens.eu\\\/ch\\\/\",\"name\":\"Ariens | EMEAA\",\"description\":\"Powerful and reliable zero-turn mowers &amp; snow blowers for professional users and demanding private customers\",\"potentialAction\":[{\"@type\":\"SearchAction\",\"target\":{\"@type\":\"EntryPoint\",\"urlTemplate\":\"https:\\\/\\\/www.ariens.eu\\\/ch\\\/?s={search_term_string}\"},\"query-input\":{\"@type\":\"PropertyValueSpecification\",\"valueRequired\":true,\"valueName\":\"search_term_string\"}}],\"inLanguage\":\"de\"}]}<\/script>\n<!-- \/ Yoast SEO plugin. -->","yoast_head_json":{"title":"ARROW E 48R - Batteriebetriebener Stand-on-Nullwendekreism\u00e4her | Ariens","description":"Ganzt\u00e4gige Akkuleistung bei einem vollwertigen Ariens-Aufsitzm\u00e4her. Der ARROW E 48R setzt den Standard bei elektrischen, gewerblichen Aufsitzm\u00e4hern.","robots":{"index":"index","follow":"follow","max-snippet":"max-snippet:-1","max-image-preview":"max-image-preview:large","max-video-preview":"max-video-preview:-1"},"canonical":"https:\/\/www.ariens.eu\/ch\/product\/zero-turn-maeher\/arrow-e-serie\/arrow-e-48r\/","og_locale":"de_DE","og_type":"article","og_title":"ARROW E 48R - Batteriebetriebener Stand-on-Nullwendekreism\u00e4her | Ariens","og_description":"Ganzt\u00e4gige Akkuleistung bei einem vollwertigen Ariens-Aufsitzm\u00e4her. Der ARROW E 48R setzt den Standard bei elektrischen, gewerblichen Aufsitzm\u00e4hern.","og_url":"https:\/\/www.ariens.eu\/ch\/product\/zero-turn-maeher\/arrow-e-serie\/arrow-e-48r\/","og_site_name":"Ariens | EMEAA","article_modified_time":"2025-11-10T10:49:11+00:00","og_image":[{"width":2559,"height":1853,"url":"https:\/\/www.ariens.eu\/ch\/wp-content\/uploads\/sites\/11\/2024\/05\/998304-Ariens-Arrow-E-48R-FL34-2560x1853-8f91da2.png","type":"image\/png"}],"twitter_card":"summary_large_image","twitter_misc":{"Gesch\u00e4tzte Lesezeit":"3\u00a0Minuten"},"schema":{"@context":"https:\/\/schema.org","@graph":[{"@type":"WebPage","@id":"https:\/\/www.ariens.eu\/ch\/product\/zero-turn-maeher\/arrow-e-serie\/arrow-e-48r\/","url":"https:\/\/www.ariens.eu\/ch\/product\/zero-turn-maeher\/arrow-e-serie\/arrow-e-48r\/","name":"ARROW E 48R - Batteriebetriebener Stand-on-Nullwendekreism\u00e4her | Ariens","isPartOf":{"@id":"https:\/\/www.ariens.eu\/ch\/#website"},"primaryImageOfPage":{"@id":"https:\/\/www.ariens.eu\/ch\/product\/zero-turn-maeher\/arrow-e-serie\/arrow-e-48r\/#primaryimage"},"image":{"@id":"https:\/\/www.ariens.eu\/ch\/product\/zero-turn-maeher\/arrow-e-serie\/arrow-e-48r\/#primaryimage"},"thumbnailUrl":"https:\/\/www.ariens.eu\/ch\/wp-content\/uploads\/sites\/11\/2024\/05\/998304-Ariens-Arrow-E-48R-FL34-2560x1853-8f91da2.png","datePublished":"2024-05-14T11:45:56+00:00","dateModified":"2025-11-10T10:49:11+00:00","description":"Ganzt\u00e4gige Akkuleistung bei einem vollwertigen Ariens-Aufsitzm\u00e4her. Der ARROW E 48R setzt den Standard bei elektrischen, gewerblichen Aufsitzm\u00e4hern.","breadcrumb":{"@id":"https:\/\/www.ariens.eu\/ch\/product\/zero-turn-maeher\/arrow-e-serie\/arrow-e-48r\/#breadcrumb"},"inLanguage":"de","potentialAction":[{"@type":"ReadAction","target":["https:\/\/www.ariens.eu\/ch\/product\/zero-turn-maeher\/arrow-e-serie\/arrow-e-48r\/"]}]},{"@type":"ImageObject","inLanguage":"de","@id":"https:\/\/www.ariens.eu\/ch\/product\/zero-turn-maeher\/arrow-e-serie\/arrow-e-48r\/#primaryimage","url":"https:\/\/www.ariens.eu\/ch\/wp-content\/uploads\/sites\/11\/2024\/05\/998304-Ariens-Arrow-E-48R-FL34-2560x1853-8f91da2.png","contentUrl":"https:\/\/www.ariens.eu\/ch\/wp-content\/uploads\/sites\/11\/2024\/05\/998304-Ariens-Arrow-E-48R-FL34-2560x1853-8f91da2.png","width":2559,"height":1853},{"@type":"BreadcrumbList","@id":"https:\/\/www.ariens.eu\/ch\/product\/zero-turn-maeher\/arrow-e-serie\/arrow-e-48r\/#breadcrumb","itemListElement":[{"@type":"ListItem","position":1,"name":"Home","item":"https:\/\/www.ariens.eu\/ch\/"},{"@type":"ListItem","position":2,"name":"Shop","item":"https:\/\/www.ariens.eu\/ch\/shop\/"},{"@type":"ListItem","position":3,"name":"ARROW E 48R"}]},{"@type":"WebSite","@id":"https:\/\/www.ariens.eu\/ch\/#website","url":"https:\/\/www.ariens.eu\/ch\/","name":"Ariens | EMEAA","description":"Powerful and reliable zero-turn mowers &amp; snow blowers for professional users and demanding private customers","potentialAction":[{"@type":"SearchAction","target":{"@type":"EntryPoint","urlTemplate":"https:\/\/www.ariens.eu\/ch\/?s={search_term_string}"},"query-input":{"@type":"PropertyValueSpecification","valueRequired":true,"valueName":"search_term_string"}}],"inLanguage":"de"}]}},"_links":{"self":[{"href":"https:\/\/www.ariens.eu\/ch\/wp-json\/wp\/v2\/product\/2539","targetHints":{"allow":["GET"]}}],"collection":[{"href":"https:\/\/www.ariens.eu\/ch\/wp-json\/wp\/v2\/product"}],"about":[{"href":"https:\/\/www.ariens.eu\/ch\/wp-json\/wp\/v2\/types\/product"}],"replies":[{"embeddable":true,"href":"https:\/\/www.ariens.eu\/ch\/wp-json\/wp\/v2\/comments?post=2539"}],"wp:featuredmedia":[{"embeddable":true,"href":"https:\/\/www.ariens.eu\/ch\/wp-json\/wp\/v2\/media\/2211"}],"wp:attachment":[{"href":"https:\/\/www.ariens.eu\/ch\/wp-json\/wp\/v2\/media?parent=2539"}],"wp:term":[{"taxonomy":"product_brand","embeddable":true,"href":"https:\/\/www.ariens.eu\/ch\/wp-json\/wp\/v2\/product_brand?post=2539"},{"taxonomy":"product_cat","embeddable":true,"href":"https:\/\/www.ariens.eu\/ch\/wp-json\/wp\/v2\/product_cat?post=2539"},{"taxonomy":"product_tag","embeddable":true,"href":"https:\/\/www.ariens.eu\/ch\/wp-json\/wp\/v2\/product_tag?post=2539"}],"curies":[{"name":"wp","href":"https:\/\/api.w.org\/{rel}","templated":true}]}}