{"id":18,"date":"2024-03-22T14:08:22","date_gmt":"2024-03-22T14:08:22","guid":{"rendered":"https:\/\/www.ariens.eu\/?page_id=18"},"modified":"2026-02-16T08:34:25","modified_gmt":"2026-02-16T08:34:25","slug":"home","status":"publish","type":"page","link":"https:\/\/www.ariens.eu\/de\/","title":{"rendered":"Home"},"content":{"rendered":"","protected":false},"excerpt":{"rendered":"","protected":false},"author":3,"featured_media":5171,"parent":0,"menu_order":0,"comment_status":"closed","ping_status":"closed","template":"","meta":{"_acf_changed":false,"_relevanssi_hide_post":"","_relevanssi_hide_content":"","_relevanssi_pin_for_all":"","_relevanssi_pin_keywords":"","_relevanssi_unpin_keywords":"","_relevanssi_related_keywords":"","_relevanssi_related_include_ids":"","_relevanssi_related_exclude_ids":"","_relevanssi_related_no_append":"","_relevanssi_related_not_related":"","_relevanssi_related_posts":"","_relevanssi_noindex_reason":"","footnotes":""},"acf":[],"yoast_head":"<!-- This site is optimized with the Yoast SEO plugin v23.0 - https:\/\/yoast.com\/wordpress\/plugins\/seo\/ -->\n<title>Ariens Europe | Zero-Turn M\u00e4her und Schneefr\u00e4sen f\u00fcr jede Jahreszeit<\/title>\n<meta name=\"description\" content=\"Entdecken Sie die Zero-Turn M\u00e4her von Ariens und die Schneefr\u00e4sen von King of Snow\u00ae. Entwickelt f\u00fcr Geschwindigkeit, Zuverl\u00e4ssigkeit und ganzj\u00e4hrige Leistungsf\u00e4higkeit. Vereinbaren Sie noch heute eine Vorf\u00fchrung oder finden Sie einen H\u00e4ndler in Ihrer N\u00e4he.\" \/>\n<meta name=\"robots\" content=\"index, follow, max-snippet:-1, max-image-preview:large, max-video-preview:-1\" \/>\n<link rel=\"canonical\" href=\"https:\/\/www.ariens.eu\/de\/\" \/>\n<meta property=\"og:locale\" content=\"de_DE\" \/>\n<meta property=\"og:type\" content=\"article\" \/>\n<meta property=\"og:title\" content=\"Ariens Europe | Zero-Turn M\u00e4her und Schneefr\u00e4sen f\u00fcr jede Jahreszeit\" \/>\n<meta property=\"og:description\" content=\"Entdecken Sie die Zero-Turn M\u00e4her von Ariens und die Schneefr\u00e4sen von King of Snow\u00ae. Entwickelt f\u00fcr Geschwindigkeit, Zuverl\u00e4ssigkeit und ganzj\u00e4hrige Leistungsf\u00e4higkeit. Vereinbaren Sie noch heute eine Vorf\u00fchrung oder finden Sie einen H\u00e4ndler in Ihrer N\u00e4he.\" \/>\n<meta property=\"og:url\" content=\"https:\/\/www.ariens.eu\/de\/\" \/>\n<meta property=\"og:site_name\" content=\"Ariens | EMEAA\" \/>\n<meta property=\"article:modified_time\" content=\"2026-02-16T08:34:25+00:00\" \/>\n<meta property=\"og:image\" content=\"https:\/\/www.ariens.eu\/de\/wp-content\/uploads\/sites\/3\/2024\/05\/Facivon_Ariens-logo.png\" \/>\n\t<meta property=\"og:image:width\" content=\"300\" \/>\n\t<meta property=\"og:image:height\" content=\"300\" \/>\n\t<meta property=\"og:image:type\" content=\"image\/png\" \/>\n<meta name=\"twitter:card\" content=\"summary_large_image\" \/>\n<meta name=\"twitter:title\" content=\"Ariens Europe | Zero-Turn M\u00e4her und Schneefr\u00e4sen f\u00fcr jede Jahreszeit\" \/>\n<meta name=\"twitter:description\" content=\"Entdecken Sie die Zero-Turn M\u00e4her von Ariens und die Schneefr\u00e4sen von King of Snow\u00ae. Entwickelt f\u00fcr Geschwindigkeit, Zuverl\u00e4ssigkeit und ganzj\u00e4hrige Leistungsf\u00e4higkeit. Vereinbaren Sie noch heute eine Vorf\u00fchrung oder finden Sie einen H\u00e4ndler in Ihrer N\u00e4he.\" \/>\n<meta name=\"twitter:label1\" content=\"Gesch\u00e4tzte Lesezeit\" \/>\n\t<meta name=\"twitter:data1\" content=\"1\u00a0Minute\" \/>\n<script type=\"application\/ld+json\" class=\"yoast-schema-graph\">{\"@context\":\"https:\/\/schema.org\",\"@graph\":[{\"@type\":\"WebPage\",\"@id\":\"https:\/\/www.ariens.eu\/de\/\",\"url\":\"https:\/\/www.ariens.eu\/de\/\",\"name\":\"Ariens Europe | Zero-Turn M\u00e4her und Schneefr\u00e4sen f\u00fcr jede Jahreszeit\",\"isPartOf\":{\"@id\":\"https:\/\/www.ariens.eu\/de\/#website\"},\"primaryImageOfPage\":{\"@id\":\"https:\/\/www.ariens.eu\/de\/#primaryimage\"},\"image\":{\"@id\":\"https:\/\/www.ariens.eu\/de\/#primaryimage\"},\"thumbnailUrl\":\"https:\/\/www.ariens.eu\/de\/wp-content\/uploads\/sites\/3\/2025\/09\/og-image-ariens-brand.jpg\",\"datePublished\":\"2024-03-22T14:08:22+00:00\",\"dateModified\":\"2026-02-16T08:34:25+00:00\",\"description\":\"Entdecken Sie die Zero-Turn M\u00e4her von Ariens und die Schneefr\u00e4sen von King of Snow\u00ae. Entwickelt f\u00fcr Geschwindigkeit, Zuverl\u00e4ssigkeit und ganzj\u00e4hrige Leistungsf\u00e4higkeit. Vereinbaren Sie noch heute eine Vorf\u00fchrung oder finden Sie einen H\u00e4ndler in Ihrer N\u00e4he.\",\"breadcrumb\":{\"@id\":\"https:\/\/www.ariens.eu\/de\/#breadcrumb\"},\"inLanguage\":\"de\",\"potentialAction\":[{\"@type\":\"ReadAction\",\"target\":[\"https:\/\/www.ariens.eu\/de\/\"]}]},{\"@type\":\"ImageObject\",\"inLanguage\":\"de\",\"@id\":\"https:\/\/www.ariens.eu\/de\/#primaryimage\",\"url\":\"https:\/\/www.ariens.eu\/de\/wp-content\/uploads\/sites\/3\/2025\/09\/og-image-ariens-brand.jpg\",\"contentUrl\":\"https:\/\/www.ariens.eu\/de\/wp-content\/uploads\/sites\/3\/2025\/09\/og-image-ariens-brand.jpg\",\"width\":1200,\"height\":630,\"caption\":\"Ariens outdoor power equipment\"},{\"@type\":\"BreadcrumbList\",\"@id\":\"https:\/\/www.ariens.eu\/de\/#breadcrumb\",\"itemListElement\":[{\"@type\":\"ListItem\",\"position\":1,\"name\":\"Home\",\"item\":\"https:\/\/www.ariens.eu\/de\/\"},{\"@type\":\"ListItem\",\"position\":2,\"name\":\"Home\"}]},{\"@type\":\"WebSite\",\"@id\":\"https:\/\/www.ariens.eu\/de\/#website\",\"url\":\"https:\/\/www.ariens.eu\/de\/\",\"name\":\"Ariens | EMEAA\",\"description\":\"Powerful and reliable zero-turn mowers &amp; snow blowers for professional users and demanding private customers\",\"potentialAction\":[{\"@type\":\"SearchAction\",\"target\":{\"@type\":\"EntryPoint\",\"urlTemplate\":\"https:\/\/www.ariens.eu\/de\/?s={search_term_string}\"},\"query-input\":\"required name=search_term_string\"}],\"inLanguage\":\"de\"}]}<\/script>\n<!-- \/ Yoast SEO plugin. -->","yoast_head_json":{"title":"Ariens Europe | Zero-Turn M\u00e4her und Schneefr\u00e4sen f\u00fcr jede Jahreszeit","description":"Entdecken Sie die Zero-Turn M\u00e4her von Ariens und die Schneefr\u00e4sen von King of Snow\u00ae. Entwickelt f\u00fcr Geschwindigkeit, Zuverl\u00e4ssigkeit und ganzj\u00e4hrige Leistungsf\u00e4higkeit. Vereinbaren Sie noch heute eine Vorf\u00fchrung oder finden Sie einen H\u00e4ndler in Ihrer N\u00e4he.","robots":{"index":"index","follow":"follow","max-snippet":"max-snippet:-1","max-image-preview":"max-image-preview:large","max-video-preview":"max-video-preview:-1"},"canonical":"https:\/\/www.ariens.eu\/de\/","og_locale":"de_DE","og_type":"article","og_title":"Ariens Europe | Zero-Turn M\u00e4her und Schneefr\u00e4sen f\u00fcr jede Jahreszeit","og_description":"Entdecken Sie die Zero-Turn M\u00e4her von Ariens und die Schneefr\u00e4sen von King of Snow\u00ae. Entwickelt f\u00fcr Geschwindigkeit, Zuverl\u00e4ssigkeit und ganzj\u00e4hrige Leistungsf\u00e4higkeit. Vereinbaren Sie noch heute eine Vorf\u00fchrung oder finden Sie einen H\u00e4ndler in Ihrer N\u00e4he.","og_url":"https:\/\/www.ariens.eu\/de\/","og_site_name":"Ariens | EMEAA","article_modified_time":"2026-02-16T08:34:25+00:00","og_image":[{"width":300,"height":300,"url":"https:\/\/www.ariens.eu\/de\/wp-content\/uploads\/sites\/3\/2024\/05\/Facivon_Ariens-logo.png","type":"image\/png"}],"twitter_card":"summary_large_image","twitter_title":"Ariens Europe | Zero-Turn M\u00e4her und Schneefr\u00e4sen f\u00fcr jede Jahreszeit","twitter_description":"Entdecken Sie die Zero-Turn M\u00e4her von Ariens und die Schneefr\u00e4sen von King of Snow\u00ae. Entwickelt f\u00fcr Geschwindigkeit, Zuverl\u00e4ssigkeit und ganzj\u00e4hrige Leistungsf\u00e4higkeit. Vereinbaren Sie noch heute eine Vorf\u00fchrung oder finden Sie einen H\u00e4ndler in Ihrer N\u00e4he.","twitter_misc":{"Gesch\u00e4tzte Lesezeit":"1\u00a0Minute"},"schema":{"@context":"https:\/\/schema.org","@graph":[{"@type":"WebPage","@id":"https:\/\/www.ariens.eu\/de\/","url":"https:\/\/www.ariens.eu\/de\/","name":"Ariens Europe | Zero-Turn M\u00e4her und Schneefr\u00e4sen f\u00fcr jede Jahreszeit","isPartOf":{"@id":"https:\/\/www.ariens.eu\/de\/#website"},"primaryImageOfPage":{"@id":"https:\/\/www.ariens.eu\/de\/#primaryimage"},"image":{"@id":"https:\/\/www.ariens.eu\/de\/#primaryimage"},"thumbnailUrl":"https:\/\/www.ariens.eu\/de\/wp-content\/uploads\/sites\/3\/2025\/09\/og-image-ariens-brand.jpg","datePublished":"2024-03-22T14:08:22+00:00","dateModified":"2026-02-16T08:34:25+00:00","description":"Entdecken Sie die Zero-Turn M\u00e4her von Ariens und die Schneefr\u00e4sen von King of Snow\u00ae. Entwickelt f\u00fcr Geschwindigkeit, Zuverl\u00e4ssigkeit und ganzj\u00e4hrige Leistungsf\u00e4higkeit. Vereinbaren Sie noch heute eine Vorf\u00fchrung oder finden Sie einen H\u00e4ndler in Ihrer N\u00e4he.","breadcrumb":{"@id":"https:\/\/www.ariens.eu\/de\/#breadcrumb"},"inLanguage":"de","potentialAction":[{"@type":"ReadAction","target":["https:\/\/www.ariens.eu\/de\/"]}]},{"@type":"ImageObject","inLanguage":"de","@id":"https:\/\/www.ariens.eu\/de\/#primaryimage","url":"https:\/\/www.ariens.eu\/de\/wp-content\/uploads\/sites\/3\/2025\/09\/og-image-ariens-brand.jpg","contentUrl":"https:\/\/www.ariens.eu\/de\/wp-content\/uploads\/sites\/3\/2025\/09\/og-image-ariens-brand.jpg","width":1200,"height":630,"caption":"Ariens outdoor power equipment"},{"@type":"BreadcrumbList","@id":"https:\/\/www.ariens.eu\/de\/#breadcrumb","itemListElement":[{"@type":"ListItem","position":1,"name":"Home","item":"https:\/\/www.ariens.eu\/de\/"},{"@type":"ListItem","position":2,"name":"Home"}]},{"@type":"WebSite","@id":"https:\/\/www.ariens.eu\/de\/#website","url":"https:\/\/www.ariens.eu\/de\/","name":"Ariens | EMEAA","description":"Powerful and reliable zero-turn mowers &amp; snow blowers for professional users and demanding private customers","potentialAction":[{"@type":"SearchAction","target":{"@type":"EntryPoint","urlTemplate":"https:\/\/www.ariens.eu\/de\/?s={search_term_string}"},"query-input":"required name=search_term_string"}],"inLanguage":"de"}]}},"_links":{"self":[{"href":"https:\/\/www.ariens.eu\/de\/wp-json\/wp\/v2\/pages\/18"}],"collection":[{"href":"https:\/\/www.ariens.eu\/de\/wp-json\/wp\/v2\/pages"}],"about":[{"href":"https:\/\/www.ariens.eu\/de\/wp-json\/wp\/v2\/types\/page"}],"author":[{"embeddable":true,"href":"https:\/\/www.ariens.eu\/de\/wp-json\/wp\/v2\/users\/3"}],"replies":[{"embeddable":true,"href":"https:\/\/www.ariens.eu\/de\/wp-json\/wp\/v2\/comments?post=18"}],"version-history":[{"count":8,"href":"https:\/\/www.ariens.eu\/de\/wp-json\/wp\/v2\/pages\/18\/revisions"}],"predecessor-version":[{"id":5488,"href":"https:\/\/www.ariens.eu\/de\/wp-json\/wp\/v2\/pages\/18\/revisions\/5488"}],"wp:featuredmedia":[{"embeddable":true,"href":"https:\/\/www.ariens.eu\/de\/wp-json\/wp\/v2\/media\/5171"}],"wp:attachment":[{"href":"https:\/\/www.ariens.eu\/de\/wp-json\/wp\/v2\/media?parent=18"}],"curies":[{"name":"wp","href":"https:\/\/api.w.org\/{rel}","templated":true}]}}