{"id":2994,"date":"2024-05-28T16:05:23","date_gmt":"2024-05-28T15:05:23","guid":{"rendered":"https:\/\/www.ariens.eu\/?page_id=2994"},"modified":"2025-11-12T08:48:46","modified_gmt":"2025-11-12T08:48:46","slug":"haendlersuche","status":"publish","type":"page","link":"https:\/\/www.ariens.eu\/de\/haendlersuche\/","title":{"rendered":"H\u00e4ndlersuche"},"content":{"rendered":"","protected":false},"excerpt":{"rendered":"","protected":false},"author":3,"featured_media":5383,"parent":0,"menu_order":0,"comment_status":"closed","ping_status":"closed","template":"","meta":{"_acf_changed":false,"_relevanssi_hide_post":"","_relevanssi_hide_content":"","_relevanssi_pin_for_all":"","_relevanssi_pin_keywords":"","_relevanssi_unpin_keywords":"","_relevanssi_related_keywords":"","_relevanssi_related_include_ids":"","_relevanssi_related_exclude_ids":"","_relevanssi_related_no_append":"","_relevanssi_related_not_related":"","_relevanssi_related_posts":"","_relevanssi_noindex_reason":"","footnotes":""},"class_list":["post-2994","page","type-page","status-publish","has-post-thumbnail","hentry"],"acf":[],"yoast_head":"<!-- This site is optimized with the Yoast SEO plugin v27.3 - https:\/\/yoast.com\/product\/yoast-seo-wordpress\/ -->\n<title>Ariens-H\u00e4ndler finden | Lokale Produktberatung und Support<\/title>\n<meta name=\"description\" content=\"Finden Sie Ihren n\u00e4chstgelegenen Ariens-H\u00e4ndler f\u00fcr Produktvorf\u00fchrungen, fachkundige Beratung, Garantieleistungen und Wartungsarbeiten. Autorisierte Partner in ganz Europa und dar\u00fcber hinaus.\" \/>\n<meta name=\"robots\" content=\"index, follow, max-snippet:-1, max-image-preview:large, max-video-preview:-1\" \/>\n<link rel=\"canonical\" href=\"https:\/\/www.ariens.eu\/de\/haendlersuche\/\" \/>\n<meta property=\"og:locale\" content=\"de_DE\" \/>\n<meta property=\"og:type\" content=\"article\" \/>\n<meta property=\"og:title\" content=\"Ariens-H\u00e4ndler finden | Lokale Produktberatung und Support\" \/>\n<meta property=\"og:description\" content=\"Finden Sie Ihren n\u00e4chstgelegenen Ariens-H\u00e4ndler f\u00fcr Produktvorf\u00fchrungen, fachkundige Beratung, Garantieleistungen und Wartungsarbeiten. Autorisierte Partner in ganz Europa und dar\u00fcber hinaus.\" \/>\n<meta property=\"og:url\" content=\"https:\/\/www.ariens.eu\/de\/haendlersuche\/\" \/>\n<meta property=\"og:site_name\" content=\"Ariens | EMEAA\" \/>\n<meta property=\"article:modified_time\" content=\"2025-11-12T08:48:46+00:00\" \/>\n<meta property=\"og:image\" content=\"https:\/\/www.ariens.eu\/de\/wp-content\/uploads\/sites\/3\/2025\/11\/og-image-4.jpg\" \/>\n\t<meta property=\"og:image:width\" content=\"1200\" \/>\n\t<meta property=\"og:image:height\" content=\"630\" \/>\n\t<meta property=\"og:image:type\" content=\"image\/jpeg\" \/>\n<meta name=\"twitter:card\" content=\"summary_large_image\" \/>\n<meta name=\"twitter:label1\" content=\"Gesch\u00e4tzte Lesezeit\" \/>\n\t<meta name=\"twitter:data1\" content=\"1\u00a0Minute\" \/>\n<script type=\"application\/ld+json\" class=\"yoast-schema-graph\">{\"@context\":\"https:\\\/\\\/schema.org\",\"@graph\":[{\"@type\":\"WebPage\",\"@id\":\"https:\\\/\\\/www.ariens.eu\\\/de\\\/haendlersuche\\\/\",\"url\":\"https:\\\/\\\/www.ariens.eu\\\/de\\\/haendlersuche\\\/\",\"name\":\"Ariens-H\u00e4ndler finden | Lokale Produktberatung und Support\",\"isPartOf\":{\"@id\":\"https:\\\/\\\/www.ariens.eu\\\/de\\\/#website\"},\"primaryImageOfPage\":{\"@id\":\"https:\\\/\\\/www.ariens.eu\\\/de\\\/haendlersuche\\\/#primaryimage\"},\"image\":{\"@id\":\"https:\\\/\\\/www.ariens.eu\\\/de\\\/haendlersuche\\\/#primaryimage\"},\"thumbnailUrl\":\"https:\\\/\\\/www.ariens.eu\\\/de\\\/wp-content\\\/uploads\\\/sites\\\/3\\\/2025\\\/11\\\/og-image-4.jpg\",\"datePublished\":\"2024-05-28T15:05:23+00:00\",\"dateModified\":\"2025-11-12T08:48:46+00:00\",\"description\":\"Finden Sie Ihren n\u00e4chstgelegenen Ariens-H\u00e4ndler f\u00fcr Produktvorf\u00fchrungen, fachkundige Beratung, Garantieleistungen und Wartungsarbeiten. Autorisierte Partner in ganz Europa und dar\u00fcber hinaus.\",\"breadcrumb\":{\"@id\":\"https:\\\/\\\/www.ariens.eu\\\/de\\\/haendlersuche\\\/#breadcrumb\"},\"inLanguage\":\"de\",\"potentialAction\":[{\"@type\":\"ReadAction\",\"target\":[\"https:\\\/\\\/www.ariens.eu\\\/de\\\/haendlersuche\\\/\"]}]},{\"@type\":\"ImageObject\",\"inLanguage\":\"de\",\"@id\":\"https:\\\/\\\/www.ariens.eu\\\/de\\\/haendlersuche\\\/#primaryimage\",\"url\":\"https:\\\/\\\/www.ariens.eu\\\/de\\\/wp-content\\\/uploads\\\/sites\\\/3\\\/2025\\\/11\\\/og-image-4.jpg\",\"contentUrl\":\"https:\\\/\\\/www.ariens.eu\\\/de\\\/wp-content\\\/uploads\\\/sites\\\/3\\\/2025\\\/11\\\/og-image-4.jpg\",\"width\":1200,\"height\":630},{\"@type\":\"BreadcrumbList\",\"@id\":\"https:\\\/\\\/www.ariens.eu\\\/de\\\/haendlersuche\\\/#breadcrumb\",\"itemListElement\":[{\"@type\":\"ListItem\",\"position\":1,\"name\":\"Home\",\"item\":\"https:\\\/\\\/www.ariens.eu\\\/de\\\/\"},{\"@type\":\"ListItem\",\"position\":2,\"name\":\"H\u00e4ndlersuche\"}]},{\"@type\":\"WebSite\",\"@id\":\"https:\\\/\\\/www.ariens.eu\\\/de\\\/#website\",\"url\":\"https:\\\/\\\/www.ariens.eu\\\/de\\\/\",\"name\":\"Ariens | EMEAA\",\"description\":\"Powerful and reliable zero-turn mowers &amp; snow blowers for professional users and demanding private customers\",\"potentialAction\":[{\"@type\":\"SearchAction\",\"target\":{\"@type\":\"EntryPoint\",\"urlTemplate\":\"https:\\\/\\\/www.ariens.eu\\\/de\\\/?s={search_term_string}\"},\"query-input\":{\"@type\":\"PropertyValueSpecification\",\"valueRequired\":true,\"valueName\":\"search_term_string\"}}],\"inLanguage\":\"de\"}]}<\/script>\n<!-- \/ Yoast SEO plugin. -->","yoast_head_json":{"title":"Ariens-H\u00e4ndler finden | Lokale Produktberatung und Support","description":"Finden Sie Ihren n\u00e4chstgelegenen Ariens-H\u00e4ndler f\u00fcr Produktvorf\u00fchrungen, fachkundige Beratung, Garantieleistungen und Wartungsarbeiten. Autorisierte Partner in ganz Europa und dar\u00fcber hinaus.","robots":{"index":"index","follow":"follow","max-snippet":"max-snippet:-1","max-image-preview":"max-image-preview:large","max-video-preview":"max-video-preview:-1"},"canonical":"https:\/\/www.ariens.eu\/de\/haendlersuche\/","og_locale":"de_DE","og_type":"article","og_title":"Ariens-H\u00e4ndler finden | Lokale Produktberatung und Support","og_description":"Finden Sie Ihren n\u00e4chstgelegenen Ariens-H\u00e4ndler f\u00fcr Produktvorf\u00fchrungen, fachkundige Beratung, Garantieleistungen und Wartungsarbeiten. Autorisierte Partner in ganz Europa und dar\u00fcber hinaus.","og_url":"https:\/\/www.ariens.eu\/de\/haendlersuche\/","og_site_name":"Ariens | EMEAA","article_modified_time":"2025-11-12T08:48:46+00:00","og_image":[{"width":1200,"height":630,"url":"https:\/\/www.ariens.eu\/de\/wp-content\/uploads\/sites\/3\/2025\/11\/og-image-4.jpg","type":"image\/jpeg"}],"twitter_card":"summary_large_image","twitter_misc":{"Gesch\u00e4tzte Lesezeit":"1\u00a0Minute"},"schema":{"@context":"https:\/\/schema.org","@graph":[{"@type":"WebPage","@id":"https:\/\/www.ariens.eu\/de\/haendlersuche\/","url":"https:\/\/www.ariens.eu\/de\/haendlersuche\/","name":"Ariens-H\u00e4ndler finden | Lokale Produktberatung und Support","isPartOf":{"@id":"https:\/\/www.ariens.eu\/de\/#website"},"primaryImageOfPage":{"@id":"https:\/\/www.ariens.eu\/de\/haendlersuche\/#primaryimage"},"image":{"@id":"https:\/\/www.ariens.eu\/de\/haendlersuche\/#primaryimage"},"thumbnailUrl":"https:\/\/www.ariens.eu\/de\/wp-content\/uploads\/sites\/3\/2025\/11\/og-image-4.jpg","datePublished":"2024-05-28T15:05:23+00:00","dateModified":"2025-11-12T08:48:46+00:00","description":"Finden Sie Ihren n\u00e4chstgelegenen Ariens-H\u00e4ndler f\u00fcr Produktvorf\u00fchrungen, fachkundige Beratung, Garantieleistungen und Wartungsarbeiten. Autorisierte Partner in ganz Europa und dar\u00fcber hinaus.","breadcrumb":{"@id":"https:\/\/www.ariens.eu\/de\/haendlersuche\/#breadcrumb"},"inLanguage":"de","potentialAction":[{"@type":"ReadAction","target":["https:\/\/www.ariens.eu\/de\/haendlersuche\/"]}]},{"@type":"ImageObject","inLanguage":"de","@id":"https:\/\/www.ariens.eu\/de\/haendlersuche\/#primaryimage","url":"https:\/\/www.ariens.eu\/de\/wp-content\/uploads\/sites\/3\/2025\/11\/og-image-4.jpg","contentUrl":"https:\/\/www.ariens.eu\/de\/wp-content\/uploads\/sites\/3\/2025\/11\/og-image-4.jpg","width":1200,"height":630},{"@type":"BreadcrumbList","@id":"https:\/\/www.ariens.eu\/de\/haendlersuche\/#breadcrumb","itemListElement":[{"@type":"ListItem","position":1,"name":"Home","item":"https:\/\/www.ariens.eu\/de\/"},{"@type":"ListItem","position":2,"name":"H\u00e4ndlersuche"}]},{"@type":"WebSite","@id":"https:\/\/www.ariens.eu\/de\/#website","url":"https:\/\/www.ariens.eu\/de\/","name":"Ariens | EMEAA","description":"Powerful and reliable zero-turn mowers &amp; snow blowers for professional users and demanding private customers","potentialAction":[{"@type":"SearchAction","target":{"@type":"EntryPoint","urlTemplate":"https:\/\/www.ariens.eu\/de\/?s={search_term_string}"},"query-input":{"@type":"PropertyValueSpecification","valueRequired":true,"valueName":"search_term_string"}}],"inLanguage":"de"}]}},"_links":{"self":[{"href":"https:\/\/www.ariens.eu\/de\/wp-json\/wp\/v2\/pages\/2994","targetHints":{"allow":["GET"]}}],"collection":[{"href":"https:\/\/www.ariens.eu\/de\/wp-json\/wp\/v2\/pages"}],"about":[{"href":"https:\/\/www.ariens.eu\/de\/wp-json\/wp\/v2\/types\/page"}],"author":[{"embeddable":true,"href":"https:\/\/www.ariens.eu\/de\/wp-json\/wp\/v2\/users\/3"}],"replies":[{"embeddable":true,"href":"https:\/\/www.ariens.eu\/de\/wp-json\/wp\/v2\/comments?post=2994"}],"version-history":[{"count":2,"href":"https:\/\/www.ariens.eu\/de\/wp-json\/wp\/v2\/pages\/2994\/revisions"}],"predecessor-version":[{"id":5385,"href":"https:\/\/www.ariens.eu\/de\/wp-json\/wp\/v2\/pages\/2994\/revisions\/5385"}],"wp:featuredmedia":[{"embeddable":true,"href":"https:\/\/www.ariens.eu\/de\/wp-json\/wp\/v2\/media\/5383"}],"wp:attachment":[{"href":"https:\/\/www.ariens.eu\/de\/wp-json\/wp\/v2\/media?parent=2994"}],"curies":[{"name":"wp","href":"https:\/\/api.w.org\/{rel}","templated":true}]}}