{"id":5287,"date":"2025-11-12T07:47:40","date_gmt":"2025-11-12T07:47:40","guid":{"rendered":"https:\/\/www.ariens.eu\/de\/?page_id=5287"},"modified":"2025-11-12T07:47:40","modified_gmt":"2025-11-12T07:47:40","slug":"unsere-schwestermarke-as-motor","status":"publish","type":"page","link":"https:\/\/www.ariens.eu\/de\/unternehmen\/unsere-schwestermarke-as-motor\/","title":{"rendered":"Unsere Schwestermarke: AS-Motor"},"content":{"rendered":"","protected":false},"excerpt":{"rendered":"","protected":false},"author":10,"featured_media":5293,"parent":2051,"menu_order":0,"comment_status":"closed","ping_status":"closed","template":"","meta":{"_acf_changed":false,"_relevanssi_hide_post":"","_relevanssi_hide_content":"","_relevanssi_pin_for_all":"","_relevanssi_pin_keywords":"","_relevanssi_unpin_keywords":"","_relevanssi_related_keywords":"","_relevanssi_related_include_ids":"","_relevanssi_related_exclude_ids":"","_relevanssi_related_no_append":"","_relevanssi_related_not_related":"","_relevanssi_related_posts":"","_relevanssi_noindex_reason":"","footnotes":""},"class_list":["post-5287","page","type-page","status-publish","has-post-thumbnail","hentry"],"acf":[],"yoast_head":"<!-- This site is optimized with the Yoast SEO plugin v27.3 - https:\/\/yoast.com\/product\/yoast-seo-wordpress\/ -->\n<title>AS-Motor: L\u00f6sungen f\u00fcr hohes Gras und schwieriges Gel\u00e4nde von AriensCo - Ariens | EMEAA<\/title>\n<meta name=\"description\" content=\"AS-Motor: L\u00f6sungen f\u00fcr hohes Gras und unwegsames Gel\u00e4nde von AriensCoaEntdecken Sie AS-Motor, Teil der AriensCo-Familie, spezialisiert auf L\u00f6sungen zum M\u00e4hen von hohem Gras und unwegsamem Gel\u00e4nde. Entdecken Sie die Modelle Sherpa, Ovis EVO RC, Yak und Allm\u00e4her f\u00fcr professionelle Ergebnisse.\" \/>\n<meta name=\"robots\" content=\"index, follow, max-snippet:-1, max-image-preview:large, max-video-preview:-1\" \/>\n<link rel=\"canonical\" href=\"https:\/\/www.ariens.eu\/de\/unternehmen\/unsere-schwestermarke-as-motor\/\" \/>\n<meta property=\"og:locale\" content=\"de_DE\" \/>\n<meta property=\"og:type\" content=\"article\" \/>\n<meta property=\"og:title\" content=\"Our Sister brand: AS-Motor\" \/>\n<meta property=\"og:description\" content=\"Discover AS-Motor, part of the AriensCo family, specializing in high grass and rugged terrain mowing solutions. Explore the Sherpa, Ovis EVO RC, Yak, and Allm\u00e4her for professional results.\" \/>\n<meta property=\"og:url\" content=\"https:\/\/www.ariens.eu\/de\/unternehmen\/unsere-schwestermarke-as-motor\/\" \/>\n<meta property=\"og:site_name\" content=\"Ariens | EMEAA\" \/>\n<meta property=\"og:image\" content=\"https:\/\/www.ariens.eu\/de\/wp-content\/uploads\/sites\/3\/2024\/05\/Facivon_Ariens-logo.png\" \/>\n\t<meta property=\"og:image:width\" content=\"300\" \/>\n\t<meta property=\"og:image:height\" content=\"300\" \/>\n\t<meta property=\"og:image:type\" content=\"image\/png\" \/>\n<meta name=\"twitter:card\" content=\"summary_large_image\" \/>\n<meta name=\"twitter:title\" content=\"Our Sister brand: AS-Motor\" \/>\n<meta name=\"twitter:description\" content=\"Discover AS-Motor, part of the AriensCo family, specializing in high grass and rugged terrain mowing solutions. Explore the Sherpa, Ovis EVO RC, Yak, and Allm\u00e4her for professional results.\" \/>\n<meta name=\"twitter:label1\" content=\"Gesch\u00e4tzte Lesezeit\" \/>\n\t<meta name=\"twitter:data1\" content=\"1\u00a0Minute\" \/>\n<script type=\"application\/ld+json\" class=\"yoast-schema-graph\">{\"@context\":\"https:\\\/\\\/schema.org\",\"@graph\":[{\"@type\":\"WebPage\",\"@id\":\"https:\\\/\\\/www.ariens.eu\\\/de\\\/unternehmen\\\/unsere-schwestermarke-as-motor\\\/\",\"url\":\"https:\\\/\\\/www.ariens.eu\\\/de\\\/unternehmen\\\/unsere-schwestermarke-as-motor\\\/\",\"name\":\"AS-Motor: L\u00f6sungen f\u00fcr hohes Gras und schwieriges Gel\u00e4nde von AriensCo - Ariens | EMEAA\",\"isPartOf\":{\"@id\":\"https:\\\/\\\/www.ariens.eu\\\/de\\\/#website\"},\"primaryImageOfPage\":{\"@id\":\"https:\\\/\\\/www.ariens.eu\\\/de\\\/unternehmen\\\/unsere-schwestermarke-as-motor\\\/#primaryimage\"},\"image\":{\"@id\":\"https:\\\/\\\/www.ariens.eu\\\/de\\\/unternehmen\\\/unsere-schwestermarke-as-motor\\\/#primaryimage\"},\"thumbnailUrl\":\"https:\\\/\\\/www.ariens.eu\\\/de\\\/wp-content\\\/uploads\\\/sites\\\/3\\\/2025\\\/11\\\/google-sear-image.jpg\",\"datePublished\":\"2025-11-12T07:47:40+00:00\",\"description\":\"AS-Motor: L\u00f6sungen f\u00fcr hohes Gras und unwegsames Gel\u00e4nde von AriensCoaEntdecken Sie AS-Motor, Teil der AriensCo-Familie, spezialisiert auf L\u00f6sungen zum M\u00e4hen von hohem Gras und unwegsamem Gel\u00e4nde. Entdecken Sie die Modelle Sherpa, Ovis EVO RC, Yak und Allm\u00e4her f\u00fcr professionelle Ergebnisse.\",\"breadcrumb\":{\"@id\":\"https:\\\/\\\/www.ariens.eu\\\/de\\\/unternehmen\\\/unsere-schwestermarke-as-motor\\\/#breadcrumb\"},\"inLanguage\":\"de\",\"potentialAction\":[{\"@type\":\"ReadAction\",\"target\":[\"https:\\\/\\\/www.ariens.eu\\\/de\\\/unternehmen\\\/unsere-schwestermarke-as-motor\\\/\"]}]},{\"@type\":\"ImageObject\",\"inLanguage\":\"de\",\"@id\":\"https:\\\/\\\/www.ariens.eu\\\/de\\\/unternehmen\\\/unsere-schwestermarke-as-motor\\\/#primaryimage\",\"url\":\"https:\\\/\\\/www.ariens.eu\\\/de\\\/wp-content\\\/uploads\\\/sites\\\/3\\\/2025\\\/11\\\/google-sear-image.jpg\",\"contentUrl\":\"https:\\\/\\\/www.ariens.eu\\\/de\\\/wp-content\\\/uploads\\\/sites\\\/3\\\/2025\\\/11\\\/google-sear-image.jpg\",\"width\":1200,\"height\":675,\"caption\":\"AS-Motor. Mowers used for high gras, steep slopes and weed removal\"},{\"@type\":\"BreadcrumbList\",\"@id\":\"https:\\\/\\\/www.ariens.eu\\\/de\\\/unternehmen\\\/unsere-schwestermarke-as-motor\\\/#breadcrumb\",\"itemListElement\":[{\"@type\":\"ListItem\",\"position\":1,\"name\":\"Home\",\"item\":\"https:\\\/\\\/www.ariens.eu\\\/de\\\/\"},{\"@type\":\"ListItem\",\"position\":2,\"name\":\"Unternehmen\",\"item\":\"https:\\\/\\\/www.ariens.eu\\\/de\\\/unternehmen\\\/\"},{\"@type\":\"ListItem\",\"position\":3,\"name\":\"Unsere Schwestermarke: AS-Motor\"}]},{\"@type\":\"WebSite\",\"@id\":\"https:\\\/\\\/www.ariens.eu\\\/de\\\/#website\",\"url\":\"https:\\\/\\\/www.ariens.eu\\\/de\\\/\",\"name\":\"Ariens | EMEAA\",\"description\":\"Powerful and reliable zero-turn mowers &amp; snow blowers for professional users and demanding private customers\",\"potentialAction\":[{\"@type\":\"SearchAction\",\"target\":{\"@type\":\"EntryPoint\",\"urlTemplate\":\"https:\\\/\\\/www.ariens.eu\\\/de\\\/?s={search_term_string}\"},\"query-input\":{\"@type\":\"PropertyValueSpecification\",\"valueRequired\":true,\"valueName\":\"search_term_string\"}}],\"inLanguage\":\"de\"}]}<\/script>\n<!-- \/ Yoast SEO plugin. -->","yoast_head_json":{"title":"AS-Motor: L\u00f6sungen f\u00fcr hohes Gras und schwieriges Gel\u00e4nde von AriensCo - Ariens | EMEAA","description":"AS-Motor: L\u00f6sungen f\u00fcr hohes Gras und unwegsames Gel\u00e4nde von AriensCoaEntdecken Sie AS-Motor, Teil der AriensCo-Familie, spezialisiert auf L\u00f6sungen zum M\u00e4hen von hohem Gras und unwegsamem Gel\u00e4nde. Entdecken Sie die Modelle Sherpa, Ovis EVO RC, Yak und Allm\u00e4her f\u00fcr professionelle Ergebnisse.","robots":{"index":"index","follow":"follow","max-snippet":"max-snippet:-1","max-image-preview":"max-image-preview:large","max-video-preview":"max-video-preview:-1"},"canonical":"https:\/\/www.ariens.eu\/de\/unternehmen\/unsere-schwestermarke-as-motor\/","og_locale":"de_DE","og_type":"article","og_title":"Our Sister brand: AS-Motor","og_description":"Discover AS-Motor, part of the AriensCo family, specializing in high grass and rugged terrain mowing solutions. Explore the Sherpa, Ovis EVO RC, Yak, and Allm\u00e4her for professional results.","og_url":"https:\/\/www.ariens.eu\/de\/unternehmen\/unsere-schwestermarke-as-motor\/","og_site_name":"Ariens | EMEAA","og_image":[{"width":300,"height":300,"url":"https:\/\/www.ariens.eu\/de\/wp-content\/uploads\/sites\/3\/2024\/05\/Facivon_Ariens-logo.png","type":"image\/png"}],"twitter_card":"summary_large_image","twitter_title":"Our Sister brand: AS-Motor","twitter_description":"Discover AS-Motor, part of the AriensCo family, specializing in high grass and rugged terrain mowing solutions. Explore the Sherpa, Ovis EVO RC, Yak, and Allm\u00e4her for professional results.","twitter_misc":{"Gesch\u00e4tzte Lesezeit":"1\u00a0Minute"},"schema":{"@context":"https:\/\/schema.org","@graph":[{"@type":"WebPage","@id":"https:\/\/www.ariens.eu\/de\/unternehmen\/unsere-schwestermarke-as-motor\/","url":"https:\/\/www.ariens.eu\/de\/unternehmen\/unsere-schwestermarke-as-motor\/","name":"AS-Motor: L\u00f6sungen f\u00fcr hohes Gras und schwieriges Gel\u00e4nde von AriensCo - Ariens | EMEAA","isPartOf":{"@id":"https:\/\/www.ariens.eu\/de\/#website"},"primaryImageOfPage":{"@id":"https:\/\/www.ariens.eu\/de\/unternehmen\/unsere-schwestermarke-as-motor\/#primaryimage"},"image":{"@id":"https:\/\/www.ariens.eu\/de\/unternehmen\/unsere-schwestermarke-as-motor\/#primaryimage"},"thumbnailUrl":"https:\/\/www.ariens.eu\/de\/wp-content\/uploads\/sites\/3\/2025\/11\/google-sear-image.jpg","datePublished":"2025-11-12T07:47:40+00:00","description":"AS-Motor: L\u00f6sungen f\u00fcr hohes Gras und unwegsames Gel\u00e4nde von AriensCoaEntdecken Sie AS-Motor, Teil der AriensCo-Familie, spezialisiert auf L\u00f6sungen zum M\u00e4hen von hohem Gras und unwegsamem Gel\u00e4nde. Entdecken Sie die Modelle Sherpa, Ovis EVO RC, Yak und Allm\u00e4her f\u00fcr professionelle Ergebnisse.","breadcrumb":{"@id":"https:\/\/www.ariens.eu\/de\/unternehmen\/unsere-schwestermarke-as-motor\/#breadcrumb"},"inLanguage":"de","potentialAction":[{"@type":"ReadAction","target":["https:\/\/www.ariens.eu\/de\/unternehmen\/unsere-schwestermarke-as-motor\/"]}]},{"@type":"ImageObject","inLanguage":"de","@id":"https:\/\/www.ariens.eu\/de\/unternehmen\/unsere-schwestermarke-as-motor\/#primaryimage","url":"https:\/\/www.ariens.eu\/de\/wp-content\/uploads\/sites\/3\/2025\/11\/google-sear-image.jpg","contentUrl":"https:\/\/www.ariens.eu\/de\/wp-content\/uploads\/sites\/3\/2025\/11\/google-sear-image.jpg","width":1200,"height":675,"caption":"AS-Motor. Mowers used for high gras, steep slopes and weed removal"},{"@type":"BreadcrumbList","@id":"https:\/\/www.ariens.eu\/de\/unternehmen\/unsere-schwestermarke-as-motor\/#breadcrumb","itemListElement":[{"@type":"ListItem","position":1,"name":"Home","item":"https:\/\/www.ariens.eu\/de\/"},{"@type":"ListItem","position":2,"name":"Unternehmen","item":"https:\/\/www.ariens.eu\/de\/unternehmen\/"},{"@type":"ListItem","position":3,"name":"Unsere Schwestermarke: AS-Motor"}]},{"@type":"WebSite","@id":"https:\/\/www.ariens.eu\/de\/#website","url":"https:\/\/www.ariens.eu\/de\/","name":"Ariens | EMEAA","description":"Powerful and reliable zero-turn mowers &amp; snow blowers for professional users and demanding private customers","potentialAction":[{"@type":"SearchAction","target":{"@type":"EntryPoint","urlTemplate":"https:\/\/www.ariens.eu\/de\/?s={search_term_string}"},"query-input":{"@type":"PropertyValueSpecification","valueRequired":true,"valueName":"search_term_string"}}],"inLanguage":"de"}]}},"_links":{"self":[{"href":"https:\/\/www.ariens.eu\/de\/wp-json\/wp\/v2\/pages\/5287","targetHints":{"allow":["GET"]}}],"collection":[{"href":"https:\/\/www.ariens.eu\/de\/wp-json\/wp\/v2\/pages"}],"about":[{"href":"https:\/\/www.ariens.eu\/de\/wp-json\/wp\/v2\/types\/page"}],"author":[{"embeddable":true,"href":"https:\/\/www.ariens.eu\/de\/wp-json\/wp\/v2\/users\/10"}],"replies":[{"embeddable":true,"href":"https:\/\/www.ariens.eu\/de\/wp-json\/wp\/v2\/comments?post=5287"}],"version-history":[{"count":2,"href":"https:\/\/www.ariens.eu\/de\/wp-json\/wp\/v2\/pages\/5287\/revisions"}],"predecessor-version":[{"id":5295,"href":"https:\/\/www.ariens.eu\/de\/wp-json\/wp\/v2\/pages\/5287\/revisions\/5295"}],"up":[{"embeddable":true,"href":"https:\/\/www.ariens.eu\/de\/wp-json\/wp\/v2\/pages\/2051"}],"wp:featuredmedia":[{"embeddable":true,"href":"https:\/\/www.ariens.eu\/de\/wp-json\/wp\/v2\/media\/5293"}],"wp:attachment":[{"href":"https:\/\/www.ariens.eu\/de\/wp-json\/wp\/v2\/media?parent=5287"}],"curies":[{"name":"wp","href":"https:\/\/api.w.org\/{rel}","templated":true}]}}