{"id":2306,"date":"2024-05-10T11:04:35","date_gmt":"2024-05-10T10:04:35","guid":{"rendered":"https:\/\/www.ariens.eu\/product\/hydro-pro-28-mountaineering-edition\/"},"modified":"2025-11-10T10:48:18","modified_gmt":"2025-11-10T10:48:18","slug":"hydro-pro-28-rapidtrak-mountaineering-edition","status":"publish","type":"product","link":"https:\/\/www.ariens.eu\/de\/produkt\/schneefraesen\/professional-serie\/hydro-pro-28-rapidtrak-mountaineering-edition","title":{"rendered":"HYDRO PRO 28 RAPIDTRAK MOUNTAINEERING EDITION"},"content":{"rendered":"<div class=\"acfd-block acfd-block__twocolumns mb-asm-1 container-fluid px-0 bg-default\">\n<div class=\"acfd-twocolumns\">\n<div class=\"row\">\n<div class='col-lg-9 mb-4'>\n<div class=\"acfd-block acfd-block__headline container-fluid px-0 bg-default\">\n<div class=\"acfd-headline\" >\n<h2 class='h2 text-left'>Schnee r\u00e4umen wie ein Profi<\/h2>\n<\/p><\/div>\n<\/div><\/div>\n<div class='col-lg'>                    <\/div>\n<\/p><\/div>\n<\/div>\n<\/div>\n<div class=\"acfd-block acfd-block__twocolumns mb-asm-2 container-fluid px-0 bg-default\">\n<div class=\"acfd-twocolumns\">\n<div class=\"row\">\n<div class='col-lg-9 mb-4'>\n<div class=\"acfd-block acfd-block__text container-fluid px-0 bg-default\">\n<div class=\"acfd-text\">\n<p>Milliarden von Schneeflocken gegen eine Maschine. Ist genau richtig. Haben Sie Massen von Schnee voll im Griff. Die tiefsten, schwersten Schneef\u00e4lle sind in dem Moment vorbei, in dem Sie diesen 420-cm3-Motor anwerfen. Sie m\u00fcssen kein Profi sein, um eine solche Maschine zu besitzen. Sie m\u00fcssen nur den Wunsch haben, so viel Schnee wie m\u00f6glich in so kurzer Zeit wie m\u00f6glich zu r\u00e4umen. Fr\u00e4sen und r\u00e4umen Sie wie die Profis.<\/p>\n<p>HYDRO PRO 28 RAPIDTRACK MOUNTAINEERING EDITION ist eine Maschine, die es mit allem aufnehmen kann, was die Berge hergeben.<\/p>\n<ul>\n<li>Diese EFI-betriebene Maschine wurde f\u00fcr gro\u00dfe H\u00f6hen gebaut und liefert die Leistung, die Sie brauchen, und \u00fcbertrifft Ihre Erwartungen.<\/li>\n<li>Erstklassige Ausstattungsmerkmale wie LED-Lichtbalken und -Scheinwerfer, Handw\u00e4rmer, elektrische Rutschensteuerung, Elektrostart und Kufen f\u00fcr den gewerblichen Einsatz<\/li>\n<li>Die exklusive Rapidtrak\u2122-Technologie von Ariens<sup>&reg;<\/sup> meistert jedes Terrain<\/li>\n<\/ul>\n<\/div>\n<\/div><\/div>\n<div class='col-lg'>                    <\/div>\n<\/p><\/div>\n<\/div>\n<\/div>\n<div class=\"acfd-block acfd-block__category mb-asm-3 container-fluid px-0 bg-default\">\n<div class=\"acfd-product-categories\">\n<h2 class=\"text-left mb-3\">\n        Eins\u00e4tze    <\/h2>\n<div class=\"product-categories_wrapper\">\n         <span\n                data-description=\"Der patentierte RapidTrak\u2122 Raupenantrieb hat auf festgefahrenem und frischem Schnee die beste Traktion. Die Raupe ist verstellbar. Sie kann wie ein Radantrieb genutzt werden, f\u00fcr einfachstes Steuern, als Kettenantrieb f\u00fcr maximale Traktion und im Eingrabe-Modus f\u00fcr maximalen Druck auf der Sch\u00fcrfleiste und zum R\u00e4umen von gro\u00dfen Schneebergen. Auf eisigen Fl\u00e4chen ist Radantrieb mit Spike-Schneeketten empfehlenswert.\"                class=\"product-category-single\"> RapidTrak\u2122                <sup><i class=\"fa fa-info-circle\" aria-hidden=\"true\"><\/i><\/sup>            <\/span>  <span\n                data-description=\"Das patentierte Ariens AutoTurn<sup>&reg;<\/sup> Lenksystem verhindert das Durchdrehen eines Antriebsrades oder einer RapidTrak\u2122 Raupe. Gleichzeitig erlaubt es einfaches Lenken der Maschine, indem es beim Lenken automatisch eine Antriebsseite freigibt. Alle Ariens Schneefr\u00e4\u00dfen, au\u00dfer dem Modell CLASSIC, verf\u00fcgen \u00fcber AutoTurn.\"                class=\"product-category-single\"> AutoTurn<sup>&reg;<\/sup>                <sup><i class=\"fa fa-info-circle\" aria-hidden=\"true\"><\/i><\/sup>            <\/span>  <span\n                data-description=\"SHO bedeutet Super-High-Output. Das Hochleistungsschleuderrad der Modelle PLATINUM und PROFESSIONAL schafft mehr Schnee pro Stunde und wirft weiter.\"                class=\"product-category-single\"> SHO-Schleuderrad                <sup><i class=\"fa fa-info-circle\" aria-hidden=\"true\"><\/i><\/sup>            <\/span>  <span\n                data-description=\"Ein 230 Volt Anschluss erm\u00f6glicht Ihnen den Start der Maschine auf Knopfdruck. Serienm\u00e4\u00dfig bei allen Modellen.\"                class=\"product-category-single\"> Elektrostart                <sup><i class=\"fa fa-info-circle\" aria-hidden=\"true\"><\/i><\/sup>            <\/span>     <\/div>\n<\/div>\n<\/div>\n<div class=\"acfd-block acfd-block__twocolumns mb-asm-2 container-fluid container-fluid--force px-0 bg-default\">\n<div class=\"acfd-twocolumns\">\n<div class=\"row\">\n<div class='col-lg-12 mb-4'>\n<div class=\"acfd-product-advantages--wrapper\">\n<h2 class=\"h1 bigger text-color-black text-center mb-5\">\n        Features &#038; Benefits    <\/h2>\n<div class=\"acfd-product-advantages\">\n<div class=\"row\">\n<div class=\"col-md-6 mb-4 content\">\n                    <span class=\"d-block h5 text-color-brand mb-1\">Hydrostatischer Fahrantrieb<\/span><\/p>\n<p>Stufenlose Geschwindigkeitsanpassung w\u00e4hrend der Fahrt. Einfach am Stellhebel regeln.<\/p>\n<\/p><\/div>\n<div class=\"col-md-6 mb4 image\"  style=\"background-image:url(https:\/\/www.ariens.eu\/de\/wp-content\/uploads\/sites\/3\/2024\/05\/Hydrostatic_Drive_03-scaled.webp)\">\n                <\/div>\n<\/p><\/div>\n<div class=\"row\">\n<div class=\"col-md-6 mb-4 content\">\n                    <span class=\"d-block h5 text-color-brand mb-1\">35,5 cm Hochleistungs-Schaufelrad<\/span><\/p>\n<p>Die Ariens SHO-Technologie bedeutet Super High Output. Oder einfacher ausgedr\u00fcckt: Das Schleuderrad ist besonders leistungsstark und r\u00e4umt den Schnee der vorgelagerten Fr\u00e4se schneller weg. Bis zu 90 Tonnen\/Stunde max.<\/p>\n<\/p><\/div>\n<div class=\"col-md-6 mb4 image\"  style=\"background-image:url(https:\/\/www.ariens.eu\/de\/wp-content\/uploads\/sites\/3\/2024\/05\/SHO_Impeller.webp)\">\n                <\/div>\n<\/p><\/div>\n<div class=\"row\">\n<div class=\"col-md-6 mb-4 content\">\n                    <span class=\"d-block h5 text-color-brand mb-1\">Helles LED-Licht<\/span><\/p>\n<p>Ultra-helles LED Licht serienm\u00e4\u00dfig auf allen Modellen der Professional Serie. Pr\u00e4zises R\u00e4umen am Morgen, am Abend und in der Nacht.<\/p>\n<\/p><\/div>\n<div class=\"col-md-6 mb4 image\"  style=\"background-image:url(https:\/\/www.ariens.eu\/de\/wp-content\/uploads\/sites\/3\/2024\/05\/LED_LIGHT_Solo-1.webp)\">\n                <\/div>\n<\/p><\/div>\n<div class=\"row\">\n<div class=\"col-md-6 mb-4 content\">\n                    <span class=\"d-block h5 text-color-brand mb-1\">Auto-Turn-Lenkung<\/span><\/p>\n<p>Geradeaus fahren mit gesperrter Hinterachse f\u00fcr maximalen Grip. Sobald Sie die Maschine lenken wird die Achse entsperrt und auf der Stelle drehen ist ein echtes Kinderspiel. Eine patentierte Erfindung von Ariens.<\/p>\n<\/p><\/div>\n<div class=\"col-md-6 mb4 image\"  style=\"background-image:url(https:\/\/www.ariens.eu\/de\/wp-content\/uploads\/sites\/3\/2024\/05\/feature6ars_fb_profe-2.png)\">\n                <\/div>\n<\/p><\/div>\n<div class=\"row\">\n<div class=\"col-md-6 mb-4 content\">\n                    <span class=\"d-block h5 text-color-brand mb-1\">Ariens<sup>&reg;<\/sup> AX 420 EFI Motor<\/span><\/p>\n<p>Leistungsstarker Motor mit elektronischer Kraftstoffeinspritzung (EFI), der auch unter h\u00e4rtesten Bedingungen problemlos startet. Hohe Leistung, sparsamer Kraftstoffverbrauch und schnellere Leistungsannahme.<\/p>\n<\/p><\/div>\n<div class=\"col-md-6 mb4 image\"  style=\"background-image:url(https:\/\/www.ariens.eu\/de\/wp-content\/uploads\/sites\/3\/2024\/05\/Electric_start.webp)\">\n                <\/div>\n<\/p><\/div>\n<div class=\"row\">\n<div class=\"col-md-6 mb-4 content\">\n                    <span class=\"d-block h5 text-color-brand mb-1\">Massiver Lenker aus verst\u00e4rktem Stahl<\/span><\/p>\n<p>Starke Maschinen brauchen starke und robuste Lenker. Diese sind zu 100 % aus Stahl hoch stabil.<\/p>\n<\/p><\/div>\n<div class=\"col-md-6 mb4 image\"  style=\"background-image:url(https:\/\/www.ariens.eu\/de\/wp-content\/uploads\/sites\/3\/2024\/05\/Reinforced_Handlebars_02-scaled.webp)\">\n                <\/div>\n<\/p><\/div>\n<\/p><\/div>\n<\/div><\/div>\n<div class='col-lg'>                    <\/div>\n<\/p><\/div>\n<\/div>\n<\/div>\n","protected":false},"excerpt":{"rendered":"<p>Schnee r\u00e4umen wie ein Profi Milliarden von Schneeflocken gegen eine Maschine. Ist genau richtig. Haben Sie Massen von Schnee voll im Griff. Die tiefsten, schwersten Schneef\u00e4lle sind in dem Moment vorbei, in dem Sie diesen 420-cm3-Motor anwerfen. Sie m\u00fcssen kein Profi sein, um eine solche Maschine zu besitzen. Sie m\u00fcssen nur den Wunsch haben, so [&hellip;]<\/p>\n","protected":false},"featured_media":2693,"comment_status":"open","ping_status":"closed","template":"","meta":{"_acf_changed":false,"_relevanssi_hide_post":"","_relevanssi_hide_content":"","_relevanssi_pin_for_all":"","_relevanssi_pin_keywords":"","_relevanssi_unpin_keywords":"","_relevanssi_related_keywords":"","_relevanssi_related_include_ids":"","_relevanssi_related_exclude_ids":"","_relevanssi_related_no_append":"","_relevanssi_related_not_related":"","_relevanssi_related_posts":"","_relevanssi_noindex_reason":""},"product_brand":[],"product_cat":[15],"product_tag":[],"class_list":{"0":"post-2306","1":"product","2":"type-product","3":"status-publish","4":"has-post-thumbnail","6":"product_variant-professional-serie","7":"product_usage_areas-kommunen-bauhoefe","8":"product_usage_areas-winterdienst","10":"first","11":"instock","12":"shipping-taxable","13":"product-type-simple"},"acf":[],"yoast_head":"<!-- This site is optimized with the Yoast SEO plugin v27.3 - https:\/\/yoast.com\/product\/yoast-seo-wordpress\/ -->\n<title>HYDRO PRO 28 RAPIDTRAK MOUNTAINEERING EDITION | Ariens<\/title>\n<meta name=\"description\" content=\"Die HYDRO PRO 28 RAPIDTRAK MOUNTAINEERING EDITION ist eine Maschine, die f\u00fcr alles gebaut wurde, was die Berge zu bieten haben. Gebaut f\u00fcr gro\u00dfe H\u00f6hen. Schnee r\u00e4umen wie ein Profi.\" \/>\n<meta name=\"robots\" content=\"index, follow, max-snippet:-1, max-image-preview:large, max-video-preview:-1\" \/>\n<link rel=\"canonical\" href=\"https:\/\/www.ariens.eu\/de\/produkt\/schneefraesen\/professional-serie\/hydro-pro-28-rapidtrak-mountaineering-edition\/\" \/>\n<meta property=\"og:locale\" content=\"de_DE\" \/>\n<meta property=\"og:type\" content=\"article\" \/>\n<meta property=\"og:title\" content=\"HYDRO PRO 28 RAPIDTRAK MOUNTAINEERING EDITION | Ariens\" \/>\n<meta property=\"og:description\" content=\"Die HYDRO PRO 28 RAPIDTRAK MOUNTAINEERING EDITION ist eine Maschine, die f\u00fcr alles gebaut wurde, was die Berge zu bieten haben. Gebaut f\u00fcr gro\u00dfe H\u00f6hen. Schnee r\u00e4umen wie ein Profi.\" \/>\n<meta property=\"og:url\" content=\"https:\/\/www.ariens.eu\/de\/produkt\/schneefraesen\/professional-serie\/hydro-pro-28-rapidtrak-mountaineering-edition\/\" \/>\n<meta property=\"og:site_name\" content=\"Ariens | EMEAA\" \/>\n<meta property=\"article:modified_time\" content=\"2025-11-10T10:48:18+00:00\" \/>\n<meta property=\"og:image\" content=\"https:\/\/www.ariens.eu\/de\/wp-content\/uploads\/sites\/3\/2024\/05\/ariens-professional-rapidtrak-mountaineering-special-edition-snow-thrower-angle-view-front34.webp\" \/>\n\t<meta property=\"og:image:width\" content=\"900\" \/>\n\t<meta property=\"og:image:height\" content=\"650\" \/>\n\t<meta property=\"og:image:type\" content=\"image\/webp\" \/>\n<meta name=\"twitter:card\" content=\"summary_large_image\" \/>\n<meta name=\"twitter:label1\" content=\"Gesch\u00e4tzte Lesezeit\" \/>\n\t<meta name=\"twitter:data1\" content=\"2\u00a0Minuten\" \/>\n<script type=\"application\/ld+json\" class=\"yoast-schema-graph\">{\"@context\":\"https:\\\/\\\/schema.org\",\"@graph\":[{\"@type\":\"WebPage\",\"@id\":\"https:\\\/\\\/www.ariens.eu\\\/de\\\/produkt\\\/schneefraesen\\\/professional-serie\\\/hydro-pro-28-rapidtrak-mountaineering-edition\\\/\",\"url\":\"https:\\\/\\\/www.ariens.eu\\\/de\\\/produkt\\\/schneefraesen\\\/professional-serie\\\/hydro-pro-28-rapidtrak-mountaineering-edition\\\/\",\"name\":\"HYDRO PRO 28 RAPIDTRAK MOUNTAINEERING EDITION | Ariens\",\"isPartOf\":{\"@id\":\"https:\\\/\\\/www.ariens.eu\\\/de\\\/#website\"},\"primaryImageOfPage\":{\"@id\":\"https:\\\/\\\/www.ariens.eu\\\/de\\\/produkt\\\/schneefraesen\\\/professional-serie\\\/hydro-pro-28-rapidtrak-mountaineering-edition\\\/#primaryimage\"},\"image\":{\"@id\":\"https:\\\/\\\/www.ariens.eu\\\/de\\\/produkt\\\/schneefraesen\\\/professional-serie\\\/hydro-pro-28-rapidtrak-mountaineering-edition\\\/#primaryimage\"},\"thumbnailUrl\":\"https:\\\/\\\/www.ariens.eu\\\/de\\\/wp-content\\\/uploads\\\/sites\\\/3\\\/2024\\\/05\\\/ariens-professional-rapidtrak-mountaineering-special-edition-snow-thrower-angle-view-front34.webp\",\"datePublished\":\"2024-05-10T10:04:35+00:00\",\"dateModified\":\"2025-11-10T10:48:18+00:00\",\"description\":\"Die HYDRO PRO 28 RAPIDTRAK MOUNTAINEERING EDITION ist eine Maschine, die f\u00fcr alles gebaut wurde, was die Berge zu bieten haben. Gebaut f\u00fcr gro\u00dfe H\u00f6hen. Schnee r\u00e4umen wie ein Profi.\",\"breadcrumb\":{\"@id\":\"https:\\\/\\\/www.ariens.eu\\\/de\\\/produkt\\\/schneefraesen\\\/professional-serie\\\/hydro-pro-28-rapidtrak-mountaineering-edition\\\/#breadcrumb\"},\"inLanguage\":\"de\",\"potentialAction\":[{\"@type\":\"ReadAction\",\"target\":[\"https:\\\/\\\/www.ariens.eu\\\/de\\\/produkt\\\/schneefraesen\\\/professional-serie\\\/hydro-pro-28-rapidtrak-mountaineering-edition\\\/\"]}]},{\"@type\":\"ImageObject\",\"inLanguage\":\"de\",\"@id\":\"https:\\\/\\\/www.ariens.eu\\\/de\\\/produkt\\\/schneefraesen\\\/professional-serie\\\/hydro-pro-28-rapidtrak-mountaineering-edition\\\/#primaryimage\",\"url\":\"https:\\\/\\\/www.ariens.eu\\\/de\\\/wp-content\\\/uploads\\\/sites\\\/3\\\/2024\\\/05\\\/ariens-professional-rapidtrak-mountaineering-special-edition-snow-thrower-angle-view-front34.webp\",\"contentUrl\":\"https:\\\/\\\/www.ariens.eu\\\/de\\\/wp-content\\\/uploads\\\/sites\\\/3\\\/2024\\\/05\\\/ariens-professional-rapidtrak-mountaineering-special-edition-snow-thrower-angle-view-front34.webp\",\"width\":900,\"height\":650},{\"@type\":\"BreadcrumbList\",\"@id\":\"https:\\\/\\\/www.ariens.eu\\\/de\\\/produkt\\\/schneefraesen\\\/professional-serie\\\/hydro-pro-28-rapidtrak-mountaineering-edition\\\/#breadcrumb\",\"itemListElement\":[{\"@type\":\"ListItem\",\"position\":1,\"name\":\"Home\",\"item\":\"https:\\\/\\\/www.ariens.eu\\\/de\\\/\"},{\"@type\":\"ListItem\",\"position\":2,\"name\":\"Shop\",\"item\":\"https:\\\/\\\/www.ariens.eu\\\/de\\\/shop\\\/\"},{\"@type\":\"ListItem\",\"position\":3,\"name\":\"HYDRO PRO 28 RAPIDTRAK MOUNTAINEERING EDITION\"}]},{\"@type\":\"WebSite\",\"@id\":\"https:\\\/\\\/www.ariens.eu\\\/de\\\/#website\",\"url\":\"https:\\\/\\\/www.ariens.eu\\\/de\\\/\",\"name\":\"Ariens | EMEAA\",\"description\":\"Powerful and reliable zero-turn mowers &amp; snow blowers for professional users and demanding private customers\",\"potentialAction\":[{\"@type\":\"SearchAction\",\"target\":{\"@type\":\"EntryPoint\",\"urlTemplate\":\"https:\\\/\\\/www.ariens.eu\\\/de\\\/?s={search_term_string}\"},\"query-input\":{\"@type\":\"PropertyValueSpecification\",\"valueRequired\":true,\"valueName\":\"search_term_string\"}}],\"inLanguage\":\"de\"}]}<\/script>\n<!-- \/ Yoast SEO plugin. -->","yoast_head_json":{"title":"HYDRO PRO 28 RAPIDTRAK MOUNTAINEERING EDITION | Ariens","description":"Die HYDRO PRO 28 RAPIDTRAK MOUNTAINEERING EDITION ist eine Maschine, die f\u00fcr alles gebaut wurde, was die Berge zu bieten haben. Gebaut f\u00fcr gro\u00dfe H\u00f6hen. Schnee r\u00e4umen wie ein Profi.","robots":{"index":"index","follow":"follow","max-snippet":"max-snippet:-1","max-image-preview":"max-image-preview:large","max-video-preview":"max-video-preview:-1"},"canonical":"https:\/\/www.ariens.eu\/de\/produkt\/schneefraesen\/professional-serie\/hydro-pro-28-rapidtrak-mountaineering-edition\/","og_locale":"de_DE","og_type":"article","og_title":"HYDRO PRO 28 RAPIDTRAK MOUNTAINEERING EDITION | Ariens","og_description":"Die HYDRO PRO 28 RAPIDTRAK MOUNTAINEERING EDITION ist eine Maschine, die f\u00fcr alles gebaut wurde, was die Berge zu bieten haben. Gebaut f\u00fcr gro\u00dfe H\u00f6hen. Schnee r\u00e4umen wie ein Profi.","og_url":"https:\/\/www.ariens.eu\/de\/produkt\/schneefraesen\/professional-serie\/hydro-pro-28-rapidtrak-mountaineering-edition\/","og_site_name":"Ariens | EMEAA","article_modified_time":"2025-11-10T10:48:18+00:00","og_image":[{"width":900,"height":650,"url":"https:\/\/www.ariens.eu\/de\/wp-content\/uploads\/sites\/3\/2024\/05\/ariens-professional-rapidtrak-mountaineering-special-edition-snow-thrower-angle-view-front34.webp","type":"image\/webp"}],"twitter_card":"summary_large_image","twitter_misc":{"Gesch\u00e4tzte Lesezeit":"2\u00a0Minuten"},"schema":{"@context":"https:\/\/schema.org","@graph":[{"@type":"WebPage","@id":"https:\/\/www.ariens.eu\/de\/produkt\/schneefraesen\/professional-serie\/hydro-pro-28-rapidtrak-mountaineering-edition\/","url":"https:\/\/www.ariens.eu\/de\/produkt\/schneefraesen\/professional-serie\/hydro-pro-28-rapidtrak-mountaineering-edition\/","name":"HYDRO PRO 28 RAPIDTRAK MOUNTAINEERING EDITION | Ariens","isPartOf":{"@id":"https:\/\/www.ariens.eu\/de\/#website"},"primaryImageOfPage":{"@id":"https:\/\/www.ariens.eu\/de\/produkt\/schneefraesen\/professional-serie\/hydro-pro-28-rapidtrak-mountaineering-edition\/#primaryimage"},"image":{"@id":"https:\/\/www.ariens.eu\/de\/produkt\/schneefraesen\/professional-serie\/hydro-pro-28-rapidtrak-mountaineering-edition\/#primaryimage"},"thumbnailUrl":"https:\/\/www.ariens.eu\/de\/wp-content\/uploads\/sites\/3\/2024\/05\/ariens-professional-rapidtrak-mountaineering-special-edition-snow-thrower-angle-view-front34.webp","datePublished":"2024-05-10T10:04:35+00:00","dateModified":"2025-11-10T10:48:18+00:00","description":"Die HYDRO PRO 28 RAPIDTRAK MOUNTAINEERING EDITION ist eine Maschine, die f\u00fcr alles gebaut wurde, was die Berge zu bieten haben. Gebaut f\u00fcr gro\u00dfe H\u00f6hen. Schnee r\u00e4umen wie ein Profi.","breadcrumb":{"@id":"https:\/\/www.ariens.eu\/de\/produkt\/schneefraesen\/professional-serie\/hydro-pro-28-rapidtrak-mountaineering-edition\/#breadcrumb"},"inLanguage":"de","potentialAction":[{"@type":"ReadAction","target":["https:\/\/www.ariens.eu\/de\/produkt\/schneefraesen\/professional-serie\/hydro-pro-28-rapidtrak-mountaineering-edition\/"]}]},{"@type":"ImageObject","inLanguage":"de","@id":"https:\/\/www.ariens.eu\/de\/produkt\/schneefraesen\/professional-serie\/hydro-pro-28-rapidtrak-mountaineering-edition\/#primaryimage","url":"https:\/\/www.ariens.eu\/de\/wp-content\/uploads\/sites\/3\/2024\/05\/ariens-professional-rapidtrak-mountaineering-special-edition-snow-thrower-angle-view-front34.webp","contentUrl":"https:\/\/www.ariens.eu\/de\/wp-content\/uploads\/sites\/3\/2024\/05\/ariens-professional-rapidtrak-mountaineering-special-edition-snow-thrower-angle-view-front34.webp","width":900,"height":650},{"@type":"BreadcrumbList","@id":"https:\/\/www.ariens.eu\/de\/produkt\/schneefraesen\/professional-serie\/hydro-pro-28-rapidtrak-mountaineering-edition\/#breadcrumb","itemListElement":[{"@type":"ListItem","position":1,"name":"Home","item":"https:\/\/www.ariens.eu\/de\/"},{"@type":"ListItem","position":2,"name":"Shop","item":"https:\/\/www.ariens.eu\/de\/shop\/"},{"@type":"ListItem","position":3,"name":"HYDRO PRO 28 RAPIDTRAK MOUNTAINEERING EDITION"}]},{"@type":"WebSite","@id":"https:\/\/www.ariens.eu\/de\/#website","url":"https:\/\/www.ariens.eu\/de\/","name":"Ariens | EMEAA","description":"Powerful and reliable zero-turn mowers &amp; snow blowers for professional users and demanding private customers","potentialAction":[{"@type":"SearchAction","target":{"@type":"EntryPoint","urlTemplate":"https:\/\/www.ariens.eu\/de\/?s={search_term_string}"},"query-input":{"@type":"PropertyValueSpecification","valueRequired":true,"valueName":"search_term_string"}}],"inLanguage":"de"}]}},"_links":{"self":[{"href":"https:\/\/www.ariens.eu\/de\/wp-json\/wp\/v2\/product\/2306","targetHints":{"allow":["GET"]}}],"collection":[{"href":"https:\/\/www.ariens.eu\/de\/wp-json\/wp\/v2\/product"}],"about":[{"href":"https:\/\/www.ariens.eu\/de\/wp-json\/wp\/v2\/types\/product"}],"replies":[{"embeddable":true,"href":"https:\/\/www.ariens.eu\/de\/wp-json\/wp\/v2\/comments?post=2306"}],"wp:featuredmedia":[{"embeddable":true,"href":"https:\/\/www.ariens.eu\/de\/wp-json\/wp\/v2\/media\/2693"}],"wp:attachment":[{"href":"https:\/\/www.ariens.eu\/de\/wp-json\/wp\/v2\/media?parent=2306"}],"wp:term":[{"taxonomy":"product_brand","embeddable":true,"href":"https:\/\/www.ariens.eu\/de\/wp-json\/wp\/v2\/product_brand?post=2306"},{"taxonomy":"product_cat","embeddable":true,"href":"https:\/\/www.ariens.eu\/de\/wp-json\/wp\/v2\/product_cat?post=2306"},{"taxonomy":"product_tag","embeddable":true,"href":"https:\/\/www.ariens.eu\/de\/wp-json\/wp\/v2\/product_tag?post=2306"}],"curies":[{"name":"wp","href":"https:\/\/api.w.org\/{rel}","templated":true}]}}