{"id":2315,"date":"2024-05-10T11:04:36","date_gmt":"2024-05-10T10:04:36","guid":{"rendered":"https:\/\/www.ariens.eu\/product\/classic-24\/"},"modified":"2025-11-10T10:48:19","modified_gmt":"2025-11-10T10:48:19","slug":"classic-24","status":"publish","type":"product","link":"https:\/\/www.ariens.eu\/de\/produkt\/schneefraesen\/classic-serie\/classic-24","title":{"rendered":"CLASSIC 24"},"content":{"rendered":"<div class=\"acfd-block acfd-block__twocolumns mb-asm-1 container-fluid px-0 bg-default\">\n<div class=\"acfd-twocolumns\">\n<div class=\"row\">\n<div class='col-lg-9 mb-4'>\n<div class=\"acfd-block acfd-block__headline container-fluid px-0 bg-default\">\n<div class=\"acfd-headline\" >\n<h2 class='h2 text-left'>Simpel und robust. Gemacht f\u00fcr viele Winter und Ihr Anwesen.<\/h2>\n<\/p><\/div>\n<\/div><\/div>\n<div class='col-lg'>                    <\/div>\n<\/p><\/div>\n<\/div>\n<\/div>\n<div class=\"acfd-block acfd-block__twocolumns mb-asm-2 container-fluid px-0 bg-default\">\n<div class=\"acfd-twocolumns\">\n<div class=\"row\">\n<div class='col-lg-9 mb-4'>\n<div class=\"acfd-block acfd-block__text container-fluid px-0 bg-default\">\n<div class=\"acfd-text\">\n<p>Wettervorhersage f\u00fcr Morgen: \u201eNichts, was Ihr Ariens nicht bew\u00e4ltigen kann\u201c.<\/p>\n<p>Diese ganz aus Stahl gefertigte Maschine ist leicht und einfach zu bedienen und wurde f\u00fcr das R\u00e4umen von bereits ordentlichen Mengen Schnee entwickelt. Die ineinander greifenden Hebel erm\u00f6glichen eine einh\u00e4ndige Bedienung beim Schneewerfen und Fahren. Die gezahnte Fr\u00e4sschnecke frisst z\u00fcgig jeden Schnee, egal ob schwer und nass oder leicht und locker. Die Ariens CLASSIC Serie fr\u00e4st und wirft es alles.<\/p>\n<p>Die CLASSIC 24 ist so robust gebaut, dass sie \u00fcber Jahre ihre Dienste verrichten wird.<\/p>\n<ul>\n<li>R\u00e4umbreite 60 cm (24\u201c)<\/li>\n<li>Leistungsstarker 208cm\u00b3 Ariens Motor<\/li>\n<li>Elektrostart 230 V und Seilstart serienm\u00e4\u00dfig<\/li>\n<li>Maximale Kapazit\u00e4t: 52 Tonnen pro Stunde<\/li>\n<li>Die benutzerfreundliche Konstruktion erm\u00f6glicht es dem Fahrer, die Maschine bequem und problemlos mit einer Hand zu bedienen<\/li>\n<li>Radantrieb ohne Differenzial, per Sicherungsstecker kann ein Rad antriebslos gestellt werden.<\/li>\n<\/ul>\n<\/div>\n<\/div><\/div>\n<div class='col-lg'>                    <\/div>\n<\/p><\/div>\n<\/div>\n<\/div>\n<div class=\"acfd-block acfd-block__twocolumns mb-asm-2 container-fluid container-fluid--force px-0 bg-default\">\n<div class=\"acfd-twocolumns\">\n<div class=\"row\">\n<div class='col-lg-12 mb-4'>\n<div class=\"acfd-product-advantages--wrapper\">\n<h2 class=\"h1 bigger text-color-black text-center mb-5\">\n        Features &#038; Benefits    <\/h2>\n<div class=\"acfd-product-advantages\">\n<div class=\"row\">\n<div class=\"col-md-6 mb-4 content\">\n                    <span class=\"d-block h5 text-color-brand mb-1\">Robuste Ganzstahl-Konstruktion<\/span><\/p>\n<p>Die robuste Stahlkonstruktion der Classic \u2013 vom Lenker \u00fcber das Geh\u00e4use bis hin zur gezahnten Schnecke \u2013 ist f\u00fcr eine Lebensdauer auf Jahrzehnte ausgelegt.<\/p>\n<\/p><\/div>\n<div class=\"col-md-6 mb4 image\"  style=\"background-image:url(https:\/\/www.ariens.eu\/de\/wp-content\/uploads\/sites\/3\/2024\/05\/all-steal-construction.webp)\">\n                <\/div>\n<\/p><\/div>\n<div class=\"row\">\n<div class=\"col-md-6 mb-4 content\">\n                    <span class=\"d-block h5 text-color-brand mb-1\">Produkt Garantie<\/span><\/p>\n<p>Drei Jahre Garantie f\u00fcr Privatanwender, 90 Tage Garantie f\u00fcr professionelle Nutzer. Gut zu wissen, dass Ariens sich k\u00fcmmert.<\/p>\n<\/p><\/div>\n<div class=\"col-md-6 mb4 image\"  style=\"background-image:url(https:\/\/www.ariens.eu\/de\/wp-content\/uploads\/sites\/3\/2024\/05\/warranty.webp)\">\n                <\/div>\n<\/p><\/div>\n<div class=\"row\">\n<div class=\"col-md-6 mb-4 content\">\n                    <span class=\"d-block h5 text-color-brand mb-1\">Fernbedienbarer<\/span><\/p>\n<p>Ein 2,5-fach schnell drehbarer Auswurfkamin mit 205\u00b0 Schwenkbereich lenken den Schnee an seinen richtigen Platz.<\/p>\n<\/p><\/div>\n<div class=\"col-md-6 mb4 image\"  style=\"background-image:url(https:\/\/www.ariens.eu\/de\/wp-content\/uploads\/sites\/3\/2024\/05\/remote-chute-cap.webp)\">\n                <\/div>\n<\/p><\/div>\n<div class=\"row\">\n<div class=\"col-md-6 mb-4 content\">\n                    <span class=\"d-block h5 text-color-brand mb-1\">Ariens AX 208cm\u00b3 Motor<\/span><\/p>\n<p>Der robuste und effiziente Ariens-Motor mit 13 Nm Drehmoment r\u00e4umt auf den Classic Modellen bis zu 52 Tonnen Schnee in der Stunde und wirft ihn bis zu 12,2 Meter weit.<\/p>\n<\/p><\/div>\n<div class=\"col-md-6 mb4 image\"  style=\"background-image:url(https:\/\/www.ariens.eu\/de\/wp-content\/uploads\/sites\/3\/2024\/05\/quick-turn-chute.png)\">\n                <\/div>\n<\/p><\/div>\n<div class=\"row\">\n<div class=\"col-md-6 mb-4 content\">\n                    <span class=\"d-block h5 text-color-brand mb-1\">Elektrostart<\/span><\/p>\n<p>Starten auf Knopfdruck. Einfach den Anlasser mit einer Steckdose verbinden und auch bei extrem tiefen Temperaturen m\u00fchelos starten. Ansonsten starten Sie auch per Seilstart wie gewohnt.<\/p>\n<\/p><\/div>\n<div class=\"col-md-6 mb4 image\"  style=\"background-image:url(https:\/\/www.ariens.eu\/de\/wp-content\/uploads\/sites\/3\/2024\/05\/electric-start.webp)\">\n                <\/div>\n<\/p><\/div>\n<\/p><\/div>\n<\/div><\/div>\n<div class='col-lg'>                    <\/div>\n<\/p><\/div>\n<\/div>\n<\/div>\n","protected":false},"excerpt":{"rendered":"<p>Simpel und robust. Gemacht f\u00fcr viele Winter und Ihr Anwesen. Wettervorhersage f\u00fcr Morgen: \u201eNichts, was Ihr Ariens nicht bew\u00e4ltigen kann\u201c. Diese ganz aus Stahl gefertigte Maschine ist leicht und einfach zu bedienen und wurde f\u00fcr das R\u00e4umen von bereits ordentlichen Mengen Schnee entwickelt. Die ineinander greifenden Hebel erm\u00f6glichen eine einh\u00e4ndige Bedienung beim Schneewerfen und Fahren. [&hellip;]<\/p>\n","protected":false},"featured_media":2677,"comment_status":"open","ping_status":"closed","template":"","meta":{"_acf_changed":false,"_relevanssi_hide_post":"","_relevanssi_hide_content":"","_relevanssi_pin_for_all":"","_relevanssi_pin_keywords":"","_relevanssi_unpin_keywords":"","_relevanssi_related_keywords":"","_relevanssi_related_include_ids":"","_relevanssi_related_exclude_ids":"","_relevanssi_related_no_append":"","_relevanssi_related_not_related":"","_relevanssi_related_posts":"","_relevanssi_noindex_reason":""},"product_brand":[],"product_cat":[15],"product_tag":[],"class_list":{"0":"post-2315","1":"product","2":"type-product","3":"status-publish","4":"has-post-thumbnail","6":"product_variant-classic-serie","7":"product_usage_areas-kommunen-bauhoefe","8":"product_usage_areas-winterdienst","10":"first","11":"instock","12":"shipping-taxable","13":"product-type-simple"},"acf":[],"yoast_head":"<!-- This site is optimized with the Yoast SEO plugin v27.3 - https:\/\/yoast.com\/product\/yoast-seo-wordpress\/ -->\n<title>CLASSIC 24 - Schneefr\u00e4se | Ariens<\/title>\n<meta name=\"description\" content=\"Die CLASSIC 24 Schneefr\u00e4se ist unsere klassische Schneefr\u00e4se und wird von den Ariens Motor und Systemen angetrieben, die Ariens\u00ae zum King of Snow\u2122 machen.\" \/>\n<meta name=\"robots\" content=\"index, follow, max-snippet:-1, max-image-preview:large, max-video-preview:-1\" \/>\n<link rel=\"canonical\" href=\"https:\/\/www.ariens.eu\/de\/produkt\/schneefraesen\/classic-serie\/classic-24\/\" \/>\n<meta property=\"og:locale\" content=\"de_DE\" \/>\n<meta property=\"og:type\" content=\"article\" \/>\n<meta property=\"og:title\" content=\"CLASSIC 24 - Schneefr\u00e4se | Ariens\" \/>\n<meta property=\"og:description\" content=\"Die CLASSIC 24 Schneefr\u00e4se ist unsere klassische Schneefr\u00e4se und wird von den Ariens Motor und Systemen angetrieben, die Ariens\u00ae zum King of Snow\u2122 machen.\" \/>\n<meta property=\"og:url\" content=\"https:\/\/www.ariens.eu\/de\/produkt\/schneefraesen\/classic-serie\/classic-24\/\" \/>\n<meta property=\"og:site_name\" content=\"Ariens | EMEAA\" \/>\n<meta property=\"article:modified_time\" content=\"2025-11-10T10:48:19+00:00\" \/>\n<meta property=\"og:image\" content=\"https:\/\/www.ariens.eu\/de\/wp-content\/uploads\/sites\/3\/2024\/05\/ariens-classic-24_front-3-4.webp\" \/>\n\t<meta property=\"og:image:width\" content=\"900\" \/>\n\t<meta property=\"og:image:height\" content=\"650\" \/>\n\t<meta property=\"og:image:type\" content=\"image\/webp\" \/>\n<meta name=\"twitter:card\" content=\"summary_large_image\" \/>\n<meta name=\"twitter:label1\" content=\"Gesch\u00e4tzte Lesezeit\" \/>\n\t<meta name=\"twitter:data1\" content=\"2\u00a0Minuten\" \/>\n<script type=\"application\/ld+json\" class=\"yoast-schema-graph\">{\"@context\":\"https:\\\/\\\/schema.org\",\"@graph\":[{\"@type\":\"WebPage\",\"@id\":\"https:\\\/\\\/www.ariens.eu\\\/de\\\/produkt\\\/schneefraesen\\\/classic-serie\\\/classic-24\\\/\",\"url\":\"https:\\\/\\\/www.ariens.eu\\\/de\\\/produkt\\\/schneefraesen\\\/classic-serie\\\/classic-24\\\/\",\"name\":\"CLASSIC 24 - Schneefr\u00e4se | Ariens\",\"isPartOf\":{\"@id\":\"https:\\\/\\\/www.ariens.eu\\\/de\\\/#website\"},\"primaryImageOfPage\":{\"@id\":\"https:\\\/\\\/www.ariens.eu\\\/de\\\/produkt\\\/schneefraesen\\\/classic-serie\\\/classic-24\\\/#primaryimage\"},\"image\":{\"@id\":\"https:\\\/\\\/www.ariens.eu\\\/de\\\/produkt\\\/schneefraesen\\\/classic-serie\\\/classic-24\\\/#primaryimage\"},\"thumbnailUrl\":\"https:\\\/\\\/www.ariens.eu\\\/de\\\/wp-content\\\/uploads\\\/sites\\\/3\\\/2024\\\/05\\\/ariens-classic-24_front-3-4.webp\",\"datePublished\":\"2024-05-10T10:04:36+00:00\",\"dateModified\":\"2025-11-10T10:48:19+00:00\",\"description\":\"Die CLASSIC 24 Schneefr\u00e4se ist unsere klassische Schneefr\u00e4se und wird von den Ariens Motor und Systemen angetrieben, die Ariens\u00ae zum King of Snow\u2122 machen.\",\"breadcrumb\":{\"@id\":\"https:\\\/\\\/www.ariens.eu\\\/de\\\/produkt\\\/schneefraesen\\\/classic-serie\\\/classic-24\\\/#breadcrumb\"},\"inLanguage\":\"de\",\"potentialAction\":[{\"@type\":\"ReadAction\",\"target\":[\"https:\\\/\\\/www.ariens.eu\\\/de\\\/produkt\\\/schneefraesen\\\/classic-serie\\\/classic-24\\\/\"]}]},{\"@type\":\"ImageObject\",\"inLanguage\":\"de\",\"@id\":\"https:\\\/\\\/www.ariens.eu\\\/de\\\/produkt\\\/schneefraesen\\\/classic-serie\\\/classic-24\\\/#primaryimage\",\"url\":\"https:\\\/\\\/www.ariens.eu\\\/de\\\/wp-content\\\/uploads\\\/sites\\\/3\\\/2024\\\/05\\\/ariens-classic-24_front-3-4.webp\",\"contentUrl\":\"https:\\\/\\\/www.ariens.eu\\\/de\\\/wp-content\\\/uploads\\\/sites\\\/3\\\/2024\\\/05\\\/ariens-classic-24_front-3-4.webp\",\"width\":900,\"height\":650},{\"@type\":\"BreadcrumbList\",\"@id\":\"https:\\\/\\\/www.ariens.eu\\\/de\\\/produkt\\\/schneefraesen\\\/classic-serie\\\/classic-24\\\/#breadcrumb\",\"itemListElement\":[{\"@type\":\"ListItem\",\"position\":1,\"name\":\"Home\",\"item\":\"https:\\\/\\\/www.ariens.eu\\\/de\\\/\"},{\"@type\":\"ListItem\",\"position\":2,\"name\":\"Shop\",\"item\":\"https:\\\/\\\/www.ariens.eu\\\/de\\\/shop\\\/\"},{\"@type\":\"ListItem\",\"position\":3,\"name\":\"CLASSIC 24\"}]},{\"@type\":\"WebSite\",\"@id\":\"https:\\\/\\\/www.ariens.eu\\\/de\\\/#website\",\"url\":\"https:\\\/\\\/www.ariens.eu\\\/de\\\/\",\"name\":\"Ariens | EMEAA\",\"description\":\"Powerful and reliable zero-turn mowers &amp; snow blowers for professional users and demanding private customers\",\"potentialAction\":[{\"@type\":\"SearchAction\",\"target\":{\"@type\":\"EntryPoint\",\"urlTemplate\":\"https:\\\/\\\/www.ariens.eu\\\/de\\\/?s={search_term_string}\"},\"query-input\":{\"@type\":\"PropertyValueSpecification\",\"valueRequired\":true,\"valueName\":\"search_term_string\"}}],\"inLanguage\":\"de\"}]}<\/script>\n<!-- \/ Yoast SEO plugin. -->","yoast_head_json":{"title":"CLASSIC 24 - Schneefr\u00e4se | Ariens","description":"Die CLASSIC 24 Schneefr\u00e4se ist unsere klassische Schneefr\u00e4se und wird von den Ariens Motor und Systemen angetrieben, die Ariens\u00ae zum King of Snow\u2122 machen.","robots":{"index":"index","follow":"follow","max-snippet":"max-snippet:-1","max-image-preview":"max-image-preview:large","max-video-preview":"max-video-preview:-1"},"canonical":"https:\/\/www.ariens.eu\/de\/produkt\/schneefraesen\/classic-serie\/classic-24\/","og_locale":"de_DE","og_type":"article","og_title":"CLASSIC 24 - Schneefr\u00e4se | Ariens","og_description":"Die CLASSIC 24 Schneefr\u00e4se ist unsere klassische Schneefr\u00e4se und wird von den Ariens Motor und Systemen angetrieben, die Ariens\u00ae zum King of Snow\u2122 machen.","og_url":"https:\/\/www.ariens.eu\/de\/produkt\/schneefraesen\/classic-serie\/classic-24\/","og_site_name":"Ariens | EMEAA","article_modified_time":"2025-11-10T10:48:19+00:00","og_image":[{"width":900,"height":650,"url":"https:\/\/www.ariens.eu\/de\/wp-content\/uploads\/sites\/3\/2024\/05\/ariens-classic-24_front-3-4.webp","type":"image\/webp"}],"twitter_card":"summary_large_image","twitter_misc":{"Gesch\u00e4tzte Lesezeit":"2\u00a0Minuten"},"schema":{"@context":"https:\/\/schema.org","@graph":[{"@type":"WebPage","@id":"https:\/\/www.ariens.eu\/de\/produkt\/schneefraesen\/classic-serie\/classic-24\/","url":"https:\/\/www.ariens.eu\/de\/produkt\/schneefraesen\/classic-serie\/classic-24\/","name":"CLASSIC 24 - Schneefr\u00e4se | Ariens","isPartOf":{"@id":"https:\/\/www.ariens.eu\/de\/#website"},"primaryImageOfPage":{"@id":"https:\/\/www.ariens.eu\/de\/produkt\/schneefraesen\/classic-serie\/classic-24\/#primaryimage"},"image":{"@id":"https:\/\/www.ariens.eu\/de\/produkt\/schneefraesen\/classic-serie\/classic-24\/#primaryimage"},"thumbnailUrl":"https:\/\/www.ariens.eu\/de\/wp-content\/uploads\/sites\/3\/2024\/05\/ariens-classic-24_front-3-4.webp","datePublished":"2024-05-10T10:04:36+00:00","dateModified":"2025-11-10T10:48:19+00:00","description":"Die CLASSIC 24 Schneefr\u00e4se ist unsere klassische Schneefr\u00e4se und wird von den Ariens Motor und Systemen angetrieben, die Ariens\u00ae zum King of Snow\u2122 machen.","breadcrumb":{"@id":"https:\/\/www.ariens.eu\/de\/produkt\/schneefraesen\/classic-serie\/classic-24\/#breadcrumb"},"inLanguage":"de","potentialAction":[{"@type":"ReadAction","target":["https:\/\/www.ariens.eu\/de\/produkt\/schneefraesen\/classic-serie\/classic-24\/"]}]},{"@type":"ImageObject","inLanguage":"de","@id":"https:\/\/www.ariens.eu\/de\/produkt\/schneefraesen\/classic-serie\/classic-24\/#primaryimage","url":"https:\/\/www.ariens.eu\/de\/wp-content\/uploads\/sites\/3\/2024\/05\/ariens-classic-24_front-3-4.webp","contentUrl":"https:\/\/www.ariens.eu\/de\/wp-content\/uploads\/sites\/3\/2024\/05\/ariens-classic-24_front-3-4.webp","width":900,"height":650},{"@type":"BreadcrumbList","@id":"https:\/\/www.ariens.eu\/de\/produkt\/schneefraesen\/classic-serie\/classic-24\/#breadcrumb","itemListElement":[{"@type":"ListItem","position":1,"name":"Home","item":"https:\/\/www.ariens.eu\/de\/"},{"@type":"ListItem","position":2,"name":"Shop","item":"https:\/\/www.ariens.eu\/de\/shop\/"},{"@type":"ListItem","position":3,"name":"CLASSIC 24"}]},{"@type":"WebSite","@id":"https:\/\/www.ariens.eu\/de\/#website","url":"https:\/\/www.ariens.eu\/de\/","name":"Ariens | EMEAA","description":"Powerful and reliable zero-turn mowers &amp; snow blowers for professional users and demanding private customers","potentialAction":[{"@type":"SearchAction","target":{"@type":"EntryPoint","urlTemplate":"https:\/\/www.ariens.eu\/de\/?s={search_term_string}"},"query-input":{"@type":"PropertyValueSpecification","valueRequired":true,"valueName":"search_term_string"}}],"inLanguage":"de"}]}},"_links":{"self":[{"href":"https:\/\/www.ariens.eu\/de\/wp-json\/wp\/v2\/product\/2315","targetHints":{"allow":["GET"]}}],"collection":[{"href":"https:\/\/www.ariens.eu\/de\/wp-json\/wp\/v2\/product"}],"about":[{"href":"https:\/\/www.ariens.eu\/de\/wp-json\/wp\/v2\/types\/product"}],"replies":[{"embeddable":true,"href":"https:\/\/www.ariens.eu\/de\/wp-json\/wp\/v2\/comments?post=2315"}],"wp:featuredmedia":[{"embeddable":true,"href":"https:\/\/www.ariens.eu\/de\/wp-json\/wp\/v2\/media\/2677"}],"wp:attachment":[{"href":"https:\/\/www.ariens.eu\/de\/wp-json\/wp\/v2\/media?parent=2315"}],"wp:term":[{"taxonomy":"product_brand","embeddable":true,"href":"https:\/\/www.ariens.eu\/de\/wp-json\/wp\/v2\/product_brand?post=2315"},{"taxonomy":"product_cat","embeddable":true,"href":"https:\/\/www.ariens.eu\/de\/wp-json\/wp\/v2\/product_cat?post=2315"},{"taxonomy":"product_tag","embeddable":true,"href":"https:\/\/www.ariens.eu\/de\/wp-json\/wp\/v2\/product_tag?post=2315"}],"curies":[{"name":"wp","href":"https:\/\/api.w.org\/{rel}","templated":true}]}}