{"id":2323,"date":"2024-05-10T11:04:36","date_gmt":"2024-05-10T10:04:36","guid":{"rendered":"https:\/\/www.ariens.eu\/product\/edge-34\/"},"modified":"2026-02-25T10:37:23","modified_gmt":"2026-02-25T10:37:23","slug":"edge-34","status":"publish","type":"product","link":"https:\/\/www.ariens.eu\/de\/produkt\/zero-turn-mowers\/edge-serie\/edge-34","title":{"rendered":"EDGE 34"},"content":{"rendered":"<div class=\"acfd-block acfd-block__headline mb-asm-1 container-fluid px-0 bg-default\">\n<div class=\"acfd-headline\" >\n<h2 class='h2 text-left'>Bringt die Schnelligkeit und Spa\u00df beim M\u00e4hen in Ihren Garten<\/h2>\n<\/p><\/div>\n<\/div>\n<div class=\"acfd-block acfd-block__twocolumns mb-asm-2 container-fluid px-0 bg-default\">\n<div class=\"acfd-twocolumns\">\n<div class=\"row\">\n<div class='col-lg-9 mb-4'>\n<div class=\"acfd-block acfd-block__text container-fluid px-0 bg-default\">\n<div class=\"acfd-text\">\n<p>Nutzen Sie die Vorteile eines Zero-Turn M\u00e4hers in Ihrem Garten. M\u00e4hen Sie wendiger und komfortabler als mit jedem Rasentraktor und haben Sie Spa\u00df dabei. Ein robuster Rahmen, ein wartungsfreier Radantrieb und ein starker Motor werden Ihnen \u00fcber Jahre hinweg zuverl\u00e4ssig dienen.<\/p>\n<ul>\n<li>Ausgestattet mit einem 86cm (34&#8243;) gepressten Deck aus 2,6 mm Stahl<\/li>\n<li>Angetrieben von einem Ariens 635cm\u00b3 Zweizylinder-Motor<\/li>\n<li>Die fu\u00dfbet\u00e4tigte M\u00e4hwerksh\u00f6henverstellung erm\u00f6glicht eine schnelle und einfache Einstellung der Schnitth\u00f6he<\/li>\n<li>Das Vier-Punkt-System zum Anheben des M\u00e4hdecks bietet un\u00fcbertroffene Stabilit\u00e4t und gleichm\u00e4\u00dfiges M\u00e4hen<\/li>\n<li>Serienm\u00e4\u00dfig gepolsterter Sitz mit hoher R\u00fcckenlehne f\u00fcr mehr Fahrkomfort<\/li>\n<li>Eine Reihe von optionalem Zubeh\u00f6r ist erh\u00e4ltlich<\/li>\n<li>2 Jahre oder 150 Stunden Garantie<\/li>\n<\/ul>\n<\/div>\n<\/div><\/div>\n<div class='col-lg'>                    <\/div>\n<\/p><\/div>\n<\/div>\n<\/div>\n<div class=\"acfd-block acfd-block__category mb-asm-3 container-fluid px-0 bg-default\">\n<div class=\"acfd-product-categories\">\n<h2 class=\"text-left mb-3\">\n        Eins\u00e4tze    <\/h2>\n<div class=\"product-categories_wrapper\">\n         <span\n                data-description=\"Sie haben einen sch\u00f6nen Rasen in Ihrem Garten oder um Ihr Anwesen? Ab Mitte M\u00e4rz wollen Sie Ihren Rasen regelm\u00e4\u00dfig pflegen? Je nach Schnittbreite meistern unsere M\u00e4her alle Gartengr\u00f6\u00dfen.\"                class=\"product-category-single\"> Privat                <sup><i class=\"fa fa-info-circle\" aria-hidden=\"true\"><\/i><\/sup>            <\/span>  <span\n                data-description=\"Unsere M\u00e4her sind mit hochwertigen Kawasaki<sup>&reg;<\/sup>oder Ariens Motoren ausgestattet. Sie liefern \u00fcberdurchschnittliche Leistung und Zuverl\u00e4ssigkeit.\"                class=\"product-category-single\"> Benzin                <sup><i class=\"fa fa-info-circle\" aria-hidden=\"true\"><\/i><\/sup>            <\/span>  <span\n                data-description=\"Beim Einsatz eines passenden Mulchkits in Ihrem M\u00e4her entf\u00e4llt der Seitenauswurf. Das Schnittgut wird fein zerkleinert und gleichm\u00e4\u00dfig nach hinten auf dem Rasen verteilt. Eingebrachter D\u00fcnger verbleibt auf der Fl\u00e4che und die feinen Graspartikel verschwinden fast unsichtbar im Rasen.\"                class=\"product-category-single\"> Optionales Mulchkit                <sup><i class=\"fa fa-info-circle\" aria-hidden=\"true\"><\/i><\/sup>            <\/span>  <span\n                data-description=\"Ariens Aufsitzm\u00e4her bieten hohen Komfort. Schon ab dem Einstiegsmodell verwenden wir hochwertige Sitze. Gro\u00dfe Beinfreiheit und ergonomische Bedienelemente sind Standard.\"                class=\"product-category-single\"> Ride-On (sitzend)                <sup><i class=\"fa fa-info-circle\" aria-hidden=\"true\"><\/i><\/sup>            <\/span>  <span\n                data-description=\"Bei den Modellen APEX und ZENITH haben Sie die Wahl zwischen Seitenauswurf- und Heckauswurf M\u00e4hdecks. Ein Seitenauswurf-M\u00e4hdeck wirft das Schnittgut \u00fcber eine seitliche \u00d6ffnung und einen Deflektor aus. Der starke Luftstrom verteilt es dann auf gro\u00dfer Fl\u00e4che. In Seitenauswurf-M\u00e4hdecks kann ein optionales Mulchkit eingebaut werden. Bei Verwendung eines Mulchkits wird das Schnittgut fein zerkleinert und nach hinten ausgeworfen. Der Seitenauswurf und der Deflektor werden dann verschlossen bzw. abgebaut.\"                class=\"product-category-single\"> Seitenauswurf                <sup><i class=\"fa fa-info-circle\" aria-hidden=\"true\"><\/i><\/sup>            <\/span>  <span\n                data-description=\"Alle Ariens M\u00e4her sind f\u00fcr ebene Rasenfl\u00e4chen geeignet. W\u00e4hlen Sie Ihre Schnittbreite entsprechend Ihrer Fl\u00e4chengr\u00f6\u00dfe und limitierender Engstellen.\"                class=\"product-category-single\"> Flaches Terrain                <sup><i class=\"fa fa-info-circle\" aria-hidden=\"true\"><\/i><\/sup>            <\/span>  <span\n                data-description=\"Ariens M\u00e4her kommen mit welligem Terrain gut zurecht. W\u00e4hlen Sie bei welligem Gel\u00e4nde eher schm\u00e4lere M\u00e4hdecks f\u00fcr ein einheitlicheres Schnittbild.\"                class=\"product-category-single\"> Welliges Terrain                <sup><i class=\"fa fa-info-circle\" aria-hidden=\"true\"><\/i><\/sup>            <\/span>  <span\n                data-description=\"W\u00e4hlen Sie am besten eine Maschine mit breiten R\u00e4dern. \u00dcberschreiten Sie nicht das angegebene Sicherheitslimit von 15\u00b0 Steigung bei Aufsitzm\u00e4hern und 20\u00b0 bei Stand-On M\u00e4hern. W\u00e4hlen Sie bei welligem Gel\u00e4nde eher schm\u00e4lere M\u00e4hdecks f\u00fcr ein einheitlicheres Schnittbild. Das Modell ZENITH verf\u00fcgt serienm\u00e4\u00dfig \u00fcber einen \u00dcberrollschutz. Auf dem APEX kann er nachger\u00fcstet werden.\"                class=\"product-category-single\"> H\u00fcgeliges Terrain                <sup><i class=\"fa fa-info-circle\" aria-hidden=\"true\"><\/i><\/sup>            <\/span>  <span\n                data-description=\"Zero-Turn M\u00e4her sind nicht nur f\u00fcr gro\u00dfe Fl\u00e4chen. Das Modell EDGE mit 86 cm Schnittbreite ist f\u00fcr Fl\u00e4chen ab ca. 800 m\u00b2 und enge Durchfahrten geeignet.\"                class=\"product-category-single\"> Kleine Fl\u00e4chen                <sup><i class=\"fa fa-info-circle\" aria-hidden=\"true\"><\/i><\/sup>            <\/span>     <\/div>\n<\/div>\n<\/div>\n<div class=\"acfd-block acfd-block__twocolumns mb-asm-2 container-fluid container-fluid--force px-0 bg-default\">\n<div class=\"acfd-twocolumns\">\n<div class=\"row\">\n<div class='col-lg-12 mb-4'>\n<div class=\"acfd-product-advantages--wrapper\">\n<h2 class=\"h1 bigger text-color-black text-center mb-5\">\n        Features &#038; Benefits    <\/h2>\n<div class=\"acfd-product-advantages\">\n<div class=\"row\">\n<div class=\"col-md-6 mb-4 content\">\n                    <span class=\"d-block h5 text-color-brand mb-1\">Intuitive Bedienung<\/span><\/p>\n<p>Mit nur zwei Fahrhebeln steuern sie die beiden unabh\u00e4ngig voneinander arbeitenden Radantriebe. Die Pr\u00e4zision und Leichtigkeit dieser Lenkung wird Sie begeistern. Jeder Nutzer wird in k\u00fcrzester Zeit zu einem echten Zero-Turn Profi werden. Probieren Sie es einmal aus.<\/p>\n<\/p><\/div>\n<div class=\"col-md-6 mb4 image\"  style=\"background-image:url(https:\/\/www.ariens.eu\/de\/wp-content\/uploads\/sites\/3\/2024\/05\/intuitive-control.webp)\">\n                <\/div>\n<\/p><\/div>\n<div class=\"row\">\n<div class=\"col-md-6 mb-4 content\">\n                    <span class=\"d-block h5 text-color-brand mb-1\">Sehr gute Qualit\u00e4t des Schnittes<\/span><\/p>\n<p>Geschwei\u00dftes M\u00e4hdeck des EDGE 42\u201c mit zwei Messern. Optionaler Mulch-Kit.<\/p>\n<\/p><\/div>\n<div class=\"col-md-6 mb4 image\"  style=\"background-image:url(https:\/\/www.ariens.eu\/de\/wp-content\/uploads\/sites\/3\/2024\/12\/quality-of-cut.png)\">\n                <\/div>\n<\/p><\/div>\n<div class=\"row\">\n<div class=\"col-md-6 mb-4 content\">\n                    <span class=\"d-block h5 text-color-brand mb-1\">Breitere Bereifung<\/span><\/p>\n<p>Die Reifen mit gro\u00dfem Durchmesser und breiter Aufstandfl\u00e4che bieten h\u00f6here Traktion und ein ruhigeres und angenehmes Fahrgef\u00fchl.<\/p>\n<\/p><\/div>\n<div class=\"col-md-6 mb4 image\"  style=\"background-image:url(https:\/\/www.ariens.eu\/de\/wp-content\/uploads\/sites\/3\/2024\/05\/larger-tires.webp)\">\n                <\/div>\n<\/p><\/div>\n<div class=\"row\">\n<div class=\"col-md-6 mb-4 content\">\n                    <span class=\"d-block h5 text-color-brand mb-1\">Komfort<\/span><\/p>\n<p>Der konturierte Sitz des EDGE hat einen gro\u00dfen, verstellbaren Ausschnitt. So kann die Luft zirkulieren und der R\u00fccken bleibt trocken, was den Fahrkomfort bei hohen Au\u00dfentemperaturen erh\u00f6ht.<\/p>\n<p>Farbe CE-Modelle: grau<\/p>\n<\/p><\/div>\n<div class=\"col-md-6 mb4 image\"  style=\"background-image:url(https:\/\/www.ariens.eu\/de\/wp-content\/uploads\/sites\/3\/2024\/12\/seating-comfort.png)\">\n                <\/div>\n<\/p><\/div>\n<div class=\"row\">\n<div class=\"col-md-6 mb-4 content\">\n                    <span class=\"d-block h5 text-color-brand mb-1\">Schnitth\u00f6henverstellung<\/span><\/p>\n<p>Mit dem leicht zug\u00e4nglichen Hebel an der Sitzseite kann die Schnitth\u00f6he in 7 Stufen von 3,8 cm bis 11,4 cm eingestellt werden. Das Anheben des M\u00e4hdecks erfolgt dabei bequem \u00fcber ein Fu\u00dfpedal.<\/p>\n<\/p><\/div>\n<div class=\"col-md-6 mb4 image\"  style=\"background-image:url(https:\/\/www.ariens.eu\/de\/wp-content\/uploads\/sites\/3\/2024\/12\/cutting-height-adjustment.png)\">\n                <\/div>\n<\/p><\/div>\n<div class=\"row\">\n<div class=\"col-md-6 mb-4 content\">\n                    <span class=\"d-block h5 text-color-brand mb-1\">Ariens Motor<\/span><\/p>\n<p>Angetrieben wird der EDGE vom zuverl\u00e4ssigen Ariens 635 cm\u00b3 Zweizylinder, Stufe V, OHV-Motor.<\/p>\n<\/p><\/div>\n<div class=\"col-md-6 mb4 image\"  style=\"background-image:url(https:\/\/www.ariens.eu\/de\/wp-content\/uploads\/sites\/3\/2024\/05\/ariens-edge-zero-turn-635cc-twin-cylinder-ariens-engine.webp)\">\n                <\/div>\n<\/p><\/div>\n<\/p><\/div>\n<\/div><\/div>\n<div class='col-lg'>                    <\/div>\n<\/p><\/div>\n<\/div>\n<\/div>\n","protected":false},"excerpt":{"rendered":"<p>Bringt die Schnelligkeit und Spa\u00df beim M\u00e4hen in Ihren Garten Nutzen Sie die Vorteile eines Zero-Turn M\u00e4hers in Ihrem Garten. M\u00e4hen Sie wendiger und komfortabler als mit jedem Rasentraktor und haben Sie Spa\u00df dabei. Ein robuster Rahmen, ein wartungsfreier Radantrieb und ein starker Motor werden Ihnen \u00fcber Jahre hinweg zuverl\u00e4ssig dienen. Ausgestattet mit einem 86cm [&hellip;]<\/p>\n","protected":false},"featured_media":4732,"comment_status":"open","ping_status":"closed","template":"","meta":{"_acf_changed":false,"_relevanssi_hide_post":"","_relevanssi_hide_content":"","_relevanssi_pin_for_all":"","_relevanssi_pin_keywords":"","_relevanssi_unpin_keywords":"","_relevanssi_related_keywords":"","_relevanssi_related_include_ids":"","_relevanssi_related_exclude_ids":"","_relevanssi_related_no_append":"","_relevanssi_related_not_related":"","_relevanssi_related_posts":"","_relevanssi_noindex_reason":""},"product_cat":[15],"product_tag":[],"acf":[],"yoast_head":"<!-- This site is optimized with the Yoast SEO plugin v23.0 - https:\/\/yoast.com\/wordpress\/plugins\/seo\/ -->\n<title>EDGE 34 - F\u00fcr mittelgro\u00dfe Rasenfl\u00e4chen | Ariens Zero-Turn-Rasenm\u00e4her<\/title>\n<meta name=\"description\" content=\"Der EDGE 34 Zero-Turn Aufsitzm\u00e4her ist vollgepackt mit kommerziellen Funktionen, einschlie\u00dflich eines 34&quot; M\u00e4hdecks, um Ihren Traumgarten zu gestalten.\" \/>\n<meta name=\"robots\" content=\"index, follow, max-snippet:-1, max-image-preview:large, max-video-preview:-1\" \/>\n<link rel=\"canonical\" href=\"https:\/\/www.ariens.eu\/de\/produkt\/zero-turn-maeher\/edge-serie\/edge-34\/\" \/>\n<meta property=\"og:locale\" content=\"de_DE\" \/>\n<meta property=\"og:type\" content=\"article\" \/>\n<meta property=\"og:title\" content=\"EDGE 34 - F\u00fcr mittelgro\u00dfe Rasenfl\u00e4chen | Ariens Zero-Turn-Rasenm\u00e4her\" \/>\n<meta property=\"og:description\" content=\"Der EDGE 34 Zero-Turn Aufsitzm\u00e4her ist vollgepackt mit kommerziellen Funktionen, einschlie\u00dflich eines 34&quot; M\u00e4hdecks, um Ihren Traumgarten zu gestalten.\" \/>\n<meta property=\"og:url\" content=\"https:\/\/www.ariens.eu\/de\/produkt\/zero-turn-maeher\/edge-serie\/edge-34\/\" \/>\n<meta property=\"og:site_name\" content=\"Ariens | EMEAA\" \/>\n<meta property=\"article:modified_time\" content=\"2026-02-25T10:37:23+00:00\" \/>\n<meta property=\"og:image\" content=\"https:\/\/www.ariens.eu\/de\/wp-content\/uploads\/sites\/3\/2024\/11\/ariens-edge-my25-3-4.png\" \/>\n\t<meta property=\"og:image:width\" content=\"1024\" \/>\n\t<meta property=\"og:image:height\" content=\"720\" \/>\n\t<meta property=\"og:image:type\" content=\"image\/png\" \/>\n<meta name=\"twitter:card\" content=\"summary_large_image\" \/>\n<meta name=\"twitter:label1\" content=\"Gesch\u00e4tzte Lesezeit\" \/>\n\t<meta name=\"twitter:data1\" content=\"2\u00a0Minuten\" \/>\n<script type=\"application\/ld+json\" class=\"yoast-schema-graph\">{\"@context\":\"https:\/\/schema.org\",\"@graph\":[{\"@type\":\"WebPage\",\"@id\":\"https:\/\/www.ariens.eu\/de\/produkt\/zero-turn-maeher\/edge-serie\/edge-34\/\",\"url\":\"https:\/\/www.ariens.eu\/de\/produkt\/zero-turn-maeher\/edge-serie\/edge-34\/\",\"name\":\"EDGE 34 - F\u00fcr mittelgro\u00dfe Rasenfl\u00e4chen | Ariens Zero-Turn-Rasenm\u00e4her\",\"isPartOf\":{\"@id\":\"https:\/\/www.ariens.eu\/de\/#website\"},\"primaryImageOfPage\":{\"@id\":\"https:\/\/www.ariens.eu\/de\/produkt\/zero-turn-maeher\/edge-serie\/edge-34\/#primaryimage\"},\"image\":{\"@id\":\"https:\/\/www.ariens.eu\/de\/produkt\/zero-turn-maeher\/edge-serie\/edge-34\/#primaryimage\"},\"thumbnailUrl\":\"https:\/\/www.ariens.eu\/de\/wp-content\/uploads\/sites\/3\/2024\/11\/ariens-edge-my25-3-4.png\",\"datePublished\":\"2024-05-10T10:04:36+00:00\",\"dateModified\":\"2026-02-25T10:37:23+00:00\",\"description\":\"Der EDGE 34 Zero-Turn Aufsitzm\u00e4her ist vollgepackt mit kommerziellen Funktionen, einschlie\u00dflich eines 34\\\" M\u00e4hdecks, um Ihren Traumgarten zu gestalten.\",\"breadcrumb\":{\"@id\":\"https:\/\/www.ariens.eu\/de\/produkt\/zero-turn-maeher\/edge-serie\/edge-34\/#breadcrumb\"},\"inLanguage\":\"de\",\"potentialAction\":[{\"@type\":\"ReadAction\",\"target\":[\"https:\/\/www.ariens.eu\/de\/produkt\/zero-turn-maeher\/edge-serie\/edge-34\/\"]}]},{\"@type\":\"ImageObject\",\"inLanguage\":\"de\",\"@id\":\"https:\/\/www.ariens.eu\/de\/produkt\/zero-turn-maeher\/edge-serie\/edge-34\/#primaryimage\",\"url\":\"https:\/\/www.ariens.eu\/de\/wp-content\/uploads\/sites\/3\/2024\/11\/ariens-edge-my25-3-4.png\",\"contentUrl\":\"https:\/\/www.ariens.eu\/de\/wp-content\/uploads\/sites\/3\/2024\/11\/ariens-edge-my25-3-4.png\",\"width\":1024,\"height\":720,\"caption\":\"Ariens Zero-Turn model EDGE\"},{\"@type\":\"BreadcrumbList\",\"@id\":\"https:\/\/www.ariens.eu\/de\/produkt\/zero-turn-maeher\/edge-serie\/edge-34\/#breadcrumb\",\"itemListElement\":[{\"@type\":\"ListItem\",\"position\":1,\"name\":\"Home\",\"item\":\"https:\/\/www.ariens.eu\/de\/\"},{\"@type\":\"ListItem\",\"position\":2,\"name\":\"Shop\",\"item\":\"https:\/\/www.ariens.eu\/de\/shop\/\"},{\"@type\":\"ListItem\",\"position\":3,\"name\":\"EDGE 34\"}]},{\"@type\":\"WebSite\",\"@id\":\"https:\/\/www.ariens.eu\/de\/#website\",\"url\":\"https:\/\/www.ariens.eu\/de\/\",\"name\":\"Ariens | EMEAA\",\"description\":\"Powerful and reliable zero-turn mowers &amp; snow blowers for professional users and demanding private customers\",\"potentialAction\":[{\"@type\":\"SearchAction\",\"target\":{\"@type\":\"EntryPoint\",\"urlTemplate\":\"https:\/\/www.ariens.eu\/de\/?s={search_term_string}\"},\"query-input\":\"required name=search_term_string\"}],\"inLanguage\":\"de\"}]}<\/script>\n<!-- \/ Yoast SEO plugin. -->","yoast_head_json":{"title":"EDGE 34 - F\u00fcr mittelgro\u00dfe Rasenfl\u00e4chen | Ariens Zero-Turn-Rasenm\u00e4her","description":"Der EDGE 34 Zero-Turn Aufsitzm\u00e4her ist vollgepackt mit kommerziellen Funktionen, einschlie\u00dflich eines 34\" M\u00e4hdecks, um Ihren Traumgarten zu gestalten.","robots":{"index":"index","follow":"follow","max-snippet":"max-snippet:-1","max-image-preview":"max-image-preview:large","max-video-preview":"max-video-preview:-1"},"canonical":"https:\/\/www.ariens.eu\/de\/produkt\/zero-turn-maeher\/edge-serie\/edge-34\/","og_locale":"de_DE","og_type":"article","og_title":"EDGE 34 - F\u00fcr mittelgro\u00dfe Rasenfl\u00e4chen | Ariens Zero-Turn-Rasenm\u00e4her","og_description":"Der EDGE 34 Zero-Turn Aufsitzm\u00e4her ist vollgepackt mit kommerziellen Funktionen, einschlie\u00dflich eines 34\" M\u00e4hdecks, um Ihren Traumgarten zu gestalten.","og_url":"https:\/\/www.ariens.eu\/de\/produkt\/zero-turn-maeher\/edge-serie\/edge-34\/","og_site_name":"Ariens | EMEAA","article_modified_time":"2026-02-25T10:37:23+00:00","og_image":[{"width":1024,"height":720,"url":"https:\/\/www.ariens.eu\/de\/wp-content\/uploads\/sites\/3\/2024\/11\/ariens-edge-my25-3-4.png","type":"image\/png"}],"twitter_card":"summary_large_image","twitter_misc":{"Gesch\u00e4tzte Lesezeit":"2\u00a0Minuten"},"schema":{"@context":"https:\/\/schema.org","@graph":[{"@type":"WebPage","@id":"https:\/\/www.ariens.eu\/de\/produkt\/zero-turn-maeher\/edge-serie\/edge-34\/","url":"https:\/\/www.ariens.eu\/de\/produkt\/zero-turn-maeher\/edge-serie\/edge-34\/","name":"EDGE 34 - F\u00fcr mittelgro\u00dfe Rasenfl\u00e4chen | Ariens Zero-Turn-Rasenm\u00e4her","isPartOf":{"@id":"https:\/\/www.ariens.eu\/de\/#website"},"primaryImageOfPage":{"@id":"https:\/\/www.ariens.eu\/de\/produkt\/zero-turn-maeher\/edge-serie\/edge-34\/#primaryimage"},"image":{"@id":"https:\/\/www.ariens.eu\/de\/produkt\/zero-turn-maeher\/edge-serie\/edge-34\/#primaryimage"},"thumbnailUrl":"https:\/\/www.ariens.eu\/de\/wp-content\/uploads\/sites\/3\/2024\/11\/ariens-edge-my25-3-4.png","datePublished":"2024-05-10T10:04:36+00:00","dateModified":"2026-02-25T10:37:23+00:00","description":"Der EDGE 34 Zero-Turn Aufsitzm\u00e4her ist vollgepackt mit kommerziellen Funktionen, einschlie\u00dflich eines 34\" M\u00e4hdecks, um Ihren Traumgarten zu gestalten.","breadcrumb":{"@id":"https:\/\/www.ariens.eu\/de\/produkt\/zero-turn-maeher\/edge-serie\/edge-34\/#breadcrumb"},"inLanguage":"de","potentialAction":[{"@type":"ReadAction","target":["https:\/\/www.ariens.eu\/de\/produkt\/zero-turn-maeher\/edge-serie\/edge-34\/"]}]},{"@type":"ImageObject","inLanguage":"de","@id":"https:\/\/www.ariens.eu\/de\/produkt\/zero-turn-maeher\/edge-serie\/edge-34\/#primaryimage","url":"https:\/\/www.ariens.eu\/de\/wp-content\/uploads\/sites\/3\/2024\/11\/ariens-edge-my25-3-4.png","contentUrl":"https:\/\/www.ariens.eu\/de\/wp-content\/uploads\/sites\/3\/2024\/11\/ariens-edge-my25-3-4.png","width":1024,"height":720,"caption":"Ariens Zero-Turn model EDGE"},{"@type":"BreadcrumbList","@id":"https:\/\/www.ariens.eu\/de\/produkt\/zero-turn-maeher\/edge-serie\/edge-34\/#breadcrumb","itemListElement":[{"@type":"ListItem","position":1,"name":"Home","item":"https:\/\/www.ariens.eu\/de\/"},{"@type":"ListItem","position":2,"name":"Shop","item":"https:\/\/www.ariens.eu\/de\/shop\/"},{"@type":"ListItem","position":3,"name":"EDGE 34"}]},{"@type":"WebSite","@id":"https:\/\/www.ariens.eu\/de\/#website","url":"https:\/\/www.ariens.eu\/de\/","name":"Ariens | EMEAA","description":"Powerful and reliable zero-turn mowers &amp; snow blowers for professional users and demanding private customers","potentialAction":[{"@type":"SearchAction","target":{"@type":"EntryPoint","urlTemplate":"https:\/\/www.ariens.eu\/de\/?s={search_term_string}"},"query-input":"required name=search_term_string"}],"inLanguage":"de"}]}},"_links":{"self":[{"href":"https:\/\/www.ariens.eu\/de\/wp-json\/wp\/v2\/product\/2323"}],"collection":[{"href":"https:\/\/www.ariens.eu\/de\/wp-json\/wp\/v2\/product"}],"about":[{"href":"https:\/\/www.ariens.eu\/de\/wp-json\/wp\/v2\/types\/product"}],"replies":[{"embeddable":true,"href":"https:\/\/www.ariens.eu\/de\/wp-json\/wp\/v2\/comments?post=2323"}],"wp:featuredmedia":[{"embeddable":true,"href":"https:\/\/www.ariens.eu\/de\/wp-json\/wp\/v2\/media\/4732"}],"wp:attachment":[{"href":"https:\/\/www.ariens.eu\/de\/wp-json\/wp\/v2\/media?parent=2323"}],"wp:term":[{"taxonomy":"product_cat","embeddable":true,"href":"https:\/\/www.ariens.eu\/de\/wp-json\/wp\/v2\/product_cat?post=2323"},{"taxonomy":"product_tag","embeddable":true,"href":"https:\/\/www.ariens.eu\/de\/wp-json\/wp\/v2\/product_tag?post=2323"}],"curies":[{"name":"wp","href":"https:\/\/api.w.org\/{rel}","templated":true}]}}