{"id":2336,"date":"2024-05-10T11:04:36","date_gmt":"2024-05-10T10:04:36","guid":{"rendered":"https:\/\/www.ariens.eu\/product\/zenith-60r\/"},"modified":"2026-02-25T10:41:30","modified_gmt":"2026-02-25T10:41:30","slug":"zenith-60r","status":"publish","type":"product","link":"https:\/\/www.ariens.eu\/de\/produkt\/zero-turn-mowers\/zenith-serie\/zenith-60r","title":{"rendered":"ZENITH 60R"},"content":{"rendered":"<div class=\"acfd-block acfd-block__twocolumns container-fluid px-0 bg-default\">\n<div class=\"acfd-twocolumns\">\n<div class=\"row\">\n<div class='col-lg-9 mb-4'>\n<div class=\"acfd-block acfd-block__headline container-fluid px-0 bg-default\">\n<div class=\"acfd-headline\" >\n<h2 class='h2 text-left'>Leistung und Komfort wie kommunale Anwender es sich w\u00fcnschen &#8211; mit Heckauswurf<\/h2>\n<\/p><\/div>\n<\/div><\/div>\n<div class='col-lg'>                    <\/div>\n<\/p><\/div>\n<\/div>\n<\/div>\n<div class=\"acfd-block acfd-block__twocolumns mb-asm-1 container-fluid px-0 bg-default\">\n<div class=\"acfd-twocolumns\">\n<div class=\"row\">\n<div class='col-lg-9 mb-4'>\n<div class=\"acfd-block acfd-block__text container-fluid px-0 bg-default\">\n<div class=\"acfd-text\">\n<p>All unsere Erfahrung in einer Maschine f\u00fcr den t\u00e4glichen, professionellen und kommunalen Einsatz. Das Maximum an Leistung, Haltbarkeit und Komfort. Darauf k\u00f6nnen Sie sich verlassen. Jeden Tag.<\/p>\n<p>Die Wahl f\u00fcr echte M\u00e4h-Profis und gr\u00f6\u00dfte Fl\u00e4chen. Das \u201eR\u201c beim ZENITH 60R steht f\u00fcr \u201erear-discharge\u201c also Heckauswurf. Das gem\u00e4hte Gras wird nach hinten, zwischen den R\u00e4dern hindurch ausgeworfen. Vorteil: Das M\u00e4hgut wird nicht auf Wege oder in Beete geworfen. Kawasaki Profi-Motor FX730V, 726 cm3 mit Doppel-Luftfilter. Gefederte Radgabeln und ged\u00e4mpfter, einstellbarer Komfortsitz f\u00fcr ein Maximum an Fahrkomfort. Profi-M\u00e4hdeck mit 152 cm Schnittbreite. Mit Seitenauswurf oder optionalem Muchkit zu verwenden. Serienm\u00e4\u00dfig mit ROPS und Profi Garantie.<\/p>\n<ul>\n<li>Der ZENITH 60R verf\u00fcgt \u00fcber ein 152 cm (60&#8243;) langes Heckauswurfdeck aus stabilem 10er-Stahl<\/li>\n<li>Angetrieben von einem professionellen 726cc Kawasaki<sup>&reg;<\/sup> FX730V V-Twin-Motor<\/li>\n<li>Branchenf\u00fchrender, vollverschwei\u00dfter Stahlrohrrahmen<\/li>\n<li>Das CBT-System (Constant Belt Tension) verl\u00e4ngert die Lebensdauer des Riemens<\/li>\n<li>Der serienm\u00e4\u00dfige ROPS bietet zus\u00e4tzlichen Schutz f\u00fcr den Fahrer<\/li>\n<li>Gefederte Vorderradgabel und voll gefederter Sitz f\u00fcr ein ruhigeres Fahrgef\u00fchl<\/li>\n<li>Mit dem Fu\u00df zu bedienendes, vertikales Hubsystem mit 15 Schneidpositionen<\/li>\n<li>Eine Reihe von optionalem Zubeh\u00f6r ist erh\u00e4ltlich<\/li>\n<li>4 Jahre oder 750 Betriebsstunden Garantie<\/li>\n<\/ul>\n<\/div>\n<\/div><\/div>\n<div class='col-lg'>                    <\/div>\n<\/p><\/div>\n<\/div>\n<\/div>\n<div class=\"acfd-block acfd-block__twocolumns container-fluid container-fluid--force px-0 bg-default\">\n<div class=\"acfd-twocolumns\">\n<div class=\"row\">\n<div class='col-lg-12 mb-4'>\n<div class=\"acfd-product-advantages--wrapper\">\n<h2 class=\"h1 bigger text-color-black text-center mb-5\">\n        Features &#038; Benefits    <\/h2>\n<div class=\"acfd-product-advantages\">\n<div class=\"row\">\n<div class=\"col-md-6 mb-4 content\">\n                    <span class=\"d-block h5 text-color-brand mb-1\">Modernste Rahmenkonstruktion<\/span><\/p>\n<p>Gro\u00dfdimensionierter Rohrrahmen und so wenig wie m\u00f6glich Schwei\u00dfn\u00e4hten, durch Automotive-Biegetechnik, tragen die Lasten der Maschine mit beispielloser St\u00e4rke und Stabilit\u00e4t.<\/p>\n<\/p><\/div>\n<div class=\"col-md-6 mb4 image\"  style=\"background-image:url(https:\/\/www.ariens.eu\/de\/wp-content\/uploads\/sites\/3\/2024\/05\/frame.webp)\">\n                <\/div>\n<\/p><\/div>\n<div class=\"row\">\n<div class=\"col-md-6 mb-4 content\">\n                    <span class=\"d-block h5 text-color-brand mb-1\">Neues ENVY M\u00e4hwerk<\/span><\/p>\n<p>Das M\u00e4hdeck ist das am st\u00e4rksten belastete Bauteil eines Rasenm\u00e4hers. Stabilit\u00e4t ist hier besonders wichtig: Das neue ENVY-M\u00e4hdeck hat einen verbesserten Luftstrom und einen vergr\u00f6\u00dferten Auswurf. Liegendes Gras wird h\u00f6her angehoben und perfekt geschnitten. Mit 4-Punkt-Aufh\u00e4ngung f\u00fcr dauerhafte Fixierung und Parallelit\u00e4t. Au\u00dferdem sind die Messerspindeln aus geschmiedetem Aluminium gefertigt. Sie laufen k\u00fchler und sind sto\u00df- und vibrationsfester als Guss-Spindeln. Standardm\u00e4\u00dfig im Laufe der Saison 2025 bei APEX und ZENITH &amp; dem neuen IKON.<\/p>\n<\/p><\/div>\n<div class=\"col-md-6 mb4 image\"  style=\"background-image:url(https:\/\/www.ariens.eu\/de\/wp-content\/uploads\/sites\/3\/2024\/12\/envy-deck.png)\">\n                <\/div>\n<\/p><\/div>\n<div class=\"row\">\n<div class=\"col-md-6 mb-4 content\">\n                    <span class=\"d-block h5 text-color-brand mb-1\">Automatisches riemenspanner System<\/span><\/p>\n<p>Die automatische CBT (Constant-Belt-Tension) Technologie h\u00e4lt die Riemenspannung des M\u00e4hdecks immer konstant. Dies erh\u00f6ht die Lebensdauer des Riemens, gleicht Verschlei\u00df aus und verhindert Riemenschlupf f\u00fcr ein dauerhaft hochwertiges Schnittbild.<\/p>\n<\/p><\/div>\n<div class=\"col-md-6 mb4 image\"  style=\"background-image:url(https:\/\/www.ariens.eu\/de\/wp-content\/uploads\/sites\/3\/2024\/05\/apex-feature-3.webp)\">\n                <\/div>\n<\/p><\/div>\n<div class=\"row\">\n<div class=\"col-md-6 mb-4 content\">\n                    <span class=\"d-block h5 text-color-brand mb-1\">Rops<\/span><\/p>\n<p>Der serienm\u00e4\u00dfige \u00dcberrollschutz mit Sicherheitsgurt (ROPS) bietet zus\u00e4tzlichen Schutz f\u00fcr den Fahrer. Er ist klappbar und ergonomisch nach hinten geneigt um ein schmerzhaftes Ansto\u00dfen des Ellenbogens bei der Fahrt zu vermeiden.<\/p>\n<\/p><\/div>\n<div class=\"col-md-6 mb4 image\"  style=\"background-image:url(https:\/\/www.ariens.eu\/de\/wp-content\/uploads\/sites\/3\/2024\/05\/ariens-zenith-zero-turn-feature5-rops.webp)\">\n                <\/div>\n<\/p><\/div>\n<div class=\"row\">\n<div class=\"col-md-6 mb-4 content\">\n                    <span class=\"d-block h5 text-color-brand mb-1\">M\u00e4hdeckaushebung per Fusspedal<\/span><\/p>\n<p>Das Anheben des massiven M\u00e4hdecks erfolgt komfortabel und kraftsparend \u00fcber ein Fusspedal. F\u00fcr die Wahl einer der 15 Schnitth\u00f6hen von 3,8 \u2013 12,7 cm wird ein Metallstecker in die jeweilige Aussparung des Displays gesteckt.<\/p>\n<\/p><\/div>\n<div class=\"col-md-6 mb4 image\"  style=\"background-image:url(https:\/\/www.ariens.eu\/de\/wp-content\/uploads\/sites\/3\/2024\/05\/ariens-apex-zero-turn-deck-lift.webp)\">\n                <\/div>\n<\/p><\/div>\n<div class=\"row\">\n<div class=\"col-md-6 mb-4 content\">\n                    <span class=\"d-block h5 text-color-brand mb-1\">Voll Einstellbarer Komfort Sitz<\/span><\/p>\n<p>Maximaler Fahrkomfort ist wesentlich, um produktiv und sicher \u00fcber Stunden hinweg zu arbeiten. Harte St\u00f6\u00dfe und Vibrationen vom Fahrer abzuhalten ist besonders wichtig f\u00fcr sein Wohlbefinden und seine Gesundheit. Die hydro-pneumatische Federung des Fahrersitzes l\u00e4sst sich exakt auf das K\u00f6rpergewicht des Fahrers einstellen. Einstellbare Armlehnen und eine hohe R\u00fcckenlehne erlauben es dem Fahrer seine ideale Sitzposition zu finden. <\/p>\n<\/p><\/div>\n<div class=\"col-md-6 mb4 image\"  style=\"background-image:url(https:\/\/www.ariens.eu\/de\/wp-content\/uploads\/sites\/3\/2024\/05\/ariens-zenith-zero-turn-suspension-seat.webp)\">\n                <\/div>\n<\/p><\/div>\n<div class=\"row\">\n<div class=\"col-md-6 mb-4 content\">\n                    <span class=\"d-block h5 text-color-brand mb-1\">Beleuchtungssatz f\u00fcr die Stra\u00dfenzulassung<\/span><\/p>\n<p>F\u00fcr den Einsatz auf \u00f6ffentlichen Stra\u00dfen ist ein neuer Beleuchtungssatz erh\u00e4ltlich. Einbau durch den Fachhandel.<\/p>\n<\/p><\/div>\n<div class=\"col-md-6 mb4 image\"  style=\"background-image:url(https:\/\/www.ariens.eu\/de\/wp-content\/uploads\/sites\/3\/2024\/12\/stvzo-lichtkit.png)\">\n                <\/div>\n<\/p><\/div>\n<\/p><\/div>\n<\/div><\/div>\n<div class='col-lg'>                    <\/div>\n<\/p><\/div>\n<\/div>\n<\/div>\n","protected":false},"excerpt":{"rendered":"<p>Leistung und Komfort wie kommunale Anwender es sich w\u00fcnschen &#8211; mit Heckauswurf All unsere Erfahrung in einer Maschine f\u00fcr den t\u00e4glichen, professionellen und kommunalen Einsatz. Das Maximum an Leistung, Haltbarkeit und Komfort. Darauf k\u00f6nnen Sie sich verlassen. Jeden Tag. Die Wahl f\u00fcr echte M\u00e4h-Profis und gr\u00f6\u00dfte Fl\u00e4chen. Das \u201eR\u201c beim ZENITH 60R steht f\u00fcr \u201erear-discharge\u201c [&hellip;]<\/p>\n","protected":false},"featured_media":4772,"comment_status":"open","ping_status":"closed","template":"","meta":{"_acf_changed":false,"_relevanssi_hide_post":"","_relevanssi_hide_content":"","_relevanssi_pin_for_all":"","_relevanssi_pin_keywords":"","_relevanssi_unpin_keywords":"","_relevanssi_related_keywords":"","_relevanssi_related_include_ids":"","_relevanssi_related_exclude_ids":"","_relevanssi_related_no_append":"","_relevanssi_related_not_related":"","_relevanssi_related_posts":"","_relevanssi_noindex_reason":""},"product_brand":[],"product_cat":[15],"product_tag":[],"class_list":{"0":"post-2336","1":"product","2":"type-product","3":"status-publish","4":"has-post-thumbnail","6":"product_variant-zenith-serie","7":"product_usage_areas-dienstleister","8":"product_usage_areas-hausmeisterdienste","9":"product_usage_areas-kommunen-bauhoefe","11":"first","12":"instock","13":"shipping-taxable","14":"product-type-simple"},"acf":[],"yoast_head":"<!-- This site is optimized with the Yoast SEO plugin v27.3 - https:\/\/yoast.com\/product\/yoast-seo-wordpress\/ -->\n<title>ZENITH 60R - Ariens gr\u00f6\u00dfter Profi Zero-Turn mit Heckauswurf<\/title>\n<meta name=\"description\" content=\"Mit seinem handels\u00fcblichen Kawasaki FX730v 726cc-Motor und dem 152 cm (60&quot;) langen Heckauswurf-M\u00e4hdeck ist der ZENITH 60R die erste Wahl f\u00fcr Profis.\" \/>\n<meta name=\"robots\" content=\"index, follow, max-snippet:-1, max-image-preview:large, max-video-preview:-1\" \/>\n<link rel=\"canonical\" href=\"https:\/\/www.ariens.eu\/de\/produkt\/zero-turn-maeher\/zenith-serie\/zenith-60r\/\" \/>\n<meta property=\"og:locale\" content=\"de_DE\" \/>\n<meta property=\"og:type\" content=\"article\" \/>\n<meta property=\"og:title\" content=\"ZENITH 60R - Ariens gr\u00f6\u00dfter Profi Zero-Turn mit Heckauswurf\" \/>\n<meta property=\"og:description\" content=\"Mit seinem handels\u00fcblichen Kawasaki FX730v 726cc-Motor und dem 152 cm (60&quot;) langen Heckauswurf-M\u00e4hdeck ist der ZENITH 60R die erste Wahl f\u00fcr Profis.\" \/>\n<meta property=\"og:url\" content=\"https:\/\/www.ariens.eu\/de\/produkt\/zero-turn-maeher\/zenith-serie\/zenith-60r\/\" \/>\n<meta property=\"og:site_name\" content=\"Ariens | EMEAA\" \/>\n<meta property=\"article:modified_time\" content=\"2026-02-25T10:41:30+00:00\" \/>\n<meta property=\"og:image\" content=\"https:\/\/www.ariens.eu\/de\/wp-content\/uploads\/sites\/3\/2024\/05\/ariens-zero-turn-zenith-52-rd-my25.png\" \/>\n\t<meta property=\"og:image:width\" content=\"1024\" \/>\n\t<meta property=\"og:image:height\" content=\"720\" \/>\n\t<meta property=\"og:image:type\" content=\"image\/png\" \/>\n<meta name=\"twitter:card\" content=\"summary_large_image\" \/>\n<meta name=\"twitter:label1\" content=\"Gesch\u00e4tzte Lesezeit\" \/>\n\t<meta name=\"twitter:data1\" content=\"3\u00a0Minuten\" \/>\n<script type=\"application\/ld+json\" class=\"yoast-schema-graph\">{\"@context\":\"https:\\\/\\\/schema.org\",\"@graph\":[{\"@type\":\"WebPage\",\"@id\":\"https:\\\/\\\/www.ariens.eu\\\/de\\\/produkt\\\/zero-turn-maeher\\\/zenith-serie\\\/zenith-60r\\\/\",\"url\":\"https:\\\/\\\/www.ariens.eu\\\/de\\\/produkt\\\/zero-turn-maeher\\\/zenith-serie\\\/zenith-60r\\\/\",\"name\":\"ZENITH 60R - Ariens gr\u00f6\u00dfter Profi Zero-Turn mit Heckauswurf\",\"isPartOf\":{\"@id\":\"https:\\\/\\\/www.ariens.eu\\\/de\\\/#website\"},\"primaryImageOfPage\":{\"@id\":\"https:\\\/\\\/www.ariens.eu\\\/de\\\/produkt\\\/zero-turn-maeher\\\/zenith-serie\\\/zenith-60r\\\/#primaryimage\"},\"image\":{\"@id\":\"https:\\\/\\\/www.ariens.eu\\\/de\\\/produkt\\\/zero-turn-maeher\\\/zenith-serie\\\/zenith-60r\\\/#primaryimage\"},\"thumbnailUrl\":\"https:\\\/\\\/www.ariens.eu\\\/de\\\/wp-content\\\/uploads\\\/sites\\\/3\\\/2024\\\/05\\\/ariens-zero-turn-zenith-52-rd-my25.png\",\"datePublished\":\"2024-05-10T10:04:36+00:00\",\"dateModified\":\"2026-02-25T10:41:30+00:00\",\"description\":\"Mit seinem handels\u00fcblichen Kawasaki FX730v 726cc-Motor und dem 152 cm (60\\\") langen Heckauswurf-M\u00e4hdeck ist der ZENITH 60R die erste Wahl f\u00fcr Profis.\",\"breadcrumb\":{\"@id\":\"https:\\\/\\\/www.ariens.eu\\\/de\\\/produkt\\\/zero-turn-maeher\\\/zenith-serie\\\/zenith-60r\\\/#breadcrumb\"},\"inLanguage\":\"de\",\"potentialAction\":[{\"@type\":\"ReadAction\",\"target\":[\"https:\\\/\\\/www.ariens.eu\\\/de\\\/produkt\\\/zero-turn-maeher\\\/zenith-serie\\\/zenith-60r\\\/\"]}]},{\"@type\":\"ImageObject\",\"inLanguage\":\"de\",\"@id\":\"https:\\\/\\\/www.ariens.eu\\\/de\\\/produkt\\\/zero-turn-maeher\\\/zenith-serie\\\/zenith-60r\\\/#primaryimage\",\"url\":\"https:\\\/\\\/www.ariens.eu\\\/de\\\/wp-content\\\/uploads\\\/sites\\\/3\\\/2024\\\/05\\\/ariens-zero-turn-zenith-52-rd-my25.png\",\"contentUrl\":\"https:\\\/\\\/www.ariens.eu\\\/de\\\/wp-content\\\/uploads\\\/sites\\\/3\\\/2024\\\/05\\\/ariens-zero-turn-zenith-52-rd-my25.png\",\"width\":1024,\"height\":720},{\"@type\":\"BreadcrumbList\",\"@id\":\"https:\\\/\\\/www.ariens.eu\\\/de\\\/produkt\\\/zero-turn-maeher\\\/zenith-serie\\\/zenith-60r\\\/#breadcrumb\",\"itemListElement\":[{\"@type\":\"ListItem\",\"position\":1,\"name\":\"Home\",\"item\":\"https:\\\/\\\/www.ariens.eu\\\/de\\\/\"},{\"@type\":\"ListItem\",\"position\":2,\"name\":\"Shop\",\"item\":\"https:\\\/\\\/www.ariens.eu\\\/de\\\/shop\\\/\"},{\"@type\":\"ListItem\",\"position\":3,\"name\":\"ZENITH 60R\"}]},{\"@type\":\"WebSite\",\"@id\":\"https:\\\/\\\/www.ariens.eu\\\/de\\\/#website\",\"url\":\"https:\\\/\\\/www.ariens.eu\\\/de\\\/\",\"name\":\"Ariens | EMEAA\",\"description\":\"Powerful and reliable zero-turn mowers &amp; snow blowers for professional users and demanding private customers\",\"potentialAction\":[{\"@type\":\"SearchAction\",\"target\":{\"@type\":\"EntryPoint\",\"urlTemplate\":\"https:\\\/\\\/www.ariens.eu\\\/de\\\/?s={search_term_string}\"},\"query-input\":{\"@type\":\"PropertyValueSpecification\",\"valueRequired\":true,\"valueName\":\"search_term_string\"}}],\"inLanguage\":\"de\"}]}<\/script>\n<!-- \/ Yoast SEO plugin. -->","yoast_head_json":{"title":"ZENITH 60R - Ariens gr\u00f6\u00dfter Profi Zero-Turn mit Heckauswurf","description":"Mit seinem handels\u00fcblichen Kawasaki FX730v 726cc-Motor und dem 152 cm (60\") langen Heckauswurf-M\u00e4hdeck ist der ZENITH 60R die erste Wahl f\u00fcr Profis.","robots":{"index":"index","follow":"follow","max-snippet":"max-snippet:-1","max-image-preview":"max-image-preview:large","max-video-preview":"max-video-preview:-1"},"canonical":"https:\/\/www.ariens.eu\/de\/produkt\/zero-turn-maeher\/zenith-serie\/zenith-60r\/","og_locale":"de_DE","og_type":"article","og_title":"ZENITH 60R - Ariens gr\u00f6\u00dfter Profi Zero-Turn mit Heckauswurf","og_description":"Mit seinem handels\u00fcblichen Kawasaki FX730v 726cc-Motor und dem 152 cm (60\") langen Heckauswurf-M\u00e4hdeck ist der ZENITH 60R die erste Wahl f\u00fcr Profis.","og_url":"https:\/\/www.ariens.eu\/de\/produkt\/zero-turn-maeher\/zenith-serie\/zenith-60r\/","og_site_name":"Ariens | EMEAA","article_modified_time":"2026-02-25T10:41:30+00:00","og_image":[{"width":1024,"height":720,"url":"https:\/\/www.ariens.eu\/de\/wp-content\/uploads\/sites\/3\/2024\/05\/ariens-zero-turn-zenith-52-rd-my25.png","type":"image\/png"}],"twitter_card":"summary_large_image","twitter_misc":{"Gesch\u00e4tzte Lesezeit":"3\u00a0Minuten"},"schema":{"@context":"https:\/\/schema.org","@graph":[{"@type":"WebPage","@id":"https:\/\/www.ariens.eu\/de\/produkt\/zero-turn-maeher\/zenith-serie\/zenith-60r\/","url":"https:\/\/www.ariens.eu\/de\/produkt\/zero-turn-maeher\/zenith-serie\/zenith-60r\/","name":"ZENITH 60R - Ariens gr\u00f6\u00dfter Profi Zero-Turn mit Heckauswurf","isPartOf":{"@id":"https:\/\/www.ariens.eu\/de\/#website"},"primaryImageOfPage":{"@id":"https:\/\/www.ariens.eu\/de\/produkt\/zero-turn-maeher\/zenith-serie\/zenith-60r\/#primaryimage"},"image":{"@id":"https:\/\/www.ariens.eu\/de\/produkt\/zero-turn-maeher\/zenith-serie\/zenith-60r\/#primaryimage"},"thumbnailUrl":"https:\/\/www.ariens.eu\/de\/wp-content\/uploads\/sites\/3\/2024\/05\/ariens-zero-turn-zenith-52-rd-my25.png","datePublished":"2024-05-10T10:04:36+00:00","dateModified":"2026-02-25T10:41:30+00:00","description":"Mit seinem handels\u00fcblichen Kawasaki FX730v 726cc-Motor und dem 152 cm (60\") langen Heckauswurf-M\u00e4hdeck ist der ZENITH 60R die erste Wahl f\u00fcr Profis.","breadcrumb":{"@id":"https:\/\/www.ariens.eu\/de\/produkt\/zero-turn-maeher\/zenith-serie\/zenith-60r\/#breadcrumb"},"inLanguage":"de","potentialAction":[{"@type":"ReadAction","target":["https:\/\/www.ariens.eu\/de\/produkt\/zero-turn-maeher\/zenith-serie\/zenith-60r\/"]}]},{"@type":"ImageObject","inLanguage":"de","@id":"https:\/\/www.ariens.eu\/de\/produkt\/zero-turn-maeher\/zenith-serie\/zenith-60r\/#primaryimage","url":"https:\/\/www.ariens.eu\/de\/wp-content\/uploads\/sites\/3\/2024\/05\/ariens-zero-turn-zenith-52-rd-my25.png","contentUrl":"https:\/\/www.ariens.eu\/de\/wp-content\/uploads\/sites\/3\/2024\/05\/ariens-zero-turn-zenith-52-rd-my25.png","width":1024,"height":720},{"@type":"BreadcrumbList","@id":"https:\/\/www.ariens.eu\/de\/produkt\/zero-turn-maeher\/zenith-serie\/zenith-60r\/#breadcrumb","itemListElement":[{"@type":"ListItem","position":1,"name":"Home","item":"https:\/\/www.ariens.eu\/de\/"},{"@type":"ListItem","position":2,"name":"Shop","item":"https:\/\/www.ariens.eu\/de\/shop\/"},{"@type":"ListItem","position":3,"name":"ZENITH 60R"}]},{"@type":"WebSite","@id":"https:\/\/www.ariens.eu\/de\/#website","url":"https:\/\/www.ariens.eu\/de\/","name":"Ariens | EMEAA","description":"Powerful and reliable zero-turn mowers &amp; snow blowers for professional users and demanding private customers","potentialAction":[{"@type":"SearchAction","target":{"@type":"EntryPoint","urlTemplate":"https:\/\/www.ariens.eu\/de\/?s={search_term_string}"},"query-input":{"@type":"PropertyValueSpecification","valueRequired":true,"valueName":"search_term_string"}}],"inLanguage":"de"}]}},"_links":{"self":[{"href":"https:\/\/www.ariens.eu\/de\/wp-json\/wp\/v2\/product\/2336","targetHints":{"allow":["GET"]}}],"collection":[{"href":"https:\/\/www.ariens.eu\/de\/wp-json\/wp\/v2\/product"}],"about":[{"href":"https:\/\/www.ariens.eu\/de\/wp-json\/wp\/v2\/types\/product"}],"replies":[{"embeddable":true,"href":"https:\/\/www.ariens.eu\/de\/wp-json\/wp\/v2\/comments?post=2336"}],"wp:featuredmedia":[{"embeddable":true,"href":"https:\/\/www.ariens.eu\/de\/wp-json\/wp\/v2\/media\/4772"}],"wp:attachment":[{"href":"https:\/\/www.ariens.eu\/de\/wp-json\/wp\/v2\/media?parent=2336"}],"wp:term":[{"taxonomy":"product_brand","embeddable":true,"href":"https:\/\/www.ariens.eu\/de\/wp-json\/wp\/v2\/product_brand?post=2336"},{"taxonomy":"product_cat","embeddable":true,"href":"https:\/\/www.ariens.eu\/de\/wp-json\/wp\/v2\/product_cat?post=2336"},{"taxonomy":"product_tag","embeddable":true,"href":"https:\/\/www.ariens.eu\/de\/wp-json\/wp\/v2\/product_tag?post=2336"}],"curies":[{"name":"wp","href":"https:\/\/api.w.org\/{rel}","templated":true}]}}