{"id":4627,"date":"2024-09-11T06:00:04","date_gmt":"2024-09-11T05:00:04","guid":{"rendered":"https:\/\/www.ariens.eu\/de\/?post_type=product&#038;p=4627"},"modified":"2024-12-12T07:56:12","modified_gmt":"2024-12-12T07:56:12","slug":"road-homologation-lighting-kit","status":"publish","type":"product","link":"https:\/\/www.ariens.eu\/de\/produkt\/accessories\/zero-turn-e-zubehoer\/road-homologation-lighting-kit","title":{"rendered":"Road homologation lighting kit"},"content":{"rendered":"<div class=\"acfd-block acfd-block__headline container-fluid px-0 bg-default\">\n<div class=\"acfd-headline\" >\n<h2 class='h2 text-left'>Sicher sehen und gesehen werden mit dem neuen Ariens Beleuchtungssatz f\u00fcr die Stra\u00dfenzulassung.<\/h2>\n<\/p><\/div>\n<\/div>\n<div class=\"acfd-block acfd-block__text container-fluid px-0 bg-default\">\n<div class=\"acfd-text\">\n<p>Der kommunale Einsatz von Rasentraktoren und Nullwendeger\u00e4ten erfordert die Verwendung von Ger\u00e4ten mit Stra\u00dfenzulassung, wenn zwischen M\u00e4hfl\u00e4chen gewechselt wird und wenn \u00f6ffentliche Wege und Stra\u00dfen benutzt werden.<\/p>\n<\/div>\n<\/div>\n<div class=\"acfd-block acfd-block__headline mt-asm-3 container-fluid px-0 bg-default\">\n<div class=\"acfd-headline\" >\n<h2 class='h2 text-left'>Die Hauptelemente des Beleuchtungssatzes f\u00fcr die Ariens-Stra\u00dfenhomologation sind:<\/h2>\n<\/p><\/div>\n<\/div>\n<div class=\"acfd-block acfd-block__text container-fluid px-0 bg-default\">\n<div class=\"acfd-text\">\n<ul>\n<li>Bedien- und Steuereinheit im Blickfeld des Fahrers, am Bedienhebel<\/li>\n<li>Komplette Beleuchtungsanlage vorne und hinten mit ECE-Kennzeichnung<\/li>\n<li>Blinker vorne und hinten<\/li>\n<li>Nummernschildhalterung<\/li>\n<li>Nummernschildbeleuchtung<\/li>\n<li>Geschwindigkeitsanzeige<\/li>\n<li>Warnleuchte<\/li>\n<li>R\u00fcckstrahler<\/li>\n<li>Hupe<\/li>\n<\/ul>\n<\/div>\n<\/div>\n<div class=\"acfd-block acfd-block__twocolumns container-fluid px-0 bg-default\">\n<div class=\"acfd-twocolumns\">\n<div class=\"row\">\n<div class='col-lg-12 mb-4'>\n<div class=\"acfd-product-advantages--wrapper\">\n<h2 class=\"h1 bigger text-color-black text-center mb-5\">\n        Features &#038; Benefits    <\/h2>\n<div class=\"acfd-product-advantages\">\n<div class=\"row\">\n<div class=\"col-md-6 mb-4 content\">\n                    <span class=\"d-block h5 text-color-brand mb-1\">Verf\u00fcgbarkeit<\/span><\/p>\n<p>Der Stra\u00dfenzulassungssatz ist nur f\u00fcr die Modellreihen Ariens ZENITH und ZENITH E erh\u00e4ltlich.<\/p>\n<\/p><\/div>\n<div class=\"col-md-6 mb4 image\"  style=\"background-image:url(https:\/\/www.ariens.eu\/de\/wp-content\/uploads\/sites\/3\/2024\/12\/stvzo-lichtkit-models.png)\">\n                <\/div>\n<\/p><\/div>\n<div class=\"row\">\n<div class=\"col-md-6 mb-4 content\">\n                    <span class=\"d-block h5 text-color-brand mb-1\">Installation \/ Nachr\u00fcstung<\/span><\/p>\n<p>Die Nachr\u00fcstung der Stra\u00dfenzulassungsbeleuchtungsanlage erfolgt durch einen Fachh\u00e4ndler. Die Einbauzeit betr\u00e4gt ca. 5 Stunden. Der Stra\u00dfensatz wird nicht serienm\u00e4\u00dfig angeboten.<\/p>\n<\/p><\/div>\n<div class=\"col-md-6 mb4 image\"  style=\"background-image:url(https:\/\/www.ariens.eu\/de\/wp-content\/uploads\/sites\/3\/2024\/12\/stvzo-lichtkit-assembly.png)\">\n                <\/div>\n<\/p><\/div>\n<div class=\"row\">\n<div class=\"col-md-6 mb-4 content\">\n                    <span class=\"d-block h5 text-color-brand mb-1\">Zulassung in Deutschland:<\/span><\/p>\n<p>Ein offizielles T\u00dcV-Gutachten und die Musterbescheinigung erleichtern dem H\u00e4ndler die Durchf\u00fchrung der Pr\u00fcfung bei der \u00f6rtlichen T\u00dcV-Pr\u00fcfstelle.<\/p>\n<\/p><\/div>\n<div class=\"col-md-6 mb4 image\"  style=\"background-image:url(https:\/\/www.ariens.eu\/de\/wp-content\/uploads\/sites\/3\/2024\/12\/stvzo-lichtkit-tuev-logo.png)\">\n                <\/div>\n<\/p><\/div>\n<div class=\"row\">\n<div class=\"col-md-6 mb-4 content\">\n                    <span class=\"d-block h5 text-color-brand mb-1\">Zulassung in Europa:<\/span><\/p>\n<p>In Europa erl\u00e4sst jedes Land seine eigenen nationalen Stra\u00dfenverkehrsvorschriften und Gesetze. Die ECE-Kennzeichnung des Ariens-Stra\u00dfenbeleuchtungssatzes wird in jedem europ\u00e4ischen Land akzeptiert.  Die Verkehrssicherheit kann dann auch in anderen L\u00e4ndern durch eine Einzelgenehmigung gew\u00e4hrleistet werden.<\/p>\n<\/p><\/div>\n<div class=\"col-md-6 mb4 image\"  style=\"background-image:url(https:\/\/www.ariens.eu\/de\/wp-content\/uploads\/sites\/3\/2024\/12\/stvzo-lichtkit-ece-logo.png)\">\n                <\/div>\n<\/p><\/div>\n<\/p><\/div>\n<\/div><\/div>\n<div class='col-lg'>                    <\/div>\n<\/p><\/div>\n<\/div>\n<\/div>\n","protected":false},"excerpt":{"rendered":"<p>Sicher sehen und gesehen werden mit dem neuen Ariens Beleuchtungssatz f\u00fcr die Stra\u00dfenzulassung. Der kommunale Einsatz von Rasentraktoren und Nullwendeger\u00e4ten erfordert die Verwendung von Ger\u00e4ten mit Stra\u00dfenzulassung, wenn zwischen M\u00e4hfl\u00e4chen gewechselt wird und wenn \u00f6ffentliche Wege und Stra\u00dfen benutzt werden. Die Hauptelemente des Beleuchtungssatzes f\u00fcr die Ariens-Stra\u00dfenhomologation sind: Bedien- und Steuereinheit im Blickfeld des Fahrers, [&hellip;]<\/p>\n","protected":false},"featured_media":4653,"comment_status":"open","ping_status":"closed","template":"","meta":{"_acf_changed":false,"_relevanssi_hide_post":"","_relevanssi_hide_content":"","_relevanssi_pin_for_all":"","_relevanssi_pin_keywords":"","_relevanssi_unpin_keywords":"","_relevanssi_related_keywords":"","_relevanssi_related_include_ids":"","_relevanssi_related_exclude_ids":"","_relevanssi_related_no_append":"","_relevanssi_related_not_related":"","_relevanssi_related_posts":"","_relevanssi_noindex_reason":""},"product_brand":[],"product_cat":[15],"product_tag":[],"class_list":{"0":"post-4627","1":"product","2":"type-product","3":"status-publish","4":"has-post-thumbnail","6":"product_variant-zero-turn-e-zubehoer","7":"product_variant-zero-turn-zubehoer","8":"product_variant-accessories","9":"product_usage_areas-dienstleister","10":"product_usage_areas-kommunen-bauhoefe","12":"first","13":"instock","14":"shipping-taxable","15":"product-type-simple"},"acf":[],"yoast_head":"<!-- This site is optimized with the Yoast SEO plugin v27.3 - https:\/\/yoast.com\/product\/yoast-seo-wordpress\/ -->\n<title>Road homologation lighting kit - Ariens | EMEAA<\/title>\n<meta name=\"description\" content=\"Sicher sehen und gesehen werden mit dem neuen Ariens Beleuchtungssatz mit Stra\u00dfenzulassung. Der kommunale Einsatz von Rasentraktoren und Nullwendeger\u00e4ten erfordert den Einsatz von stra\u00dfenzugelassenen Ger\u00e4ten beim Wechsel zwischen M\u00e4hfl\u00e4chen und bei der Benutzung \u00f6ffentlicher Wege und Stra\u00dfen.\" \/>\n<meta name=\"robots\" content=\"index, follow, max-snippet:-1, max-image-preview:large, max-video-preview:-1\" \/>\n<link rel=\"canonical\" href=\"https:\/\/www.ariens.eu\/de\/produkt\/accessories\/zero-turn-e-zubehoer\/road-homologation-lighting-kit\/\" \/>\n<meta property=\"og:locale\" content=\"de_DE\" \/>\n<meta property=\"og:type\" content=\"article\" \/>\n<meta property=\"og:title\" content=\"Road homologation lighting kit - Ariens | EMEAA\" \/>\n<meta property=\"og:description\" content=\"Sicher sehen und gesehen werden mit dem neuen Ariens Beleuchtungssatz mit Stra\u00dfenzulassung. Der kommunale Einsatz von Rasentraktoren und Nullwendeger\u00e4ten erfordert den Einsatz von stra\u00dfenzugelassenen Ger\u00e4ten beim Wechsel zwischen M\u00e4hfl\u00e4chen und bei der Benutzung \u00f6ffentlicher Wege und Stra\u00dfen.\" \/>\n<meta property=\"og:url\" content=\"https:\/\/www.ariens.eu\/de\/produkt\/accessories\/zero-turn-e-zubehoer\/road-homologation-lighting-kit\/\" \/>\n<meta property=\"og:site_name\" content=\"Ariens | EMEAA\" \/>\n<meta property=\"article:modified_time\" content=\"2024-12-12T07:56:12+00:00\" \/>\n<meta property=\"og:image\" content=\"https:\/\/www.ariens.eu\/de\/wp-content\/uploads\/sites\/3\/2024\/09\/stvzo-lichtkit-attachement-1.png\" \/>\n\t<meta property=\"og:image:width\" content=\"4418\" \/>\n\t<meta property=\"og:image:height\" content=\"3196\" \/>\n\t<meta property=\"og:image:type\" content=\"image\/png\" \/>\n<meta name=\"twitter:card\" content=\"summary_large_image\" \/>\n<meta name=\"twitter:label1\" content=\"Gesch\u00e4tzte Lesezeit\" \/>\n\t<meta name=\"twitter:data1\" content=\"2\u00a0Minuten\" \/>\n<script type=\"application\/ld+json\" class=\"yoast-schema-graph\">{\"@context\":\"https:\\\/\\\/schema.org\",\"@graph\":[{\"@type\":\"WebPage\",\"@id\":\"https:\\\/\\\/www.ariens.eu\\\/de\\\/produkt\\\/accessories\\\/zero-turn-e-zubehoer\\\/road-homologation-lighting-kit\\\/\",\"url\":\"https:\\\/\\\/www.ariens.eu\\\/de\\\/produkt\\\/accessories\\\/zero-turn-e-zubehoer\\\/road-homologation-lighting-kit\\\/\",\"name\":\"Road homologation lighting kit - Ariens | EMEAA\",\"isPartOf\":{\"@id\":\"https:\\\/\\\/www.ariens.eu\\\/de\\\/#website\"},\"primaryImageOfPage\":{\"@id\":\"https:\\\/\\\/www.ariens.eu\\\/de\\\/produkt\\\/accessories\\\/zero-turn-e-zubehoer\\\/road-homologation-lighting-kit\\\/#primaryimage\"},\"image\":{\"@id\":\"https:\\\/\\\/www.ariens.eu\\\/de\\\/produkt\\\/accessories\\\/zero-turn-e-zubehoer\\\/road-homologation-lighting-kit\\\/#primaryimage\"},\"thumbnailUrl\":\"https:\\\/\\\/www.ariens.eu\\\/de\\\/wp-content\\\/uploads\\\/sites\\\/3\\\/2024\\\/09\\\/stvzo-lichtkit-attachement-1.png\",\"datePublished\":\"2024-09-11T05:00:04+00:00\",\"dateModified\":\"2024-12-12T07:56:12+00:00\",\"description\":\"Sicher sehen und gesehen werden mit dem neuen Ariens Beleuchtungssatz mit Stra\u00dfenzulassung. Der kommunale Einsatz von Rasentraktoren und Nullwendeger\u00e4ten erfordert den Einsatz von stra\u00dfenzugelassenen Ger\u00e4ten beim Wechsel zwischen M\u00e4hfl\u00e4chen und bei der Benutzung \u00f6ffentlicher Wege und Stra\u00dfen.\",\"breadcrumb\":{\"@id\":\"https:\\\/\\\/www.ariens.eu\\\/de\\\/produkt\\\/accessories\\\/zero-turn-e-zubehoer\\\/road-homologation-lighting-kit\\\/#breadcrumb\"},\"inLanguage\":\"de\",\"potentialAction\":[{\"@type\":\"ReadAction\",\"target\":[\"https:\\\/\\\/www.ariens.eu\\\/de\\\/produkt\\\/accessories\\\/zero-turn-e-zubehoer\\\/road-homologation-lighting-kit\\\/\"]}]},{\"@type\":\"ImageObject\",\"inLanguage\":\"de\",\"@id\":\"https:\\\/\\\/www.ariens.eu\\\/de\\\/produkt\\\/accessories\\\/zero-turn-e-zubehoer\\\/road-homologation-lighting-kit\\\/#primaryimage\",\"url\":\"https:\\\/\\\/www.ariens.eu\\\/de\\\/wp-content\\\/uploads\\\/sites\\\/3\\\/2024\\\/09\\\/stvzo-lichtkit-attachement-1.png\",\"contentUrl\":\"https:\\\/\\\/www.ariens.eu\\\/de\\\/wp-content\\\/uploads\\\/sites\\\/3\\\/2024\\\/09\\\/stvzo-lichtkit-attachement-1.png\",\"width\":4418,\"height\":3196},{\"@type\":\"BreadcrumbList\",\"@id\":\"https:\\\/\\\/www.ariens.eu\\\/de\\\/produkt\\\/accessories\\\/zero-turn-e-zubehoer\\\/road-homologation-lighting-kit\\\/#breadcrumb\",\"itemListElement\":[{\"@type\":\"ListItem\",\"position\":1,\"name\":\"Home\",\"item\":\"https:\\\/\\\/www.ariens.eu\\\/de\\\/\"},{\"@type\":\"ListItem\",\"position\":2,\"name\":\"Shop\",\"item\":\"https:\\\/\\\/www.ariens.eu\\\/de\\\/shop\\\/\"},{\"@type\":\"ListItem\",\"position\":3,\"name\":\"Road homologation lighting kit\"}]},{\"@type\":\"WebSite\",\"@id\":\"https:\\\/\\\/www.ariens.eu\\\/de\\\/#website\",\"url\":\"https:\\\/\\\/www.ariens.eu\\\/de\\\/\",\"name\":\"Ariens | EMEAA\",\"description\":\"Powerful and reliable zero-turn mowers &amp; snow blowers for professional users and demanding private customers\",\"potentialAction\":[{\"@type\":\"SearchAction\",\"target\":{\"@type\":\"EntryPoint\",\"urlTemplate\":\"https:\\\/\\\/www.ariens.eu\\\/de\\\/?s={search_term_string}\"},\"query-input\":{\"@type\":\"PropertyValueSpecification\",\"valueRequired\":true,\"valueName\":\"search_term_string\"}}],\"inLanguage\":\"de\"}]}<\/script>\n<!-- \/ Yoast SEO plugin. -->","yoast_head_json":{"title":"Road homologation lighting kit - Ariens | EMEAA","description":"Sicher sehen und gesehen werden mit dem neuen Ariens Beleuchtungssatz mit Stra\u00dfenzulassung. Der kommunale Einsatz von Rasentraktoren und Nullwendeger\u00e4ten erfordert den Einsatz von stra\u00dfenzugelassenen Ger\u00e4ten beim Wechsel zwischen M\u00e4hfl\u00e4chen und bei der Benutzung \u00f6ffentlicher Wege und Stra\u00dfen.","robots":{"index":"index","follow":"follow","max-snippet":"max-snippet:-1","max-image-preview":"max-image-preview:large","max-video-preview":"max-video-preview:-1"},"canonical":"https:\/\/www.ariens.eu\/de\/produkt\/accessories\/zero-turn-e-zubehoer\/road-homologation-lighting-kit\/","og_locale":"de_DE","og_type":"article","og_title":"Road homologation lighting kit - Ariens | EMEAA","og_description":"Sicher sehen und gesehen werden mit dem neuen Ariens Beleuchtungssatz mit Stra\u00dfenzulassung. Der kommunale Einsatz von Rasentraktoren und Nullwendeger\u00e4ten erfordert den Einsatz von stra\u00dfenzugelassenen Ger\u00e4ten beim Wechsel zwischen M\u00e4hfl\u00e4chen und bei der Benutzung \u00f6ffentlicher Wege und Stra\u00dfen.","og_url":"https:\/\/www.ariens.eu\/de\/produkt\/accessories\/zero-turn-e-zubehoer\/road-homologation-lighting-kit\/","og_site_name":"Ariens | EMEAA","article_modified_time":"2024-12-12T07:56:12+00:00","og_image":[{"width":4418,"height":3196,"url":"https:\/\/www.ariens.eu\/de\/wp-content\/uploads\/sites\/3\/2024\/09\/stvzo-lichtkit-attachement-1.png","type":"image\/png"}],"twitter_card":"summary_large_image","twitter_misc":{"Gesch\u00e4tzte Lesezeit":"2\u00a0Minuten"},"schema":{"@context":"https:\/\/schema.org","@graph":[{"@type":"WebPage","@id":"https:\/\/www.ariens.eu\/de\/produkt\/accessories\/zero-turn-e-zubehoer\/road-homologation-lighting-kit\/","url":"https:\/\/www.ariens.eu\/de\/produkt\/accessories\/zero-turn-e-zubehoer\/road-homologation-lighting-kit\/","name":"Road homologation lighting kit - Ariens | EMEAA","isPartOf":{"@id":"https:\/\/www.ariens.eu\/de\/#website"},"primaryImageOfPage":{"@id":"https:\/\/www.ariens.eu\/de\/produkt\/accessories\/zero-turn-e-zubehoer\/road-homologation-lighting-kit\/#primaryimage"},"image":{"@id":"https:\/\/www.ariens.eu\/de\/produkt\/accessories\/zero-turn-e-zubehoer\/road-homologation-lighting-kit\/#primaryimage"},"thumbnailUrl":"https:\/\/www.ariens.eu\/de\/wp-content\/uploads\/sites\/3\/2024\/09\/stvzo-lichtkit-attachement-1.png","datePublished":"2024-09-11T05:00:04+00:00","dateModified":"2024-12-12T07:56:12+00:00","description":"Sicher sehen und gesehen werden mit dem neuen Ariens Beleuchtungssatz mit Stra\u00dfenzulassung. Der kommunale Einsatz von Rasentraktoren und Nullwendeger\u00e4ten erfordert den Einsatz von stra\u00dfenzugelassenen Ger\u00e4ten beim Wechsel zwischen M\u00e4hfl\u00e4chen und bei der Benutzung \u00f6ffentlicher Wege und Stra\u00dfen.","breadcrumb":{"@id":"https:\/\/www.ariens.eu\/de\/produkt\/accessories\/zero-turn-e-zubehoer\/road-homologation-lighting-kit\/#breadcrumb"},"inLanguage":"de","potentialAction":[{"@type":"ReadAction","target":["https:\/\/www.ariens.eu\/de\/produkt\/accessories\/zero-turn-e-zubehoer\/road-homologation-lighting-kit\/"]}]},{"@type":"ImageObject","inLanguage":"de","@id":"https:\/\/www.ariens.eu\/de\/produkt\/accessories\/zero-turn-e-zubehoer\/road-homologation-lighting-kit\/#primaryimage","url":"https:\/\/www.ariens.eu\/de\/wp-content\/uploads\/sites\/3\/2024\/09\/stvzo-lichtkit-attachement-1.png","contentUrl":"https:\/\/www.ariens.eu\/de\/wp-content\/uploads\/sites\/3\/2024\/09\/stvzo-lichtkit-attachement-1.png","width":4418,"height":3196},{"@type":"BreadcrumbList","@id":"https:\/\/www.ariens.eu\/de\/produkt\/accessories\/zero-turn-e-zubehoer\/road-homologation-lighting-kit\/#breadcrumb","itemListElement":[{"@type":"ListItem","position":1,"name":"Home","item":"https:\/\/www.ariens.eu\/de\/"},{"@type":"ListItem","position":2,"name":"Shop","item":"https:\/\/www.ariens.eu\/de\/shop\/"},{"@type":"ListItem","position":3,"name":"Road homologation lighting kit"}]},{"@type":"WebSite","@id":"https:\/\/www.ariens.eu\/de\/#website","url":"https:\/\/www.ariens.eu\/de\/","name":"Ariens | EMEAA","description":"Powerful and reliable zero-turn mowers &amp; snow blowers for professional users and demanding private customers","potentialAction":[{"@type":"SearchAction","target":{"@type":"EntryPoint","urlTemplate":"https:\/\/www.ariens.eu\/de\/?s={search_term_string}"},"query-input":{"@type":"PropertyValueSpecification","valueRequired":true,"valueName":"search_term_string"}}],"inLanguage":"de"}]}},"_links":{"self":[{"href":"https:\/\/www.ariens.eu\/de\/wp-json\/wp\/v2\/product\/4627","targetHints":{"allow":["GET"]}}],"collection":[{"href":"https:\/\/www.ariens.eu\/de\/wp-json\/wp\/v2\/product"}],"about":[{"href":"https:\/\/www.ariens.eu\/de\/wp-json\/wp\/v2\/types\/product"}],"replies":[{"embeddable":true,"href":"https:\/\/www.ariens.eu\/de\/wp-json\/wp\/v2\/comments?post=4627"}],"wp:featuredmedia":[{"embeddable":true,"href":"https:\/\/www.ariens.eu\/de\/wp-json\/wp\/v2\/media\/4653"}],"wp:attachment":[{"href":"https:\/\/www.ariens.eu\/de\/wp-json\/wp\/v2\/media?parent=4627"}],"wp:term":[{"taxonomy":"product_brand","embeddable":true,"href":"https:\/\/www.ariens.eu\/de\/wp-json\/wp\/v2\/product_brand?post=4627"},{"taxonomy":"product_cat","embeddable":true,"href":"https:\/\/www.ariens.eu\/de\/wp-json\/wp\/v2\/product_cat?post=4627"},{"taxonomy":"product_tag","embeddable":true,"href":"https:\/\/www.ariens.eu\/de\/wp-json\/wp\/v2\/product_tag?post=4627"}],"curies":[{"name":"wp","href":"https:\/\/api.w.org\/{rel}","templated":true}]}}