{"id":5042,"date":"2025-06-26T14:29:28","date_gmt":"2025-06-26T13:29:28","guid":{"rendered":"https:\/\/www.ariens.eu\/de\/?post_type=product&#038;p=5042"},"modified":"2026-02-25T10:47:41","modified_gmt":"2026-02-25T10:47:41","slug":"summit-pro-352","status":"publish","type":"product","link":"https:\/\/www.ariens.eu\/de\/produkt\/zero-turn-mowers\/summit-pro-serie\/summit-pro-352","title":{"rendered":"SUMMIT PRO 352"},"content":{"rendered":"<div class=\"acfd-block acfd-block__headline container-fluid px-0 bg-default\">\n<div class=\"acfd-headline\" >\n<h2 class='h1 text-left li_black bigger'>Ausgewogene Effizienz f\u00fcr vielseitige Aufgaben<\/h2>\n<\/p><\/div>\n<\/div>\n<div class=\"acfd-block acfd-block__text container-fluid px-0 bg-default\">\n<div class=\"acfd-text li_black\">\n<p>F\u00fcr professionelle Landschaftsg\u00e4rtner, die die perfekte Balance zwischen Leistung, Deckgr\u00f6\u00dfe und Effizienz suchen, ist der SUMMIT PRO 352 der Allrounder der Ariens Zero-Turn-Familie. Seine Schnittbreite von 52 Zoll gew\u00e4hrleistet schnelle Ergebnisse auf mittelgro\u00dfen bis gro\u00dfen Rasenfl\u00e4chen, Sportpl\u00e4tzen und Privatgrundst\u00fccken. Optimiert f\u00fcr Leistung und Bedienkomfort, ist er die Maschine, die den Anforderungen eines ganzt\u00e4gigen Einsatzes gerecht wird.<\/p>\n<\/div>\n<\/div>\n<div class=\"acfd-block acfd-block__text container-fluid px-0 bg-default\">\n<div class=\"acfd-text li_black\">\n<p>Langlebigkeit ist Teil der DNA des 352. Von seinem verst\u00e4rkten Rahmen bis hin zum leistungsstarken Antriebssystem ist dieser Zero-Turn-M\u00e4her f\u00fcr den unterbrechungsfreien Einsatz ausgelegt. Verl\u00e4ngerte Wartungsintervalle und eine vereinfachte Wartung tragen zur Kostensenkung bei, w\u00e4hrend die ergonomischen Sitze und die intuitiven Bedienelemente die Erm\u00fcdung \u00fcber lange Zeitr\u00e4ume hinweg reduzieren.<\/p>\n<\/div>\n<\/div>\n<div class=\"acfd-block acfd-block__headline container-fluid px-0 bg-default\">\n<div class=\"acfd-headline\" >\n<h3 class='h2 text-left li_black'>Wichtigste Merkmale und Vorteile<\/h3>\n<\/p><\/div>\n<\/div>\n<div class=\"acfd-block acfd-block__text container-fluid px-0 bg-default\">\n<div class=\"acfd-text li_black\">\n<ul>\n<li>Am besten geeignet f\u00fcr: mittelgro\u00dfe bis gro\u00dfe Fl\u00e4chen, universeller Einsatz<\/li>\n<li>H\u00f6chstgeschwindigkeit: 14,5 km\/h<\/li>\n<li>Leistung: bis zu 19.000 m\u00b2\/h<\/li>\n<li>Garantie: 5 Jahre \/ 1.250 Betriebsstunden (keine Betriebsstundenbegrenzung in den ersten 2 Jahren)<\/li>\n<li>Ideal f\u00fcr Profis, die Wert auf Zuverl\u00e4ssigkeit, Komfort und Wendigkeit legen<\/li>\n<\/ul>\n<\/div>\n<\/div>\n<div class=\"acfd-block acfd-block__twocolumns container-fluid px-0 bg-default\">\n<div class=\"acfd-twocolumns\">\n<div class=\"row\">\n<div class='col-lg-12 mb-4 '>\n<div class=\"acfd-product-advantages--wrapper\">\n<h2 class=\"h1 bigger text-color-black text-center mb-5\">\n        Features &#038; Benefits    <\/h2>\n<div class=\"acfd-product-advantages\">\n<div class=\"row\">\n<div class=\"col-md-6 mb-4 content\">\n                    <span class=\"d-block h5 text-color-brand mb-1\">Neue Hochleistungs-Messerspindeln.<\/span><\/p>\n<p>Die neuen Messerspindeln der ARIENS SUMMIT PRO-Modelle sind aus kaltgeschmiedetem Aluminium gefertigt. Sie sind besonders vibrationsfest und leiten eventuell entstehende W\u00e4rme ab. Sie sind jeweils mit zwei Doppelkugellagern ausgestattet. Die gesamte Einheit ist versiegelt, um Korrosion durch Feuchtigkeit und Schmutz zu verhindern. Maximieren Sie die Lebensdauer und minimieren Sie Ausfallzeiten.<\/p>\n<\/p><\/div>\n<div class=\"col-md-6 mb4 image\"  style=\"background-image:url(https:\/\/www.ariens.eu\/de\/wp-content\/uploads\/sites\/3\/2025\/06\/ariens-advantage-blade-spindle.jpg)\">\n                <\/div>\n<\/p><\/div>\n<div class=\"row\">\n<div class=\"col-md-6 mb-4 content\">\n                    <span class=\"d-block h5 text-color-brand mb-1\">Neues Ariens ENVY-Pro-M\u00e4hdeck<\/span><\/p>\n<p>Das M\u00e4hdeck wurde f\u00fcr eine optimale Grasverteilung und Schnittqualit\u00e4t komplett \u00fcberarbeitet. Es ist aus 4,6 mm starkem Stahlblech geschwei\u00dft und bietet Robustheit f\u00fcr jahrelangen Einsatz. Mit seiner gro\u00dfen Tiefe eignet es sich ideal f\u00fcr die Montage des optionalen Mulchkits.<\/p>\n<\/p><\/div>\n<div class=\"col-md-6 mb4 image\"  style=\"background-image:url(https:\/\/www.ariens.eu\/de\/wp-content\/uploads\/sites\/3\/2025\/06\/ariens-advantage-envy-pro-deck.jpg)\">\n                <\/div>\n<\/p><\/div>\n<div class=\"row\">\n<div class=\"col-md-6 mb-4 content\">\n                    <span class=\"d-block h5 text-color-brand mb-1\">&#8222;Butterweiches&#8220; Anfahren<\/span><\/p>\n<p>Die hochwertigen PARKER<sup>&reg;<\/sup>-Hydrostaten sind f\u00fcr ihr sanftes Ansprechen beim Wechsel von Vorw\u00e4rts- auf R\u00fcckw\u00e4rtsfahrt bekannt. In Kombination mit den gro\u00dfen 24- oder 26-Zoll-R\u00e4dern bieten sie h\u00f6chsten Fahrkomfort und reduzieren das Durchdrehen der R\u00e4der bei Wendeman\u00f6vern. Extra lange \u00d6lwechselintervalle f\u00fcr die Hydrostaten vermeiden l\u00e4stige Werkstattbesuche w\u00e4hrend der Saison.<\/p>\n<\/p><\/div>\n<div class=\"col-md-6 mb4 image\"  style=\"background-image:url(https:\/\/www.ariens.eu\/de\/wp-content\/uploads\/sites\/3\/2025\/06\/ariens-advantage-parker-hydrostats.jpg)\">\n                <\/div>\n<\/p><\/div>\n<div class=\"row\">\n<div class=\"col-md-6 mb-4 content\">\n                    <span class=\"d-block h5 text-color-brand mb-1\">Leistungsstarker Premium-Motor Kawasaki FX 801V<\/span><\/p>\n<p>Hochwertige Komponenten und Materialien f\u00fcr die Rasenpflege in gro\u00dfem Ma\u00dfstab.<\/p>\n<\/p><\/div>\n<div class=\"col-md-6 mb4 image\"  style=\"background-image:url(https:\/\/www.ariens.eu\/de\/wp-content\/uploads\/sites\/3\/2025\/06\/ariens-advantage-300-engine.jpg)\">\n                <\/div>\n<\/p><\/div>\n<div class=\"row\">\n<div class=\"col-md-6 mb-4 content\">\n                    <span class=\"d-block h5 text-color-brand mb-1\">Gewerbliche Parker Hydrostaten<\/span><\/p>\n<p>Die professionellen Parker<sup>&reg;<\/sup> HTJ-Hydrostaten erreichen eine H\u00f6chstgeschwindigkeit von 17 km\/h und verf\u00fcgen \u00fcber eine leistungsstarke 12-cm\u00b3-Pumpe. Die Filter sind von hinten leicht zug\u00e4nglich und somit einfach zu warten. Es handelt sich um vollst\u00e4ndig integrierte Hydrostaten mit wenigen Bauteilen. Dies minimiert das Risiko von \u00d6lverlust und erm\u00f6glicht eine einfache Wartung.<\/p>\n<\/p><\/div>\n<div class=\"col-md-6 mb4 image\"  style=\"background-image:url(https:\/\/www.ariens.eu\/de\/wp-content\/uploads\/sites\/3\/2025\/06\/ariens-advantage-300-transaxle.jpg)\">\n                <\/div>\n<\/p><\/div>\n<div class=\"row\">\n<div class=\"col-md-6 mb-4 content\">\n                    <span class=\"d-block h5 text-color-brand mb-1\">Vollgefederter Sitz<\/span><\/p>\n<p>Die integrierte, mechanische Sitzfederung der ARIENS SUMMIT PRO 300-Serie l\u00e4sst sich pr\u00e4zise an das Gewicht des Fahrers anpassen. Die Armlehnen sind h\u00f6henverstellbar und klappbar. Die verstellbare Lendenwirbelst\u00fctze ist f\u00fcr den Schutz des R\u00fcckens unerl\u00e4sslich.<\/p>\n<\/p><\/div>\n<div class=\"col-md-6 mb4 image\"  style=\"background-image:url(https:\/\/www.ariens.eu\/de\/wp-content\/uploads\/sites\/3\/2025\/06\/ariens-advantage-full-suspended-seat.jpg)\">\n                <\/div>\n<\/p><\/div>\n<div class=\"row\">\n<div class=\"col-md-6 mb-4 content\">\n                    <span class=\"d-block h5 text-color-brand mb-1\">Pannensichere Vorderr\u00e4der<\/span><\/p>\n<p>The large 15\u201d and 360\u00b0 swivelling front wheels are semi-pneumatic. This means that they are completely filled with rubber foam. Flat tyres and loss of pressure are therefore ruled out.<\/p>\n<\/p><\/div>\n<div class=\"col-md-6 mb4 image\"  style=\"background-image:url(https:\/\/www.ariens.eu\/de\/wp-content\/uploads\/sites\/3\/2025\/06\/ariens-advantage-puncture-proof-frnot-wheel.jpg)\">\n                <\/div>\n<\/p><\/div>\n<div class=\"row\">\n<div class=\"col-md-6 mb-4 content\">\n                    <span class=\"d-block h5 text-color-brand mb-1\">Bequeme Schnitth\u00f6henverstellung<\/span><\/p>\n<p>Ein Drehrad erm\u00f6glicht eine einfache H\u00f6henverstellung zwischen 2,5 und 13 cm. Ein federbelastetes Fu\u00dfpedal erleichtert das Anheben des M\u00e4hwerks.<\/p>\n<\/p><\/div>\n<div class=\"col-md-6 mb4 image\"  style=\"background-image:url(https:\/\/www.ariens.eu\/de\/wp-content\/uploads\/sites\/3\/2025\/06\/ariens-advantage-cutting-height-adjustment.jpg)\">\n                <\/div>\n<\/p><\/div>\n<div class=\"row\">\n<div class=\"col-md-6 mb-4 content\">\n                    <span class=\"d-block h5 text-color-brand mb-1\">Gro\u00dfer 48-Liter-Tank<\/span><\/p>\n<p>Das st\u00e4ndige Nachf\u00fcllen des Tanks kostet Zeit und Energie. Aus diesem Grund verf\u00fcgen alle ARIENS SUMMIT PRO-Modelle \u00fcber einen extra gro\u00dfen 48-Liter-Tank, der auch lange Arbeitstage problemlos bew\u00e4ltigt.<\/p>\n<\/p><\/div>\n<div class=\"col-md-6 mb4 image\"  style=\"background-image:url(https:\/\/www.ariens.eu\/de\/wp-content\/uploads\/sites\/3\/2025\/06\/ariens-advantage-large-tank.jpg)\">\n                <\/div>\n<\/p><\/div>\n<div class=\"row\">\n<div class=\"col-md-6 mb-4 content\">\n                    <span class=\"d-block h5 text-color-brand mb-1\">Vollverschwei\u00dfter Rohrrahmen<\/span><\/p>\n<p>Ein Blick gen\u00fcgt, um die Stabilit\u00e4t und St\u00e4rke zu erkennen. Gro\u00dfe Vierkantrohre sind nahtlos miteinander verbunden und bilden einen soliden, langlebigen Rahmen.<\/p>\n<\/p><\/div>\n<div class=\"col-md-6 mb4 image\"  style=\"background-image:url(https:\/\/www.ariens.eu\/de\/wp-content\/uploads\/sites\/3\/2025\/06\/ariens-advantage-tubular-frame.jpg)\">\n                <\/div>\n<\/p><\/div>\n<\/p><\/div>\n<\/div><\/div>\n<div class='col-lg'>                    <\/div>\n<\/p><\/div>\n<\/div>\n<\/div>\n","protected":false},"excerpt":{"rendered":"<p>Ausgewogene Effizienz f\u00fcr vielseitige Aufgaben F\u00fcr professionelle Landschaftsg\u00e4rtner, die die perfekte Balance zwischen Leistung, Deckgr\u00f6\u00dfe und Effizienz suchen, ist der SUMMIT PRO 352 der Allrounder der Ariens Zero-Turn-Familie. Seine Schnittbreite von 52 Zoll gew\u00e4hrleistet schnelle Ergebnisse auf mittelgro\u00dfen bis gro\u00dfen Rasenfl\u00e4chen, Sportpl\u00e4tzen und Privatgrundst\u00fccken. Optimiert f\u00fcr Leistung und Bedienkomfort, ist er die Maschine, die den [&hellip;]<\/p>\n","protected":false},"featured_media":5043,"comment_status":"open","ping_status":"closed","template":"","meta":{"_acf_changed":false,"_relevanssi_hide_post":"","_relevanssi_hide_content":"","_relevanssi_pin_for_all":"","_relevanssi_pin_keywords":"","_relevanssi_unpin_keywords":"","_relevanssi_related_keywords":"","_relevanssi_related_include_ids":"","_relevanssi_related_exclude_ids":"","_relevanssi_related_no_append":"","_relevanssi_related_not_related":"","_relevanssi_related_posts":"","_relevanssi_noindex_reason":""},"product_brand":[],"product_cat":[15],"product_tag":[],"class_list":{"0":"post-5042","1":"product","2":"type-product","3":"status-publish","4":"has-post-thumbnail","6":"product_variant-summit-pro-serie","7":"product_usage_areas-dienstleister","8":"product_usage_areas-hausmeisterdienste","9":"product_usage_areas-kommunen-bauhoefe","11":"first","12":"instock","13":"shipping-taxable","14":"product-type-simple"},"acf":[],"yoast_head":"<!-- This site is optimized with the Yoast SEO plugin v27.3 - https:\/\/yoast.com\/product\/yoast-seo-wordpress\/ -->\n<title>Ariens SUMMIT PRO 352 \u2013 The All-Rounder Zero-Turn Mower for Professionals<\/title>\n<meta name=\"description\" content=\"Der Ariens SUMMIT PRO 352 ist die perfekte Kombination aus Geschwindigkeit, Zuverl\u00e4ssigkeit und universeller Einsatzm\u00f6glichkeit. Er eignet sich ideal f\u00fcr Landschaftsbauprofis, die Leistung und Vielseitigkeit ben\u00f6tigen.\" \/>\n<meta name=\"robots\" content=\"index, follow, max-snippet:-1, max-image-preview:large, max-video-preview:-1\" \/>\n<link rel=\"canonical\" href=\"https:\/\/www.ariens.eu\/de\/produkt\/zero-turn-maeher\/summit-pro-series\/summit-pro-352\/\" \/>\n<meta property=\"og:locale\" content=\"de_DE\" \/>\n<meta property=\"og:type\" content=\"article\" \/>\n<meta property=\"og:title\" content=\"Ariens SUMMIT PRO 352 \u2013 The All-Rounder Zero-Turn Mower for Professionals\" \/>\n<meta property=\"og:description\" content=\"Der Ariens SUMMIT PRO 352 ist die perfekte Kombination aus Geschwindigkeit, Zuverl\u00e4ssigkeit und universeller Einsatzm\u00f6glichkeit. Er eignet sich ideal f\u00fcr Landschaftsbauprofis, die Leistung und Vielseitigkeit ben\u00f6tigen.\" \/>\n<meta property=\"og:url\" content=\"https:\/\/www.ariens.eu\/de\/produkt\/zero-turn-maeher\/summit-pro-series\/summit-pro-352\/\" \/>\n<meta property=\"og:site_name\" content=\"Ariens | EMEAA\" \/>\n<meta property=\"article:modified_time\" content=\"2026-02-25T10:47:41+00:00\" \/>\n<meta property=\"og:image\" content=\"https:\/\/www.ariens.eu\/de\/wp-content\/uploads\/sites\/3\/2025\/06\/ariens-summit-pro-352.png\" \/>\n\t<meta property=\"og:image:width\" content=\"1024\" \/>\n\t<meta property=\"og:image:height\" content=\"720\" \/>\n\t<meta property=\"og:image:type\" content=\"image\/png\" \/>\n<meta name=\"twitter:card\" content=\"summary_large_image\" \/>\n<meta name=\"twitter:label1\" content=\"Gesch\u00e4tzte Lesezeit\" \/>\n\t<meta name=\"twitter:data1\" content=\"4\u00a0Minuten\" \/>\n<script type=\"application\/ld+json\" class=\"yoast-schema-graph\">{\"@context\":\"https:\\\/\\\/schema.org\",\"@graph\":[{\"@type\":\"WebPage\",\"@id\":\"https:\\\/\\\/www.ariens.eu\\\/de\\\/produkt\\\/zero-turn-maeher\\\/summit-pro-series\\\/summit-pro-352\\\/\",\"url\":\"https:\\\/\\\/www.ariens.eu\\\/de\\\/produkt\\\/zero-turn-maeher\\\/summit-pro-series\\\/summit-pro-352\\\/\",\"name\":\"Ariens SUMMIT PRO 352 \u2013 The All-Rounder Zero-Turn Mower for Professionals\",\"isPartOf\":{\"@id\":\"https:\\\/\\\/www.ariens.eu\\\/de\\\/#website\"},\"primaryImageOfPage\":{\"@id\":\"https:\\\/\\\/www.ariens.eu\\\/de\\\/produkt\\\/zero-turn-maeher\\\/summit-pro-series\\\/summit-pro-352\\\/#primaryimage\"},\"image\":{\"@id\":\"https:\\\/\\\/www.ariens.eu\\\/de\\\/produkt\\\/zero-turn-maeher\\\/summit-pro-series\\\/summit-pro-352\\\/#primaryimage\"},\"thumbnailUrl\":\"https:\\\/\\\/www.ariens.eu\\\/de\\\/wp-content\\\/uploads\\\/sites\\\/3\\\/2025\\\/06\\\/ariens-summit-pro-352.png\",\"datePublished\":\"2025-06-26T13:29:28+00:00\",\"dateModified\":\"2026-02-25T10:47:41+00:00\",\"description\":\"Der Ariens SUMMIT PRO 352 ist die perfekte Kombination aus Geschwindigkeit, Zuverl\u00e4ssigkeit und universeller Einsatzm\u00f6glichkeit. Er eignet sich ideal f\u00fcr Landschaftsbauprofis, die Leistung und Vielseitigkeit ben\u00f6tigen.\",\"breadcrumb\":{\"@id\":\"https:\\\/\\\/www.ariens.eu\\\/de\\\/produkt\\\/zero-turn-maeher\\\/summit-pro-series\\\/summit-pro-352\\\/#breadcrumb\"},\"inLanguage\":\"de\",\"potentialAction\":[{\"@type\":\"ReadAction\",\"target\":[\"https:\\\/\\\/www.ariens.eu\\\/de\\\/produkt\\\/zero-turn-maeher\\\/summit-pro-series\\\/summit-pro-352\\\/\"]}]},{\"@type\":\"ImageObject\",\"inLanguage\":\"de\",\"@id\":\"https:\\\/\\\/www.ariens.eu\\\/de\\\/produkt\\\/zero-turn-maeher\\\/summit-pro-series\\\/summit-pro-352\\\/#primaryimage\",\"url\":\"https:\\\/\\\/www.ariens.eu\\\/de\\\/wp-content\\\/uploads\\\/sites\\\/3\\\/2025\\\/06\\\/ariens-summit-pro-352.png\",\"contentUrl\":\"https:\\\/\\\/www.ariens.eu\\\/de\\\/wp-content\\\/uploads\\\/sites\\\/3\\\/2025\\\/06\\\/ariens-summit-pro-352.png\",\"width\":1024,\"height\":720,\"caption\":\"Ariens SUMMIT PRO 352, 3d rendering of the model, isolated\"},{\"@type\":\"BreadcrumbList\",\"@id\":\"https:\\\/\\\/www.ariens.eu\\\/de\\\/produkt\\\/zero-turn-maeher\\\/summit-pro-series\\\/summit-pro-352\\\/#breadcrumb\",\"itemListElement\":[{\"@type\":\"ListItem\",\"position\":1,\"name\":\"Home\",\"item\":\"https:\\\/\\\/www.ariens.eu\\\/de\\\/\"},{\"@type\":\"ListItem\",\"position\":2,\"name\":\"Shop\",\"item\":\"https:\\\/\\\/www.ariens.eu\\\/de\\\/shop\\\/\"},{\"@type\":\"ListItem\",\"position\":3,\"name\":\"SUMMIT PRO 352\"}]},{\"@type\":\"WebSite\",\"@id\":\"https:\\\/\\\/www.ariens.eu\\\/de\\\/#website\",\"url\":\"https:\\\/\\\/www.ariens.eu\\\/de\\\/\",\"name\":\"Ariens | EMEAA\",\"description\":\"Powerful and reliable zero-turn mowers &amp; snow blowers for professional users and demanding private customers\",\"potentialAction\":[{\"@type\":\"SearchAction\",\"target\":{\"@type\":\"EntryPoint\",\"urlTemplate\":\"https:\\\/\\\/www.ariens.eu\\\/de\\\/?s={search_term_string}\"},\"query-input\":{\"@type\":\"PropertyValueSpecification\",\"valueRequired\":true,\"valueName\":\"search_term_string\"}}],\"inLanguage\":\"de\"}]}<\/script>\n<!-- \/ Yoast SEO plugin. -->","yoast_head_json":{"title":"Ariens SUMMIT PRO 352 \u2013 The All-Rounder Zero-Turn Mower for Professionals","description":"Der Ariens SUMMIT PRO 352 ist die perfekte Kombination aus Geschwindigkeit, Zuverl\u00e4ssigkeit und universeller Einsatzm\u00f6glichkeit. Er eignet sich ideal f\u00fcr Landschaftsbauprofis, die Leistung und Vielseitigkeit ben\u00f6tigen.","robots":{"index":"index","follow":"follow","max-snippet":"max-snippet:-1","max-image-preview":"max-image-preview:large","max-video-preview":"max-video-preview:-1"},"canonical":"https:\/\/www.ariens.eu\/de\/produkt\/zero-turn-maeher\/summit-pro-series\/summit-pro-352\/","og_locale":"de_DE","og_type":"article","og_title":"Ariens SUMMIT PRO 352 \u2013 The All-Rounder Zero-Turn Mower for Professionals","og_description":"Der Ariens SUMMIT PRO 352 ist die perfekte Kombination aus Geschwindigkeit, Zuverl\u00e4ssigkeit und universeller Einsatzm\u00f6glichkeit. Er eignet sich ideal f\u00fcr Landschaftsbauprofis, die Leistung und Vielseitigkeit ben\u00f6tigen.","og_url":"https:\/\/www.ariens.eu\/de\/produkt\/zero-turn-maeher\/summit-pro-series\/summit-pro-352\/","og_site_name":"Ariens | EMEAA","article_modified_time":"2026-02-25T10:47:41+00:00","og_image":[{"width":1024,"height":720,"url":"https:\/\/www.ariens.eu\/de\/wp-content\/uploads\/sites\/3\/2025\/06\/ariens-summit-pro-352.png","type":"image\/png"}],"twitter_card":"summary_large_image","twitter_misc":{"Gesch\u00e4tzte Lesezeit":"4\u00a0Minuten"},"schema":{"@context":"https:\/\/schema.org","@graph":[{"@type":"WebPage","@id":"https:\/\/www.ariens.eu\/de\/produkt\/zero-turn-maeher\/summit-pro-series\/summit-pro-352\/","url":"https:\/\/www.ariens.eu\/de\/produkt\/zero-turn-maeher\/summit-pro-series\/summit-pro-352\/","name":"Ariens SUMMIT PRO 352 \u2013 The All-Rounder Zero-Turn Mower for Professionals","isPartOf":{"@id":"https:\/\/www.ariens.eu\/de\/#website"},"primaryImageOfPage":{"@id":"https:\/\/www.ariens.eu\/de\/produkt\/zero-turn-maeher\/summit-pro-series\/summit-pro-352\/#primaryimage"},"image":{"@id":"https:\/\/www.ariens.eu\/de\/produkt\/zero-turn-maeher\/summit-pro-series\/summit-pro-352\/#primaryimage"},"thumbnailUrl":"https:\/\/www.ariens.eu\/de\/wp-content\/uploads\/sites\/3\/2025\/06\/ariens-summit-pro-352.png","datePublished":"2025-06-26T13:29:28+00:00","dateModified":"2026-02-25T10:47:41+00:00","description":"Der Ariens SUMMIT PRO 352 ist die perfekte Kombination aus Geschwindigkeit, Zuverl\u00e4ssigkeit und universeller Einsatzm\u00f6glichkeit. Er eignet sich ideal f\u00fcr Landschaftsbauprofis, die Leistung und Vielseitigkeit ben\u00f6tigen.","breadcrumb":{"@id":"https:\/\/www.ariens.eu\/de\/produkt\/zero-turn-maeher\/summit-pro-series\/summit-pro-352\/#breadcrumb"},"inLanguage":"de","potentialAction":[{"@type":"ReadAction","target":["https:\/\/www.ariens.eu\/de\/produkt\/zero-turn-maeher\/summit-pro-series\/summit-pro-352\/"]}]},{"@type":"ImageObject","inLanguage":"de","@id":"https:\/\/www.ariens.eu\/de\/produkt\/zero-turn-maeher\/summit-pro-series\/summit-pro-352\/#primaryimage","url":"https:\/\/www.ariens.eu\/de\/wp-content\/uploads\/sites\/3\/2025\/06\/ariens-summit-pro-352.png","contentUrl":"https:\/\/www.ariens.eu\/de\/wp-content\/uploads\/sites\/3\/2025\/06\/ariens-summit-pro-352.png","width":1024,"height":720,"caption":"Ariens SUMMIT PRO 352, 3d rendering of the model, isolated"},{"@type":"BreadcrumbList","@id":"https:\/\/www.ariens.eu\/de\/produkt\/zero-turn-maeher\/summit-pro-series\/summit-pro-352\/#breadcrumb","itemListElement":[{"@type":"ListItem","position":1,"name":"Home","item":"https:\/\/www.ariens.eu\/de\/"},{"@type":"ListItem","position":2,"name":"Shop","item":"https:\/\/www.ariens.eu\/de\/shop\/"},{"@type":"ListItem","position":3,"name":"SUMMIT PRO 352"}]},{"@type":"WebSite","@id":"https:\/\/www.ariens.eu\/de\/#website","url":"https:\/\/www.ariens.eu\/de\/","name":"Ariens | EMEAA","description":"Powerful and reliable zero-turn mowers &amp; snow blowers for professional users and demanding private customers","potentialAction":[{"@type":"SearchAction","target":{"@type":"EntryPoint","urlTemplate":"https:\/\/www.ariens.eu\/de\/?s={search_term_string}"},"query-input":{"@type":"PropertyValueSpecification","valueRequired":true,"valueName":"search_term_string"}}],"inLanguage":"de"}]}},"_links":{"self":[{"href":"https:\/\/www.ariens.eu\/de\/wp-json\/wp\/v2\/product\/5042","targetHints":{"allow":["GET"]}}],"collection":[{"href":"https:\/\/www.ariens.eu\/de\/wp-json\/wp\/v2\/product"}],"about":[{"href":"https:\/\/www.ariens.eu\/de\/wp-json\/wp\/v2\/types\/product"}],"replies":[{"embeddable":true,"href":"https:\/\/www.ariens.eu\/de\/wp-json\/wp\/v2\/comments?post=5042"}],"wp:featuredmedia":[{"embeddable":true,"href":"https:\/\/www.ariens.eu\/de\/wp-json\/wp\/v2\/media\/5043"}],"wp:attachment":[{"href":"https:\/\/www.ariens.eu\/de\/wp-json\/wp\/v2\/media?parent=5042"}],"wp:term":[{"taxonomy":"product_brand","embeddable":true,"href":"https:\/\/www.ariens.eu\/de\/wp-json\/wp\/v2\/product_brand?post=5042"},{"taxonomy":"product_cat","embeddable":true,"href":"https:\/\/www.ariens.eu\/de\/wp-json\/wp\/v2\/product_cat?post=5042"},{"taxonomy":"product_tag","embeddable":true,"href":"https:\/\/www.ariens.eu\/de\/wp-json\/wp\/v2\/product_tag?post=5042"}],"curies":[{"name":"wp","href":"https:\/\/api.w.org\/{rel}","templated":true}]}}