{"id":4731,"date":"2025-10-01T13:33:48","date_gmt":"2025-10-01T12:33:48","guid":{"rendered":"https:\/\/www.ariens.eu\/dk\/?post_type=product&#038;p=4731"},"modified":"2025-10-01T13:33:48","modified_gmt":"2025-10-01T12:33:48","slug":"ariens-ikon-42-zero-turn-plaeneklipper","status":"publish","type":"product","link":"https:\/\/www.ariens.eu\/dk\/product\/zero-turn-mowers\/ikon-series\/ariens-ikon-42-zero-turn-plaeneklipper","title":{"rendered":"IKON 42"},"content":{"rendered":"<div class=\"acfd-block acfd-block__headline mb-asm-1 container-fluid px-0 bg-default\">\n<div class=\"acfd-headline\" >\n<h2 class='h2 text-left li_black'>Gennem summen af detaljer.<\/h2>\n<\/p><\/div>\n<\/div>\n<div class=\"acfd-block acfd-block__text container-fluid px-0 bg-default\">\n<div class=\"acfd-text li_black\">\n<p>Den nyeste og hurtigste m\u00e5de at klippe din gr\u00e6spl\u00e6ne p\u00e5 \u2013 uanset hvor stor din have er. Den nye Ariens IKON s\u00e6tter nye standarder inden for klippem\u00f8nster, komfort og funktioner.<\/p>\n<\/div>\n<\/div>\n<div class=\"acfd-block acfd-block__text mb-asm-2 container-fluid px-0 bg-default\">\n<div class=\"acfd-text li_black\">\n<p>Den nye Ariens IKON er mere end bare ny. Den adskiller sig ikke kun fra sin forg\u00e6nger \u2013 den \u00e5bner en helt ny klasse af pl\u00e6neklippere til private og semi-professionelle brugere.<\/p>\n<p>I forbindelse med AriensCos 90-\u00e5rs jubil\u00e6um blev hele Ariens IKON-familien af zero-turns revideret \u2013 al den opsamlede erfaring gennem \u00e5rene er nu indarbejdet i dette gennemg\u00e5ende redesign af Ariens IKON.<\/p>\n<p>Vores designingeni\u00f8rer har gennemg\u00e5et hver eneste komponent. Afpr\u00f8vede dele er blevet bibeholdt, mens alt andet er revideret, forbedret eller fornyet. Den nye Ariens IKON er sv\u00e6r at placere i en bestemt kategori \u2013 den udvisker gr\u00e6nsen mellem en pl\u00e6neklipper til private og en professionel maskine. Med sit banebrydende design og sin ydeevne vil den skille sig ud fra m\u00e6ngden. <strong>Oplev den selv!<\/strong><\/p>\n<\/div>\n<\/div>\n<div class=\"acfd-block acfd-block__category mb-asm-3 container-fluid px-0 bg-default\">\n<div class=\"acfd-product-categories\">\n<h2 class=\"text-left mb-3\">\n        Eins\u00e4tze    <\/h2>\n<div class=\"product-categories_wrapper\">\n         <span\n                data-description=\"Are you a service provider, janitorial service or do you have to regularly maintain larger areas? Then a semi-professional machine offers you the performance and durability to reliably complete your mowing work.\"                class=\"product-category-single\"> Semi-Pro                <sup><i class=\"fa fa-info-circle\" aria-hidden=\"true\"><\/i><\/sup>            <\/span>  <span\n                data-description=\"Do you have a beautiful lawn in your garden or around your property? Do you want to maintain your lawn regularly from mid-March? Depending on the cutting width, our mowers can handle all garden sizes.\"                class=\"product-category-single\"> Private                <sup><i class=\"fa fa-info-circle\" aria-hidden=\"true\"><\/i><\/sup>            <\/span>  <span\n                data-description=\"Our mowers are equipped with high-quality Kawasaki<sup>&reg;<\/sup> or Ariens engines. They deliver above-average performance and reliability.\"                class=\"product-category-single\"> Petrol                <sup><i class=\"fa fa-info-circle\" aria-hidden=\"true\"><\/i><\/sup>            <\/span>  <span\n                data-description=\"When using a suitable mulching kit in your mower, the side discharge is no longer necessary. The clippings are finely shredded and evenly distributed to the rear of the lawn. Any fertilizer applied remains on the surface and the fine grass particles disappear almost invisibly into the lawn.\"                class=\"product-category-single\"> Optional mulching kit                <sup><i class=\"fa fa-info-circle\" aria-hidden=\"true\"><\/i><\/sup>            <\/span>  <span\n                data-description=\"Ariens ride-on mowers offer a high level of comfort. We use high-quality seats from the entry-level model upwards. Ample legroom and ergonomic controls are standard.\"                class=\"product-category-single\"> Ride-On (sitting)                <sup><i class=\"fa fa-info-circle\" aria-hidden=\"true\"><\/i><\/sup>            <\/span>  <span\n                data-description=\"With the APEX and ZENITH models, you have the choice between side discharge and rear discharge mower decks. A side discharge mower deck ejects the clippings via a side opening and a deflector. The powerful airflow then distributes it over a large area. An optional mulching kit can be installed in side discharge mower decks. When a mulching kit is used, the clippings are finely shredded and ejected to the rear. The side discharge and deflector are then closed or removed.\"                class=\"product-category-single\"> Side discharge                <sup><i class=\"fa fa-info-circle\" aria-hidden=\"true\"><\/i><\/sup>            <\/span>  <span\n                data-description=\"All Ariens mowers are suitable for flat lawns. Select your cutting width according to the size of your area and any limiting narrow areas.\"                class=\"product-category-single\"> Flat terrain                <sup><i class=\"fa fa-info-circle\" aria-hidden=\"true\"><\/i><\/sup>            <\/span>  <span\n                data-description=\"Ariens mowers cope well with undulating terrain. For undulating terrain, choose narrower cutting decks for a more uniform cutting pattern.\"                class=\"product-category-single\"> Undulating terrain                <sup><i class=\"fa fa-info-circle\" aria-hidden=\"true\"><\/i><\/sup>            <\/span>  <span\n                data-description=\"Det anbefales \u00e5 velge en maskin med brede hjul. Ikke overskrid den angitte sikkerhetsgrensen p\u00e5 15\u00b0 helling for sitteklippere og 20\u00b0 for st\u00e5ende klippere. P\u00e5 ujevnt terreng b\u00f8r du velge et smalere klippeaggregat for et mer jevnt klipperesultat. ZENITH-modellen leveres med veltesikring (ROPS) som standard, og dette kan ettermonteres p\u00e5 APEX.\"                class=\"product-category-single\"> Kupert terreng                <sup><i class=\"fa fa-info-circle\" aria-hidden=\"true\"><\/i><\/sup>            <\/span>  <span\n                data-description=\"Mowing decks 132 cm and 152 cm wide are used effectively on large areas.\"                class=\"product-category-single\"> Large areas                <sup><i class=\"fa fa-info-circle\" aria-hidden=\"true\"><\/i><\/sup>            <\/span>     <\/div>\n<\/div>\n<\/div>\n<div class=\"acfd-block acfd-block__media mb-asm-1 container-fluid px-0 bg-default\">\n<div class=\"acfd-media\">\n<div class=\"initial-hidden\" data-type=\"youtube\" data-video-id=\"https:\/\/www.youtube.com\/watch?v=hUcrbaaPg1c\"\n                        data-autoplay=\"false\"><\/div>\n<div class=\"bg-16-9 media-placeholder-content-wrapper\">\n<div class=\"media-thumbnail-description media-embed-wrapper\">\n<div class=\"description-wrapper\">\n                                    To view this video, please accept cookies from external media                                    <\/p>\n<div class=\"consent-configuration-wrapper\">\n                                        <button id=\"liOpenCookieSettings\" class=\"li-open-cookie-settings\">Change Cookie Preferences<\/button>                                    <\/div>\n<\/p><\/div>\n<\/p><\/div>\n<div class=\"media-embed-wrapper\">\n                                <img decoding=\"async\" src=\"https:\/\/img.youtube.com\/vi\/hUcrbaaPg1c\/0.jpg\" alt=\"Youtube Video Thumbnail\"\/>\n                            <\/div>\n<\/p><\/div>\n<\/p><\/div>\n<\/div>\n<div class=\"acfd-block acfd-block__twocolumns container-fluid px-0 bg-default\">\n<div class=\"acfd-twocolumns\">\n<div class=\"row\">\n<div class='col-lg-12 mb-4 '>\n<div class=\"acfd-product-advantages--wrapper\">\n<h2 class=\"h1 bigger text-color-black text-center mb-5\">\n        Features &#038; Benefits    <\/h2>\n<div class=\"acfd-product-advantages\">\n<div class=\"row\">\n<div class=\"col-md-6 mb-4 content\">\n                    <span class=\"d-block h5 text-color-brand mb-1\">Stability and durability:<\/span><\/p>\n<p>As with the professional series, the IKON has a fully welded tubular frame.<\/p>\n<\/p><\/div>\n<div class=\"col-md-6 mb4 image\" >\n                <\/div>\n<\/p><\/div>\n<div class=\"row\">\n<div class=\"col-md-6 mb-4 content\">\n                    <span class=\"d-block h5 text-color-brand mb-1\">Power reserves and reliability<\/span><\/p>\n<p>The Kawasaki<sup>&reg;<\/sup> FR engine series on the IKON is the top benchmark in its class. It delivers the power and performance needed in the toughest conditions.<\/p>\n<\/p><\/div>\n<div class=\"col-md-6 mb4 image\" >\n                <\/div>\n<\/p><\/div>\n<div class=\"row\">\n<div class=\"col-md-6 mb-4 content\">\n                    <span class=\"d-block h5 text-color-brand mb-1\">Carefree wheel drive<\/span><\/p>\n<p>The two separate hydrostatic EZT<sup>&reg;<\/sup> wheel motors from HYDRO-GEAR<sup>&reg;<\/sup> are service-free and guarantee a smooth driving experience.<\/p>\n<\/p><\/div>\n<div class=\"col-md-6 mb4 image\" >\n                <\/div>\n<\/p><\/div>\n<div class=\"row\">\n<div class=\"col-md-6 mb-4 content\">\n                    <span class=\"d-block h5 text-color-brand mb-1\">New ENVY mower deck<\/span><\/p>\n<p>The mowing deck is the most heavily loaded component of a mower. Stability is particularly important here: The new ENVY mower deck has improved air flow and an enlarged discharge. Lying grass is lifted higher and cut perfectly. With 4-point suspension for permanent fixation and parallelism. Furthermore, Blade spindles made of forged aluminium. Cooler running and more impact and vibration resistant than cast spindles. Standard in the course of the 2025 season on APEX and ZENITH &amp; the new IKON.<\/p>\n<\/p><\/div>\n<div class=\"col-md-6 mb4 image\" >\n                <\/div>\n<\/p><\/div>\n<\/p><\/div>\n<\/div><\/div>\n<div class='col-lg'>                    <\/div>\n<\/p><\/div>\n<\/div>\n<\/div>\n","protected":false},"excerpt":{"rendered":"<p>The newest and fastest way to mow your lawn. No matter how big your garden is. The new Ariens IKON sets new standards in terms of cutting pattern, comfort and features.<\/p>\n","protected":false},"featured_media":4738,"comment_status":"open","ping_status":"closed","template":"","meta":{"_acf_changed":false,"_relevanssi_hide_post":"","_relevanssi_hide_content":"","_relevanssi_pin_for_all":"","_relevanssi_pin_keywords":"","_relevanssi_unpin_keywords":"","_relevanssi_related_keywords":"","_relevanssi_related_include_ids":"","_relevanssi_related_exclude_ids":"","_relevanssi_related_no_append":"","_relevanssi_related_not_related":"","_relevanssi_related_posts":"","_relevanssi_noindex_reason":""},"product_brand":[],"product_cat":[15],"product_tag":[],"class_list":{"0":"post-4731","1":"product","2":"type-product","3":"status-publish","4":"has-post-thumbnail","6":"product_variant-ikon-series","7":"product_usage_areas-janitorial-services","8":"product_usage_areas-zero-turn-plaeneklippere-kommuner-driftsgaarde","9":"product_usage_areas-leisure-facilities","10":"product_usage_areas-service-providers","12":"first","13":"instock","14":"shipping-taxable","15":"product-type-simple"},"acf":[],"yoast_head":"<!-- This site is optimized with the Yoast SEO plugin v27.3 - https:\/\/yoast.com\/product\/yoast-seo-wordpress\/ -->\n<title>Ariens IKON 42 \u2013 Zero-turn pl\u00e6neklipper til private og semi-professionelle<\/title>\n<meta name=\"description\" content=\"Oplev Ariens IKON 42 \u2013 en zero-turn pl\u00e6neklipper, der kombinerer professionel ydeevne med komfort til private og semi-professionelle. Nyt design, h\u00f8j pr\u00e6cision og hurtigere klipning.\" \/>\n<meta name=\"robots\" content=\"index, follow, max-snippet:-1, max-image-preview:large, max-video-preview:-1\" \/>\n<link rel=\"canonical\" href=\"https:\/\/www.ariens.eu\/dk\/product\/zero-turn-mowers\/ikon-series\/ariens-ikon-42-zero-turn-plaeneklipper\/\" \/>\n<meta property=\"og:locale\" content=\"da_DK\" \/>\n<meta property=\"og:type\" content=\"article\" \/>\n<meta property=\"og:title\" content=\"Ariens IKON 42 \u2013 Zero-turn pl\u00e6neklipper til private og semi-professionelle\" \/>\n<meta property=\"og:description\" content=\"Oplev Ariens IKON 42 \u2013 en zero-turn pl\u00e6neklipper, der kombinerer professionel ydeevne med komfort til private og semi-professionelle. Nyt design, h\u00f8j pr\u00e6cision og hurtigere klipning.\" \/>\n<meta property=\"og:url\" content=\"https:\/\/www.ariens.eu\/dk\/product\/zero-turn-mowers\/ikon-series\/ariens-ikon-42-zero-turn-plaeneklipper\/\" \/>\n<meta property=\"og:site_name\" content=\"Ariens | EMEAA\" \/>\n<meta property=\"og:image\" content=\"https:\/\/www.ariens.eu\/dk\/wp-content\/uploads\/sites\/9\/2024\/11\/ariens-ikon-42-sd.png\" \/>\n\t<meta property=\"og:image:width\" content=\"1008\" \/>\n\t<meta property=\"og:image:height\" content=\"750\" \/>\n\t<meta property=\"og:image:type\" content=\"image\/png\" \/>\n<meta name=\"twitter:card\" content=\"summary_large_image\" \/>\n<meta name=\"twitter:label1\" content=\"Estimeret l\u00e6setid\" \/>\n\t<meta name=\"twitter:data1\" content=\"3 minutter\" \/>\n<script type=\"application\/ld+json\" class=\"yoast-schema-graph\">{\"@context\":\"https:\\\/\\\/schema.org\",\"@graph\":[{\"@type\":\"WebPage\",\"@id\":\"https:\\\/\\\/www.ariens.eu\\\/dk\\\/product\\\/zero-turn-mowers\\\/ikon-series\\\/ariens-ikon-42-zero-turn-plaeneklipper\\\/\",\"url\":\"https:\\\/\\\/www.ariens.eu\\\/dk\\\/product\\\/zero-turn-mowers\\\/ikon-series\\\/ariens-ikon-42-zero-turn-plaeneklipper\\\/\",\"name\":\"Ariens IKON 42 \u2013 Zero-turn pl\u00e6neklipper til private og semi-professionelle\",\"isPartOf\":{\"@id\":\"https:\\\/\\\/www.ariens.eu\\\/dk\\\/#website\"},\"primaryImageOfPage\":{\"@id\":\"https:\\\/\\\/www.ariens.eu\\\/dk\\\/product\\\/zero-turn-mowers\\\/ikon-series\\\/ariens-ikon-42-zero-turn-plaeneklipper\\\/#primaryimage\"},\"image\":{\"@id\":\"https:\\\/\\\/www.ariens.eu\\\/dk\\\/product\\\/zero-turn-mowers\\\/ikon-series\\\/ariens-ikon-42-zero-turn-plaeneklipper\\\/#primaryimage\"},\"thumbnailUrl\":\"https:\\\/\\\/www.ariens.eu\\\/dk\\\/wp-content\\\/uploads\\\/sites\\\/9\\\/2024\\\/11\\\/ariens-ikon-42-sd.png\",\"datePublished\":\"2025-10-01T12:33:48+00:00\",\"description\":\"Oplev Ariens IKON 42 \u2013 en zero-turn pl\u00e6neklipper, der kombinerer professionel ydeevne med komfort til private og semi-professionelle. Nyt design, h\u00f8j pr\u00e6cision og hurtigere klipning.\",\"breadcrumb\":{\"@id\":\"https:\\\/\\\/www.ariens.eu\\\/dk\\\/product\\\/zero-turn-mowers\\\/ikon-series\\\/ariens-ikon-42-zero-turn-plaeneklipper\\\/#breadcrumb\"},\"inLanguage\":\"da-DK\",\"potentialAction\":[{\"@type\":\"ReadAction\",\"target\":[\"https:\\\/\\\/www.ariens.eu\\\/dk\\\/product\\\/zero-turn-mowers\\\/ikon-series\\\/ariens-ikon-42-zero-turn-plaeneklipper\\\/\"]}]},{\"@type\":\"ImageObject\",\"inLanguage\":\"da-DK\",\"@id\":\"https:\\\/\\\/www.ariens.eu\\\/dk\\\/product\\\/zero-turn-mowers\\\/ikon-series\\\/ariens-ikon-42-zero-turn-plaeneklipper\\\/#primaryimage\",\"url\":\"https:\\\/\\\/www.ariens.eu\\\/dk\\\/wp-content\\\/uploads\\\/sites\\\/9\\\/2024\\\/11\\\/ariens-ikon-42-sd.png\",\"contentUrl\":\"https:\\\/\\\/www.ariens.eu\\\/dk\\\/wp-content\\\/uploads\\\/sites\\\/9\\\/2024\\\/11\\\/ariens-ikon-42-sd.png\",\"width\":1008,\"height\":750},{\"@type\":\"BreadcrumbList\",\"@id\":\"https:\\\/\\\/www.ariens.eu\\\/dk\\\/product\\\/zero-turn-mowers\\\/ikon-series\\\/ariens-ikon-42-zero-turn-plaeneklipper\\\/#breadcrumb\",\"itemListElement\":[{\"@type\":\"ListItem\",\"position\":1,\"name\":\"Home\",\"item\":\"https:\\\/\\\/www.ariens.eu\\\/dk\\\/\"},{\"@type\":\"ListItem\",\"position\":2,\"name\":\"Webshop\",\"item\":\"https:\\\/\\\/www.ariens.eu\\\/dk\\\/shop\\\/\"},{\"@type\":\"ListItem\",\"position\":3,\"name\":\"IKON 42\"}]},{\"@type\":\"WebSite\",\"@id\":\"https:\\\/\\\/www.ariens.eu\\\/dk\\\/#website\",\"url\":\"https:\\\/\\\/www.ariens.eu\\\/dk\\\/\",\"name\":\"Ariens | EMEAA\",\"description\":\"Powerful and reliable zero-turn mowers &amp; snow blowers for professional users and demanding private customers\",\"potentialAction\":[{\"@type\":\"SearchAction\",\"target\":{\"@type\":\"EntryPoint\",\"urlTemplate\":\"https:\\\/\\\/www.ariens.eu\\\/dk\\\/?s={search_term_string}\"},\"query-input\":{\"@type\":\"PropertyValueSpecification\",\"valueRequired\":true,\"valueName\":\"search_term_string\"}}],\"inLanguage\":\"da-DK\"}]}<\/script>\n<!-- \/ Yoast SEO plugin. -->","yoast_head_json":{"title":"Ariens IKON 42 \u2013 Zero-turn pl\u00e6neklipper til private og semi-professionelle","description":"Oplev Ariens IKON 42 \u2013 en zero-turn pl\u00e6neklipper, der kombinerer professionel ydeevne med komfort til private og semi-professionelle. Nyt design, h\u00f8j pr\u00e6cision og hurtigere klipning.","robots":{"index":"index","follow":"follow","max-snippet":"max-snippet:-1","max-image-preview":"max-image-preview:large","max-video-preview":"max-video-preview:-1"},"canonical":"https:\/\/www.ariens.eu\/dk\/product\/zero-turn-mowers\/ikon-series\/ariens-ikon-42-zero-turn-plaeneklipper\/","og_locale":"da_DK","og_type":"article","og_title":"Ariens IKON 42 \u2013 Zero-turn pl\u00e6neklipper til private og semi-professionelle","og_description":"Oplev Ariens IKON 42 \u2013 en zero-turn pl\u00e6neklipper, der kombinerer professionel ydeevne med komfort til private og semi-professionelle. Nyt design, h\u00f8j pr\u00e6cision og hurtigere klipning.","og_url":"https:\/\/www.ariens.eu\/dk\/product\/zero-turn-mowers\/ikon-series\/ariens-ikon-42-zero-turn-plaeneklipper\/","og_site_name":"Ariens | EMEAA","og_image":[{"width":1008,"height":750,"url":"https:\/\/www.ariens.eu\/dk\/wp-content\/uploads\/sites\/9\/2024\/11\/ariens-ikon-42-sd.png","type":"image\/png"}],"twitter_card":"summary_large_image","twitter_misc":{"Estimeret l\u00e6setid":"3 minutter"},"schema":{"@context":"https:\/\/schema.org","@graph":[{"@type":"WebPage","@id":"https:\/\/www.ariens.eu\/dk\/product\/zero-turn-mowers\/ikon-series\/ariens-ikon-42-zero-turn-plaeneklipper\/","url":"https:\/\/www.ariens.eu\/dk\/product\/zero-turn-mowers\/ikon-series\/ariens-ikon-42-zero-turn-plaeneklipper\/","name":"Ariens IKON 42 \u2013 Zero-turn pl\u00e6neklipper til private og semi-professionelle","isPartOf":{"@id":"https:\/\/www.ariens.eu\/dk\/#website"},"primaryImageOfPage":{"@id":"https:\/\/www.ariens.eu\/dk\/product\/zero-turn-mowers\/ikon-series\/ariens-ikon-42-zero-turn-plaeneklipper\/#primaryimage"},"image":{"@id":"https:\/\/www.ariens.eu\/dk\/product\/zero-turn-mowers\/ikon-series\/ariens-ikon-42-zero-turn-plaeneklipper\/#primaryimage"},"thumbnailUrl":"https:\/\/www.ariens.eu\/dk\/wp-content\/uploads\/sites\/9\/2024\/11\/ariens-ikon-42-sd.png","datePublished":"2025-10-01T12:33:48+00:00","description":"Oplev Ariens IKON 42 \u2013 en zero-turn pl\u00e6neklipper, der kombinerer professionel ydeevne med komfort til private og semi-professionelle. Nyt design, h\u00f8j pr\u00e6cision og hurtigere klipning.","breadcrumb":{"@id":"https:\/\/www.ariens.eu\/dk\/product\/zero-turn-mowers\/ikon-series\/ariens-ikon-42-zero-turn-plaeneklipper\/#breadcrumb"},"inLanguage":"da-DK","potentialAction":[{"@type":"ReadAction","target":["https:\/\/www.ariens.eu\/dk\/product\/zero-turn-mowers\/ikon-series\/ariens-ikon-42-zero-turn-plaeneklipper\/"]}]},{"@type":"ImageObject","inLanguage":"da-DK","@id":"https:\/\/www.ariens.eu\/dk\/product\/zero-turn-mowers\/ikon-series\/ariens-ikon-42-zero-turn-plaeneklipper\/#primaryimage","url":"https:\/\/www.ariens.eu\/dk\/wp-content\/uploads\/sites\/9\/2024\/11\/ariens-ikon-42-sd.png","contentUrl":"https:\/\/www.ariens.eu\/dk\/wp-content\/uploads\/sites\/9\/2024\/11\/ariens-ikon-42-sd.png","width":1008,"height":750},{"@type":"BreadcrumbList","@id":"https:\/\/www.ariens.eu\/dk\/product\/zero-turn-mowers\/ikon-series\/ariens-ikon-42-zero-turn-plaeneklipper\/#breadcrumb","itemListElement":[{"@type":"ListItem","position":1,"name":"Home","item":"https:\/\/www.ariens.eu\/dk\/"},{"@type":"ListItem","position":2,"name":"Webshop","item":"https:\/\/www.ariens.eu\/dk\/shop\/"},{"@type":"ListItem","position":3,"name":"IKON 42"}]},{"@type":"WebSite","@id":"https:\/\/www.ariens.eu\/dk\/#website","url":"https:\/\/www.ariens.eu\/dk\/","name":"Ariens | EMEAA","description":"Powerful and reliable zero-turn mowers &amp; snow blowers for professional users and demanding private customers","potentialAction":[{"@type":"SearchAction","target":{"@type":"EntryPoint","urlTemplate":"https:\/\/www.ariens.eu\/dk\/?s={search_term_string}"},"query-input":{"@type":"PropertyValueSpecification","valueRequired":true,"valueName":"search_term_string"}}],"inLanguage":"da-DK"}]}},"_links":{"self":[{"href":"https:\/\/www.ariens.eu\/dk\/wp-json\/wp\/v2\/product\/4731","targetHints":{"allow":["GET"]}}],"collection":[{"href":"https:\/\/www.ariens.eu\/dk\/wp-json\/wp\/v2\/product"}],"about":[{"href":"https:\/\/www.ariens.eu\/dk\/wp-json\/wp\/v2\/types\/product"}],"replies":[{"embeddable":true,"href":"https:\/\/www.ariens.eu\/dk\/wp-json\/wp\/v2\/comments?post=4731"}],"wp:featuredmedia":[{"embeddable":true,"href":"https:\/\/www.ariens.eu\/dk\/wp-json\/wp\/v2\/media\/4738"}],"wp:attachment":[{"href":"https:\/\/www.ariens.eu\/dk\/wp-json\/wp\/v2\/media?parent=4731"}],"wp:term":[{"taxonomy":"product_brand","embeddable":true,"href":"https:\/\/www.ariens.eu\/dk\/wp-json\/wp\/v2\/product_brand?post=4731"},{"taxonomy":"product_cat","embeddable":true,"href":"https:\/\/www.ariens.eu\/dk\/wp-json\/wp\/v2\/product_cat?post=4731"},{"taxonomy":"product_tag","embeddable":true,"href":"https:\/\/www.ariens.eu\/dk\/wp-json\/wp\/v2\/product_tag?post=4731"}],"curies":[{"name":"wp","href":"https:\/\/api.w.org\/{rel}","templated":true}]}}