{"id":2309,"date":"2024-05-10T11:04:35","date_gmt":"2024-05-10T10:04:35","guid":{"rendered":"https:\/\/www.ariens.eu\/product\/platinum-28-sho-efi-rapidtrak\/"},"modified":"2026-04-14T13:51:45","modified_gmt":"2026-04-14T12:51:45","slug":"platinum-28-rapidtrak","status":"publish","type":"product","link":"https:\/\/www.ariens.eu\/es\/producto\/snow-blowers\/platinum-series\/platinum-28-rapidtrak","title":{"rendered":"PLATINUM 28 RAPIDTRAK"},"content":{"rendered":"<div class=\"acfd-block acfd-block__twocolumns mb-asm-1 container-fluid px-0 bg-default\">\n<div class=\"acfd-twocolumns\">\n<div class=\"row\">\n<div class='col-lg-9 mb-4 '>\n<div class=\"acfd-block acfd-block__headline container-fluid px-0 bg-default\">\n<div class=\"acfd-headline\" >\n<h2 class='h2 text-left li_black'>Dise\u00f1ado para mucha nieve y m\u00e1xima tracci\u00f3n<\/h2>\n<\/p><\/div>\n<\/div><\/div>\n<div class='col-lg'>                    <\/div>\n<\/p><\/div>\n<\/div>\n<\/div>\n<div class=\"acfd-block acfd-block__twocolumns mb-asm-2 container-fluid px-0 bg-default\">\n<div class=\"acfd-twocolumns\">\n<div class=\"row\">\n<div class='col-lg-9 mb-4 '>\n<div class=\"acfd-block acfd-block__text container-fluid px-0 bg-default\">\n<div class=\"acfd-text li_black\">\n<p>Pura potencia contra la nieve. Cuando te pones detr\u00e1s de tu PLATINUM, querr\u00e1s seguir adelante, entrada tras entrada. Estas unidades est\u00e1n construidas para trabajos de gran volumen, de ah\u00ed sus calentadores de manos est\u00e1ndar y los impulsores de Super Alto Rendimiento (SHO). La Serie PLATINUM est\u00e1 cargada con muchas otras caracter\u00edsticas que seguro se adaptar\u00e1n a tus necesidades de eliminaci\u00f3n de nieve.<\/p>\n<ul>\n<li>Con una amplia anchura de limpieza de 71 cm (28\u2033) que mueve 77 toneladas de nieve por hora<\/li>\n<li>Potente motor Ariens AX EFI de 369 cc<\/li>\n<li>Lanza nieve hasta 17 m<\/li>\n<li>Di\u00e1metro del tornillo sinf\u00edn y del impulsor de 36 cm (14\u2033)<\/li>\n<li>Altura de la carcasa de 53 cm para nieve m\u00e1s profunda<\/li>\n<li>Direcci\u00f3n sin gatillo Auto-Turn<\/li>\n<li>Mangos de interbloqueo para operaci\u00f3n con una mano<\/li>\n<li>La tecnolog\u00eda exclusiva Rapidtrak\u2122 de Ariens es capaz de enfrentar cualquier terreno<\/li>\n<\/ul>\n<\/div>\n<\/div><\/div>\n<div class='col-lg'>                    <\/div>\n<\/p><\/div>\n<\/div>\n<\/div>\n<div class=\"acfd-block acfd-block__category mb-asm-3 container-fluid px-0 bg-default\">\n<div class=\"acfd-product-categories\">\n<h2 class=\"text-left mb-3\">\n        Applications    <\/h2>\n<div class=\"product-categories_wrapper\">\n         <span\n                data-description=\"The patented RapidTrak\u2122 track drive has the best traction on packed and fresh snow. The track is adjustable. It can be used like a wheel drive for easy steering, as a track drive for maximum traction and in dig-in mode for maximum pressure on the scraper bar and for clearing large mountains of snow. Wheel drive with spike snow chains is recommended on icy surfaces.\"                class=\"product-category-single\"> RapidTrak\u2122                <sup><i class=\"fa fa-info-circle\" aria-hidden=\"true\"><\/i><\/sup>            <\/span>  <span\n                data-description=\"Det patenterte Ariens AutoTurn<sup>&reg;<\/sup> styresystemet forhindrer at et drivhjul eller et RapidTrak\u2122-belte spinner. Samtidig gir det enkel styring av maskinen ved automatisk \u00e5 frikoble den ene drivsiden n\u00e5r du svinger. Alle Ariens sn\u00f8fresere, bortsett fra CLASSIC-modellen, er utstyrt med AutoTurn.\"                class=\"product-category-single\"> AutoTurn<sup>&reg;<\/sup>                <sup><i class=\"fa fa-info-circle\" aria-hidden=\"true\"><\/i><\/sup>            <\/span>  <span\n                data-description=\"SHO stands for Super-High-Output. The high-performance blower wheel on the PLATINUM and PROFESSIONAL models creates more snow per hour and throws it further.\"                class=\"product-category-single\"> SHO blower wheel                <sup><i class=\"fa fa-info-circle\" aria-hidden=\"true\"><\/i><\/sup>            <\/span>  <span\n                data-description=\"A 230 volt connection allows you to start the machine at the touch of a button. Standard on all models.\"                class=\"product-category-single\"> Electric start                <sup><i class=\"fa fa-info-circle\" aria-hidden=\"true\"><\/i><\/sup>            <\/span>     <\/div>\n<\/div>\n<\/div>\n<div class=\"acfd-block acfd-block__twocolumns mb-asm-2 container-fluid container-fluid--force px-0 bg-default\">\n<div class=\"acfd-twocolumns\">\n<div class=\"row\">\n<div class='col-lg-12 mb-4 '>\n<div class=\"acfd-product-advantages--wrapper\">\n<h2 class=\"h1 bigger text-color-black text-center mb-5\">\n        Features &#038; Benefits    <\/h2>\n<div class=\"acfd-product-advantages\">\n<div class=\"row\">\n<div class=\"col-md-6 mb-4 content\">\n                    <span class=\"d-block h5 text-color-brand mb-1\">Pu\u00f1os calefactables<\/span><\/p>\n<p>Pu\u00f1os calefactables controlados desde el salpicadero que mantienen tus manos calientes para un mayor control y una comodidad extra durante m\u00e1s tiempo.<\/p>\n<\/p><\/div>\n<div class=\"col-md-6 mb4 image\"  style=\"background-image:url(https:\/\/www.ariens.eu\/es\/wp-content\/uploads\/sites\/19\/2024\/05\/Heated_handgrips-scaled.webp)\">\n                <\/div>\n<\/p><\/div>\n<div class=\"row\">\n<div class=\"col-md-6 mb-4 content\">\n                    <span class=\"d-block h5 text-color-brand mb-1\">Direcci\u00f3n de giro autom\u00e1tico<\/span><\/p>\n<p>Conduzca recto con el eje trasero bloqueado para obtener la m\u00e1xima tracci\u00f3n. En cuanto gire la m\u00e1quina, el eje se desbloquea y girar sobre el sitio es pan comido. Una invenci\u00f3n patentada de Ariens.<\/p>\n<\/p><\/div>\n<div class=\"col-md-6 mb4 image\"  style=\"background-image:url(https:\/\/www.ariens.eu\/es\/wp-content\/uploads\/sites\/19\/2024\/05\/feature6ars_fb_profe-2.png)\">\n                <\/div>\n<\/p><\/div>\n<div class=\"row\">\n<div class=\"col-md-6 mb-4 content\">\n                    <span class=\"d-block h5 text-color-brand mb-1\">Motor EFI<\/span><\/p>\n<p>El motor de inyecci\u00f3n electr\u00f3nica de combustible (EFI) arranca m\u00e1s f\u00e1cilmente y es m\u00e1s eficiente en el consumo de combustible, con un ajuste de potencia m\u00e1s r\u00e1pido. Es est\u00e1ndar en los modelos de la serie PLATINUM.<\/p>\n<\/p><\/div>\n<div class=\"col-md-6 mb4 image\"  style=\"background-image:url(https:\/\/www.ariens.eu\/es\/wp-content\/uploads\/sites\/19\/2024\/05\/EFI_ENGINE_Front-scaled.webp)\">\n                <\/div>\n<\/p><\/div>\n<div class=\"row\">\n<div class=\"col-md-6 mb-4 content\">\n                    <span class=\"d-block h5 text-color-brand mb-1\">Faro LED<\/span><\/p>\n<p>La iluminaci\u00f3n ultrabrillante es est\u00e1ndar en todos los modelos de la serie Platinum Sno-Thro<sup>&reg;<\/sup>.<\/p>\n<\/p><\/div>\n<div class=\"col-md-6 mb4 image\"  style=\"background-image:url(https:\/\/www.ariens.eu\/es\/wp-content\/uploads\/sites\/19\/2024\/05\/LED_LIGHT_Solo.webp)\">\n                <\/div>\n<\/p><\/div>\n<div class=\"row\">\n<div class=\"col-md-6 mb-4 content\">\n                    <span class=\"d-block h5 text-color-brand mb-1\">Turbina SHO<\/span><\/p>\n<p>La tecnolog\u00eda Ariens SHO significa Super High Output. O para decirlo m\u00e1s simplemente: la rueda de cubo es particularmente potente y lanza la nieve de la fresadora aguas arriba m\u00e1s r\u00e1pido y m\u00e1s lejos. Hasta 83 toneladas\/hora m\u00e1x.<\/p>\n<\/p><\/div>\n<div class=\"col-md-6 mb4 image\"  style=\"background-image:url(https:\/\/www.ariens.eu\/es\/wp-content\/uploads\/sites\/19\/2024\/05\/SHO_Impeller.webp)\">\n                <\/div>\n<\/p><\/div>\n<div class=\"row\">\n<div class=\"col-md-6 mb-4 content\">\n                    <span class=\"d-block h5 text-color-brand mb-1\">Rotaci\u00f3n r\u00e1pida de la tolva<\/span><\/p>\n<p>Gire su tolva al instante con solo pulsar un bot\u00f3n.<\/p>\n<\/p><\/div>\n<div class=\"col-md-6 mb4 image\"  style=\"background-image:url(https:\/\/www.ariens.eu\/es\/wp-content\/uploads\/sites\/19\/2024\/05\/Quick_turn_Chute_Rotation-scaled.webp)\">\n                <\/div>\n<\/p><\/div>\n<\/p><\/div>\n<\/div><\/div>\n<div class='col-lg'>                    <\/div>\n<\/p><\/div>\n<\/div>\n<\/div>\n","protected":false},"excerpt":{"rendered":"<p>Dise\u00f1ado para mucha nieve y m\u00e1xima tracci\u00f3n Pura potencia contra la nieve. Cuando te pones detr\u00e1s de tu PLATINUM, querr\u00e1s seguir adelante, entrada tras entrada. Estas unidades est\u00e1n construidas para trabajos de gran volumen, de ah\u00ed sus calentadores de manos est\u00e1ndar y los impulsores de Super Alto Rendimiento (SHO). La Serie PLATINUM est\u00e1 cargada con [&hellip;]<\/p>\n","protected":false},"featured_media":2697,"comment_status":"open","ping_status":"closed","template":"","meta":{"_acf_changed":false,"_relevanssi_hide_post":"","_relevanssi_hide_content":"","_relevanssi_pin_for_all":"","_relevanssi_pin_keywords":"","_relevanssi_unpin_keywords":"","_relevanssi_related_keywords":"","_relevanssi_related_include_ids":"","_relevanssi_related_exclude_ids":"","_relevanssi_related_no_append":"","_relevanssi_related_not_related":"","_relevanssi_related_posts":"","_relevanssi_noindex_reason":""},"product_brand":[],"product_cat":[15],"product_tag":[],"class_list":{"0":"post-2309","1":"product","2":"type-product","3":"status-publish","4":"has-post-thumbnail","6":"product_variant-platinum-series","7":"product_usage_areas-municipalities-building-yards","8":"product_usage_areas-winter-service","10":"first","11":"instock","12":"shipping-taxable","13":"product-type-simple"},"acf":[],"yoast_head":"<!-- This site is optimized with the Yoast SEO plugin v27.3 - https:\/\/yoast.com\/product\/yoast-seo-wordpress\/ -->\n<title>PLATINUM 28 RAPIDTRAK\u00ae \u2013 Snow blower | Ariens<\/title>\n<meta name=\"description\" content=\"Built for high altitudes, this EFI powered machine will deliver the performance you need and exceed your expectations. The powerhouse for lots of snow.\" \/>\n<meta name=\"robots\" content=\"noindex, follow, max-snippet:-1, max-image-preview:large, max-video-preview:-1\" \/>\n<meta property=\"og:locale\" content=\"es_ES\" \/>\n<meta property=\"og:type\" content=\"article\" \/>\n<meta property=\"og:title\" content=\"PLATINUM 28 RAPIDTRAK\u00ae \u2013 Snow blower | Ariens\" \/>\n<meta property=\"og:description\" content=\"Built for high altitudes, this EFI powered machine will deliver the performance you need and exceed your expectations. The powerhouse for lots of snow.\" \/>\n<meta property=\"og:url\" content=\"https:\/\/www.ariens.eu\/es\/producto\/snow-blowers\/platinum-series\/platinum-28-rapidtrak\/\" \/>\n<meta property=\"og:site_name\" content=\"Ariens | EMEAA\" \/>\n<meta property=\"article:modified_time\" content=\"2026-04-14T12:51:45+00:00\" \/>\n<meta property=\"og:image\" content=\"https:\/\/www.ariens.eu\/es\/wp-content\/uploads\/sites\/19\/2024\/05\/ariens-platinum-rapidtrak-snow-thrower-angle-view-rear34.webp\" \/>\n\t<meta property=\"og:image:width\" content=\"900\" \/>\n\t<meta property=\"og:image:height\" content=\"650\" \/>\n\t<meta property=\"og:image:type\" content=\"image\/webp\" \/>\n<meta name=\"twitter:card\" content=\"summary_large_image\" \/>\n<meta name=\"twitter:label1\" content=\"Tiempo de lectura\" \/>\n\t<meta name=\"twitter:data1\" content=\"2 minutos\" \/>\n<script type=\"application\/ld+json\" class=\"yoast-schema-graph\">{\"@context\":\"https:\\\/\\\/schema.org\",\"@graph\":[{\"@type\":\"WebPage\",\"@id\":\"https:\\\/\\\/www.ariens.eu\\\/es\\\/producto\\\/snow-blowers\\\/platinum-series\\\/platinum-28-rapidtrak\\\/\",\"url\":\"https:\\\/\\\/www.ariens.eu\\\/es\\\/producto\\\/snow-blowers\\\/platinum-series\\\/platinum-28-rapidtrak\\\/\",\"name\":\"PLATINUM 28 RAPIDTRAK\u00ae \u2013 Snow blower | Ariens\",\"isPartOf\":{\"@id\":\"https:\\\/\\\/www.ariens.eu\\\/es\\\/#website\"},\"primaryImageOfPage\":{\"@id\":\"https:\\\/\\\/www.ariens.eu\\\/es\\\/producto\\\/snow-blowers\\\/platinum-series\\\/platinum-28-rapidtrak\\\/#primaryimage\"},\"image\":{\"@id\":\"https:\\\/\\\/www.ariens.eu\\\/es\\\/producto\\\/snow-blowers\\\/platinum-series\\\/platinum-28-rapidtrak\\\/#primaryimage\"},\"thumbnailUrl\":\"https:\\\/\\\/www.ariens.eu\\\/es\\\/wp-content\\\/uploads\\\/sites\\\/19\\\/2024\\\/05\\\/ariens-platinum-rapidtrak-snow-thrower-angle-view-rear34.webp\",\"datePublished\":\"2024-05-10T10:04:35+00:00\",\"dateModified\":\"2026-04-14T12:51:45+00:00\",\"description\":\"Built for high altitudes, this EFI powered machine will deliver the performance you need and exceed your expectations. The powerhouse for lots of snow.\",\"breadcrumb\":{\"@id\":\"https:\\\/\\\/www.ariens.eu\\\/es\\\/producto\\\/snow-blowers\\\/platinum-series\\\/platinum-28-rapidtrak\\\/#breadcrumb\"},\"inLanguage\":\"es\",\"potentialAction\":[{\"@type\":\"ReadAction\",\"target\":[\"https:\\\/\\\/www.ariens.eu\\\/es\\\/producto\\\/snow-blowers\\\/platinum-series\\\/platinum-28-rapidtrak\\\/\"]}]},{\"@type\":\"ImageObject\",\"inLanguage\":\"es\",\"@id\":\"https:\\\/\\\/www.ariens.eu\\\/es\\\/producto\\\/snow-blowers\\\/platinum-series\\\/platinum-28-rapidtrak\\\/#primaryimage\",\"url\":\"https:\\\/\\\/www.ariens.eu\\\/es\\\/wp-content\\\/uploads\\\/sites\\\/19\\\/2024\\\/05\\\/ariens-platinum-rapidtrak-snow-thrower-angle-view-rear34.webp\",\"contentUrl\":\"https:\\\/\\\/www.ariens.eu\\\/es\\\/wp-content\\\/uploads\\\/sites\\\/19\\\/2024\\\/05\\\/ariens-platinum-rapidtrak-snow-thrower-angle-view-rear34.webp\",\"width\":900,\"height\":650},{\"@type\":\"BreadcrumbList\",\"@id\":\"https:\\\/\\\/www.ariens.eu\\\/es\\\/producto\\\/snow-blowers\\\/platinum-series\\\/platinum-28-rapidtrak\\\/#breadcrumb\",\"itemListElement\":[{\"@type\":\"ListItem\",\"position\":1,\"name\":\"Home\",\"item\":\"https:\\\/\\\/www.ariens.eu\\\/es\\\/\"},{\"@type\":\"ListItem\",\"position\":2,\"name\":\"Shop\",\"item\":\"https:\\\/\\\/www.ariens.eu\\\/es\\\/shop\\\/\"},{\"@type\":\"ListItem\",\"position\":3,\"name\":\"PLATINUM 28 RAPIDTRAK\"}]},{\"@type\":\"WebSite\",\"@id\":\"https:\\\/\\\/www.ariens.eu\\\/es\\\/#website\",\"url\":\"https:\\\/\\\/www.ariens.eu\\\/es\\\/\",\"name\":\"Ariens | EMEAA\",\"description\":\"Powerful and reliable zero-turn mowers &amp; snow blowers for professional users and demanding private customers\",\"publisher\":{\"@id\":\"https:\\\/\\\/www.ariens.eu\\\/es\\\/#organization\"},\"potentialAction\":[{\"@type\":\"SearchAction\",\"target\":{\"@type\":\"EntryPoint\",\"urlTemplate\":\"https:\\\/\\\/www.ariens.eu\\\/es\\\/?s={search_term_string}\"},\"query-input\":{\"@type\":\"PropertyValueSpecification\",\"valueRequired\":true,\"valueName\":\"search_term_string\"}}],\"inLanguage\":\"es\"},{\"@type\":\"Organization\",\"@id\":\"https:\\\/\\\/www.ariens.eu\\\/es\\\/#organization\",\"name\":\"AriensCo GmbH\",\"url\":\"https:\\\/\\\/www.ariens.eu\\\/es\\\/\",\"logo\":{\"@type\":\"ImageObject\",\"inLanguage\":\"es\",\"@id\":\"https:\\\/\\\/www.ariens.eu\\\/es\\\/#\\\/schema\\\/logo\\\/image\\\/\",\"url\":\"https:\\\/\\\/www.ariens.eu\\\/wp-content\\\/uploads\\\/2024\\\/11\\\/ariens-co-logo.jpg\",\"contentUrl\":\"https:\\\/\\\/www.ariens.eu\\\/wp-content\\\/uploads\\\/2024\\\/11\\\/ariens-co-logo.jpg\",\"width\":1000,\"height\":1000,\"caption\":\"AriensCo GmbH\"},\"image\":{\"@id\":\"https:\\\/\\\/www.ariens.eu\\\/es\\\/#\\\/schema\\\/logo\\\/image\\\/\"}}]}<\/script>\n<!-- \/ Yoast SEO plugin. -->","yoast_head_json":{"title":"PLATINUM 28 RAPIDTRAK\u00ae \u2013 Snow blower | Ariens","description":"Built for high altitudes, this EFI powered machine will deliver the performance you need and exceed your expectations. The powerhouse for lots of snow.","robots":{"index":"noindex","follow":"follow","max-snippet":"max-snippet:-1","max-image-preview":"max-image-preview:large","max-video-preview":"max-video-preview:-1"},"og_locale":"es_ES","og_type":"article","og_title":"PLATINUM 28 RAPIDTRAK\u00ae \u2013 Snow blower | Ariens","og_description":"Built for high altitudes, this EFI powered machine will deliver the performance you need and exceed your expectations. The powerhouse for lots of snow.","og_url":"https:\/\/www.ariens.eu\/es\/producto\/snow-blowers\/platinum-series\/platinum-28-rapidtrak\/","og_site_name":"Ariens | EMEAA","article_modified_time":"2026-04-14T12:51:45+00:00","og_image":[{"width":900,"height":650,"url":"https:\/\/www.ariens.eu\/es\/wp-content\/uploads\/sites\/19\/2024\/05\/ariens-platinum-rapidtrak-snow-thrower-angle-view-rear34.webp","type":"image\/webp"}],"twitter_card":"summary_large_image","twitter_misc":{"Tiempo de lectura":"2 minutos"},"schema":{"@context":"https:\/\/schema.org","@graph":[{"@type":"WebPage","@id":"https:\/\/www.ariens.eu\/es\/producto\/snow-blowers\/platinum-series\/platinum-28-rapidtrak\/","url":"https:\/\/www.ariens.eu\/es\/producto\/snow-blowers\/platinum-series\/platinum-28-rapidtrak\/","name":"PLATINUM 28 RAPIDTRAK\u00ae \u2013 Snow blower | Ariens","isPartOf":{"@id":"https:\/\/www.ariens.eu\/es\/#website"},"primaryImageOfPage":{"@id":"https:\/\/www.ariens.eu\/es\/producto\/snow-blowers\/platinum-series\/platinum-28-rapidtrak\/#primaryimage"},"image":{"@id":"https:\/\/www.ariens.eu\/es\/producto\/snow-blowers\/platinum-series\/platinum-28-rapidtrak\/#primaryimage"},"thumbnailUrl":"https:\/\/www.ariens.eu\/es\/wp-content\/uploads\/sites\/19\/2024\/05\/ariens-platinum-rapidtrak-snow-thrower-angle-view-rear34.webp","datePublished":"2024-05-10T10:04:35+00:00","dateModified":"2026-04-14T12:51:45+00:00","description":"Built for high altitudes, this EFI powered machine will deliver the performance you need and exceed your expectations. The powerhouse for lots of snow.","breadcrumb":{"@id":"https:\/\/www.ariens.eu\/es\/producto\/snow-blowers\/platinum-series\/platinum-28-rapidtrak\/#breadcrumb"},"inLanguage":"es","potentialAction":[{"@type":"ReadAction","target":["https:\/\/www.ariens.eu\/es\/producto\/snow-blowers\/platinum-series\/platinum-28-rapidtrak\/"]}]},{"@type":"ImageObject","inLanguage":"es","@id":"https:\/\/www.ariens.eu\/es\/producto\/snow-blowers\/platinum-series\/platinum-28-rapidtrak\/#primaryimage","url":"https:\/\/www.ariens.eu\/es\/wp-content\/uploads\/sites\/19\/2024\/05\/ariens-platinum-rapidtrak-snow-thrower-angle-view-rear34.webp","contentUrl":"https:\/\/www.ariens.eu\/es\/wp-content\/uploads\/sites\/19\/2024\/05\/ariens-platinum-rapidtrak-snow-thrower-angle-view-rear34.webp","width":900,"height":650},{"@type":"BreadcrumbList","@id":"https:\/\/www.ariens.eu\/es\/producto\/snow-blowers\/platinum-series\/platinum-28-rapidtrak\/#breadcrumb","itemListElement":[{"@type":"ListItem","position":1,"name":"Home","item":"https:\/\/www.ariens.eu\/es\/"},{"@type":"ListItem","position":2,"name":"Shop","item":"https:\/\/www.ariens.eu\/es\/shop\/"},{"@type":"ListItem","position":3,"name":"PLATINUM 28 RAPIDTRAK"}]},{"@type":"WebSite","@id":"https:\/\/www.ariens.eu\/es\/#website","url":"https:\/\/www.ariens.eu\/es\/","name":"Ariens | EMEAA","description":"Powerful and reliable zero-turn mowers &amp; snow blowers for professional users and demanding private customers","publisher":{"@id":"https:\/\/www.ariens.eu\/es\/#organization"},"potentialAction":[{"@type":"SearchAction","target":{"@type":"EntryPoint","urlTemplate":"https:\/\/www.ariens.eu\/es\/?s={search_term_string}"},"query-input":{"@type":"PropertyValueSpecification","valueRequired":true,"valueName":"search_term_string"}}],"inLanguage":"es"},{"@type":"Organization","@id":"https:\/\/www.ariens.eu\/es\/#organization","name":"AriensCo GmbH","url":"https:\/\/www.ariens.eu\/es\/","logo":{"@type":"ImageObject","inLanguage":"es","@id":"https:\/\/www.ariens.eu\/es\/#\/schema\/logo\/image\/","url":"https:\/\/www.ariens.eu\/wp-content\/uploads\/2024\/11\/ariens-co-logo.jpg","contentUrl":"https:\/\/www.ariens.eu\/wp-content\/uploads\/2024\/11\/ariens-co-logo.jpg","width":1000,"height":1000,"caption":"AriensCo GmbH"},"image":{"@id":"https:\/\/www.ariens.eu\/es\/#\/schema\/logo\/image\/"}}]}},"_links":{"self":[{"href":"https:\/\/www.ariens.eu\/es\/wp-json\/wp\/v2\/product\/2309","targetHints":{"allow":["GET"]}}],"collection":[{"href":"https:\/\/www.ariens.eu\/es\/wp-json\/wp\/v2\/product"}],"about":[{"href":"https:\/\/www.ariens.eu\/es\/wp-json\/wp\/v2\/types\/product"}],"replies":[{"embeddable":true,"href":"https:\/\/www.ariens.eu\/es\/wp-json\/wp\/v2\/comments?post=2309"}],"wp:featuredmedia":[{"embeddable":true,"href":"https:\/\/www.ariens.eu\/es\/wp-json\/wp\/v2\/media\/2697"}],"wp:attachment":[{"href":"https:\/\/www.ariens.eu\/es\/wp-json\/wp\/v2\/media?parent=2309"}],"wp:term":[{"taxonomy":"product_brand","embeddable":true,"href":"https:\/\/www.ariens.eu\/es\/wp-json\/wp\/v2\/product_brand?post=2309"},{"taxonomy":"product_cat","embeddable":true,"href":"https:\/\/www.ariens.eu\/es\/wp-json\/wp\/v2\/product_cat?post=2309"},{"taxonomy":"product_tag","embeddable":true,"href":"https:\/\/www.ariens.eu\/es\/wp-json\/wp\/v2\/product_tag?post=2309"}],"curies":[{"name":"wp","href":"https:\/\/api.w.org\/{rel}","templated":true}]}}