{"id":2315,"date":"2024-05-10T11:04:36","date_gmt":"2024-05-10T10:04:36","guid":{"rendered":"https:\/\/www.ariens.eu\/product\/classic-24\/"},"modified":"2026-04-14T13:51:40","modified_gmt":"2026-04-14T12:51:40","slug":"classic-24","status":"publish","type":"product","link":"https:\/\/www.ariens.eu\/es\/producto\/snow-blowers\/classic-series\/classic-24","title":{"rendered":"CLASSIC 24"},"content":{"rendered":"<div class=\"acfd-block acfd-block__twocolumns mb-asm-1 container-fluid px-0 bg-default\">\n<div class=\"acfd-twocolumns\">\n<div class=\"row\">\n<div class='col-lg-9 mb-4 '>\n<div class=\"acfd-block acfd-block__headline container-fluid px-0 bg-default\">\n<div class=\"acfd-headline\" >\n<h2 class='h2 text-left li_black'>Simple y robusto. Hecho para muchos inviernos y su propiedad.<\/h2>\n<\/p><\/div>\n<\/div><\/div>\n<div class='col-lg'>                    <\/div>\n<\/p><\/div>\n<\/div>\n<\/div>\n<div class=\"acfd-block acfd-block__twocolumns mb-asm-2 container-fluid px-0 bg-default\">\n<div class=\"acfd-twocolumns\">\n<div class=\"row\">\n<div class='col-lg-9 mb-4 '>\n<div class=\"acfd-block acfd-block__text container-fluid px-0 bg-default\">\n<div class=\"acfd-text li_black\">\n<p>El pron\u00f3stico no anuncia nada que no pueda manejar.<\/p>\n<p>Construcci\u00f3n totalmente de acero pero ligera y f\u00e1cil de controlar, esta m\u00e1quina est\u00e1 hecha para la eliminaci\u00f3n seria de nieve. Sus palancas de bloqueo le permiten operar con una mano al lanzar nieve y conducir, mientras que su sinf\u00edn de acero dentado hace un trabajo r\u00e1pido con lo que la madre naturaleza tenga preparado. \u00bfPesada y mojada? \u00bfLigera y esponjosa? La CLASSIC lo lanza todo.<\/p>\n<p>La CLASSIC 24 est\u00e1 construida de manera tan robusta que proporcionar\u00e1 a\u00f1os de servicio.<\/p>\n<ul>\n<li>Ancho de limpieza 60 cm (24\u2033)<\/li>\n<li>Potente motor Ariens de 208 cm\u00b3<\/li>\n<li>Arranque el\u00e9ctrico de 230 V y arranque con cuerda como est\u00e1ndar<\/li>\n<li>Capacidad m\u00e1xima: 52 toneladas por hora<\/li>\n<li>El dise\u00f1o f\u00e1cil de usar permite al conductor operar la m\u00e1quina c\u00f3modamente y con facilidad con una mano<\/li>\n<li>Tracci\u00f3n en las ruedas sin diferencial, una rueda puede ser desenganchada mediante un enchufe de seguridad<\/li>\n<\/ul>\n<\/div>\n<\/div><\/div>\n<div class='col-lg'>                    <\/div>\n<\/p><\/div>\n<\/div>\n<\/div>\n<div class=\"acfd-block acfd-block__twocolumns mb-asm-2 container-fluid container-fluid--force px-0 bg-default\">\n<div class=\"acfd-twocolumns\">\n<div class=\"row\">\n<div class='col-lg-12 mb-4 '>\n<div class=\"acfd-product-advantages--wrapper\">\n<h2 class=\"h1 bigger text-color-black text-center mb-5\">\n        Features &#038; Benefits    <\/h2>\n<div class=\"acfd-product-advantages\">\n<div class=\"row\">\n<div class=\"col-md-6 mb-4 content\">\n                    <span class=\"d-block h5 text-color-brand mb-1\">Construcci\u00f3n totalmente de acero<\/span><\/p>\n<p>Desde el manillar hasta la carcasa y el sinf\u00edn dentado, la robusta construcci\u00f3n totalmente de acero de la Classic est\u00e1 construida para durar d\u00e9cadas.\u200b<\/p>\n<\/p><\/div>\n<div class=\"col-md-6 mb4 image\"  style=\"background-image:url(https:\/\/www.ariens.eu\/es\/wp-content\/uploads\/sites\/19\/2024\/05\/all-steal-construction.webp)\">\n                <\/div>\n<\/p><\/div>\n<div class=\"row\">\n<div class=\"col-md-6 mb-4 content\">\n                    <span class=\"d-block h5 text-color-brand mb-1\">Garant\u00eda del producto<\/span><\/p>\n<p>Garant\u00eda residencial de tres a\u00f1os, garant\u00eda comercial de 90 d\u00edas. La tranquilidad de que Ariens lo tiene cubierto.<\/p>\n<\/p><\/div>\n<div class=\"col-md-6 mb4 image\"  style=\"background-image:url(https:\/\/www.ariens.eu\/es\/wp-content\/uploads\/sites\/19\/2024\/05\/warranty.webp)\">\n                <\/div>\n<\/p><\/div>\n<div class=\"row\">\n<div class=\"col-md-6 mb-4 content\">\n                    <span class=\"d-block h5 text-color-brand mb-1\">Tubo de descarga y tapa a distancia<\/span><\/p>\n<p>Un tubo de descarga de giro r\u00e1pido 2.5X y 205\u00b0 de rotaci\u00f3n ponen la nieve en su lugar.<\/p>\n<\/p><\/div>\n<div class=\"col-md-6 mb4 image\"  style=\"background-image:url(https:\/\/www.ariens.eu\/es\/wp-content\/uploads\/sites\/19\/2024\/05\/remote-chute-cap.webp)\">\n                <\/div>\n<\/p><\/div>\n<div class=\"row\">\n<div class=\"col-md-6 mb-4 content\">\n                    <span class=\"d-block h5 text-color-brand mb-1\">Motor Ariens AX 208cc<\/span><\/p>\n<p>Fuerte y eficiente, los 9,5 libras-pie de torque de Ariens mueven la nieve con facilidad.<\/p>\n<\/p><\/div>\n<div class=\"col-md-6 mb4 image\"  style=\"background-image:url(https:\/\/www.ariens.eu\/es\/wp-content\/uploads\/sites\/19\/2024\/05\/quick-turn-chute.png)\">\n                <\/div>\n<\/p><\/div>\n<div class=\"row\">\n<div class=\"col-md-6 mb-4 content\">\n                    <span class=\"d-block h5 text-color-brand mb-1\">Arranque el\u00e9ctrico<\/span><\/p>\n<p>Arranque con bot\u00f3n para un uso r\u00e1pido y f\u00e1cil incluso en las temperaturas m\u00e1s extremas.<\/p>\n<\/p><\/div>\n<div class=\"col-md-6 mb4 image\"  style=\"background-image:url(https:\/\/www.ariens.eu\/es\/wp-content\/uploads\/sites\/19\/2024\/05\/electric-start.webp)\">\n                <\/div>\n<\/p><\/div>\n<\/p><\/div>\n<\/div><\/div>\n<div class='col-lg'>                    <\/div>\n<\/p><\/div>\n<\/div>\n<\/div>\n","protected":false},"excerpt":{"rendered":"<p>Simple y robusto. Hecho para muchos inviernos y su propiedad. El pron\u00f3stico no anuncia nada que no pueda manejar. Construcci\u00f3n totalmente de acero pero ligera y f\u00e1cil de controlar, esta m\u00e1quina est\u00e1 hecha para la eliminaci\u00f3n seria de nieve. Sus palancas de bloqueo le permiten operar con una mano al lanzar nieve y conducir, mientras [&hellip;]<\/p>\n","protected":false},"featured_media":2677,"comment_status":"open","ping_status":"closed","template":"","meta":{"_acf_changed":false,"_relevanssi_hide_post":"","_relevanssi_hide_content":"","_relevanssi_pin_for_all":"","_relevanssi_pin_keywords":"","_relevanssi_unpin_keywords":"","_relevanssi_related_keywords":"","_relevanssi_related_include_ids":"","_relevanssi_related_exclude_ids":"","_relevanssi_related_no_append":"","_relevanssi_related_not_related":"","_relevanssi_related_posts":"","_relevanssi_noindex_reason":""},"product_brand":[],"product_cat":[15],"product_tag":[],"class_list":{"0":"post-2315","1":"product","2":"type-product","3":"status-publish","4":"has-post-thumbnail","6":"product_variant-classic-series","7":"product_usage_areas-municipalities-building-yards","8":"product_usage_areas-winter-service","10":"first","11":"instock","12":"shipping-taxable","13":"product-type-simple"},"acf":[],"yoast_head":"<!-- This site is optimized with the Yoast SEO plugin v27.3 - https:\/\/yoast.com\/product\/yoast-seo-wordpress\/ -->\n<title>Ariens CLASSIC 24 Snow Blower<\/title>\n<meta name=\"description\" content=\"Ariens CLASSIC 24 snow blower with 208cc engine, 60cm clearing width, and durable steel construction delivers powerful, reliable snow removal.\" \/>\n<meta name=\"robots\" content=\"noindex, follow, max-snippet:-1, max-image-preview:large, max-video-preview:-1\" \/>\n<meta property=\"og:locale\" content=\"es_ES\" \/>\n<meta property=\"og:type\" content=\"article\" \/>\n<meta property=\"og:title\" content=\"Ariens CLASSIC 24 Snow Blower\" \/>\n<meta property=\"og:description\" content=\"Ariens CLASSIC 24 snow blower with 208cc engine, 60cm clearing width, and durable steel construction delivers powerful, reliable snow removal.\" \/>\n<meta property=\"og:url\" content=\"https:\/\/www.ariens.eu\/es\/producto\/snow-blowers\/classic-series\/classic-24\/\" \/>\n<meta property=\"og:site_name\" content=\"Ariens | EMEAA\" \/>\n<meta property=\"article:modified_time\" content=\"2026-04-14T12:51:40+00:00\" \/>\n<meta property=\"og:image\" content=\"https:\/\/www.ariens.eu\/es\/wp-content\/uploads\/sites\/19\/2024\/05\/ariens-classic-24_front-3-4.webp\" \/>\n\t<meta property=\"og:image:width\" content=\"900\" \/>\n\t<meta property=\"og:image:height\" content=\"650\" \/>\n\t<meta property=\"og:image:type\" content=\"image\/webp\" \/>\n<meta name=\"twitter:card\" content=\"summary_large_image\" \/>\n<meta name=\"twitter:label1\" content=\"Tiempo de lectura\" \/>\n\t<meta name=\"twitter:data1\" content=\"2 minutos\" \/>\n<script type=\"application\/ld+json\" class=\"yoast-schema-graph\">{\"@context\":\"https:\\\/\\\/schema.org\",\"@graph\":[{\"@type\":\"WebPage\",\"@id\":\"https:\\\/\\\/www.ariens.eu\\\/es\\\/producto\\\/snow-blowers\\\/classic-series\\\/classic-24\\\/\",\"url\":\"https:\\\/\\\/www.ariens.eu\\\/es\\\/producto\\\/snow-blowers\\\/classic-series\\\/classic-24\\\/\",\"name\":\"Ariens CLASSIC 24 Snow Blower\",\"isPartOf\":{\"@id\":\"https:\\\/\\\/www.ariens.eu\\\/es\\\/#website\"},\"primaryImageOfPage\":{\"@id\":\"https:\\\/\\\/www.ariens.eu\\\/es\\\/producto\\\/snow-blowers\\\/classic-series\\\/classic-24\\\/#primaryimage\"},\"image\":{\"@id\":\"https:\\\/\\\/www.ariens.eu\\\/es\\\/producto\\\/snow-blowers\\\/classic-series\\\/classic-24\\\/#primaryimage\"},\"thumbnailUrl\":\"https:\\\/\\\/www.ariens.eu\\\/es\\\/wp-content\\\/uploads\\\/sites\\\/19\\\/2024\\\/05\\\/ariens-classic-24_front-3-4.webp\",\"datePublished\":\"2024-05-10T10:04:36+00:00\",\"dateModified\":\"2026-04-14T12:51:40+00:00\",\"description\":\"Ariens CLASSIC 24 snow blower with 208cc engine, 60cm clearing width, and durable steel construction delivers powerful, reliable snow removal.\",\"breadcrumb\":{\"@id\":\"https:\\\/\\\/www.ariens.eu\\\/es\\\/producto\\\/snow-blowers\\\/classic-series\\\/classic-24\\\/#breadcrumb\"},\"inLanguage\":\"es\",\"potentialAction\":[{\"@type\":\"ReadAction\",\"target\":[\"https:\\\/\\\/www.ariens.eu\\\/es\\\/producto\\\/snow-blowers\\\/classic-series\\\/classic-24\\\/\"]}]},{\"@type\":\"ImageObject\",\"inLanguage\":\"es\",\"@id\":\"https:\\\/\\\/www.ariens.eu\\\/es\\\/producto\\\/snow-blowers\\\/classic-series\\\/classic-24\\\/#primaryimage\",\"url\":\"https:\\\/\\\/www.ariens.eu\\\/es\\\/wp-content\\\/uploads\\\/sites\\\/19\\\/2024\\\/05\\\/ariens-classic-24_front-3-4.webp\",\"contentUrl\":\"https:\\\/\\\/www.ariens.eu\\\/es\\\/wp-content\\\/uploads\\\/sites\\\/19\\\/2024\\\/05\\\/ariens-classic-24_front-3-4.webp\",\"width\":900,\"height\":650},{\"@type\":\"BreadcrumbList\",\"@id\":\"https:\\\/\\\/www.ariens.eu\\\/es\\\/producto\\\/snow-blowers\\\/classic-series\\\/classic-24\\\/#breadcrumb\",\"itemListElement\":[{\"@type\":\"ListItem\",\"position\":1,\"name\":\"Home\",\"item\":\"https:\\\/\\\/www.ariens.eu\\\/es\\\/\"},{\"@type\":\"ListItem\",\"position\":2,\"name\":\"Shop\",\"item\":\"https:\\\/\\\/www.ariens.eu\\\/es\\\/shop\\\/\"},{\"@type\":\"ListItem\",\"position\":3,\"name\":\"CLASSIC 24\"}]},{\"@type\":\"WebSite\",\"@id\":\"https:\\\/\\\/www.ariens.eu\\\/es\\\/#website\",\"url\":\"https:\\\/\\\/www.ariens.eu\\\/es\\\/\",\"name\":\"Ariens | EMEAA\",\"description\":\"Powerful and reliable zero-turn mowers &amp; snow blowers for professional users and demanding private customers\",\"publisher\":{\"@id\":\"https:\\\/\\\/www.ariens.eu\\\/es\\\/#organization\"},\"potentialAction\":[{\"@type\":\"SearchAction\",\"target\":{\"@type\":\"EntryPoint\",\"urlTemplate\":\"https:\\\/\\\/www.ariens.eu\\\/es\\\/?s={search_term_string}\"},\"query-input\":{\"@type\":\"PropertyValueSpecification\",\"valueRequired\":true,\"valueName\":\"search_term_string\"}}],\"inLanguage\":\"es\"},{\"@type\":\"Organization\",\"@id\":\"https:\\\/\\\/www.ariens.eu\\\/es\\\/#organization\",\"name\":\"AriensCo GmbH\",\"url\":\"https:\\\/\\\/www.ariens.eu\\\/es\\\/\",\"logo\":{\"@type\":\"ImageObject\",\"inLanguage\":\"es\",\"@id\":\"https:\\\/\\\/www.ariens.eu\\\/es\\\/#\\\/schema\\\/logo\\\/image\\\/\",\"url\":\"https:\\\/\\\/www.ariens.eu\\\/wp-content\\\/uploads\\\/2024\\\/11\\\/ariens-co-logo.jpg\",\"contentUrl\":\"https:\\\/\\\/www.ariens.eu\\\/wp-content\\\/uploads\\\/2024\\\/11\\\/ariens-co-logo.jpg\",\"width\":1000,\"height\":1000,\"caption\":\"AriensCo GmbH\"},\"image\":{\"@id\":\"https:\\\/\\\/www.ariens.eu\\\/es\\\/#\\\/schema\\\/logo\\\/image\\\/\"}}]}<\/script>\n<!-- \/ Yoast SEO plugin. -->","yoast_head_json":{"title":"Ariens CLASSIC 24 Snow Blower","description":"Ariens CLASSIC 24 snow blower with 208cc engine, 60cm clearing width, and durable steel construction delivers powerful, reliable snow removal.","robots":{"index":"noindex","follow":"follow","max-snippet":"max-snippet:-1","max-image-preview":"max-image-preview:large","max-video-preview":"max-video-preview:-1"},"og_locale":"es_ES","og_type":"article","og_title":"Ariens CLASSIC 24 Snow Blower","og_description":"Ariens CLASSIC 24 snow blower with 208cc engine, 60cm clearing width, and durable steel construction delivers powerful, reliable snow removal.","og_url":"https:\/\/www.ariens.eu\/es\/producto\/snow-blowers\/classic-series\/classic-24\/","og_site_name":"Ariens | EMEAA","article_modified_time":"2026-04-14T12:51:40+00:00","og_image":[{"width":900,"height":650,"url":"https:\/\/www.ariens.eu\/es\/wp-content\/uploads\/sites\/19\/2024\/05\/ariens-classic-24_front-3-4.webp","type":"image\/webp"}],"twitter_card":"summary_large_image","twitter_misc":{"Tiempo de lectura":"2 minutos"},"schema":{"@context":"https:\/\/schema.org","@graph":[{"@type":"WebPage","@id":"https:\/\/www.ariens.eu\/es\/producto\/snow-blowers\/classic-series\/classic-24\/","url":"https:\/\/www.ariens.eu\/es\/producto\/snow-blowers\/classic-series\/classic-24\/","name":"Ariens CLASSIC 24 Snow Blower","isPartOf":{"@id":"https:\/\/www.ariens.eu\/es\/#website"},"primaryImageOfPage":{"@id":"https:\/\/www.ariens.eu\/es\/producto\/snow-blowers\/classic-series\/classic-24\/#primaryimage"},"image":{"@id":"https:\/\/www.ariens.eu\/es\/producto\/snow-blowers\/classic-series\/classic-24\/#primaryimage"},"thumbnailUrl":"https:\/\/www.ariens.eu\/es\/wp-content\/uploads\/sites\/19\/2024\/05\/ariens-classic-24_front-3-4.webp","datePublished":"2024-05-10T10:04:36+00:00","dateModified":"2026-04-14T12:51:40+00:00","description":"Ariens CLASSIC 24 snow blower with 208cc engine, 60cm clearing width, and durable steel construction delivers powerful, reliable snow removal.","breadcrumb":{"@id":"https:\/\/www.ariens.eu\/es\/producto\/snow-blowers\/classic-series\/classic-24\/#breadcrumb"},"inLanguage":"es","potentialAction":[{"@type":"ReadAction","target":["https:\/\/www.ariens.eu\/es\/producto\/snow-blowers\/classic-series\/classic-24\/"]}]},{"@type":"ImageObject","inLanguage":"es","@id":"https:\/\/www.ariens.eu\/es\/producto\/snow-blowers\/classic-series\/classic-24\/#primaryimage","url":"https:\/\/www.ariens.eu\/es\/wp-content\/uploads\/sites\/19\/2024\/05\/ariens-classic-24_front-3-4.webp","contentUrl":"https:\/\/www.ariens.eu\/es\/wp-content\/uploads\/sites\/19\/2024\/05\/ariens-classic-24_front-3-4.webp","width":900,"height":650},{"@type":"BreadcrumbList","@id":"https:\/\/www.ariens.eu\/es\/producto\/snow-blowers\/classic-series\/classic-24\/#breadcrumb","itemListElement":[{"@type":"ListItem","position":1,"name":"Home","item":"https:\/\/www.ariens.eu\/es\/"},{"@type":"ListItem","position":2,"name":"Shop","item":"https:\/\/www.ariens.eu\/es\/shop\/"},{"@type":"ListItem","position":3,"name":"CLASSIC 24"}]},{"@type":"WebSite","@id":"https:\/\/www.ariens.eu\/es\/#website","url":"https:\/\/www.ariens.eu\/es\/","name":"Ariens | EMEAA","description":"Powerful and reliable zero-turn mowers &amp; snow blowers for professional users and demanding private customers","publisher":{"@id":"https:\/\/www.ariens.eu\/es\/#organization"},"potentialAction":[{"@type":"SearchAction","target":{"@type":"EntryPoint","urlTemplate":"https:\/\/www.ariens.eu\/es\/?s={search_term_string}"},"query-input":{"@type":"PropertyValueSpecification","valueRequired":true,"valueName":"search_term_string"}}],"inLanguage":"es"},{"@type":"Organization","@id":"https:\/\/www.ariens.eu\/es\/#organization","name":"AriensCo GmbH","url":"https:\/\/www.ariens.eu\/es\/","logo":{"@type":"ImageObject","inLanguage":"es","@id":"https:\/\/www.ariens.eu\/es\/#\/schema\/logo\/image\/","url":"https:\/\/www.ariens.eu\/wp-content\/uploads\/2024\/11\/ariens-co-logo.jpg","contentUrl":"https:\/\/www.ariens.eu\/wp-content\/uploads\/2024\/11\/ariens-co-logo.jpg","width":1000,"height":1000,"caption":"AriensCo GmbH"},"image":{"@id":"https:\/\/www.ariens.eu\/es\/#\/schema\/logo\/image\/"}}]}},"_links":{"self":[{"href":"https:\/\/www.ariens.eu\/es\/wp-json\/wp\/v2\/product\/2315","targetHints":{"allow":["GET"]}}],"collection":[{"href":"https:\/\/www.ariens.eu\/es\/wp-json\/wp\/v2\/product"}],"about":[{"href":"https:\/\/www.ariens.eu\/es\/wp-json\/wp\/v2\/types\/product"}],"replies":[{"embeddable":true,"href":"https:\/\/www.ariens.eu\/es\/wp-json\/wp\/v2\/comments?post=2315"}],"wp:featuredmedia":[{"embeddable":true,"href":"https:\/\/www.ariens.eu\/es\/wp-json\/wp\/v2\/media\/2677"}],"wp:attachment":[{"href":"https:\/\/www.ariens.eu\/es\/wp-json\/wp\/v2\/media?parent=2315"}],"wp:term":[{"taxonomy":"product_brand","embeddable":true,"href":"https:\/\/www.ariens.eu\/es\/wp-json\/wp\/v2\/product_brand?post=2315"},{"taxonomy":"product_cat","embeddable":true,"href":"https:\/\/www.ariens.eu\/es\/wp-json\/wp\/v2\/product_cat?post=2315"},{"taxonomy":"product_tag","embeddable":true,"href":"https:\/\/www.ariens.eu\/es\/wp-json\/wp\/v2\/product_tag?post=2315"}],"curies":[{"name":"wp","href":"https:\/\/api.w.org\/{rel}","templated":true}]}}