{"id":2322,"date":"2024-05-10T11:04:36","date_gmt":"2024-05-10T10:04:36","guid":{"rendered":"https:\/\/www.ariens.eu\/product\/brine-sprayer-69-119-cm\/"},"modified":"2026-04-14T13:51:41","modified_gmt":"2026-04-14T12:51:41","slug":"pulverizador-de-salmuera-69-119-cm","status":"publish","type":"product","link":"https:\/\/www.ariens.eu\/es\/producto\/snow-blowers\/attachments\/pulverizador-de-salmuera-69-119-cm","title":{"rendered":"PULVERIZADOR DE SALMUERA 69 &#8211; 119 cm"},"content":{"rendered":"<div class=\"acfd-block acfd-block__twocolumns mb-asm-1 container-fluid px-0 bg-default\">\n<div class=\"acfd-twocolumns\">\n<div class=\"row\">\n<div class='col-lg-9 mb-4 '>\n<div class=\"acfd-block acfd-block__headline mb-asm-1 container-fluid px-0 bg-default\">\n<div class=\"acfd-headline\" >\n<h2 class='h2 text-left li_black'>Ajuste de ancho variable. Descongele de manera confiable.<\/h2>\n<\/p><\/div>\n<\/div>\n<div class=\"acfd-block acfd-block__text container-fluid px-0 bg-default\">\n<div class=\"acfd-text li_black\">\n<p>El esparcidor de salmuera para la serie MAMMOTH<sup>TM<\/sup> 850 es una soluci\u00f3n completa para la gesti\u00f3n eficiente del hielo. Este esparcidor de salmuera est\u00e1 equipado con cinco boquillas de pulverizaci\u00f3n, una varilla de pulverizaci\u00f3n manual y un tanque de salmuera de 20 galones, lo que garantiza que el hielo se combate de manera efectiva en cualquier condici\u00f3n.<\/p>\n<p>El kit completo incluye todas las mangueras, bombas y boquillas necesarias para una instalaci\u00f3n sin problemas. Con un ancho de cobertura m\u00ednimo de 27 pulgadas (68.58 cm) y un m\u00e1ximo de 47 pulgadas (119.38 cm), ofrece opciones de aplicaci\u00f3n vers\u00e1tiles. El esparcidor cuenta con un impresionante volumen de pulverizaci\u00f3n de 1.15 gpm a 15 psi y 2.03 gpm a 40 psi, complementado con una caracter\u00edstica de control de flujo para una pulverizaci\u00f3n precisa. El accesorio de la varilla de pulverizaci\u00f3n mejora la usabilidad, permitiendo una aplicaci\u00f3n dirigida. Ideal para uso comercial y residencial, el esparcidor de salmuera es su elecci\u00f3n ideal para combatir el hielo de manera efectiva.<\/p>\n<\/div>\n<\/div><\/div>\n<div class='col-lg'>                    <\/div>\n<\/p><\/div>\n<\/div>\n<\/div>\n","protected":false},"excerpt":{"rendered":"<p>Ajuste de ancho variable. Descongele de manera confiable. El esparcidor de salmuera para la serie MAMMOTHTM 850 es una soluci\u00f3n completa para la gesti\u00f3n eficiente del hielo. Este esparcidor de salmuera est\u00e1 equipado con cinco boquillas de pulverizaci\u00f3n, una varilla de pulverizaci\u00f3n manual y un tanque de salmuera de 20 galones, lo que garantiza que [&hellip;]<\/p>\n","protected":false},"featured_media":3027,"comment_status":"open","ping_status":"closed","template":"","meta":{"_acf_changed":false,"_relevanssi_hide_post":"","_relevanssi_hide_content":"","_relevanssi_pin_for_all":"","_relevanssi_pin_keywords":"","_relevanssi_unpin_keywords":"","_relevanssi_related_keywords":"","_relevanssi_related_include_ids":"","_relevanssi_related_exclude_ids":"","_relevanssi_related_no_append":"","_relevanssi_related_not_related":"","_relevanssi_related_posts":"","_relevanssi_noindex_reason":""},"product_brand":[],"product_cat":[15],"product_tag":[],"class_list":{"0":"post-2322","1":"product","2":"type-product","3":"status-publish","4":"has-post-thumbnail","6":"product_variant-attachments","7":"product_usage_areas-winter-service","9":"first","10":"instock","11":"shipping-taxable","12":"product-type-simple"},"acf":[],"yoast_head":"<!-- This site is optimized with the Yoast SEO plugin v27.3 - https:\/\/yoast.com\/product\/yoast-seo-wordpress\/ -->\n<title>Brine Spreader - MAMMOTH\u2122 850 Series | Ariens<\/title>\n<meta name=\"description\" content=\"Conquer ice with the Brine Spreader, featuring five sprayer nozzles, a 20-gallon tank, and a handheld spray wand for efficient ice management.\" \/>\n<meta name=\"robots\" content=\"noindex, follow, max-snippet:-1, max-image-preview:large, max-video-preview:-1\" \/>\n<meta property=\"og:locale\" content=\"es_ES\" \/>\n<meta property=\"og:type\" content=\"article\" \/>\n<meta property=\"og:title\" content=\"Brine Spreader - MAMMOTH\u2122 850 Series | Ariens\" \/>\n<meta property=\"og:description\" content=\"Conquer ice with the Brine Spreader, featuring five sprayer nozzles, a 20-gallon tank, and a handheld spray wand for efficient ice management.\" \/>\n<meta property=\"og:url\" content=\"https:\/\/www.ariens.eu\/es\/producto\/snow-blowers\/attachments\/pulverizador-de-salmuera-69-119-cm\/\" \/>\n<meta property=\"og:site_name\" content=\"Ariens | EMEAA\" \/>\n<meta property=\"article:modified_time\" content=\"2026-04-14T12:51:41+00:00\" \/>\n<meta property=\"og:image\" content=\"https:\/\/www.ariens.eu\/es\/wp-content\/uploads\/sites\/19\/2024\/05\/mammoth-brine.webp\" \/>\n\t<meta property=\"og:image:width\" content=\"475\" \/>\n\t<meta property=\"og:image:height\" content=\"475\" \/>\n\t<meta property=\"og:image:type\" content=\"image\/webp\" \/>\n<meta name=\"twitter:card\" content=\"summary_large_image\" \/>\n<meta name=\"twitter:label1\" content=\"Tiempo de lectura\" \/>\n\t<meta name=\"twitter:data1\" content=\"1 minuto\" \/>\n<script type=\"application\/ld+json\" class=\"yoast-schema-graph\">{\"@context\":\"https:\\\/\\\/schema.org\",\"@graph\":[{\"@type\":\"WebPage\",\"@id\":\"https:\\\/\\\/www.ariens.eu\\\/es\\\/producto\\\/snow-blowers\\\/attachments\\\/pulverizador-de-salmuera-69-119-cm\\\/\",\"url\":\"https:\\\/\\\/www.ariens.eu\\\/es\\\/producto\\\/snow-blowers\\\/attachments\\\/pulverizador-de-salmuera-69-119-cm\\\/\",\"name\":\"Brine Spreader - MAMMOTH\u2122 850 Series | Ariens\",\"isPartOf\":{\"@id\":\"https:\\\/\\\/www.ariens.eu\\\/es\\\/#website\"},\"primaryImageOfPage\":{\"@id\":\"https:\\\/\\\/www.ariens.eu\\\/es\\\/producto\\\/snow-blowers\\\/attachments\\\/pulverizador-de-salmuera-69-119-cm\\\/#primaryimage\"},\"image\":{\"@id\":\"https:\\\/\\\/www.ariens.eu\\\/es\\\/producto\\\/snow-blowers\\\/attachments\\\/pulverizador-de-salmuera-69-119-cm\\\/#primaryimage\"},\"thumbnailUrl\":\"https:\\\/\\\/www.ariens.eu\\\/es\\\/wp-content\\\/uploads\\\/sites\\\/19\\\/2024\\\/05\\\/mammoth-brine.webp\",\"datePublished\":\"2024-05-10T10:04:36+00:00\",\"dateModified\":\"2026-04-14T12:51:41+00:00\",\"description\":\"Conquer ice with the Brine Spreader, featuring five sprayer nozzles, a 20-gallon tank, and a handheld spray wand for efficient ice management.\",\"breadcrumb\":{\"@id\":\"https:\\\/\\\/www.ariens.eu\\\/es\\\/producto\\\/snow-blowers\\\/attachments\\\/pulverizador-de-salmuera-69-119-cm\\\/#breadcrumb\"},\"inLanguage\":\"es\",\"potentialAction\":[{\"@type\":\"ReadAction\",\"target\":[\"https:\\\/\\\/www.ariens.eu\\\/es\\\/producto\\\/snow-blowers\\\/attachments\\\/pulverizador-de-salmuera-69-119-cm\\\/\"]}]},{\"@type\":\"ImageObject\",\"inLanguage\":\"es\",\"@id\":\"https:\\\/\\\/www.ariens.eu\\\/es\\\/producto\\\/snow-blowers\\\/attachments\\\/pulverizador-de-salmuera-69-119-cm\\\/#primaryimage\",\"url\":\"https:\\\/\\\/www.ariens.eu\\\/es\\\/wp-content\\\/uploads\\\/sites\\\/19\\\/2024\\\/05\\\/mammoth-brine.webp\",\"contentUrl\":\"https:\\\/\\\/www.ariens.eu\\\/es\\\/wp-content\\\/uploads\\\/sites\\\/19\\\/2024\\\/05\\\/mammoth-brine.webp\",\"width\":475,\"height\":475},{\"@type\":\"BreadcrumbList\",\"@id\":\"https:\\\/\\\/www.ariens.eu\\\/es\\\/producto\\\/snow-blowers\\\/attachments\\\/pulverizador-de-salmuera-69-119-cm\\\/#breadcrumb\",\"itemListElement\":[{\"@type\":\"ListItem\",\"position\":1,\"name\":\"Home\",\"item\":\"https:\\\/\\\/www.ariens.eu\\\/es\\\/\"},{\"@type\":\"ListItem\",\"position\":2,\"name\":\"Shop\",\"item\":\"https:\\\/\\\/www.ariens.eu\\\/es\\\/shop\\\/\"},{\"@type\":\"ListItem\",\"position\":3,\"name\":\"PULVERIZADOR DE SALMUERA 69 &#8211; 119 cm\"}]},{\"@type\":\"WebSite\",\"@id\":\"https:\\\/\\\/www.ariens.eu\\\/es\\\/#website\",\"url\":\"https:\\\/\\\/www.ariens.eu\\\/es\\\/\",\"name\":\"Ariens | EMEAA\",\"description\":\"Powerful and reliable zero-turn mowers &amp; snow blowers for professional users and demanding private customers\",\"publisher\":{\"@id\":\"https:\\\/\\\/www.ariens.eu\\\/es\\\/#organization\"},\"potentialAction\":[{\"@type\":\"SearchAction\",\"target\":{\"@type\":\"EntryPoint\",\"urlTemplate\":\"https:\\\/\\\/www.ariens.eu\\\/es\\\/?s={search_term_string}\"},\"query-input\":{\"@type\":\"PropertyValueSpecification\",\"valueRequired\":true,\"valueName\":\"search_term_string\"}}],\"inLanguage\":\"es\"},{\"@type\":\"Organization\",\"@id\":\"https:\\\/\\\/www.ariens.eu\\\/es\\\/#organization\",\"name\":\"AriensCo GmbH\",\"url\":\"https:\\\/\\\/www.ariens.eu\\\/es\\\/\",\"logo\":{\"@type\":\"ImageObject\",\"inLanguage\":\"es\",\"@id\":\"https:\\\/\\\/www.ariens.eu\\\/es\\\/#\\\/schema\\\/logo\\\/image\\\/\",\"url\":\"https:\\\/\\\/www.ariens.eu\\\/wp-content\\\/uploads\\\/2024\\\/11\\\/ariens-co-logo.jpg\",\"contentUrl\":\"https:\\\/\\\/www.ariens.eu\\\/wp-content\\\/uploads\\\/2024\\\/11\\\/ariens-co-logo.jpg\",\"width\":1000,\"height\":1000,\"caption\":\"AriensCo GmbH\"},\"image\":{\"@id\":\"https:\\\/\\\/www.ariens.eu\\\/es\\\/#\\\/schema\\\/logo\\\/image\\\/\"}}]}<\/script>\n<!-- \/ Yoast SEO plugin. -->","yoast_head_json":{"title":"Brine Spreader - MAMMOTH\u2122 850 Series | Ariens","description":"Conquer ice with the Brine Spreader, featuring five sprayer nozzles, a 20-gallon tank, and a handheld spray wand for efficient ice management.","robots":{"index":"noindex","follow":"follow","max-snippet":"max-snippet:-1","max-image-preview":"max-image-preview:large","max-video-preview":"max-video-preview:-1"},"og_locale":"es_ES","og_type":"article","og_title":"Brine Spreader - MAMMOTH\u2122 850 Series | Ariens","og_description":"Conquer ice with the Brine Spreader, featuring five sprayer nozzles, a 20-gallon tank, and a handheld spray wand for efficient ice management.","og_url":"https:\/\/www.ariens.eu\/es\/producto\/snow-blowers\/attachments\/pulverizador-de-salmuera-69-119-cm\/","og_site_name":"Ariens | EMEAA","article_modified_time":"2026-04-14T12:51:41+00:00","og_image":[{"width":475,"height":475,"url":"https:\/\/www.ariens.eu\/es\/wp-content\/uploads\/sites\/19\/2024\/05\/mammoth-brine.webp","type":"image\/webp"}],"twitter_card":"summary_large_image","twitter_misc":{"Tiempo de lectura":"1 minuto"},"schema":{"@context":"https:\/\/schema.org","@graph":[{"@type":"WebPage","@id":"https:\/\/www.ariens.eu\/es\/producto\/snow-blowers\/attachments\/pulverizador-de-salmuera-69-119-cm\/","url":"https:\/\/www.ariens.eu\/es\/producto\/snow-blowers\/attachments\/pulverizador-de-salmuera-69-119-cm\/","name":"Brine Spreader - MAMMOTH\u2122 850 Series | Ariens","isPartOf":{"@id":"https:\/\/www.ariens.eu\/es\/#website"},"primaryImageOfPage":{"@id":"https:\/\/www.ariens.eu\/es\/producto\/snow-blowers\/attachments\/pulverizador-de-salmuera-69-119-cm\/#primaryimage"},"image":{"@id":"https:\/\/www.ariens.eu\/es\/producto\/snow-blowers\/attachments\/pulverizador-de-salmuera-69-119-cm\/#primaryimage"},"thumbnailUrl":"https:\/\/www.ariens.eu\/es\/wp-content\/uploads\/sites\/19\/2024\/05\/mammoth-brine.webp","datePublished":"2024-05-10T10:04:36+00:00","dateModified":"2026-04-14T12:51:41+00:00","description":"Conquer ice with the Brine Spreader, featuring five sprayer nozzles, a 20-gallon tank, and a handheld spray wand for efficient ice management.","breadcrumb":{"@id":"https:\/\/www.ariens.eu\/es\/producto\/snow-blowers\/attachments\/pulverizador-de-salmuera-69-119-cm\/#breadcrumb"},"inLanguage":"es","potentialAction":[{"@type":"ReadAction","target":["https:\/\/www.ariens.eu\/es\/producto\/snow-blowers\/attachments\/pulverizador-de-salmuera-69-119-cm\/"]}]},{"@type":"ImageObject","inLanguage":"es","@id":"https:\/\/www.ariens.eu\/es\/producto\/snow-blowers\/attachments\/pulverizador-de-salmuera-69-119-cm\/#primaryimage","url":"https:\/\/www.ariens.eu\/es\/wp-content\/uploads\/sites\/19\/2024\/05\/mammoth-brine.webp","contentUrl":"https:\/\/www.ariens.eu\/es\/wp-content\/uploads\/sites\/19\/2024\/05\/mammoth-brine.webp","width":475,"height":475},{"@type":"BreadcrumbList","@id":"https:\/\/www.ariens.eu\/es\/producto\/snow-blowers\/attachments\/pulverizador-de-salmuera-69-119-cm\/#breadcrumb","itemListElement":[{"@type":"ListItem","position":1,"name":"Home","item":"https:\/\/www.ariens.eu\/es\/"},{"@type":"ListItem","position":2,"name":"Shop","item":"https:\/\/www.ariens.eu\/es\/shop\/"},{"@type":"ListItem","position":3,"name":"PULVERIZADOR DE SALMUERA 69 &#8211; 119 cm"}]},{"@type":"WebSite","@id":"https:\/\/www.ariens.eu\/es\/#website","url":"https:\/\/www.ariens.eu\/es\/","name":"Ariens | EMEAA","description":"Powerful and reliable zero-turn mowers &amp; snow blowers for professional users and demanding private customers","publisher":{"@id":"https:\/\/www.ariens.eu\/es\/#organization"},"potentialAction":[{"@type":"SearchAction","target":{"@type":"EntryPoint","urlTemplate":"https:\/\/www.ariens.eu\/es\/?s={search_term_string}"},"query-input":{"@type":"PropertyValueSpecification","valueRequired":true,"valueName":"search_term_string"}}],"inLanguage":"es"},{"@type":"Organization","@id":"https:\/\/www.ariens.eu\/es\/#organization","name":"AriensCo GmbH","url":"https:\/\/www.ariens.eu\/es\/","logo":{"@type":"ImageObject","inLanguage":"es","@id":"https:\/\/www.ariens.eu\/es\/#\/schema\/logo\/image\/","url":"https:\/\/www.ariens.eu\/wp-content\/uploads\/2024\/11\/ariens-co-logo.jpg","contentUrl":"https:\/\/www.ariens.eu\/wp-content\/uploads\/2024\/11\/ariens-co-logo.jpg","width":1000,"height":1000,"caption":"AriensCo GmbH"},"image":{"@id":"https:\/\/www.ariens.eu\/es\/#\/schema\/logo\/image\/"}}]}},"_links":{"self":[{"href":"https:\/\/www.ariens.eu\/es\/wp-json\/wp\/v2\/product\/2322","targetHints":{"allow":["GET"]}}],"collection":[{"href":"https:\/\/www.ariens.eu\/es\/wp-json\/wp\/v2\/product"}],"about":[{"href":"https:\/\/www.ariens.eu\/es\/wp-json\/wp\/v2\/types\/product"}],"replies":[{"embeddable":true,"href":"https:\/\/www.ariens.eu\/es\/wp-json\/wp\/v2\/comments?post=2322"}],"wp:featuredmedia":[{"embeddable":true,"href":"https:\/\/www.ariens.eu\/es\/wp-json\/wp\/v2\/media\/3027"}],"wp:attachment":[{"href":"https:\/\/www.ariens.eu\/es\/wp-json\/wp\/v2\/media?parent=2322"}],"wp:term":[{"taxonomy":"product_brand","embeddable":true,"href":"https:\/\/www.ariens.eu\/es\/wp-json\/wp\/v2\/product_brand?post=2322"},{"taxonomy":"product_cat","embeddable":true,"href":"https:\/\/www.ariens.eu\/es\/wp-json\/wp\/v2\/product_cat?post=2322"},{"taxonomy":"product_tag","embeddable":true,"href":"https:\/\/www.ariens.eu\/es\/wp-json\/wp\/v2\/product_tag?post=2322"}],"curies":[{"name":"wp","href":"https:\/\/api.w.org\/{rel}","templated":true}]}}