{"id":2331,"date":"2024-05-10T11:04:36","date_gmt":"2024-05-10T10:04:36","guid":{"rendered":"https:\/\/www.ariens.eu\/product\/apex-52\/"},"modified":"2026-04-14T13:51:42","modified_gmt":"2026-04-14T12:51:42","slug":"apex-52","status":"publish","type":"product","link":"https:\/\/www.ariens.eu\/es\/producto\/zero-turn-mowers\/apex-series\/apex-52","title":{"rendered":"APEX 52"},"content":{"rendered":"<div class=\"acfd-block acfd-block__headline mb-asm-1 container-fluid px-0 bg-default\">\n<div class=\"acfd-headline\" >\n<h2 class='h2 text-left li_black'>Dise\u00f1ado para el corte regular de \u00e1reas grandes<\/h2>\n<\/p><\/div>\n<\/div>\n<div class=\"acfd-block acfd-block__twocolumns mb-asm-1 container-fluid px-0 bg-default\">\n<div class=\"acfd-twocolumns\">\n<div class=\"row\">\n<div class='col-lg-9 mb-4 '>\n<div class=\"acfd-block acfd-block__text container-fluid px-0 bg-default\">\n<div class=\"acfd-text li_black\">\n<p>Dise\u00f1ado para proveedores de servicios que cortan el c\u00e9sped con frecuencia. Componentes de alta gama en el motor, la transmisi\u00f3n y la plataforma de corte combinados con una excelente relaci\u00f3n calidad-precio.<\/p>\n<p>Con una anchura de corte de 132 cm y su motor Kawasaki FR691 V-Twin de 726 cm\u00b3, el APEX 52 est\u00e1 dise\u00f1ado para uso comercial en \u00e1reas m\u00e1s grandes. Expulsa el c\u00e9sped a trav\u00e9s de su descarga lateral o puede operarse con un kit de mulching opcional (con descarga lateral cerrada).<\/p>\n<ul>\n<li>El APEX 52 cuenta con una plataforma de 132 cm (52&#8243;) fabricada que tiene 14 cm (5\u00bd&#8221;) de profundidad y est\u00e1 hecha de acero de 10 gauge<\/li>\n<li>Potente motor Kawasaki<sup><sup>&reg;<\/sup><\/sup> FR691 V-Twin de 726 cc<\/li>\n<li>Chasis de acero tubular soldado, l\u00edder en la industria<\/li>\n<li>Tecnolog\u00eda de correa autoajustable<\/li>\n<li>Asiento acolchado de respaldo alto con reposabrazos acolchados<\/li>\n<li>Elevaci\u00f3n de la plataforma asistida por resorte y operada con el pie con 15 posiciones de corte<\/li>\n<li>Dise\u00f1o capaz de ROPS<\/li>\n<li>Disponible una gama de accesorios opcionales<\/li>\n<li>Garant\u00eda de 4 a\u00f1os o 500 horas<\/li>\n<\/ul>\n<\/div>\n<\/div><\/div>\n<div class='col-lg'>                    <\/div>\n<\/p><\/div>\n<\/div>\n<\/div>\n<div class=\"acfd-block acfd-block__category mb-asm-3 container-fluid px-0 bg-default\">\n<div class=\"acfd-product-categories\">\n<h2 class=\"text-left mb-3\">\n        Applications    <\/h2>\n<div class=\"product-categories_wrapper\">\n         <span\n                data-description=\"Are you a service provider, janitorial service or do you have to regularly maintain larger areas? Then a semi-professional machine offers you the performance and durability to reliably complete your mowing work.\"                class=\"product-category-single\"> Semi-Pro                <sup><i class=\"fa fa-info-circle\" aria-hidden=\"true\"><\/i><\/sup>            <\/span>  <span\n                data-description=\"Our mowers are equipped with high-quality Kawasaki<sup>&reg;<\/sup> or Ariens engines. They deliver above-average performance and reliability.\"                class=\"product-category-single\"> Petrol                <sup><i class=\"fa fa-info-circle\" aria-hidden=\"true\"><\/i><\/sup>            <\/span>  <span\n                data-description=\"When using a suitable mulching kit in your mower, the side discharge is no longer necessary. The clippings are finely shredded and evenly distributed to the rear of the lawn. Any fertilizer applied remains on the surface and the fine grass particles disappear almost invisibly into the lawn.\"                class=\"product-category-single\"> Optional mulching kit                <sup><i class=\"fa fa-info-circle\" aria-hidden=\"true\"><\/i><\/sup>            <\/span>  <span\n                data-description=\"Ariens ride-on mowers offer a high level of comfort. We use high-quality seats from the entry-level model upwards. Ample legroom and ergonomic controls are standard.\"                class=\"product-category-single\"> Ride-On (sitting)                <sup><i class=\"fa fa-info-circle\" aria-hidden=\"true\"><\/i><\/sup>            <\/span>  <span\n                data-description=\"With the APEX and ZENITH models, you have the choice between side discharge and rear discharge mower decks. A side discharge mower deck ejects the clippings via a side opening and a deflector. The powerful airflow then distributes it over a large area. An optional mulching kit can be installed in side discharge mower decks. When a mulching kit is used, the clippings are finely shredded and ejected to the rear. The side discharge and deflector are then closed or removed.\"                class=\"product-category-single\"> Side discharge                <sup><i class=\"fa fa-info-circle\" aria-hidden=\"true\"><\/i><\/sup>            <\/span>  <span\n                data-description=\"Alle Ariens-pl\u00e6neklippere er velegnede til flade gr\u00e6spl\u00e6ner. V\u00e6lg din klippebredde i henhold til st\u00f8rrelsen p\u00e5 dit omr\u00e5de og eventuelle begr\u00e6nsende smalle omr\u00e5der.\"                class=\"product-category-single\"> Fladt terr\u00e6n                <sup><i class=\"fa fa-info-circle\" aria-hidden=\"true\"><\/i><\/sup>            <\/span>  <span\n                data-description=\"Ariens-pl\u00e6neklippere klarer sig godt p\u00e5 uj\u00e6vnt terr\u00e6n. Til uj\u00e6vnt terr\u00e6n skal du v\u00e6lge smallere klippeaggregater for at opn\u00e5 et mere ensartet klippem\u00f8nster.\"                class=\"product-category-single\"> Uj\u00e6vnt terr\u00e6n                <sup><i class=\"fa fa-info-circle\" aria-hidden=\"true\"><\/i><\/sup>            <\/span>  <span\n                data-description=\"Det anbefales \u00e5 velge en maskin med brede hjul. Ikke overskrid den angitte sikkerhetsgrensen p\u00e5 15\u00b0 helling for sitteklippere og 20\u00b0 for st\u00e5ende klippere. P\u00e5 ujevnt terreng b\u00f8r du velge et smalere klippeaggregat for et mer jevnt klipperesultat. ZENITH-modellen leveres med veltesikring (ROPS) som standard, og dette kan ettermonteres p\u00e5 APEX.\"                class=\"product-category-single\"> Kupert terreng                <sup><i class=\"fa fa-info-circle\" aria-hidden=\"true\"><\/i><\/sup>            <\/span>  <span\n                data-description=\"Mowing decks 132 cm and 152 cm wide are used effectively on large areas.\"                class=\"product-category-single\"> Large areas                <sup><i class=\"fa fa-info-circle\" aria-hidden=\"true\"><\/i><\/sup>            <\/span>     <\/div>\n<\/div>\n<\/div>\n<div class=\"acfd-block acfd-block__twocolumns mb-asm-2 container-fluid container-fluid--force px-0 bg-default\">\n<div class=\"acfd-twocolumns\">\n<div class=\"row\">\n<div class='col-lg-12 mb-4 '>\n<div class=\"acfd-product-advantages--wrapper\">\n<h2 class=\"h1 bigger text-color-black text-center mb-5\">\n        Features &#038; Benefits    <\/h2>\n<div class=\"acfd-product-advantages\">\n<div class=\"row\">\n<div class=\"col-md-6 mb-4 content\">\n                    <span class=\"d-block h5 text-color-brand mb-1\">Bastidor de acero tubular curvo<\/span><\/p>\n<p>El bastidor, fabricado enteramente en acero tubular, forma el esqueleto de la segadora. Soporta toda la carga de la m\u00e1quina durante muchos a\u00f1os y debe ser capaz de resistir golpes y vibraciones a largo plazo. La tecnolog\u00eda de curvado m\u00e1s avanzada evita puntos d\u00e9biles debido a juntas soldadas.<\/p>\n<\/p><\/div>\n<div class=\"col-md-6 mb4 image\"  style=\"background-image:url(https:\/\/www.ariens.eu\/es\/wp-content\/uploads\/sites\/19\/2024\/05\/apex-feature-frame.png)\">\n                <\/div>\n<\/p><\/div>\n<div class=\"row\">\n<div class=\"col-md-6 mb-4 content\">\n                    <span class=\"d-block h5 text-color-brand mb-1\">Nueva cubierta de corte ENVY<\/span><\/p>\n<p>La cubierta de corte es el componente m\u00e1s cargado de una cortac\u00e9sped. La estabilidad es particularmente importante aqu\u00ed: la nueva cubierta de corte ENVY tiene un flujo de aire mejorado y una descarga agrandada. El c\u00e9sped cortado se levanta m\u00e1s alto y se corta perfectamente. Con suspensi\u00f3n de 4 puntos para fijaci\u00f3n permanente y paralelismo. Adem\u00e1s, los husillos de las cuchillas est\u00e1n hechos de aluminio forjado. Funcionan m\u00e1s frescos y son m\u00e1s resistentes al impacto y a la vibraci\u00f3n que los husillos fundidos. Est\u00e1ndar en el transcurso de la temporada 2025 en APEX y ZENITH &amp; la nueva IKON.<\/p>\n<\/p><\/div>\n<div class=\"col-md-6 mb4 image\"  style=\"background-image:url(https:\/\/www.ariens.eu\/es\/wp-content\/uploads\/sites\/19\/2024\/08\/envy-deck-52.png)\">\n                <\/div>\n<\/p><\/div>\n<div class=\"row\">\n<div class=\"col-md-6 mb-4 content\">\n                    <span class=\"d-block h5 text-color-brand mb-1\">Sistema tensor de correa autom\u00e1tico<\/span><\/p>\n<p>La tecnolog\u00eda CBT (Constant Belt Tension) autom\u00e1tica mantiene la tensi\u00f3n de la correa de la plataforma de corte constante en todo momento. Esto aumenta la vida \u00fatil de la correa, compensa el desgaste y evita el deslizamiento de la correa para un patr\u00f3n de corte de alta calidad constante.<\/p>\n<\/p><\/div>\n<div class=\"col-md-6 mb4 image\"  style=\"background-image:url(https:\/\/www.ariens.eu\/es\/wp-content\/uploads\/sites\/19\/2024\/05\/apex-feature-3.webp)\">\n                <\/div>\n<\/p><\/div>\n<div class=\"row\">\n<div class=\"col-md-6 mb-4 content\">\n                    <span class=\"d-block h5 text-color-brand mb-1\">Elevaci\u00f3n de la plataforma de corte mediante pedal<\/span><\/p>\n<p>La robusta plataforma de corte se eleva de manera conveniente y sin esfuerzo utilizando un pedal. Para seleccionar una de las 15 alturas de corte de 3.8 a 12.7 cm, se inserta un pasador met\u00e1lico en el respectivo hueco del display.<\/p>\n<\/p><\/div>\n<div class=\"col-md-6 mb4 image\"  style=\"background-image:url(https:\/\/www.ariens.eu\/es\/wp-content\/uploads\/sites\/19\/2024\/08\/cutting-height-adjustment-1.png)\">\n                <\/div>\n<\/p><\/div>\n<div class=\"row\">\n<div class=\"col-md-6 mb-4 content\">\n                    <span class=\"d-block h5 text-color-brand mb-1\">F\u00e1cil acceso al caj\u00f3n de corte<\/span><\/p>\n<p>El caj\u00f3n de corte es de f\u00e1cil acceso desde arriba para su limpieza y mantenimiento. Gracias a la tecnolog\u00eda CBT, el cambio de la correa solo lleva unos minutos. Simplemente afloje las poleas tensoras, enhebre la correa, vuelva a tensar las poleas tensoras y listo.<\/p>\n<\/p><\/div>\n<div class=\"col-md-6 mb4 image\"  style=\"background-image:url(https:\/\/www.ariens.eu\/es\/wp-content\/uploads\/sites\/19\/2024\/05\/ariens-apex-zero-turn-deck-access-panel.webp)\">\n                <\/div>\n<\/p><\/div>\n<div class=\"row\">\n<div class=\"col-md-6 mb-4 content\">\n                    <span class=\"d-block h5 text-color-brand mb-1\">Nuevas palancas de control ergon\u00f3micas<\/span><\/p>\n<p>La serie APEX ofrece una mayor comodidad para el operador con nuevas palancas de direcci\u00f3n ergon\u00f3micas que se ajustan perfectamente a la mano para un control f\u00e1cil. Un asiento con grueso acolchado y un respaldo alto, junto con una posici\u00f3n ajustable del operador, garantizan la m\u00e1xima comodidad. Los reposabrazos con grueso acolchado mejoran a\u00fan m\u00e1s la experiencia del usuario, haciendo que las sesiones de corte prolongadas sean m\u00e1s agradables.<\/p>\n<\/p><\/div>\n<div class=\"col-md-6 mb4 image\"  style=\"background-image:url(https:\/\/www.ariens.eu\/es\/wp-content\/uploads\/sites\/19\/2024\/12\/drive-level-handles.png)\">\n                <\/div>\n<\/p><\/div>\n<\/p><\/div>\n<\/div><\/div>\n<div class='col-lg'>                    <\/div>\n<\/p><\/div>\n<\/div>\n<\/div>\n","protected":false},"excerpt":{"rendered":"<p>Dise\u00f1ado para el corte regular de \u00e1reas grandes Dise\u00f1ado para proveedores de servicios que cortan el c\u00e9sped con frecuencia. Componentes de alta gama en el motor, la transmisi\u00f3n y la plataforma de corte combinados con una excelente relaci\u00f3n calidad-precio. Con una anchura de corte de 132 cm y su motor Kawasaki FR691 V-Twin de 726 [&hellip;]<\/p>\n","protected":false},"featured_media":5100,"comment_status":"open","ping_status":"closed","template":"","meta":{"_acf_changed":false,"_relevanssi_hide_post":"","_relevanssi_hide_content":"","_relevanssi_pin_for_all":"","_relevanssi_pin_keywords":"","_relevanssi_unpin_keywords":"","_relevanssi_related_keywords":"","_relevanssi_related_include_ids":"","_relevanssi_related_exclude_ids":"","_relevanssi_related_no_append":"","_relevanssi_related_not_related":"","_relevanssi_related_posts":"","_relevanssi_noindex_reason":""},"product_brand":[],"product_cat":[15],"product_tag":[],"class_list":{"0":"post-2331","1":"product","2":"type-product","3":"status-publish","4":"has-post-thumbnail","6":"product_variant-apex-series","7":"product_usage_areas-janitorial-services","8":"product_usage_areas-leisure-facilities","9":"product_usage_areas-municipalities-building-yards","10":"product_usage_areas-service-providers","12":"first","13":"instock","14":"shipping-taxable","15":"product-type-simple"},"acf":[],"yoast_head":"<!-- This site is optimized with the Yoast SEO plugin v27.3 - https:\/\/yoast.com\/product\/yoast-seo-wordpress\/ -->\n<title>APEX 52 - Perfect for commercial mowing | Ariens zero-turn mower<\/title>\n<meta name=\"description\" content=\"Featuring a Kawasaki FR691 V-Twin 726cc engine and 132cm (52&quot;) cutting width, the APEX 52 is designed for commercial mowing.\" \/>\n<meta name=\"robots\" content=\"noindex, follow, max-snippet:-1, max-image-preview:large, max-video-preview:-1\" \/>\n<meta property=\"og:locale\" content=\"es_ES\" \/>\n<meta property=\"og:type\" content=\"article\" \/>\n<meta property=\"og:title\" content=\"APEX 52 - Perfect for commercial mowing | Ariens zero-turn mower\" \/>\n<meta property=\"og:description\" content=\"Featuring a Kawasaki FR691 V-Twin 726cc engine and 132cm (52&quot;) cutting width, the APEX 52 is designed for commercial mowing.\" \/>\n<meta property=\"og:url\" content=\"https:\/\/www.ariens.eu\/es\/producto\/zero-turn-mowers\/apex-series\/apex-52\/\" \/>\n<meta property=\"og:site_name\" content=\"Ariens | EMEAA\" \/>\n<meta property=\"article:modified_time\" content=\"2026-04-14T12:51:42+00:00\" \/>\n<meta property=\"og:image\" content=\"https:\/\/www.ariens.eu\/es\/wp-content\/uploads\/sites\/19\/2024\/05\/ariens-zero-turn-apex-52-sd-my25.png\" \/>\n\t<meta property=\"og:image:width\" content=\"1024\" \/>\n\t<meta property=\"og:image:height\" content=\"720\" \/>\n\t<meta property=\"og:image:type\" content=\"image\/png\" \/>\n<meta name=\"twitter:card\" content=\"summary_large_image\" \/>\n<meta name=\"twitter:label1\" content=\"Tiempo de lectura\" \/>\n\t<meta name=\"twitter:data1\" content=\"3 minutos\" \/>\n<script type=\"application\/ld+json\" class=\"yoast-schema-graph\">{\"@context\":\"https:\\\/\\\/schema.org\",\"@graph\":[{\"@type\":\"WebPage\",\"@id\":\"https:\\\/\\\/www.ariens.eu\\\/es\\\/producto\\\/zero-turn-mowers\\\/apex-series\\\/apex-52\\\/\",\"url\":\"https:\\\/\\\/www.ariens.eu\\\/es\\\/producto\\\/zero-turn-mowers\\\/apex-series\\\/apex-52\\\/\",\"name\":\"APEX 52 - Perfect for commercial mowing | Ariens zero-turn mower\",\"isPartOf\":{\"@id\":\"https:\\\/\\\/www.ariens.eu\\\/es\\\/#website\"},\"primaryImageOfPage\":{\"@id\":\"https:\\\/\\\/www.ariens.eu\\\/es\\\/producto\\\/zero-turn-mowers\\\/apex-series\\\/apex-52\\\/#primaryimage\"},\"image\":{\"@id\":\"https:\\\/\\\/www.ariens.eu\\\/es\\\/producto\\\/zero-turn-mowers\\\/apex-series\\\/apex-52\\\/#primaryimage\"},\"thumbnailUrl\":\"https:\\\/\\\/www.ariens.eu\\\/es\\\/wp-content\\\/uploads\\\/sites\\\/19\\\/2024\\\/05\\\/ariens-zero-turn-apex-52-sd-my25.png\",\"datePublished\":\"2024-05-10T10:04:36+00:00\",\"dateModified\":\"2026-04-14T12:51:42+00:00\",\"description\":\"Featuring a Kawasaki FR691 V-Twin 726cc engine and 132cm (52\\\") cutting width, the APEX 52 is designed for commercial mowing.\",\"breadcrumb\":{\"@id\":\"https:\\\/\\\/www.ariens.eu\\\/es\\\/producto\\\/zero-turn-mowers\\\/apex-series\\\/apex-52\\\/#breadcrumb\"},\"inLanguage\":\"es\",\"potentialAction\":[{\"@type\":\"ReadAction\",\"target\":[\"https:\\\/\\\/www.ariens.eu\\\/es\\\/producto\\\/zero-turn-mowers\\\/apex-series\\\/apex-52\\\/\"]}]},{\"@type\":\"ImageObject\",\"inLanguage\":\"es\",\"@id\":\"https:\\\/\\\/www.ariens.eu\\\/es\\\/producto\\\/zero-turn-mowers\\\/apex-series\\\/apex-52\\\/#primaryimage\",\"url\":\"https:\\\/\\\/www.ariens.eu\\\/es\\\/wp-content\\\/uploads\\\/sites\\\/19\\\/2024\\\/05\\\/ariens-zero-turn-apex-52-sd-my25.png\",\"contentUrl\":\"https:\\\/\\\/www.ariens.eu\\\/es\\\/wp-content\\\/uploads\\\/sites\\\/19\\\/2024\\\/05\\\/ariens-zero-turn-apex-52-sd-my25.png\",\"width\":1024,\"height\":720},{\"@type\":\"BreadcrumbList\",\"@id\":\"https:\\\/\\\/www.ariens.eu\\\/es\\\/producto\\\/zero-turn-mowers\\\/apex-series\\\/apex-52\\\/#breadcrumb\",\"itemListElement\":[{\"@type\":\"ListItem\",\"position\":1,\"name\":\"Home\",\"item\":\"https:\\\/\\\/www.ariens.eu\\\/es\\\/\"},{\"@type\":\"ListItem\",\"position\":2,\"name\":\"Shop\",\"item\":\"https:\\\/\\\/www.ariens.eu\\\/es\\\/shop\\\/\"},{\"@type\":\"ListItem\",\"position\":3,\"name\":\"APEX 52\"}]},{\"@type\":\"WebSite\",\"@id\":\"https:\\\/\\\/www.ariens.eu\\\/es\\\/#website\",\"url\":\"https:\\\/\\\/www.ariens.eu\\\/es\\\/\",\"name\":\"Ariens | EMEAA\",\"description\":\"Powerful and reliable zero-turn mowers &amp; snow blowers for professional users and demanding private customers\",\"publisher\":{\"@id\":\"https:\\\/\\\/www.ariens.eu\\\/es\\\/#organization\"},\"potentialAction\":[{\"@type\":\"SearchAction\",\"target\":{\"@type\":\"EntryPoint\",\"urlTemplate\":\"https:\\\/\\\/www.ariens.eu\\\/es\\\/?s={search_term_string}\"},\"query-input\":{\"@type\":\"PropertyValueSpecification\",\"valueRequired\":true,\"valueName\":\"search_term_string\"}}],\"inLanguage\":\"es\"},{\"@type\":\"Organization\",\"@id\":\"https:\\\/\\\/www.ariens.eu\\\/es\\\/#organization\",\"name\":\"AriensCo GmbH\",\"url\":\"https:\\\/\\\/www.ariens.eu\\\/es\\\/\",\"logo\":{\"@type\":\"ImageObject\",\"inLanguage\":\"es\",\"@id\":\"https:\\\/\\\/www.ariens.eu\\\/es\\\/#\\\/schema\\\/logo\\\/image\\\/\",\"url\":\"https:\\\/\\\/www.ariens.eu\\\/wp-content\\\/uploads\\\/2024\\\/11\\\/ariens-co-logo.jpg\",\"contentUrl\":\"https:\\\/\\\/www.ariens.eu\\\/wp-content\\\/uploads\\\/2024\\\/11\\\/ariens-co-logo.jpg\",\"width\":1000,\"height\":1000,\"caption\":\"AriensCo GmbH\"},\"image\":{\"@id\":\"https:\\\/\\\/www.ariens.eu\\\/es\\\/#\\\/schema\\\/logo\\\/image\\\/\"}}]}<\/script>\n<!-- \/ Yoast SEO plugin. -->","yoast_head_json":{"title":"APEX 52 - Perfect for commercial mowing | Ariens zero-turn mower","description":"Featuring a Kawasaki FR691 V-Twin 726cc engine and 132cm (52\") cutting width, the APEX 52 is designed for commercial mowing.","robots":{"index":"noindex","follow":"follow","max-snippet":"max-snippet:-1","max-image-preview":"max-image-preview:large","max-video-preview":"max-video-preview:-1"},"og_locale":"es_ES","og_type":"article","og_title":"APEX 52 - Perfect for commercial mowing | Ariens zero-turn mower","og_description":"Featuring a Kawasaki FR691 V-Twin 726cc engine and 132cm (52\") cutting width, the APEX 52 is designed for commercial mowing.","og_url":"https:\/\/www.ariens.eu\/es\/producto\/zero-turn-mowers\/apex-series\/apex-52\/","og_site_name":"Ariens | EMEAA","article_modified_time":"2026-04-14T12:51:42+00:00","og_image":[{"width":1024,"height":720,"url":"https:\/\/www.ariens.eu\/es\/wp-content\/uploads\/sites\/19\/2024\/05\/ariens-zero-turn-apex-52-sd-my25.png","type":"image\/png"}],"twitter_card":"summary_large_image","twitter_misc":{"Tiempo de lectura":"3 minutos"},"schema":{"@context":"https:\/\/schema.org","@graph":[{"@type":"WebPage","@id":"https:\/\/www.ariens.eu\/es\/producto\/zero-turn-mowers\/apex-series\/apex-52\/","url":"https:\/\/www.ariens.eu\/es\/producto\/zero-turn-mowers\/apex-series\/apex-52\/","name":"APEX 52 - Perfect for commercial mowing | Ariens zero-turn mower","isPartOf":{"@id":"https:\/\/www.ariens.eu\/es\/#website"},"primaryImageOfPage":{"@id":"https:\/\/www.ariens.eu\/es\/producto\/zero-turn-mowers\/apex-series\/apex-52\/#primaryimage"},"image":{"@id":"https:\/\/www.ariens.eu\/es\/producto\/zero-turn-mowers\/apex-series\/apex-52\/#primaryimage"},"thumbnailUrl":"https:\/\/www.ariens.eu\/es\/wp-content\/uploads\/sites\/19\/2024\/05\/ariens-zero-turn-apex-52-sd-my25.png","datePublished":"2024-05-10T10:04:36+00:00","dateModified":"2026-04-14T12:51:42+00:00","description":"Featuring a Kawasaki FR691 V-Twin 726cc engine and 132cm (52\") cutting width, the APEX 52 is designed for commercial mowing.","breadcrumb":{"@id":"https:\/\/www.ariens.eu\/es\/producto\/zero-turn-mowers\/apex-series\/apex-52\/#breadcrumb"},"inLanguage":"es","potentialAction":[{"@type":"ReadAction","target":["https:\/\/www.ariens.eu\/es\/producto\/zero-turn-mowers\/apex-series\/apex-52\/"]}]},{"@type":"ImageObject","inLanguage":"es","@id":"https:\/\/www.ariens.eu\/es\/producto\/zero-turn-mowers\/apex-series\/apex-52\/#primaryimage","url":"https:\/\/www.ariens.eu\/es\/wp-content\/uploads\/sites\/19\/2024\/05\/ariens-zero-turn-apex-52-sd-my25.png","contentUrl":"https:\/\/www.ariens.eu\/es\/wp-content\/uploads\/sites\/19\/2024\/05\/ariens-zero-turn-apex-52-sd-my25.png","width":1024,"height":720},{"@type":"BreadcrumbList","@id":"https:\/\/www.ariens.eu\/es\/producto\/zero-turn-mowers\/apex-series\/apex-52\/#breadcrumb","itemListElement":[{"@type":"ListItem","position":1,"name":"Home","item":"https:\/\/www.ariens.eu\/es\/"},{"@type":"ListItem","position":2,"name":"Shop","item":"https:\/\/www.ariens.eu\/es\/shop\/"},{"@type":"ListItem","position":3,"name":"APEX 52"}]},{"@type":"WebSite","@id":"https:\/\/www.ariens.eu\/es\/#website","url":"https:\/\/www.ariens.eu\/es\/","name":"Ariens | EMEAA","description":"Powerful and reliable zero-turn mowers &amp; snow blowers for professional users and demanding private customers","publisher":{"@id":"https:\/\/www.ariens.eu\/es\/#organization"},"potentialAction":[{"@type":"SearchAction","target":{"@type":"EntryPoint","urlTemplate":"https:\/\/www.ariens.eu\/es\/?s={search_term_string}"},"query-input":{"@type":"PropertyValueSpecification","valueRequired":true,"valueName":"search_term_string"}}],"inLanguage":"es"},{"@type":"Organization","@id":"https:\/\/www.ariens.eu\/es\/#organization","name":"AriensCo GmbH","url":"https:\/\/www.ariens.eu\/es\/","logo":{"@type":"ImageObject","inLanguage":"es","@id":"https:\/\/www.ariens.eu\/es\/#\/schema\/logo\/image\/","url":"https:\/\/www.ariens.eu\/wp-content\/uploads\/2024\/11\/ariens-co-logo.jpg","contentUrl":"https:\/\/www.ariens.eu\/wp-content\/uploads\/2024\/11\/ariens-co-logo.jpg","width":1000,"height":1000,"caption":"AriensCo GmbH"},"image":{"@id":"https:\/\/www.ariens.eu\/es\/#\/schema\/logo\/image\/"}}]}},"_links":{"self":[{"href":"https:\/\/www.ariens.eu\/es\/wp-json\/wp\/v2\/product\/2331","targetHints":{"allow":["GET"]}}],"collection":[{"href":"https:\/\/www.ariens.eu\/es\/wp-json\/wp\/v2\/product"}],"about":[{"href":"https:\/\/www.ariens.eu\/es\/wp-json\/wp\/v2\/types\/product"}],"replies":[{"embeddable":true,"href":"https:\/\/www.ariens.eu\/es\/wp-json\/wp\/v2\/comments?post=2331"}],"wp:featuredmedia":[{"embeddable":true,"href":"https:\/\/www.ariens.eu\/es\/wp-json\/wp\/v2\/media\/5100"}],"wp:attachment":[{"href":"https:\/\/www.ariens.eu\/es\/wp-json\/wp\/v2\/media?parent=2331"}],"wp:term":[{"taxonomy":"product_brand","embeddable":true,"href":"https:\/\/www.ariens.eu\/es\/wp-json\/wp\/v2\/product_brand?post=2331"},{"taxonomy":"product_cat","embeddable":true,"href":"https:\/\/www.ariens.eu\/es\/wp-json\/wp\/v2\/product_cat?post=2331"},{"taxonomy":"product_tag","embeddable":true,"href":"https:\/\/www.ariens.eu\/es\/wp-json\/wp\/v2\/product_tag?post=2331"}],"curies":[{"name":"wp","href":"https:\/\/api.w.org\/{rel}","templated":true}]}}