{"id":2342,"date":"2024-05-10T11:04:36","date_gmt":"2024-05-10T10:04:36","guid":{"rendered":"https:\/\/www.ariens.eu\/product\/zenith-e-60r\/"},"modified":"2026-04-14T13:51:43","modified_gmt":"2026-04-14T12:51:43","slug":"zenith-e-60r","status":"publish","type":"product","link":"https:\/\/www.ariens.eu\/es\/producto\/zero-turn-mowers\/zenith-e-series\/zenith-e-60r","title":{"rendered":"ZENITH E 60R"},"content":{"rendered":"<div class=\"acfd-block acfd-block__twocolumns container-fluid px-0 bg-default\">\n<div class=\"acfd-twocolumns\">\n<div class=\"row\">\n<div class='col-lg-9 mb-4 '>\n<div class=\"acfd-block acfd-block__headline container-fluid px-0 bg-default\">\n<div class=\"acfd-headline\" >\n<h2 class='h2 text-left li_black'>Cortac\u00e9sped de giro cero con bater\u00eda intercambiable y descarga trasera. Dise\u00f1ado para cortar c\u00e9sped durante todo un d\u00eda.<\/h2>\n<\/p><\/div>\n<\/div><\/div>\n<div class='col-lg'>                    <\/div>\n<\/p><\/div>\n<\/div>\n<\/div>\n<div class=\"acfd-block acfd-block__twocolumns mb-asm-2 container-fluid px-0 bg-default\">\n<div class=\"acfd-twocolumns\">\n<div class=\"row\">\n<div class='col-lg-9 mb-4 '>\n<div class=\"acfd-block acfd-block__text container-fluid px-0 bg-default\">\n<div class=\"acfd-text li_black\">\n<p>Instalar bater\u00edas en un cortac\u00e9sped es una cosa. Lograr el rendimiento, la durabilidad y la fiabilidad de un modelo profesional de gasolina probado es otra. Nuestros modelos con el sistema de bater\u00eda reemplazable FusionCore cumplen con esta demanda.<\/p>\n<p>El ZENITH E es el primer cortac\u00e9sped de giro cero el\u00e9ctrico profesional con bater\u00edas intercambiables. Dise\u00f1ado para cortar c\u00e9sped en grandes jardines durante todo un d\u00eda. La &#8220;R&#8221; en el ZENITH E 60R significa &#8220;descarga trasera&#8221;. Ventaja: Los recortes no se lanzan sobre los caminos ni en los parterres. El c\u00e9sped cortado se descarga hacia la parte trasera, entre las ruedas. Asiento ajustable de confort para una m\u00e1xima comodidad de conducci\u00f3n. Plataforma de corte profesional con 152 cm de ancho de corte. Con ROPS y garant\u00eda profesional como est\u00e1ndar.<\/p>\n<ul>\n<li>El ZENITH E 60R cuenta con una plataforma de descarga trasera de 152 cm (60&#8243;) fabricada, construida con acero fuerte de 10 gauge<\/li>\n<li>Alimentado por cuatro bater\u00edas de iones de litio FusionCore intercambiables de 56v DC, 4kWh<\/li>\n<li>Cuenta con tecnolog\u00eda de husillo patentada, dise\u00f1ada para absorber impactos masivos<\/li>\n<li>Logra cinco horas de tiempo de corte continuo con una sola carga (dependiendo de las condiciones de corte)<\/li>\n<li>Tiempo de carga de 5.3 \u2013 12 horas (dependiendo del cargador)<\/li>\n<li>Dise\u00f1o de bastidor l\u00edder en la industria proporciona la columna vertebral para soportar las cargas de la m\u00e1quina<\/li>\n<li>ROPS instalado como est\u00e1ndar para mayor protecci\u00f3n del operador<\/li>\n<li>Sistema de elevaci\u00f3n de la plataforma de corte operado con el pie, selector de pasador vertical con 15 posiciones de corte<\/li>\n<li>Asiento de suspensi\u00f3n completa con respaldo alto<\/li>\n<li>Disponible una gama de accesorios opcionales<\/li>\n<li>Garant\u00eda de 5 a\u00f1os o 1500 horas \/ garant\u00eda de bater\u00eda de 3 a\u00f1os<\/li>\n<\/ul>\n<\/div>\n<\/div><\/div>\n<div class='col-lg'>                    <\/div>\n<\/p><\/div>\n<\/div>\n<\/div>\n<div class=\"acfd-block acfd-block__category mb-asm-3 container-fluid px-0 bg-default\">\n<div class=\"acfd-product-categories\">\n<h2 class=\"text-left mb-3\">\n        Applications    <\/h2>\n<div class=\"product-categories_wrapper\">\n         <span\n                data-description=\"Do you mow for many hours or even days or weeks at a time? Do you use your machine commercially and earn your money with it? Then you need a particularly reliable and comfortable machine with durable components.\"                class=\"product-category-single\"> PRO                <sup><i class=\"fa fa-info-circle\" aria-hidden=\"true\"><\/i><\/sup>            <\/span>  <span\n                data-description=\"State-of-the-art battery technology now enables the same performance and range as petrol models.\"                class=\"product-category-single\"> Electric                <sup><i class=\"fa fa-info-circle\" aria-hidden=\"true\"><\/i><\/sup>            <\/span>  <span\n                data-description=\"Ariens ride-on mowers offer a high level of comfort. We use high-quality seats from the entry-level model upwards. Ample legroom and ergonomic controls are standard.\"                class=\"product-category-single\"> Ride-On (sitting)                <sup><i class=\"fa fa-info-circle\" aria-hidden=\"true\"><\/i><\/sup>            <\/span>  <span\n                data-description=\"Med APEX- og ZENITH-modellerne kan du v\u00e6lge mellem pl\u00e6neklippere med sideudkast og bagudkast. En pl\u00e6neklipper med bagudkast er lukket i siden og kaster det afklippede gr\u00e6s bagud. Fordelen er, at der ikke kastes gr\u00e6s p\u00e5 stier eller bede, og at der i mods\u00e6tning til et bioklipss\u00e6t ogs\u00e5 kan klippes h\u00f8jt gr\u00e6s. Pl\u00e6neklippere med bagudkast bruges ofte i den kommunale sektor.\"                class=\"product-category-single\"> Rear discharge                <sup><i class=\"fa fa-info-circle\" aria-hidden=\"true\"><\/i><\/sup>            <\/span>  <span\n                data-description=\"Alle Ariens-pl\u00e6neklippere er velegnede til flade gr\u00e6spl\u00e6ner. V\u00e6lg din klippebredde i henhold til st\u00f8rrelsen p\u00e5 dit omr\u00e5de og eventuelle begr\u00e6nsende smalle omr\u00e5der.\"                class=\"product-category-single\"> Fladt terr\u00e6n                <sup><i class=\"fa fa-info-circle\" aria-hidden=\"true\"><\/i><\/sup>            <\/span>  <span\n                data-description=\"Ariens-pl\u00e6neklippere klarer sig godt p\u00e5 uj\u00e6vnt terr\u00e6n. Til uj\u00e6vnt terr\u00e6n skal du v\u00e6lge smallere klippeaggregater for at opn\u00e5 et mere ensartet klippem\u00f8nster.\"                class=\"product-category-single\"> Uj\u00e6vnt terr\u00e6n                <sup><i class=\"fa fa-info-circle\" aria-hidden=\"true\"><\/i><\/sup>            <\/span>  <span\n                data-description=\"Det anbefales \u00e5 velge en maskin med brede hjul. Ikke overskrid den angitte sikkerhetsgrensen p\u00e5 15\u00b0 helling for sitteklippere og 20\u00b0 for st\u00e5ende klippere. P\u00e5 ujevnt terreng b\u00f8r du velge et smalere klippeaggregat for et mer jevnt klipperesultat. ZENITH-modellen leveres med veltesikring (ROPS) som standard, og dette kan ettermonteres p\u00e5 APEX.\"                class=\"product-category-single\"> Kupert terreng                <sup><i class=\"fa fa-info-circle\" aria-hidden=\"true\"><\/i><\/sup>            <\/span>  <span\n                data-description=\"Mowing decks 132 cm and 152 cm wide are used effectively on large areas.\"                class=\"product-category-single\"> Large areas                <sup><i class=\"fa fa-info-circle\" aria-hidden=\"true\"><\/i><\/sup>            <\/span>     <\/div>\n<\/div>\n<\/div>\n<div class=\"acfd-block acfd-block__twocolumns mb-asm-2 container-fluid container-fluid--force px-0 bg-default\">\n<div class=\"acfd-twocolumns\">\n<div class=\"row\">\n<div class='col-lg-12 mb-4 '>\n<div class=\"acfd-product-advantages--wrapper\">\n<h2 class=\"h1 bigger text-color-black text-center mb-5\">\n        Features &#038; Benefits    <\/h2>\n<div class=\"acfd-product-advantages\">\n<div class=\"row\">\n<div class=\"col-md-6 mb-4 content\">\n                    <span class=\"d-block h5 text-color-brand mb-1\">Sistema de bater\u00eda FusionCore Li-Ion<\/span><\/p>\n<p>El sistema de bater\u00eda de la ZENITH E consta de cuatro paquetes de bater\u00eda intercambiables, cada uno con un peso de 22,5 kg. La capacidad de cada paquete de bater\u00eda individual Fusion Li-ion es de 4 kWh. Capacidad total: 4 x 4 kWh = 16 kWh. La ZENITH E puede cortar el c\u00e9sped con solo dos paquetes de bater\u00eda y conducir con solo uno.<\/p>\n<p>Con cuatro paquetes de bater\u00eda, puede cortar el c\u00e9sped durante un m\u00e1ximo de 5 horas. Despu\u00e9s de eso, se pueden reemplazar con bater\u00edas llenas en cuesti\u00f3n de segundos. \u00a1El tiempo de carga para cuatro paquetes de bater\u00eda, con el cargador r\u00e1pido opcional, es de solo 5:20 horas!<\/p>\n<\/p><\/div>\n<div class=\"col-md-6 mb4 image\"  style=\"background-image:url(https:\/\/www.ariens.eu\/es\/wp-content\/uploads\/sites\/19\/2024\/05\/ariens-arrow-e-battery-stand-on-fusioncore-batteries.webp)\">\n                <\/div>\n<\/p><\/div>\n<div class=\"row\">\n<div class=\"col-md-6 mb-4 content\">\n                    <span class=\"d-block h5 text-color-brand mb-1\">Equilibrado de carga inteligente<\/span><\/p>\n<p>Este sistema, que est\u00e1 a la espera de patente, permite a la ZENITH E compensar las diferencias de potencia de las bater\u00edas. Solo extrae energ\u00eda de las bater\u00edas llenas hasta que alcancen el mismo nivel de carga que las bater\u00edas menos cargadas. La energ\u00eda se extrae primero de las bater\u00edas completamente cargadas, antes de extraerse de manera uniforme de las cuatro bater\u00edas, lo que permite obtener una potencia constante que preserva las c\u00e9lulas.<\/p>\n<\/p><\/div>\n<div class=\"col-md-6 mb4 image\"  style=\"background-image:url(https:\/\/www.ariens.eu\/es\/wp-content\/uploads\/sites\/19\/2024\/05\/ariens-zenith-e-zero-turn-feature2-battery-load-balancing.webp)\">\n                <\/div>\n<\/p><\/div>\n<div class=\"row\">\n<div class=\"col-md-6 mb-4 content\">\n                    <span class=\"d-block h5 text-color-brand mb-1\">No malgastes energ\u00eda: modo Eco<\/span><\/p>\n<p>El ZENITH E tiene un interruptor de modo ECO. La velocidad m\u00e1xima de la cuchilla no es necesaria cuando la cantidad de recortes es baja o cuando se viaja a una velocidad m\u00e1s lenta. En este caso, usa el modo ECO para reducir la velocidad de la cuchilla.<\/p>\n<\/p><\/div>\n<div class=\"col-md-6 mb4 image\"  style=\"background-image:url(https:\/\/www.ariens.eu\/es\/wp-content\/uploads\/sites\/19\/2024\/11\/zenith-e-advantages-eco-mode-scaled.jpg)\">\n                <\/div>\n<\/p><\/div>\n<div class=\"row\">\n<div class=\"col-md-6 mb-4 content\">\n                    <span class=\"d-block h5 text-color-brand mb-1\">Transaxles el\u00e9ctricos propios<\/span><\/p>\n<p>Dos motores el\u00e9ctricos sin escobillas que funcionan de forma independiente, con imanes extra fuertes, mayor n\u00famero de devanados y funci\u00f3n de recuperaci\u00f3n al frenar. Objetivo: Baja generaci\u00f3n de calor y larga vida \u00fatil.<\/p>\n<p>Acoplamiento de los motores el\u00e9ctricos con una transmisi\u00f3n planetaria de doble reducci\u00f3n.<br \/>\nObjetivo: La misma conducci\u00f3n suave y sin tirones que una cortac\u00e9sped profesional de giro cero con motor de gasolina e hidroest\u00e1tica. Resultado: \u00a1Conduce el ZENITH E una vez y compara por ti mismo!<\/p>\n<\/p><\/div>\n<div class=\"col-md-6 mb4 image\"  style=\"background-image:url(https:\/\/www.ariens.eu\/es\/wp-content\/uploads\/sites\/19\/2024\/05\/ariens-zenith-e-zero-turn-feature3-brushless-electric-drive-motor-transaxles.webp)\">\n                <\/div>\n<\/p><\/div>\n<div class=\"row\">\n<div class=\"col-md-6 mb-4 content\">\n                    <span class=\"d-block h5 text-color-brand mb-1\">Caja de corte profesional<\/span><\/p>\n<p>La caja de corte es el componente m\u00e1s cargado de una segadora. La estabilidad es particularmente importante aqu\u00ed. La ZENITH E tiene una caja de corte completamente soldada de 14 cm de profundidad, hecha de chapa de acero de 4,5 mm de espesor, borde de acero de 20 mm, ruedas anti-escalpado cerradas y una suspensi\u00f3n soldada de 4 puntos. Los motores de cuchilla el\u00e9ctricos FUSIONCORE ofrecen un m\u00e1ximo de 3 x 3.500 vatios cuando es necesario. Para proteger el motor en caso de colisiones, las cuchillas est\u00e1n montadas en un embrague deslizante. Esto reduce significativamente los impactos duros en el motor. El flujo de aire de la nueva caja de corte X-Factor III con descarga lateral est\u00e1 optimizado para el corte m\u00e1s limpio y el nivel de ruido m\u00e1s bajo.<\/p>\n<\/p><\/div>\n<div class=\"col-md-6 mb4 image\"  style=\"background-image:url(https:\/\/www.ariens.eu\/es\/wp-content\/uploads\/sites\/19\/2024\/05\/ariens-zenith-e-zero-turn-feature4-commercial-10-gauge-steel-deck.webp)\">\n                <\/div>\n<\/p><\/div>\n<div class=\"row\">\n<div class=\"col-md-6 mb-4 content\">\n                    <span class=\"d-block h5 text-color-brand mb-1\">Asiento de confort totalmente ajustable<\/span><\/p>\n<p>La m\u00e1xima comodidad de conducci\u00f3n es esencial para trabajar de manera productiva y segura durante horas. Mantener alejados del conductor los golpes fuertes y las vibraciones es particularmente importante para su bienestar y salud. La suspensi\u00f3n hidro-neum\u00e1tica del asiento del conductor se puede ajustar con precisi\u00f3n al peso corporal del conductor. Los reposabrazos ajustables y un respaldo alto permiten al conductor encontrar su posici\u00f3n de asiento ideal.<\/p>\n<\/p><\/div>\n<div class=\"col-md-6 mb4 image\"  style=\"background-image:url(https:\/\/www.ariens.eu\/es\/wp-content\/uploads\/sites\/19\/2024\/05\/ariens-zenith-zero-turn-suspension-seat.webp)\">\n                <\/div>\n<\/p><\/div>\n<div class=\"row\">\n<div class=\"col-md-6 mb-4 content\">\n                    <span class=\"d-block h5 text-color-brand mb-1\">ROPS<\/span><\/p>\n<p>El sistema est\u00e1ndar de protecci\u00f3n contra vuelcos con cintur\u00f3n de seguridad (ROPS) ofrece protecci\u00f3n adicional para el conductor. Es plegable y est\u00e1 inclinado ergon\u00f3micamente hacia atr\u00e1s para evitar golpes dolorosos en el codo mientras se conduce.<\/p>\n<\/p><\/div>\n<div class=\"col-md-6 mb4 image\"  style=\"background-image:url(https:\/\/www.ariens.eu\/es\/wp-content\/uploads\/sites\/19\/2024\/05\/ariens-zenith-zero-turn-feature5-rops.webp)\">\n                <\/div>\n<\/p><\/div>\n<div class=\"row\">\n<div class=\"col-md-6 mb-4 content\">\n                    <span class=\"d-block h5 text-color-brand mb-1\">Kit de iluminaci\u00f3n para homologaci\u00f3n vial<\/span><\/p>\n<p>Un nuevo kit de iluminaci\u00f3n est\u00e1 disponible para su uso en v\u00edas p\u00fablicas. Instalaci\u00f3n por distribuidores especializados.<\/p>\n<\/p><\/div>\n<div class=\"col-md-6 mb4 image\"  style=\"background-image:url(https:\/\/www.ariens.eu\/es\/wp-content\/uploads\/sites\/19\/2024\/08\/stvzo-lichtkit-1.png)\">\n                <\/div>\n<\/p><\/div>\n<\/p><\/div>\n<\/div><\/div>\n<div class='col-lg'>                    <\/div>\n<\/p><\/div>\n<\/div>\n<\/div>\n","protected":false},"excerpt":{"rendered":"<p>Cortac\u00e9sped de giro cero con bater\u00eda intercambiable y descarga trasera. Dise\u00f1ado para cortar c\u00e9sped durante todo un d\u00eda. Instalar bater\u00edas en un cortac\u00e9sped es una cosa. Lograr el rendimiento, la durabilidad y la fiabilidad de un modelo profesional de gasolina probado es otra. Nuestros modelos con el sistema de bater\u00eda reemplazable FusionCore cumplen con esta [&hellip;]<\/p>\n","protected":false},"featured_media":2667,"comment_status":"open","ping_status":"closed","template":"","meta":{"_acf_changed":false,"_relevanssi_hide_post":"","_relevanssi_hide_content":"","_relevanssi_pin_for_all":"","_relevanssi_pin_keywords":"","_relevanssi_unpin_keywords":"","_relevanssi_related_keywords":"","_relevanssi_related_include_ids":"","_relevanssi_related_exclude_ids":"","_relevanssi_related_no_append":"","_relevanssi_related_not_related":"","_relevanssi_related_posts":"","_relevanssi_noindex_reason":""},"product_brand":[],"product_cat":[15],"product_tag":[],"class_list":{"0":"post-2342","1":"product","2":"type-product","3":"status-publish","4":"has-post-thumbnail","6":"product_variant-zenith-e-series","7":"product_usage_areas-municipalities-building-yards","8":"product_usage_areas-service-providers","10":"first","11":"instock","12":"shipping-taxable","13":"product-type-simple"},"acf":[],"yoast_head":"<!-- This site is optimized with the Yoast SEO plugin v27.3 - https:\/\/yoast.com\/product\/yoast-seo-wordpress\/ -->\n<title>ZENITH E 60R - Battery powered zero-turn mower | Ariens<\/title>\n<meta name=\"description\" content=\"ZENITH E 60R is a commercial battery-powered zero-turn, with 152cm (60&quot;) rear discharge cutting deck, designed for noise sensitive areas.\" \/>\n<meta name=\"robots\" content=\"noindex, follow, max-snippet:-1, max-image-preview:large, max-video-preview:-1\" \/>\n<meta property=\"og:locale\" content=\"es_ES\" \/>\n<meta property=\"og:type\" content=\"article\" \/>\n<meta property=\"og:title\" content=\"ZENITH E 60R - Battery powered zero-turn mower | Ariens\" \/>\n<meta property=\"og:description\" content=\"ZENITH E 60R is a commercial battery-powered zero-turn, with 152cm (60&quot;) rear discharge cutting deck, designed for noise sensitive areas.\" \/>\n<meta property=\"og:url\" content=\"https:\/\/www.ariens.eu\/es\/producto\/zero-turn-mowers\/zenith-e-series\/zenith-e-60r\/\" \/>\n<meta property=\"og:site_name\" content=\"Ariens | EMEAA\" \/>\n<meta property=\"article:modified_time\" content=\"2026-04-14T12:51:43+00:00\" \/>\n<meta property=\"og:image\" content=\"https:\/\/www.ariens.eu\/es\/wp-content\/uploads\/sites\/19\/2024\/05\/ariens-zenithe-60r-rear-discharge-battery-zero-turn-front-left-1.webp\" \/>\n\t<meta property=\"og:image:width\" content=\"1280\" \/>\n\t<meta property=\"og:image:height\" content=\"925\" \/>\n\t<meta property=\"og:image:type\" content=\"image\/webp\" \/>\n<meta name=\"twitter:card\" content=\"summary_large_image\" \/>\n<meta name=\"twitter:label1\" content=\"Tiempo de lectura\" \/>\n\t<meta name=\"twitter:data1\" content=\"4 minutos\" \/>\n<script type=\"application\/ld+json\" class=\"yoast-schema-graph\">{\"@context\":\"https:\\\/\\\/schema.org\",\"@graph\":[{\"@type\":\"WebPage\",\"@id\":\"https:\\\/\\\/www.ariens.eu\\\/es\\\/producto\\\/zero-turn-mowers\\\/zenith-e-series\\\/zenith-e-60r\\\/\",\"url\":\"https:\\\/\\\/www.ariens.eu\\\/es\\\/producto\\\/zero-turn-mowers\\\/zenith-e-series\\\/zenith-e-60r\\\/\",\"name\":\"ZENITH E 60R - Battery powered zero-turn mower | Ariens\",\"isPartOf\":{\"@id\":\"https:\\\/\\\/www.ariens.eu\\\/es\\\/#website\"},\"primaryImageOfPage\":{\"@id\":\"https:\\\/\\\/www.ariens.eu\\\/es\\\/producto\\\/zero-turn-mowers\\\/zenith-e-series\\\/zenith-e-60r\\\/#primaryimage\"},\"image\":{\"@id\":\"https:\\\/\\\/www.ariens.eu\\\/es\\\/producto\\\/zero-turn-mowers\\\/zenith-e-series\\\/zenith-e-60r\\\/#primaryimage\"},\"thumbnailUrl\":\"https:\\\/\\\/www.ariens.eu\\\/es\\\/wp-content\\\/uploads\\\/sites\\\/19\\\/2024\\\/05\\\/ariens-zenithe-60r-rear-discharge-battery-zero-turn-front-left-1.webp\",\"datePublished\":\"2024-05-10T10:04:36+00:00\",\"dateModified\":\"2026-04-14T12:51:43+00:00\",\"description\":\"ZENITH E 60R is a commercial battery-powered zero-turn, with 152cm (60\\\") rear discharge cutting deck, designed for noise sensitive areas.\",\"breadcrumb\":{\"@id\":\"https:\\\/\\\/www.ariens.eu\\\/es\\\/producto\\\/zero-turn-mowers\\\/zenith-e-series\\\/zenith-e-60r\\\/#breadcrumb\"},\"inLanguage\":\"es\",\"potentialAction\":[{\"@type\":\"ReadAction\",\"target\":[\"https:\\\/\\\/www.ariens.eu\\\/es\\\/producto\\\/zero-turn-mowers\\\/zenith-e-series\\\/zenith-e-60r\\\/\"]}]},{\"@type\":\"ImageObject\",\"inLanguage\":\"es\",\"@id\":\"https:\\\/\\\/www.ariens.eu\\\/es\\\/producto\\\/zero-turn-mowers\\\/zenith-e-series\\\/zenith-e-60r\\\/#primaryimage\",\"url\":\"https:\\\/\\\/www.ariens.eu\\\/es\\\/wp-content\\\/uploads\\\/sites\\\/19\\\/2024\\\/05\\\/ariens-zenithe-60r-rear-discharge-battery-zero-turn-front-left-1.webp\",\"contentUrl\":\"https:\\\/\\\/www.ariens.eu\\\/es\\\/wp-content\\\/uploads\\\/sites\\\/19\\\/2024\\\/05\\\/ariens-zenithe-60r-rear-discharge-battery-zero-turn-front-left-1.webp\",\"width\":1280,\"height\":925},{\"@type\":\"BreadcrumbList\",\"@id\":\"https:\\\/\\\/www.ariens.eu\\\/es\\\/producto\\\/zero-turn-mowers\\\/zenith-e-series\\\/zenith-e-60r\\\/#breadcrumb\",\"itemListElement\":[{\"@type\":\"ListItem\",\"position\":1,\"name\":\"Home\",\"item\":\"https:\\\/\\\/www.ariens.eu\\\/es\\\/\"},{\"@type\":\"ListItem\",\"position\":2,\"name\":\"Shop\",\"item\":\"https:\\\/\\\/www.ariens.eu\\\/es\\\/shop\\\/\"},{\"@type\":\"ListItem\",\"position\":3,\"name\":\"ZENITH E 60R\"}]},{\"@type\":\"WebSite\",\"@id\":\"https:\\\/\\\/www.ariens.eu\\\/es\\\/#website\",\"url\":\"https:\\\/\\\/www.ariens.eu\\\/es\\\/\",\"name\":\"Ariens | EMEAA\",\"description\":\"Powerful and reliable zero-turn mowers &amp; snow blowers for professional users and demanding private customers\",\"publisher\":{\"@id\":\"https:\\\/\\\/www.ariens.eu\\\/es\\\/#organization\"},\"potentialAction\":[{\"@type\":\"SearchAction\",\"target\":{\"@type\":\"EntryPoint\",\"urlTemplate\":\"https:\\\/\\\/www.ariens.eu\\\/es\\\/?s={search_term_string}\"},\"query-input\":{\"@type\":\"PropertyValueSpecification\",\"valueRequired\":true,\"valueName\":\"search_term_string\"}}],\"inLanguage\":\"es\"},{\"@type\":\"Organization\",\"@id\":\"https:\\\/\\\/www.ariens.eu\\\/es\\\/#organization\",\"name\":\"AriensCo GmbH\",\"url\":\"https:\\\/\\\/www.ariens.eu\\\/es\\\/\",\"logo\":{\"@type\":\"ImageObject\",\"inLanguage\":\"es\",\"@id\":\"https:\\\/\\\/www.ariens.eu\\\/es\\\/#\\\/schema\\\/logo\\\/image\\\/\",\"url\":\"https:\\\/\\\/www.ariens.eu\\\/wp-content\\\/uploads\\\/2024\\\/11\\\/ariens-co-logo.jpg\",\"contentUrl\":\"https:\\\/\\\/www.ariens.eu\\\/wp-content\\\/uploads\\\/2024\\\/11\\\/ariens-co-logo.jpg\",\"width\":1000,\"height\":1000,\"caption\":\"AriensCo GmbH\"},\"image\":{\"@id\":\"https:\\\/\\\/www.ariens.eu\\\/es\\\/#\\\/schema\\\/logo\\\/image\\\/\"}}]}<\/script>\n<!-- \/ Yoast SEO plugin. -->","yoast_head_json":{"title":"ZENITH E 60R - Battery powered zero-turn mower | Ariens","description":"ZENITH E 60R is a commercial battery-powered zero-turn, with 152cm (60\") rear discharge cutting deck, designed for noise sensitive areas.","robots":{"index":"noindex","follow":"follow","max-snippet":"max-snippet:-1","max-image-preview":"max-image-preview:large","max-video-preview":"max-video-preview:-1"},"og_locale":"es_ES","og_type":"article","og_title":"ZENITH E 60R - Battery powered zero-turn mower | Ariens","og_description":"ZENITH E 60R is a commercial battery-powered zero-turn, with 152cm (60\") rear discharge cutting deck, designed for noise sensitive areas.","og_url":"https:\/\/www.ariens.eu\/es\/producto\/zero-turn-mowers\/zenith-e-series\/zenith-e-60r\/","og_site_name":"Ariens | EMEAA","article_modified_time":"2026-04-14T12:51:43+00:00","og_image":[{"width":1280,"height":925,"url":"https:\/\/www.ariens.eu\/es\/wp-content\/uploads\/sites\/19\/2024\/05\/ariens-zenithe-60r-rear-discharge-battery-zero-turn-front-left-1.webp","type":"image\/webp"}],"twitter_card":"summary_large_image","twitter_misc":{"Tiempo de lectura":"4 minutos"},"schema":{"@context":"https:\/\/schema.org","@graph":[{"@type":"WebPage","@id":"https:\/\/www.ariens.eu\/es\/producto\/zero-turn-mowers\/zenith-e-series\/zenith-e-60r\/","url":"https:\/\/www.ariens.eu\/es\/producto\/zero-turn-mowers\/zenith-e-series\/zenith-e-60r\/","name":"ZENITH E 60R - Battery powered zero-turn mower | Ariens","isPartOf":{"@id":"https:\/\/www.ariens.eu\/es\/#website"},"primaryImageOfPage":{"@id":"https:\/\/www.ariens.eu\/es\/producto\/zero-turn-mowers\/zenith-e-series\/zenith-e-60r\/#primaryimage"},"image":{"@id":"https:\/\/www.ariens.eu\/es\/producto\/zero-turn-mowers\/zenith-e-series\/zenith-e-60r\/#primaryimage"},"thumbnailUrl":"https:\/\/www.ariens.eu\/es\/wp-content\/uploads\/sites\/19\/2024\/05\/ariens-zenithe-60r-rear-discharge-battery-zero-turn-front-left-1.webp","datePublished":"2024-05-10T10:04:36+00:00","dateModified":"2026-04-14T12:51:43+00:00","description":"ZENITH E 60R is a commercial battery-powered zero-turn, with 152cm (60\") rear discharge cutting deck, designed for noise sensitive areas.","breadcrumb":{"@id":"https:\/\/www.ariens.eu\/es\/producto\/zero-turn-mowers\/zenith-e-series\/zenith-e-60r\/#breadcrumb"},"inLanguage":"es","potentialAction":[{"@type":"ReadAction","target":["https:\/\/www.ariens.eu\/es\/producto\/zero-turn-mowers\/zenith-e-series\/zenith-e-60r\/"]}]},{"@type":"ImageObject","inLanguage":"es","@id":"https:\/\/www.ariens.eu\/es\/producto\/zero-turn-mowers\/zenith-e-series\/zenith-e-60r\/#primaryimage","url":"https:\/\/www.ariens.eu\/es\/wp-content\/uploads\/sites\/19\/2024\/05\/ariens-zenithe-60r-rear-discharge-battery-zero-turn-front-left-1.webp","contentUrl":"https:\/\/www.ariens.eu\/es\/wp-content\/uploads\/sites\/19\/2024\/05\/ariens-zenithe-60r-rear-discharge-battery-zero-turn-front-left-1.webp","width":1280,"height":925},{"@type":"BreadcrumbList","@id":"https:\/\/www.ariens.eu\/es\/producto\/zero-turn-mowers\/zenith-e-series\/zenith-e-60r\/#breadcrumb","itemListElement":[{"@type":"ListItem","position":1,"name":"Home","item":"https:\/\/www.ariens.eu\/es\/"},{"@type":"ListItem","position":2,"name":"Shop","item":"https:\/\/www.ariens.eu\/es\/shop\/"},{"@type":"ListItem","position":3,"name":"ZENITH E 60R"}]},{"@type":"WebSite","@id":"https:\/\/www.ariens.eu\/es\/#website","url":"https:\/\/www.ariens.eu\/es\/","name":"Ariens | EMEAA","description":"Powerful and reliable zero-turn mowers &amp; snow blowers for professional users and demanding private customers","publisher":{"@id":"https:\/\/www.ariens.eu\/es\/#organization"},"potentialAction":[{"@type":"SearchAction","target":{"@type":"EntryPoint","urlTemplate":"https:\/\/www.ariens.eu\/es\/?s={search_term_string}"},"query-input":{"@type":"PropertyValueSpecification","valueRequired":true,"valueName":"search_term_string"}}],"inLanguage":"es"},{"@type":"Organization","@id":"https:\/\/www.ariens.eu\/es\/#organization","name":"AriensCo GmbH","url":"https:\/\/www.ariens.eu\/es\/","logo":{"@type":"ImageObject","inLanguage":"es","@id":"https:\/\/www.ariens.eu\/es\/#\/schema\/logo\/image\/","url":"https:\/\/www.ariens.eu\/wp-content\/uploads\/2024\/11\/ariens-co-logo.jpg","contentUrl":"https:\/\/www.ariens.eu\/wp-content\/uploads\/2024\/11\/ariens-co-logo.jpg","width":1000,"height":1000,"caption":"AriensCo GmbH"},"image":{"@id":"https:\/\/www.ariens.eu\/es\/#\/schema\/logo\/image\/"}}]}},"_links":{"self":[{"href":"https:\/\/www.ariens.eu\/es\/wp-json\/wp\/v2\/product\/2342","targetHints":{"allow":["GET"]}}],"collection":[{"href":"https:\/\/www.ariens.eu\/es\/wp-json\/wp\/v2\/product"}],"about":[{"href":"https:\/\/www.ariens.eu\/es\/wp-json\/wp\/v2\/types\/product"}],"replies":[{"embeddable":true,"href":"https:\/\/www.ariens.eu\/es\/wp-json\/wp\/v2\/comments?post=2342"}],"wp:featuredmedia":[{"embeddable":true,"href":"https:\/\/www.ariens.eu\/es\/wp-json\/wp\/v2\/media\/2667"}],"wp:attachment":[{"href":"https:\/\/www.ariens.eu\/es\/wp-json\/wp\/v2\/media?parent=2342"}],"wp:term":[{"taxonomy":"product_brand","embeddable":true,"href":"https:\/\/www.ariens.eu\/es\/wp-json\/wp\/v2\/product_brand?post=2342"},{"taxonomy":"product_cat","embeddable":true,"href":"https:\/\/www.ariens.eu\/es\/wp-json\/wp\/v2\/product_cat?post=2342"},{"taxonomy":"product_tag","embeddable":true,"href":"https:\/\/www.ariens.eu\/es\/wp-json\/wp\/v2\/product_tag?post=2342"}],"curies":[{"name":"wp","href":"https:\/\/api.w.org\/{rel}","templated":true}]}}