{"id":4590,"date":"2024-08-23T12:50:04","date_gmt":"2024-08-23T11:50:04","guid":{"rendered":"https:\/\/www.ariens.eu\/?post_type=product&#038;p=4590"},"modified":"2026-04-14T13:51:37","modified_gmt":"2026-04-14T12:51:37","slug":"kit-de-iluminacion-para-homologacion-vial","status":"publish","type":"product","link":"https:\/\/www.ariens.eu\/es\/producto\/accessories\/zero-turn-accessories\/kit-de-iluminacion-para-homologacion-vial","title":{"rendered":"Kit de iluminaci\u00f3n para homologaci\u00f3n vial"},"content":{"rendered":"<div class=\"acfd-block acfd-block__headline container-fluid px-0 bg-default\">\n<div class=\"acfd-headline\" >\n<h2 class='h2 text-left li_black'>Vea y sea visto de manera segura con el nuevo kit de iluminaci\u00f3n para homologaci\u00f3n vial de Ariens.<\/h2>\n<\/p><\/div>\n<\/div>\n<div class=\"acfd-block acfd-block__text container-fluid px-0 bg-default\">\n<div class=\"acfd-text li_black\">\n<p>El uso municipal de tractores cortac\u00e9sped y cortac\u00e9sped de giro cero requiere el uso de equipos homologados para vialidad al cambiar entre \u00e1reas de corte y al utilizar caminos y carreteras p\u00fablicas.<\/p>\n<\/div>\n<\/div>\n<div class=\"acfd-block acfd-block__headline mt-asm-3 container-fluid px-0 bg-default\">\n<div class=\"acfd-headline\" >\n<h2 class='h2 text-left li_black'>Los principales elementos del kit de iluminaci\u00f3n para homologaci\u00f3n vial de Ariens son:<\/h2>\n<\/p><\/div>\n<\/div>\n<div class=\"acfd-block acfd-block__text container-fluid px-0 bg-default\">\n<div class=\"acfd-text li_black\">\n<ul>\n<li>Unidad de operaci\u00f3n y control en el campo de visi\u00f3n del conductor, en la palanca de control<\/li>\n<li>Sistema de iluminaci\u00f3n completo en la parte delantera y trasera con etiquetado ECE<\/li>\n<li>Indicadores delanteros y traseros<\/li>\n<li>Soporte para placa de matr\u00edcula<\/li>\n<li>Iluminaci\u00f3n para placa de matr\u00edcula<\/li>\n<li>Se\u00f1al de velocidad<\/li>\n<li>Luz de advertencia<\/li>\n<li>Reflectores<\/li>\n<li>Bocina<\/li>\n<\/ul>\n<\/div>\n<\/div>\n<div class=\"acfd-block acfd-block__twocolumns container-fluid px-0 bg-default\">\n<div class=\"acfd-twocolumns\">\n<div class=\"row\">\n<div class='col-lg-12 mb-4 '>\n<div class=\"acfd-product-advantages--wrapper\">\n<h2 class=\"h1 bigger text-color-black text-center mb-5\">\n        Features &#038; Benefits    <\/h2>\n<div class=\"acfd-product-advantages\">\n<div class=\"row\">\n<div class=\"col-md-6 mb-4 content\">\n                    <span class=\"d-block h5 text-color-brand mb-1\">Disponibilidad del modelo<\/span><\/p>\n<p>El kit de homologaci\u00f3n para carretera solo est\u00e1 disponible para las series de modelos Ariens ZENITH y ZENITH E.<\/p>\n<\/p><\/div>\n<div class=\"col-md-6 mb4 image\"  style=\"background-image:url(https:\/\/www.ariens.eu\/es\/wp-content\/uploads\/sites\/19\/2024\/08\/stvzo-lichtkit-models.png)\">\n                <\/div>\n<\/p><\/div>\n<div class=\"row\">\n<div class=\"col-md-6 mb-4 content\">\n                    <span class=\"d-block h5 text-color-brand mb-1\">Instalaci\u00f3n \/ Retrofit<\/span><\/p>\n<p>El sistema de iluminaci\u00f3n con homologaci\u00f3n para carretera es instalado por un distribuidor especializado. El tiempo de instalaci\u00f3n es de aproximadamente 5 horas. El kit de carretera no se ofrece de serie.<\/p>\n<\/p><\/div>\n<div class=\"col-md-6 mb4 image\"  style=\"background-image:url(https:\/\/www.ariens.eu\/es\/wp-content\/uploads\/sites\/19\/2024\/08\/stvzo-lichtkit-assembly.png)\">\n                <\/div>\n<\/p><\/div>\n<div class=\"row\">\n<div class=\"col-md-6 mb-4 content\">\n                    <span class=\"d-block h5 text-color-brand mb-1\">Autorizaci\u00f3n en Alemania:<\/span><\/p>\n<p>Una aprobaci\u00f3n oficial de T\u00dcV y el certificado de muestra facilitan al distribuidor la realizaci\u00f3n de la inspecci\u00f3n en el centro de pruebas local de la ITV.<\/p>\n<\/p><\/div>\n<div class=\"col-md-6 mb4 image\"  style=\"background-image:url(https:\/\/www.ariens.eu\/es\/wp-content\/uploads\/sites\/19\/2024\/08\/stvzo-lichtkit-tuev-logo.png)\">\n                <\/div>\n<\/p><\/div>\n<div class=\"row\">\n<div class=\"col-md-6 mb-4 content\">\n                    <span class=\"d-block h5 text-color-brand mb-1\">Autorizaci\u00f3n en Europa:<\/span><\/p>\n<p>En Europa, cada pa\u00eds emite sus propias regulaciones y leyes nacionales de tr\u00e1fico por carretera. El etiquetado ECE del kit de alumbrado de carretera Ariens est\u00e1 aceptado en todos los pa\u00edses europeos. La seguridad vial tambi\u00e9n puede garantizarse en otros pa\u00edses mediante la aprobaci\u00f3n individual.<\/p>\n<\/p><\/div>\n<div class=\"col-md-6 mb4 image\"  style=\"background-image:url(https:\/\/www.ariens.eu\/es\/wp-content\/uploads\/sites\/19\/2024\/08\/stvzo-lichtkit-ece-logo.png)\">\n                <\/div>\n<\/p><\/div>\n<\/p><\/div>\n<\/div><\/div>\n<div class='col-lg'>                    <\/div>\n<\/p><\/div>\n<\/div>\n<\/div>\n","protected":false},"excerpt":{"rendered":"<p>Vea y sea visto de manera segura con el nuevo kit de iluminaci\u00f3n para homologaci\u00f3n vial de Ariens. El uso municipal de tractores cortac\u00e9sped y cortac\u00e9sped de giro cero requiere el uso de equipos homologados para vialidad al cambiar entre \u00e1reas de corte y al utilizar caminos y carreteras p\u00fablicas. Los principales elementos del kit [&hellip;]<\/p>\n","protected":false},"featured_media":4599,"comment_status":"open","ping_status":"closed","template":"","meta":{"_acf_changed":false,"_relevanssi_hide_post":"","_relevanssi_hide_content":"","_relevanssi_pin_for_all":"","_relevanssi_pin_keywords":"","_relevanssi_unpin_keywords":"","_relevanssi_related_keywords":"","_relevanssi_related_include_ids":"","_relevanssi_related_exclude_ids":"","_relevanssi_related_no_append":"","_relevanssi_related_not_related":"","_relevanssi_related_posts":"","_relevanssi_noindex_reason":""},"product_brand":[],"product_cat":[15],"product_tag":[],"class_list":{"0":"post-4590","1":"product","2":"type-product","3":"status-publish","4":"has-post-thumbnail","6":"product_variant-accessories","7":"product_variant-zero-turn-accessories","8":"product_variant-zero-turn-e-accessories","9":"product_usage_areas-municipalities-building-yards","10":"product_usage_areas-service-providers","12":"first","13":"instock","14":"shipping-taxable","15":"product-type-simple"},"acf":[],"yoast_head":"<!-- This site is optimized with the Yoast SEO plugin v27.3 - https:\/\/yoast.com\/product\/yoast-seo-wordpress\/ -->\n<title>Kit de iluminaci\u00f3n para homologaci\u00f3n vial - Ariens | EMEAA<\/title>\n<meta name=\"description\" content=\"See and be seen safely with the new Ariens road homologation lighting kit. The municipal use of lawn tractors and zeroturns requires the use of road homologated equipment when switching between mowing areas and when using public paths and roads.\" \/>\n<meta name=\"robots\" content=\"noindex, follow, max-snippet:-1, max-image-preview:large, max-video-preview:-1\" \/>\n<meta property=\"og:locale\" content=\"es_ES\" \/>\n<meta property=\"og:type\" content=\"article\" \/>\n<meta property=\"og:title\" content=\"Kit de iluminaci\u00f3n para homologaci\u00f3n vial - Ariens | EMEAA\" \/>\n<meta property=\"og:description\" content=\"See and be seen safely with the new Ariens road homologation lighting kit. The municipal use of lawn tractors and zeroturns requires the use of road homologated equipment when switching between mowing areas and when using public paths and roads.\" \/>\n<meta property=\"og:url\" content=\"https:\/\/www.ariens.eu\/es\/producto\/accessories\/zero-turn-accessories\/kit-de-iluminacion-para-homologacion-vial\/\" \/>\n<meta property=\"og:site_name\" content=\"Ariens | EMEAA\" \/>\n<meta property=\"article:modified_time\" content=\"2026-04-14T12:51:37+00:00\" \/>\n<meta property=\"og:image\" content=\"https:\/\/www.ariens.eu\/es\/wp-content\/uploads\/sites\/19\/2024\/08\/stvzo-lichtkit-attachement-1.png\" \/>\n\t<meta property=\"og:image:width\" content=\"4418\" \/>\n\t<meta property=\"og:image:height\" content=\"3196\" \/>\n\t<meta property=\"og:image:type\" content=\"image\/png\" \/>\n<meta name=\"twitter:card\" content=\"summary_large_image\" \/>\n<meta name=\"twitter:label1\" content=\"Tiempo de lectura\" \/>\n\t<meta name=\"twitter:data1\" content=\"2 minutos\" \/>\n<script type=\"application\/ld+json\" class=\"yoast-schema-graph\">{\"@context\":\"https:\\\/\\\/schema.org\",\"@graph\":[{\"@type\":\"WebPage\",\"@id\":\"https:\\\/\\\/www.ariens.eu\\\/es\\\/producto\\\/accessories\\\/zero-turn-accessories\\\/kit-de-iluminacion-para-homologacion-vial\\\/\",\"url\":\"https:\\\/\\\/www.ariens.eu\\\/es\\\/producto\\\/accessories\\\/zero-turn-accessories\\\/kit-de-iluminacion-para-homologacion-vial\\\/\",\"name\":\"Kit de iluminaci\u00f3n para homologaci\u00f3n vial - Ariens | EMEAA\",\"isPartOf\":{\"@id\":\"https:\\\/\\\/www.ariens.eu\\\/es\\\/#website\"},\"primaryImageOfPage\":{\"@id\":\"https:\\\/\\\/www.ariens.eu\\\/es\\\/producto\\\/accessories\\\/zero-turn-accessories\\\/kit-de-iluminacion-para-homologacion-vial\\\/#primaryimage\"},\"image\":{\"@id\":\"https:\\\/\\\/www.ariens.eu\\\/es\\\/producto\\\/accessories\\\/zero-turn-accessories\\\/kit-de-iluminacion-para-homologacion-vial\\\/#primaryimage\"},\"thumbnailUrl\":\"https:\\\/\\\/www.ariens.eu\\\/es\\\/wp-content\\\/uploads\\\/sites\\\/19\\\/2024\\\/08\\\/stvzo-lichtkit-attachement-1.png\",\"datePublished\":\"2024-08-23T11:50:04+00:00\",\"dateModified\":\"2026-04-14T12:51:37+00:00\",\"description\":\"See and be seen safely with the new Ariens road homologation lighting kit. The municipal use of lawn tractors and zeroturns requires the use of road homologated equipment when switching between mowing areas and when using public paths and roads.\",\"breadcrumb\":{\"@id\":\"https:\\\/\\\/www.ariens.eu\\\/es\\\/producto\\\/accessories\\\/zero-turn-accessories\\\/kit-de-iluminacion-para-homologacion-vial\\\/#breadcrumb\"},\"inLanguage\":\"es\",\"potentialAction\":[{\"@type\":\"ReadAction\",\"target\":[\"https:\\\/\\\/www.ariens.eu\\\/es\\\/producto\\\/accessories\\\/zero-turn-accessories\\\/kit-de-iluminacion-para-homologacion-vial\\\/\"]}]},{\"@type\":\"ImageObject\",\"inLanguage\":\"es\",\"@id\":\"https:\\\/\\\/www.ariens.eu\\\/es\\\/producto\\\/accessories\\\/zero-turn-accessories\\\/kit-de-iluminacion-para-homologacion-vial\\\/#primaryimage\",\"url\":\"https:\\\/\\\/www.ariens.eu\\\/es\\\/wp-content\\\/uploads\\\/sites\\\/19\\\/2024\\\/08\\\/stvzo-lichtkit-attachement-1.png\",\"contentUrl\":\"https:\\\/\\\/www.ariens.eu\\\/es\\\/wp-content\\\/uploads\\\/sites\\\/19\\\/2024\\\/08\\\/stvzo-lichtkit-attachement-1.png\",\"width\":4418,\"height\":3196},{\"@type\":\"BreadcrumbList\",\"@id\":\"https:\\\/\\\/www.ariens.eu\\\/es\\\/producto\\\/accessories\\\/zero-turn-accessories\\\/kit-de-iluminacion-para-homologacion-vial\\\/#breadcrumb\",\"itemListElement\":[{\"@type\":\"ListItem\",\"position\":1,\"name\":\"Home\",\"item\":\"https:\\\/\\\/www.ariens.eu\\\/es\\\/\"},{\"@type\":\"ListItem\",\"position\":2,\"name\":\"Shop\",\"item\":\"https:\\\/\\\/www.ariens.eu\\\/es\\\/shop\\\/\"},{\"@type\":\"ListItem\",\"position\":3,\"name\":\"Kit de iluminaci\u00f3n para homologaci\u00f3n vial\"}]},{\"@type\":\"WebSite\",\"@id\":\"https:\\\/\\\/www.ariens.eu\\\/es\\\/#website\",\"url\":\"https:\\\/\\\/www.ariens.eu\\\/es\\\/\",\"name\":\"Ariens | EMEAA\",\"description\":\"Powerful and reliable zero-turn mowers &amp; snow blowers for professional users and demanding private customers\",\"publisher\":{\"@id\":\"https:\\\/\\\/www.ariens.eu\\\/es\\\/#organization\"},\"potentialAction\":[{\"@type\":\"SearchAction\",\"target\":{\"@type\":\"EntryPoint\",\"urlTemplate\":\"https:\\\/\\\/www.ariens.eu\\\/es\\\/?s={search_term_string}\"},\"query-input\":{\"@type\":\"PropertyValueSpecification\",\"valueRequired\":true,\"valueName\":\"search_term_string\"}}],\"inLanguage\":\"es\"},{\"@type\":\"Organization\",\"@id\":\"https:\\\/\\\/www.ariens.eu\\\/es\\\/#organization\",\"name\":\"AriensCo GmbH\",\"url\":\"https:\\\/\\\/www.ariens.eu\\\/es\\\/\",\"logo\":{\"@type\":\"ImageObject\",\"inLanguage\":\"es\",\"@id\":\"https:\\\/\\\/www.ariens.eu\\\/es\\\/#\\\/schema\\\/logo\\\/image\\\/\",\"url\":\"https:\\\/\\\/www.ariens.eu\\\/wp-content\\\/uploads\\\/2024\\\/11\\\/ariens-co-logo.jpg\",\"contentUrl\":\"https:\\\/\\\/www.ariens.eu\\\/wp-content\\\/uploads\\\/2024\\\/11\\\/ariens-co-logo.jpg\",\"width\":1000,\"height\":1000,\"caption\":\"AriensCo GmbH\"},\"image\":{\"@id\":\"https:\\\/\\\/www.ariens.eu\\\/es\\\/#\\\/schema\\\/logo\\\/image\\\/\"}}]}<\/script>\n<!-- \/ Yoast SEO plugin. -->","yoast_head_json":{"title":"Kit de iluminaci\u00f3n para homologaci\u00f3n vial - Ariens | EMEAA","description":"See and be seen safely with the new Ariens road homologation lighting kit. The municipal use of lawn tractors and zeroturns requires the use of road homologated equipment when switching between mowing areas and when using public paths and roads.","robots":{"index":"noindex","follow":"follow","max-snippet":"max-snippet:-1","max-image-preview":"max-image-preview:large","max-video-preview":"max-video-preview:-1"},"og_locale":"es_ES","og_type":"article","og_title":"Kit de iluminaci\u00f3n para homologaci\u00f3n vial - Ariens | EMEAA","og_description":"See and be seen safely with the new Ariens road homologation lighting kit. The municipal use of lawn tractors and zeroturns requires the use of road homologated equipment when switching between mowing areas and when using public paths and roads.","og_url":"https:\/\/www.ariens.eu\/es\/producto\/accessories\/zero-turn-accessories\/kit-de-iluminacion-para-homologacion-vial\/","og_site_name":"Ariens | EMEAA","article_modified_time":"2026-04-14T12:51:37+00:00","og_image":[{"width":4418,"height":3196,"url":"https:\/\/www.ariens.eu\/es\/wp-content\/uploads\/sites\/19\/2024\/08\/stvzo-lichtkit-attachement-1.png","type":"image\/png"}],"twitter_card":"summary_large_image","twitter_misc":{"Tiempo de lectura":"2 minutos"},"schema":{"@context":"https:\/\/schema.org","@graph":[{"@type":"WebPage","@id":"https:\/\/www.ariens.eu\/es\/producto\/accessories\/zero-turn-accessories\/kit-de-iluminacion-para-homologacion-vial\/","url":"https:\/\/www.ariens.eu\/es\/producto\/accessories\/zero-turn-accessories\/kit-de-iluminacion-para-homologacion-vial\/","name":"Kit de iluminaci\u00f3n para homologaci\u00f3n vial - Ariens | EMEAA","isPartOf":{"@id":"https:\/\/www.ariens.eu\/es\/#website"},"primaryImageOfPage":{"@id":"https:\/\/www.ariens.eu\/es\/producto\/accessories\/zero-turn-accessories\/kit-de-iluminacion-para-homologacion-vial\/#primaryimage"},"image":{"@id":"https:\/\/www.ariens.eu\/es\/producto\/accessories\/zero-turn-accessories\/kit-de-iluminacion-para-homologacion-vial\/#primaryimage"},"thumbnailUrl":"https:\/\/www.ariens.eu\/es\/wp-content\/uploads\/sites\/19\/2024\/08\/stvzo-lichtkit-attachement-1.png","datePublished":"2024-08-23T11:50:04+00:00","dateModified":"2026-04-14T12:51:37+00:00","description":"See and be seen safely with the new Ariens road homologation lighting kit. The municipal use of lawn tractors and zeroturns requires the use of road homologated equipment when switching between mowing areas and when using public paths and roads.","breadcrumb":{"@id":"https:\/\/www.ariens.eu\/es\/producto\/accessories\/zero-turn-accessories\/kit-de-iluminacion-para-homologacion-vial\/#breadcrumb"},"inLanguage":"es","potentialAction":[{"@type":"ReadAction","target":["https:\/\/www.ariens.eu\/es\/producto\/accessories\/zero-turn-accessories\/kit-de-iluminacion-para-homologacion-vial\/"]}]},{"@type":"ImageObject","inLanguage":"es","@id":"https:\/\/www.ariens.eu\/es\/producto\/accessories\/zero-turn-accessories\/kit-de-iluminacion-para-homologacion-vial\/#primaryimage","url":"https:\/\/www.ariens.eu\/es\/wp-content\/uploads\/sites\/19\/2024\/08\/stvzo-lichtkit-attachement-1.png","contentUrl":"https:\/\/www.ariens.eu\/es\/wp-content\/uploads\/sites\/19\/2024\/08\/stvzo-lichtkit-attachement-1.png","width":4418,"height":3196},{"@type":"BreadcrumbList","@id":"https:\/\/www.ariens.eu\/es\/producto\/accessories\/zero-turn-accessories\/kit-de-iluminacion-para-homologacion-vial\/#breadcrumb","itemListElement":[{"@type":"ListItem","position":1,"name":"Home","item":"https:\/\/www.ariens.eu\/es\/"},{"@type":"ListItem","position":2,"name":"Shop","item":"https:\/\/www.ariens.eu\/es\/shop\/"},{"@type":"ListItem","position":3,"name":"Kit de iluminaci\u00f3n para homologaci\u00f3n vial"}]},{"@type":"WebSite","@id":"https:\/\/www.ariens.eu\/es\/#website","url":"https:\/\/www.ariens.eu\/es\/","name":"Ariens | EMEAA","description":"Powerful and reliable zero-turn mowers &amp; snow blowers for professional users and demanding private customers","publisher":{"@id":"https:\/\/www.ariens.eu\/es\/#organization"},"potentialAction":[{"@type":"SearchAction","target":{"@type":"EntryPoint","urlTemplate":"https:\/\/www.ariens.eu\/es\/?s={search_term_string}"},"query-input":{"@type":"PropertyValueSpecification","valueRequired":true,"valueName":"search_term_string"}}],"inLanguage":"es"},{"@type":"Organization","@id":"https:\/\/www.ariens.eu\/es\/#organization","name":"AriensCo GmbH","url":"https:\/\/www.ariens.eu\/es\/","logo":{"@type":"ImageObject","inLanguage":"es","@id":"https:\/\/www.ariens.eu\/es\/#\/schema\/logo\/image\/","url":"https:\/\/www.ariens.eu\/wp-content\/uploads\/2024\/11\/ariens-co-logo.jpg","contentUrl":"https:\/\/www.ariens.eu\/wp-content\/uploads\/2024\/11\/ariens-co-logo.jpg","width":1000,"height":1000,"caption":"AriensCo GmbH"},"image":{"@id":"https:\/\/www.ariens.eu\/es\/#\/schema\/logo\/image\/"}}]}},"_links":{"self":[{"href":"https:\/\/www.ariens.eu\/es\/wp-json\/wp\/v2\/product\/4590","targetHints":{"allow":["GET"]}}],"collection":[{"href":"https:\/\/www.ariens.eu\/es\/wp-json\/wp\/v2\/product"}],"about":[{"href":"https:\/\/www.ariens.eu\/es\/wp-json\/wp\/v2\/types\/product"}],"replies":[{"embeddable":true,"href":"https:\/\/www.ariens.eu\/es\/wp-json\/wp\/v2\/comments?post=4590"}],"wp:featuredmedia":[{"embeddable":true,"href":"https:\/\/www.ariens.eu\/es\/wp-json\/wp\/v2\/media\/4599"}],"wp:attachment":[{"href":"https:\/\/www.ariens.eu\/es\/wp-json\/wp\/v2\/media?parent=4590"}],"wp:term":[{"taxonomy":"product_brand","embeddable":true,"href":"https:\/\/www.ariens.eu\/es\/wp-json\/wp\/v2\/product_brand?post=4590"},{"taxonomy":"product_cat","embeddable":true,"href":"https:\/\/www.ariens.eu\/es\/wp-json\/wp\/v2\/product_cat?post=4590"},{"taxonomy":"product_tag","embeddable":true,"href":"https:\/\/www.ariens.eu\/es\/wp-json\/wp\/v2\/product_tag?post=4590"}],"curies":[{"name":"wp","href":"https:\/\/api.w.org\/{rel}","templated":true}]}}