{"id":6003,"date":"2025-06-26T07:37:33","date_gmt":"2025-06-26T06:37:33","guid":{"rendered":"https:\/\/www.ariens.eu\/?post_type=product&#038;p=6003"},"modified":"2026-04-14T13:51:35","modified_gmt":"2026-04-14T12:51:35","slug":"summit-pro-572","status":"publish","type":"product","link":"https:\/\/www.ariens.eu\/es\/producto\/zero-turn-mowers\/summit-pro-series\/summit-pro-572","title":{"rendered":"SUMMIT PRO 572"},"content":{"rendered":"<div class=\"acfd-block acfd-block__headline container-fluid px-0 bg-default\">\n<div class=\"acfd-headline\" >\n<h2 class='h1 text-left li_black bigger'>El mejor rendimiento en corte de giro cero<\/h2>\n<\/p><\/div>\n<\/div>\n<div class=\"acfd-block acfd-block__text container-fluid px-0 bg-default\">\n<div class=\"acfd-text li_black\">\n<p>Para las tareas m\u00e1s grandes, el SUMMIT PRO 572 es el l\u00edder indiscutible. Equipado con una plataforma de corte de 72 pulgadas y un rendimiento de \u00e1rea m\u00e1xima de 38,960 m\u00b2 por hora, redefine la productividad. Esta cortadora de giro cero es una potencia dise\u00f1ada para parques, grandes propiedades y contratistas que gestionan terrenos amplios y abiertos donde el rendimiento por hora es cr\u00edtico.<\/p>\n<\/div>\n<\/div>\n<div class=\"acfd-block acfd-block__text container-fluid px-0 bg-default\">\n<div class=\"acfd-text li_black\">\n<p>El 572 ofrece m\u00e1s que solo tama\u00f1o: incorpora cada innovaci\u00f3n de Ariens para durabilidad, comodidad y facilidad de uso. Los componentes pesados, controles intuitivos y un dise\u00f1o centrado en el operador lo hacen un favorito entre los profesionales que exigen lo mejor.<\/p>\n<\/div>\n<\/div>\n<div class=\"acfd-block acfd-block__headline container-fluid px-0 bg-default\">\n<div class=\"acfd-headline\" >\n<h3 class='h2 text-left li_black'>Caracter\u00edsticas y beneficios clave<\/h3>\n<\/p><\/div>\n<\/div>\n<div class=\"acfd-block acfd-block__text container-fluid px-0 bg-default\">\n<div class=\"acfd-text li_black\">\n<ul>\n<li>M\u00e1s adecuado para: rendimiento extremo de \u00e1rea, uso profesional a gran escala<\/li>\n<li>Velocidad m\u00e1xima: 21,3 km\/h<\/li>\n<li>Rendimiento de \u00e1rea: hasta 38,960 m\u00b2\/h<\/li>\n<li>Garant\u00eda: 5 a\u00f1os \/ 1,500 horas (sin l\u00edmite de horas para los primeros 2 a\u00f1os)<\/li>\n<li>Calidad de corte superior y productividad inigualable para operaciones de flota<\/li>\n<\/ul>\n<\/div>\n<\/div>\n<div class=\"acfd-block acfd-block__twocolumns container-fluid px-0 bg-default\">\n<div class=\"acfd-twocolumns\">\n<div class=\"row\">\n<div class='col-lg-12 mb-4 '>\n<div class=\"acfd-product-advantages--wrapper\">\n<h2 class=\"h1 bigger text-color-black text-center mb-5\">\n        Features &#038; Benefits    <\/h2>\n<div class=\"acfd-product-advantages\">\n<div class=\"row\">\n<div class=\"col-md-6 mb-4 content\">\n                    <span class=\"d-block h5 text-color-brand mb-1\">Nuevos husillos de cuchillas de alto rendimiento.<\/span><\/p>\n<p>Los nuevos husillos de cuchillas de los modelos ARIENS SUMMIT PRO est\u00e1n fabricados en aluminio forjado en fr\u00edo. Son especialmente resistentes a las vibraciones y disipan cualquier calor generado. Cada uno est\u00e1 equipado con dos rodamientos de bolas dobles. Toda la unidad est\u00e1 sellada para evitar la corrosi\u00f3n causada por la humedad y la suciedad. Maximice la vida \u00fatil y minimice el tiempo de inactividad.<\/p>\n<\/p><\/div>\n<div class=\"col-md-6 mb4 image\"  style=\"background-image:url(https:\/\/www.ariens.eu\/es\/wp-content\/uploads\/sites\/19\/2025\/06\/ariens-advantage-blade-spindle.jpg)\">\n                <\/div>\n<\/p><\/div>\n<div class=\"row\">\n<div class=\"col-md-6 mb-4 content\">\n                    <span class=\"d-block h5 text-color-brand mb-1\">Nueva cubierta de corte Ariens ENVY-Pro<\/span><\/p>\n<p>La cubierta ha sido completamente redise\u00f1ada para obtener la mejor distribuci\u00f3n de hierba y calidad de corte. Est\u00e1 soldada con chapa de acero de 4,6 mm de espesor y ofrece la robustez necesaria para a\u00f1os de uso. Gracias a su gran profundidad, es perfecta para la instalaci\u00f3n del kit de mulching opcional.<\/p>\n<\/p><\/div>\n<div class=\"col-md-6 mb4 image\"  style=\"background-image:url(https:\/\/www.ariens.eu\/es\/wp-content\/uploads\/sites\/19\/2025\/06\/ariens-advantage-envy-pro-deck.jpg)\">\n                <\/div>\n<\/p><\/div>\n<div class=\"row\">\n<div class=\"col-md-6 mb-4 content\">\n                    <span class=\"d-block h5 text-color-brand mb-1\">Corte ultra suave, siempre.<\/span><\/p>\n<p>Los hidroest\u00e1ticos PARKER<sup>&reg;<\/sup> de alta calidad son conocidos por su respuesta suave al cambiar de adelante a atr\u00e1s. En combinaci\u00f3n con las grandes ruedas de 24\u201d o 26\u201d, ofrecen la m\u00e1xima comodidad de conducci\u00f3n y reducen el giro de las ruedas durante las maniobras. Los intervalos de cambio de aceite extra largos para los hidroest\u00e1ticos evitan visitas inconvenientes al taller durante la temporada.<\/p>\n<\/p><\/div>\n<div class=\"col-md-6 mb4 image\"  style=\"background-image:url(https:\/\/www.ariens.eu\/es\/wp-content\/uploads\/sites\/19\/2025\/06\/ariens-advantage-parker-hydrostats.jpg)\">\n                <\/div>\n<\/p><\/div>\n<div class=\"row\">\n<div class=\"col-md-6 mb-4 content\">\n                    <span class=\"d-block h5 text-color-brand mb-1\">Motor premium potente Kawasaki FX 850V.<\/span><\/p>\n<p>Curva de par uniforme y doble filtro para un rendimiento y durabilidad de alto nivel.<\/p>\n<\/p><\/div>\n<div class=\"col-md-6 mb4 image\"  style=\"background-image:url(https:\/\/www.ariens.eu\/es\/wp-content\/uploads\/sites\/19\/2025\/06\/ariens-advantage-500-engine-1.jpg)\">\n                <\/div>\n<\/p><\/div>\n<div class=\"row\">\n<div class=\"col-md-6 mb-4 content\">\n                    <span class=\"d-block h5 text-color-brand mb-1\">Hidrost\u00e1ticas Premium Parker<\/span><\/p>\n<p>Las hidrost\u00e1ticas Parker<sup>&reg;<\/sup> HTG alcanzan una velocidad m\u00e1xima de 24 km\/h y tienen una bomba de alto rendimiento de 16 cm3. Los filtros son f\u00e1cilmente accesibles desde la parte trasera para un mantenimiento sencillo. El motor gerotor Parker<sup>&reg;<\/sup> TG\u2122 funciona de manera particularmente eficiente. Esto ahorra energ\u00eda y proporciona hasta un 10 % m\u00e1s de potencia del motor a las cuchillas.<\/p>\n<\/p><\/div>\n<div class=\"col-md-6 mb4 image\"  style=\"background-image:url(https:\/\/www.ariens.eu\/es\/wp-content\/uploads\/sites\/19\/2025\/06\/ariens-advantage-500-transaxle.jpg)\">\n                <\/div>\n<\/p><\/div>\n<div class=\"row\">\n<div class=\"col-md-6 mb-4 content\">\n                    <span class=\"d-block h5 text-color-brand mb-1\">Asiento con suspensi\u00f3n neum\u00e1tica<\/span><\/p>\n<p>Presionando un interruptor, puede ajustar la suspensi\u00f3n neum\u00e1tica del asiento Ariens AIR-RIDE exactamente a sus necesidades. Unos aisladores de vibraciones especiales protegen todo el asiento de los impactos verticales. El respaldo extra alto, los reposabrazos ajustables, el acolchado extra grueso y el soporte lumbar integrado ofrecen la m\u00e1xima comodidad.<\/p>\n<\/p><\/div>\n<div class=\"col-md-6 mb4 image\"  style=\"background-image:url(https:\/\/www.ariens.eu\/es\/wp-content\/uploads\/sites\/19\/2025\/06\/ariens-advantage-air-ride-comfort-seat.jpg)\">\n                <\/div>\n<\/p><\/div>\n<div class=\"row\">\n<div class=\"col-md-6 mb-4 content\">\n                    <span class=\"d-block h5 text-color-brand mb-1\">Ruedas delanteras a prueba de pinchazos<\/span><\/p>\n<p>Las grandes ruedas delanteras de 15\u201d y giratorias 360\u00b0 son semi-neum\u00e1ticas. Esto significa que est\u00e1n completamente rellenas de espuma de goma. Por lo tanto, se descartan los neum\u00e1ticos desinflados y la p\u00e9rdida de presi\u00f3n.<\/p>\n<\/p><\/div>\n<div class=\"col-md-6 mb4 image\"  style=\"background-image:url(https:\/\/www.ariens.eu\/es\/wp-content\/uploads\/sites\/19\/2025\/06\/ariens-advantage-puncture-proof-frnot-wheel.jpg)\">\n                <\/div>\n<\/p><\/div>\n<div class=\"row\">\n<div class=\"col-md-6 mb-4 content\">\n                    <span class=\"d-block h5 text-color-brand mb-1\">Ajuste conveniente de la altura de corte<\/span><\/p>\n<p>Una rueda giratoria permite un ajuste f\u00e1cil de la altura entre 2,5 y 13 cm. Pedal con resorte para facilitar el levantamiento de la plataforma de corte.<\/p>\n<\/p><\/div>\n<div class=\"col-md-6 mb4 image\"  style=\"background-image:url(https:\/\/www.ariens.eu\/es\/wp-content\/uploads\/sites\/19\/2025\/06\/ariens-advantage-cutting-height-adjustment.jpg)\">\n                <\/div>\n<\/p><\/div>\n<div class=\"row\">\n<div class=\"col-md-6 mb-4 content\">\n                    <span class=\"d-block h5 text-color-brand mb-1\">Dep\u00f3sito grande de 48 litros<\/span><\/p>\n<p>Rellenar constantemente el dep\u00f3sito cuesta tiempo y energ\u00eda. Por eso todos los modelos ARIENS SUMMIT PRO tienen un dep\u00f3sito extra grande de 48 litros para los largos d\u00edas de trabajo.<\/p>\n<\/p><\/div>\n<div class=\"col-md-6 mb4 image\"  style=\"background-image:url(https:\/\/www.ariens.eu\/es\/wp-content\/uploads\/sites\/19\/2025\/06\/ariens-advantage-large-tank.jpg)\">\n                <\/div>\n<\/p><\/div>\n<div class=\"row\">\n<div class=\"col-md-6 mb-4 content\">\n                    <span class=\"d-block h5 text-color-brand mb-1\">Bastidor tubular completamente soldado<\/span><\/p>\n<p>Una mirada es suficiente para reconocer su estabilidad y resistencia. Los tubos cuadrados grandes est\u00e1n unidos sin costuras para crear un bastidor s\u00f3lido y duradero.<\/p>\n<\/p><\/div>\n<div class=\"col-md-6 mb4 image\"  style=\"background-image:url(https:\/\/www.ariens.eu\/es\/wp-content\/uploads\/sites\/19\/2025\/06\/ariens-advantage-tubular-frame.jpg)\">\n                <\/div>\n<\/p><\/div>\n<\/p><\/div>\n<\/div><\/div>\n<div class='col-lg'>                    <\/div>\n<\/p><\/div>\n<\/div>\n<\/div>\n","protected":false},"excerpt":{"rendered":"<p>El mejor rendimiento en corte de giro cero Para las tareas m\u00e1s grandes, el SUMMIT PRO 572 es el l\u00edder indiscutible. Equipado con una plataforma de corte de 72 pulgadas y un rendimiento de \u00e1rea m\u00e1xima de 38,960 m\u00b2 por hora, redefine la productividad. Esta cortadora de giro cero es una potencia dise\u00f1ada para parques, [&hellip;]<\/p>\n","protected":false},"featured_media":6020,"comment_status":"open","ping_status":"closed","template":"","meta":{"_acf_changed":false,"_relevanssi_hide_post":"","_relevanssi_hide_content":"","_relevanssi_pin_for_all":"","_relevanssi_pin_keywords":"","_relevanssi_unpin_keywords":"","_relevanssi_related_keywords":"","_relevanssi_related_include_ids":"","_relevanssi_related_exclude_ids":"","_relevanssi_related_no_append":"","_relevanssi_related_not_related":"","_relevanssi_related_posts":"","_relevanssi_noindex_reason":""},"product_brand":[],"product_cat":[15],"product_tag":[],"class_list":{"0":"post-6003","1":"product","2":"type-product","3":"status-publish","4":"has-post-thumbnail","6":"product_variant-summit-pro-series","7":"product_usage_areas-janitorial-services","8":"product_usage_areas-municipalities-building-yards","9":"product_usage_areas-service-providers","11":"first","12":"instock","13":"shipping-taxable","14":"product-type-simple"},"acf":[],"yoast_head":"<!-- This site is optimized with the Yoast SEO plugin v27.3 - https:\/\/yoast.com\/product\/yoast-seo-wordpress\/ -->\n<title>Ariens SUMMIT PRO 572 \u2013 Maximum Coverage, Ultimate Commercial Mower<\/title>\n<meta name=\"description\" content=\"Cover more ground with the Ariens SUMMIT PRO 572. This powerhouse zero-turn mower is engineered for extreme area performance and high-endurance jobs.\" \/>\n<meta name=\"robots\" content=\"noindex, follow, max-snippet:-1, max-image-preview:large, max-video-preview:-1\" \/>\n<meta property=\"og:locale\" content=\"es_ES\" \/>\n<meta property=\"og:type\" content=\"article\" \/>\n<meta property=\"og:title\" content=\"Ariens SUMMIT PRO 572 \u2013 Maximum Coverage, Ultimate Commercial Mower\" \/>\n<meta property=\"og:description\" content=\"Cover more ground with the Ariens SUMMIT PRO 572. This powerhouse zero-turn mower is engineered for extreme area performance and high-endurance jobs.\" \/>\n<meta property=\"og:url\" content=\"https:\/\/www.ariens.eu\/es\/producto\/zero-turn-mowers\/summit-pro-series\/summit-pro-572\/\" \/>\n<meta property=\"og:site_name\" content=\"Ariens | EMEAA\" \/>\n<meta property=\"article:modified_time\" content=\"2026-04-14T12:51:35+00:00\" \/>\n<meta property=\"og:image\" content=\"https:\/\/www.ariens.eu\/es\/wp-content\/uploads\/sites\/19\/2025\/06\/ariens-summit-pro-372.png\" \/>\n\t<meta property=\"og:image:width\" content=\"1024\" \/>\n\t<meta property=\"og:image:height\" content=\"720\" \/>\n\t<meta property=\"og:image:type\" content=\"image\/png\" \/>\n<meta name=\"twitter:card\" content=\"summary_large_image\" \/>\n<meta name=\"twitter:label1\" content=\"Tiempo de lectura\" \/>\n\t<meta name=\"twitter:data1\" content=\"3 minutos\" \/>\n<script type=\"application\/ld+json\" class=\"yoast-schema-graph\">{\"@context\":\"https:\\\/\\\/schema.org\",\"@graph\":[{\"@type\":\"WebPage\",\"@id\":\"https:\\\/\\\/www.ariens.eu\\\/es\\\/producto\\\/zero-turn-mowers\\\/summit-pro-series\\\/summit-pro-572\\\/\",\"url\":\"https:\\\/\\\/www.ariens.eu\\\/es\\\/producto\\\/zero-turn-mowers\\\/summit-pro-series\\\/summit-pro-572\\\/\",\"name\":\"Ariens SUMMIT PRO 572 \u2013 Maximum Coverage, Ultimate Commercial Mower\",\"isPartOf\":{\"@id\":\"https:\\\/\\\/www.ariens.eu\\\/es\\\/#website\"},\"primaryImageOfPage\":{\"@id\":\"https:\\\/\\\/www.ariens.eu\\\/es\\\/producto\\\/zero-turn-mowers\\\/summit-pro-series\\\/summit-pro-572\\\/#primaryimage\"},\"image\":{\"@id\":\"https:\\\/\\\/www.ariens.eu\\\/es\\\/producto\\\/zero-turn-mowers\\\/summit-pro-series\\\/summit-pro-572\\\/#primaryimage\"},\"thumbnailUrl\":\"https:\\\/\\\/www.ariens.eu\\\/es\\\/wp-content\\\/uploads\\\/sites\\\/19\\\/2025\\\/06\\\/ariens-summit-pro-372.png\",\"datePublished\":\"2025-06-26T06:37:33+00:00\",\"dateModified\":\"2026-04-14T12:51:35+00:00\",\"description\":\"Cover more ground with the Ariens SUMMIT PRO 572. This powerhouse zero-turn mower is engineered for extreme area performance and high-endurance jobs.\",\"breadcrumb\":{\"@id\":\"https:\\\/\\\/www.ariens.eu\\\/es\\\/producto\\\/zero-turn-mowers\\\/summit-pro-series\\\/summit-pro-572\\\/#breadcrumb\"},\"inLanguage\":\"es\",\"potentialAction\":[{\"@type\":\"ReadAction\",\"target\":[\"https:\\\/\\\/www.ariens.eu\\\/es\\\/producto\\\/zero-turn-mowers\\\/summit-pro-series\\\/summit-pro-572\\\/\"]}]},{\"@type\":\"ImageObject\",\"inLanguage\":\"es\",\"@id\":\"https:\\\/\\\/www.ariens.eu\\\/es\\\/producto\\\/zero-turn-mowers\\\/summit-pro-series\\\/summit-pro-572\\\/#primaryimage\",\"url\":\"https:\\\/\\\/www.ariens.eu\\\/es\\\/wp-content\\\/uploads\\\/sites\\\/19\\\/2025\\\/06\\\/ariens-summit-pro-372.png\",\"contentUrl\":\"https:\\\/\\\/www.ariens.eu\\\/es\\\/wp-content\\\/uploads\\\/sites\\\/19\\\/2025\\\/06\\\/ariens-summit-pro-372.png\",\"width\":1024,\"height\":720,\"caption\":\"Ariens SUMMIT PRO 372, 3d rendering of the model, isolated\"},{\"@type\":\"BreadcrumbList\",\"@id\":\"https:\\\/\\\/www.ariens.eu\\\/es\\\/producto\\\/zero-turn-mowers\\\/summit-pro-series\\\/summit-pro-572\\\/#breadcrumb\",\"itemListElement\":[{\"@type\":\"ListItem\",\"position\":1,\"name\":\"Home\",\"item\":\"https:\\\/\\\/www.ariens.eu\\\/es\\\/\"},{\"@type\":\"ListItem\",\"position\":2,\"name\":\"Shop\",\"item\":\"https:\\\/\\\/www.ariens.eu\\\/es\\\/shop\\\/\"},{\"@type\":\"ListItem\",\"position\":3,\"name\":\"SUMMIT PRO 572\"}]},{\"@type\":\"WebSite\",\"@id\":\"https:\\\/\\\/www.ariens.eu\\\/es\\\/#website\",\"url\":\"https:\\\/\\\/www.ariens.eu\\\/es\\\/\",\"name\":\"Ariens | EMEAA\",\"description\":\"Powerful and reliable zero-turn mowers &amp; snow blowers for professional users and demanding private customers\",\"publisher\":{\"@id\":\"https:\\\/\\\/www.ariens.eu\\\/es\\\/#organization\"},\"potentialAction\":[{\"@type\":\"SearchAction\",\"target\":{\"@type\":\"EntryPoint\",\"urlTemplate\":\"https:\\\/\\\/www.ariens.eu\\\/es\\\/?s={search_term_string}\"},\"query-input\":{\"@type\":\"PropertyValueSpecification\",\"valueRequired\":true,\"valueName\":\"search_term_string\"}}],\"inLanguage\":\"es\"},{\"@type\":\"Organization\",\"@id\":\"https:\\\/\\\/www.ariens.eu\\\/es\\\/#organization\",\"name\":\"AriensCo GmbH\",\"url\":\"https:\\\/\\\/www.ariens.eu\\\/es\\\/\",\"logo\":{\"@type\":\"ImageObject\",\"inLanguage\":\"es\",\"@id\":\"https:\\\/\\\/www.ariens.eu\\\/es\\\/#\\\/schema\\\/logo\\\/image\\\/\",\"url\":\"https:\\\/\\\/www.ariens.eu\\\/wp-content\\\/uploads\\\/2024\\\/11\\\/ariens-co-logo.jpg\",\"contentUrl\":\"https:\\\/\\\/www.ariens.eu\\\/wp-content\\\/uploads\\\/2024\\\/11\\\/ariens-co-logo.jpg\",\"width\":1000,\"height\":1000,\"caption\":\"AriensCo GmbH\"},\"image\":{\"@id\":\"https:\\\/\\\/www.ariens.eu\\\/es\\\/#\\\/schema\\\/logo\\\/image\\\/\"}}]}<\/script>\n<!-- \/ Yoast SEO plugin. -->","yoast_head_json":{"title":"Ariens SUMMIT PRO 572 \u2013 Maximum Coverage, Ultimate Commercial Mower","description":"Cover more ground with the Ariens SUMMIT PRO 572. This powerhouse zero-turn mower is engineered for extreme area performance and high-endurance jobs.","robots":{"index":"noindex","follow":"follow","max-snippet":"max-snippet:-1","max-image-preview":"max-image-preview:large","max-video-preview":"max-video-preview:-1"},"og_locale":"es_ES","og_type":"article","og_title":"Ariens SUMMIT PRO 572 \u2013 Maximum Coverage, Ultimate Commercial Mower","og_description":"Cover more ground with the Ariens SUMMIT PRO 572. This powerhouse zero-turn mower is engineered for extreme area performance and high-endurance jobs.","og_url":"https:\/\/www.ariens.eu\/es\/producto\/zero-turn-mowers\/summit-pro-series\/summit-pro-572\/","og_site_name":"Ariens | EMEAA","article_modified_time":"2026-04-14T12:51:35+00:00","og_image":[{"width":1024,"height":720,"url":"https:\/\/www.ariens.eu\/es\/wp-content\/uploads\/sites\/19\/2025\/06\/ariens-summit-pro-372.png","type":"image\/png"}],"twitter_card":"summary_large_image","twitter_misc":{"Tiempo de lectura":"3 minutos"},"schema":{"@context":"https:\/\/schema.org","@graph":[{"@type":"WebPage","@id":"https:\/\/www.ariens.eu\/es\/producto\/zero-turn-mowers\/summit-pro-series\/summit-pro-572\/","url":"https:\/\/www.ariens.eu\/es\/producto\/zero-turn-mowers\/summit-pro-series\/summit-pro-572\/","name":"Ariens SUMMIT PRO 572 \u2013 Maximum Coverage, Ultimate Commercial Mower","isPartOf":{"@id":"https:\/\/www.ariens.eu\/es\/#website"},"primaryImageOfPage":{"@id":"https:\/\/www.ariens.eu\/es\/producto\/zero-turn-mowers\/summit-pro-series\/summit-pro-572\/#primaryimage"},"image":{"@id":"https:\/\/www.ariens.eu\/es\/producto\/zero-turn-mowers\/summit-pro-series\/summit-pro-572\/#primaryimage"},"thumbnailUrl":"https:\/\/www.ariens.eu\/es\/wp-content\/uploads\/sites\/19\/2025\/06\/ariens-summit-pro-372.png","datePublished":"2025-06-26T06:37:33+00:00","dateModified":"2026-04-14T12:51:35+00:00","description":"Cover more ground with the Ariens SUMMIT PRO 572. This powerhouse zero-turn mower is engineered for extreme area performance and high-endurance jobs.","breadcrumb":{"@id":"https:\/\/www.ariens.eu\/es\/producto\/zero-turn-mowers\/summit-pro-series\/summit-pro-572\/#breadcrumb"},"inLanguage":"es","potentialAction":[{"@type":"ReadAction","target":["https:\/\/www.ariens.eu\/es\/producto\/zero-turn-mowers\/summit-pro-series\/summit-pro-572\/"]}]},{"@type":"ImageObject","inLanguage":"es","@id":"https:\/\/www.ariens.eu\/es\/producto\/zero-turn-mowers\/summit-pro-series\/summit-pro-572\/#primaryimage","url":"https:\/\/www.ariens.eu\/es\/wp-content\/uploads\/sites\/19\/2025\/06\/ariens-summit-pro-372.png","contentUrl":"https:\/\/www.ariens.eu\/es\/wp-content\/uploads\/sites\/19\/2025\/06\/ariens-summit-pro-372.png","width":1024,"height":720,"caption":"Ariens SUMMIT PRO 372, 3d rendering of the model, isolated"},{"@type":"BreadcrumbList","@id":"https:\/\/www.ariens.eu\/es\/producto\/zero-turn-mowers\/summit-pro-series\/summit-pro-572\/#breadcrumb","itemListElement":[{"@type":"ListItem","position":1,"name":"Home","item":"https:\/\/www.ariens.eu\/es\/"},{"@type":"ListItem","position":2,"name":"Shop","item":"https:\/\/www.ariens.eu\/es\/shop\/"},{"@type":"ListItem","position":3,"name":"SUMMIT PRO 572"}]},{"@type":"WebSite","@id":"https:\/\/www.ariens.eu\/es\/#website","url":"https:\/\/www.ariens.eu\/es\/","name":"Ariens | EMEAA","description":"Powerful and reliable zero-turn mowers &amp; snow blowers for professional users and demanding private customers","publisher":{"@id":"https:\/\/www.ariens.eu\/es\/#organization"},"potentialAction":[{"@type":"SearchAction","target":{"@type":"EntryPoint","urlTemplate":"https:\/\/www.ariens.eu\/es\/?s={search_term_string}"},"query-input":{"@type":"PropertyValueSpecification","valueRequired":true,"valueName":"search_term_string"}}],"inLanguage":"es"},{"@type":"Organization","@id":"https:\/\/www.ariens.eu\/es\/#organization","name":"AriensCo GmbH","url":"https:\/\/www.ariens.eu\/es\/","logo":{"@type":"ImageObject","inLanguage":"es","@id":"https:\/\/www.ariens.eu\/es\/#\/schema\/logo\/image\/","url":"https:\/\/www.ariens.eu\/wp-content\/uploads\/2024\/11\/ariens-co-logo.jpg","contentUrl":"https:\/\/www.ariens.eu\/wp-content\/uploads\/2024\/11\/ariens-co-logo.jpg","width":1000,"height":1000,"caption":"AriensCo GmbH"},"image":{"@id":"https:\/\/www.ariens.eu\/es\/#\/schema\/logo\/image\/"}}]}},"_links":{"self":[{"href":"https:\/\/www.ariens.eu\/es\/wp-json\/wp\/v2\/product\/6003","targetHints":{"allow":["GET"]}}],"collection":[{"href":"https:\/\/www.ariens.eu\/es\/wp-json\/wp\/v2\/product"}],"about":[{"href":"https:\/\/www.ariens.eu\/es\/wp-json\/wp\/v2\/types\/product"}],"replies":[{"embeddable":true,"href":"https:\/\/www.ariens.eu\/es\/wp-json\/wp\/v2\/comments?post=6003"}],"wp:featuredmedia":[{"embeddable":true,"href":"https:\/\/www.ariens.eu\/es\/wp-json\/wp\/v2\/media\/6020"}],"wp:attachment":[{"href":"https:\/\/www.ariens.eu\/es\/wp-json\/wp\/v2\/media?parent=6003"}],"wp:term":[{"taxonomy":"product_brand","embeddable":true,"href":"https:\/\/www.ariens.eu\/es\/wp-json\/wp\/v2\/product_brand?post=6003"},{"taxonomy":"product_cat","embeddable":true,"href":"https:\/\/www.ariens.eu\/es\/wp-json\/wp\/v2\/product_cat?post=6003"},{"taxonomy":"product_tag","embeddable":true,"href":"https:\/\/www.ariens.eu\/es\/wp-json\/wp\/v2\/product_tag?post=6003"}],"curies":[{"name":"wp","href":"https:\/\/api.w.org\/{rel}","templated":true}]}}