{"id":18,"date":"2024-03-22T14:08:22","date_gmt":"2024-03-22T14:08:22","guid":{"rendered":"https:\/\/www.ariens.eu\/?page_id=18"},"modified":"2026-03-03T09:58:08","modified_gmt":"2026-03-03T09:58:08","slug":"home","status":"publish","type":"page","link":"https:\/\/www.ariens.eu\/fr\/","title":{"rendered":"Home"},"content":{"rendered":"","protected":false},"excerpt":{"rendered":"","protected":false},"author":3,"featured_media":4984,"parent":0,"menu_order":0,"comment_status":"closed","ping_status":"closed","template":"","meta":{"_acf_changed":false,"_relevanssi_hide_post":"","_relevanssi_hide_content":"","_relevanssi_pin_for_all":"","_relevanssi_pin_keywords":"","_relevanssi_unpin_keywords":"","_relevanssi_related_keywords":"","_relevanssi_related_include_ids":"","_relevanssi_related_exclude_ids":"","_relevanssi_related_no_append":"","_relevanssi_related_not_related":"","_relevanssi_related_posts":"","_relevanssi_noindex_reason":"","footnotes":""},"class_list":["post-18","page","type-page","status-publish","has-post-thumbnail","hentry"],"acf":[],"yoast_head":"<!-- This site is optimized with the Yoast SEO plugin v27.3 - https:\/\/yoast.com\/product\/yoast-seo-wordpress\/ -->\n<title>Ariens Europe | Tondeuses \u00e0 rayon de braquage z\u00e9ro et fraise \u00e0 neige pour toutes les saisons<\/title>\n<meta name=\"description\" content=\"D\u00e9couvrez les tondeuses \u00e0 rayon de braquage z\u00e9ro Ariens et les fraise \u00e0 neige King of Snow\u00ae. Con\u00e7ues pour la vitesse, la fiabilit\u00e9 et des performances tout au long de l&#039;ann\u00e9e. R\u00e9servez une d\u00e9monstration ou trouvez votre revendeur d\u00e8s aujourd&#039;hui.\" \/>\n<meta name=\"robots\" content=\"index, follow, max-snippet:-1, max-image-preview:large, max-video-preview:-1\" \/>\n<link rel=\"canonical\" href=\"https:\/\/www.ariens.eu\/fr\/\" \/>\n<meta property=\"og:locale\" content=\"fr_FR\" \/>\n<meta property=\"og:type\" content=\"article\" \/>\n<meta property=\"og:title\" content=\"Ariens Europe | Tondeuses \u00e0 rayon de braquage z\u00e9ro et fraise \u00e0 neige pour toutes les saisons\" \/>\n<meta property=\"og:description\" content=\"D\u00e9couvrez les tondeuses \u00e0 rayon de braquage z\u00e9ro Ariens et les fraise \u00e0 neige King of Snow\u00ae. Con\u00e7ues pour la vitesse, la fiabilit\u00e9 et des performances tout au long de l&#039;ann\u00e9e. R\u00e9servez une d\u00e9monstration ou trouvez votre revendeur d\u00e8s aujourd&#039;hui.\" \/>\n<meta property=\"og:url\" content=\"https:\/\/www.ariens.eu\/fr\/\" \/>\n<meta property=\"og:site_name\" content=\"Ariens | EMEAA\" \/>\n<meta property=\"article:modified_time\" content=\"2026-03-03T09:58:08+00:00\" \/>\n<meta property=\"og:image\" content=\"https:\/\/www.ariens.eu\/fr\/wp-content\/uploads\/sites\/4\/2025\/12\/AriensCo-EMEAA-factory-work-wear-4.jpg\" \/>\n\t<meta property=\"og:image:width\" content=\"1080\" \/>\n\t<meta property=\"og:image:height\" content=\"1350\" \/>\n\t<meta property=\"og:image:type\" content=\"image\/jpeg\" \/>\n<meta name=\"twitter:card\" content=\"summary_large_image\" \/>\n<meta name=\"twitter:title\" content=\"Ariens Europe | Tondeuses \u00e0 rayon de braquage z\u00e9ro et fraise \u00e0 neige pour toutes les saisons\" \/>\n<meta name=\"twitter:description\" content=\"D\u00e9couvrez les tondeuses \u00e0 rayon de braquage z\u00e9ro Ariens et les fraise \u00e0 neige King of Snow\u00ae. Con\u00e7ues pour la vitesse, la fiabilit\u00e9 et des performances tout au long de l&#039;ann\u00e9e. R\u00e9servez une d\u00e9monstration ou trouvez votre revendeur d\u00e8s aujourd&#039;hui.\" \/>\n<meta name=\"twitter:image\" content=\"https:\/\/www.ariens.eu\/fr\/wp-content\/uploads\/sites\/4\/2025\/12\/AriensCo-EMEAA-factory-work-wear-4.jpg\" \/>\n<meta name=\"twitter:label1\" content=\"Dur\u00e9e de lecture estim\u00e9e\" \/>\n\t<meta name=\"twitter:data1\" content=\"1 minute\" \/>\n<script type=\"application\/ld+json\" class=\"yoast-schema-graph\">{\"@context\":\"https:\\\/\\\/schema.org\",\"@graph\":[{\"@type\":\"WebPage\",\"@id\":\"https:\\\/\\\/www.ariens.eu\\\/fr\\\/\",\"url\":\"https:\\\/\\\/www.ariens.eu\\\/fr\\\/\",\"name\":\"Ariens Europe | Tondeuses \u00e0 rayon de braquage z\u00e9ro et fraise \u00e0 neige pour toutes les saisons\",\"isPartOf\":{\"@id\":\"https:\\\/\\\/www.ariens.eu\\\/fr\\\/#website\"},\"primaryImageOfPage\":{\"@id\":\"https:\\\/\\\/www.ariens.eu\\\/fr\\\/#primaryimage\"},\"image\":{\"@id\":\"https:\\\/\\\/www.ariens.eu\\\/fr\\\/#primaryimage\"},\"thumbnailUrl\":\"https:\\\/\\\/www.ariens.eu\\\/fr\\\/wp-content\\\/uploads\\\/sites\\\/4\\\/2025\\\/09\\\/og-image-ariens-brand.jpg\",\"datePublished\":\"2024-03-22T14:08:22+00:00\",\"dateModified\":\"2026-03-03T09:58:08+00:00\",\"description\":\"D\u00e9couvrez les tondeuses \u00e0 rayon de braquage z\u00e9ro Ariens et les fraise \u00e0 neige King of Snow\u00ae. Con\u00e7ues pour la vitesse, la fiabilit\u00e9 et des performances tout au long de l'ann\u00e9e. R\u00e9servez une d\u00e9monstration ou trouvez votre revendeur d\u00e8s aujourd'hui.\",\"breadcrumb\":{\"@id\":\"https:\\\/\\\/www.ariens.eu\\\/fr\\\/#breadcrumb\"},\"inLanguage\":\"fr-FR\",\"potentialAction\":[{\"@type\":\"ReadAction\",\"target\":[\"https:\\\/\\\/www.ariens.eu\\\/fr\\\/\"]}]},{\"@type\":\"ImageObject\",\"inLanguage\":\"fr-FR\",\"@id\":\"https:\\\/\\\/www.ariens.eu\\\/fr\\\/#primaryimage\",\"url\":\"https:\\\/\\\/www.ariens.eu\\\/fr\\\/wp-content\\\/uploads\\\/sites\\\/4\\\/2025\\\/09\\\/og-image-ariens-brand.jpg\",\"contentUrl\":\"https:\\\/\\\/www.ariens.eu\\\/fr\\\/wp-content\\\/uploads\\\/sites\\\/4\\\/2025\\\/09\\\/og-image-ariens-brand.jpg\",\"width\":1200,\"height\":630,\"caption\":\"Ariens outdoor power equipment\"},{\"@type\":\"BreadcrumbList\",\"@id\":\"https:\\\/\\\/www.ariens.eu\\\/fr\\\/#breadcrumb\",\"itemListElement\":[{\"@type\":\"ListItem\",\"position\":1,\"name\":\"Home\",\"item\":\"https:\\\/\\\/www.ariens.eu\\\/fr\\\/\"},{\"@type\":\"ListItem\",\"position\":2,\"name\":\"Home\"}]},{\"@type\":\"WebSite\",\"@id\":\"https:\\\/\\\/www.ariens.eu\\\/fr\\\/#website\",\"url\":\"https:\\\/\\\/www.ariens.eu\\\/fr\\\/\",\"name\":\"Ariens | EMEAA\",\"description\":\"Powerful and reliable zero-turn mowers &amp; snow blowers for professional users and demanding private customers\",\"potentialAction\":[{\"@type\":\"SearchAction\",\"target\":{\"@type\":\"EntryPoint\",\"urlTemplate\":\"https:\\\/\\\/www.ariens.eu\\\/fr\\\/?s={search_term_string}\"},\"query-input\":{\"@type\":\"PropertyValueSpecification\",\"valueRequired\":true,\"valueName\":\"search_term_string\"}}],\"inLanguage\":\"fr-FR\"}]}<\/script>\n<!-- \/ Yoast SEO plugin. -->","yoast_head_json":{"title":"Ariens Europe | Tondeuses \u00e0 rayon de braquage z\u00e9ro et fraise \u00e0 neige pour toutes les saisons","description":"D\u00e9couvrez les tondeuses \u00e0 rayon de braquage z\u00e9ro Ariens et les fraise \u00e0 neige King of Snow\u00ae. Con\u00e7ues pour la vitesse, la fiabilit\u00e9 et des performances tout au long de l'ann\u00e9e. R\u00e9servez une d\u00e9monstration ou trouvez votre revendeur d\u00e8s aujourd'hui.","robots":{"index":"index","follow":"follow","max-snippet":"max-snippet:-1","max-image-preview":"max-image-preview:large","max-video-preview":"max-video-preview:-1"},"canonical":"https:\/\/www.ariens.eu\/fr\/","og_locale":"fr_FR","og_type":"article","og_title":"Ariens Europe | Tondeuses \u00e0 rayon de braquage z\u00e9ro et fraise \u00e0 neige pour toutes les saisons","og_description":"D\u00e9couvrez les tondeuses \u00e0 rayon de braquage z\u00e9ro Ariens et les fraise \u00e0 neige King of Snow\u00ae. Con\u00e7ues pour la vitesse, la fiabilit\u00e9 et des performances tout au long de l'ann\u00e9e. R\u00e9servez une d\u00e9monstration ou trouvez votre revendeur d\u00e8s aujourd'hui.","og_url":"https:\/\/www.ariens.eu\/fr\/","og_site_name":"Ariens | EMEAA","article_modified_time":"2026-03-03T09:58:08+00:00","og_image":[{"width":1080,"height":1350,"url":"https:\/\/www.ariens.eu\/fr\/wp-content\/uploads\/sites\/4\/2025\/12\/AriensCo-EMEAA-factory-work-wear-4.jpg","type":"image\/jpeg"}],"twitter_card":"summary_large_image","twitter_title":"Ariens Europe | Tondeuses \u00e0 rayon de braquage z\u00e9ro et fraise \u00e0 neige pour toutes les saisons","twitter_description":"D\u00e9couvrez les tondeuses \u00e0 rayon de braquage z\u00e9ro Ariens et les fraise \u00e0 neige King of Snow\u00ae. Con\u00e7ues pour la vitesse, la fiabilit\u00e9 et des performances tout au long de l'ann\u00e9e. R\u00e9servez une d\u00e9monstration ou trouvez votre revendeur d\u00e8s aujourd'hui.","twitter_image":"https:\/\/www.ariens.eu\/fr\/wp-content\/uploads\/sites\/4\/2025\/12\/AriensCo-EMEAA-factory-work-wear-4.jpg","twitter_misc":{"Dur\u00e9e de lecture estim\u00e9e":"1 minute"},"schema":{"@context":"https:\/\/schema.org","@graph":[{"@type":"WebPage","@id":"https:\/\/www.ariens.eu\/fr\/","url":"https:\/\/www.ariens.eu\/fr\/","name":"Ariens Europe | Tondeuses \u00e0 rayon de braquage z\u00e9ro et fraise \u00e0 neige pour toutes les saisons","isPartOf":{"@id":"https:\/\/www.ariens.eu\/fr\/#website"},"primaryImageOfPage":{"@id":"https:\/\/www.ariens.eu\/fr\/#primaryimage"},"image":{"@id":"https:\/\/www.ariens.eu\/fr\/#primaryimage"},"thumbnailUrl":"https:\/\/www.ariens.eu\/fr\/wp-content\/uploads\/sites\/4\/2025\/09\/og-image-ariens-brand.jpg","datePublished":"2024-03-22T14:08:22+00:00","dateModified":"2026-03-03T09:58:08+00:00","description":"D\u00e9couvrez les tondeuses \u00e0 rayon de braquage z\u00e9ro Ariens et les fraise \u00e0 neige King of Snow\u00ae. Con\u00e7ues pour la vitesse, la fiabilit\u00e9 et des performances tout au long de l'ann\u00e9e. R\u00e9servez une d\u00e9monstration ou trouvez votre revendeur d\u00e8s aujourd'hui.","breadcrumb":{"@id":"https:\/\/www.ariens.eu\/fr\/#breadcrumb"},"inLanguage":"fr-FR","potentialAction":[{"@type":"ReadAction","target":["https:\/\/www.ariens.eu\/fr\/"]}]},{"@type":"ImageObject","inLanguage":"fr-FR","@id":"https:\/\/www.ariens.eu\/fr\/#primaryimage","url":"https:\/\/www.ariens.eu\/fr\/wp-content\/uploads\/sites\/4\/2025\/09\/og-image-ariens-brand.jpg","contentUrl":"https:\/\/www.ariens.eu\/fr\/wp-content\/uploads\/sites\/4\/2025\/09\/og-image-ariens-brand.jpg","width":1200,"height":630,"caption":"Ariens outdoor power equipment"},{"@type":"BreadcrumbList","@id":"https:\/\/www.ariens.eu\/fr\/#breadcrumb","itemListElement":[{"@type":"ListItem","position":1,"name":"Home","item":"https:\/\/www.ariens.eu\/fr\/"},{"@type":"ListItem","position":2,"name":"Home"}]},{"@type":"WebSite","@id":"https:\/\/www.ariens.eu\/fr\/#website","url":"https:\/\/www.ariens.eu\/fr\/","name":"Ariens | EMEAA","description":"Powerful and reliable zero-turn mowers &amp; snow blowers for professional users and demanding private customers","potentialAction":[{"@type":"SearchAction","target":{"@type":"EntryPoint","urlTemplate":"https:\/\/www.ariens.eu\/fr\/?s={search_term_string}"},"query-input":{"@type":"PropertyValueSpecification","valueRequired":true,"valueName":"search_term_string"}}],"inLanguage":"fr-FR"}]}},"_links":{"self":[{"href":"https:\/\/www.ariens.eu\/fr\/wp-json\/wp\/v2\/pages\/18","targetHints":{"allow":["GET"]}}],"collection":[{"href":"https:\/\/www.ariens.eu\/fr\/wp-json\/wp\/v2\/pages"}],"about":[{"href":"https:\/\/www.ariens.eu\/fr\/wp-json\/wp\/v2\/types\/page"}],"author":[{"embeddable":true,"href":"https:\/\/www.ariens.eu\/fr\/wp-json\/wp\/v2\/users\/3"}],"replies":[{"embeddable":true,"href":"https:\/\/www.ariens.eu\/fr\/wp-json\/wp\/v2\/comments?post=18"}],"version-history":[{"count":8,"href":"https:\/\/www.ariens.eu\/fr\/wp-json\/wp\/v2\/pages\/18\/revisions"}],"predecessor-version":[{"id":5304,"href":"https:\/\/www.ariens.eu\/fr\/wp-json\/wp\/v2\/pages\/18\/revisions\/5304"}],"wp:featuredmedia":[{"embeddable":true,"href":"https:\/\/www.ariens.eu\/fr\/wp-json\/wp\/v2\/media\/4984"}],"wp:attachment":[{"href":"https:\/\/www.ariens.eu\/fr\/wp-json\/wp\/v2\/media?parent=18"}],"curies":[{"name":"wp","href":"https:\/\/api.w.org\/{rel}","templated":true}]}}